{"id":2,"date":"2024-06-17T15:57:38","date_gmt":"2024-06-17T13:57:38","guid":{"rendered":"https:\/\/kirkensbymisjon.no\/tilbud-gatesosionomen\/?page_id=2"},"modified":"2024-08-22T08:50:37","modified_gmt":"2024-08-22T06:50:37","slug":"testside","status":"publish","type":"page","link":"https:\/\/kirkensbymisjon.no\/tilbud-gatesosionomen\/","title":{"rendered":"Forside"},"content":{"rendered":"\n<p>Gatesosionomen er et gratis tilbud til alle&nbsp;som opplever digitalt utenforskap og \u00f8nsker \u00e5 benytte seg av offentlige tjenester. &nbsp;<\/p>\n\n\n\n<p>Tilbudet drives av ansatte, frivillige og sosialfaglige studenter. Vi&nbsp;bist\u00e5r mennesker som trenger hjelp, og gj\u00f8r de bedre rustet til \u00e5 hjelpe seg selv.<\/p>\n\n\n\n<h2 class=\"wp-block-heading\" id=\"h-slik-jobber-vi\">Slik jobber vi:<\/h2>\n\n\n\n<ul class=\"wp-block-list\">\n<li>Vi har stort fokus p\u00e5 \u00e5 sikre kvalitet i tjenesten som gis.<\/li>\n\n\n\n<li>Vi har taushetsplikt som skal sikre at sensitiv informasjon ikke kommer ut.<\/li>\n\n\n\n<li>Vi mener at alle mennesker skal oppleve&nbsp;respekt, rettferdighet og omsorg.<\/li>\n\n\n\n<li>Vi er ikke en offentlig tjeneste.&nbsp;Vi kan ikke bestemme eller gi ytelser.<\/li>\n<\/ul>\n\n\n\n<h2 class=\"wp-block-heading\" id=\"h-vi-kan-bista-med\">Vi kan bist\u00e5 med:<\/h2>\n\n\n\n<ul class=\"wp-block-list\">\n<li>R\u00e5d og veiledning knyttet til \u00f8konomi, arbeid, utdanning og sosiale forhold.<\/li>\n\n\n\n<li>Bist\u00e5 deltaker i \u00e5 s\u00f8ke offentlige ytelser, skrive CV og jobbs\u00f8knad.<\/li>\n\n\n\n<li>Digital veiledning (hjelp i nettbank, digitale portaler).<\/li>\n\n\n\n<li>V\u00e6re med som st\u00f8tteperson til ulike offentlige instanser.<\/li>\n\n\n\n<li>Delta og lede m\u00f8ter med brukere og samarbeidspartnere.<\/li>\n<\/ul>\n","protected":false},"excerpt":{"rendered":"<p>Gatesosionomen er et gratis tilbud til alle&nbsp;som opplever digitalt utenforskap og \u00f8nsker \u00e5 benytte seg&hellip;<\/p>\n","protected":false},"author":1,"featured_media":10,"parent":0,"menu_order":0,"comment_status":"closed","ping_status":"open","template":"","meta":{"_relevanssi_hide_post":"","_relevanssi_hide_content":"","_relevanssi_pin_for_all":"","_relevanssi_pin_keywords":"","_relevanssi_unpin_keywords":"","_relevanssi_related_keywords":"","_relevanssi_related_include_ids":"","_relevanssi_related_exclude_ids":"","_relevanssi_related_no_append":"","_relevanssi_related_not_related":"","_relevanssi_related_posts":"1","_relevanssi_noindex_reason":"","editor_notices":[],"footnotes":""},"class_list":["post-2","page","type-page","status-publish","has-post-thumbnail","hentry"],"yoast_head":"<!-- This site is optimized with the Yoast SEO Premium plugin v27.2 (Yoast SEO v27.4) - https:\/\/yoast.com\/product\/yoast-seo-premium-wordpress\/ -->\n<title>Kirkens Bymisjon - Gatesosionomen<\/title>\n<meta name=\"description\" content=\"https:\/\/kirkensbymisjon.no\/tilbud-gatesosionomen\/wp-admin\/post.php?post=2&amp;action=edit\" \/>\n<meta name=\"robots\" content=\"index, follow, max-snippet:-1, max-image-preview:large, max-video-preview:-1\" \/>\n<link rel=\"canonical\" href=\"https:\/\/kirkensbymisjon.no\/tilbud-gatesosionomen\/\" \/>\n<meta property=\"og:locale\" content=\"nb_NO\" \/>\n<meta property=\"og:type\" content=\"article\" \/>\n<meta property=\"og:title\" content=\"Kirkens Bymisjon - Gatesosionomen\" \/>\n<meta property=\"og:description\" content=\"Vi bist\u00e5r mennesker i m\u00f8te med offentlige tjenester\" \/>\n<meta property=\"og:url\" content=\"https:\/\/kirkensbymisjon.no\/tilbud-gatesosionomen\/\" \/>\n<meta property=\"og:site_name\" content=\"Gatesosionomen\" \/>\n<meta property=\"article:modified_time\" content=\"2024-08-22T06:50:37+00:00\" \/>\n<meta property=\"og:image\" content=\"https:\/\/kirkensbymisjon.no\/content\/uploads\/sites\/27\/2024\/06\/Tilbud_Gatesosionomen_01.jpg\" \/>\n\t<meta property=\"og:image:width\" content=\"1134\" \/>\n\t<meta property=\"og:image:height\" content=\"773\" \/>\n\t<meta property=\"og:image:type\" content=\"image\/jpeg\" \/>\n<meta name=\"twitter:card\" content=\"summary_large_image\" \/>\n<meta name=\"twitter:title\" content=\"Forside\" \/>\n<meta name=\"twitter:label1\" content=\"Ansl. lesetid\" \/>\n\t<meta name=\"twitter:data1\" content=\"1 minutt\" \/>\n<script type=\"application\/ld+json\" class=\"yoast-schema-graph\">{\"@context\":\"https:\\\/\\\/schema.org\",\"@graph\":[{\"@type\":\"WebPage\",\"@id\":\"https:\\\/\\\/kirkensbymisjon.no\\\/tilbud-gatesosionomen\\\/\",\"url\":\"https:\\\/\\\/kirkensbymisjon.no\\\/tilbud-gatesosionomen\\\/\",\"name\":\"Kirkens Bymisjon - Gatesosionomen\",\"isPartOf\":{\"@id\":\"https:\\\/\\\/kirkensbymisjon.no\\\/tilbud-gatesosionomen\\\/#website\"},\"primaryImageOfPage\":{\"@id\":\"https:\\\/\\\/kirkensbymisjon.no\\\/tilbud-gatesosionomen\\\/#primaryimage\"},\"image\":{\"@id\":\"https:\\\/\\\/kirkensbymisjon.no\\\/tilbud-gatesosionomen\\\/#primaryimage\"},\"thumbnailUrl\":\"https:\\\/\\\/kirkensbymisjon.no\\\/content\\\/uploads\\\/sites\\\/27\\\/2024\\\/06\\\/Tilbud_Gatesosionomen_01.jpg\",\"datePublished\":\"2024-06-17T13:57:38+00:00\",\"dateModified\":\"2024-08-22T06:50:37+00:00\",\"description\":\"https:\\\/\\\/kirkensbymisjon.no\\\/tilbud-gatesosionomen\\\/wp-admin\\\/post.php?post=2&action=edit\",\"breadcrumb\":{\"@id\":\"https:\\\/\\\/kirkensbymisjon.no\\\/tilbud-gatesosionomen\\\/#breadcrumb\"},\"inLanguage\":\"nb-NO\",\"potentialAction\":[{\"@type\":\"ReadAction\",\"target\":[\"https:\\\/\\\/kirkensbymisjon.no\\\/tilbud-gatesosionomen\\\/\"]}]},{\"@type\":\"ImageObject\",\"inLanguage\":\"nb-NO\",\"@id\":\"https:\\\/\\\/kirkensbymisjon.no\\\/tilbud-gatesosionomen\\\/#primaryimage\",\"url\":\"https:\\\/\\\/kirkensbymisjon.no\\\/content\\\/uploads\\\/sites\\\/27\\\/2024\\\/06\\\/Tilbud_Gatesosionomen_01.jpg\",\"contentUrl\":\"https:\\\/\\\/kirkensbymisjon.no\\\/content\\\/uploads\\\/sites\\\/27\\\/2024\\\/06\\\/Tilbud_Gatesosionomen_01.jpg\",\"width\":1134,\"height\":773,\"caption\":\"Veggmaleri i gatebildet\"},{\"@type\":\"BreadcrumbList\",\"@id\":\"https:\\\/\\\/kirkensbymisjon.no\\\/tilbud-gatesosionomen\\\/#breadcrumb\",\"itemListElement\":[{\"@type\":\"ListItem\",\"position\":1,\"name\":\"Hjem\",\"item\":\"https:\\\/\\\/kirkensbymisjon.no\\\/tilbud-gatesosionomen\\\/\"},{\"@type\":\"ListItem\",\"position\":2,\"name\":\"Forside\"}]},{\"@type\":\"WebSite\",\"@id\":\"https:\\\/\\\/kirkensbymisjon.no\\\/tilbud-gatesosionomen\\\/#website\",\"url\":\"https:\\\/\\\/kirkensbymisjon.no\\\/tilbud-gatesosionomen\\\/\",\"name\":\"Gatesosionomen\",\"description\":\"\",\"potentialAction\":[{\"@type\":\"SearchAction\",\"target\":{\"@type\":\"EntryPoint\",\"urlTemplate\":\"https:\\\/\\\/kirkensbymisjon.no\\\/tilbud-gatesosionomen\\\/?s={search_term_string}\"},\"query-input\":{\"@type\":\"PropertyValueSpecification\",\"valueRequired\":true,\"valueName\":\"search_term_string\"}}],\"inLanguage\":\"nb-NO\"}]}<\/script>\n<!-- \/ Yoast SEO Premium plugin. -->","yoast_head_json":{"title":"Kirkens Bymisjon - Gatesosionomen","description":"https:\/\/kirkensbymisjon.no\/tilbud-gatesosionomen\/wp-admin\/post.php?post=2&action=edit","robots":{"index":"index","follow":"follow","max-snippet":"max-snippet:-1","max-image-preview":"max-image-preview:large","max-video-preview":"max-video-preview:-1"},"canonical":"https:\/\/kirkensbymisjon.no\/tilbud-gatesosionomen\/","og_locale":"nb_NO","og_type":"article","og_title":"Kirkens Bymisjon - Gatesosionomen","og_description":"Vi bist\u00e5r mennesker i m\u00f8te med offentlige tjenester","og_url":"https:\/\/kirkensbymisjon.no\/tilbud-gatesosionomen\/","og_site_name":"Gatesosionomen","article_modified_time":"2024-08-22T06:50:37+00:00","og_image":[{"width":1134,"height":773,"url":"https:\/\/kirkensbymisjon.no\/content\/uploads\/sites\/27\/2024\/06\/Tilbud_Gatesosionomen_01.jpg","type":"image\/jpeg"}],"twitter_card":"summary_large_image","twitter_title":"Forside","twitter_misc":{"Ansl. lesetid":"1 minutt"},"schema":{"@context":"https:\/\/schema.org","@graph":[{"@type":"WebPage","@id":"https:\/\/kirkensbymisjon.no\/tilbud-gatesosionomen\/","url":"https:\/\/kirkensbymisjon.no\/tilbud-gatesosionomen\/","name":"Kirkens Bymisjon - Gatesosionomen","isPartOf":{"@id":"https:\/\/kirkensbymisjon.no\/tilbud-gatesosionomen\/#website"},"primaryImageOfPage":{"@id":"https:\/\/kirkensbymisjon.no\/tilbud-gatesosionomen\/#primaryimage"},"image":{"@id":"https:\/\/kirkensbymisjon.no\/tilbud-gatesosionomen\/#primaryimage"},"thumbnailUrl":"https:\/\/kirkensbymisjon.no\/content\/uploads\/sites\/27\/2024\/06\/Tilbud_Gatesosionomen_01.jpg","datePublished":"2024-06-17T13:57:38+00:00","dateModified":"2024-08-22T06:50:37+00:00","description":"https:\/\/kirkensbymisjon.no\/tilbud-gatesosionomen\/wp-admin\/post.php?post=2&action=edit","breadcrumb":{"@id":"https:\/\/kirkensbymisjon.no\/tilbud-gatesosionomen\/#breadcrumb"},"inLanguage":"nb-NO","potentialAction":[{"@type":"ReadAction","target":["https:\/\/kirkensbymisjon.no\/tilbud-gatesosionomen\/"]}]},{"@type":"ImageObject","inLanguage":"nb-NO","@id":"https:\/\/kirkensbymisjon.no\/tilbud-gatesosionomen\/#primaryimage","url":"https:\/\/kirkensbymisjon.no\/content\/uploads\/sites\/27\/2024\/06\/Tilbud_Gatesosionomen_01.jpg","contentUrl":"https:\/\/kirkensbymisjon.no\/content\/uploads\/sites\/27\/2024\/06\/Tilbud_Gatesosionomen_01.jpg","width":1134,"height":773,"caption":"Veggmaleri i gatebildet"},{"@type":"BreadcrumbList","@id":"https:\/\/kirkensbymisjon.no\/tilbud-gatesosionomen\/#breadcrumb","itemListElement":[{"@type":"ListItem","position":1,"name":"Hjem","item":"https:\/\/kirkensbymisjon.no\/tilbud-gatesosionomen\/"},{"@type":"ListItem","position":2,"name":"Forside"}]},{"@type":"WebSite","@id":"https:\/\/kirkensbymisjon.no\/tilbud-gatesosionomen\/#website","url":"https:\/\/kirkensbymisjon.no\/tilbud-gatesosionomen\/","name":"Gatesosionomen","description":"","potentialAction":[{"@type":"SearchAction","target":{"@type":"EntryPoint","urlTemplate":"https:\/\/kirkensbymisjon.no\/tilbud-gatesosionomen\/?s={search_term_string}"},"query-input":{"@type":"PropertyValueSpecification","valueRequired":true,"valueName":"search_term_string"}}],"inLanguage":"nb-NO"}]}},"_links":{"self":[{"href":"https:\/\/kirkensbymisjon.no\/tilbud-gatesosionomen\/wp-json\/wp\/v2\/pages\/2","targetHints":{"allow":["GET"]}}],"collection":[{"href":"https:\/\/kirkensbymisjon.no\/tilbud-gatesosionomen\/wp-json\/wp\/v2\/pages"}],"about":[{"href":"https:\/\/kirkensbymisjon.no\/tilbud-gatesosionomen\/wp-json\/wp\/v2\/types\/page"}],"author":[{"embeddable":true,"href":"https:\/\/kirkensbymisjon.no\/tilbud-gatesosionomen\/wp-json\/wp\/v2\/users\/1"}],"replies":[{"embeddable":true,"href":"https:\/\/kirkensbymisjon.no\/tilbud-gatesosionomen\/wp-json\/wp\/v2\/comments?post=2"}],"version-history":[{"count":5,"href":"https:\/\/kirkensbymisjon.no\/tilbud-gatesosionomen\/wp-json\/wp\/v2\/pages\/2\/revisions"}],"predecessor-version":[{"id":25,"href":"https:\/\/kirkensbymisjon.no\/tilbud-gatesosionomen\/wp-json\/wp\/v2\/pages\/2\/revisions\/25"}],"wp:featuredmedia":[{"embeddable":true,"href":"https:\/\/kirkensbymisjon.no\/tilbud-gatesosionomen\/wp-json\/wp\/v2\/media\/10"}],"wp:attachment":[{"href":"https:\/\/kirkensbymisjon.no\/tilbud-gatesosionomen\/wp-json\/wp\/v2\/media?parent=2"}],"curies":[{"name":"wp","href":"https:\/\/api.w.org\/{rel}","templated":true}]}}