{"id":13,"date":"2024-07-24T12:05:53","date_gmt":"2024-07-24T10:05:53","guid":{"rendered":"https:\/\/kirkensbymisjon.no\/tilbud-generasjonsmoter\/?page_id=13"},"modified":"2024-11-29T11:49:04","modified_gmt":"2024-11-29T10:49:04","slug":"bli-deltaker","status":"publish","type":"page","link":"https:\/\/kirkensbymisjon.no\/tilbud-generasjonsmoter\/bli-deltaker\/","title":{"rendered":"Bli deltaker"},"content":{"rendered":"\n<h2 class=\"wp-block-heading\" id=\"h-bli-deltaker-i-generasjonsmoter\">Bli deltaker i Generasjonsm\u00f8ter<\/h2>\n\n\n\n<p>V\u00e5rt samfunn trenger at flere m\u00f8tes, og Kirkens Bymisjon legger til rette for slike m\u00f8ter. Som deltaker i \u00abGenerasjonsm\u00f8ter\u00bb kan enda flere ta del i et godt fellesskap og bidra i sitt n\u00e6rmilj\u00f8.<\/p>\n\n\n\n<p>Det er behov for deltakere til \u00abGenerasjonsm\u00f8ter\u00bb flere steder. P\u00e5 denne siden kan du lese mer om hva deltakelsen inneb\u00e6rer.<\/p>\n\n\n\n<h3 class=\"wp-block-heading\" id=\"h-for-unge\">For unge<\/h3>\n\n\n\n<p><em>Er du ung med behov for voksenkontakt?<\/em><\/p>\n\n\n\n<p>Da burde du sjekke ut Kirkens Bymisjons \u00abGenerasjonsm\u00f8ter\u00bb \u2013 et tilbud der du kan m\u00f8te eldre med tid og mulighet til \u00e5 dele av sin kunnskap, erfaring og tid til \u00e5 hjelpe deg til en bedre hverdag.<\/p>\n\n\n\n<p>I \u00abGenerasjonsm\u00f8ter\u00bb kan du m\u00f8te trygge voksne og f\u00e5 hjelp, st\u00f8tte og kunnskap gjennom leksehjelp, gode m\u00e5ltider, spillkvelder og andre meningsfulle aktiviteter.<\/p>\n\n\n\n<p>I m\u00f8tene bidrar du ogs\u00e5 med din kunnskap til de eldre, da et generasjonsm\u00f8te skaper glede gjennom gjensidig frivillighet. Eksempler p\u00e5 dette kan v\u00e6re at du deler kunnskap om ny teknologi, deler erfaringer fra ditt eget liv eller hjelper til med \u00e5 arrangere middager p\u00e5 seniorsentre. Fra de eldre f\u00e5r du innblikk i spr\u00e5k, historie og norske kulturtradisjoner og deres erfaringer.<\/p>\n\n\n\n<p>Har du lyst til \u00e5 finne ut mer, komme innom for en prat og kanskje bli litt bedre kjent? <a href=\"https:\/\/kirkensbymisjon.no\/tilbud-generasjonsmoter\/vare-aktiviteter\">Ta kontakt<\/a> med oss for \u00e5 h\u00f8re mer!<\/p>\n\n\n\n<h3 class=\"wp-block-heading\" id=\"h-for-eldre\">For eldre<\/h3>\n\n\n\n<p><em>Har du lyst til \u00e5 hjelpe ungdom gjennom meningsfulle aktiviteter og berike livet med gode m\u00f8ter mellom generasjoner og kulturer?<\/em><\/p>\n\n\n\n<p>Mange ungdommer i Norge i dag mangler trygge voksenpersoner i livet sitt. Enslige, mindre\u00e5rige asyls\u00f8kere kan v\u00e6re s\u00e5rbare og trenger din st\u00f8tte, erfaring og trygghet. Ungdom i barnevernet trenger flere voksenpersoner i livet sitt. Vi ser etter deg som har tid, ressurser og lyst til \u00e5 bidra med din kunnskap og erfaring overfor ungdom som trenger trygge og verdifulle m\u00f8ter med voksne \u2013 og hjelp til \u00e5 komme inn i samfunnet.<\/p>\n\n\n\n<p>Som frivillig i \u00abGenerasjonsm\u00f8ter\u00bb deltar du i meningsfulle aktiviteter som leksehjelp, m\u00e5ltidsfellesskap, turer og spillkvelder. Du hjelper de unge, men de unge hjelper ogs\u00e5 deg, frivilligheten i m\u00f8tene er gjensidig og vil bygge ned fordommer opp tillit for \u00e5 berike b\u00e5de ditt og ungdommenes liv.<\/p>\n\n\n\n<p><a href=\"https:\/\/kirkensbymisjon.no\/tilbud-generasjonsmoter\/kontaktinformasjon\/\"><a href=\"https:\/\/kirkensbymisjon.no\/tilbud-generasjonsmoter\/vare-aktiviteter\">Ta kontakt<\/a><\/a> med oss for \u00e5 h\u00f8re mer!<\/p>\n\n\n\n<div class=\"wp-block-media-text alignwide is-stacked-on-mobile is-style-filled\"><figure class=\"wp-block-media-text__media\"><img decoding=\"async\" src=\"https:\/\/kirkensbymisjon.no\/content\/uploads\/2024\/09\/standard_bli-frivillig_04-1024x707.jpg\" alt=\"Frivillige i samtale med gjest i kafeen.\" class=\"wp-image-3267 size-full\" \/><\/figure><div class=\"wp-block-media-text__content\">\n<h2 class=\"wp-block-heading\" id=\"h-bli-frivillig-nbsp\"><strong>Bli frivillig!<\/strong>&nbsp;<\/h2>\n\n\n\n<p>Vi trenger deg som \u00f8nsker \u00e5 gj\u00f8re en frivillig innsats til nytte og glede for andre og deg selv. Gjennom frivillig engasjement kan du bruke din erfaring og kompetanse \u2013 eller l\u00e6re noe nytt.&nbsp;<\/p>\n\n\n\n<p><a href=\"\/bli-frivillig\">Les mer om frivillighet<\/a><\/p>\n<\/div><\/div>\n","protected":false},"excerpt":{"rendered":"<p>Bli deltaker i Generasjonsm\u00f8ter V\u00e5rt samfunn trenger at flere m\u00f8tes, og Kirkens Bymisjon legger til&hellip;<\/p>\n","protected":false},"author":6,"featured_media":0,"parent":0,"menu_order":0,"comment_status":"closed","ping_status":"closed","template":"","meta":{"_relevanssi_hide_post":"","_relevanssi_hide_content":"","_relevanssi_pin_for_all":"","_relevanssi_pin_keywords":"","_relevanssi_unpin_keywords":"","_relevanssi_related_keywords":"","_relevanssi_related_include_ids":"","_relevanssi_related_exclude_ids":"","_relevanssi_related_no_append":"","_relevanssi_related_not_related":"","_relevanssi_related_posts":"1","_relevanssi_noindex_reason":"","editor_notices":[],"footnotes":""},"class_list":["post-13","page","type-page","status-publish","hentry"],"yoast_head":"<!-- This site is optimized with the Yoast SEO Premium plugin v27.2 (Yoast SEO v27.2) - https:\/\/yoast.com\/product\/yoast-seo-premium-wordpress\/ -->\n<title>Bli deltaker - Generasjonsm\u00f8ter<\/title>\n<meta name=\"robots\" content=\"index, follow, max-snippet:-1, max-image-preview:large, max-video-preview:-1\" \/>\n<link rel=\"canonical\" href=\"https:\/\/kirkensbymisjon.no\/tilbud-generasjonsmoter\/bli-deltaker\/\" \/>\n<meta property=\"og:locale\" content=\"nb_NO\" \/>\n<meta property=\"og:type\" content=\"article\" \/>\n<meta property=\"og:title\" content=\"Bli deltaker\" \/>\n<meta property=\"og:description\" content=\"Bli deltaker i Generasjonsm\u00f8ter V\u00e5rt samfunn trenger at flere m\u00f8tes, og Kirkens Bymisjon legger til&hellip;\" \/>\n<meta property=\"og:url\" content=\"https:\/\/kirkensbymisjon.no\/tilbud-generasjonsmoter\/bli-deltaker\/\" \/>\n<meta property=\"og:site_name\" content=\"Generasjonsm\u00f8ter\" \/>\n<meta property=\"article:modified_time\" content=\"2024-11-29T10:49:04+00:00\" \/>\n<meta name=\"twitter:card\" content=\"summary_large_image\" \/>\n<meta name=\"twitter:label1\" content=\"Ansl. lesetid\" \/>\n\t<meta name=\"twitter:data1\" content=\"3 minutter\" \/>\n<script type=\"application\/ld+json\" class=\"yoast-schema-graph\">{\"@context\":\"https:\/\/schema.org\",\"@graph\":[{\"@type\":\"WebPage\",\"@id\":\"https:\/\/kirkensbymisjon.no\/tilbud-generasjonsmoter\/bli-deltaker\/\",\"url\":\"https:\/\/kirkensbymisjon.no\/tilbud-generasjonsmoter\/bli-deltaker\/\",\"name\":\"Bli deltaker - Generasjonsm\u00f8ter\",\"isPartOf\":{\"@id\":\"https:\/\/kirkensbymisjon.no\/tilbud-generasjonsmoter\/#website\"},\"primaryImageOfPage\":{\"@id\":\"https:\/\/kirkensbymisjon.no\/tilbud-generasjonsmoter\/bli-deltaker\/#primaryimage\"},\"image\":{\"@id\":\"https:\/\/kirkensbymisjon.no\/tilbud-generasjonsmoter\/bli-deltaker\/#primaryimage\"},\"thumbnailUrl\":\"https:\/\/kirkensbymisjon.no\/content\/uploads\/2024\/09\/standard_bli-frivillig_04-1024x707.jpg\",\"datePublished\":\"2024-07-24T10:05:53+00:00\",\"dateModified\":\"2024-11-29T10:49:04+00:00\",\"breadcrumb\":{\"@id\":\"https:\/\/kirkensbymisjon.no\/tilbud-generasjonsmoter\/bli-deltaker\/#breadcrumb\"},\"inLanguage\":\"nb-NO\",\"potentialAction\":[{\"@type\":\"ReadAction\",\"target\":[\"https:\/\/kirkensbymisjon.no\/tilbud-generasjonsmoter\/bli-deltaker\/\"]}]},{\"@type\":\"ImageObject\",\"inLanguage\":\"nb-NO\",\"@id\":\"https:\/\/kirkensbymisjon.no\/tilbud-generasjonsmoter\/bli-deltaker\/#primaryimage\",\"url\":\"https:\/\/kirkensbymisjon.no\/content\/uploads\/2024\/09\/standard_bli-frivillig_04-1024x707.jpg\",\"contentUrl\":\"https:\/\/kirkensbymisjon.no\/content\/uploads\/2024\/09\/standard_bli-frivillig_04-1024x707.jpg\"},{\"@type\":\"BreadcrumbList\",\"@id\":\"https:\/\/kirkensbymisjon.no\/tilbud-generasjonsmoter\/bli-deltaker\/#breadcrumb\",\"itemListElement\":[{\"@type\":\"ListItem\",\"position\":1,\"name\":\"Hjem\",\"item\":\"https:\/\/kirkensbymisjon.no\/tilbud-generasjonsmoter\/\"},{\"@type\":\"ListItem\",\"position\":2,\"name\":\"Bli deltaker\"}]},{\"@type\":\"WebSite\",\"@id\":\"https:\/\/kirkensbymisjon.no\/tilbud-generasjonsmoter\/#website\",\"url\":\"https:\/\/kirkensbymisjon.no\/tilbud-generasjonsmoter\/\",\"name\":\"Generasjonsm\u00f8ter\",\"description\":\"\",\"potentialAction\":[{\"@type\":\"SearchAction\",\"target\":{\"@type\":\"EntryPoint\",\"urlTemplate\":\"https:\/\/kirkensbymisjon.no\/tilbud-generasjonsmoter\/?s={search_term_string}\"},\"query-input\":{\"@type\":\"PropertyValueSpecification\",\"valueRequired\":true,\"valueName\":\"search_term_string\"}}],\"inLanguage\":\"nb-NO\"}]}<\/script>\n<!-- \/ Yoast SEO Premium plugin. -->","yoast_head_json":{"title":"Bli deltaker - Generasjonsm\u00f8ter","robots":{"index":"index","follow":"follow","max-snippet":"max-snippet:-1","max-image-preview":"max-image-preview:large","max-video-preview":"max-video-preview:-1"},"canonical":"https:\/\/kirkensbymisjon.no\/tilbud-generasjonsmoter\/bli-deltaker\/","og_locale":"nb_NO","og_type":"article","og_title":"Bli deltaker","og_description":"Bli deltaker i Generasjonsm\u00f8ter V\u00e5rt samfunn trenger at flere m\u00f8tes, og Kirkens Bymisjon legger til&hellip;","og_url":"https:\/\/kirkensbymisjon.no\/tilbud-generasjonsmoter\/bli-deltaker\/","og_site_name":"Generasjonsm\u00f8ter","article_modified_time":"2024-11-29T10:49:04+00:00","twitter_card":"summary_large_image","twitter_misc":{"Ansl. lesetid":"3 minutter"},"schema":{"@context":"https:\/\/schema.org","@graph":[{"@type":"WebPage","@id":"https:\/\/kirkensbymisjon.no\/tilbud-generasjonsmoter\/bli-deltaker\/","url":"https:\/\/kirkensbymisjon.no\/tilbud-generasjonsmoter\/bli-deltaker\/","name":"Bli deltaker - Generasjonsm\u00f8ter","isPartOf":{"@id":"https:\/\/kirkensbymisjon.no\/tilbud-generasjonsmoter\/#website"},"primaryImageOfPage":{"@id":"https:\/\/kirkensbymisjon.no\/tilbud-generasjonsmoter\/bli-deltaker\/#primaryimage"},"image":{"@id":"https:\/\/kirkensbymisjon.no\/tilbud-generasjonsmoter\/bli-deltaker\/#primaryimage"},"thumbnailUrl":"https:\/\/kirkensbymisjon.no\/content\/uploads\/2024\/09\/standard_bli-frivillig_04-1024x707.jpg","datePublished":"2024-07-24T10:05:53+00:00","dateModified":"2024-11-29T10:49:04+00:00","breadcrumb":{"@id":"https:\/\/kirkensbymisjon.no\/tilbud-generasjonsmoter\/bli-deltaker\/#breadcrumb"},"inLanguage":"nb-NO","potentialAction":[{"@type":"ReadAction","target":["https:\/\/kirkensbymisjon.no\/tilbud-generasjonsmoter\/bli-deltaker\/"]}]},{"@type":"ImageObject","inLanguage":"nb-NO","@id":"https:\/\/kirkensbymisjon.no\/tilbud-generasjonsmoter\/bli-deltaker\/#primaryimage","url":"https:\/\/kirkensbymisjon.no\/content\/uploads\/2024\/09\/standard_bli-frivillig_04-1024x707.jpg","contentUrl":"https:\/\/kirkensbymisjon.no\/content\/uploads\/2024\/09\/standard_bli-frivillig_04-1024x707.jpg"},{"@type":"BreadcrumbList","@id":"https:\/\/kirkensbymisjon.no\/tilbud-generasjonsmoter\/bli-deltaker\/#breadcrumb","itemListElement":[{"@type":"ListItem","position":1,"name":"Hjem","item":"https:\/\/kirkensbymisjon.no\/tilbud-generasjonsmoter\/"},{"@type":"ListItem","position":2,"name":"Bli deltaker"}]},{"@type":"WebSite","@id":"https:\/\/kirkensbymisjon.no\/tilbud-generasjonsmoter\/#website","url":"https:\/\/kirkensbymisjon.no\/tilbud-generasjonsmoter\/","name":"Generasjonsm\u00f8ter","description":"","potentialAction":[{"@type":"SearchAction","target":{"@type":"EntryPoint","urlTemplate":"https:\/\/kirkensbymisjon.no\/tilbud-generasjonsmoter\/?s={search_term_string}"},"query-input":{"@type":"PropertyValueSpecification","valueRequired":true,"valueName":"search_term_string"}}],"inLanguage":"nb-NO"}]}},"_links":{"self":[{"href":"https:\/\/kirkensbymisjon.no\/tilbud-generasjonsmoter\/wp-json\/wp\/v2\/pages\/13","targetHints":{"allow":["GET"]}}],"collection":[{"href":"https:\/\/kirkensbymisjon.no\/tilbud-generasjonsmoter\/wp-json\/wp\/v2\/pages"}],"about":[{"href":"https:\/\/kirkensbymisjon.no\/tilbud-generasjonsmoter\/wp-json\/wp\/v2\/types\/page"}],"author":[{"embeddable":true,"href":"https:\/\/kirkensbymisjon.no\/tilbud-generasjonsmoter\/wp-json\/wp\/v2\/users\/6"}],"replies":[{"embeddable":true,"href":"https:\/\/kirkensbymisjon.no\/tilbud-generasjonsmoter\/wp-json\/wp\/v2\/comments?post=13"}],"version-history":[{"count":5,"href":"https:\/\/kirkensbymisjon.no\/tilbud-generasjonsmoter\/wp-json\/wp\/v2\/pages\/13\/revisions"}],"predecessor-version":[{"id":174,"href":"https:\/\/kirkensbymisjon.no\/tilbud-generasjonsmoter\/wp-json\/wp\/v2\/pages\/13\/revisions\/174"}],"wp:attachment":[{"href":"https:\/\/kirkensbymisjon.no\/tilbud-generasjonsmoter\/wp-json\/wp\/v2\/media?parent=13"}],"curies":[{"name":"wp","href":"https:\/\/api.w.org\/{rel}","templated":true}]}}