{"id":3,"date":"2024-06-26T23:02:30","date_gmt":"2024-06-26T21:02:30","guid":{"rendered":"https:\/\/kirkensbymisjon.no\/tilbud-generasjonsmoter\/forside\/"},"modified":"2024-08-29T14:39:29","modified_gmt":"2024-08-29T12:39:29","slug":"forside","status":"publish","type":"page","link":"https:\/\/kirkensbymisjon.no\/tilbud-generasjonsmoter\/","title":{"rendered":"Forside"},"content":{"rendered":"\n<div class=\"wp-block-media-text alignwide is-stacked-on-mobile is-style-filled\"><figure class=\"wp-block-media-text__media\"><img loading=\"lazy\" decoding=\"async\" width=\"1000\" height=\"500\" src=\"https:\/\/kirkensbymisjon.no\/content\/uploads\/sites\/91\/2024\/07\/Tilbud_Generasjonsmoter_02.jpg\" alt=\"Et m\u00f8te mellom to kvinner fra ulike generasjoner.\" class=\"wp-image-20 size-full\" srcset=\"https:\/\/kirkensbymisjon.no\/content\/uploads\/sites\/91\/2024\/07\/Tilbud_Generasjonsmoter_02.jpg 1000w, https:\/\/kirkensbymisjon.no\/content\/uploads\/sites\/91\/2024\/07\/Tilbud_Generasjonsmoter_02-300x150.jpg 300w, https:\/\/kirkensbymisjon.no\/content\/uploads\/sites\/91\/2024\/07\/Tilbud_Generasjonsmoter_02-768x384.jpg 768w\" sizes=\"auto, (max-width: 1000px) 100vw, 1000px\" \/><\/figure><div class=\"wp-block-media-text__content\">\n<h2 class=\"wp-block-heading\" id=\"h-i-generasjonsmoter-motes-unge-og-eldre-med-gjensidighet-tillit-og-frivillighet\">I Generasjonsm\u00f8ter m\u00f8tes unge og eldre med gjensidighet, tillit og frivillighet.<\/h2>\n\n\n\n<p>Generasjonsm\u00f8ter gjennomf\u00f8rer jevnlige treff der aktive eldre og ungdom m\u00f8tes gjennom meningsfulle aktiviteter som leksehjelp, m\u00e5ltidsfellesskap, turer og spillkvelder. De eldre hjelper de unge og de unge hjelper de eldre; fordommer brytes ned og tillit bygges opp. M\u00f8tene bidrar til \u00f8kt forst\u00e5else mellom mennesker i lokalsamfunnet, p\u00e5 tvers av b\u00e5de kulturelle forskjeller og generasjonsskiller.&nbsp;<\/p>\n\n\n\n<p><a href=\"\/tilbud-generasjonsmoter\/om-generasjonsmoter\">Les mer om tilbudet<\/a><\/p>\n<\/div><\/div>\n\n\n\t<div class=\"wp-block-kbm-video\">\n\t\t\n\n<figure class=\"wp-block-embed is-type-video is-provider-vimeo wp-block-embed-vimeo wp-embed-aspect-16-9 wp-has-aspect-ratio\"><div class=\"wp-block-embed__wrapper\">\n<iframe loading=\"lazy\" title=\"Leksehjelp\" src=\"https:\/\/player.vimeo.com\/video\/260197856?dnt=1&amp;app_id=122963\" width=\"500\" height=\"281\" frameborder=\"0\" allow=\"autoplay; fullscreen; picture-in-picture; clipboard-write\"><\/iframe>\n<\/div><\/figure>\n\n\t\t<div class=\"kbm-video__content\" style=\"aspect-ratio: 16\/9\">\n\t\t\t<div class=\"kbm-video__play\">\n\t\t\t\t<span class=\"screen-reader-text\">Spill video<\/span>\n\t\t\t\t<svg xmlns=\"http:\/\/www.w3.org\/2000\/svg\" viewBox=\"0 0 48 48\" height=\"24\" width=\"24\" class=\"t2-icon t2-icon-play\" aria-hidden=\"true\" focusable=\"false\"><rect width=\"48\" height=\"48\" rx=\"24\"\/><path fill=\"currentColor\" d=\"M29.888 23.1913c.5491.3993.5491 1.2181 0 1.6174l-8.2998 6.0363c-.661.4807-1.5882.0085-1.5882-.8088V17.9638c0-.8173.9272-1.2895 1.5882-.8088l8.2998 6.0363Z\"\/><\/svg>\t\t\t\t\t\t\t\t\t<p class=\"kbm-video__subtext\">Leksehjelp ved Generasjonsm\u00f8ter<\/p>\n\t\t\t\t\t\t\t<\/div>\n\t\t\t\t\t\t\t<h2 class=\"kbm-video__title\">Leksehjelp ved Generasjonsm\u00f8ter<\/h2>\n\t\t\t\t\t\t<img loading=\"lazy\" decoding=\"async\" width=\"973\" height=\"643\" src=\"https:\/\/kirkensbymisjon.no\/content\/uploads\/sites\/91\/2024\/07\/Tilbud_Generasjonsmoter_04.jpg\" class=\"attachment-full size-full\" alt=\"\" style=\"object-position: 50% 50%\" \/>\t\t<\/div>\n\t<\/div>\n\t","protected":false},"excerpt":{"rendered":"<p>I Generasjonsm\u00f8ter m\u00f8tes unge og eldre med gjensidighet, tillit og frivillighet. Generasjonsm\u00f8ter gjennomf\u00f8rer jevnlige treff&hellip;<\/p>\n","protected":false},"author":5,"featured_media":0,"parent":0,"menu_order":0,"comment_status":"closed","ping_status":"closed","template":"","meta":{"_relevanssi_hide_post":"","_relevanssi_hide_content":"","_relevanssi_pin_for_all":"","_relevanssi_pin_keywords":"","_relevanssi_unpin_keywords":"","_relevanssi_related_keywords":"","_relevanssi_related_include_ids":"","_relevanssi_related_exclude_ids":"","_relevanssi_related_no_append":"","_relevanssi_related_not_related":"","_relevanssi_related_posts":"1","_relevanssi_noindex_reason":"","editor_notices":[],"footnotes":""},"class_list":["post-3","page","type-page","status-publish","hentry"],"yoast_head":"<!-- This site is optimized with the Yoast SEO Premium plugin v27.2 (Yoast SEO v27.2) - https:\/\/yoast.com\/product\/yoast-seo-premium-wordpress\/ -->\n<title>Kirkens Bymisjon - Generasjonsm\u00f8ter<\/title>\n<meta name=\"description\" content=\"Hos oss m\u00f8tes unge og eldre med gjensidighet, tillit og frivillighet. Vi har en rekke aktiviteter, som leksehjelp, turer, m.m.\" \/>\n<meta name=\"robots\" content=\"index, follow, max-snippet:-1, max-image-preview:large, max-video-preview:-1\" \/>\n<link rel=\"canonical\" href=\"https:\/\/kirkensbymisjon.no\/tilbud-generasjonsmoter\/\" \/>\n<meta property=\"og:locale\" content=\"nb_NO\" \/>\n<meta property=\"og:type\" content=\"article\" \/>\n<meta property=\"og:title\" content=\"Kirkens Bymisjon - Generasjonsm\u00f8ter\" \/>\n<meta property=\"og:description\" content=\"Hos oss m\u00f8tes unge og eldre med gjensidighet, tillit og frivillighet. Vi har en rekke aktiviteter, som leksehjelp, turer, m.m.\" \/>\n<meta property=\"og:url\" content=\"https:\/\/kirkensbymisjon.no\/tilbud-generasjonsmoter\/\" \/>\n<meta property=\"og:site_name\" content=\"Generasjonsm\u00f8ter\" \/>\n<meta property=\"article:modified_time\" content=\"2024-08-29T12:39:29+00:00\" \/>\n<meta property=\"og:image\" content=\"https:\/\/kirkensbymisjon.no\/content\/uploads\/sites\/91\/2024\/07\/Tilbud_Generasjonsmoter_02.jpg\" \/>\n<meta name=\"twitter:card\" content=\"summary_large_image\" \/>\n<meta name=\"twitter:title\" content=\"Forside\" \/>\n<meta name=\"twitter:label1\" content=\"Ansl. lesetid\" \/>\n\t<meta name=\"twitter:data1\" content=\"1 minutt\" \/>\n<script type=\"application\/ld+json\" class=\"yoast-schema-graph\">{\"@context\":\"https:\/\/schema.org\",\"@graph\":[{\"@type\":\"WebPage\",\"@id\":\"https:\/\/kirkensbymisjon.no\/tilbud-generasjonsmoter\/\",\"url\":\"https:\/\/kirkensbymisjon.no\/tilbud-generasjonsmoter\/\",\"name\":\"Kirkens Bymisjon - Generasjonsm\u00f8ter\",\"isPartOf\":{\"@id\":\"https:\/\/kirkensbymisjon.no\/tilbud-generasjonsmoter\/#website\"},\"primaryImageOfPage\":{\"@id\":\"https:\/\/kirkensbymisjon.no\/tilbud-generasjonsmoter\/#primaryimage\"},\"image\":{\"@id\":\"https:\/\/kirkensbymisjon.no\/tilbud-generasjonsmoter\/#primaryimage\"},\"thumbnailUrl\":\"https:\/\/kirkensbymisjon.no\/content\/uploads\/sites\/91\/2024\/07\/Tilbud_Generasjonsmoter_02.jpg\",\"datePublished\":\"2024-06-26T21:02:30+00:00\",\"dateModified\":\"2024-08-29T12:39:29+00:00\",\"description\":\"Hos oss m\u00f8tes unge og eldre med gjensidighet, tillit og frivillighet. Vi har en rekke aktiviteter, som leksehjelp, turer, m.m.\",\"breadcrumb\":{\"@id\":\"https:\/\/kirkensbymisjon.no\/tilbud-generasjonsmoter\/#breadcrumb\"},\"inLanguage\":\"nb-NO\",\"potentialAction\":[{\"@type\":\"ReadAction\",\"target\":[\"https:\/\/kirkensbymisjon.no\/tilbud-generasjonsmoter\/\"]}]},{\"@type\":\"ImageObject\",\"inLanguage\":\"nb-NO\",\"@id\":\"https:\/\/kirkensbymisjon.no\/tilbud-generasjonsmoter\/#primaryimage\",\"url\":\"https:\/\/kirkensbymisjon.no\/content\/uploads\/sites\/91\/2024\/07\/Tilbud_Generasjonsmoter_02.jpg\",\"contentUrl\":\"https:\/\/kirkensbymisjon.no\/content\/uploads\/sites\/91\/2024\/07\/Tilbud_Generasjonsmoter_02.jpg\"},{\"@type\":\"BreadcrumbList\",\"@id\":\"https:\/\/kirkensbymisjon.no\/tilbud-generasjonsmoter\/#breadcrumb\",\"itemListElement\":[{\"@type\":\"ListItem\",\"position\":1,\"name\":\"Hjem\",\"item\":\"https:\/\/kirkensbymisjon.no\/tilbud-generasjonsmoter\/\"},{\"@type\":\"ListItem\",\"position\":2,\"name\":\"Forside\"}]},{\"@type\":\"WebSite\",\"@id\":\"https:\/\/kirkensbymisjon.no\/tilbud-generasjonsmoter\/#website\",\"url\":\"https:\/\/kirkensbymisjon.no\/tilbud-generasjonsmoter\/\",\"name\":\"Generasjonsm\u00f8ter\",\"description\":\"\",\"potentialAction\":[{\"@type\":\"SearchAction\",\"target\":{\"@type\":\"EntryPoint\",\"urlTemplate\":\"https:\/\/kirkensbymisjon.no\/tilbud-generasjonsmoter\/?s={search_term_string}\"},\"query-input\":{\"@type\":\"PropertyValueSpecification\",\"valueRequired\":true,\"valueName\":\"search_term_string\"}}],\"inLanguage\":\"nb-NO\"}]}<\/script>\n<!-- \/ Yoast SEO Premium plugin. -->","yoast_head_json":{"title":"Kirkens Bymisjon - Generasjonsm\u00f8ter","description":"Hos oss m\u00f8tes unge og eldre med gjensidighet, tillit og frivillighet. Vi har en rekke aktiviteter, som leksehjelp, turer, m.m.","robots":{"index":"index","follow":"follow","max-snippet":"max-snippet:-1","max-image-preview":"max-image-preview:large","max-video-preview":"max-video-preview:-1"},"canonical":"https:\/\/kirkensbymisjon.no\/tilbud-generasjonsmoter\/","og_locale":"nb_NO","og_type":"article","og_title":"Kirkens Bymisjon - Generasjonsm\u00f8ter","og_description":"Hos oss m\u00f8tes unge og eldre med gjensidighet, tillit og frivillighet. Vi har en rekke aktiviteter, som leksehjelp, turer, m.m.","og_url":"https:\/\/kirkensbymisjon.no\/tilbud-generasjonsmoter\/","og_site_name":"Generasjonsm\u00f8ter","article_modified_time":"2024-08-29T12:39:29+00:00","og_image":[{"url":"https:\/\/kirkensbymisjon.no\/content\/uploads\/sites\/91\/2024\/07\/Tilbud_Generasjonsmoter_02.jpg","type":"","width":"","height":""}],"twitter_card":"summary_large_image","twitter_title":"Forside","twitter_misc":{"Ansl. lesetid":"1 minutt"},"schema":{"@context":"https:\/\/schema.org","@graph":[{"@type":"WebPage","@id":"https:\/\/kirkensbymisjon.no\/tilbud-generasjonsmoter\/","url":"https:\/\/kirkensbymisjon.no\/tilbud-generasjonsmoter\/","name":"Kirkens Bymisjon - Generasjonsm\u00f8ter","isPartOf":{"@id":"https:\/\/kirkensbymisjon.no\/tilbud-generasjonsmoter\/#website"},"primaryImageOfPage":{"@id":"https:\/\/kirkensbymisjon.no\/tilbud-generasjonsmoter\/#primaryimage"},"image":{"@id":"https:\/\/kirkensbymisjon.no\/tilbud-generasjonsmoter\/#primaryimage"},"thumbnailUrl":"https:\/\/kirkensbymisjon.no\/content\/uploads\/sites\/91\/2024\/07\/Tilbud_Generasjonsmoter_02.jpg","datePublished":"2024-06-26T21:02:30+00:00","dateModified":"2024-08-29T12:39:29+00:00","description":"Hos oss m\u00f8tes unge og eldre med gjensidighet, tillit og frivillighet. Vi har en rekke aktiviteter, som leksehjelp, turer, m.m.","breadcrumb":{"@id":"https:\/\/kirkensbymisjon.no\/tilbud-generasjonsmoter\/#breadcrumb"},"inLanguage":"nb-NO","potentialAction":[{"@type":"ReadAction","target":["https:\/\/kirkensbymisjon.no\/tilbud-generasjonsmoter\/"]}]},{"@type":"ImageObject","inLanguage":"nb-NO","@id":"https:\/\/kirkensbymisjon.no\/tilbud-generasjonsmoter\/#primaryimage","url":"https:\/\/kirkensbymisjon.no\/content\/uploads\/sites\/91\/2024\/07\/Tilbud_Generasjonsmoter_02.jpg","contentUrl":"https:\/\/kirkensbymisjon.no\/content\/uploads\/sites\/91\/2024\/07\/Tilbud_Generasjonsmoter_02.jpg"},{"@type":"BreadcrumbList","@id":"https:\/\/kirkensbymisjon.no\/tilbud-generasjonsmoter\/#breadcrumb","itemListElement":[{"@type":"ListItem","position":1,"name":"Hjem","item":"https:\/\/kirkensbymisjon.no\/tilbud-generasjonsmoter\/"},{"@type":"ListItem","position":2,"name":"Forside"}]},{"@type":"WebSite","@id":"https:\/\/kirkensbymisjon.no\/tilbud-generasjonsmoter\/#website","url":"https:\/\/kirkensbymisjon.no\/tilbud-generasjonsmoter\/","name":"Generasjonsm\u00f8ter","description":"","potentialAction":[{"@type":"SearchAction","target":{"@type":"EntryPoint","urlTemplate":"https:\/\/kirkensbymisjon.no\/tilbud-generasjonsmoter\/?s={search_term_string}"},"query-input":{"@type":"PropertyValueSpecification","valueRequired":true,"valueName":"search_term_string"}}],"inLanguage":"nb-NO"}]}},"_links":{"self":[{"href":"https:\/\/kirkensbymisjon.no\/tilbud-generasjonsmoter\/wp-json\/wp\/v2\/pages\/3","targetHints":{"allow":["GET"]}}],"collection":[{"href":"https:\/\/kirkensbymisjon.no\/tilbud-generasjonsmoter\/wp-json\/wp\/v2\/pages"}],"about":[{"href":"https:\/\/kirkensbymisjon.no\/tilbud-generasjonsmoter\/wp-json\/wp\/v2\/types\/page"}],"author":[{"embeddable":true,"href":"https:\/\/kirkensbymisjon.no\/tilbud-generasjonsmoter\/wp-json\/wp\/v2\/users\/5"}],"replies":[{"embeddable":true,"href":"https:\/\/kirkensbymisjon.no\/tilbud-generasjonsmoter\/wp-json\/wp\/v2\/comments?post=3"}],"version-history":[{"count":5,"href":"https:\/\/kirkensbymisjon.no\/tilbud-generasjonsmoter\/wp-json\/wp\/v2\/pages\/3\/revisions"}],"predecessor-version":[{"id":80,"href":"https:\/\/kirkensbymisjon.no\/tilbud-generasjonsmoter\/wp-json\/wp\/v2\/pages\/3\/revisions\/80"}],"wp:attachment":[{"href":"https:\/\/kirkensbymisjon.no\/tilbud-generasjonsmoter\/wp-json\/wp\/v2\/media?parent=3"}],"curies":[{"name":"wp","href":"https:\/\/api.w.org\/{rel}","templated":true}]}}