{"id":38,"date":"2024-07-30T09:40:36","date_gmt":"2024-07-30T07:40:36","guid":{"rendered":"https:\/\/kirkensbymisjon.no\/tilbud-generasjonsmoter\/?page_id=38"},"modified":"2024-11-29T11:13:11","modified_gmt":"2024-11-29T10:13:11","slug":"sandefjord","status":"publish","type":"page","link":"https:\/\/kirkensbymisjon.no\/tilbud-generasjonsmoter\/vare-aktiviteter\/sandefjord\/","title":{"rendered":"Sandefjord"},"content":{"rendered":"\n<h2 class=\"wp-block-heading\" id=\"h-generasjonsmoter-i-sandefjord\">Generasjonsm\u00f8ter i Sandefjord<\/h2>\n\n\n\n<p>\u00abGenerasjonsm\u00f8ter\u00bb jobber for fellesskap og vennskap p\u00e5 tvers av generasjoner. Vi har gruppeaktiviteter for ungdom og eldre og formidler en-til-en kontakt mellom barnefamilier\/ungdom og aktive seniorer gjennom bonusbesteforeldreordningen.<\/p>\n\n\n\n<p>Gjennom <strong>bonusbesteforelderordningen <\/strong>kobler vi sammen mennesker som \u00f8nsker \u00e5 bli kjent med hverandre og som \u00f8nsker \u00e5 bruke tid sammen p\u00e5 turer, v\u00e6re til stede p\u00e5 fotballkamper, oppdage eget n\u00e6rmilj\u00f8 og utvide eget nettverk.<\/p>\n","protected":false},"excerpt":{"rendered":"<p>Generasjonsm\u00f8ter i Sandefjord \u00abGenerasjonsm\u00f8ter\u00bb jobber for fellesskap og vennskap p\u00e5 tvers av generasjoner. Vi har&hellip;<\/p>\n","protected":false},"author":4,"featured_media":0,"parent":11,"menu_order":0,"comment_status":"closed","ping_status":"closed","template":"","meta":{"_relevanssi_hide_post":"","_relevanssi_hide_content":"","_relevanssi_pin_for_all":"","_relevanssi_pin_keywords":"","_relevanssi_unpin_keywords":"","_relevanssi_related_keywords":"","_relevanssi_related_include_ids":"","_relevanssi_related_exclude_ids":"","_relevanssi_related_no_append":"","_relevanssi_related_not_related":"","_relevanssi_related_posts":"1","_relevanssi_noindex_reason":"","editor_notices":[],"footnotes":""},"class_list":["post-38","page","type-page","status-publish","hentry"],"yoast_head":"<!-- This site is optimized with the Yoast SEO Premium plugin v27.2 (Yoast SEO v27.4) - https:\/\/yoast.com\/product\/yoast-seo-premium-wordpress\/ -->\n<title>Sandefjord - Generasjonsm\u00f8ter<\/title>\n<meta name=\"robots\" content=\"index, follow, max-snippet:-1, max-image-preview:large, max-video-preview:-1\" \/>\n<link rel=\"canonical\" href=\"https:\/\/kirkensbymisjon.no\/tilbud-generasjonsmoter\/vare-aktiviteter\/sandefjord\/\" \/>\n<meta property=\"og:locale\" content=\"nb_NO\" \/>\n<meta property=\"og:type\" content=\"article\" \/>\n<meta property=\"og:title\" content=\"Sandefjord\" \/>\n<meta property=\"og:description\" content=\"Generasjonsm\u00f8ter i Sandefjord \u00abGenerasjonsm\u00f8ter\u00bb jobber for fellesskap og vennskap p\u00e5 tvers av generasjoner. Vi har&hellip;\" \/>\n<meta property=\"og:url\" content=\"https:\/\/kirkensbymisjon.no\/tilbud-generasjonsmoter\/vare-aktiviteter\/sandefjord\/\" \/>\n<meta property=\"og:site_name\" content=\"Generasjonsm\u00f8ter\" \/>\n<meta property=\"article:modified_time\" content=\"2024-11-29T10:13:11+00:00\" \/>\n<meta name=\"twitter:card\" content=\"summary_large_image\" \/>\n<meta name=\"twitter:label1\" content=\"Ansl. lesetid\" \/>\n\t<meta name=\"twitter:data1\" content=\"1 minutt\" \/>\n<script type=\"application\/ld+json\" class=\"yoast-schema-graph\">{\"@context\":\"https:\\\/\\\/schema.org\",\"@graph\":[{\"@type\":\"WebPage\",\"@id\":\"https:\\\/\\\/kirkensbymisjon.no\\\/tilbud-generasjonsmoter\\\/vare-aktiviteter\\\/sandefjord\\\/\",\"url\":\"https:\\\/\\\/kirkensbymisjon.no\\\/tilbud-generasjonsmoter\\\/vare-aktiviteter\\\/sandefjord\\\/\",\"name\":\"Sandefjord - Generasjonsm\u00f8ter\",\"isPartOf\":{\"@id\":\"https:\\\/\\\/kirkensbymisjon.no\\\/tilbud-generasjonsmoter\\\/#website\"},\"datePublished\":\"2024-07-30T07:40:36+00:00\",\"dateModified\":\"2024-11-29T10:13:11+00:00\",\"breadcrumb\":{\"@id\":\"https:\\\/\\\/kirkensbymisjon.no\\\/tilbud-generasjonsmoter\\\/vare-aktiviteter\\\/sandefjord\\\/#breadcrumb\"},\"inLanguage\":\"nb-NO\",\"potentialAction\":[{\"@type\":\"ReadAction\",\"target\":[\"https:\\\/\\\/kirkensbymisjon.no\\\/tilbud-generasjonsmoter\\\/vare-aktiviteter\\\/sandefjord\\\/\"]}]},{\"@type\":\"BreadcrumbList\",\"@id\":\"https:\\\/\\\/kirkensbymisjon.no\\\/tilbud-generasjonsmoter\\\/vare-aktiviteter\\\/sandefjord\\\/#breadcrumb\",\"itemListElement\":[{\"@type\":\"ListItem\",\"position\":1,\"name\":\"Hjem\",\"item\":\"https:\\\/\\\/kirkensbymisjon.no\\\/tilbud-generasjonsmoter\\\/\"},{\"@type\":\"ListItem\",\"position\":2,\"name\":\"Finn oss\",\"item\":\"https:\\\/\\\/kirkensbymisjon.no\\\/tilbud-generasjonsmoter\\\/vare-aktiviteter\\\/\"},{\"@type\":\"ListItem\",\"position\":3,\"name\":\"Sandefjord\"}]},{\"@type\":\"WebSite\",\"@id\":\"https:\\\/\\\/kirkensbymisjon.no\\\/tilbud-generasjonsmoter\\\/#website\",\"url\":\"https:\\\/\\\/kirkensbymisjon.no\\\/tilbud-generasjonsmoter\\\/\",\"name\":\"Generasjonsm\u00f8ter\",\"description\":\"\",\"potentialAction\":[{\"@type\":\"SearchAction\",\"target\":{\"@type\":\"EntryPoint\",\"urlTemplate\":\"https:\\\/\\\/kirkensbymisjon.no\\\/tilbud-generasjonsmoter\\\/?s={search_term_string}\"},\"query-input\":{\"@type\":\"PropertyValueSpecification\",\"valueRequired\":true,\"valueName\":\"search_term_string\"}}],\"inLanguage\":\"nb-NO\"}]}<\/script>\n<!-- \/ Yoast SEO Premium plugin. -->","yoast_head_json":{"title":"Sandefjord - Generasjonsm\u00f8ter","robots":{"index":"index","follow":"follow","max-snippet":"max-snippet:-1","max-image-preview":"max-image-preview:large","max-video-preview":"max-video-preview:-1"},"canonical":"https:\/\/kirkensbymisjon.no\/tilbud-generasjonsmoter\/vare-aktiviteter\/sandefjord\/","og_locale":"nb_NO","og_type":"article","og_title":"Sandefjord","og_description":"Generasjonsm\u00f8ter i Sandefjord \u00abGenerasjonsm\u00f8ter\u00bb jobber for fellesskap og vennskap p\u00e5 tvers av generasjoner. Vi har&hellip;","og_url":"https:\/\/kirkensbymisjon.no\/tilbud-generasjonsmoter\/vare-aktiviteter\/sandefjord\/","og_site_name":"Generasjonsm\u00f8ter","article_modified_time":"2024-11-29T10:13:11+00:00","twitter_card":"summary_large_image","twitter_misc":{"Ansl. lesetid":"1 minutt"},"schema":{"@context":"https:\/\/schema.org","@graph":[{"@type":"WebPage","@id":"https:\/\/kirkensbymisjon.no\/tilbud-generasjonsmoter\/vare-aktiviteter\/sandefjord\/","url":"https:\/\/kirkensbymisjon.no\/tilbud-generasjonsmoter\/vare-aktiviteter\/sandefjord\/","name":"Sandefjord - Generasjonsm\u00f8ter","isPartOf":{"@id":"https:\/\/kirkensbymisjon.no\/tilbud-generasjonsmoter\/#website"},"datePublished":"2024-07-30T07:40:36+00:00","dateModified":"2024-11-29T10:13:11+00:00","breadcrumb":{"@id":"https:\/\/kirkensbymisjon.no\/tilbud-generasjonsmoter\/vare-aktiviteter\/sandefjord\/#breadcrumb"},"inLanguage":"nb-NO","potentialAction":[{"@type":"ReadAction","target":["https:\/\/kirkensbymisjon.no\/tilbud-generasjonsmoter\/vare-aktiviteter\/sandefjord\/"]}]},{"@type":"BreadcrumbList","@id":"https:\/\/kirkensbymisjon.no\/tilbud-generasjonsmoter\/vare-aktiviteter\/sandefjord\/#breadcrumb","itemListElement":[{"@type":"ListItem","position":1,"name":"Hjem","item":"https:\/\/kirkensbymisjon.no\/tilbud-generasjonsmoter\/"},{"@type":"ListItem","position":2,"name":"Finn oss","item":"https:\/\/kirkensbymisjon.no\/tilbud-generasjonsmoter\/vare-aktiviteter\/"},{"@type":"ListItem","position":3,"name":"Sandefjord"}]},{"@type":"WebSite","@id":"https:\/\/kirkensbymisjon.no\/tilbud-generasjonsmoter\/#website","url":"https:\/\/kirkensbymisjon.no\/tilbud-generasjonsmoter\/","name":"Generasjonsm\u00f8ter","description":"","potentialAction":[{"@type":"SearchAction","target":{"@type":"EntryPoint","urlTemplate":"https:\/\/kirkensbymisjon.no\/tilbud-generasjonsmoter\/?s={search_term_string}"},"query-input":{"@type":"PropertyValueSpecification","valueRequired":true,"valueName":"search_term_string"}}],"inLanguage":"nb-NO"}]}},"_links":{"self":[{"href":"https:\/\/kirkensbymisjon.no\/tilbud-generasjonsmoter\/wp-json\/wp\/v2\/pages\/38","targetHints":{"allow":["GET"]}}],"collection":[{"href":"https:\/\/kirkensbymisjon.no\/tilbud-generasjonsmoter\/wp-json\/wp\/v2\/pages"}],"about":[{"href":"https:\/\/kirkensbymisjon.no\/tilbud-generasjonsmoter\/wp-json\/wp\/v2\/types\/page"}],"author":[{"embeddable":true,"href":"https:\/\/kirkensbymisjon.no\/tilbud-generasjonsmoter\/wp-json\/wp\/v2\/users\/4"}],"replies":[{"embeddable":true,"href":"https:\/\/kirkensbymisjon.no\/tilbud-generasjonsmoter\/wp-json\/wp\/v2\/comments?post=38"}],"version-history":[{"count":4,"href":"https:\/\/kirkensbymisjon.no\/tilbud-generasjonsmoter\/wp-json\/wp\/v2\/pages\/38\/revisions"}],"predecessor-version":[{"id":145,"href":"https:\/\/kirkensbymisjon.no\/tilbud-generasjonsmoter\/wp-json\/wp\/v2\/pages\/38\/revisions\/145"}],"up":[{"embeddable":true,"href":"https:\/\/kirkensbymisjon.no\/tilbud-generasjonsmoter\/wp-json\/wp\/v2\/pages\/11"}],"wp:attachment":[{"href":"https:\/\/kirkensbymisjon.no\/tilbud-generasjonsmoter\/wp-json\/wp\/v2\/media?parent=38"}],"curies":[{"name":"wp","href":"https:\/\/api.w.org\/{rel}","templated":true}]}}