{"id":40,"date":"2024-07-30T09:41:02","date_gmt":"2024-07-30T07:41:02","guid":{"rendered":"https:\/\/kirkensbymisjon.no\/tilbud-generasjonsmoter\/?page_id=40"},"modified":"2024-11-29T11:26:09","modified_gmt":"2024-11-29T10:26:09","slug":"oslo-st-hanshaugen","status":"publish","type":"page","link":"https:\/\/kirkensbymisjon.no\/tilbud-generasjonsmoter\/vare-aktiviteter\/oslo-st-hanshaugen\/","title":{"rendered":"Oslo, St. Hanshaugen"},"content":{"rendered":"\n<h2 class=\"wp-block-heading\" id=\"h-generasjonsmoter-pa-st-hanshaugen\">Generasjonsm\u00f8ter p\u00e5 St. Hanshaugen<\/h2>\n\n\n\n<p>I samarbeid med barnevernet i bydelen setter seniorsenteret skolegang og inkludering i samfunnet som viktige m\u00e5l i arbeidet med ungdommene. Leksehjelpen og oppf\u00f8lging av skolearbeid gj\u00f8res gjennom tett kontakt med barnevernet. Inkludering i samfunnet er en levende prosess, som vi tror krever et ressurssterkt nettverk. V\u00e5r erfaring gjennom dette arbeidet er at de unge har f\u00e5tt relasjoner de er trygge i \u2013 en trygghet som kan vare over lengre tid. Det er naturlig at det legges vekt p\u00e5 norskoppl\u00e6ringen der seniorene jobber med muntlig- og skriftlig norsk samt norsk grammatikk. I tillegg har vi seniorer med bakgrunn som gj\u00f8r dem spesielt egnet til \u00e5 hjelpe ungdommene med matematikk.<\/p>\n\n\n\n<p>Gjennom det gode samarbeidet med barnevernstjenesten, har vi erfart at v\u00e5r arena er et godt m\u00f8tested for folk p\u00e5 tvers av kulturer og generasjoner. Fra januar 2019 ble St. Hanshaugen ett av stedene i Oslo under prosjektet \u00abGenerasjonsm\u00f8ter\u00bb finansiert med midler fra TV-aksjonen 2018 og en prosjektleder ansatt i en 50 % stilling.<\/p>\n\n\n\n<h3 class=\"wp-block-heading\"><strong>Faste aktiviteter<\/strong><\/h3>\n\n\n\n<p><strong>Leksehjelp&nbsp;<\/strong>gjennomf\u00f8res hver onsdag og vi starter alltid med felles middag der m\u00e5ltidet er vel s\u00e5 viktig som selve leksehjelpen. Da g\u00e5r praten \u2013 p\u00e5 norsk, om alt fra dagsaktuelle saker i media til v\u00e6ret og dagligdagse opplevelser. Etter m\u00e5ltidet fordeler seniorer og ungdommer seg etter hvilke&nbsp;hjelpebehov de har denne onsdagen. Normalt skal vi holde p\u00e5 i to timer, men det hender ofte at samlingene strekker seg utover kvelden hvis det er behov for \u00e5 bli ferdig med en oppgave. Siste skole\u00e5r har 12 ungdommer og ni seniorer deltatt.<\/p>\n\n\n\n<p>Fra dette skole\u00e5ret har vi med \u00e5tte faste ungdommer samt at noen av de eldre ungdommene som ikke lenger er under barnevernet, stadig stikker innom. De samme ni seniorene fra siste skole\u00e5r blir med videre.<\/p>\n\n\n\n<p><strong>S\u00f8ndagsmiddag<\/strong>&nbsp;har vi arrangert siden oppstarten i 2016. Hver 2. eller 3. s\u00f8ndag i m\u00e5neden inviterte vi hjemmeboende eldre i bydelen p\u00e5 tre-retters middag. To til tre ungdommer var med hver gang, noe som bidro til at S\u00f8ndagsmiddag kunne gjennomf\u00f8res.<\/p>\n\n\n\n<p><strong>Erfaring som gir ungdommene jobb<\/strong><\/p>\n\n\n\n<p>Det at ungdommer som har deltatt i \u00abGenerasjonsm\u00f8ter\u00bb har f\u00e5tt attest for sin medvirkning p\u00e5 prosjektet \u00abS\u00f8ndagsmiddag\u00bb samt at virksomhetsleder og prosjektleder er referanser, ser ut til \u00e5 ha bidratt til at flere har f\u00e5tt jobb.<\/p>\n\n\n\n<p>Ungdommene har etter hvert blitt trygge p\u00e5 selg selv, p\u00e5 oss som jobber med prosjektet og ikke minst p\u00e5 brukerne.<\/p>\n\n\n\n<p><strong>Aktiviteter<\/strong><\/p>\n\n\n\n<p><em>Leksehjelp&nbsp;<\/em>gjennomf\u00f8res onsdager, kl. 16.00\u201319.00 med middag fra kl. 16.00.<br><em>S\u00f8ndagsmiddag&nbsp;<\/em>arrangeres annenhver s\u00f8ndag, kl. 14.00.<\/p>\n","protected":false},"excerpt":{"rendered":"<p>Generasjonsm\u00f8ter p\u00e5 St. Hanshaugen I samarbeid med barnevernet i bydelen setter seniorsenteret skolegang og inkludering&hellip;<\/p>\n","protected":false},"author":4,"featured_media":0,"parent":11,"menu_order":0,"comment_status":"closed","ping_status":"closed","template":"","meta":{"_relevanssi_hide_post":"","_relevanssi_hide_content":"","_relevanssi_pin_for_all":"","_relevanssi_pin_keywords":"","_relevanssi_unpin_keywords":"","_relevanssi_related_keywords":"","_relevanssi_related_include_ids":"","_relevanssi_related_exclude_ids":"","_relevanssi_related_no_append":"","_relevanssi_related_not_related":"","_relevanssi_related_posts":"1","_relevanssi_noindex_reason":"","editor_notices":[],"footnotes":""},"class_list":["post-40","page","type-page","status-publish","hentry"],"yoast_head":"<!-- This site is optimized with the Yoast SEO Premium plugin v27.2 (Yoast SEO v27.4) - https:\/\/yoast.com\/product\/yoast-seo-premium-wordpress\/ -->\n<title>Oslo, St. Hanshaugen - Generasjonsm\u00f8ter<\/title>\n<meta name=\"robots\" content=\"index, follow, max-snippet:-1, max-image-preview:large, max-video-preview:-1\" \/>\n<link rel=\"canonical\" href=\"https:\/\/kirkensbymisjon.no\/tilbud-generasjonsmoter\/vare-aktiviteter\/oslo-st-hanshaugen\/\" \/>\n<meta property=\"og:locale\" content=\"nb_NO\" \/>\n<meta property=\"og:type\" content=\"article\" \/>\n<meta property=\"og:title\" content=\"Oslo, St. Hanshaugen\" \/>\n<meta property=\"og:description\" content=\"Generasjonsm\u00f8ter p\u00e5 St. Hanshaugen I samarbeid med barnevernet i bydelen setter seniorsenteret skolegang og inkludering&hellip;\" \/>\n<meta property=\"og:url\" content=\"https:\/\/kirkensbymisjon.no\/tilbud-generasjonsmoter\/vare-aktiviteter\/oslo-st-hanshaugen\/\" \/>\n<meta property=\"og:site_name\" content=\"Generasjonsm\u00f8ter\" \/>\n<meta property=\"article:modified_time\" content=\"2024-11-29T10:26:09+00:00\" \/>\n<meta name=\"twitter:card\" content=\"summary_large_image\" \/>\n<meta name=\"twitter:label1\" content=\"Ansl. lesetid\" \/>\n\t<meta name=\"twitter:data1\" content=\"3 minutter\" \/>\n<script type=\"application\/ld+json\" class=\"yoast-schema-graph\">{\"@context\":\"https:\\\/\\\/schema.org\",\"@graph\":[{\"@type\":\"WebPage\",\"@id\":\"https:\\\/\\\/kirkensbymisjon.no\\\/tilbud-generasjonsmoter\\\/vare-aktiviteter\\\/oslo-st-hanshaugen\\\/\",\"url\":\"https:\\\/\\\/kirkensbymisjon.no\\\/tilbud-generasjonsmoter\\\/vare-aktiviteter\\\/oslo-st-hanshaugen\\\/\",\"name\":\"Oslo, St. Hanshaugen - Generasjonsm\u00f8ter\",\"isPartOf\":{\"@id\":\"https:\\\/\\\/kirkensbymisjon.no\\\/tilbud-generasjonsmoter\\\/#website\"},\"datePublished\":\"2024-07-30T07:41:02+00:00\",\"dateModified\":\"2024-11-29T10:26:09+00:00\",\"breadcrumb\":{\"@id\":\"https:\\\/\\\/kirkensbymisjon.no\\\/tilbud-generasjonsmoter\\\/vare-aktiviteter\\\/oslo-st-hanshaugen\\\/#breadcrumb\"},\"inLanguage\":\"nb-NO\",\"potentialAction\":[{\"@type\":\"ReadAction\",\"target\":[\"https:\\\/\\\/kirkensbymisjon.no\\\/tilbud-generasjonsmoter\\\/vare-aktiviteter\\\/oslo-st-hanshaugen\\\/\"]}]},{\"@type\":\"BreadcrumbList\",\"@id\":\"https:\\\/\\\/kirkensbymisjon.no\\\/tilbud-generasjonsmoter\\\/vare-aktiviteter\\\/oslo-st-hanshaugen\\\/#breadcrumb\",\"itemListElement\":[{\"@type\":\"ListItem\",\"position\":1,\"name\":\"Hjem\",\"item\":\"https:\\\/\\\/kirkensbymisjon.no\\\/tilbud-generasjonsmoter\\\/\"},{\"@type\":\"ListItem\",\"position\":2,\"name\":\"Finn oss\",\"item\":\"https:\\\/\\\/kirkensbymisjon.no\\\/tilbud-generasjonsmoter\\\/vare-aktiviteter\\\/\"},{\"@type\":\"ListItem\",\"position\":3,\"name\":\"Oslo, St. Hanshaugen\"}]},{\"@type\":\"WebSite\",\"@id\":\"https:\\\/\\\/kirkensbymisjon.no\\\/tilbud-generasjonsmoter\\\/#website\",\"url\":\"https:\\\/\\\/kirkensbymisjon.no\\\/tilbud-generasjonsmoter\\\/\",\"name\":\"Generasjonsm\u00f8ter\",\"description\":\"\",\"potentialAction\":[{\"@type\":\"SearchAction\",\"target\":{\"@type\":\"EntryPoint\",\"urlTemplate\":\"https:\\\/\\\/kirkensbymisjon.no\\\/tilbud-generasjonsmoter\\\/?s={search_term_string}\"},\"query-input\":{\"@type\":\"PropertyValueSpecification\",\"valueRequired\":true,\"valueName\":\"search_term_string\"}}],\"inLanguage\":\"nb-NO\"}]}<\/script>\n<!-- \/ Yoast SEO Premium plugin. -->","yoast_head_json":{"title":"Oslo, St. Hanshaugen - Generasjonsm\u00f8ter","robots":{"index":"index","follow":"follow","max-snippet":"max-snippet:-1","max-image-preview":"max-image-preview:large","max-video-preview":"max-video-preview:-1"},"canonical":"https:\/\/kirkensbymisjon.no\/tilbud-generasjonsmoter\/vare-aktiviteter\/oslo-st-hanshaugen\/","og_locale":"nb_NO","og_type":"article","og_title":"Oslo, St. Hanshaugen","og_description":"Generasjonsm\u00f8ter p\u00e5 St. Hanshaugen I samarbeid med barnevernet i bydelen setter seniorsenteret skolegang og inkludering&hellip;","og_url":"https:\/\/kirkensbymisjon.no\/tilbud-generasjonsmoter\/vare-aktiviteter\/oslo-st-hanshaugen\/","og_site_name":"Generasjonsm\u00f8ter","article_modified_time":"2024-11-29T10:26:09+00:00","twitter_card":"summary_large_image","twitter_misc":{"Ansl. lesetid":"3 minutter"},"schema":{"@context":"https:\/\/schema.org","@graph":[{"@type":"WebPage","@id":"https:\/\/kirkensbymisjon.no\/tilbud-generasjonsmoter\/vare-aktiviteter\/oslo-st-hanshaugen\/","url":"https:\/\/kirkensbymisjon.no\/tilbud-generasjonsmoter\/vare-aktiviteter\/oslo-st-hanshaugen\/","name":"Oslo, St. Hanshaugen - Generasjonsm\u00f8ter","isPartOf":{"@id":"https:\/\/kirkensbymisjon.no\/tilbud-generasjonsmoter\/#website"},"datePublished":"2024-07-30T07:41:02+00:00","dateModified":"2024-11-29T10:26:09+00:00","breadcrumb":{"@id":"https:\/\/kirkensbymisjon.no\/tilbud-generasjonsmoter\/vare-aktiviteter\/oslo-st-hanshaugen\/#breadcrumb"},"inLanguage":"nb-NO","potentialAction":[{"@type":"ReadAction","target":["https:\/\/kirkensbymisjon.no\/tilbud-generasjonsmoter\/vare-aktiviteter\/oslo-st-hanshaugen\/"]}]},{"@type":"BreadcrumbList","@id":"https:\/\/kirkensbymisjon.no\/tilbud-generasjonsmoter\/vare-aktiviteter\/oslo-st-hanshaugen\/#breadcrumb","itemListElement":[{"@type":"ListItem","position":1,"name":"Hjem","item":"https:\/\/kirkensbymisjon.no\/tilbud-generasjonsmoter\/"},{"@type":"ListItem","position":2,"name":"Finn oss","item":"https:\/\/kirkensbymisjon.no\/tilbud-generasjonsmoter\/vare-aktiviteter\/"},{"@type":"ListItem","position":3,"name":"Oslo, St. Hanshaugen"}]},{"@type":"WebSite","@id":"https:\/\/kirkensbymisjon.no\/tilbud-generasjonsmoter\/#website","url":"https:\/\/kirkensbymisjon.no\/tilbud-generasjonsmoter\/","name":"Generasjonsm\u00f8ter","description":"","potentialAction":[{"@type":"SearchAction","target":{"@type":"EntryPoint","urlTemplate":"https:\/\/kirkensbymisjon.no\/tilbud-generasjonsmoter\/?s={search_term_string}"},"query-input":{"@type":"PropertyValueSpecification","valueRequired":true,"valueName":"search_term_string"}}],"inLanguage":"nb-NO"}]}},"_links":{"self":[{"href":"https:\/\/kirkensbymisjon.no\/tilbud-generasjonsmoter\/wp-json\/wp\/v2\/pages\/40","targetHints":{"allow":["GET"]}}],"collection":[{"href":"https:\/\/kirkensbymisjon.no\/tilbud-generasjonsmoter\/wp-json\/wp\/v2\/pages"}],"about":[{"href":"https:\/\/kirkensbymisjon.no\/tilbud-generasjonsmoter\/wp-json\/wp\/v2\/types\/page"}],"author":[{"embeddable":true,"href":"https:\/\/kirkensbymisjon.no\/tilbud-generasjonsmoter\/wp-json\/wp\/v2\/users\/4"}],"replies":[{"embeddable":true,"href":"https:\/\/kirkensbymisjon.no\/tilbud-generasjonsmoter\/wp-json\/wp\/v2\/comments?post=40"}],"version-history":[{"count":5,"href":"https:\/\/kirkensbymisjon.no\/tilbud-generasjonsmoter\/wp-json\/wp\/v2\/pages\/40\/revisions"}],"predecessor-version":[{"id":155,"href":"https:\/\/kirkensbymisjon.no\/tilbud-generasjonsmoter\/wp-json\/wp\/v2\/pages\/40\/revisions\/155"}],"up":[{"embeddable":true,"href":"https:\/\/kirkensbymisjon.no\/tilbud-generasjonsmoter\/wp-json\/wp\/v2\/pages\/11"}],"wp:attachment":[{"href":"https:\/\/kirkensbymisjon.no\/tilbud-generasjonsmoter\/wp-json\/wp\/v2\/media?parent=40"}],"curies":[{"name":"wp","href":"https:\/\/api.w.org\/{rel}","templated":true}]}}