{"id":42,"date":"2024-07-30T09:41:23","date_gmt":"2024-07-30T07:41:23","guid":{"rendered":"https:\/\/kirkensbymisjon.no\/tilbud-generasjonsmoter\/?page_id=42"},"modified":"2024-11-29T11:24:22","modified_gmt":"2024-11-29T10:24:22","slug":"oslo-nordstrand","status":"publish","type":"page","link":"https:\/\/kirkensbymisjon.no\/tilbud-generasjonsmoter\/vare-aktiviteter\/oslo-nordstrand\/","title":{"rendered":"Oslo, Nordstrand"},"content":{"rendered":"\n<h2 class=\"wp-block-heading\" id=\"h-generasjonsmoter-pa-nordstrand\"><strong>Generasjonsm\u00f8ter p\u00e5 Nordstrand<\/strong><\/h2>\n\n\n\n<p>P\u00e5 <strong><a href=\"\/tilbud-skovheim-allsenter\">Skovheim allsenter<\/a><\/strong> m\u00f8tes ungdommer og eldre p\u00e5 mandager for felles m\u00e5ltid og hyggelig sosialt samv\u00e6r. I dag har vi tre ungdommer og tre eldre som er med p\u00e5 prosjektet.<\/p>\n\n\n\n<p>Vi starter m\u00f8tene med middag kl. 17.00, av og til lager vi maten sammen, andre ganger er den ferdig til deltakerne kommer. Etter at maten er spist spiller vi spill, prater og koser oss. De eldre deltakerne avslutter kl. 19.00, og ungdommene hjelper til og rydder frem til kl. 20.00.<\/p>\n\n\n\n<p><strong>Aktiviteter&nbsp;<\/strong><\/p>\n\n\n\n<ul class=\"wp-block-list\">\n<li>Matlaging.<\/li>\n\n\n\n<li>Brettspill.<\/li>\n\n\n\n<li>Turer.<\/li>\n<\/ul>\n\n\n\n<p><strong>Aktivitetsplan<\/strong><\/p>\n\n\n\n<p>Mandager kl. 17.00\u201320.00<br>Skovheim allsenter, Ekebergveien 208, Nordstrand<\/p>\n","protected":false},"excerpt":{"rendered":"<p>Generasjonsm\u00f8ter p\u00e5 Nordstrand P\u00e5 Skovheim allsenter m\u00f8tes ungdommer og eldre p\u00e5 mandager for felles m\u00e5ltid&hellip;<\/p>\n","protected":false},"author":4,"featured_media":0,"parent":11,"menu_order":0,"comment_status":"closed","ping_status":"closed","template":"","meta":{"_relevanssi_hide_post":"","_relevanssi_hide_content":"","_relevanssi_pin_for_all":"","_relevanssi_pin_keywords":"","_relevanssi_unpin_keywords":"","_relevanssi_related_keywords":"","_relevanssi_related_include_ids":"","_relevanssi_related_exclude_ids":"","_relevanssi_related_no_append":"","_relevanssi_related_not_related":"","_relevanssi_related_posts":"1","_relevanssi_noindex_reason":"","editor_notices":[],"footnotes":""},"class_list":["post-42","page","type-page","status-publish","hentry"],"yoast_head":"<!-- This site is optimized with the Yoast SEO Premium plugin v27.2 (Yoast SEO v27.4) - https:\/\/yoast.com\/product\/yoast-seo-premium-wordpress\/ -->\n<title>Oslo, Nordstrand - Generasjonsm\u00f8ter<\/title>\n<meta name=\"robots\" content=\"index, follow, max-snippet:-1, max-image-preview:large, max-video-preview:-1\" \/>\n<link rel=\"canonical\" href=\"https:\/\/kirkensbymisjon.no\/tilbud-generasjonsmoter\/vare-aktiviteter\/oslo-nordstrand\/\" \/>\n<meta property=\"og:locale\" content=\"nb_NO\" \/>\n<meta property=\"og:type\" content=\"article\" \/>\n<meta property=\"og:title\" content=\"Oslo, Nordstrand\" \/>\n<meta property=\"og:description\" content=\"Generasjonsm\u00f8ter p\u00e5 Nordstrand P\u00e5 Skovheim allsenter m\u00f8tes ungdommer og eldre p\u00e5 mandager for felles m\u00e5ltid&hellip;\" \/>\n<meta property=\"og:url\" content=\"https:\/\/kirkensbymisjon.no\/tilbud-generasjonsmoter\/vare-aktiviteter\/oslo-nordstrand\/\" \/>\n<meta property=\"og:site_name\" content=\"Generasjonsm\u00f8ter\" \/>\n<meta property=\"article:modified_time\" content=\"2024-11-29T10:24:22+00:00\" \/>\n<meta name=\"twitter:card\" content=\"summary_large_image\" \/>\n<meta name=\"twitter:label1\" content=\"Ansl. lesetid\" \/>\n\t<meta name=\"twitter:data1\" content=\"1 minutt\" \/>\n<script type=\"application\/ld+json\" class=\"yoast-schema-graph\">{\"@context\":\"https:\\\/\\\/schema.org\",\"@graph\":[{\"@type\":\"WebPage\",\"@id\":\"https:\\\/\\\/kirkensbymisjon.no\\\/tilbud-generasjonsmoter\\\/vare-aktiviteter\\\/oslo-nordstrand\\\/\",\"url\":\"https:\\\/\\\/kirkensbymisjon.no\\\/tilbud-generasjonsmoter\\\/vare-aktiviteter\\\/oslo-nordstrand\\\/\",\"name\":\"Oslo, Nordstrand - Generasjonsm\u00f8ter\",\"isPartOf\":{\"@id\":\"https:\\\/\\\/kirkensbymisjon.no\\\/tilbud-generasjonsmoter\\\/#website\"},\"datePublished\":\"2024-07-30T07:41:23+00:00\",\"dateModified\":\"2024-11-29T10:24:22+00:00\",\"breadcrumb\":{\"@id\":\"https:\\\/\\\/kirkensbymisjon.no\\\/tilbud-generasjonsmoter\\\/vare-aktiviteter\\\/oslo-nordstrand\\\/#breadcrumb\"},\"inLanguage\":\"nb-NO\",\"potentialAction\":[{\"@type\":\"ReadAction\",\"target\":[\"https:\\\/\\\/kirkensbymisjon.no\\\/tilbud-generasjonsmoter\\\/vare-aktiviteter\\\/oslo-nordstrand\\\/\"]}]},{\"@type\":\"BreadcrumbList\",\"@id\":\"https:\\\/\\\/kirkensbymisjon.no\\\/tilbud-generasjonsmoter\\\/vare-aktiviteter\\\/oslo-nordstrand\\\/#breadcrumb\",\"itemListElement\":[{\"@type\":\"ListItem\",\"position\":1,\"name\":\"Hjem\",\"item\":\"https:\\\/\\\/kirkensbymisjon.no\\\/tilbud-generasjonsmoter\\\/\"},{\"@type\":\"ListItem\",\"position\":2,\"name\":\"Finn oss\",\"item\":\"https:\\\/\\\/kirkensbymisjon.no\\\/tilbud-generasjonsmoter\\\/vare-aktiviteter\\\/\"},{\"@type\":\"ListItem\",\"position\":3,\"name\":\"Oslo, Nordstrand\"}]},{\"@type\":\"WebSite\",\"@id\":\"https:\\\/\\\/kirkensbymisjon.no\\\/tilbud-generasjonsmoter\\\/#website\",\"url\":\"https:\\\/\\\/kirkensbymisjon.no\\\/tilbud-generasjonsmoter\\\/\",\"name\":\"Generasjonsm\u00f8ter\",\"description\":\"\",\"potentialAction\":[{\"@type\":\"SearchAction\",\"target\":{\"@type\":\"EntryPoint\",\"urlTemplate\":\"https:\\\/\\\/kirkensbymisjon.no\\\/tilbud-generasjonsmoter\\\/?s={search_term_string}\"},\"query-input\":{\"@type\":\"PropertyValueSpecification\",\"valueRequired\":true,\"valueName\":\"search_term_string\"}}],\"inLanguage\":\"nb-NO\"}]}<\/script>\n<!-- \/ Yoast SEO Premium plugin. -->","yoast_head_json":{"title":"Oslo, Nordstrand - Generasjonsm\u00f8ter","robots":{"index":"index","follow":"follow","max-snippet":"max-snippet:-1","max-image-preview":"max-image-preview:large","max-video-preview":"max-video-preview:-1"},"canonical":"https:\/\/kirkensbymisjon.no\/tilbud-generasjonsmoter\/vare-aktiviteter\/oslo-nordstrand\/","og_locale":"nb_NO","og_type":"article","og_title":"Oslo, Nordstrand","og_description":"Generasjonsm\u00f8ter p\u00e5 Nordstrand P\u00e5 Skovheim allsenter m\u00f8tes ungdommer og eldre p\u00e5 mandager for felles m\u00e5ltid&hellip;","og_url":"https:\/\/kirkensbymisjon.no\/tilbud-generasjonsmoter\/vare-aktiviteter\/oslo-nordstrand\/","og_site_name":"Generasjonsm\u00f8ter","article_modified_time":"2024-11-29T10:24:22+00:00","twitter_card":"summary_large_image","twitter_misc":{"Ansl. lesetid":"1 minutt"},"schema":{"@context":"https:\/\/schema.org","@graph":[{"@type":"WebPage","@id":"https:\/\/kirkensbymisjon.no\/tilbud-generasjonsmoter\/vare-aktiviteter\/oslo-nordstrand\/","url":"https:\/\/kirkensbymisjon.no\/tilbud-generasjonsmoter\/vare-aktiviteter\/oslo-nordstrand\/","name":"Oslo, Nordstrand - Generasjonsm\u00f8ter","isPartOf":{"@id":"https:\/\/kirkensbymisjon.no\/tilbud-generasjonsmoter\/#website"},"datePublished":"2024-07-30T07:41:23+00:00","dateModified":"2024-11-29T10:24:22+00:00","breadcrumb":{"@id":"https:\/\/kirkensbymisjon.no\/tilbud-generasjonsmoter\/vare-aktiviteter\/oslo-nordstrand\/#breadcrumb"},"inLanguage":"nb-NO","potentialAction":[{"@type":"ReadAction","target":["https:\/\/kirkensbymisjon.no\/tilbud-generasjonsmoter\/vare-aktiviteter\/oslo-nordstrand\/"]}]},{"@type":"BreadcrumbList","@id":"https:\/\/kirkensbymisjon.no\/tilbud-generasjonsmoter\/vare-aktiviteter\/oslo-nordstrand\/#breadcrumb","itemListElement":[{"@type":"ListItem","position":1,"name":"Hjem","item":"https:\/\/kirkensbymisjon.no\/tilbud-generasjonsmoter\/"},{"@type":"ListItem","position":2,"name":"Finn oss","item":"https:\/\/kirkensbymisjon.no\/tilbud-generasjonsmoter\/vare-aktiviteter\/"},{"@type":"ListItem","position":3,"name":"Oslo, Nordstrand"}]},{"@type":"WebSite","@id":"https:\/\/kirkensbymisjon.no\/tilbud-generasjonsmoter\/#website","url":"https:\/\/kirkensbymisjon.no\/tilbud-generasjonsmoter\/","name":"Generasjonsm\u00f8ter","description":"","potentialAction":[{"@type":"SearchAction","target":{"@type":"EntryPoint","urlTemplate":"https:\/\/kirkensbymisjon.no\/tilbud-generasjonsmoter\/?s={search_term_string}"},"query-input":{"@type":"PropertyValueSpecification","valueRequired":true,"valueName":"search_term_string"}}],"inLanguage":"nb-NO"}]}},"_links":{"self":[{"href":"https:\/\/kirkensbymisjon.no\/tilbud-generasjonsmoter\/wp-json\/wp\/v2\/pages\/42","targetHints":{"allow":["GET"]}}],"collection":[{"href":"https:\/\/kirkensbymisjon.no\/tilbud-generasjonsmoter\/wp-json\/wp\/v2\/pages"}],"about":[{"href":"https:\/\/kirkensbymisjon.no\/tilbud-generasjonsmoter\/wp-json\/wp\/v2\/types\/page"}],"author":[{"embeddable":true,"href":"https:\/\/kirkensbymisjon.no\/tilbud-generasjonsmoter\/wp-json\/wp\/v2\/users\/4"}],"replies":[{"embeddable":true,"href":"https:\/\/kirkensbymisjon.no\/tilbud-generasjonsmoter\/wp-json\/wp\/v2\/comments?post=42"}],"version-history":[{"count":4,"href":"https:\/\/kirkensbymisjon.no\/tilbud-generasjonsmoter\/wp-json\/wp\/v2\/pages\/42\/revisions"}],"predecessor-version":[{"id":154,"href":"https:\/\/kirkensbymisjon.no\/tilbud-generasjonsmoter\/wp-json\/wp\/v2\/pages\/42\/revisions\/154"}],"up":[{"embeddable":true,"href":"https:\/\/kirkensbymisjon.no\/tilbud-generasjonsmoter\/wp-json\/wp\/v2\/pages\/11"}],"wp:attachment":[{"href":"https:\/\/kirkensbymisjon.no\/tilbud-generasjonsmoter\/wp-json\/wp\/v2\/media?parent=42"}],"curies":[{"name":"wp","href":"https:\/\/api.w.org\/{rel}","templated":true}]}}