{"id":44,"date":"2024-07-30T09:41:46","date_gmt":"2024-07-30T07:41:46","guid":{"rendered":"https:\/\/kirkensbymisjon.no\/tilbud-generasjonsmoter\/?page_id=44"},"modified":"2024-12-04T21:14:11","modified_gmt":"2024-12-04T20:14:11","slug":"oslo-grunerlokka","status":"publish","type":"page","link":"https:\/\/kirkensbymisjon.no\/tilbud-generasjonsmoter\/vare-aktiviteter\/oslo-grunerlokka\/","title":{"rendered":"Oslo, Gr\u00fcnerl\u00f8kka"},"content":{"rendered":"\n<h2 class=\"wp-block-heading\" id=\"h-generasjonsmoter-pa-grunerlokka\">Generasjonsm\u00f8ter p\u00e5 Gr\u00fcnerl\u00f8kka<\/h2>\n\n\n\n<p>Vi arbeider med \u00e5 utvikle og forankre relasjonene til samarbeidspartnere i bydelen. Vi har et veldig godt samarbeid med Sofienberg ungdomsskole om leksehjelp, samt at seniorsentrene p\u00e5 Gr\u00fcnerl\u00f8kka fra h\u00f8sten blir en samarbeidspart i valgfaget; \u00abInnsats for andre\u00bb. Videre er Deichman Gr\u00fcnerl\u00f8kka p\u00e5 Schous plass en viktig samarbeidspart, og samarbeid med Kuben videreg\u00e5ende skole der elever har digital veiledning for senterets dataklubb.<\/p>\n\n\n\n<p><strong>Faste aktiviteter<\/strong><\/p>\n\n\n\n<ul class=\"wp-block-list\">\n<li>\u00abEtter skoletid\u00bb tirsdager, kl. 14.30-17.00; leksehjelp og oppf\u00f8lging av skolearbeid i samarbeid med Sofienberg ungdomsskole.<\/li>\n\n\n\n<li>\u00abInnsats for andre\u00bb \u2013 et valgfag for elever ved Sofienberg ungdomsskole. Hver 3. torsdag i m\u00e5neden er elevene p\u00e5 senteret hele skoledagen.<\/li>\n\n\n\n<li>Digital veiledning i samarbeid med Kuben videreg\u00e5ende skole for senterets dataklubb \u2013 onsdager, kl. 10.00-11.30.<\/li>\n\n\n\n<li>POP-up biblioteket fra Deichman Gr\u00fcnerl\u00f8kka med bokutl\u00e5n og samtaler om b\u00f8ker innenfor mange tema hver 3. fredag i m\u00e5neden.<\/li>\n\n\n\n<li>Lekse- og spr\u00e5khjelp \u00e8n-til-\u00e8n i en Somalisk gruppe med barn og unge startet opp i 2021.<\/li>\n<\/ul>\n","protected":false},"excerpt":{"rendered":"<p>Generasjonsm\u00f8ter p\u00e5 Gr\u00fcnerl\u00f8kka Vi arbeider med \u00e5 utvikle og forankre relasjonene til samarbeidspartnere i bydelen.&hellip;<\/p>\n","protected":false},"author":4,"featured_media":0,"parent":11,"menu_order":0,"comment_status":"closed","ping_status":"closed","template":"","meta":{"_relevanssi_hide_post":"","_relevanssi_hide_content":"","_relevanssi_pin_for_all":"","_relevanssi_pin_keywords":"","_relevanssi_unpin_keywords":"","_relevanssi_related_keywords":"","_relevanssi_related_include_ids":"","_relevanssi_related_exclude_ids":"","_relevanssi_related_no_append":"","_relevanssi_related_not_related":"","_relevanssi_related_posts":"1","_relevanssi_noindex_reason":"","editor_notices":[],"footnotes":""},"class_list":["post-44","page","type-page","status-publish","hentry"],"yoast_head":"<!-- This site is optimized with the Yoast SEO Premium plugin v27.2 (Yoast SEO v27.4) - https:\/\/yoast.com\/product\/yoast-seo-premium-wordpress\/ -->\n<title>Oslo, Gr\u00fcnerl\u00f8kka - Generasjonsm\u00f8ter<\/title>\n<meta name=\"robots\" content=\"index, follow, max-snippet:-1, max-image-preview:large, max-video-preview:-1\" \/>\n<link rel=\"canonical\" href=\"https:\/\/kirkensbymisjon.no\/tilbud-generasjonsmoter\/vare-aktiviteter\/oslo-grunerlokka\/\" \/>\n<meta property=\"og:locale\" content=\"nb_NO\" \/>\n<meta property=\"og:type\" content=\"article\" \/>\n<meta property=\"og:title\" content=\"Oslo, Gr\u00fcnerl\u00f8kka\" \/>\n<meta property=\"og:description\" content=\"Generasjonsm\u00f8ter p\u00e5 Gr\u00fcnerl\u00f8kka Vi arbeider med \u00e5 utvikle og forankre relasjonene til samarbeidspartnere i bydelen.&hellip;\" \/>\n<meta property=\"og:url\" content=\"https:\/\/kirkensbymisjon.no\/tilbud-generasjonsmoter\/vare-aktiviteter\/oslo-grunerlokka\/\" \/>\n<meta property=\"og:site_name\" content=\"Generasjonsm\u00f8ter\" \/>\n<meta property=\"article:modified_time\" content=\"2024-12-04T20:14:11+00:00\" \/>\n<meta name=\"twitter:card\" content=\"summary_large_image\" \/>\n<meta name=\"twitter:label1\" content=\"Ansl. lesetid\" \/>\n\t<meta name=\"twitter:data1\" content=\"1 minutt\" \/>\n<script type=\"application\/ld+json\" class=\"yoast-schema-graph\">{\"@context\":\"https:\\\/\\\/schema.org\",\"@graph\":[{\"@type\":\"WebPage\",\"@id\":\"https:\\\/\\\/kirkensbymisjon.no\\\/tilbud-generasjonsmoter\\\/vare-aktiviteter\\\/oslo-grunerlokka\\\/\",\"url\":\"https:\\\/\\\/kirkensbymisjon.no\\\/tilbud-generasjonsmoter\\\/vare-aktiviteter\\\/oslo-grunerlokka\\\/\",\"name\":\"Oslo, Gr\u00fcnerl\u00f8kka - Generasjonsm\u00f8ter\",\"isPartOf\":{\"@id\":\"https:\\\/\\\/kirkensbymisjon.no\\\/tilbud-generasjonsmoter\\\/#website\"},\"datePublished\":\"2024-07-30T07:41:46+00:00\",\"dateModified\":\"2024-12-04T20:14:11+00:00\",\"breadcrumb\":{\"@id\":\"https:\\\/\\\/kirkensbymisjon.no\\\/tilbud-generasjonsmoter\\\/vare-aktiviteter\\\/oslo-grunerlokka\\\/#breadcrumb\"},\"inLanguage\":\"nb-NO\",\"potentialAction\":[{\"@type\":\"ReadAction\",\"target\":[\"https:\\\/\\\/kirkensbymisjon.no\\\/tilbud-generasjonsmoter\\\/vare-aktiviteter\\\/oslo-grunerlokka\\\/\"]}]},{\"@type\":\"BreadcrumbList\",\"@id\":\"https:\\\/\\\/kirkensbymisjon.no\\\/tilbud-generasjonsmoter\\\/vare-aktiviteter\\\/oslo-grunerlokka\\\/#breadcrumb\",\"itemListElement\":[{\"@type\":\"ListItem\",\"position\":1,\"name\":\"Hjem\",\"item\":\"https:\\\/\\\/kirkensbymisjon.no\\\/tilbud-generasjonsmoter\\\/\"},{\"@type\":\"ListItem\",\"position\":2,\"name\":\"Finn oss\",\"item\":\"https:\\\/\\\/kirkensbymisjon.no\\\/tilbud-generasjonsmoter\\\/vare-aktiviteter\\\/\"},{\"@type\":\"ListItem\",\"position\":3,\"name\":\"Oslo, Gr\u00fcnerl\u00f8kka\"}]},{\"@type\":\"WebSite\",\"@id\":\"https:\\\/\\\/kirkensbymisjon.no\\\/tilbud-generasjonsmoter\\\/#website\",\"url\":\"https:\\\/\\\/kirkensbymisjon.no\\\/tilbud-generasjonsmoter\\\/\",\"name\":\"Generasjonsm\u00f8ter\",\"description\":\"\",\"potentialAction\":[{\"@type\":\"SearchAction\",\"target\":{\"@type\":\"EntryPoint\",\"urlTemplate\":\"https:\\\/\\\/kirkensbymisjon.no\\\/tilbud-generasjonsmoter\\\/?s={search_term_string}\"},\"query-input\":{\"@type\":\"PropertyValueSpecification\",\"valueRequired\":true,\"valueName\":\"search_term_string\"}}],\"inLanguage\":\"nb-NO\"}]}<\/script>\n<!-- \/ Yoast SEO Premium plugin. -->","yoast_head_json":{"title":"Oslo, Gr\u00fcnerl\u00f8kka - Generasjonsm\u00f8ter","robots":{"index":"index","follow":"follow","max-snippet":"max-snippet:-1","max-image-preview":"max-image-preview:large","max-video-preview":"max-video-preview:-1"},"canonical":"https:\/\/kirkensbymisjon.no\/tilbud-generasjonsmoter\/vare-aktiviteter\/oslo-grunerlokka\/","og_locale":"nb_NO","og_type":"article","og_title":"Oslo, Gr\u00fcnerl\u00f8kka","og_description":"Generasjonsm\u00f8ter p\u00e5 Gr\u00fcnerl\u00f8kka Vi arbeider med \u00e5 utvikle og forankre relasjonene til samarbeidspartnere i bydelen.&hellip;","og_url":"https:\/\/kirkensbymisjon.no\/tilbud-generasjonsmoter\/vare-aktiviteter\/oslo-grunerlokka\/","og_site_name":"Generasjonsm\u00f8ter","article_modified_time":"2024-12-04T20:14:11+00:00","twitter_card":"summary_large_image","twitter_misc":{"Ansl. lesetid":"1 minutt"},"schema":{"@context":"https:\/\/schema.org","@graph":[{"@type":"WebPage","@id":"https:\/\/kirkensbymisjon.no\/tilbud-generasjonsmoter\/vare-aktiviteter\/oslo-grunerlokka\/","url":"https:\/\/kirkensbymisjon.no\/tilbud-generasjonsmoter\/vare-aktiviteter\/oslo-grunerlokka\/","name":"Oslo, Gr\u00fcnerl\u00f8kka - Generasjonsm\u00f8ter","isPartOf":{"@id":"https:\/\/kirkensbymisjon.no\/tilbud-generasjonsmoter\/#website"},"datePublished":"2024-07-30T07:41:46+00:00","dateModified":"2024-12-04T20:14:11+00:00","breadcrumb":{"@id":"https:\/\/kirkensbymisjon.no\/tilbud-generasjonsmoter\/vare-aktiviteter\/oslo-grunerlokka\/#breadcrumb"},"inLanguage":"nb-NO","potentialAction":[{"@type":"ReadAction","target":["https:\/\/kirkensbymisjon.no\/tilbud-generasjonsmoter\/vare-aktiviteter\/oslo-grunerlokka\/"]}]},{"@type":"BreadcrumbList","@id":"https:\/\/kirkensbymisjon.no\/tilbud-generasjonsmoter\/vare-aktiviteter\/oslo-grunerlokka\/#breadcrumb","itemListElement":[{"@type":"ListItem","position":1,"name":"Hjem","item":"https:\/\/kirkensbymisjon.no\/tilbud-generasjonsmoter\/"},{"@type":"ListItem","position":2,"name":"Finn oss","item":"https:\/\/kirkensbymisjon.no\/tilbud-generasjonsmoter\/vare-aktiviteter\/"},{"@type":"ListItem","position":3,"name":"Oslo, Gr\u00fcnerl\u00f8kka"}]},{"@type":"WebSite","@id":"https:\/\/kirkensbymisjon.no\/tilbud-generasjonsmoter\/#website","url":"https:\/\/kirkensbymisjon.no\/tilbud-generasjonsmoter\/","name":"Generasjonsm\u00f8ter","description":"","potentialAction":[{"@type":"SearchAction","target":{"@type":"EntryPoint","urlTemplate":"https:\/\/kirkensbymisjon.no\/tilbud-generasjonsmoter\/?s={search_term_string}"},"query-input":{"@type":"PropertyValueSpecification","valueRequired":true,"valueName":"search_term_string"}}],"inLanguage":"nb-NO"}]}},"_links":{"self":[{"href":"https:\/\/kirkensbymisjon.no\/tilbud-generasjonsmoter\/wp-json\/wp\/v2\/pages\/44","targetHints":{"allow":["GET"]}}],"collection":[{"href":"https:\/\/kirkensbymisjon.no\/tilbud-generasjonsmoter\/wp-json\/wp\/v2\/pages"}],"about":[{"href":"https:\/\/kirkensbymisjon.no\/tilbud-generasjonsmoter\/wp-json\/wp\/v2\/types\/page"}],"author":[{"embeddable":true,"href":"https:\/\/kirkensbymisjon.no\/tilbud-generasjonsmoter\/wp-json\/wp\/v2\/users\/4"}],"replies":[{"embeddable":true,"href":"https:\/\/kirkensbymisjon.no\/tilbud-generasjonsmoter\/wp-json\/wp\/v2\/comments?post=44"}],"version-history":[{"count":4,"href":"https:\/\/kirkensbymisjon.no\/tilbud-generasjonsmoter\/wp-json\/wp\/v2\/pages\/44\/revisions"}],"predecessor-version":[{"id":186,"href":"https:\/\/kirkensbymisjon.no\/tilbud-generasjonsmoter\/wp-json\/wp\/v2\/pages\/44\/revisions\/186"}],"up":[{"embeddable":true,"href":"https:\/\/kirkensbymisjon.no\/tilbud-generasjonsmoter\/wp-json\/wp\/v2\/pages\/11"}],"wp:attachment":[{"href":"https:\/\/kirkensbymisjon.no\/tilbud-generasjonsmoter\/wp-json\/wp\/v2\/media?parent=44"}],"curies":[{"name":"wp","href":"https:\/\/api.w.org\/{rel}","templated":true}]}}