{"id":52,"date":"2024-07-30T09:42:57","date_gmt":"2024-07-30T07:42:57","guid":{"rendered":"https:\/\/kirkensbymisjon.no\/tilbud-generasjonsmoter\/?page_id=52"},"modified":"2024-11-29T11:17:52","modified_gmt":"2024-11-29T10:17:52","slug":"randaberg","status":"publish","type":"page","link":"https:\/\/kirkensbymisjon.no\/tilbud-generasjonsmoter\/vare-aktiviteter\/randaberg\/","title":{"rendered":"Randaberg"},"content":{"rendered":"\n<h2 class=\"wp-block-heading\" id=\"h-generasjonsmoter-pa-randaberg\">Generasjonsm\u00f8ter p\u00e5 Randaberg<\/h2>\n\n\n\n<p>\u00abGenerasjonsm\u00f8ter\u00bb p\u00e5 <a href=\"https:\/\/vistestrandhotell.no\/\">Ventilene Viste Strandhotell<\/a> legger til rette for at generasjoner kan m\u00f8tes \u00e9n\u00a0gang i uken rundt leksehjelp, m\u00e5ltider og aktiviteter.<\/p>\n\n\n\n<p>Vi starter med \u00e5 bes\u00f8ke et av sykehjemmene p\u00e5 Randaberg hvor vi g\u00e5r tur med beboere som \u00f8nsker det. Noen blir bare med p\u00e5 turen, mens andre blir med oss til v\u00e5re lokaler p\u00e5 Ventilene Viste Strandhotell.<\/p>\n\n\n\n<p>Her serverer vi et enkelt m\u00e5ltid og spiser og snakker sammen, f\u00f8r noen g\u00e5r til leksehjelp. Resten av gruppen blir igjen og snakker om et tema. Temaene vil v\u00e6re forskjellige fra gang til gang, og kan for eksempel v\u00e6re;&nbsp;\u00ableker f\u00f8r og n\u00e5\u00bb, \u00abjul\u00bb, \u00abtakknemlighet\u00bb eller \u00abkarneval\u00bb. Etter leksehjelpen, samles vi igjen for felles aktivitet; baking, brettspill, forming, maling eller livredningskurs.<\/p>\n\n\n\n<p>Ved behov og etter avtale kan vi kj\u00f8re deg hjem etter aktivitetene. Tilbudet er gratis og passer for alle generasjoner. Barn vil ha st\u00f8rst utbytte av temaer og aktiviteter i skolealder, men det vil v\u00e6re lekekrok for de minste.<\/p>\n\n\n\n<h3 class=\"wp-block-heading\" id=\"h-ventilene-viste-strandhotell\">Ventilene Viste Strandhotell<\/h3>\n\n\n\n<p>Ventilene Viste Strandhotell er en del av Kirkens Bymisjon Rogaland og en sosial virksomhet. Alle inntekter g\u00e5r direkte til v\u00e5rt arbeid for og med unge p\u00e5r\u00f8rende. Her f\u00e5r ungdom arbeidstrening og v\u00e5rt fokus er omsorg for mennesket. Vi vil gj\u00f8re v\u00e5rt ytterste for \u00e5 gi dere en god opplevelse hos oss. Mer om Ventilene og arbeidet med barn og unge finner du p\u00e5 Facebook.<\/p>\n\n\n\n<h3 class=\"wp-block-heading\" id=\"h-aktivitetskalender\">Aktivitetskalender<\/h3>\n\n\n\n<p>Oppstart onsdag 4. september, kl. 16.30\u201318.30.<\/p>\n","protected":false},"excerpt":{"rendered":"<p>Generasjonsm\u00f8ter p\u00e5 Randaberg \u00abGenerasjonsm\u00f8ter\u00bb p\u00e5 Ventilene Viste Strandhotell legger til rette for at generasjoner kan&hellip;<\/p>\n","protected":false},"author":4,"featured_media":0,"parent":11,"menu_order":0,"comment_status":"closed","ping_status":"closed","template":"","meta":{"_relevanssi_hide_post":"","_relevanssi_hide_content":"","_relevanssi_pin_for_all":"","_relevanssi_pin_keywords":"","_relevanssi_unpin_keywords":"","_relevanssi_related_keywords":"","_relevanssi_related_include_ids":"","_relevanssi_related_exclude_ids":"","_relevanssi_related_no_append":"","_relevanssi_related_not_related":"","_relevanssi_related_posts":"1","_relevanssi_noindex_reason":"","editor_notices":[],"footnotes":""},"class_list":["post-52","page","type-page","status-publish","hentry"],"yoast_head":"<!-- This site is optimized with the Yoast SEO Premium plugin v27.2 (Yoast SEO v27.2) - https:\/\/yoast.com\/product\/yoast-seo-premium-wordpress\/ -->\n<title>Randaberg - Generasjonsm\u00f8ter<\/title>\n<meta name=\"robots\" content=\"index, follow, max-snippet:-1, max-image-preview:large, max-video-preview:-1\" \/>\n<link rel=\"canonical\" href=\"https:\/\/kirkensbymisjon.no\/tilbud-generasjonsmoter\/vare-aktiviteter\/randaberg\/\" \/>\n<meta property=\"og:locale\" content=\"nb_NO\" \/>\n<meta property=\"og:type\" content=\"article\" \/>\n<meta property=\"og:title\" content=\"Randaberg\" \/>\n<meta property=\"og:description\" content=\"Generasjonsm\u00f8ter p\u00e5 Randaberg \u00abGenerasjonsm\u00f8ter\u00bb p\u00e5 Ventilene Viste Strandhotell legger til rette for at generasjoner kan&hellip;\" \/>\n<meta property=\"og:url\" content=\"https:\/\/kirkensbymisjon.no\/tilbud-generasjonsmoter\/vare-aktiviteter\/randaberg\/\" \/>\n<meta property=\"og:site_name\" content=\"Generasjonsm\u00f8ter\" \/>\n<meta property=\"article:modified_time\" content=\"2024-11-29T10:17:52+00:00\" \/>\n<meta name=\"twitter:card\" content=\"summary_large_image\" \/>\n<meta name=\"twitter:label1\" content=\"Ansl. lesetid\" \/>\n\t<meta name=\"twitter:data1\" content=\"2 minutter\" \/>\n<script type=\"application\/ld+json\" class=\"yoast-schema-graph\">{\"@context\":\"https:\/\/schema.org\",\"@graph\":[{\"@type\":\"WebPage\",\"@id\":\"https:\/\/kirkensbymisjon.no\/tilbud-generasjonsmoter\/vare-aktiviteter\/randaberg\/\",\"url\":\"https:\/\/kirkensbymisjon.no\/tilbud-generasjonsmoter\/vare-aktiviteter\/randaberg\/\",\"name\":\"Randaberg - Generasjonsm\u00f8ter\",\"isPartOf\":{\"@id\":\"https:\/\/kirkensbymisjon.no\/tilbud-generasjonsmoter\/#website\"},\"datePublished\":\"2024-07-30T07:42:57+00:00\",\"dateModified\":\"2024-11-29T10:17:52+00:00\",\"breadcrumb\":{\"@id\":\"https:\/\/kirkensbymisjon.no\/tilbud-generasjonsmoter\/vare-aktiviteter\/randaberg\/#breadcrumb\"},\"inLanguage\":\"nb-NO\",\"potentialAction\":[{\"@type\":\"ReadAction\",\"target\":[\"https:\/\/kirkensbymisjon.no\/tilbud-generasjonsmoter\/vare-aktiviteter\/randaberg\/\"]}]},{\"@type\":\"BreadcrumbList\",\"@id\":\"https:\/\/kirkensbymisjon.no\/tilbud-generasjonsmoter\/vare-aktiviteter\/randaberg\/#breadcrumb\",\"itemListElement\":[{\"@type\":\"ListItem\",\"position\":1,\"name\":\"Hjem\",\"item\":\"https:\/\/kirkensbymisjon.no\/tilbud-generasjonsmoter\/\"},{\"@type\":\"ListItem\",\"position\":2,\"name\":\"Finn oss\",\"item\":\"https:\/\/kirkensbymisjon.no\/tilbud-generasjonsmoter\/vare-aktiviteter\/\"},{\"@type\":\"ListItem\",\"position\":3,\"name\":\"Randaberg\"}]},{\"@type\":\"WebSite\",\"@id\":\"https:\/\/kirkensbymisjon.no\/tilbud-generasjonsmoter\/#website\",\"url\":\"https:\/\/kirkensbymisjon.no\/tilbud-generasjonsmoter\/\",\"name\":\"Generasjonsm\u00f8ter\",\"description\":\"\",\"potentialAction\":[{\"@type\":\"SearchAction\",\"target\":{\"@type\":\"EntryPoint\",\"urlTemplate\":\"https:\/\/kirkensbymisjon.no\/tilbud-generasjonsmoter\/?s={search_term_string}\"},\"query-input\":{\"@type\":\"PropertyValueSpecification\",\"valueRequired\":true,\"valueName\":\"search_term_string\"}}],\"inLanguage\":\"nb-NO\"}]}<\/script>\n<!-- \/ Yoast SEO Premium plugin. -->","yoast_head_json":{"title":"Randaberg - Generasjonsm\u00f8ter","robots":{"index":"index","follow":"follow","max-snippet":"max-snippet:-1","max-image-preview":"max-image-preview:large","max-video-preview":"max-video-preview:-1"},"canonical":"https:\/\/kirkensbymisjon.no\/tilbud-generasjonsmoter\/vare-aktiviteter\/randaberg\/","og_locale":"nb_NO","og_type":"article","og_title":"Randaberg","og_description":"Generasjonsm\u00f8ter p\u00e5 Randaberg \u00abGenerasjonsm\u00f8ter\u00bb p\u00e5 Ventilene Viste Strandhotell legger til rette for at generasjoner kan&hellip;","og_url":"https:\/\/kirkensbymisjon.no\/tilbud-generasjonsmoter\/vare-aktiviteter\/randaberg\/","og_site_name":"Generasjonsm\u00f8ter","article_modified_time":"2024-11-29T10:17:52+00:00","twitter_card":"summary_large_image","twitter_misc":{"Ansl. lesetid":"2 minutter"},"schema":{"@context":"https:\/\/schema.org","@graph":[{"@type":"WebPage","@id":"https:\/\/kirkensbymisjon.no\/tilbud-generasjonsmoter\/vare-aktiviteter\/randaberg\/","url":"https:\/\/kirkensbymisjon.no\/tilbud-generasjonsmoter\/vare-aktiviteter\/randaberg\/","name":"Randaberg - Generasjonsm\u00f8ter","isPartOf":{"@id":"https:\/\/kirkensbymisjon.no\/tilbud-generasjonsmoter\/#website"},"datePublished":"2024-07-30T07:42:57+00:00","dateModified":"2024-11-29T10:17:52+00:00","breadcrumb":{"@id":"https:\/\/kirkensbymisjon.no\/tilbud-generasjonsmoter\/vare-aktiviteter\/randaberg\/#breadcrumb"},"inLanguage":"nb-NO","potentialAction":[{"@type":"ReadAction","target":["https:\/\/kirkensbymisjon.no\/tilbud-generasjonsmoter\/vare-aktiviteter\/randaberg\/"]}]},{"@type":"BreadcrumbList","@id":"https:\/\/kirkensbymisjon.no\/tilbud-generasjonsmoter\/vare-aktiviteter\/randaberg\/#breadcrumb","itemListElement":[{"@type":"ListItem","position":1,"name":"Hjem","item":"https:\/\/kirkensbymisjon.no\/tilbud-generasjonsmoter\/"},{"@type":"ListItem","position":2,"name":"Finn oss","item":"https:\/\/kirkensbymisjon.no\/tilbud-generasjonsmoter\/vare-aktiviteter\/"},{"@type":"ListItem","position":3,"name":"Randaberg"}]},{"@type":"WebSite","@id":"https:\/\/kirkensbymisjon.no\/tilbud-generasjonsmoter\/#website","url":"https:\/\/kirkensbymisjon.no\/tilbud-generasjonsmoter\/","name":"Generasjonsm\u00f8ter","description":"","potentialAction":[{"@type":"SearchAction","target":{"@type":"EntryPoint","urlTemplate":"https:\/\/kirkensbymisjon.no\/tilbud-generasjonsmoter\/?s={search_term_string}"},"query-input":{"@type":"PropertyValueSpecification","valueRequired":true,"valueName":"search_term_string"}}],"inLanguage":"nb-NO"}]}},"_links":{"self":[{"href":"https:\/\/kirkensbymisjon.no\/tilbud-generasjonsmoter\/wp-json\/wp\/v2\/pages\/52","targetHints":{"allow":["GET"]}}],"collection":[{"href":"https:\/\/kirkensbymisjon.no\/tilbud-generasjonsmoter\/wp-json\/wp\/v2\/pages"}],"about":[{"href":"https:\/\/kirkensbymisjon.no\/tilbud-generasjonsmoter\/wp-json\/wp\/v2\/types\/page"}],"author":[{"embeddable":true,"href":"https:\/\/kirkensbymisjon.no\/tilbud-generasjonsmoter\/wp-json\/wp\/v2\/users\/4"}],"replies":[{"embeddable":true,"href":"https:\/\/kirkensbymisjon.no\/tilbud-generasjonsmoter\/wp-json\/wp\/v2\/comments?post=52"}],"version-history":[{"count":5,"href":"https:\/\/kirkensbymisjon.no\/tilbud-generasjonsmoter\/wp-json\/wp\/v2\/pages\/52\/revisions"}],"predecessor-version":[{"id":148,"href":"https:\/\/kirkensbymisjon.no\/tilbud-generasjonsmoter\/wp-json\/wp\/v2\/pages\/52\/revisions\/148"}],"up":[{"embeddable":true,"href":"https:\/\/kirkensbymisjon.no\/tilbud-generasjonsmoter\/wp-json\/wp\/v2\/pages\/11"}],"wp:attachment":[{"href":"https:\/\/kirkensbymisjon.no\/tilbud-generasjonsmoter\/wp-json\/wp\/v2\/media?parent=52"}],"curies":[{"name":"wp","href":"https:\/\/api.w.org\/{rel}","templated":true}]}}