{"id":9,"date":"2024-07-24T12:05:23","date_gmt":"2024-07-24T10:05:23","guid":{"rendered":"https:\/\/kirkensbymisjon.no\/tilbud-generasjonsmoter\/?page_id=9"},"modified":"2025-05-23T12:29:16","modified_gmt":"2025-05-23T10:29:16","slug":"om-generasjonsmoter","status":"publish","type":"page","link":"https:\/\/kirkensbymisjon.no\/tilbud-generasjonsmoter\/om-generasjonsmoter\/","title":{"rendered":"Om Generasjonsm\u00f8ter"},"content":{"rendered":"\n<h2 class=\"wp-block-heading\" id=\"h-om-generasjonsmoter\">Om Generasjonsm\u00f8ter<\/h2>\n\n\n\n<p>V\u00e5rt samfunn trenger at flere m\u00f8tes, vi vil legge til rette for et varmere og mer inkluderende samfunn. Som deltaker i Kirkens Bymisjons \u00abGenerasjonsm\u00f8ter\u00bb kan enda flere ta del i et godt fellesskap og bidra i sitt n\u00e6rmilj\u00f8 p\u00e5 tvers av generasjoner og kulturer.<\/p>\n\n\n\n<p>Mange unge i Norge st\u00e5r i en s\u00e5rbar situasjon uten trygge voksenpersoner,<br>bare 2 % av innvandrere oppgir \u00e5 ha besteforeldre i Norge. Andre trenger leksehjelp, st\u00f8tte gjennom andre enn barnevernet, kunnskap om spr\u00e5k og norsk historie og kultur.<\/p>\n\n\n\n<p>Gjennom \u00abGenerasjonsm\u00f8ter\u00bb \u00f8nsker Kirkens Bymisjon \u00e5 skape m\u00f8ter med gjensidighet og tillit der de eldre har noe \u00e5 tilby de unge, og de unge noe \u00e5 tilby de eldre. M\u00e5let er \u00e5 gjennom meningsfulle aktiviteter og berikende m\u00f8ter, \u00f8ke livskvalitet og mestring i hverdagen. Vi \u00f8nsker \u00e5 skape \u00f8kt forst\u00e5else og trygghet mellom menneskene i lokalsamfunnet, p\u00e5 tvers av kulturelle forskjeller og generasjonsskiller.<\/p>\n\n\n\n<p>M\u00f8tene skal foreg\u00e5 jevnlig gjennom aktiviteter som leksehjelp, m\u00e5ltidsfellesskap, turer og spillekvelder. Frivilligheten i \u00abGenerasjonsm\u00f8ter\u00bb g\u00e5r begge veier og gir ny kjennskap, kunnskap og erfaringer for b\u00e5de de unge og de eldre.<\/p>\n\n\n\n<p>Ved \u00e5 legge til rette for frivillig arbeid, gjensidig berikende m\u00f8ter og meningsfulle aktiviteter mener vi at dette prosjektet er en vinn-vinn.<\/p>\n\n\n\n<h3 class=\"wp-block-heading\" id=\"h-malgruppen-er-todelt\"><strong>M\u00e5lgruppen er todelt:<\/strong><\/h3>\n\n\n\n<ul class=\"wp-block-list\">\n<li>Ungdom (opp til 30 \u00e5r) med behov for voksenkontakt og st\u00f8tte, hjelp, trygghet og inkludering. Det kan v\u00e6re eldre innvandrere, enslige mindre\u00e5rige asyls\u00f8kere eller norske ungdommer, gjennom barnevern, ungdomsklubber, asylmottak eller skoler. <a href=\"\/tilbud-generasjonsmoter\/bli-deltaker\">Les mer her<\/a>.<\/li>\n\n\n\n<li>Aktive, eldre\/pensjonister med tid og ressurser og \u00f8nske om \u00e5 m\u00f8tes p\u00e5 tvers av generasjoner og kulturer, gjennom seniorsentre, pensjonistforeninger, foreninger for 60+ og sanitetsforeninger. <a href=\"\/tilbud-generasjonsmoter\/bli-deltaker\">Les mer her<\/a>.<\/li>\n<\/ul>\n\n\n\n<p><em>I 2024 mottak Generasjonsm\u00f8ter st\u00f8tte fra Stiftelsen Ulvsnes\u00f8y skolehjem.<\/em><\/p>\n","protected":false},"excerpt":{"rendered":"<p>Om Generasjonsm\u00f8ter V\u00e5rt samfunn trenger at flere m\u00f8tes, vi vil legge til rette for et&hellip;<\/p>\n","protected":false},"author":6,"featured_media":0,"parent":0,"menu_order":0,"comment_status":"closed","ping_status":"closed","template":"","meta":{"_relevanssi_hide_post":"","_relevanssi_hide_content":"","_relevanssi_pin_for_all":"","_relevanssi_pin_keywords":"","_relevanssi_unpin_keywords":"","_relevanssi_related_keywords":"","_relevanssi_related_include_ids":"","_relevanssi_related_exclude_ids":"","_relevanssi_related_no_append":"","_relevanssi_related_not_related":"","_relevanssi_related_posts":"1","_relevanssi_noindex_reason":"","editor_notices":[],"footnotes":""},"class_list":["post-9","page","type-page","status-publish","hentry"],"yoast_head":"<!-- This site is optimized with the Yoast SEO Premium plugin v27.2 (Yoast SEO v27.4) - https:\/\/yoast.com\/product\/yoast-seo-premium-wordpress\/ -->\n<title>Om Generasjonsm\u00f8ter - Generasjonsm\u00f8ter<\/title>\n<meta name=\"robots\" content=\"index, follow, max-snippet:-1, max-image-preview:large, max-video-preview:-1\" \/>\n<link rel=\"canonical\" href=\"https:\/\/kirkensbymisjon.no\/tilbud-generasjonsmoter\/om-generasjonsmoter\/\" \/>\n<meta property=\"og:locale\" content=\"nb_NO\" \/>\n<meta property=\"og:type\" content=\"article\" \/>\n<meta property=\"og:title\" content=\"Om Generasjonsm\u00f8ter\" \/>\n<meta property=\"og:description\" content=\"Om Generasjonsm\u00f8ter V\u00e5rt samfunn trenger at flere m\u00f8tes, vi vil legge til rette for et&hellip;\" \/>\n<meta property=\"og:url\" content=\"https:\/\/kirkensbymisjon.no\/tilbud-generasjonsmoter\/om-generasjonsmoter\/\" \/>\n<meta property=\"og:site_name\" content=\"Generasjonsm\u00f8ter\" \/>\n<meta property=\"article:modified_time\" content=\"2025-05-23T10:29:16+00:00\" \/>\n<meta name=\"twitter:card\" content=\"summary_large_image\" \/>\n<meta name=\"twitter:label1\" content=\"Ansl. lesetid\" \/>\n\t<meta name=\"twitter:data1\" content=\"2 minutter\" \/>\n<script type=\"application\/ld+json\" class=\"yoast-schema-graph\">{\"@context\":\"https:\\\/\\\/schema.org\",\"@graph\":[{\"@type\":\"WebPage\",\"@id\":\"https:\\\/\\\/kirkensbymisjon.no\\\/tilbud-generasjonsmoter\\\/om-generasjonsmoter\\\/\",\"url\":\"https:\\\/\\\/kirkensbymisjon.no\\\/tilbud-generasjonsmoter\\\/om-generasjonsmoter\\\/\",\"name\":\"Om Generasjonsm\u00f8ter - Generasjonsm\u00f8ter\",\"isPartOf\":{\"@id\":\"https:\\\/\\\/kirkensbymisjon.no\\\/tilbud-generasjonsmoter\\\/#website\"},\"datePublished\":\"2024-07-24T10:05:23+00:00\",\"dateModified\":\"2025-05-23T10:29:16+00:00\",\"breadcrumb\":{\"@id\":\"https:\\\/\\\/kirkensbymisjon.no\\\/tilbud-generasjonsmoter\\\/om-generasjonsmoter\\\/#breadcrumb\"},\"inLanguage\":\"nb-NO\",\"potentialAction\":[{\"@type\":\"ReadAction\",\"target\":[\"https:\\\/\\\/kirkensbymisjon.no\\\/tilbud-generasjonsmoter\\\/om-generasjonsmoter\\\/\"]}]},{\"@type\":\"BreadcrumbList\",\"@id\":\"https:\\\/\\\/kirkensbymisjon.no\\\/tilbud-generasjonsmoter\\\/om-generasjonsmoter\\\/#breadcrumb\",\"itemListElement\":[{\"@type\":\"ListItem\",\"position\":1,\"name\":\"Hjem\",\"item\":\"https:\\\/\\\/kirkensbymisjon.no\\\/tilbud-generasjonsmoter\\\/\"},{\"@type\":\"ListItem\",\"position\":2,\"name\":\"Om Generasjonsm\u00f8ter\"}]},{\"@type\":\"WebSite\",\"@id\":\"https:\\\/\\\/kirkensbymisjon.no\\\/tilbud-generasjonsmoter\\\/#website\",\"url\":\"https:\\\/\\\/kirkensbymisjon.no\\\/tilbud-generasjonsmoter\\\/\",\"name\":\"Generasjonsm\u00f8ter\",\"description\":\"\",\"potentialAction\":[{\"@type\":\"SearchAction\",\"target\":{\"@type\":\"EntryPoint\",\"urlTemplate\":\"https:\\\/\\\/kirkensbymisjon.no\\\/tilbud-generasjonsmoter\\\/?s={search_term_string}\"},\"query-input\":{\"@type\":\"PropertyValueSpecification\",\"valueRequired\":true,\"valueName\":\"search_term_string\"}}],\"inLanguage\":\"nb-NO\"}]}<\/script>\n<!-- \/ Yoast SEO Premium plugin. -->","yoast_head_json":{"title":"Om Generasjonsm\u00f8ter - Generasjonsm\u00f8ter","robots":{"index":"index","follow":"follow","max-snippet":"max-snippet:-1","max-image-preview":"max-image-preview:large","max-video-preview":"max-video-preview:-1"},"canonical":"https:\/\/kirkensbymisjon.no\/tilbud-generasjonsmoter\/om-generasjonsmoter\/","og_locale":"nb_NO","og_type":"article","og_title":"Om Generasjonsm\u00f8ter","og_description":"Om Generasjonsm\u00f8ter V\u00e5rt samfunn trenger at flere m\u00f8tes, vi vil legge til rette for et&hellip;","og_url":"https:\/\/kirkensbymisjon.no\/tilbud-generasjonsmoter\/om-generasjonsmoter\/","og_site_name":"Generasjonsm\u00f8ter","article_modified_time":"2025-05-23T10:29:16+00:00","twitter_card":"summary_large_image","twitter_misc":{"Ansl. lesetid":"2 minutter"},"schema":{"@context":"https:\/\/schema.org","@graph":[{"@type":"WebPage","@id":"https:\/\/kirkensbymisjon.no\/tilbud-generasjonsmoter\/om-generasjonsmoter\/","url":"https:\/\/kirkensbymisjon.no\/tilbud-generasjonsmoter\/om-generasjonsmoter\/","name":"Om Generasjonsm\u00f8ter - Generasjonsm\u00f8ter","isPartOf":{"@id":"https:\/\/kirkensbymisjon.no\/tilbud-generasjonsmoter\/#website"},"datePublished":"2024-07-24T10:05:23+00:00","dateModified":"2025-05-23T10:29:16+00:00","breadcrumb":{"@id":"https:\/\/kirkensbymisjon.no\/tilbud-generasjonsmoter\/om-generasjonsmoter\/#breadcrumb"},"inLanguage":"nb-NO","potentialAction":[{"@type":"ReadAction","target":["https:\/\/kirkensbymisjon.no\/tilbud-generasjonsmoter\/om-generasjonsmoter\/"]}]},{"@type":"BreadcrumbList","@id":"https:\/\/kirkensbymisjon.no\/tilbud-generasjonsmoter\/om-generasjonsmoter\/#breadcrumb","itemListElement":[{"@type":"ListItem","position":1,"name":"Hjem","item":"https:\/\/kirkensbymisjon.no\/tilbud-generasjonsmoter\/"},{"@type":"ListItem","position":2,"name":"Om Generasjonsm\u00f8ter"}]},{"@type":"WebSite","@id":"https:\/\/kirkensbymisjon.no\/tilbud-generasjonsmoter\/#website","url":"https:\/\/kirkensbymisjon.no\/tilbud-generasjonsmoter\/","name":"Generasjonsm\u00f8ter","description":"","potentialAction":[{"@type":"SearchAction","target":{"@type":"EntryPoint","urlTemplate":"https:\/\/kirkensbymisjon.no\/tilbud-generasjonsmoter\/?s={search_term_string}"},"query-input":{"@type":"PropertyValueSpecification","valueRequired":true,"valueName":"search_term_string"}}],"inLanguage":"nb-NO"}]}},"_links":{"self":[{"href":"https:\/\/kirkensbymisjon.no\/tilbud-generasjonsmoter\/wp-json\/wp\/v2\/pages\/9","targetHints":{"allow":["GET"]}}],"collection":[{"href":"https:\/\/kirkensbymisjon.no\/tilbud-generasjonsmoter\/wp-json\/wp\/v2\/pages"}],"about":[{"href":"https:\/\/kirkensbymisjon.no\/tilbud-generasjonsmoter\/wp-json\/wp\/v2\/types\/page"}],"author":[{"embeddable":true,"href":"https:\/\/kirkensbymisjon.no\/tilbud-generasjonsmoter\/wp-json\/wp\/v2\/users\/6"}],"replies":[{"embeddable":true,"href":"https:\/\/kirkensbymisjon.no\/tilbud-generasjonsmoter\/wp-json\/wp\/v2\/comments?post=9"}],"version-history":[{"count":5,"href":"https:\/\/kirkensbymisjon.no\/tilbud-generasjonsmoter\/wp-json\/wp\/v2\/pages\/9\/revisions"}],"predecessor-version":[{"id":189,"href":"https:\/\/kirkensbymisjon.no\/tilbud-generasjonsmoter\/wp-json\/wp\/v2\/pages\/9\/revisions\/189"}],"wp:attachment":[{"href":"https:\/\/kirkensbymisjon.no\/tilbud-generasjonsmoter\/wp-json\/wp\/v2\/media?parent=9"}],"curies":[{"name":"wp","href":"https:\/\/api.w.org\/{rel}","templated":true}]}}