{"id":3,"date":"2024-11-05T12:30:27","date_gmt":"2024-11-05T11:30:27","guid":{"rendered":"https:\/\/kirkensbymisjon.no\/tilbud-gi-det-videre\/forside\/"},"modified":"2025-01-29T11:35:31","modified_gmt":"2025-01-29T10:35:31","slug":"forside","status":"publish","type":"page","link":"https:\/\/kirkensbymisjon.no\/tilbud-gi-det-videre\/","title":{"rendered":"Forside"},"content":{"rendered":"\n<div class=\"wp-block-media-text alignwide is-stacked-on-mobile is-style-filled\"><figure class=\"wp-block-media-text__media\"><img loading=\"lazy\" decoding=\"async\" width=\"1024\" height=\"682\" src=\"https:\/\/kirkensbymisjon.no\/content\/uploads\/sites\/166\/2024\/11\/Tilbud_Gi-Det-Videre_02-1024x682.jpg\" alt=\"\" class=\"wp-image-11 size-full\" srcset=\"https:\/\/kirkensbymisjon.no\/content\/uploads\/sites\/166\/2024\/11\/Tilbud_Gi-Det-Videre_02-1024x682.jpg 1024w, https:\/\/kirkensbymisjon.no\/content\/uploads\/sites\/166\/2024\/11\/Tilbud_Gi-Det-Videre_02-300x200.jpg 300w, https:\/\/kirkensbymisjon.no\/content\/uploads\/sites\/166\/2024\/11\/Tilbud_Gi-Det-Videre_02-768x511.jpg 768w, https:\/\/kirkensbymisjon.no\/content\/uploads\/sites\/166\/2024\/11\/Tilbud_Gi-Det-Videre_02-1536x1022.jpg 1536w, https:\/\/kirkensbymisjon.no\/content\/uploads\/sites\/166\/2024\/11\/Tilbud_Gi-Det-Videre_02.jpg 1764w\" sizes=\"auto, (max-width: 1024px) 100vw, 1024px\" \/><\/figure><div class=\"wp-block-media-text__content\">\n<h2 class=\"wp-block-heading\" id=\"h-vi-jobber-for-at-barn-og-unge-skal-kunne-delta-pa-lik-linje-i-hverdagslige-sosiale-og-organiserte-aktiviteter\">Vi jobber for at barn og unge skal kunne delta p\u00e5 lik linje i hverdagslige, sosiale og organiserte aktiviteter<\/h2>\n\n\n\n<p><\/p>\n\n\n\n<p>For mange kan det v\u00e6re vanskelig \u00e5 tilby sine barn \u00e5rstidsriktig bekledning, fritids- og sportsutstyr<strong>. <\/strong>Vi tar imot kl\u00e6r, fritids- og sportsutstyr som passer til barn og unge i alderen 0\u201318 \u00e5r, og gir det videre til noen som lever i en familie med en utfordrende livssituasjon.<\/p>\n\n\n\n<p>Vil du donere utstyr, eller trenger du selv st\u00f8tte? <a href=\"\/tilbud-gi-det-videre\/finn-oss\">Ta kontakt<\/a>!<\/p>\n<\/div><\/div>\n\n\n\t<div class=\"alignwide wp-block-kbm-link-list\">\n\t\t<div class=\"kbm-link-list__items\">\n\t\t\t\n<div class=\"wp-block-kbm-link-list-item\">\t<svg xmlns=\"http:\/\/www.w3.org\/2000\/svg\" viewBox=\"0 0 48 48\" height=\"24\" width=\"24\" class=\"t2-icon t2-icon-volunteering\" aria-hidden=\"true\" focusable=\"false\"><path d=\"M23.33 1.157c-.459.164-.862.527-1.11 1.001l-.22.42v9.211c0 10.395.045 9.659-.603 9.883-.286.098-.356.096-.601-.02-.55-.261-.512.307-.556-8.212-.044-8.585-.004-7.999-.593-8.588-.506-.505-.872-.65-1.647-.65-.55 0-.744.034-1.015.178-.412.219-.843.653-1.039 1.046-.139.28-.148.907-.186 13.494l-.04 13.2-2.888-4.321c-3.002-4.493-3.036-4.536-3.788-4.84-.357-.145-1.245-.13-1.604.026-.899.391-1.4 1.126-1.4 2.055 0 .605.105.842.971 2.201.826 1.295 1.75 3.04 2.71 5.119 1.268 2.745 2.467 5.172 2.981 6.034 2.373 3.98 5.378 5.888 10.151 6.446 1.014.119 3.559.163 4.113.071l.286-.047-3.126-3.048c-1.719-1.675-3.315-3.265-3.546-3.531-.922-1.066-1.411-2.4-1.407-3.845.005-2.62 1.651-4.838 4.227-5.698.58-.193.756-.214 1.88-.218 1.081-.003 1.317.02 1.84.182 1.024.318 1.849.825 2.736 1.681l.456.441.595-.565c1.254-1.192 2.72-1.781 4.436-1.782 1.081-.002 2.292.349 3.19.924l.427.273v-9.73c0-7.226-.024-9.81-.094-10.043-.12-.402-.632-.984-1.056-1.201-.398-.204-1.304-.281-1.783-.152a2.142 2.142 0 0 0-1.345 1.082l-.242.474-.04 6.593-.04 6.593-.19.154c-.427.346-.973.276-1.269-.162l-.181-.27-.001-9.088-.001-9.088-.188-.404c-.611-1.312-2.534-1.66-3.624-.655-.682.629-.621-.199-.666 9.099-.044 9.138-.004 8.51-.556 8.772-.245.116-.315.118-.601.02-.648-.224-.603.512-.603-9.883V2.578l-.223-.427c-.25-.478-.743-.901-1.199-1.027-.418-.116-1.359-.098-1.728.033m1.372 28.611c-1.11.121-2.023.574-2.869 1.423-1.568 1.572-1.855 3.79-.735 5.679.296.499.462.666 7.001 7.043l.698.681.542-.142c3.486-.919 6.794-3.671 8.386-6.979.723-1.504 1.098-2.941 1.243-4.77.11-1.383.113-1.375-.672-1.957-1.021-.758-1.887-1.019-3.21-.968-1.505.057-2.308.439-3.687 1.75-1.07 1.018-1.083 1.019-1.983.172-.928-.873-1.305-1.166-1.862-1.445a5.097 5.097 0 0 0-2.852-.487\"\/><\/svg>\t<div class=\"kbm-link-list-item__content\">\n\t\t<p class=\"kbm-link-list-item__title\">Gjenbruk som gleder<\/p>\n\t\t\t\t\t<p class=\"kbm-link-list-item__description\">Har du noe liggende hjemme som ikke lenger er i bruk? Lever p\u00e5 Gi det videre, s\u00e5 gir vi det videre til noen som behov for det. Utstyret m\u00e5 v\u00e6re i god stand og kunne tas i bruk uten reparasjoner.<\/p>\n\t\t\t<\/div>\n\t<\/div>\n\n<div class=\"wp-block-kbm-link-list-item\">\t<svg xmlns=\"http:\/\/www.w3.org\/2000\/svg\" viewBox=\"0 0 48 48\" height=\"24\" width=\"24\" class=\"t2-icon t2-icon-child\" aria-hidden=\"true\" focusable=\"false\"><path d=\"M22.48 4.083a22.9 22.9 0 0 0-3.643.637c-4.782 1.215-9.055 4.091-11.768 7.92-1.339 1.89-2.379 4.2-2.87 6.374-.107.471-.174.877-.15.902.087.087 4.165.035 4.951-.064 3.552-.445 6.287-1.242 9.377-2.733 5.019-2.422 9.062-6.008 11.68-10.359.454-.755.903-1.587.903-1.674 0-.134-2.46-.708-3.8-.887-1.157-.154-3.632-.216-4.68-.116m10.334 2.053c-.147.277-.484 1.442-.611 2.11-.603 3.166.272 6.614 2.33 9.186 2.143 2.678 5.219 4.283 8.691 4.534l.785.057-.052-.432c-.466-3.924-1.689-6.961-4.022-9.991-.725-.941-2.455-2.645-3.418-3.367a23.81 23.81 0 0 0-2.932-1.863c-.637-.346-.702-.366-.771-.234m-3.385 4.556c-1.996 2.789-4.882 5.435-7.847 7.195-4.513 2.679-9.686 4.12-15.89 4.426-.852.042-1.572.1-1.6.129-.112.112-.04 3.203.098 4.158.331 2.31.953 4.278 2.007 6.346 2.145 4.213 5.559 7.445 9.883 9.359 4.618 2.043 9.756 2.228 14.6.527 1.926-.677 4.461-2.119 6.03-3.43 4.305-3.6 6.941-8.865 7.258-14.502.03-.539.033-.98.007-.98-.026 0-.468-.055-.982-.123-5.668-.743-9.68-3.183-11.634-7.077-.427-.851-.977-2.522-1.158-3.52a23.852 23.852 0 0 1-.23-1.948l-.091-1.189-.451.629M18.84 24.141c.429.222.955.777 1.154 1.219.109.242.163.531.163.88.002.688-.238 1.202-.794 1.702-.971.873-2.304.78-3.187-.223-.556-.631-.715-1.441-.442-2.245.173-.508.883-1.235 1.386-1.419.48-.176 1.292-.135 1.72.086m13.058.008c1.112.567 1.642 1.95 1.146 2.99-.701 1.47-2.463 1.834-3.656.756-.496-.448-.708-.942-.708-1.655 0-.516.033-.66.237-1.028.284-.513.811-.997 1.269-1.166.459-.169 1.275-.121 1.712.103\"\/><\/svg>\t<div class=\"kbm-link-list-item__content\">\n\t\t<p class=\"kbm-link-list-item__title\">St\u00f8tte til barnefamilier<\/p>\n\t\t\t\t\t<p class=\"kbm-link-list-item__description\">Har du vanskeligheter med \u00e5 tilby ditt eller dine barn det de trenger for \u00e5 delta p\u00e5 lik linje med andre? Ta kontakt med Gi Det Videre. Alle foresp\u00f8rsler behandles anonymt.<\/p>\n\t\t\t<\/div>\n\t<\/div>\n\n<div class=\"wp-block-kbm-link-list-item\">\t<svg xmlns=\"http:\/\/www.w3.org\/2000\/svg\" viewBox=\"0 0 48 48\" height=\"24\" width=\"24\" class=\"t2-icon t2-icon-bicycle\" aria-hidden=\"true\" focusable=\"false\"><path d=\"M25.553 9.186c-.617.39-.805.986-.5 1.592.267.532.475.651 1.378.787.96.144 1.543.41 2.097.957.681.674.735.456-.683 2.798l-1.259 2.08-5.363.021c-4.231.016-5.379-.001-5.44-.08-.043-.056-.178-.353-.299-.661l-.256-.647c-.02-.049.15-.127.397-.183.991-.221 1.411-1.287.796-2.019-.384-.455-.494-.471-3.221-.471-2.727 0-2.837.016-3.221.471-.402.478-.366 1.2.081 1.647.321.321.523.381 1.485.434l.866.048.548 1.34c.309.754.507 1.339.455 1.337a5.481 5.481 0 0 1-.574-.12c-.264-.064-.912-.139-1.44-.165a9.028 9.028 0 0 0-7.648 3.562c-.555.731-1.23 2.132-1.486 3.086-.193.719-.214.937-.215 2.16 0 1.234.02 1.434.219 2.16a9.008 9.008 0 0 0 11.587 6.199 8.892 8.892 0 0 0 5.66-5.662c.127-.383.256-.868.286-1.077l.055-.38h1.371c1.527-.001 1.677-.042 2.07-.573.108-.147 1.648-2.679 3.421-5.627s3.265-5.405 3.315-5.46c.07-.077.153.071.356.64.145.407.462 1.199.704 1.759l.439 1.019-.267.216c-2.422 1.959-3.649 5.302-3.072 8.371 1.168 6.218 8.42 9.266 13.761 5.784 3.731-2.432 5.084-7.188 3.167-11.134A9.001 9.001 0 0 0 37 18.321c-.826 0-1.945.164-2.684.394-.28.087-.515.151-.522.142-.147-.185-.955-2.197-1.26-3.137a34.072 34.072 0 0 1-.49-1.76c-.403-1.599-.763-2.294-1.638-3.16-1.154-1.144-2.305-1.668-3.806-1.735-.694-.031-.833-.015-1.047.121m-.519 10.794c-.003.033-.804 1.374-1.78 2.98l-1.774 2.92h-1.6l-.068-.32c-.356-1.672-1.129-3.174-2.309-4.48-.239-.264-.494-.633-.568-.82l-.134-.34h4.12c2.265 0 4.116.027 4.113.06m-12.768 1.015c2.027.388 3.879 1.924 4.656 3.863.102.254.21.597.241.762l.055.3h-3.317c-3.308 0-3.318 0-3.582.18-.442.301-.599.579-.599 1.06 0 .463.142.73.551 1.035.213.16.33.166 3.583.188l3.363.022-.055.298c-.17.92-.948 2.207-1.832 3.031-1.29 1.201-2.96 1.792-4.753 1.681-.978-.061-1.547-.213-2.457-.655a6.228 6.228 0 0 1-2.917-2.954c-.442-.928-.586-1.59-.582-2.686.005-1.42.343-2.462 1.178-3.64.882-1.242 2.404-2.206 3.967-2.513.566-.111 1.849-.097 2.5.028m26.574.124c2.749.87 4.523 3.224 4.519 5.994-.003 1.372-.287 2.355-1.005 3.464-1.529 2.366-4.597 3.437-7.314 2.554-1.072-.348-1.677-.729-2.563-1.611-1.212-1.206-1.738-2.392-1.816-4.089-.08-1.75.461-3.241 1.65-4.551.319-.351.33-.356.452-.2.069.088.291.466.495.84.996 1.831 2.706 4.48 3.028 4.691.111.073.373.15.581.17.789.075 1.401-.451 1.409-1.211.004-.389-.04-.482-.722-1.532-1.422-2.19-2.645-4.339-2.533-4.451.04-.04.321-.124.626-.187.826-.172 2.469-.111 3.193.119\"\/><\/svg>\t<div class=\"kbm-link-list-item__content\">\n\t\t<p class=\"kbm-link-list-item__title\">Lokale variasjoner<\/p>\n\t\t\t\t\t<p class=\"kbm-link-list-item__description\">I noen byer tar vi ogs\u00e5 imot og deler ut ting som u\u00e5pnede julegaver og skolesekker, dette varierer ogs\u00e5 noe etter \u00e5rstid. Ta kontakt for \u00e5 h\u00f8re om vi tilbyr dette n\u00e6r deg!<\/p>\n\t\t\t<\/div>\n\t<\/div>\n\t\t<\/div>\n\t<\/div>\n\t\n\n\n<div class=\"wp-block-media-text alignwide is-stacked-on-mobile is-style-filled\"><figure class=\"wp-block-media-text__media\"><img decoding=\"async\" src=\"https:\/\/kirkensbymisjon.no\/content\/uploads\/sites\/64\/2024\/08\/Tilbud_Skattkammeret_02-1024x683.jpg\" alt=\"\" class=\"wp-image-10 size-full\"\/><\/figure><div class=\"wp-block-media-text__content\">\n<h2 class=\"wp-block-heading\" id=\"h-er-du-under-25-ar-og-vil-lane-gratis-fritidsutstyr\">Er du under 25 \u00e5r og vil l\u00e5ne gratis fritidsutstyr?<\/h2>\n\n\n\n<p>Vi driver Skattkammeret over hele landet. Her kan barn og unge l\u00e5ne gratis sport- og fritidsutstyr. Vi har utstyr som passer for alle \u00e5rstider. Her kan du l\u00e5ne alt fra snowboard, sk\u00f8yter og slal\u00e5m-utstyr til volleyball, telt og fiskestenger!<\/p>\n\n\n\n<p><a href=\"\/tilbud-skattkammeret\/\">Les mer om Skattkammeret.<\/a><\/p>\n<\/div><\/div>\n","protected":false},"excerpt":{"rendered":"<p>Vi jobber for at barn og unge skal kunne delta p\u00e5 lik linje i hverdagslige,&hellip;<\/p>\n","protected":false},"author":4,"featured_media":0,"parent":0,"menu_order":0,"comment_status":"closed","ping_status":"closed","template":"","meta":{"_relevanssi_hide_post":"","_relevanssi_hide_content":"","_relevanssi_pin_for_all":"","_relevanssi_pin_keywords":"","_relevanssi_unpin_keywords":"","_relevanssi_related_keywords":"","_relevanssi_related_include_ids":"","_relevanssi_related_exclude_ids":"","_relevanssi_related_no_append":"","_relevanssi_related_not_related":"","_relevanssi_related_posts":"1","_relevanssi_noindex_reason":"","editor_notices":[],"footnotes":""},"class_list":["post-3","page","type-page","status-publish","hentry"],"yoast_head":"<!-- This site is optimized with the Yoast SEO Premium plugin v27.2 (Yoast SEO v27.2) - https:\/\/yoast.com\/product\/yoast-seo-premium-wordpress\/ -->\n<title>Kirkens Bymisjon - Gi det videre<\/title>\n<meta name=\"description\" content=\"Vi tar imot kl\u00e6r, fritids- og sportsutstyr som passer til barn og unge i alderen 0\u201318 \u00e5r, og gir det videre til noen som trenger det!\" \/>\n<meta name=\"robots\" content=\"index, follow, max-snippet:-1, max-image-preview:large, max-video-preview:-1\" \/>\n<link rel=\"canonical\" href=\"https:\/\/kirkensbymisjon.no\/tilbud-gi-det-videre\/\" \/>\n<meta property=\"og:locale\" content=\"nb_NO\" \/>\n<meta property=\"og:type\" content=\"article\" \/>\n<meta property=\"og:title\" content=\"Kirkens Bymisjon - Gi det videre\" \/>\n<meta property=\"og:description\" content=\"Vi tar imot kl\u00e6r, fritids- og sportsutstyr som passer til barn og unge i alderen 0\u201318 \u00e5r, og gir det videre til noen som trenger det!\" \/>\n<meta property=\"og:url\" content=\"https:\/\/kirkensbymisjon.no\/tilbud-gi-det-videre\/\" \/>\n<meta property=\"og:site_name\" content=\"Gi det videre\" \/>\n<meta property=\"article:modified_time\" content=\"2025-01-29T10:35:31+00:00\" \/>\n<meta property=\"og:image\" content=\"https:\/\/kirkensbymisjon.no\/content\/uploads\/sites\/166\/2024\/11\/Tilbud_Gi-Det-Videre_02.jpg\" \/>\n\t<meta property=\"og:image:width\" content=\"1764\" \/>\n\t<meta property=\"og:image:height\" content=\"1174\" \/>\n\t<meta property=\"og:image:type\" content=\"image\/jpeg\" \/>\n<meta name=\"twitter:card\" content=\"summary_large_image\" \/>\n<meta name=\"twitter:title\" content=\"Forside\" \/>\n<meta name=\"twitter:label1\" content=\"Ansl. lesetid\" \/>\n\t<meta name=\"twitter:data1\" content=\"2 minutter\" \/>\n<script type=\"application\/ld+json\" class=\"yoast-schema-graph\">{\"@context\":\"https:\/\/schema.org\",\"@graph\":[{\"@type\":\"WebPage\",\"@id\":\"https:\/\/kirkensbymisjon.no\/tilbud-gi-det-videre\/\",\"url\":\"https:\/\/kirkensbymisjon.no\/tilbud-gi-det-videre\/\",\"name\":\"Kirkens Bymisjon - Gi det videre\",\"isPartOf\":{\"@id\":\"https:\/\/kirkensbymisjon.no\/tilbud-gi-det-videre\/#website\"},\"primaryImageOfPage\":{\"@id\":\"https:\/\/kirkensbymisjon.no\/tilbud-gi-det-videre\/#primaryimage\"},\"image\":{\"@id\":\"https:\/\/kirkensbymisjon.no\/tilbud-gi-det-videre\/#primaryimage\"},\"thumbnailUrl\":\"https:\/\/kirkensbymisjon.no\/content\/uploads\/sites\/166\/2024\/11\/Tilbud_Gi-Det-Videre_02-1024x682.jpg\",\"datePublished\":\"2024-11-05T11:30:27+00:00\",\"dateModified\":\"2025-01-29T10:35:31+00:00\",\"description\":\"Vi tar imot kl\u00e6r, fritids- og sportsutstyr som passer til barn og unge i alderen 0\u201318 \u00e5r, og gir det videre til noen som trenger det!\",\"breadcrumb\":{\"@id\":\"https:\/\/kirkensbymisjon.no\/tilbud-gi-det-videre\/#breadcrumb\"},\"inLanguage\":\"nb-NO\",\"potentialAction\":[{\"@type\":\"ReadAction\",\"target\":[\"https:\/\/kirkensbymisjon.no\/tilbud-gi-det-videre\/\"]}]},{\"@type\":\"ImageObject\",\"inLanguage\":\"nb-NO\",\"@id\":\"https:\/\/kirkensbymisjon.no\/tilbud-gi-det-videre\/#primaryimage\",\"url\":\"https:\/\/kirkensbymisjon.no\/content\/uploads\/sites\/166\/2024\/11\/Tilbud_Gi-Det-Videre_02-1024x682.jpg\",\"contentUrl\":\"https:\/\/kirkensbymisjon.no\/content\/uploads\/sites\/166\/2024\/11\/Tilbud_Gi-Det-Videre_02-1024x682.jpg\"},{\"@type\":\"BreadcrumbList\",\"@id\":\"https:\/\/kirkensbymisjon.no\/tilbud-gi-det-videre\/#breadcrumb\",\"itemListElement\":[{\"@type\":\"ListItem\",\"position\":1,\"name\":\"Hjem\",\"item\":\"https:\/\/kirkensbymisjon.no\/tilbud-gi-det-videre\/\"},{\"@type\":\"ListItem\",\"position\":2,\"name\":\"Forside\"}]},{\"@type\":\"WebSite\",\"@id\":\"https:\/\/kirkensbymisjon.no\/tilbud-gi-det-videre\/#website\",\"url\":\"https:\/\/kirkensbymisjon.no\/tilbud-gi-det-videre\/\",\"name\":\"Gi det videre\",\"description\":\"\",\"potentialAction\":[{\"@type\":\"SearchAction\",\"target\":{\"@type\":\"EntryPoint\",\"urlTemplate\":\"https:\/\/kirkensbymisjon.no\/tilbud-gi-det-videre\/?s={search_term_string}\"},\"query-input\":{\"@type\":\"PropertyValueSpecification\",\"valueRequired\":true,\"valueName\":\"search_term_string\"}}],\"inLanguage\":\"nb-NO\"}]}<\/script>\n<!-- \/ Yoast SEO Premium plugin. -->","yoast_head_json":{"title":"Kirkens Bymisjon - Gi det videre","description":"Vi tar imot kl\u00e6r, fritids- og sportsutstyr som passer til barn og unge i alderen 0\u201318 \u00e5r, og gir det videre til noen som trenger det!","robots":{"index":"index","follow":"follow","max-snippet":"max-snippet:-1","max-image-preview":"max-image-preview:large","max-video-preview":"max-video-preview:-1"},"canonical":"https:\/\/kirkensbymisjon.no\/tilbud-gi-det-videre\/","og_locale":"nb_NO","og_type":"article","og_title":"Kirkens Bymisjon - Gi det videre","og_description":"Vi tar imot kl\u00e6r, fritids- og sportsutstyr som passer til barn og unge i alderen 0\u201318 \u00e5r, og gir det videre til noen som trenger det!","og_url":"https:\/\/kirkensbymisjon.no\/tilbud-gi-det-videre\/","og_site_name":"Gi det videre","article_modified_time":"2025-01-29T10:35:31+00:00","og_image":[{"width":1764,"height":1174,"url":"https:\/\/kirkensbymisjon.no\/content\/uploads\/sites\/166\/2024\/11\/Tilbud_Gi-Det-Videre_02.jpg","type":"image\/jpeg"}],"twitter_card":"summary_large_image","twitter_title":"Forside","twitter_misc":{"Ansl. lesetid":"2 minutter"},"schema":{"@context":"https:\/\/schema.org","@graph":[{"@type":"WebPage","@id":"https:\/\/kirkensbymisjon.no\/tilbud-gi-det-videre\/","url":"https:\/\/kirkensbymisjon.no\/tilbud-gi-det-videre\/","name":"Kirkens Bymisjon - Gi det videre","isPartOf":{"@id":"https:\/\/kirkensbymisjon.no\/tilbud-gi-det-videre\/#website"},"primaryImageOfPage":{"@id":"https:\/\/kirkensbymisjon.no\/tilbud-gi-det-videre\/#primaryimage"},"image":{"@id":"https:\/\/kirkensbymisjon.no\/tilbud-gi-det-videre\/#primaryimage"},"thumbnailUrl":"https:\/\/kirkensbymisjon.no\/content\/uploads\/sites\/166\/2024\/11\/Tilbud_Gi-Det-Videre_02-1024x682.jpg","datePublished":"2024-11-05T11:30:27+00:00","dateModified":"2025-01-29T10:35:31+00:00","description":"Vi tar imot kl\u00e6r, fritids- og sportsutstyr som passer til barn og unge i alderen 0\u201318 \u00e5r, og gir det videre til noen som trenger det!","breadcrumb":{"@id":"https:\/\/kirkensbymisjon.no\/tilbud-gi-det-videre\/#breadcrumb"},"inLanguage":"nb-NO","potentialAction":[{"@type":"ReadAction","target":["https:\/\/kirkensbymisjon.no\/tilbud-gi-det-videre\/"]}]},{"@type":"ImageObject","inLanguage":"nb-NO","@id":"https:\/\/kirkensbymisjon.no\/tilbud-gi-det-videre\/#primaryimage","url":"https:\/\/kirkensbymisjon.no\/content\/uploads\/sites\/166\/2024\/11\/Tilbud_Gi-Det-Videre_02-1024x682.jpg","contentUrl":"https:\/\/kirkensbymisjon.no\/content\/uploads\/sites\/166\/2024\/11\/Tilbud_Gi-Det-Videre_02-1024x682.jpg"},{"@type":"BreadcrumbList","@id":"https:\/\/kirkensbymisjon.no\/tilbud-gi-det-videre\/#breadcrumb","itemListElement":[{"@type":"ListItem","position":1,"name":"Hjem","item":"https:\/\/kirkensbymisjon.no\/tilbud-gi-det-videre\/"},{"@type":"ListItem","position":2,"name":"Forside"}]},{"@type":"WebSite","@id":"https:\/\/kirkensbymisjon.no\/tilbud-gi-det-videre\/#website","url":"https:\/\/kirkensbymisjon.no\/tilbud-gi-det-videre\/","name":"Gi det videre","description":"","potentialAction":[{"@type":"SearchAction","target":{"@type":"EntryPoint","urlTemplate":"https:\/\/kirkensbymisjon.no\/tilbud-gi-det-videre\/?s={search_term_string}"},"query-input":{"@type":"PropertyValueSpecification","valueRequired":true,"valueName":"search_term_string"}}],"inLanguage":"nb-NO"}]}},"_links":{"self":[{"href":"https:\/\/kirkensbymisjon.no\/tilbud-gi-det-videre\/wp-json\/wp\/v2\/pages\/3","targetHints":{"allow":["GET"]}}],"collection":[{"href":"https:\/\/kirkensbymisjon.no\/tilbud-gi-det-videre\/wp-json\/wp\/v2\/pages"}],"about":[{"href":"https:\/\/kirkensbymisjon.no\/tilbud-gi-det-videre\/wp-json\/wp\/v2\/types\/page"}],"author":[{"embeddable":true,"href":"https:\/\/kirkensbymisjon.no\/tilbud-gi-det-videre\/wp-json\/wp\/v2\/users\/4"}],"replies":[{"embeddable":true,"href":"https:\/\/kirkensbymisjon.no\/tilbud-gi-det-videre\/wp-json\/wp\/v2\/comments?post=3"}],"version-history":[{"count":5,"href":"https:\/\/kirkensbymisjon.no\/tilbud-gi-det-videre\/wp-json\/wp\/v2\/pages\/3\/revisions"}],"predecessor-version":[{"id":35,"href":"https:\/\/kirkensbymisjon.no\/tilbud-gi-det-videre\/wp-json\/wp\/v2\/pages\/3\/revisions\/35"}],"wp:attachment":[{"href":"https:\/\/kirkensbymisjon.no\/tilbud-gi-det-videre\/wp-json\/wp\/v2\/media?parent=3"}],"curies":[{"name":"wp","href":"https:\/\/api.w.org\/{rel}","templated":true}]}}