{"id":11,"date":"2024-08-01T08:40:56","date_gmt":"2024-08-01T06:40:56","guid":{"rendered":"https:\/\/kirkensbymisjon.no\/tilbud-heggeli-barnehjem\/?page_id=11"},"modified":"2024-09-17T17:18:38","modified_gmt":"2024-09-17T15:18:38","slug":"hva-vi-tilbyr","status":"publish","type":"page","link":"https:\/\/kirkensbymisjon.no\/tilbud-heggeli-barnehjem\/hva-vi-tilbyr\/","title":{"rendered":"Hva vi tilbyr"},"content":{"rendered":"\n<p>P\u00e5 Heggeli barnehjem jobber vi for \u00e5 skape nye muligheter for barn som har hatt en utfordrende start p\u00e5 livet.<\/p>\n\n\n\n<figure class=\"wp-block-image size-full\"><img loading=\"lazy\" decoding=\"async\" width=\"1417\" height=\"945\" src=\"https:\/\/kirkensbymisjon.no\/content\/uploads\/sites\/92\/2024\/08\/tilbud_heggeli-barnehjem_04.jpg\" alt=\"Barn med gummist\u00f8vler i s\u00f8la\" class=\"wp-image-109\" srcset=\"https:\/\/kirkensbymisjon.no\/content\/uploads\/sites\/92\/2024\/08\/tilbud_heggeli-barnehjem_04.jpg 1417w, https:\/\/kirkensbymisjon.no\/content\/uploads\/sites\/92\/2024\/08\/tilbud_heggeli-barnehjem_04-300x200.jpg 300w, https:\/\/kirkensbymisjon.no\/content\/uploads\/sites\/92\/2024\/08\/tilbud_heggeli-barnehjem_04-1024x683.jpg 1024w, https:\/\/kirkensbymisjon.no\/content\/uploads\/sites\/92\/2024\/08\/tilbud_heggeli-barnehjem_04-768x512.jpg 768w\" sizes=\"auto, (max-width: 1417px) 100vw, 1417px\" \/><\/figure>\n\n\n\n<blockquote class=\"wp-block-quote is-layout-flow wp-block-quote-is-layout-flow\">\n<p>P\u00e5 mange m\u00e5ter er vi som et helt vanlig hjem. Vi er p\u00e5 stranda p\u00e5 sommeren, vi spiser l\u00f8rdagsgodt, og feirer Id og jul. Vi er bare flere voksne.<\/p>\n<cite>Morten Haugland, avdelingsleder p\u00e5 Heggeli barnehjem<\/cite><\/blockquote>\n\n\n<div class=\"t2-accordion wp-block-t2-accordion\" data-allow-multiple=\"1\" role=\"list\">\n<div class=\"t2-accordion-item wp-block-t2-accordion-item\" role=\"listitem\">\n\t\t\t<h2 class=\"t2-accordion-title\">\n\t\t\t\t<button type=\"button\" class=\"t2-accordion-trigger\" id=\"s\u00e6rlig-tilrettelagt-for-barn-under-13-\u00e5r\" aria-controls=\"accordion-panel\" aria-expanded=\"false\">\n\t\t\t\t\tS\u00e6rlig tilrettelagt for barn under 13 \u00e5r\n\t\t\t\t\t<span class=\"t2-accordion-icon is-closed-icon\"><svg xmlns=\"http:\/\/www.w3.org\/2000\/svg\" viewBox=\"0 0 24 24\" height=\"24\" width=\"24\" class=\"t2-icon t2-icon-plus\" aria-hidden=\"true\" focusable=\"false\"><path d=\"M11.8 5.037a1.088 1.088 0 0 0-.722.566c-.075.148-.078.25-.078 2.772v2.619l-2.61.016c-1.867.012-2.652.03-2.756.064-.168.055-.438.301-.54.494-.049.092-.07.223-.07.432 0 .34.054.476.282.704.289.289.14.275 3.064.288l2.63.012v2.619c0 2.544.002 2.625.08 2.778.191.372.516.577.92.577s.729-.205.92-.577c.078-.153.08-.234.08-2.778v-2.619l2.63-.012c2.924-.013 2.775.001 3.064-.288.228-.228.282-.364.282-.704 0-.209-.021-.34-.07-.432-.102-.193-.372-.439-.54-.494-.104-.034-.889-.052-2.756-.064L13 10.994V8.375c0-2.522-.003-2.624-.078-2.772-.214-.418-.685-.656-1.122-.566\"\/><\/svg><\/span>\n\t\t\t\t\t<span class=\"t2-accordion-icon is-open-icon\"><svg xmlns=\"http:\/\/www.w3.org\/2000\/svg\" viewBox=\"0 0 24 24\" height=\"24\" width=\"24\" class=\"t2-icon t2-icon-chevronup\" aria-hidden=\"true\" focusable=\"false\"><path d=\"M6.7 14.7c-.2-.2-.3-.4-.3-.7s.1-.5.3-.7l4.6-4.6c.1-.1.2-.2.3-.2.1 0 .2-.1.4-.1.1 0 .3 0 .4.1.1 0 .2.1.3.2l4.6 4.6c.2.2.3.4.3.7s-.1.5-.3.7c-.2.2-.4.3-.7.3s-.5-.1-.7-.3L12 10.8l-3.9 3.9c-.2.2-.4.3-.7.3s-.5-.1-.7-.3z\" fill=\"currentColor\" \/><\/svg><\/span>\n\t\t\t\t<\/button>\n\t\t\t<\/h2>\n\t\t\t<div class=\"t2-accordion-item__inner-container is-layout-flow\" id=\"accordion-panel\" aria-labelledby=\"s\u00e6rlig-tilrettelagt-for-barn-under-13-\u00e5r\" role=\"region\" hidden>\n\t\t\t\t\n\n<p>Som en av sv\u00e6rt f\u00e5 godkjente institusjoner har Heggeli Barnehjem et tilbud som er s\u00e6rlig tilrettelagt for barn under 13 \u00e5r.<\/p>\n\n\n\n<ul class=\"wp-block-list\">\n<li>Barna bor i sentrale og trygge oppvekstmilj\u00f8 i Oslo.<\/li>\n\n\n\n<li>V\u00e5re avdelinger tilbyr et differensiert milj\u00f8terapeutisk omsorgstilbud for barn med medleverturnus.<\/li>\n\n\n\n<li>Vi er godkjent for \u00e5 kunne ta imot barn mellom 2\u201312 \u00e5r, og kan ogs\u00e5 ha ungdom i oppveksttiltak.<\/li>\n\n\n\n<li>Vi kan tilby et helhetlig og langsiktig omsorgs- og oppvekstilbud for barn og unge.<\/li>\n\n\n\n<li>Et opphold p\u00e5 institusjon kan b\u00e5de v\u00e6re med tanke p\u00e5 stabilisering, milj\u00f8terapeutisk kartlegging, samt \u00e5 sikre barnet en stabil omsorgssituasjon mellom plasseringer i andre tiltak.<\/li>\n\n\n\n<li>Vi er godkjent for b\u00e5de akuttplasseringer og langtidsplasseringer.<\/li>\n<\/ul>\n\n\n\t\t\t<\/div>\n\t\t<\/div>\n\n<div class=\"t2-accordion-item wp-block-t2-accordion-item\" role=\"listitem\">\n\t\t\t<h2 class=\"t2-accordion-title\">\n\t\t\t\t<button type=\"button\" class=\"t2-accordion-trigger\" id=\"trygge-rutiner-og-selvf\u00f8lelse\" aria-controls=\"accordion-panel-1\" aria-expanded=\"false\">\n\t\t\t\t\tTrygge rutiner og selvf\u00f8lelse\n\t\t\t\t\t<span class=\"t2-accordion-icon is-closed-icon\"><svg xmlns=\"http:\/\/www.w3.org\/2000\/svg\" viewBox=\"0 0 24 24\" height=\"24\" width=\"24\" class=\"t2-icon t2-icon-plus\" aria-hidden=\"true\" focusable=\"false\"><path d=\"M11.8 5.037a1.088 1.088 0 0 0-.722.566c-.075.148-.078.25-.078 2.772v2.619l-2.61.016c-1.867.012-2.652.03-2.756.064-.168.055-.438.301-.54.494-.049.092-.07.223-.07.432 0 .34.054.476.282.704.289.289.14.275 3.064.288l2.63.012v2.619c0 2.544.002 2.625.08 2.778.191.372.516.577.92.577s.729-.205.92-.577c.078-.153.08-.234.08-2.778v-2.619l2.63-.012c2.924-.013 2.775.001 3.064-.288.228-.228.282-.364.282-.704 0-.209-.021-.34-.07-.432-.102-.193-.372-.439-.54-.494-.104-.034-.889-.052-2.756-.064L13 10.994V8.375c0-2.522-.003-2.624-.078-2.772-.214-.418-.685-.656-1.122-.566\"\/><\/svg><\/span>\n\t\t\t\t\t<span class=\"t2-accordion-icon is-open-icon\"><svg xmlns=\"http:\/\/www.w3.org\/2000\/svg\" viewBox=\"0 0 24 24\" height=\"24\" width=\"24\" class=\"t2-icon t2-icon-chevronup\" aria-hidden=\"true\" focusable=\"false\"><path d=\"M6.7 14.7c-.2-.2-.3-.4-.3-.7s.1-.5.3-.7l4.6-4.6c.1-.1.2-.2.3-.2.1 0 .2-.1.4-.1.1 0 .3 0 .4.1.1 0 .2.1.3.2l4.6 4.6c.2.2.3.4.3.7s-.1.5-.3.7c-.2.2-.4.3-.7.3s-.5-.1-.7-.3L12 10.8l-3.9 3.9c-.2.2-.4.3-.7.3s-.5-.1-.7-.3z\" fill=\"currentColor\" \/><\/svg><\/span>\n\t\t\t\t<\/button>\n\t\t\t<\/h2>\n\t\t\t<div class=\"t2-accordion-item__inner-container is-layout-flow\" id=\"accordion-panel-1\" aria-labelledby=\"trygge-rutiner-og-selvf\u00f8lelse\" role=\"region\" hidden>\n\t\t\t\t\n\n<p>Det skal litt til \u00e5 finne sin plass i livet p\u00e5 nytt. V\u00e5rt m\u00e5l er at det vi tilbyr i Heggeli barnehjems tre avdelinger skal gj\u00f8re det litt lettere for barna som kommer til oss.<\/p>\n\n\n\n<p>P\u00e5 mange m\u00e5ter er Heggeli barnehjem akkurat som andre hjem. Ogs\u00e5 hos oss er det viktig \u00e5 etablere trygge rammer og rutiner for barna som bor her. Mange av dem har tidligere levd med med total mangel av rytme. Eller de har levd i en skummel rytme, som skaper angst og negative forventninger.<\/p>\n\n\n\n<p>Derfor jobber vi mye med \u00e5 lage gode, tydelige rutiner p\u00e5 hva som skal skje hver dag, hver helg, hver bursdag, hver jul og s\u00e5 videre.<\/p>\n\n\n\n<p>M\u00e5let v\u00e5rt er \u00e5 f\u00e5 til en god grunn-rytme s\u00e5nn at barna etterhvert kan t\u00f8rre \u00e5 ha forventninger, t\u00f8rre \u00e5 tro p\u00e5 voksne rundt dem.<\/p>\n\n\n\n<p>\u00c5 v\u00e6re trygge, voksne fagpersoner rundt barn som har hatt en utfordrende start p\u00e5 livet, handler mye om \u00e5 se bak adferden deres, se \u00e5rsaker til hvorfor de sier og gj\u00f8r det de gj\u00f8r, og kunne v\u00e6re tydelig p\u00e5 at de er t\u00e5lt og likt med alt de er.<\/p>\n\n\n\t\t\t<\/div>\n\t\t<\/div>\n\n<div class=\"t2-accordion-item wp-block-t2-accordion-item\" role=\"listitem\">\n\t\t\t<h2 class=\"t2-accordion-title\">\n\t\t\t\t<button type=\"button\" class=\"t2-accordion-trigger\" id=\"bygger-gode-minner\" aria-controls=\"accordion-panel-2\" aria-expanded=\"false\">\n\t\t\t\t\tBygger gode minner\n\t\t\t\t\t<span class=\"t2-accordion-icon is-closed-icon\"><svg xmlns=\"http:\/\/www.w3.org\/2000\/svg\" viewBox=\"0 0 24 24\" height=\"24\" width=\"24\" class=\"t2-icon t2-icon-plus\" aria-hidden=\"true\" focusable=\"false\"><path d=\"M11.8 5.037a1.088 1.088 0 0 0-.722.566c-.075.148-.078.25-.078 2.772v2.619l-2.61.016c-1.867.012-2.652.03-2.756.064-.168.055-.438.301-.54.494-.049.092-.07.223-.07.432 0 .34.054.476.282.704.289.289.14.275 3.064.288l2.63.012v2.619c0 2.544.002 2.625.08 2.778.191.372.516.577.92.577s.729-.205.92-.577c.078-.153.08-.234.08-2.778v-2.619l2.63-.012c2.924-.013 2.775.001 3.064-.288.228-.228.282-.364.282-.704 0-.209-.021-.34-.07-.432-.102-.193-.372-.439-.54-.494-.104-.034-.889-.052-2.756-.064L13 10.994V8.375c0-2.522-.003-2.624-.078-2.772-.214-.418-.685-.656-1.122-.566\"\/><\/svg><\/span>\n\t\t\t\t\t<span class=\"t2-accordion-icon is-open-icon\"><svg xmlns=\"http:\/\/www.w3.org\/2000\/svg\" viewBox=\"0 0 24 24\" height=\"24\" width=\"24\" class=\"t2-icon t2-icon-chevronup\" aria-hidden=\"true\" focusable=\"false\"><path d=\"M6.7 14.7c-.2-.2-.3-.4-.3-.7s.1-.5.3-.7l4.6-4.6c.1-.1.2-.2.3-.2.1 0 .2-.1.4-.1.1 0 .3 0 .4.1.1 0 .2.1.3.2l4.6 4.6c.2.2.3.4.3.7s-.1.5-.3.7c-.2.2-.4.3-.7.3s-.5-.1-.7-.3L12 10.8l-3.9 3.9c-.2.2-.4.3-.7.3s-.5-.1-.7-.3z\" fill=\"currentColor\" \/><\/svg><\/span>\n\t\t\t\t<\/button>\n\t\t\t<\/h2>\n\t\t\t<div class=\"t2-accordion-item__inner-container is-layout-flow\" id=\"accordion-panel-2\" aria-labelledby=\"bygger-gode-minner\" role=\"region\" hidden>\n\t\t\t\t\n\n<p>Som en del av v\u00e5rt terapeutiske arbeid, hjelper vi barna \u00e5 f\u00e5 oversikt over livet sitt til n\u00e5. Vi samler inn historier fra de var helt sm\u00e5, vi pr\u00f8ver \u00e5 se sammen med dem inn i fremtiden. For et barn som kanskje bare husker vonde bruddstykker fra livet sitt, er det \u00e5 f\u00e5 samlet historier ogs\u00e5 om de fine tingene veldig viktig for \u00e5 bygge dem opp innvending.<\/p>\n\n\n\t\t\t<\/div>\n\t\t<\/div>\n\n<div class=\"t2-accordion-item wp-block-t2-accordion-item\" role=\"listitem\">\n\t\t\t<h2 class=\"t2-accordion-title\">\n\t\t\t\t<button type=\"button\" class=\"t2-accordion-trigger\" id=\"forsterkede-fosterhjem\" aria-controls=\"accordion-panel-3\" aria-expanded=\"false\">\n\t\t\t\t\tForsterkede fosterhjem\n\t\t\t\t\t<span class=\"t2-accordion-icon is-closed-icon\"><svg xmlns=\"http:\/\/www.w3.org\/2000\/svg\" viewBox=\"0 0 24 24\" height=\"24\" width=\"24\" class=\"t2-icon t2-icon-plus\" aria-hidden=\"true\" focusable=\"false\"><path d=\"M11.8 5.037a1.088 1.088 0 0 0-.722.566c-.075.148-.078.25-.078 2.772v2.619l-2.61.016c-1.867.012-2.652.03-2.756.064-.168.055-.438.301-.54.494-.049.092-.07.223-.07.432 0 .34.054.476.282.704.289.289.14.275 3.064.288l2.63.012v2.619c0 2.544.002 2.625.08 2.778.191.372.516.577.92.577s.729-.205.92-.577c.078-.153.08-.234.08-2.778v-2.619l2.63-.012c2.924-.013 2.775.001 3.064-.288.228-.228.282-.364.282-.704 0-.209-.021-.34-.07-.432-.102-.193-.372-.439-.54-.494-.104-.034-.889-.052-2.756-.064L13 10.994V8.375c0-2.522-.003-2.624-.078-2.772-.214-.418-.685-.656-1.122-.566\"\/><\/svg><\/span>\n\t\t\t\t\t<span class=\"t2-accordion-icon is-open-icon\"><svg xmlns=\"http:\/\/www.w3.org\/2000\/svg\" viewBox=\"0 0 24 24\" height=\"24\" width=\"24\" class=\"t2-icon t2-icon-chevronup\" aria-hidden=\"true\" focusable=\"false\"><path d=\"M6.7 14.7c-.2-.2-.3-.4-.3-.7s.1-.5.3-.7l4.6-4.6c.1-.1.2-.2.3-.2.1 0 .2-.1.4-.1.1 0 .3 0 .4.1.1 0 .2.1.3.2l4.6 4.6c.2.2.3.4.3.7s-.1.5-.3.7c-.2.2-.4.3-.7.3s-.5-.1-.7-.3L12 10.8l-3.9 3.9c-.2.2-.4.3-.7.3s-.5-.1-.7-.3z\" fill=\"currentColor\" \/><\/svg><\/span>\n\t\t\t\t<\/button>\n\t\t\t<\/h2>\n\t\t\t<div class=\"t2-accordion-item__inner-container is-layout-flow\" id=\"accordion-panel-3\" aria-labelledby=\"forsterkede-fosterhjem\" role=\"region\" hidden>\n\t\t\t\t\n\n<p>For de fleste av barna vil det neste skrittet etter et opphold p\u00e5 Heggeli, v\u00e6re \u00e5 flytte inn i et av v\u00e5re forsterkede fosterhjem, et familiehjem.<\/p>\n\n\n\n<p>Et av de viktigste m\u00e5lene for et opphold p\u00e5 Heggeli Barnehjem, er at vi som jobber der skal bli kjent med og samle informasjon om det enkelte barn, for \u00e5 kunne tilrettelegge gode, tilpassede omsorgstiltak under og etter institusjonsoppholdet. For de fleste av barna inneb\u00e6rer det \u00e5 flytte i et familiehjem.<\/p>\n\n\n\n<p><strong>Tette b\u00e5nd som varer<br><\/strong>Familiekonsulentene p\u00e5 Heggeli har omfattende erfaring i \u00e5 finne fosterfamilier som kan passe sammen med barn som bor i v\u00e5re avdelinger. Fosterforeldrene har tett og jevnlig oppf\u00f8lging fra Heggeli. Heggeli fungerer som et d\u00f8gnkontinuerlig sikkerhetsnett og st\u00f8tteapparat for familiene.<\/p>\n\n\n\n<p>Like ens har fosterbarna ogs\u00e5 n\u00e6r kontakt med Heggeli, fordi de hver tredje helg har avlastning p\u00e5 barnehjemmet, og tilbringer to uker hver sommer p\u00e5 Hud\u00f8y Feriekoloni. Vi passer p\u00e5 \u00e5 plassere de som kjenner hverandre godt og som er i samme alder p\u00e5 samme avlastningshelger og ferier. Det gir tette b\u00e5nd. N\u00e5r de etter noen \u00e5r har vokst ut av systemet, kommer flere av dem tilbake og tar sommerjobb p\u00e5 <a href=\"https:\/\/hudoy.no\/\" target=\"_blank\" rel=\"noreferrer noopener\">Hud\u00f8y<\/a>.<\/p>\n\n\n\n<p>Barna som kommer til Heggeli kommer gjerne fra familier som st\u00e5r helt utenfor samfunnet. De har opplevd ting som ingen andre de kjenner har opplevd. Men n\u00e5r de kommer hit, opplever de at de kan dele historiene sine med hverandre. De ser at de ikke er alene med sine opplevelser.<\/p>\n\n\n\n<p>Det barna f\u00e5r hos oss, er et innenforskap. De blir del av en \u00abHeggeli-familie\u00bb. Her kan du lese mer om den tette oppf\u00f8lgingen vi gir v\u00e5re forsterkede fosterhjem.<\/p>\n\n\n\t\t\t<\/div>\n\t\t<\/div>\n<\/div>","protected":false},"excerpt":{"rendered":"<p>P\u00e5 Heggeli barnehjem jobber vi for \u00e5 skape nye muligheter for barn som har hatt&hellip;<\/p>\n","protected":false},"author":6,"featured_media":0,"parent":0,"menu_order":0,"comment_status":"closed","ping_status":"closed","template":"","meta":{"_relevanssi_hide_post":"","_relevanssi_hide_content":"","_relevanssi_pin_for_all":"","_relevanssi_pin_keywords":"","_relevanssi_unpin_keywords":"","_relevanssi_related_keywords":"","_relevanssi_related_include_ids":"","_relevanssi_related_exclude_ids":"","_relevanssi_related_no_append":"","_relevanssi_related_not_related":"","_relevanssi_related_posts":"1","_relevanssi_noindex_reason":"","editor_notices":[],"footnotes":""},"class_list":["post-11","page","type-page","status-publish","hentry"],"yoast_head":"<!-- This site is optimized with the Yoast SEO Premium plugin v27.2 (Yoast SEO v27.2) - https:\/\/yoast.com\/product\/yoast-seo-premium-wordpress\/ -->\n<title>Hva vi tilbyr - Heggeli barnehjem<\/title>\n<meta name=\"robots\" content=\"index, follow, max-snippet:-1, max-image-preview:large, max-video-preview:-1\" \/>\n<link rel=\"canonical\" href=\"https:\/\/kirkensbymisjon.no\/tilbud-heggeli-barnehjem\/hva-vi-tilbyr\/\" \/>\n<meta property=\"og:locale\" content=\"nb_NO\" \/>\n<meta property=\"og:type\" content=\"article\" \/>\n<meta property=\"og:title\" content=\"Hva vi tilbyr\" \/>\n<meta property=\"og:description\" content=\"P\u00e5 Heggeli barnehjem jobber vi for \u00e5 skape nye muligheter for barn som har hatt&hellip;\" \/>\n<meta property=\"og:url\" content=\"https:\/\/kirkensbymisjon.no\/tilbud-heggeli-barnehjem\/hva-vi-tilbyr\/\" \/>\n<meta property=\"og:site_name\" content=\"Heggeli barnehjem\" \/>\n<meta property=\"article:modified_time\" content=\"2024-09-17T15:18:38+00:00\" \/>\n<meta property=\"og:image\" content=\"https:\/\/kirkensbymisjon.no\/content\/uploads\/sites\/92\/2024\/08\/tilbud_heggeli-barnehjem_04.jpg\" \/>\n<meta name=\"twitter:card\" content=\"summary_large_image\" \/>\n<meta name=\"twitter:label1\" content=\"Ansl. lesetid\" \/>\n\t<meta name=\"twitter:data1\" content=\"4 minutter\" \/>\n<script type=\"application\/ld+json\" class=\"yoast-schema-graph\">{\"@context\":\"https:\/\/schema.org\",\"@graph\":[{\"@type\":\"WebPage\",\"@id\":\"https:\/\/kirkensbymisjon.no\/tilbud-heggeli-barnehjem\/hva-vi-tilbyr\/\",\"url\":\"https:\/\/kirkensbymisjon.no\/tilbud-heggeli-barnehjem\/hva-vi-tilbyr\/\",\"name\":\"Hva vi tilbyr - Heggeli barnehjem\",\"isPartOf\":{\"@id\":\"https:\/\/kirkensbymisjon.no\/tilbud-heggeli-barnehjem\/#website\"},\"primaryImageOfPage\":{\"@id\":\"https:\/\/kirkensbymisjon.no\/tilbud-heggeli-barnehjem\/hva-vi-tilbyr\/#primaryimage\"},\"image\":{\"@id\":\"https:\/\/kirkensbymisjon.no\/tilbud-heggeli-barnehjem\/hva-vi-tilbyr\/#primaryimage\"},\"thumbnailUrl\":\"https:\/\/kirkensbymisjon.no\/content\/uploads\/sites\/92\/2024\/08\/tilbud_heggeli-barnehjem_04.jpg\",\"datePublished\":\"2024-08-01T06:40:56+00:00\",\"dateModified\":\"2024-09-17T15:18:38+00:00\",\"breadcrumb\":{\"@id\":\"https:\/\/kirkensbymisjon.no\/tilbud-heggeli-barnehjem\/hva-vi-tilbyr\/#breadcrumb\"},\"inLanguage\":\"nb-NO\",\"potentialAction\":[{\"@type\":\"ReadAction\",\"target\":[\"https:\/\/kirkensbymisjon.no\/tilbud-heggeli-barnehjem\/hva-vi-tilbyr\/\"]}]},{\"@type\":\"ImageObject\",\"inLanguage\":\"nb-NO\",\"@id\":\"https:\/\/kirkensbymisjon.no\/tilbud-heggeli-barnehjem\/hva-vi-tilbyr\/#primaryimage\",\"url\":\"https:\/\/kirkensbymisjon.no\/content\/uploads\/sites\/92\/2024\/08\/tilbud_heggeli-barnehjem_04.jpg\",\"contentUrl\":\"https:\/\/kirkensbymisjon.no\/content\/uploads\/sites\/92\/2024\/08\/tilbud_heggeli-barnehjem_04.jpg\"},{\"@type\":\"BreadcrumbList\",\"@id\":\"https:\/\/kirkensbymisjon.no\/tilbud-heggeli-barnehjem\/hva-vi-tilbyr\/#breadcrumb\",\"itemListElement\":[{\"@type\":\"ListItem\",\"position\":1,\"name\":\"Hjem\",\"item\":\"https:\/\/kirkensbymisjon.no\/tilbud-heggeli-barnehjem\/\"},{\"@type\":\"ListItem\",\"position\":2,\"name\":\"Hva vi tilbyr\"}]},{\"@type\":\"WebSite\",\"@id\":\"https:\/\/kirkensbymisjon.no\/tilbud-heggeli-barnehjem\/#website\",\"url\":\"https:\/\/kirkensbymisjon.no\/tilbud-heggeli-barnehjem\/\",\"name\":\"Heggeli barnehjem\",\"description\":\"\",\"potentialAction\":[{\"@type\":\"SearchAction\",\"target\":{\"@type\":\"EntryPoint\",\"urlTemplate\":\"https:\/\/kirkensbymisjon.no\/tilbud-heggeli-barnehjem\/?s={search_term_string}\"},\"query-input\":{\"@type\":\"PropertyValueSpecification\",\"valueRequired\":true,\"valueName\":\"search_term_string\"}}],\"inLanguage\":\"nb-NO\"}]}<\/script>\n<!-- \/ Yoast SEO Premium plugin. -->","yoast_head_json":{"title":"Hva vi tilbyr - Heggeli barnehjem","robots":{"index":"index","follow":"follow","max-snippet":"max-snippet:-1","max-image-preview":"max-image-preview:large","max-video-preview":"max-video-preview:-1"},"canonical":"https:\/\/kirkensbymisjon.no\/tilbud-heggeli-barnehjem\/hva-vi-tilbyr\/","og_locale":"nb_NO","og_type":"article","og_title":"Hva vi tilbyr","og_description":"P\u00e5 Heggeli barnehjem jobber vi for \u00e5 skape nye muligheter for barn som har hatt&hellip;","og_url":"https:\/\/kirkensbymisjon.no\/tilbud-heggeli-barnehjem\/hva-vi-tilbyr\/","og_site_name":"Heggeli barnehjem","article_modified_time":"2024-09-17T15:18:38+00:00","og_image":[{"url":"https:\/\/kirkensbymisjon.no\/content\/uploads\/sites\/92\/2024\/08\/tilbud_heggeli-barnehjem_04.jpg","type":"","width":"","height":""}],"twitter_card":"summary_large_image","twitter_misc":{"Ansl. lesetid":"4 minutter"},"schema":{"@context":"https:\/\/schema.org","@graph":[{"@type":"WebPage","@id":"https:\/\/kirkensbymisjon.no\/tilbud-heggeli-barnehjem\/hva-vi-tilbyr\/","url":"https:\/\/kirkensbymisjon.no\/tilbud-heggeli-barnehjem\/hva-vi-tilbyr\/","name":"Hva vi tilbyr - Heggeli barnehjem","isPartOf":{"@id":"https:\/\/kirkensbymisjon.no\/tilbud-heggeli-barnehjem\/#website"},"primaryImageOfPage":{"@id":"https:\/\/kirkensbymisjon.no\/tilbud-heggeli-barnehjem\/hva-vi-tilbyr\/#primaryimage"},"image":{"@id":"https:\/\/kirkensbymisjon.no\/tilbud-heggeli-barnehjem\/hva-vi-tilbyr\/#primaryimage"},"thumbnailUrl":"https:\/\/kirkensbymisjon.no\/content\/uploads\/sites\/92\/2024\/08\/tilbud_heggeli-barnehjem_04.jpg","datePublished":"2024-08-01T06:40:56+00:00","dateModified":"2024-09-17T15:18:38+00:00","breadcrumb":{"@id":"https:\/\/kirkensbymisjon.no\/tilbud-heggeli-barnehjem\/hva-vi-tilbyr\/#breadcrumb"},"inLanguage":"nb-NO","potentialAction":[{"@type":"ReadAction","target":["https:\/\/kirkensbymisjon.no\/tilbud-heggeli-barnehjem\/hva-vi-tilbyr\/"]}]},{"@type":"ImageObject","inLanguage":"nb-NO","@id":"https:\/\/kirkensbymisjon.no\/tilbud-heggeli-barnehjem\/hva-vi-tilbyr\/#primaryimage","url":"https:\/\/kirkensbymisjon.no\/content\/uploads\/sites\/92\/2024\/08\/tilbud_heggeli-barnehjem_04.jpg","contentUrl":"https:\/\/kirkensbymisjon.no\/content\/uploads\/sites\/92\/2024\/08\/tilbud_heggeli-barnehjem_04.jpg"},{"@type":"BreadcrumbList","@id":"https:\/\/kirkensbymisjon.no\/tilbud-heggeli-barnehjem\/hva-vi-tilbyr\/#breadcrumb","itemListElement":[{"@type":"ListItem","position":1,"name":"Hjem","item":"https:\/\/kirkensbymisjon.no\/tilbud-heggeli-barnehjem\/"},{"@type":"ListItem","position":2,"name":"Hva vi tilbyr"}]},{"@type":"WebSite","@id":"https:\/\/kirkensbymisjon.no\/tilbud-heggeli-barnehjem\/#website","url":"https:\/\/kirkensbymisjon.no\/tilbud-heggeli-barnehjem\/","name":"Heggeli barnehjem","description":"","potentialAction":[{"@type":"SearchAction","target":{"@type":"EntryPoint","urlTemplate":"https:\/\/kirkensbymisjon.no\/tilbud-heggeli-barnehjem\/?s={search_term_string}"},"query-input":{"@type":"PropertyValueSpecification","valueRequired":true,"valueName":"search_term_string"}}],"inLanguage":"nb-NO"}]}},"_links":{"self":[{"href":"https:\/\/kirkensbymisjon.no\/tilbud-heggeli-barnehjem\/wp-json\/wp\/v2\/pages\/11","targetHints":{"allow":["GET"]}}],"collection":[{"href":"https:\/\/kirkensbymisjon.no\/tilbud-heggeli-barnehjem\/wp-json\/wp\/v2\/pages"}],"about":[{"href":"https:\/\/kirkensbymisjon.no\/tilbud-heggeli-barnehjem\/wp-json\/wp\/v2\/types\/page"}],"author":[{"embeddable":true,"href":"https:\/\/kirkensbymisjon.no\/tilbud-heggeli-barnehjem\/wp-json\/wp\/v2\/users\/6"}],"replies":[{"embeddable":true,"href":"https:\/\/kirkensbymisjon.no\/tilbud-heggeli-barnehjem\/wp-json\/wp\/v2\/comments?post=11"}],"version-history":[{"count":5,"href":"https:\/\/kirkensbymisjon.no\/tilbud-heggeli-barnehjem\/wp-json\/wp\/v2\/pages\/11\/revisions"}],"predecessor-version":[{"id":213,"href":"https:\/\/kirkensbymisjon.no\/tilbud-heggeli-barnehjem\/wp-json\/wp\/v2\/pages\/11\/revisions\/213"}],"wp:attachment":[{"href":"https:\/\/kirkensbymisjon.no\/tilbud-heggeli-barnehjem\/wp-json\/wp\/v2\/media?parent=11"}],"curies":[{"name":"wp","href":"https:\/\/api.w.org\/{rel}","templated":true}]}}