{"id":13,"date":"2024-08-01T08:41:46","date_gmt":"2024-08-01T06:41:46","guid":{"rendered":"https:\/\/kirkensbymisjon.no\/tilbud-heggeli-barnehjem\/?page_id=13"},"modified":"2025-03-11T12:52:56","modified_gmt":"2025-03-11T11:52:56","slug":"vare-avdelinger","status":"publish","type":"page","link":"https:\/\/kirkensbymisjon.no\/tilbud-heggeli-barnehjem\/vare-avdelinger\/","title":{"rendered":"V\u00e5re avdelinger"},"content":{"rendered":"\n<p>Vi kan tilby barn som trenger det et eget rom i et tilpasset oppvekstmilj\u00f8 p\u00e5 flere sentrale og trygge steder i Oslo.<\/p>\n\n\n\t<div class=\"alignfull wp-block-kbm-gallery\" data-scroll=\"1\">\n\t\t<div class=\"kbm-gallery__scroll\">\n\t\t\t<div class=\"kbm-gallery__wrapper\">\n\t\t\t\t\n\n<figure class=\"wp-block-gallery has-nested-images columns-default is-cropped wp-block-gallery-1 is-layout-flex wp-block-gallery-is-layout-flex\">\n<figure class=\"wp-block-image size-large\"><img loading=\"lazy\" decoding=\"async\" width=\"1000\" height=\"500\" data-id=\"118\" src=\"https:\/\/kirkensbymisjon.no\/content\/uploads\/sites\/92\/2024\/08\/tilbud_heggeli-barnehjem_05.jpg\" alt=\"D\u00f8rskilt med teksten &quot;Velkommen til oss p\u00e5 Heggeli&quot;\" class=\"wp-image-118\" srcset=\"https:\/\/kirkensbymisjon.no\/content\/uploads\/sites\/92\/2024\/08\/tilbud_heggeli-barnehjem_05.jpg 1000w, https:\/\/kirkensbymisjon.no\/content\/uploads\/sites\/92\/2024\/08\/tilbud_heggeli-barnehjem_05-300x150.jpg 300w, https:\/\/kirkensbymisjon.no\/content\/uploads\/sites\/92\/2024\/08\/tilbud_heggeli-barnehjem_05-768x384.jpg 768w\" sizes=\"auto, (max-width: 1000px) 100vw, 1000px\" \/><\/figure>\n\n\n\n<figure class=\"wp-block-image size-large\"><img loading=\"lazy\" decoding=\"async\" width=\"681\" height=\"1024\" data-id=\"128\" src=\"https:\/\/kirkensbymisjon.no\/content\/uploads\/sites\/92\/2024\/08\/tilbud_heggeli-barnehjem_11-681x1024.jpg\" alt=\"Fra v\u00e5re botilbud\" class=\"wp-image-128\" srcset=\"https:\/\/kirkensbymisjon.no\/content\/uploads\/sites\/92\/2024\/08\/tilbud_heggeli-barnehjem_11-681x1024.jpg 681w, https:\/\/kirkensbymisjon.no\/content\/uploads\/sites\/92\/2024\/08\/tilbud_heggeli-barnehjem_11-200x300.jpg 200w, https:\/\/kirkensbymisjon.no\/content\/uploads\/sites\/92\/2024\/08\/tilbud_heggeli-barnehjem_11-768x1154.jpg 768w, https:\/\/kirkensbymisjon.no\/content\/uploads\/sites\/92\/2024\/08\/tilbud_heggeli-barnehjem_11-1022x1536.jpg 1022w, https:\/\/kirkensbymisjon.no\/content\/uploads\/sites\/92\/2024\/08\/tilbud_heggeli-barnehjem_11-1362x2048.jpg 1362w, https:\/\/kirkensbymisjon.no\/content\/uploads\/sites\/92\/2024\/08\/tilbud_heggeli-barnehjem_11.jpg 1703w\" sizes=\"auto, (max-width: 681px) 100vw, 681px\" \/><\/figure>\n\n\n\n<figure class=\"wp-block-image size-large\"><img loading=\"lazy\" decoding=\"async\" width=\"1024\" height=\"683\" data-id=\"124\" src=\"https:\/\/kirkensbymisjon.no\/content\/uploads\/sites\/92\/2024\/08\/tilbud_heggeli-barnehjem_07-1024x683.jpg\" alt=\"Fra v\u00e5re botilbud\" class=\"wp-image-124\" srcset=\"https:\/\/kirkensbymisjon.no\/content\/uploads\/sites\/92\/2024\/08\/tilbud_heggeli-barnehjem_07-1024x683.jpg 1024w, https:\/\/kirkensbymisjon.no\/content\/uploads\/sites\/92\/2024\/08\/tilbud_heggeli-barnehjem_07-300x200.jpg 300w, https:\/\/kirkensbymisjon.no\/content\/uploads\/sites\/92\/2024\/08\/tilbud_heggeli-barnehjem_07-768x512.jpg 768w, https:\/\/kirkensbymisjon.no\/content\/uploads\/sites\/92\/2024\/08\/tilbud_heggeli-barnehjem_07-1536x1024.jpg 1536w, https:\/\/kirkensbymisjon.no\/content\/uploads\/sites\/92\/2024\/08\/tilbud_heggeli-barnehjem_07-2048x1366.jpg 2048w\" sizes=\"auto, (max-width: 1024px) 100vw, 1024px\" \/><\/figure>\n\n\n\n<figure class=\"wp-block-image size-large\"><img loading=\"lazy\" decoding=\"async\" width=\"1024\" height=\"598\" data-id=\"125\" src=\"https:\/\/kirkensbymisjon.no\/content\/uploads\/sites\/92\/2024\/08\/tilbud_heggeli-barnehjem_08-1024x598.jpg\" alt=\"Fra v\u00e5re botilbud\" class=\"wp-image-125\" srcset=\"https:\/\/kirkensbymisjon.no\/content\/uploads\/sites\/92\/2024\/08\/tilbud_heggeli-barnehjem_08-1024x598.jpg 1024w, https:\/\/kirkensbymisjon.no\/content\/uploads\/sites\/92\/2024\/08\/tilbud_heggeli-barnehjem_08-300x175.jpg 300w, https:\/\/kirkensbymisjon.no\/content\/uploads\/sites\/92\/2024\/08\/tilbud_heggeli-barnehjem_08-768x448.jpg 768w, https:\/\/kirkensbymisjon.no\/content\/uploads\/sites\/92\/2024\/08\/tilbud_heggeli-barnehjem_08-1536x896.jpg 1536w, https:\/\/kirkensbymisjon.no\/content\/uploads\/sites\/92\/2024\/08\/tilbud_heggeli-barnehjem_08-2048x1195.jpg 2048w\" sizes=\"auto, (max-width: 1024px) 100vw, 1024px\" \/><\/figure>\n\n\n\n<figure class=\"wp-block-image size-large\"><img loading=\"lazy\" decoding=\"async\" width=\"681\" height=\"1024\" data-id=\"126\" src=\"https:\/\/kirkensbymisjon.no\/content\/uploads\/sites\/92\/2024\/08\/tilbud_heggeli-barnehjem_09-681x1024.jpg\" alt=\"Fra v\u00e5re botilbud\" class=\"wp-image-126\" srcset=\"https:\/\/kirkensbymisjon.no\/content\/uploads\/sites\/92\/2024\/08\/tilbud_heggeli-barnehjem_09-681x1024.jpg 681w, https:\/\/kirkensbymisjon.no\/content\/uploads\/sites\/92\/2024\/08\/tilbud_heggeli-barnehjem_09-200x300.jpg 200w, https:\/\/kirkensbymisjon.no\/content\/uploads\/sites\/92\/2024\/08\/tilbud_heggeli-barnehjem_09-768x1154.jpg 768w, https:\/\/kirkensbymisjon.no\/content\/uploads\/sites\/92\/2024\/08\/tilbud_heggeli-barnehjem_09-1022x1536.jpg 1022w, https:\/\/kirkensbymisjon.no\/content\/uploads\/sites\/92\/2024\/08\/tilbud_heggeli-barnehjem_09-1362x2048.jpg 1362w, https:\/\/kirkensbymisjon.no\/content\/uploads\/sites\/92\/2024\/08\/tilbud_heggeli-barnehjem_09.jpg 1703w\" sizes=\"auto, (max-width: 681px) 100vw, 681px\" \/><\/figure>\n\n\n\n<figure class=\"wp-block-image size-large\"><img loading=\"lazy\" decoding=\"async\" width=\"1024\" height=\"683\" data-id=\"123\" src=\"https:\/\/kirkensbymisjon.no\/content\/uploads\/sites\/92\/2024\/08\/tilbud_heggeli-barnehjem_06-1024x683.jpg\" alt=\"Fra v\u00e5re botilbud\" class=\"wp-image-123\" srcset=\"https:\/\/kirkensbymisjon.no\/content\/uploads\/sites\/92\/2024\/08\/tilbud_heggeli-barnehjem_06-1024x683.jpg 1024w, https:\/\/kirkensbymisjon.no\/content\/uploads\/sites\/92\/2024\/08\/tilbud_heggeli-barnehjem_06-300x200.jpg 300w, https:\/\/kirkensbymisjon.no\/content\/uploads\/sites\/92\/2024\/08\/tilbud_heggeli-barnehjem_06-768x512.jpg 768w, https:\/\/kirkensbymisjon.no\/content\/uploads\/sites\/92\/2024\/08\/tilbud_heggeli-barnehjem_06-1536x1024.jpg 1536w, https:\/\/kirkensbymisjon.no\/content\/uploads\/sites\/92\/2024\/08\/tilbud_heggeli-barnehjem_06-2048x1366.jpg 2048w\" sizes=\"auto, (max-width: 1024px) 100vw, 1024px\" \/><\/figure>\n\n\n\n<figure class=\"wp-block-image size-large\"><img loading=\"lazy\" decoding=\"async\" width=\"681\" height=\"1024\" data-id=\"127\" src=\"https:\/\/kirkensbymisjon.no\/content\/uploads\/sites\/92\/2024\/08\/tilbud_heggeli-barnehjem_10-681x1024.jpg\" alt=\"Fra v\u00e5re botilbud\" class=\"wp-image-127\" srcset=\"https:\/\/kirkensbymisjon.no\/content\/uploads\/sites\/92\/2024\/08\/tilbud_heggeli-barnehjem_10-681x1024.jpg 681w, https:\/\/kirkensbymisjon.no\/content\/uploads\/sites\/92\/2024\/08\/tilbud_heggeli-barnehjem_10-200x300.jpg 200w, https:\/\/kirkensbymisjon.no\/content\/uploads\/sites\/92\/2024\/08\/tilbud_heggeli-barnehjem_10-768x1154.jpg 768w, https:\/\/kirkensbymisjon.no\/content\/uploads\/sites\/92\/2024\/08\/tilbud_heggeli-barnehjem_10-1022x1536.jpg 1022w, https:\/\/kirkensbymisjon.no\/content\/uploads\/sites\/92\/2024\/08\/tilbud_heggeli-barnehjem_10-1362x2048.jpg 1362w, https:\/\/kirkensbymisjon.no\/content\/uploads\/sites\/92\/2024\/08\/tilbud_heggeli-barnehjem_10.jpg 1703w\" sizes=\"auto, (max-width: 681px) 100vw, 681px\" \/><\/figure>\n<\/figure>\n\n\t\t\t<\/div>\n\t\t<\/div>\n\t<\/div>\n\t\n\n\n<h2 class=\"wp-block-heading\" id=\"h-vare-boalternativer\"><strong>V\u00e5re boalternativer<\/strong><\/h2>\n\n\n<div class=\"t2-accordion wp-block-t2-accordion\" data-allow-multiple=\"1\" role=\"list\">\n<div class=\"t2-accordion-item wp-block-t2-accordion-item\" role=\"listitem\">\n\t\t\t<h2 class=\"t2-accordion-title\">\n\t\t\t\t<button type=\"button\" class=\"t2-accordion-trigger\" id=\"heggeli-barnehjem\" aria-controls=\"accordion-panel\" aria-expanded=\"false\">\n\t\t\t\t\tHeggeli barnehjem\n\t\t\t\t\t<span class=\"t2-accordion-icon is-closed-icon\"><svg xmlns=\"http:\/\/www.w3.org\/2000\/svg\" viewBox=\"0 0 24 24\" height=\"24\" width=\"24\" class=\"t2-icon t2-icon-plus\" aria-hidden=\"true\" focusable=\"false\"><path d=\"M11.8 5.037a1.088 1.088 0 0 0-.722.566c-.075.148-.078.25-.078 2.772v2.619l-2.61.016c-1.867.012-2.652.03-2.756.064-.168.055-.438.301-.54.494-.049.092-.07.223-.07.432 0 .34.054.476.282.704.289.289.14.275 3.064.288l2.63.012v2.619c0 2.544.002 2.625.08 2.778.191.372.516.577.92.577s.729-.205.92-.577c.078-.153.08-.234.08-2.778v-2.619l2.63-.012c2.924-.013 2.775.001 3.064-.288.228-.228.282-.364.282-.704 0-.209-.021-.34-.07-.432-.102-.193-.372-.439-.54-.494-.104-.034-.889-.052-2.756-.064L13 10.994V8.375c0-2.522-.003-2.624-.078-2.772-.214-.418-.685-.656-1.122-.566\"\/><\/svg><\/span>\n\t\t\t\t\t<span class=\"t2-accordion-icon is-open-icon\"><svg xmlns=\"http:\/\/www.w3.org\/2000\/svg\" viewBox=\"0 0 24 24\" height=\"24\" width=\"24\" class=\"t2-icon t2-icon-chevronup\" aria-hidden=\"true\" focusable=\"false\"><path d=\"M6.7 14.7c-.2-.2-.3-.4-.3-.7s.1-.5.3-.7l4.6-4.6c.1-.1.2-.2.3-.2.1 0 .2-.1.4-.1.1 0 .3 0 .4.1.1 0 .2.1.3.2l4.6 4.6c.2.2.3.4.3.7s-.1.5-.3.7c-.2.2-.4.3-.7.3s-.5-.1-.7-.3L12 10.8l-3.9 3.9c-.2.2-.4.3-.7.3s-.5-.1-.7-.3z\" fill=\"currentColor\" \/><\/svg><\/span>\n\t\t\t\t<\/button>\n\t\t\t<\/h2>\n\t\t\t<div class=\"t2-accordion-item__inner-container is-layout-flow\" id=\"accordion-panel\" aria-labelledby=\"heggeli-barnehjem\" role=\"region\" hidden>\n\t\t\t\t\n\n<p><strong>Heggeli barnehjem er<strong> for barn som trenger \u00e5 v\u00e6re i mindre grupper.<\/strong><\/strong><\/p>\n\n\n\n<p><strong>Ved v\u00e5r avdeling Heggeli barnehjem har vi godkjenning for tre barn i alderen 6\u201314 \u00e5r.<\/strong><\/p>\n\n\n\n<p>Barna mottar i f\u00f8rste omgang tilpasset omsorg og milj\u00f8terapeutisk behandling. For en del av barna vil det ogs\u00e5 v\u00e6re aktuelt med ytterligere oppf\u00f8lging fra andre instanser for \u00e5 sikre tilpasset hjelp og oppf\u00f8lging. Hvordan denne hjelpen best ytes avgj\u00f8res i forhold til hva som vurderes mest hensiktsmessig for det enkelte barn. For eksempel kan bistand fra psykisk helsevern enten ytes i form av direkte kontakt med barnet eller gjennom veiledning til personalet.<\/p>\n\n\n\n<p>Gjennom oppholdet gjennomf\u00f8res en milj\u00f8terapeutisk kartlegging som bakgrunn for vurderinger om hva som vil v\u00e6re barnets behov i en videre omsorgssituasjon. P\u00e5 bakgrunn av dette vil det i samr\u00e5d med plasserende instans (barneverntjenesten, Bufdir og Bufetat) vurderes hva slags omsorgsarrangement som vil v\u00e6re best egnet for det enkelte barnet.<\/p>\n\n\n\n<p>I tillegg til oppf\u00f8lging av barna ved institusjonen, er institusjonens personale i konstant beredskap for&nbsp;familiehjemmene&nbsp;der barn fra v\u00e5re avdelinger bor.<\/p>\n\n\n\t\t\t<\/div>\n\t\t<\/div>\n\n<div class=\"t2-accordion-item wp-block-t2-accordion-item\" role=\"listitem\">\n\t\t\t<h2 class=\"t2-accordion-title\">\n\t\t\t\t<button type=\"button\" class=\"t2-accordion-trigger\" id=\"heggeli-skovheimhuset\" aria-controls=\"accordion-panel-1\" aria-expanded=\"false\">\n\t\t\t\t\tHeggeli Skovheimhuset\n\t\t\t\t\t<span class=\"t2-accordion-icon is-closed-icon\"><svg xmlns=\"http:\/\/www.w3.org\/2000\/svg\" viewBox=\"0 0 24 24\" height=\"24\" width=\"24\" class=\"t2-icon t2-icon-plus\" aria-hidden=\"true\" focusable=\"false\"><path d=\"M11.8 5.037a1.088 1.088 0 0 0-.722.566c-.075.148-.078.25-.078 2.772v2.619l-2.61.016c-1.867.012-2.652.03-2.756.064-.168.055-.438.301-.54.494-.049.092-.07.223-.07.432 0 .34.054.476.282.704.289.289.14.275 3.064.288l2.63.012v2.619c0 2.544.002 2.625.08 2.778.191.372.516.577.92.577s.729-.205.92-.577c.078-.153.08-.234.08-2.778v-2.619l2.63-.012c2.924-.013 2.775.001 3.064-.288.228-.228.282-.364.282-.704 0-.209-.021-.34-.07-.432-.102-.193-.372-.439-.54-.494-.104-.034-.889-.052-2.756-.064L13 10.994V8.375c0-2.522-.003-2.624-.078-2.772-.214-.418-.685-.656-1.122-.566\"\/><\/svg><\/span>\n\t\t\t\t\t<span class=\"t2-accordion-icon is-open-icon\"><svg xmlns=\"http:\/\/www.w3.org\/2000\/svg\" viewBox=\"0 0 24 24\" height=\"24\" width=\"24\" class=\"t2-icon t2-icon-chevronup\" aria-hidden=\"true\" focusable=\"false\"><path d=\"M6.7 14.7c-.2-.2-.3-.4-.3-.7s.1-.5.3-.7l4.6-4.6c.1-.1.2-.2.3-.2.1 0 .2-.1.4-.1.1 0 .3 0 .4.1.1 0 .2.1.3.2l4.6 4.6c.2.2.3.4.3.7s-.1.5-.3.7c-.2.2-.4.3-.7.3s-.5-.1-.7-.3L12 10.8l-3.9 3.9c-.2.2-.4.3-.7.3s-.5-.1-.7-.3z\" fill=\"currentColor\" \/><\/svg><\/span>\n\t\t\t\t<\/button>\n\t\t\t<\/h2>\n\t\t\t<div class=\"t2-accordion-item__inner-container is-layout-flow\" id=\"accordion-panel-1\" aria-labelledby=\"heggeli-skovheimhuset\" role=\"region\" hidden>\n\t\t\t\t\n\n<p><strong>Heggeli Skovheimhuset er for barn som trenger \u00e5 v\u00e6re i mindre grupper.<\/strong><\/p>\n\n\n\n<p><strong>Ved v\u00e5r avdeling Heggeli Skovheimhuset har vi godkjenning for tre barn i alder 6\u201314 \u00e5r.<\/strong><\/p>\n\n\n\n<p>Her kan barn bo over tid, med tilgang til tilpasset omsorg og milj\u00f8terapeutisk behandling. For mange av barna vil det ogs\u00e5 v\u00e6re aktuelt med ytterligere oppf\u00f8lging fra andre instanser for \u00e5 sikre tilpasset hjelp og oppf\u00f8lging. Hvordan denne hjelpen best ytes avgj\u00f8res i forhold til hva som vurderes mest hensiktsmessig for det enkelte barn.<\/p>\n\n\n\n<p><strong>Lengre mellomplassering<br><\/strong>Gjennom oppholdet gjennomf\u00f8res en milj\u00f8terapeutisk kartlegging med beskrivelser og vurderinger av hvordan barnet fungerer. Dette er viktige bidrag til vurderinger om hva som vil v\u00e6re barnets behov i en videre omsorgssituasjon. P\u00e5 bakgrunn av denne kartleggingen vil vi i samr\u00e5d med plasserende instans (barneverntjenesten, Bufdir og Bufetat) vurdere hva slags omsorgsarrangement som vil v\u00e6re best egnet for det enkelte barnet. En langtidsplassering p\u00e5 Heggeli Skovheimhuset kan derfor fungere som en lengre mellomplassering, med tanke p\u00e5 \u00e5 sikre barnet en stabil omsorgssituasjon mens vi utreder mulige videre plasseringsalternativer.<\/p>\n\n\n\t\t\t<\/div>\n\t\t<\/div>\n\n<div class=\"t2-accordion-item wp-block-t2-accordion-item\" role=\"listitem\">\n\t\t\t<h2 class=\"t2-accordion-title\">\n\t\t\t\t<button type=\"button\" class=\"t2-accordion-trigger\" id=\"heggeli-oppvekst\" aria-controls=\"accordion-panel-2\" aria-expanded=\"false\">\n\t\t\t\t\tHeggeli oppvekst\n\t\t\t\t\t<span class=\"t2-accordion-icon is-closed-icon\"><svg xmlns=\"http:\/\/www.w3.org\/2000\/svg\" viewBox=\"0 0 24 24\" height=\"24\" width=\"24\" class=\"t2-icon t2-icon-plus\" aria-hidden=\"true\" focusable=\"false\"><path d=\"M11.8 5.037a1.088 1.088 0 0 0-.722.566c-.075.148-.078.25-.078 2.772v2.619l-2.61.016c-1.867.012-2.652.03-2.756.064-.168.055-.438.301-.54.494-.049.092-.07.223-.07.432 0 .34.054.476.282.704.289.289.14.275 3.064.288l2.63.012v2.619c0 2.544.002 2.625.08 2.778.191.372.516.577.92.577s.729-.205.92-.577c.078-.153.08-.234.08-2.778v-2.619l2.63-.012c2.924-.013 2.775.001 3.064-.288.228-.228.282-.364.282-.704 0-.209-.021-.34-.07-.432-.102-.193-.372-.439-.54-.494-.104-.034-.889-.052-2.756-.064L13 10.994V8.375c0-2.522-.003-2.624-.078-2.772-.214-.418-.685-.656-1.122-.566\"\/><\/svg><\/span>\n\t\t\t\t\t<span class=\"t2-accordion-icon is-open-icon\"><svg xmlns=\"http:\/\/www.w3.org\/2000\/svg\" viewBox=\"0 0 24 24\" height=\"24\" width=\"24\" class=\"t2-icon t2-icon-chevronup\" aria-hidden=\"true\" focusable=\"false\"><path d=\"M6.7 14.7c-.2-.2-.3-.4-.3-.7s.1-.5.3-.7l4.6-4.6c.1-.1.2-.2.3-.2.1 0 .2-.1.4-.1.1 0 .3 0 .4.1.1 0 .2.1.3.2l4.6 4.6c.2.2.3.4.3.7s-.1.5-.3.7c-.2.2-.4.3-.7.3s-.5-.1-.7-.3L12 10.8l-3.9 3.9c-.2.2-.4.3-.7.3s-.5-.1-.7-.3z\" fill=\"currentColor\" \/><\/svg><\/span>\n\t\t\t\t<\/button>\n\t\t\t<\/h2>\n\t\t\t<div class=\"t2-accordion-item__inner-container is-layout-flow\" id=\"accordion-panel-2\" aria-labelledby=\"heggeli-oppvekst\" role=\"region\" hidden>\n\t\t\t\t\n\n<p><strong>Heggeli oppvekst er for barn som trenger \u00e5 v\u00e6re i mindre grupper.<\/strong><\/p>\n\n\n\n<p><strong>Ved v\u00e5r avdeling Heggeli oppvekst har vi godkjenning for tre barn som kan bo der s\u00e5 lenge det er behov for tiltaket, i alderen 6\u201314 \u00e5r.<\/strong><\/p>\n\n\n\n<p>I dette tilbudet vil barna prim\u00e6rt motta tilpasset omsorg og milj\u00f8terapeutisk behandling. For mange av barna vil det ogs\u00e5 v\u00e6re aktuelt med ytterligere oppf\u00f8lging fra andre instanser for \u00e5 sikre tilpasset hjelp og oppf\u00f8lging. Hvordan denne hjelpen best ytes vurderes i forhold til hva som vurderes mest hensiktsmessig for det enkelte barn.<\/p>\n\n\n\n<p><strong>Langsiktig oppveksttilbud<br><\/strong>Gjennom oppholdet gjennomf\u00f8res en milj\u00f8terapeutisk kartlegging med beskrivelser og vurderinger av hvordan barnet fungerer. Dette er viktige bidrag til vurderinger om hva som vil v\u00e6re barnets behov i en videre omsorgssituasjon. P\u00e5 bakgrunn av denne kartleggingen vil vi i samr\u00e5d med plasserende instans (barneverntjenesten, Bufdir og Bufetat) vurdere hva slags omsorgsarrangement som vil v\u00e6re best egnet for det enkelte barnet. En langtidsplassering p\u00e5 Heggeli oppvekst kan derfor b\u00e5de fungere som en lengre mellomplassering, med tanke p\u00e5 \u00e5 sikre barnet en stabil omsorgssituasjon mens vi utreder mulige videre plasseringsalternativer, eller alternativt v\u00e6re et \u00f8nske om \u00e5 etablere et langsiktig oppveksttilbud for barn som av ulike grunner ikke skal videre i fosterhjem.<\/p>\n\n\n\t\t\t<\/div>\n\t\t<\/div>\n<\/div>","protected":false},"excerpt":{"rendered":"<p>Vi kan tilby barn som trenger det et eget rom i et tilpasset oppvekstmilj\u00f8 p\u00e5&hellip;<\/p>\n","protected":false},"author":6,"featured_media":0,"parent":0,"menu_order":0,"comment_status":"closed","ping_status":"closed","template":"","meta":{"_relevanssi_hide_post":"","_relevanssi_hide_content":"","_relevanssi_pin_for_all":"","_relevanssi_pin_keywords":"","_relevanssi_unpin_keywords":"","_relevanssi_related_keywords":"","_relevanssi_related_include_ids":"","_relevanssi_related_exclude_ids":"","_relevanssi_related_no_append":"","_relevanssi_related_not_related":"","_relevanssi_related_posts":"1","_relevanssi_noindex_reason":"","editor_notices":[],"footnotes":""},"class_list":["post-13","page","type-page","status-publish","hentry"],"yoast_head":"<!-- This site is optimized with the Yoast SEO Premium plugin v27.2 (Yoast SEO v27.2) - https:\/\/yoast.com\/product\/yoast-seo-premium-wordpress\/ -->\n<title>V\u00e5re avdelinger - Heggeli barnehjem<\/title>\n<meta name=\"robots\" content=\"index, follow, max-snippet:-1, max-image-preview:large, max-video-preview:-1\" \/>\n<link rel=\"canonical\" href=\"https:\/\/kirkensbymisjon.no\/tilbud-heggeli-barnehjem\/vare-avdelinger\/\" \/>\n<meta property=\"og:locale\" content=\"nb_NO\" \/>\n<meta property=\"og:type\" content=\"article\" \/>\n<meta property=\"og:title\" content=\"V\u00e5re avdelinger\" \/>\n<meta property=\"og:description\" content=\"Vi kan tilby barn som trenger det et eget rom i et tilpasset oppvekstmilj\u00f8 p\u00e5&hellip;\" \/>\n<meta property=\"og:url\" content=\"https:\/\/kirkensbymisjon.no\/tilbud-heggeli-barnehjem\/vare-avdelinger\/\" \/>\n<meta property=\"og:site_name\" content=\"Heggeli barnehjem\" \/>\n<meta property=\"article:modified_time\" content=\"2025-03-11T11:52:56+00:00\" \/>\n<meta property=\"og:image\" content=\"https:\/\/kirkensbymisjon.no\/content\/uploads\/sites\/92\/2024\/08\/tilbud_heggeli-barnehjem_05.jpg\" \/>\n\t<meta property=\"og:image:width\" content=\"1000\" \/>\n\t<meta property=\"og:image:height\" content=\"500\" \/>\n\t<meta property=\"og:image:type\" content=\"image\/jpeg\" \/>\n<meta name=\"twitter:card\" content=\"summary_large_image\" \/>\n<meta name=\"twitter:label1\" content=\"Ansl. lesetid\" \/>\n\t<meta name=\"twitter:data1\" content=\"5 minutter\" \/>\n<script type=\"application\/ld+json\" class=\"yoast-schema-graph\">{\"@context\":\"https:\/\/schema.org\",\"@graph\":[{\"@type\":\"WebPage\",\"@id\":\"https:\/\/kirkensbymisjon.no\/tilbud-heggeli-barnehjem\/vare-avdelinger\/\",\"url\":\"https:\/\/kirkensbymisjon.no\/tilbud-heggeli-barnehjem\/vare-avdelinger\/\",\"name\":\"V\u00e5re avdelinger - Heggeli barnehjem\",\"isPartOf\":{\"@id\":\"https:\/\/kirkensbymisjon.no\/tilbud-heggeli-barnehjem\/#website\"},\"primaryImageOfPage\":{\"@id\":\"https:\/\/kirkensbymisjon.no\/tilbud-heggeli-barnehjem\/vare-avdelinger\/#primaryimage\"},\"image\":{\"@id\":\"https:\/\/kirkensbymisjon.no\/tilbud-heggeli-barnehjem\/vare-avdelinger\/#primaryimage\"},\"thumbnailUrl\":\"https:\/\/kirkensbymisjon.no\/content\/uploads\/sites\/92\/2024\/08\/tilbud_heggeli-barnehjem_05.jpg\",\"datePublished\":\"2024-08-01T06:41:46+00:00\",\"dateModified\":\"2025-03-11T11:52:56+00:00\",\"breadcrumb\":{\"@id\":\"https:\/\/kirkensbymisjon.no\/tilbud-heggeli-barnehjem\/vare-avdelinger\/#breadcrumb\"},\"inLanguage\":\"nb-NO\",\"potentialAction\":[{\"@type\":\"ReadAction\",\"target\":[\"https:\/\/kirkensbymisjon.no\/tilbud-heggeli-barnehjem\/vare-avdelinger\/\"]}]},{\"@type\":\"ImageObject\",\"inLanguage\":\"nb-NO\",\"@id\":\"https:\/\/kirkensbymisjon.no\/tilbud-heggeli-barnehjem\/vare-avdelinger\/#primaryimage\",\"url\":\"https:\/\/kirkensbymisjon.no\/content\/uploads\/sites\/92\/2024\/08\/tilbud_heggeli-barnehjem_05.jpg\",\"contentUrl\":\"https:\/\/kirkensbymisjon.no\/content\/uploads\/sites\/92\/2024\/08\/tilbud_heggeli-barnehjem_05.jpg\"},{\"@type\":\"BreadcrumbList\",\"@id\":\"https:\/\/kirkensbymisjon.no\/tilbud-heggeli-barnehjem\/vare-avdelinger\/#breadcrumb\",\"itemListElement\":[{\"@type\":\"ListItem\",\"position\":1,\"name\":\"Hjem\",\"item\":\"https:\/\/kirkensbymisjon.no\/tilbud-heggeli-barnehjem\/\"},{\"@type\":\"ListItem\",\"position\":2,\"name\":\"V\u00e5re avdelinger\"}]},{\"@type\":\"WebSite\",\"@id\":\"https:\/\/kirkensbymisjon.no\/tilbud-heggeli-barnehjem\/#website\",\"url\":\"https:\/\/kirkensbymisjon.no\/tilbud-heggeli-barnehjem\/\",\"name\":\"Heggeli barnehjem\",\"description\":\"\",\"potentialAction\":[{\"@type\":\"SearchAction\",\"target\":{\"@type\":\"EntryPoint\",\"urlTemplate\":\"https:\/\/kirkensbymisjon.no\/tilbud-heggeli-barnehjem\/?s={search_term_string}\"},\"query-input\":{\"@type\":\"PropertyValueSpecification\",\"valueRequired\":true,\"valueName\":\"search_term_string\"}}],\"inLanguage\":\"nb-NO\"}]}<\/script>\n<!-- \/ Yoast SEO Premium plugin. -->","yoast_head_json":{"title":"V\u00e5re avdelinger - Heggeli barnehjem","robots":{"index":"index","follow":"follow","max-snippet":"max-snippet:-1","max-image-preview":"max-image-preview:large","max-video-preview":"max-video-preview:-1"},"canonical":"https:\/\/kirkensbymisjon.no\/tilbud-heggeli-barnehjem\/vare-avdelinger\/","og_locale":"nb_NO","og_type":"article","og_title":"V\u00e5re avdelinger","og_description":"Vi kan tilby barn som trenger det et eget rom i et tilpasset oppvekstmilj\u00f8 p\u00e5&hellip;","og_url":"https:\/\/kirkensbymisjon.no\/tilbud-heggeli-barnehjem\/vare-avdelinger\/","og_site_name":"Heggeli barnehjem","article_modified_time":"2025-03-11T11:52:56+00:00","og_image":[{"width":1000,"height":500,"url":"https:\/\/kirkensbymisjon.no\/content\/uploads\/sites\/92\/2024\/08\/tilbud_heggeli-barnehjem_05.jpg","type":"image\/jpeg"}],"twitter_card":"summary_large_image","twitter_misc":{"Ansl. lesetid":"5 minutter"},"schema":{"@context":"https:\/\/schema.org","@graph":[{"@type":"WebPage","@id":"https:\/\/kirkensbymisjon.no\/tilbud-heggeli-barnehjem\/vare-avdelinger\/","url":"https:\/\/kirkensbymisjon.no\/tilbud-heggeli-barnehjem\/vare-avdelinger\/","name":"V\u00e5re avdelinger - Heggeli barnehjem","isPartOf":{"@id":"https:\/\/kirkensbymisjon.no\/tilbud-heggeli-barnehjem\/#website"},"primaryImageOfPage":{"@id":"https:\/\/kirkensbymisjon.no\/tilbud-heggeli-barnehjem\/vare-avdelinger\/#primaryimage"},"image":{"@id":"https:\/\/kirkensbymisjon.no\/tilbud-heggeli-barnehjem\/vare-avdelinger\/#primaryimage"},"thumbnailUrl":"https:\/\/kirkensbymisjon.no\/content\/uploads\/sites\/92\/2024\/08\/tilbud_heggeli-barnehjem_05.jpg","datePublished":"2024-08-01T06:41:46+00:00","dateModified":"2025-03-11T11:52:56+00:00","breadcrumb":{"@id":"https:\/\/kirkensbymisjon.no\/tilbud-heggeli-barnehjem\/vare-avdelinger\/#breadcrumb"},"inLanguage":"nb-NO","potentialAction":[{"@type":"ReadAction","target":["https:\/\/kirkensbymisjon.no\/tilbud-heggeli-barnehjem\/vare-avdelinger\/"]}]},{"@type":"ImageObject","inLanguage":"nb-NO","@id":"https:\/\/kirkensbymisjon.no\/tilbud-heggeli-barnehjem\/vare-avdelinger\/#primaryimage","url":"https:\/\/kirkensbymisjon.no\/content\/uploads\/sites\/92\/2024\/08\/tilbud_heggeli-barnehjem_05.jpg","contentUrl":"https:\/\/kirkensbymisjon.no\/content\/uploads\/sites\/92\/2024\/08\/tilbud_heggeli-barnehjem_05.jpg"},{"@type":"BreadcrumbList","@id":"https:\/\/kirkensbymisjon.no\/tilbud-heggeli-barnehjem\/vare-avdelinger\/#breadcrumb","itemListElement":[{"@type":"ListItem","position":1,"name":"Hjem","item":"https:\/\/kirkensbymisjon.no\/tilbud-heggeli-barnehjem\/"},{"@type":"ListItem","position":2,"name":"V\u00e5re avdelinger"}]},{"@type":"WebSite","@id":"https:\/\/kirkensbymisjon.no\/tilbud-heggeli-barnehjem\/#website","url":"https:\/\/kirkensbymisjon.no\/tilbud-heggeli-barnehjem\/","name":"Heggeli barnehjem","description":"","potentialAction":[{"@type":"SearchAction","target":{"@type":"EntryPoint","urlTemplate":"https:\/\/kirkensbymisjon.no\/tilbud-heggeli-barnehjem\/?s={search_term_string}"},"query-input":{"@type":"PropertyValueSpecification","valueRequired":true,"valueName":"search_term_string"}}],"inLanguage":"nb-NO"}]}},"_links":{"self":[{"href":"https:\/\/kirkensbymisjon.no\/tilbud-heggeli-barnehjem\/wp-json\/wp\/v2\/pages\/13","targetHints":{"allow":["GET"]}}],"collection":[{"href":"https:\/\/kirkensbymisjon.no\/tilbud-heggeli-barnehjem\/wp-json\/wp\/v2\/pages"}],"about":[{"href":"https:\/\/kirkensbymisjon.no\/tilbud-heggeli-barnehjem\/wp-json\/wp\/v2\/types\/page"}],"author":[{"embeddable":true,"href":"https:\/\/kirkensbymisjon.no\/tilbud-heggeli-barnehjem\/wp-json\/wp\/v2\/users\/6"}],"replies":[{"embeddable":true,"href":"https:\/\/kirkensbymisjon.no\/tilbud-heggeli-barnehjem\/wp-json\/wp\/v2\/comments?post=13"}],"version-history":[{"count":5,"href":"https:\/\/kirkensbymisjon.no\/tilbud-heggeli-barnehjem\/wp-json\/wp\/v2\/pages\/13\/revisions"}],"predecessor-version":[{"id":229,"href":"https:\/\/kirkensbymisjon.no\/tilbud-heggeli-barnehjem\/wp-json\/wp\/v2\/pages\/13\/revisions\/229"}],"wp:attachment":[{"href":"https:\/\/kirkensbymisjon.no\/tilbud-heggeli-barnehjem\/wp-json\/wp\/v2\/media?parent=13"}],"curies":[{"name":"wp","href":"https:\/\/api.w.org\/{rel}","templated":true}]}}