{"id":23,"date":"2024-08-19T11:30:55","date_gmt":"2024-08-19T09:30:55","guid":{"rendered":"https:\/\/kirkensbymisjon.no\/tilbud-heggeli-familiehjem\/?page_id=23"},"modified":"2025-03-12T20:28:08","modified_gmt":"2025-03-12T19:28:08","slug":"om-fosterhjem","status":"publish","type":"page","link":"https:\/\/kirkensbymisjon.no\/tilbud-heggeli-fosterhjem\/om-fosterhjem\/","title":{"rendered":"Om fosterhjem"},"content":{"rendered":"\n<p><strong>N\u00e5r du og familien skal ta en avgj\u00f8relse om hvorvidt dere skal s\u00f8ke om \u00e5 bli et fosterhjem, er det b\u00e5de praktiske og f\u00f8lelsesmessige sp\u00f8rsm\u00e5l som kan melde seg. Heggeli Fosterhjem er spesialiserte fosterhjem som f\u00e5r unik og skreddersydd oppf\u00f8lging fra v\u00e5rt fagmilj\u00f8.<\/strong><\/p>\n\n\n\n<h3 class=\"wp-block-heading\" id=\"h-hva-gjor-vi\"><strong>Hva gj\u00f8r vi?<\/strong><\/h3>\n\n\n\n<ul class=\"wp-block-list\">\n<li>Vi rekrutterer, matcher, f\u00f8lger opp og veileder spesialiserte fosterhjem.&nbsp;<\/li>\n\n\n\n<li>Vi er lett tilgjengelige, en del av ditt team<\/li>\n\n\n\n<li>Vi har jevnlig kontakt med deg og din familie<\/li>\n\n\n\n<li>Vi veileder deg individuelt etter behov<\/li>\n\n\n\n<li>Vi arrangerer fagm\u00f8ter med oppl\u00e6ring og fordypning i temaer som er viktige i oppdraget<\/li>\n\n\n\n<li>Vi arrangerer m\u00e5nedlige treff for alle v\u00e5re fosterhjem, hvor vi tilbyr fellesskap, erfaringsutveksling og kollegast\u00f8tte<\/li>\n<\/ul>\n\n\n\t<div class=\"wp-block-kbm-video\">\n\t\t\n\n<figure class=\"wp-block-embed is-type-video is-provider-vimeo wp-block-embed-vimeo wp-embed-aspect-16-9 wp-has-aspect-ratio\"><div class=\"wp-block-embed__wrapper\">\n<iframe loading=\"lazy\" title=\"M\u00f8t fosterforeldrene Gunni og Frode Banggren\" src=\"https:\/\/player.vimeo.com\/video\/295780896?dnt=1&amp;app_id=122963\" width=\"500\" height=\"281\" frameborder=\"0\" allow=\"autoplay; fullscreen; picture-in-picture; clipboard-write; encrypted-media\"><\/iframe>\n<\/div><\/figure>\n\n\t\t<div class=\"kbm-video__content\" style=\"aspect-ratio: 16\/9\">\n\t\t\t<div class=\"kbm-video__play\">\n\t\t\t\t<span class=\"screen-reader-text\">Spill video<\/span>\n\t\t\t\t<svg xmlns=\"http:\/\/www.w3.org\/2000\/svg\" viewBox=\"0 0 48 48\" height=\"24\" width=\"24\" class=\"t2-icon t2-icon-play\" aria-hidden=\"true\" focusable=\"false\"><rect width=\"48\" height=\"48\" rx=\"24\"\/><path fill=\"currentColor\" d=\"M29.888 23.1913c.5491.3993.5491 1.2181 0 1.6174l-8.2998 6.0363c-.661.4807-1.5882.0085-1.5882-.8088V17.9638c0-.8173.9272-1.2895 1.5882-.8088l8.2998 6.0363Z\"\/><\/svg>\t\t\t\t\t\t\t\t\t<p class=\"kbm-video__subtext\">Heggeli familieavdeling<\/p>\n\t\t\t\t\t\t\t<\/div>\n\t\t\t\t\t\t\t<h2 class=\"kbm-video__title\">M\u00f8t fosterforeldrene Gunni og Frode<\/h2>\n\t\t\t\t\t\t<img loading=\"lazy\" decoding=\"async\" width=\"1417\" height=\"797\" src=\"https:\/\/kirkensbymisjon.no\/content\/uploads\/sites\/93\/2024\/08\/tilbud_heggeli-familie_03.jpg\" class=\"attachment-full size-full\" alt=\"Fosterforeldrene Gunni og Frode\" style=\"object-position: 50% 50%\" \/>\t\t<\/div>\n\t<\/div>\n\t\n\n\n<p><em>Familien i filmen ovenfor har hatt fosterhjemsoppdrag med barn som har bodd p\u00e5 en av Heggelis institusjoner f\u00f8r de kom til denne familien. Ikke alle barn som vi f\u00f8lger opp, har den samme historien. Ikke alle skal ha Heggelihelg eller delta p\u00e5 Hud\u00f8y, hvis det ikke er til barnets beste. Dette vurderes i hvert enkelt tilfelle. Men det stemmer at dette er tiltak vi kan tilby, og som representerer et viktig fellesskap for mange av v\u00e5re barn<\/em>.<\/p>\n\n\n<div class=\"t2-accordion wp-block-t2-accordion\" data-allow-multiple=\"1\" role=\"list\">\n<div class=\"t2-accordion-item wp-block-t2-accordion-item\" role=\"listitem\">\n\t\t\t<h2 class=\"t2-accordion-title\">\n\t\t\t\t<button type=\"button\" class=\"t2-accordion-trigger\" id=\"hva-f\u00e5r-fosterforeldre-i-l\u00f8nn?\" aria-controls=\"accordion-panel\" aria-expanded=\"false\">\n\t\t\t\t\tHva f\u00e5r fosterforeldre i l\u00f8nn?\n\t\t\t\t\t<span class=\"t2-accordion-icon is-closed-icon\"><svg xmlns=\"http:\/\/www.w3.org\/2000\/svg\" viewBox=\"0 0 24 24\" height=\"24\" width=\"24\" class=\"t2-icon t2-icon-plus\" aria-hidden=\"true\" focusable=\"false\"><path d=\"M11.8 5.037a1.088 1.088 0 0 0-.722.566c-.075.148-.078.25-.078 2.772v2.619l-2.61.016c-1.867.012-2.652.03-2.756.064-.168.055-.438.301-.54.494-.049.092-.07.223-.07.432 0 .34.054.476.282.704.289.289.14.275 3.064.288l2.63.012v2.619c0 2.544.002 2.625.08 2.778.191.372.516.577.92.577s.729-.205.92-.577c.078-.153.08-.234.08-2.778v-2.619l2.63-.012c2.924-.013 2.775.001 3.064-.288.228-.228.282-.364.282-.704 0-.209-.021-.34-.07-.432-.102-.193-.372-.439-.54-.494-.104-.034-.889-.052-2.756-.064L13 10.994V8.375c0-2.522-.003-2.624-.078-2.772-.214-.418-.685-.656-1.122-.566\"\/><\/svg><\/span>\n\t\t\t\t\t<span class=\"t2-accordion-icon is-open-icon\"><svg xmlns=\"http:\/\/www.w3.org\/2000\/svg\" viewBox=\"0 0 24 24\" height=\"24\" width=\"24\" class=\"t2-icon t2-icon-chevronup\" aria-hidden=\"true\" focusable=\"false\"><path d=\"M6.7 14.7c-.2-.2-.3-.4-.3-.7s.1-.5.3-.7l4.6-4.6c.1-.1.2-.2.3-.2.1 0 .2-.1.4-.1.1 0 .3 0 .4.1.1 0 .2.1.3.2l4.6 4.6c.2.2.3.4.3.7s-.1.5-.3.7c-.2.2-.4.3-.7.3s-.5-.1-.7-.3L12 10.8l-3.9 3.9c-.2.2-.4.3-.7.3s-.5-.1-.7-.3z\" fill=\"currentColor\" \/><\/svg><\/span>\n\t\t\t\t<\/button>\n\t\t\t<\/h2>\n\t\t\t<div class=\"t2-accordion-item__inner-container is-layout-flow\" id=\"accordion-panel\" aria-labelledby=\"hva-f\u00e5r-fosterforeldre-i-l\u00f8nn?\" role=\"region\" hidden>\n\t\t\t\t\n\n<p><strong>Mange fosterforeldre lurer p\u00e5 hvordan hverdagen deres p\u00e5virkes \u00f8konomisk av valget om \u00e5 f\u00e5 et fosterbarn fra Heggeli. Her er en oversikt over godtgj\u00f8relser dere har rett p\u00e5 n\u00e5r dere tar et oppdrag som fosterforeldre.<\/strong><\/p>\n\n\n\n<ul class=\"wp-block-list\">\n<li>Frikj\u00f8p: Fosterhjem tilknyttet Heggeli er spesialiserte fosterhjem dvs at fosterhjem benyttes i stedet for institusjon. Dette inneb\u00e6rer at den som skal ha oppdraget, frikj\u00f8pes fra annen jobb over en periode. Varigheten p\u00e5 denne perioden kan variere, men varer som et minimum i 2 \u00e5r og ofte lenger.<\/li>\n\n\n\n<li>Godtgj\u00f8ring: I oppdraget som fosterforelder mottar man oppdragsgodtgj\u00f8relse. Dette er ikke det samme som l\u00f8nn, men det skal kompensere for og erstatte tapt arbeidsinntekt. Godtgj\u00f8ringen kan variere fra oppdrag til oppdrag, avhengig av barnets behov, fosterforeldrenes kompetanse og erfaring, og sees ogs\u00e5 opp mot den jobb man g\u00e5r ut av for \u00e5 g\u00e5 inn i dette oppdraget. Ta kontakt med oss for n\u00e6rmere samtale om hvordan dette kan se ut for dere.<\/li>\n\n\n\n<li>Utgiftsdekning: Alle fosterforeldre mottar m\u00e5nedlig utgiftsdekning, som er en skattefri ytelse som skal dekke utgifter til kost, kl\u00e6r, transport, fritidsaktiviteter m.v. Vi f\u00f8lger KS sine satser for utgiftsdekning. Disse varierer avhengig av barnets alder og justeres \u00e5rlig. Se de n\u00e5v\u00e6rende satser her: <a href=\"https:\/\/www.ks.no\/fagomrader\/barn-og-unge\/barnevern\/veiledende-satser-for-fosterhjem-og-besokshjem-2024\/\" target=\"_blank\" rel=\"noreferrer noopener\">Veiledende satser for fosterhjem og bes\u00f8kshjem 2024 &#8211; KS<\/a><\/li>\n\n\n\n<li>Barnetrygd: Fosterfamilien mottar barnetrygd for barnet. Noen fosterhjem sparer disse pengene til bruk ved st\u00f8rre utgifter s\u00e5 som f\u00f8rerkort, bunad eller lignende, som barneverntjenesten sjelden dekker. Men dette er opp til det enkelte hjem.<\/li>\n\n\n\n<li>OBS: Man kan ikke motta ytelser fra NAV samtidig som at man er spesialisert fosterhjem for oss, eksempelvis i form av uf\u00f8rhet. Men om man har en uf\u00f8rhetsgrad s\u00e5 kan denne settes p\u00e5 pause mens fosterhjemsoppdraget p\u00e5g\u00e5r, gitt at du har den helse som kreves for oppdraget.&nbsp;<\/li>\n<\/ul>\n\n\n\t\t\t<\/div>\n\t\t<\/div>\n\n<div class=\"t2-accordion-item wp-block-t2-accordion-item\" role=\"listitem\">\n\t\t\t<h2 class=\"t2-accordion-title\">\n\t\t\t\t<button type=\"button\" class=\"t2-accordion-trigger\" id=\"fosterhjem-med-egne-barn\" aria-controls=\"accordion-panel-1\" aria-expanded=\"false\">\n\t\t\t\t\tFosterhjem med egne barn\n\t\t\t\t\t<span class=\"t2-accordion-icon is-closed-icon\"><svg xmlns=\"http:\/\/www.w3.org\/2000\/svg\" viewBox=\"0 0 24 24\" height=\"24\" width=\"24\" class=\"t2-icon t2-icon-plus\" aria-hidden=\"true\" focusable=\"false\"><path d=\"M11.8 5.037a1.088 1.088 0 0 0-.722.566c-.075.148-.078.25-.078 2.772v2.619l-2.61.016c-1.867.012-2.652.03-2.756.064-.168.055-.438.301-.54.494-.049.092-.07.223-.07.432 0 .34.054.476.282.704.289.289.14.275 3.064.288l2.63.012v2.619c0 2.544.002 2.625.08 2.778.191.372.516.577.92.577s.729-.205.92-.577c.078-.153.08-.234.08-2.778v-2.619l2.63-.012c2.924-.013 2.775.001 3.064-.288.228-.228.282-.364.282-.704 0-.209-.021-.34-.07-.432-.102-.193-.372-.439-.54-.494-.104-.034-.889-.052-2.756-.064L13 10.994V8.375c0-2.522-.003-2.624-.078-2.772-.214-.418-.685-.656-1.122-.566\"\/><\/svg><\/span>\n\t\t\t\t\t<span class=\"t2-accordion-icon is-open-icon\"><svg xmlns=\"http:\/\/www.w3.org\/2000\/svg\" viewBox=\"0 0 24 24\" height=\"24\" width=\"24\" class=\"t2-icon t2-icon-chevronup\" aria-hidden=\"true\" focusable=\"false\"><path d=\"M6.7 14.7c-.2-.2-.3-.4-.3-.7s.1-.5.3-.7l4.6-4.6c.1-.1.2-.2.3-.2.1 0 .2-.1.4-.1.1 0 .3 0 .4.1.1 0 .2.1.3.2l4.6 4.6c.2.2.3.4.3.7s-.1.5-.3.7c-.2.2-.4.3-.7.3s-.5-.1-.7-.3L12 10.8l-3.9 3.9c-.2.2-.4.3-.7.3s-.5-.1-.7-.3z\" fill=\"currentColor\" \/><\/svg><\/span>\n\t\t\t\t<\/button>\n\t\t\t<\/h2>\n\t\t\t<div class=\"t2-accordion-item__inner-container is-layout-flow\" id=\"accordion-panel-1\" aria-labelledby=\"fosterhjem-med-egne-barn\" role=\"region\" hidden>\n\t\t\t\t\n\n<p>Mange som lurer p\u00e5 om de skal ta i mot et fosterbarn, engster seg for om det vil g\u00e5 bra for barna de allerede har fra f\u00f8r. Fosterbarnet kan for eksempel ha en utfordrende adferd som kan komme til \u00e5 kreve mye oppmerksomhet og energi, hvordan vil det p\u00e5virke andre barn i familien? Hva om ikke kjemien mellom barna stemmer? Og hvordan v\u00e6re sikker p\u00e5 at du ikke behandler biologiske barn og fosterbarn urettferdig? Dette er problemstillinger som det er viktig \u00e5 reflektere godt rundt, f\u00f8r man bestemmer seg for om man vil bli et fosterhjem. Dette gj\u00f8res ogs\u00e5 som en del av oppl\u00e6ringen for fosterforeldre, kalt &laquo;SOLID&raquo;.<\/p>\n\n\n\n<p>Hovedregelen er at fosterbarnet b\u00f8r v\u00e6re det yngste barnet i familien, da det vil kreve ekstra oppmerksomhet og raushet fra hele familien. Samtidig s\u00e5 finnes det ogs\u00e5 fosterbarn som har det spesielt fint i familier med yngre barn. Med andre ord; dette m\u00e5 man vurdere med bakgrunn i det enkelte barns behov og uttrykk. <\/p>\n\n\n\n<p>Vi tar gjerne en prat med dere om dette!&nbsp;<\/p>\n\n\n\t\t\t<\/div>\n\t\t<\/div>\n<\/div>","protected":false},"excerpt":{"rendered":"<p>N\u00e5r du og familien skal ta en avgj\u00f8relse om hvorvidt dere skal s\u00f8ke om \u00e5&hellip;<\/p>\n","protected":false},"author":5,"featured_media":0,"parent":0,"menu_order":0,"comment_status":"closed","ping_status":"closed","template":"","meta":{"_relevanssi_hide_post":"","_relevanssi_hide_content":"","_relevanssi_pin_for_all":"","_relevanssi_pin_keywords":"","_relevanssi_unpin_keywords":"","_relevanssi_related_keywords":"","_relevanssi_related_include_ids":"","_relevanssi_related_exclude_ids":"","_relevanssi_related_no_append":"","_relevanssi_related_not_related":"","_relevanssi_related_posts":"1","_relevanssi_noindex_reason":"","editor_notices":[],"footnotes":""},"class_list":["post-23","page","type-page","status-publish","hentry"],"yoast_head":"<!-- This site is optimized with the Yoast SEO Premium plugin v27.2 (Yoast SEO v27.4) - https:\/\/yoast.com\/product\/yoast-seo-premium-wordpress\/ -->\n<title>Om fosterhjem - Heggeli fosterhjem<\/title>\n<meta name=\"robots\" content=\"index, follow, max-snippet:-1, max-image-preview:large, max-video-preview:-1\" \/>\n<link rel=\"canonical\" href=\"https:\/\/kirkensbymisjon.no\/tilbud-heggeli-fosterhjem\/om-fosterhjem\/\" \/>\n<meta property=\"og:locale\" content=\"nb_NO\" \/>\n<meta property=\"og:type\" content=\"article\" \/>\n<meta property=\"og:title\" content=\"Om fosterhjem\" \/>\n<meta property=\"og:description\" content=\"N\u00e5r du og familien skal ta en avgj\u00f8relse om hvorvidt dere skal s\u00f8ke om \u00e5&hellip;\" \/>\n<meta property=\"og:url\" content=\"https:\/\/kirkensbymisjon.no\/tilbud-heggeli-fosterhjem\/om-fosterhjem\/\" \/>\n<meta property=\"og:site_name\" content=\"Heggeli fosterhjem\" \/>\n<meta property=\"article:modified_time\" content=\"2025-03-12T19:28:08+00:00\" \/>\n<meta name=\"twitter:card\" content=\"summary_large_image\" \/>\n<meta name=\"twitter:label1\" content=\"Ansl. lesetid\" \/>\n\t<meta name=\"twitter:data1\" content=\"4 minutter\" \/>\n<script type=\"application\/ld+json\" class=\"yoast-schema-graph\">{\"@context\":\"https:\\\/\\\/schema.org\",\"@graph\":[{\"@type\":\"WebPage\",\"@id\":\"https:\\\/\\\/kirkensbymisjon.no\\\/tilbud-heggeli-fosterhjem\\\/om-fosterhjem\\\/\",\"url\":\"https:\\\/\\\/kirkensbymisjon.no\\\/tilbud-heggeli-fosterhjem\\\/om-fosterhjem\\\/\",\"name\":\"Om fosterhjem - Heggeli fosterhjem\",\"isPartOf\":{\"@id\":\"https:\\\/\\\/kirkensbymisjon.no\\\/tilbud-heggeli-fosterhjem\\\/#website\"},\"datePublished\":\"2024-08-19T09:30:55+00:00\",\"dateModified\":\"2025-03-12T19:28:08+00:00\",\"breadcrumb\":{\"@id\":\"https:\\\/\\\/kirkensbymisjon.no\\\/tilbud-heggeli-fosterhjem\\\/om-fosterhjem\\\/#breadcrumb\"},\"inLanguage\":\"nb-NO\",\"potentialAction\":[{\"@type\":\"ReadAction\",\"target\":[\"https:\\\/\\\/kirkensbymisjon.no\\\/tilbud-heggeli-fosterhjem\\\/om-fosterhjem\\\/\"]}]},{\"@type\":\"BreadcrumbList\",\"@id\":\"https:\\\/\\\/kirkensbymisjon.no\\\/tilbud-heggeli-fosterhjem\\\/om-fosterhjem\\\/#breadcrumb\",\"itemListElement\":[{\"@type\":\"ListItem\",\"position\":1,\"name\":\"Hjem\",\"item\":\"https:\\\/\\\/kirkensbymisjon.no\\\/tilbud-heggeli-fosterhjem\\\/\"},{\"@type\":\"ListItem\",\"position\":2,\"name\":\"Om fosterhjem\"}]},{\"@type\":\"WebSite\",\"@id\":\"https:\\\/\\\/kirkensbymisjon.no\\\/tilbud-heggeli-fosterhjem\\\/#website\",\"url\":\"https:\\\/\\\/kirkensbymisjon.no\\\/tilbud-heggeli-fosterhjem\\\/\",\"name\":\"Heggeli fosterhjem\",\"description\":\"\",\"potentialAction\":[{\"@type\":\"SearchAction\",\"target\":{\"@type\":\"EntryPoint\",\"urlTemplate\":\"https:\\\/\\\/kirkensbymisjon.no\\\/tilbud-heggeli-fosterhjem\\\/?s={search_term_string}\"},\"query-input\":{\"@type\":\"PropertyValueSpecification\",\"valueRequired\":true,\"valueName\":\"search_term_string\"}}],\"inLanguage\":\"nb-NO\"}]}<\/script>\n<!-- \/ Yoast SEO Premium plugin. -->","yoast_head_json":{"title":"Om fosterhjem - Heggeli fosterhjem","robots":{"index":"index","follow":"follow","max-snippet":"max-snippet:-1","max-image-preview":"max-image-preview:large","max-video-preview":"max-video-preview:-1"},"canonical":"https:\/\/kirkensbymisjon.no\/tilbud-heggeli-fosterhjem\/om-fosterhjem\/","og_locale":"nb_NO","og_type":"article","og_title":"Om fosterhjem","og_description":"N\u00e5r du og familien skal ta en avgj\u00f8relse om hvorvidt dere skal s\u00f8ke om \u00e5&hellip;","og_url":"https:\/\/kirkensbymisjon.no\/tilbud-heggeli-fosterhjem\/om-fosterhjem\/","og_site_name":"Heggeli fosterhjem","article_modified_time":"2025-03-12T19:28:08+00:00","twitter_card":"summary_large_image","twitter_misc":{"Ansl. lesetid":"4 minutter"},"schema":{"@context":"https:\/\/schema.org","@graph":[{"@type":"WebPage","@id":"https:\/\/kirkensbymisjon.no\/tilbud-heggeli-fosterhjem\/om-fosterhjem\/","url":"https:\/\/kirkensbymisjon.no\/tilbud-heggeli-fosterhjem\/om-fosterhjem\/","name":"Om fosterhjem - Heggeli fosterhjem","isPartOf":{"@id":"https:\/\/kirkensbymisjon.no\/tilbud-heggeli-fosterhjem\/#website"},"datePublished":"2024-08-19T09:30:55+00:00","dateModified":"2025-03-12T19:28:08+00:00","breadcrumb":{"@id":"https:\/\/kirkensbymisjon.no\/tilbud-heggeli-fosterhjem\/om-fosterhjem\/#breadcrumb"},"inLanguage":"nb-NO","potentialAction":[{"@type":"ReadAction","target":["https:\/\/kirkensbymisjon.no\/tilbud-heggeli-fosterhjem\/om-fosterhjem\/"]}]},{"@type":"BreadcrumbList","@id":"https:\/\/kirkensbymisjon.no\/tilbud-heggeli-fosterhjem\/om-fosterhjem\/#breadcrumb","itemListElement":[{"@type":"ListItem","position":1,"name":"Hjem","item":"https:\/\/kirkensbymisjon.no\/tilbud-heggeli-fosterhjem\/"},{"@type":"ListItem","position":2,"name":"Om fosterhjem"}]},{"@type":"WebSite","@id":"https:\/\/kirkensbymisjon.no\/tilbud-heggeli-fosterhjem\/#website","url":"https:\/\/kirkensbymisjon.no\/tilbud-heggeli-fosterhjem\/","name":"Heggeli fosterhjem","description":"","potentialAction":[{"@type":"SearchAction","target":{"@type":"EntryPoint","urlTemplate":"https:\/\/kirkensbymisjon.no\/tilbud-heggeli-fosterhjem\/?s={search_term_string}"},"query-input":{"@type":"PropertyValueSpecification","valueRequired":true,"valueName":"search_term_string"}}],"inLanguage":"nb-NO"}]}},"_links":{"self":[{"href":"https:\/\/kirkensbymisjon.no\/tilbud-heggeli-fosterhjem\/wp-json\/wp\/v2\/pages\/23","targetHints":{"allow":["GET"]}}],"collection":[{"href":"https:\/\/kirkensbymisjon.no\/tilbud-heggeli-fosterhjem\/wp-json\/wp\/v2\/pages"}],"about":[{"href":"https:\/\/kirkensbymisjon.no\/tilbud-heggeli-fosterhjem\/wp-json\/wp\/v2\/types\/page"}],"author":[{"embeddable":true,"href":"https:\/\/kirkensbymisjon.no\/tilbud-heggeli-fosterhjem\/wp-json\/wp\/v2\/users\/5"}],"replies":[{"embeddable":true,"href":"https:\/\/kirkensbymisjon.no\/tilbud-heggeli-fosterhjem\/wp-json\/wp\/v2\/comments?post=23"}],"version-history":[{"count":5,"href":"https:\/\/kirkensbymisjon.no\/tilbud-heggeli-fosterhjem\/wp-json\/wp\/v2\/pages\/23\/revisions"}],"predecessor-version":[{"id":167,"href":"https:\/\/kirkensbymisjon.no\/tilbud-heggeli-fosterhjem\/wp-json\/wp\/v2\/pages\/23\/revisions\/167"}],"wp:attachment":[{"href":"https:\/\/kirkensbymisjon.no\/tilbud-heggeli-fosterhjem\/wp-json\/wp\/v2\/media?parent=23"}],"curies":[{"name":"wp","href":"https:\/\/api.w.org\/{rel}","templated":true}]}}