{"id":25,"date":"2024-08-19T11:31:03","date_gmt":"2024-08-19T09:31:03","guid":{"rendered":"https:\/\/kirkensbymisjon.no\/tilbud-heggeli-familiehjem\/?page_id=25"},"modified":"2025-03-10T11:13:03","modified_gmt":"2025-03-10T10:13:03","slug":"bli-fosterforeldre","status":"publish","type":"page","link":"https:\/\/kirkensbymisjon.no\/tilbud-heggeli-fosterhjem\/bli-fosterforeldre\/","title":{"rendered":"Bli fosterforeldre"},"content":{"rendered":"\n<h2 class=\"wp-block-heading\" id=\"h-bli-fosterforeldre\">Bli fosterforeldre<\/h2>\n\n\n\n<p>Vi trenger gode, rause voksne som har et \u00f8nske om \u00e5 kunne gj\u00f8re en forskjell i livet til et barn eller en ungdom som trenger stabilitet og omsorg.<\/p>\n\n\n\n<p>Barna som bor p\u00e5 Heggeli har gjerne v\u00e6rt gjennom flere plasseringer f\u00f8r de kommer til Heggeli barnehjem. Derfor bruker vi god tid p\u00e5 \u00e5 finne et egnet fosterhjem, slik at de unng\u00e5r \u00e5 bli flyttet igjen. Kanskje er dette ditt hjem?<\/p>\n\n\n\n<figure class=\"wp-block-image size-full is-resized\"><img loading=\"lazy\" decoding=\"async\" width=\"670\" height=\"447\" src=\"https:\/\/kirkensbymisjon.no\/content\/uploads\/sites\/93\/2024\/08\/tilbud_heggeli-familie_05.jpg\" alt=\"Gutt som smiler\" class=\"wp-image-56\" style=\"width:490px;height:auto\" srcset=\"https:\/\/kirkensbymisjon.no\/content\/uploads\/sites\/93\/2024\/08\/tilbud_heggeli-familie_05.jpg 670w, https:\/\/kirkensbymisjon.no\/content\/uploads\/sites\/93\/2024\/08\/tilbud_heggeli-familie_05-300x200.jpg 300w\" sizes=\"auto, (max-width: 670px) 100vw, 670px\" \/><\/figure>\n\n\n\n<p>Her kan du lese litt om hva som kreves av fosterforeldre i et fosterhjem, og hvordan prosessen foreg\u00e5r frem til dere blir oppdragstakere p\u00e5 Heggeli.<\/p>\n\n\n<div class=\"t2-accordion wp-block-t2-accordion\" data-allow-multiple=\"1\" role=\"list\">\n<div class=\"t2-accordion-item wp-block-t2-accordion-item\" role=\"listitem\">\n\t\t\t<h2 class=\"t2-accordion-title\">\n\t\t\t\t<button type=\"button\" class=\"t2-accordion-trigger\" id=\"vurderer-du\/dere-\u00e5-bli-fosteforeldre?\" aria-controls=\"accordion-panel\" aria-expanded=\"false\">\n\t\t\t\t\tVurderer du\/dere \u00e5 bli fosteforeldre?\n\t\t\t\t\t<span class=\"t2-accordion-icon is-closed-icon\"><svg xmlns=\"http:\/\/www.w3.org\/2000\/svg\" viewBox=\"0 0 24 24\" height=\"24\" width=\"24\" class=\"t2-icon t2-icon-plus\" aria-hidden=\"true\" focusable=\"false\"><path d=\"M11.8 5.037a1.088 1.088 0 0 0-.722.566c-.075.148-.078.25-.078 2.772v2.619l-2.61.016c-1.867.012-2.652.03-2.756.064-.168.055-.438.301-.54.494-.049.092-.07.223-.07.432 0 .34.054.476.282.704.289.289.14.275 3.064.288l2.63.012v2.619c0 2.544.002 2.625.08 2.778.191.372.516.577.92.577s.729-.205.92-.577c.078-.153.08-.234.08-2.778v-2.619l2.63-.012c2.924-.013 2.775.001 3.064-.288.228-.228.282-.364.282-.704 0-.209-.021-.34-.07-.432-.102-.193-.372-.439-.54-.494-.104-.034-.889-.052-2.756-.064L13 10.994V8.375c0-2.522-.003-2.624-.078-2.772-.214-.418-.685-.656-1.122-.566\"\/><\/svg><\/span>\n\t\t\t\t\t<span class=\"t2-accordion-icon is-open-icon\"><svg xmlns=\"http:\/\/www.w3.org\/2000\/svg\" viewBox=\"0 0 24 24\" height=\"24\" width=\"24\" class=\"t2-icon t2-icon-chevronup\" aria-hidden=\"true\" focusable=\"false\"><path d=\"M6.7 14.7c-.2-.2-.3-.4-.3-.7s.1-.5.3-.7l4.6-4.6c.1-.1.2-.2.3-.2.1 0 .2-.1.4-.1.1 0 .3 0 .4.1.1 0 .2.1.3.2l4.6 4.6c.2.2.3.4.3.7s-.1.5-.3.7c-.2.2-.4.3-.7.3s-.5-.1-.7-.3L12 10.8l-3.9 3.9c-.2.2-.4.3-.7.3s-.5-.1-.7-.3z\" fill=\"currentColor\" \/><\/svg><\/span>\n\t\t\t\t<\/button>\n\t\t\t<\/h2>\n\t\t\t<div class=\"t2-accordion-item__inner-container is-layout-flow\" id=\"accordion-panel\" aria-labelledby=\"vurderer-du\/dere-\u00e5-bli-fosteforeldre?\" role=\"region\" hidden>\n\t\t\t\t\n\n<p>Ta kontakt med oss eller fyll ut <a href=\"https:\/\/forms.office.com\/Pages\/ResponsePage.aspx?id=gi4gAoiyy0qLCn-EBKR82xBVkXZPsXtJrVgHnzosyMhUMjhQOVdUUkoxWFBaMDAyOTQxTzhVU0dHQy4u\" target=\"_blank\" rel=\"noreferrer noopener\">skjemaet her<\/a> om du vi vil bli kontaktet for en uforpliktende prat.<a href=\"https:\/\/kirkensbymisjon.no\/heggeli-familiehjem\/bli-fosterforeldre\/bli-kontaktet\"><\/a><\/p>\n\n\n\t\t\t<\/div>\n\t\t<\/div>\n\n<div class=\"t2-accordion-item wp-block-t2-accordion-item\" role=\"listitem\">\n\t\t\t<h2 class=\"t2-accordion-title\">\n\t\t\t\t<button type=\"button\" class=\"t2-accordion-trigger\" id=\"hvem-kan-bli-fosterhjem?\" aria-controls=\"accordion-panel-1\" aria-expanded=\"false\">\n\t\t\t\t\tHvem kan bli fosterhjem?\n\t\t\t\t\t<span class=\"t2-accordion-icon is-closed-icon\"><svg xmlns=\"http:\/\/www.w3.org\/2000\/svg\" viewBox=\"0 0 24 24\" height=\"24\" width=\"24\" class=\"t2-icon t2-icon-plus\" aria-hidden=\"true\" focusable=\"false\"><path d=\"M11.8 5.037a1.088 1.088 0 0 0-.722.566c-.075.148-.078.25-.078 2.772v2.619l-2.61.016c-1.867.012-2.652.03-2.756.064-.168.055-.438.301-.54.494-.049.092-.07.223-.07.432 0 .34.054.476.282.704.289.289.14.275 3.064.288l2.63.012v2.619c0 2.544.002 2.625.08 2.778.191.372.516.577.92.577s.729-.205.92-.577c.078-.153.08-.234.08-2.778v-2.619l2.63-.012c2.924-.013 2.775.001 3.064-.288.228-.228.282-.364.282-.704 0-.209-.021-.34-.07-.432-.102-.193-.372-.439-.54-.494-.104-.034-.889-.052-2.756-.064L13 10.994V8.375c0-2.522-.003-2.624-.078-2.772-.214-.418-.685-.656-1.122-.566\"\/><\/svg><\/span>\n\t\t\t\t\t<span class=\"t2-accordion-icon is-open-icon\"><svg xmlns=\"http:\/\/www.w3.org\/2000\/svg\" viewBox=\"0 0 24 24\" height=\"24\" width=\"24\" class=\"t2-icon t2-icon-chevronup\" aria-hidden=\"true\" focusable=\"false\"><path d=\"M6.7 14.7c-.2-.2-.3-.4-.3-.7s.1-.5.3-.7l4.6-4.6c.1-.1.2-.2.3-.2.1 0 .2-.1.4-.1.1 0 .3 0 .4.1.1 0 .2.1.3.2l4.6 4.6c.2.2.3.4.3.7s-.1.5-.3.7c-.2.2-.4.3-.7.3s-.5-.1-.7-.3L12 10.8l-3.9 3.9c-.2.2-.4.3-.7.3s-.5-.1-.7-.3z\" fill=\"currentColor\" \/><\/svg><\/span>\n\t\t\t\t<\/button>\n\t\t\t<\/h2>\n\t\t\t<div class=\"t2-accordion-item__inner-container is-layout-flow\" id=\"accordion-panel-1\" aria-labelledby=\"hvem-kan-bli-fosterhjem?\" role=\"region\" hidden>\n\t\t\t\t\n\n<p><strong>\u00d8nsker dere \u00e5 bli fosterforeldre men lurer p\u00e5 hva som kreves? Her f\u00e5r dere svar p\u00e5 noen av sp\u00f8rsm\u00e5lene mange har.<\/strong><\/p>\n\n\n\n<p>Det er mange som lurer p\u00e5 hvilke krav det stilles til \u00e5 bli fosterforeldre i dag. M\u00e5 man v\u00e6re perfekte foreldre som aldri krangler, som alltid kommer opp med det rette svaret, som alltid er blide og hyggelige?<\/p>\n\n\n\n<p>Svaret p\u00e5 det er selvf\u00f8lgelig nei. Men det er dessverre slik at altfor mange norske fosterbarn har blitt flyttet minst 5 ganger fra hjem til hjem. Vi p\u00e5 Heggeli har tatt imot mange av disse barna i v\u00e5rt system, og ser hvilke konsekvenser det kan f\u00e5. P\u00e5 Heggeli er vi derfor s\u00e6rlig opptatt av \u00e5 f\u00e5 til en plassering som fungerer s\u00e5 godt at de skal slippe \u00e5 m\u00e5tte flytte igjen. Vi \u00f8nsker \u00e5 jobbe s\u00e6rlig m\u00e5lrettet mot finne det helt riktige hjemmet til hvert eneste av v\u00e5re fosterbarn.<\/p>\n\n\n\n<p><strong>Myndighetenes formelle krav<br><\/strong>Barne- og likestillingsdepartementet har i f\u00f8lge forskrift om fosterhjem (2003) noen krav til fosterhjem, som vi er p\u00e5lagt \u00e5 f\u00f8lge:<\/p>\n\n\n\n<ul class=\"wp-block-list\">\n<li>Fosterforeldre m\u00e5 ha s\u00e6rlig evne, tid og overskudd til \u00e5 gi barn et trygt og godt hjem.<\/li>\n\n\n\n<li>De m\u00e5 ha en stabil livssituasjon, alminnelig god helse og gode samarbeidsevner.<\/li>\n\n\n\n<li>\u00d8konomi, bolig og sosialt nettverk m\u00e5 v\u00e6re p\u00e5 plass, fordi det er forutsetninger for at barna skal kunne ha muligheter for livsutfoldelse.<\/li>\n\n\n\n<li>Til sist m\u00e5 du kunne vise til god vandel, og legge frem en politiattest som viser at du ikke er tidligere straffed\u00f8mt.<\/li>\n<\/ul>\n\n\n\n<p><strong>Om grunnoppl\u00e6ringen<br><\/strong><\/p>\n\n\n\n<p>Grunnoppl\u00e6ringen for deg som vil bli fosterhjem heter Solid.<\/p>\n\n\n\n<ul class=\"wp-block-list\">\n<li>Oppl\u00e6ringen best\u00e5r av e-l\u00e6ring, fysiske gruppesamlinger og en vurderingsprosess.<\/li>\n\n\n\n<li>Det tar vanligvis tre m\u00e5neder \u00e5 gjennomf\u00f8re oppl\u00e6ringen.<\/li>\n<\/ul>\n\n\n\n<p>Det er Bufetat som inviterer deltakere og gjennomf\u00f8rer oppl\u00e6ringen, men bor du i Oslo kommune, er det Barne- og familieetaten som gj\u00f8r dette.<\/p>\n\n\n\n<p>Underveis i grunnoppl\u00e6ringen vurderer Bufetat eller Oslo kommune om du er egnet til \u00e5 p\u00e5ta deg fosterhjemsoppdraget.&nbsp;<\/p>\n\n\n\n<p>Hvis dere er to voksne i hjemmet, m\u00e5 begge delta i oppl\u00e6ringen.\u202fHar du hjemmeboende barn, vil de f\u00e5 tilbud om \u00e5 delta p\u00e5 deler av oppl\u00e6ringen.<\/p>\n\n\n\n<p>Se mer info om Solid her: <a href=\"https:\/\/www.bufdir.no\/fosterhjem\/opplaring\/\" rel=\"noreferrer noopener\" target=\"_blank\">Oppl\u00e6ring for deg som vil bli fosterhjem | Bufdir<\/a><\/p>\n\n\n\n<p>Du forplikter deg ikke til \u00e5 bli fosterhjem selv om du deltar p\u00e5 grunnoppl\u00e6ringen.<\/p>\n\n\n\n<p>Vi tar gjerne en prat med dere f\u00f8r dere g\u00e5r i gang med denne oppl\u00e6ringen, og vil da ogs\u00e5 kunne gi dere mer info om hva den omfatter. Ring oss!<\/p>\n\n\n\n<p><strong>Heggelis krav og \u00f8nsker<\/strong><\/p>\n\n\n\n<p>Barna som kommer til Heggeli har opplevd stor grad av omsorgssvikt i sitt unge liv. Derfor har vi noen s\u00e6rskilte krav og \u00f8nsker til familiene vi vurderer som fosterhjem hos oss. Det handler om at man har kompetanse p\u00e5 barn og unge enten i kraft av utdanning, arbeid, eller erfaring. Det handler ogs\u00e5 om at man er sensitiv p\u00e5 et barns behov, og at man klarer \u00e5 regulere sine egne f\u00f8lelser og reaksjoner i m\u00f8te med andre.&nbsp;<\/p>\n\n\n\n<p>Det betyr ikke at vi forventer perfekte hjem og ufeilbarlige voksne. Tvert i mot ser vi det som positivt at dere har levd et liv med mange erfaringer. Men vi har gjort oss noen erfaringer p\u00e5 hva som er viktig for at dette skal bli en god opplevelse b\u00e5de for dere som familie, og for fosterbarnet. Det handler blant annet om samarbeidskompetanse, selvinnsikt, det \u00e5 \u00e5pne sitt hjem for mange instanser, forst\u00e5 barnets atferd og reaksjoner, t\u00e5le medgang og motgang, v\u00e6re interessert i veiledning, og det \u00e5 inng\u00e5 i et team sammen med oss.&nbsp;<\/p>\n\n\n\n<p>Som fosterforelder kan du utgj\u00f8re en forskjell for et barn som trenger deg!&nbsp;<\/p>\n\n\n\n<p>Ta gjerne kontakt med oss om dere er nysgjerrige p\u00e5 det \u00e5 bli fosterhjem for oss p\u00e5 Heggeli.<\/p>\n\n\n\t\t\t<\/div>\n\t\t<\/div>\n<\/div>\n\n\n<h2 class=\"wp-block-heading\" id=\"h-spesialiserte-fosterhjem\">Spesialiserte fosterhjem<\/h2>\n\n\n\n<p>N\u00e5r du blir fosterhjem tilknyttet Heggeli, s\u00e5 er du et spesialisert fosterhjem. Dette er et fosterhjem med s\u00e6rskilt kompetanse p\u00e5 barn med omfattende og sammensatte omsorgsbehov, og fungerer som et alternativ til institusjon. Fordi barna har omfattende og sammensatte omsorgsbehov, s\u00e5 f\u00e5r fosterhjemmet tett oppf\u00f8lging, oppl\u00e6ring, veiledning individuelt og i gruppe, tilbud om fagdager og fellesskap med andre fosterfamilier, og h\u00f8y grad av tilgjengelighet hos v\u00e5re familieveiledere. Er du et spesialisert fosterhjem er du 100% frikj\u00f8pt fra annen jobb i hele den periode som oppdraget varer.&nbsp;<\/p>\n\n\n\n<p><\/p>\n","protected":false},"excerpt":{"rendered":"<p>Bli fosterforeldre Vi trenger gode, rause voksne som har et \u00f8nske om \u00e5 kunne gj\u00f8re&hellip;<\/p>\n","protected":false},"author":5,"featured_media":0,"parent":0,"menu_order":0,"comment_status":"closed","ping_status":"closed","template":"","meta":{"_relevanssi_hide_post":"","_relevanssi_hide_content":"","_relevanssi_pin_for_all":"","_relevanssi_pin_keywords":"","_relevanssi_unpin_keywords":"","_relevanssi_related_keywords":"","_relevanssi_related_include_ids":"","_relevanssi_related_exclude_ids":"","_relevanssi_related_no_append":"","_relevanssi_related_not_related":"","_relevanssi_related_posts":"1","_relevanssi_noindex_reason":"","editor_notices":[],"footnotes":""},"class_list":["post-25","page","type-page","status-publish","hentry"],"yoast_head":"<!-- This site is optimized with the Yoast SEO Premium plugin v27.2 (Yoast SEO v27.2) - https:\/\/yoast.com\/product\/yoast-seo-premium-wordpress\/ -->\n<title>Bli fosterforeldre - Heggeli fosterhjem<\/title>\n<meta name=\"robots\" content=\"index, follow, max-snippet:-1, max-image-preview:large, max-video-preview:-1\" \/>\n<link rel=\"canonical\" href=\"https:\/\/kirkensbymisjon.no\/tilbud-heggeli-fosterhjem\/bli-fosterforeldre\/\" \/>\n<meta property=\"og:locale\" content=\"nb_NO\" \/>\n<meta property=\"og:type\" content=\"article\" \/>\n<meta property=\"og:title\" content=\"Bli fosterforeldre\" \/>\n<meta property=\"og:description\" content=\"Bli fosterforeldre Vi trenger gode, rause voksne som har et \u00f8nske om \u00e5 kunne gj\u00f8re&hellip;\" \/>\n<meta property=\"og:url\" content=\"https:\/\/kirkensbymisjon.no\/tilbud-heggeli-fosterhjem\/bli-fosterforeldre\/\" \/>\n<meta property=\"og:site_name\" content=\"Heggeli fosterhjem\" \/>\n<meta property=\"article:modified_time\" content=\"2025-03-10T10:13:03+00:00\" \/>\n<meta property=\"og:image\" content=\"https:\/\/kirkensbymisjon.no\/content\/uploads\/sites\/93\/2024\/08\/tilbud_heggeli-familie_05.jpg\" \/>\n<meta name=\"twitter:card\" content=\"summary_large_image\" \/>\n<meta name=\"twitter:label1\" content=\"Ansl. lesetid\" \/>\n\t<meta name=\"twitter:data1\" content=\"5 minutter\" \/>\n<script type=\"application\/ld+json\" class=\"yoast-schema-graph\">{\"@context\":\"https:\/\/schema.org\",\"@graph\":[{\"@type\":\"WebPage\",\"@id\":\"https:\/\/kirkensbymisjon.no\/tilbud-heggeli-fosterhjem\/bli-fosterforeldre\/\",\"url\":\"https:\/\/kirkensbymisjon.no\/tilbud-heggeli-fosterhjem\/bli-fosterforeldre\/\",\"name\":\"Bli fosterforeldre - Heggeli fosterhjem\",\"isPartOf\":{\"@id\":\"https:\/\/kirkensbymisjon.no\/tilbud-heggeli-fosterhjem\/#website\"},\"primaryImageOfPage\":{\"@id\":\"https:\/\/kirkensbymisjon.no\/tilbud-heggeli-fosterhjem\/bli-fosterforeldre\/#primaryimage\"},\"image\":{\"@id\":\"https:\/\/kirkensbymisjon.no\/tilbud-heggeli-fosterhjem\/bli-fosterforeldre\/#primaryimage\"},\"thumbnailUrl\":\"https:\/\/kirkensbymisjon.no\/content\/uploads\/sites\/93\/2024\/08\/tilbud_heggeli-familie_05.jpg\",\"datePublished\":\"2024-08-19T09:31:03+00:00\",\"dateModified\":\"2025-03-10T10:13:03+00:00\",\"breadcrumb\":{\"@id\":\"https:\/\/kirkensbymisjon.no\/tilbud-heggeli-fosterhjem\/bli-fosterforeldre\/#breadcrumb\"},\"inLanguage\":\"nb-NO\",\"potentialAction\":[{\"@type\":\"ReadAction\",\"target\":[\"https:\/\/kirkensbymisjon.no\/tilbud-heggeli-fosterhjem\/bli-fosterforeldre\/\"]}]},{\"@type\":\"ImageObject\",\"inLanguage\":\"nb-NO\",\"@id\":\"https:\/\/kirkensbymisjon.no\/tilbud-heggeli-fosterhjem\/bli-fosterforeldre\/#primaryimage\",\"url\":\"https:\/\/kirkensbymisjon.no\/content\/uploads\/sites\/93\/2024\/08\/tilbud_heggeli-familie_05.jpg\",\"contentUrl\":\"https:\/\/kirkensbymisjon.no\/content\/uploads\/sites\/93\/2024\/08\/tilbud_heggeli-familie_05.jpg\"},{\"@type\":\"BreadcrumbList\",\"@id\":\"https:\/\/kirkensbymisjon.no\/tilbud-heggeli-fosterhjem\/bli-fosterforeldre\/#breadcrumb\",\"itemListElement\":[{\"@type\":\"ListItem\",\"position\":1,\"name\":\"Hjem\",\"item\":\"https:\/\/kirkensbymisjon.no\/tilbud-heggeli-fosterhjem\/\"},{\"@type\":\"ListItem\",\"position\":2,\"name\":\"Bli fosterforeldre\"}]},{\"@type\":\"WebSite\",\"@id\":\"https:\/\/kirkensbymisjon.no\/tilbud-heggeli-fosterhjem\/#website\",\"url\":\"https:\/\/kirkensbymisjon.no\/tilbud-heggeli-fosterhjem\/\",\"name\":\"Heggeli fosterhjem\",\"description\":\"\",\"potentialAction\":[{\"@type\":\"SearchAction\",\"target\":{\"@type\":\"EntryPoint\",\"urlTemplate\":\"https:\/\/kirkensbymisjon.no\/tilbud-heggeli-fosterhjem\/?s={search_term_string}\"},\"query-input\":{\"@type\":\"PropertyValueSpecification\",\"valueRequired\":true,\"valueName\":\"search_term_string\"}}],\"inLanguage\":\"nb-NO\"}]}<\/script>\n<!-- \/ Yoast SEO Premium plugin. -->","yoast_head_json":{"title":"Bli fosterforeldre - Heggeli fosterhjem","robots":{"index":"index","follow":"follow","max-snippet":"max-snippet:-1","max-image-preview":"max-image-preview:large","max-video-preview":"max-video-preview:-1"},"canonical":"https:\/\/kirkensbymisjon.no\/tilbud-heggeli-fosterhjem\/bli-fosterforeldre\/","og_locale":"nb_NO","og_type":"article","og_title":"Bli fosterforeldre","og_description":"Bli fosterforeldre Vi trenger gode, rause voksne som har et \u00f8nske om \u00e5 kunne gj\u00f8re&hellip;","og_url":"https:\/\/kirkensbymisjon.no\/tilbud-heggeli-fosterhjem\/bli-fosterforeldre\/","og_site_name":"Heggeli fosterhjem","article_modified_time":"2025-03-10T10:13:03+00:00","og_image":[{"url":"https:\/\/kirkensbymisjon.no\/content\/uploads\/sites\/93\/2024\/08\/tilbud_heggeli-familie_05.jpg","type":"","width":"","height":""}],"twitter_card":"summary_large_image","twitter_misc":{"Ansl. lesetid":"5 minutter"},"schema":{"@context":"https:\/\/schema.org","@graph":[{"@type":"WebPage","@id":"https:\/\/kirkensbymisjon.no\/tilbud-heggeli-fosterhjem\/bli-fosterforeldre\/","url":"https:\/\/kirkensbymisjon.no\/tilbud-heggeli-fosterhjem\/bli-fosterforeldre\/","name":"Bli fosterforeldre - Heggeli fosterhjem","isPartOf":{"@id":"https:\/\/kirkensbymisjon.no\/tilbud-heggeli-fosterhjem\/#website"},"primaryImageOfPage":{"@id":"https:\/\/kirkensbymisjon.no\/tilbud-heggeli-fosterhjem\/bli-fosterforeldre\/#primaryimage"},"image":{"@id":"https:\/\/kirkensbymisjon.no\/tilbud-heggeli-fosterhjem\/bli-fosterforeldre\/#primaryimage"},"thumbnailUrl":"https:\/\/kirkensbymisjon.no\/content\/uploads\/sites\/93\/2024\/08\/tilbud_heggeli-familie_05.jpg","datePublished":"2024-08-19T09:31:03+00:00","dateModified":"2025-03-10T10:13:03+00:00","breadcrumb":{"@id":"https:\/\/kirkensbymisjon.no\/tilbud-heggeli-fosterhjem\/bli-fosterforeldre\/#breadcrumb"},"inLanguage":"nb-NO","potentialAction":[{"@type":"ReadAction","target":["https:\/\/kirkensbymisjon.no\/tilbud-heggeli-fosterhjem\/bli-fosterforeldre\/"]}]},{"@type":"ImageObject","inLanguage":"nb-NO","@id":"https:\/\/kirkensbymisjon.no\/tilbud-heggeli-fosterhjem\/bli-fosterforeldre\/#primaryimage","url":"https:\/\/kirkensbymisjon.no\/content\/uploads\/sites\/93\/2024\/08\/tilbud_heggeli-familie_05.jpg","contentUrl":"https:\/\/kirkensbymisjon.no\/content\/uploads\/sites\/93\/2024\/08\/tilbud_heggeli-familie_05.jpg"},{"@type":"BreadcrumbList","@id":"https:\/\/kirkensbymisjon.no\/tilbud-heggeli-fosterhjem\/bli-fosterforeldre\/#breadcrumb","itemListElement":[{"@type":"ListItem","position":1,"name":"Hjem","item":"https:\/\/kirkensbymisjon.no\/tilbud-heggeli-fosterhjem\/"},{"@type":"ListItem","position":2,"name":"Bli fosterforeldre"}]},{"@type":"WebSite","@id":"https:\/\/kirkensbymisjon.no\/tilbud-heggeli-fosterhjem\/#website","url":"https:\/\/kirkensbymisjon.no\/tilbud-heggeli-fosterhjem\/","name":"Heggeli fosterhjem","description":"","potentialAction":[{"@type":"SearchAction","target":{"@type":"EntryPoint","urlTemplate":"https:\/\/kirkensbymisjon.no\/tilbud-heggeli-fosterhjem\/?s={search_term_string}"},"query-input":{"@type":"PropertyValueSpecification","valueRequired":true,"valueName":"search_term_string"}}],"inLanguage":"nb-NO"}]}},"_links":{"self":[{"href":"https:\/\/kirkensbymisjon.no\/tilbud-heggeli-fosterhjem\/wp-json\/wp\/v2\/pages\/25","targetHints":{"allow":["GET"]}}],"collection":[{"href":"https:\/\/kirkensbymisjon.no\/tilbud-heggeli-fosterhjem\/wp-json\/wp\/v2\/pages"}],"about":[{"href":"https:\/\/kirkensbymisjon.no\/tilbud-heggeli-fosterhjem\/wp-json\/wp\/v2\/types\/page"}],"author":[{"embeddable":true,"href":"https:\/\/kirkensbymisjon.no\/tilbud-heggeli-fosterhjem\/wp-json\/wp\/v2\/users\/5"}],"replies":[{"embeddable":true,"href":"https:\/\/kirkensbymisjon.no\/tilbud-heggeli-fosterhjem\/wp-json\/wp\/v2\/comments?post=25"}],"version-history":[{"count":5,"href":"https:\/\/kirkensbymisjon.no\/tilbud-heggeli-fosterhjem\/wp-json\/wp\/v2\/pages\/25\/revisions"}],"predecessor-version":[{"id":160,"href":"https:\/\/kirkensbymisjon.no\/tilbud-heggeli-fosterhjem\/wp-json\/wp\/v2\/pages\/25\/revisions\/160"}],"wp:attachment":[{"href":"https:\/\/kirkensbymisjon.no\/tilbud-heggeli-fosterhjem\/wp-json\/wp\/v2\/media?parent=25"}],"curies":[{"name":"wp","href":"https:\/\/api.w.org\/{rel}","templated":true}]}}