{"id":3,"date":"2024-06-26T23:21:11","date_gmt":"2024-06-26T21:21:11","guid":{"rendered":"https:\/\/kirkensbymisjon.no\/tilbud-heggeli-familiehjem\/forside\/"},"modified":"2025-03-31T10:26:19","modified_gmt":"2025-03-31T08:26:19","slug":"forside","status":"publish","type":"page","link":"https:\/\/kirkensbymisjon.no\/tilbud-heggeli-fosterhjem\/","title":{"rendered":"Forside"},"content":{"rendered":"\n<div class=\"wp-block-media-text alignwide is-stacked-on-mobile is-style-filled\"><figure class=\"wp-block-media-text__media\"><img loading=\"lazy\" decoding=\"async\" width=\"1024\" height=\"787\" src=\"https:\/\/kirkensbymisjon.no\/content\/uploads\/sites\/93\/2024\/08\/tilbud_heggeli-familie_02-1024x787.jpg\" alt=\"Mann og gutt\" class=\"wp-image-11 size-full\" srcset=\"https:\/\/kirkensbymisjon.no\/content\/uploads\/sites\/93\/2024\/08\/tilbud_heggeli-familie_02-1024x787.jpg 1024w, https:\/\/kirkensbymisjon.no\/content\/uploads\/sites\/93\/2024\/08\/tilbud_heggeli-familie_02-300x231.jpg 300w, https:\/\/kirkensbymisjon.no\/content\/uploads\/sites\/93\/2024\/08\/tilbud_heggeli-familie_02-768x591.jpg 768w, https:\/\/kirkensbymisjon.no\/content\/uploads\/sites\/93\/2024\/08\/tilbud_heggeli-familie_02-1536x1181.jpg 1536w, https:\/\/kirkensbymisjon.no\/content\/uploads\/sites\/93\/2024\/08\/tilbud_heggeli-familie_02.jpg 1701w\" sizes=\"auto, (max-width: 1024px) 100vw, 1024px\" \/><\/figure><div class=\"wp-block-media-text__content\">\n<h2 class=\"wp-block-heading\" id=\"h-vil-du-apne-hjemmet-ditt-for-noen-som-trenger-deg\">Vil du \u00e5pne hjemmet ditt for noen som trenger deg?<\/h2>\n\n\n\n<p>Som spesialisert fosterhjem tilknyttet Heggeli st\u00e5r dere ikke alene med omsorgen for et barn. Hos oss blir dere del av en stor &laquo;Heggelifamilie&raquo;.<a href=\"https:\/\/kirkensbymisjon.no\/heggeli-familiehjem\/bli-fosterforeldre\/\"><\/a><\/p>\n\n\n\n<p><a href=\"https:\/\/kirkensbymisjon.no\/tilbud-heggeli-fosterhjem\/bli-fosterforeldre\/\">Les mer om hvordan du kan bli et fosterhjem<\/a><\/p>\n<\/div><\/div>\n\n\n\t<div class=\"alignwide wp-block-kbm-link-list\">\n\t\t<div class=\"kbm-link-list__items\">\n\t\t\t\n<div class=\"wp-block-kbm-link-list-item\">\t<svg xmlns=\"http:\/\/www.w3.org\/2000\/svg\" viewBox=\"0 0 48 48\" height=\"24\" width=\"24\" class=\"t2-icon t2-icon-substanceabuse\" aria-hidden=\"true\" focusable=\"false\"><path d=\"M12.56 9.154c-1.341.298-2.645 1.02-3.574 1.979C7.697 12.465 7.02 14.139 7.02 16c0 1.434.389 2.738 1.147 3.847 1.839 2.689 5.013 3.786 8.045 2.781 2.343-.777 4.141-2.82 4.672-5.308.157-.736.12-2.2-.074-2.939-.374-1.42-.887-2.311-1.927-3.341-.989-.98-2.132-1.604-3.441-1.88-.683-.143-2.248-.147-2.882-.006m19.96.013c-.635.139-1.595.533-2.262.927-.582.343-1.821 1.582-2.164 2.164-.801 1.355-1.097 2.524-1.03 4.056.053 1.203.179 1.707.694 2.766a6.659 6.659 0 0 0 3.162 3.162c1.198.583 1.617.675 3.08.675s1.882-.092 3.08-.675a6.878 6.878 0 0 0 2.325-1.823c.5-.602 1.152-1.869 1.369-2.659.108-.395.143-.818.143-1.76 0-1.463-.092-1.882-.675-3.08a6.878 6.878 0 0 0-1.823-2.325c-.59-.49-1.865-1.151-2.619-1.357-.694-.191-2.555-.231-3.28-.071M8.438 28.079c-2.389.351-4.344 1.951-5.133 4.201l-.225.64-.024 3.02-.025 3.02h17.586l.048-1.06c.071-1.592.431-2.97 1.156-4.42.413-.828 1.123-1.894 1.7-2.553.219-.251.399-.497.399-.548 0-.149-.879-.956-1.44-1.322a7.39 7.39 0 0 0-1.133-.577c-1.197-.462-1.483-.481-7.257-.47-2.888.005-5.431.037-5.652.069m24.251.006c-1.748.203-3.4.813-4.929 1.82-.842.555-2.146 1.809-2.743 2.638-1.226 1.702-1.977 3.887-1.977 5.747v.67h21.92v-.67c0-1.861-.751-4.045-1.978-5.748-.523-.727-1.755-1.947-2.502-2.478-2.187-1.554-5.092-2.292-7.791-1.979\"\/><\/svg>\t<div class=\"kbm-link-list-item__content\">\n\t\t<p class=\"kbm-link-list-item__title\">Oppf\u00f8lging i s\u00e6rklasse<\/p>\n\t\t\t\t\t<p class=\"kbm-link-list-item__description\">Som fosterhjem f\u00e5r du tett oppf\u00f8lging og st\u00f8tte. V\u00e5re familiekonsulenter m\u00f8ter deg regelmessig. I tillegg gir institusjonen d\u00f8gnkontinuerlig beredskap for deg ved akutt behov.<\/p>\n\t\t\t<\/div>\n\t<\/div>\n\n<div class=\"wp-block-kbm-link-list-item\">\t<svg xmlns=\"http:\/\/www.w3.org\/2000\/svg\" viewBox=\"0 0 48 48\" height=\"24\" width=\"24\" class=\"t2-icon t2-icon-citiesnetwork\" aria-hidden=\"true\" focusable=\"false\"><path d=\"M8.566 3.127c-.986.193-2.254.801-3.062 1.467-1.357 1.12-2.245 2.768-2.464 4.572-.191 1.574.278 3.37 1.228 4.702.456.638 1.41 1.542 2.019 1.912 1.124.683 2.541 1.056 3.821 1.007l.721-.027 2.821 7.758c1.552 4.266 2.814 7.76 2.806 7.763-.146.05-1.044.814-1.366 1.162-1.208 1.305-1.811 2.871-1.809 4.702.002 3.131 2.144 5.855 5.239 6.661.903.235 2.235.238 3.184.007 3.171-.773 5.341-3.522 5.335-6.76-.003-1.135-.264-2.155-.819-3.199l-.248-.465 4.208-4.209 4.209-4.208.486.259c2.113 1.126 4.746 1.063 6.774-.163 2.257-1.364 3.603-4.046 3.314-6.603-.421-3.719-3.532-6.371-7.225-6.161-1.072.061-1.685.223-2.658.704-1.135.56-2.045 1.34-2.68 2.297l-.12.181-7.753-2.708-7.754-2.707-.013-1.156c-.011-.922-.05-1.284-.193-1.795-.697-2.493-2.753-4.442-5.224-4.953-.664-.137-2.172-.159-2.777-.04M31.235 20.28c.029 1.204.246 2.079.757 3.053l.301.575-4.207 4.197-4.206 4.196-.6-.312c-1.049-.546-2.476-.853-3.52-.756l-.52.049-2.827-7.78-2.827-7.779.184-.122c.435-.285 1.181-.974 1.493-1.379l.337-.437 7.804 2.728 7.805 2.727.026 1.04\"\/><\/svg>\t<div class=\"kbm-link-list-item__content\">\n\t\t<p class=\"kbm-link-list-item__title\">Nettverk av fosterforeldre<\/p>\n\t\t\t\t\t<p class=\"kbm-link-list-item__description\">Hos oss blir du del av en \u00abfamilie\u00bb med andre fosterforeldre som m\u00f8tes fast for oppl\u00e6ring, utveksling av erfaringer og kunnskapsp\u00e5fyll. Vi trenger flere gode fosterforeldre. Les mer om hvem vi s\u00f8ker etter.<\/p>\n\t\t\t<\/div>\n\t<\/div>\n\n<div class=\"wp-block-kbm-link-list-item\">\t<svg xmlns=\"http:\/\/www.w3.org\/2000\/svg\" viewBox=\"0 0 48 48\" height=\"24\" width=\"24\" class=\"t2-icon t2-icon-locationaddress\" aria-hidden=\"true\" focusable=\"false\"><path d=\"M21.76 5.193c-3.324.58-6.181 2.225-8.355 4.812-3.172 3.776-4.223 9.001-2.749 13.675 1.282 4.066 5.867 11.461 11.388 18.367C23.389 43.729 23.661 44 24 44c.339 0 .611-.271 1.956-1.953 5.521-6.906 10.106-14.301 11.388-18.367 1.133-3.592.79-7.53-.954-10.957-1.965-3.863-5.477-6.563-9.692-7.452-1.17-.247-3.739-.288-4.938-.078m4 6.929c2.568.674 4.644 2.811 5.293 5.448.246 1.002.246 2.579-.001 3.59-.463 1.893-1.801 3.71-3.447 4.678-1.843 1.084-4.224 1.269-6.203.483-2.18-.866-3.888-2.845-4.454-5.161-.247-1.011-.247-2.588-.001-3.59.691-2.809 2.883-4.94 5.693-5.535.689-.146 2.417-.098 3.12.087\"\/><\/svg>\t<div class=\"kbm-link-list-item__content\">\n\t\t<p class=\"kbm-link-list-item__title\">Gode plasseringer<\/p>\n\t\t\t\t\t<p class=\"kbm-link-list-item__description\">Vi har en stabil ansattgruppe i et yrke med h\u00f8y turnover. V\u00e5re familiekonsulenter kjenner ofte barna godt fra oppdraget starter, og har lang erfaring med \u00e5 finne hjelpetiltak og fosterfamilier som kan passe godt med barna.<\/p>\n\t\t\t<\/div>\n\t<\/div>\n\t\t<\/div>\n\t<\/div>\n\t","protected":false},"excerpt":{"rendered":"<p>Vil du \u00e5pne hjemmet ditt for noen som trenger deg? Som spesialisert fosterhjem tilknyttet Heggeli&hellip;<\/p>\n","protected":false},"author":5,"featured_media":0,"parent":0,"menu_order":0,"comment_status":"closed","ping_status":"closed","template":"","meta":{"_relevanssi_hide_post":"","_relevanssi_hide_content":"","_relevanssi_pin_for_all":"","_relevanssi_pin_keywords":"","_relevanssi_unpin_keywords":"","_relevanssi_related_keywords":"","_relevanssi_related_include_ids":"","_relevanssi_related_exclude_ids":"","_relevanssi_related_no_append":"","_relevanssi_related_not_related":"","_relevanssi_related_posts":"1","_relevanssi_noindex_reason":"","editor_notices":[],"footnotes":""},"class_list":["post-3","page","type-page","status-publish","hentry"],"yoast_head":"<!-- This site is optimized with the Yoast SEO Premium plugin v27.2 (Yoast SEO v27.2) - https:\/\/yoast.com\/product\/yoast-seo-premium-wordpress\/ -->\n<title>Kirkens Bymisjon - Heggeli Fosterhjem<\/title>\n<meta name=\"description\" content=\"Spesialiserte fosterhjem som f\u00e5r unik og skreddersydd oppf\u00f8lging fra v\u00e5rt fagmilj\u00f8. Hos oss blir dere del av en stor &quot;Heggelifamilie&quot;.\" \/>\n<meta name=\"robots\" content=\"index, follow, max-snippet:-1, max-image-preview:large, max-video-preview:-1\" \/>\n<link rel=\"canonical\" href=\"https:\/\/kirkensbymisjon.no\/tilbud-heggeli-fosterhjem\/\" \/>\n<meta property=\"og:locale\" content=\"nb_NO\" \/>\n<meta property=\"og:type\" content=\"article\" \/>\n<meta property=\"og:title\" content=\"Kirkens Bymisjon - Heggeli Fosterhjem\" \/>\n<meta property=\"og:description\" content=\"Spesialiserte fosterhjem som f\u00e5r unik og skreddersydd oppf\u00f8lging fra v\u00e5rt fagmilj\u00f8. Hos oss blir dere del av en stor &quot;Heggelifamilie&quot;.\" \/>\n<meta property=\"og:url\" content=\"https:\/\/kirkensbymisjon.no\/tilbud-heggeli-fosterhjem\/\" \/>\n<meta property=\"og:site_name\" content=\"Heggeli fosterhjem\" \/>\n<meta property=\"article:modified_time\" content=\"2025-03-31T08:26:19+00:00\" \/>\n<meta property=\"og:image\" content=\"https:\/\/kirkensbymisjon.no\/content\/uploads\/sites\/93\/2024\/08\/tilbud_heggeli-familie_02.jpg\" \/>\n\t<meta property=\"og:image:width\" content=\"1701\" \/>\n\t<meta property=\"og:image:height\" content=\"1308\" \/>\n\t<meta property=\"og:image:type\" content=\"image\/jpeg\" \/>\n<meta name=\"twitter:card\" content=\"summary_large_image\" \/>\n<meta name=\"twitter:title\" content=\"Forside\" \/>\n<meta name=\"twitter:label1\" content=\"Ansl. lesetid\" \/>\n\t<meta name=\"twitter:data1\" content=\"1 minutt\" \/>\n<script type=\"application\/ld+json\" class=\"yoast-schema-graph\">{\"@context\":\"https:\/\/schema.org\",\"@graph\":[{\"@type\":\"WebPage\",\"@id\":\"https:\/\/kirkensbymisjon.no\/tilbud-heggeli-fosterhjem\/\",\"url\":\"https:\/\/kirkensbymisjon.no\/tilbud-heggeli-fosterhjem\/\",\"name\":\"Kirkens Bymisjon - Heggeli Fosterhjem\",\"isPartOf\":{\"@id\":\"https:\/\/kirkensbymisjon.no\/tilbud-heggeli-fosterhjem\/#website\"},\"primaryImageOfPage\":{\"@id\":\"https:\/\/kirkensbymisjon.no\/tilbud-heggeli-fosterhjem\/#primaryimage\"},\"image\":{\"@id\":\"https:\/\/kirkensbymisjon.no\/tilbud-heggeli-fosterhjem\/#primaryimage\"},\"thumbnailUrl\":\"https:\/\/kirkensbymisjon.no\/content\/uploads\/sites\/93\/2024\/08\/tilbud_heggeli-familie_02-1024x787.jpg\",\"datePublished\":\"2024-06-26T21:21:11+00:00\",\"dateModified\":\"2025-03-31T08:26:19+00:00\",\"description\":\"Spesialiserte fosterhjem som f\u00e5r unik og skreddersydd oppf\u00f8lging fra v\u00e5rt fagmilj\u00f8. Hos oss blir dere del av en stor \\\"Heggelifamilie\\\".\",\"breadcrumb\":{\"@id\":\"https:\/\/kirkensbymisjon.no\/tilbud-heggeli-fosterhjem\/#breadcrumb\"},\"inLanguage\":\"nb-NO\",\"potentialAction\":[{\"@type\":\"ReadAction\",\"target\":[\"https:\/\/kirkensbymisjon.no\/tilbud-heggeli-fosterhjem\/\"]}]},{\"@type\":\"ImageObject\",\"inLanguage\":\"nb-NO\",\"@id\":\"https:\/\/kirkensbymisjon.no\/tilbud-heggeli-fosterhjem\/#primaryimage\",\"url\":\"https:\/\/kirkensbymisjon.no\/content\/uploads\/sites\/93\/2024\/08\/tilbud_heggeli-familie_02-1024x787.jpg\",\"contentUrl\":\"https:\/\/kirkensbymisjon.no\/content\/uploads\/sites\/93\/2024\/08\/tilbud_heggeli-familie_02-1024x787.jpg\"},{\"@type\":\"BreadcrumbList\",\"@id\":\"https:\/\/kirkensbymisjon.no\/tilbud-heggeli-fosterhjem\/#breadcrumb\",\"itemListElement\":[{\"@type\":\"ListItem\",\"position\":1,\"name\":\"Hjem\",\"item\":\"https:\/\/kirkensbymisjon.no\/tilbud-heggeli-fosterhjem\/\"},{\"@type\":\"ListItem\",\"position\":2,\"name\":\"Forside\"}]},{\"@type\":\"WebSite\",\"@id\":\"https:\/\/kirkensbymisjon.no\/tilbud-heggeli-fosterhjem\/#website\",\"url\":\"https:\/\/kirkensbymisjon.no\/tilbud-heggeli-fosterhjem\/\",\"name\":\"Heggeli fosterhjem\",\"description\":\"\",\"potentialAction\":[{\"@type\":\"SearchAction\",\"target\":{\"@type\":\"EntryPoint\",\"urlTemplate\":\"https:\/\/kirkensbymisjon.no\/tilbud-heggeli-fosterhjem\/?s={search_term_string}\"},\"query-input\":{\"@type\":\"PropertyValueSpecification\",\"valueRequired\":true,\"valueName\":\"search_term_string\"}}],\"inLanguage\":\"nb-NO\"}]}<\/script>\n<!-- \/ Yoast SEO Premium plugin. -->","yoast_head_json":{"title":"Kirkens Bymisjon - Heggeli Fosterhjem","description":"Spesialiserte fosterhjem som f\u00e5r unik og skreddersydd oppf\u00f8lging fra v\u00e5rt fagmilj\u00f8. Hos oss blir dere del av en stor \"Heggelifamilie\".","robots":{"index":"index","follow":"follow","max-snippet":"max-snippet:-1","max-image-preview":"max-image-preview:large","max-video-preview":"max-video-preview:-1"},"canonical":"https:\/\/kirkensbymisjon.no\/tilbud-heggeli-fosterhjem\/","og_locale":"nb_NO","og_type":"article","og_title":"Kirkens Bymisjon - Heggeli Fosterhjem","og_description":"Spesialiserte fosterhjem som f\u00e5r unik og skreddersydd oppf\u00f8lging fra v\u00e5rt fagmilj\u00f8. Hos oss blir dere del av en stor \"Heggelifamilie\".","og_url":"https:\/\/kirkensbymisjon.no\/tilbud-heggeli-fosterhjem\/","og_site_name":"Heggeli fosterhjem","article_modified_time":"2025-03-31T08:26:19+00:00","og_image":[{"width":1701,"height":1308,"url":"https:\/\/kirkensbymisjon.no\/content\/uploads\/sites\/93\/2024\/08\/tilbud_heggeli-familie_02.jpg","type":"image\/jpeg"}],"twitter_card":"summary_large_image","twitter_title":"Forside","twitter_misc":{"Ansl. lesetid":"1 minutt"},"schema":{"@context":"https:\/\/schema.org","@graph":[{"@type":"WebPage","@id":"https:\/\/kirkensbymisjon.no\/tilbud-heggeli-fosterhjem\/","url":"https:\/\/kirkensbymisjon.no\/tilbud-heggeli-fosterhjem\/","name":"Kirkens Bymisjon - Heggeli Fosterhjem","isPartOf":{"@id":"https:\/\/kirkensbymisjon.no\/tilbud-heggeli-fosterhjem\/#website"},"primaryImageOfPage":{"@id":"https:\/\/kirkensbymisjon.no\/tilbud-heggeli-fosterhjem\/#primaryimage"},"image":{"@id":"https:\/\/kirkensbymisjon.no\/tilbud-heggeli-fosterhjem\/#primaryimage"},"thumbnailUrl":"https:\/\/kirkensbymisjon.no\/content\/uploads\/sites\/93\/2024\/08\/tilbud_heggeli-familie_02-1024x787.jpg","datePublished":"2024-06-26T21:21:11+00:00","dateModified":"2025-03-31T08:26:19+00:00","description":"Spesialiserte fosterhjem som f\u00e5r unik og skreddersydd oppf\u00f8lging fra v\u00e5rt fagmilj\u00f8. Hos oss blir dere del av en stor \"Heggelifamilie\".","breadcrumb":{"@id":"https:\/\/kirkensbymisjon.no\/tilbud-heggeli-fosterhjem\/#breadcrumb"},"inLanguage":"nb-NO","potentialAction":[{"@type":"ReadAction","target":["https:\/\/kirkensbymisjon.no\/tilbud-heggeli-fosterhjem\/"]}]},{"@type":"ImageObject","inLanguage":"nb-NO","@id":"https:\/\/kirkensbymisjon.no\/tilbud-heggeli-fosterhjem\/#primaryimage","url":"https:\/\/kirkensbymisjon.no\/content\/uploads\/sites\/93\/2024\/08\/tilbud_heggeli-familie_02-1024x787.jpg","contentUrl":"https:\/\/kirkensbymisjon.no\/content\/uploads\/sites\/93\/2024\/08\/tilbud_heggeli-familie_02-1024x787.jpg"},{"@type":"BreadcrumbList","@id":"https:\/\/kirkensbymisjon.no\/tilbud-heggeli-fosterhjem\/#breadcrumb","itemListElement":[{"@type":"ListItem","position":1,"name":"Hjem","item":"https:\/\/kirkensbymisjon.no\/tilbud-heggeli-fosterhjem\/"},{"@type":"ListItem","position":2,"name":"Forside"}]},{"@type":"WebSite","@id":"https:\/\/kirkensbymisjon.no\/tilbud-heggeli-fosterhjem\/#website","url":"https:\/\/kirkensbymisjon.no\/tilbud-heggeli-fosterhjem\/","name":"Heggeli fosterhjem","description":"","potentialAction":[{"@type":"SearchAction","target":{"@type":"EntryPoint","urlTemplate":"https:\/\/kirkensbymisjon.no\/tilbud-heggeli-fosterhjem\/?s={search_term_string}"},"query-input":{"@type":"PropertyValueSpecification","valueRequired":true,"valueName":"search_term_string"}}],"inLanguage":"nb-NO"}]}},"_links":{"self":[{"href":"https:\/\/kirkensbymisjon.no\/tilbud-heggeli-fosterhjem\/wp-json\/wp\/v2\/pages\/3","targetHints":{"allow":["GET"]}}],"collection":[{"href":"https:\/\/kirkensbymisjon.no\/tilbud-heggeli-fosterhjem\/wp-json\/wp\/v2\/pages"}],"about":[{"href":"https:\/\/kirkensbymisjon.no\/tilbud-heggeli-fosterhjem\/wp-json\/wp\/v2\/types\/page"}],"author":[{"embeddable":true,"href":"https:\/\/kirkensbymisjon.no\/tilbud-heggeli-fosterhjem\/wp-json\/wp\/v2\/users\/5"}],"replies":[{"embeddable":true,"href":"https:\/\/kirkensbymisjon.no\/tilbud-heggeli-fosterhjem\/wp-json\/wp\/v2\/comments?post=3"}],"version-history":[{"count":5,"href":"https:\/\/kirkensbymisjon.no\/tilbud-heggeli-fosterhjem\/wp-json\/wp\/v2\/pages\/3\/revisions"}],"predecessor-version":[{"id":168,"href":"https:\/\/kirkensbymisjon.no\/tilbud-heggeli-fosterhjem\/wp-json\/wp\/v2\/pages\/3\/revisions\/168"}],"wp:attachment":[{"href":"https:\/\/kirkensbymisjon.no\/tilbud-heggeli-fosterhjem\/wp-json\/wp\/v2\/media?parent=3"}],"curies":[{"name":"wp","href":"https:\/\/api.w.org\/{rel}","templated":true}]}}