{"id":4,"date":"2025-03-10T22:44:08","date_gmt":"2025-03-10T21:44:08","guid":{"rendered":"https:\/\/kirkensbymisjon.no\/tilbud-heggeli-hjelpetiltak\/forside-2\/"},"modified":"2025-07-12T16:00:02","modified_gmt":"2025-07-12T14:00:02","slug":"forside-2","status":"publish","type":"page","link":"https:\/\/kirkensbymisjon.no\/tilbud-heggeli-hjelpetiltak\/","title":{"rendered":"Forside"},"content":{"rendered":"\n<div class=\"wp-block-media-text alignwide is-stacked-on-mobile is-style-filled\"><figure class=\"wp-block-media-text__media\"><img loading=\"lazy\" decoding=\"async\" width=\"670\" height=\"513\" src=\"https:\/\/kirkensbymisjon.no\/content\/uploads\/sites\/174\/2025\/03\/tilbud_heggeli-familie_02.jpg\" alt=\"\" class=\"wp-image-18 size-full\" srcset=\"https:\/\/kirkensbymisjon.no\/content\/uploads\/sites\/174\/2025\/03\/tilbud_heggeli-familie_02.jpg 670w, https:\/\/kirkensbymisjon.no\/content\/uploads\/sites\/174\/2025\/03\/tilbud_heggeli-familie_02-300x230.jpg 300w\" sizes=\"auto, (max-width: 670px) 100vw, 670px\" \/><\/figure><div class=\"wp-block-media-text__content\">\n<h2 class=\"wp-block-heading\" id=\"h-trenger-du-veiledning-og-stotte\">Trenger du veiledning og st\u00f8tte?<\/h2>\n\n\n\n<p>Heggeli Hjelpetiltak er en del av Kirkens Bymisjons&nbsp;<a href=\"https:\/\/kirkensbymisjon.no\/tilbud-kirkens-bymisjons-barneverntiltak\">barneverntiltak<\/a>. Vi tilbyr tiltak for barn og unge mellom 0\u201318 \u00e5r, og barnas familier, enten i v\u00e5re lokaler, hjemme hos familien, eller p\u00e5 andre relevante arenaer. Vi jobber i tverrfaglige team, og tilrettelegger tjenester basert p\u00e5 individuelle behov.<\/p>\n\n\n\n<p><a href=\"https:\/\/kirkensbymisjon.no\/tilbud-heggeli-hjelpetiltak\/finn-oss\">Kontakt oss<\/a>.<\/p>\n<\/div><\/div>\n\n\n\n<h2 class=\"wp-block-heading\" id=\"h-vi-tilbyr\"><strong>Vi tilbyr:<\/strong><\/h2>\n\n\n\n<ul class=\"wp-block-list\">\n<li>Praktisk st\u00f8tte og milj\u00f8terapi i hjemmet.<\/li>\n\n\n\n<li>Familieveiledning og omsorgsendrende tiltak for positiv utvikling hos barnet.<\/li>\n\n\n\n<li>Veiledning til foreldre uten omsorgsrett.<\/li>\n\n\n\n<li>Utredning og kartlegging av barnets omsorgssituasjon, samspill mellom barn og foreldre og barnets fungering.<\/li>\n<\/ul>\n\n\n\n<p>Vi danner et team rundt familien basert p\u00e5 sakens natur, sammensatt av fagpersoner med lang erfaring og h\u00f8y barnevernfaglig kompetanse, og evt. psykologfaglig kompetanse. I samarbeid med familien skreddersyr vi planer som best ivaretar barns og familiens behov.<\/p>\n\n\n\n<h2 class=\"wp-block-heading\" id=\"h-mer-om-heggeli-hjelpetiltak\"><strong>Mer om Heggeli Hjelpetiltak<\/strong><\/h2>\n\n\n<div class=\"t2-accordion wp-block-t2-accordion\" data-allow-multiple=\"1\" role=\"list\">\n<div class=\"t2-accordion-item wp-block-t2-accordion-item\" role=\"listitem\">\n\t\t\t<h2 class=\"t2-accordion-title\">\n\t\t\t\t<button type=\"button\" class=\"t2-accordion-trigger\" id=\"heggeli-modellen\" aria-controls=\"accordion-panel\" aria-expanded=\"false\">\n\t\t\t\t\tHeggeli-modellen\n\t\t\t\t\t<span class=\"t2-accordion-icon is-closed-icon\"><svg xmlns=\"http:\/\/www.w3.org\/2000\/svg\" viewBox=\"0 0 24 24\" height=\"24\" width=\"24\" class=\"t2-icon t2-icon-plus\" aria-hidden=\"true\" focusable=\"false\"><path d=\"M11.8 5.037a1.088 1.088 0 0 0-.722.566c-.075.148-.078.25-.078 2.772v2.619l-2.61.016c-1.867.012-2.652.03-2.756.064-.168.055-.438.301-.54.494-.049.092-.07.223-.07.432 0 .34.054.476.282.704.289.289.14.275 3.064.288l2.63.012v2.619c0 2.544.002 2.625.08 2.778.191.372.516.577.92.577s.729-.205.92-.577c.078-.153.08-.234.08-2.778v-2.619l2.63-.012c2.924-.013 2.775.001 3.064-.288.228-.228.282-.364.282-.704 0-.209-.021-.34-.07-.432-.102-.193-.372-.439-.54-.494-.104-.034-.889-.052-2.756-.064L13 10.994V8.375c0-2.522-.003-2.624-.078-2.772-.214-.418-.685-.656-1.122-.566\"\/><\/svg><\/span>\n\t\t\t\t\t<span class=\"t2-accordion-icon is-open-icon\"><svg xmlns=\"http:\/\/www.w3.org\/2000\/svg\" viewBox=\"0 0 24 24\" height=\"24\" width=\"24\" class=\"t2-icon t2-icon-chevronup\" aria-hidden=\"true\" focusable=\"false\"><path d=\"M6.7 14.7c-.2-.2-.3-.4-.3-.7s.1-.5.3-.7l4.6-4.6c.1-.1.2-.2.3-.2.1 0 .2-.1.4-.1.1 0 .3 0 .4.1.1 0 .2.1.3.2l4.6 4.6c.2.2.3.4.3.7s-.1.5-.3.7c-.2.2-.4.3-.7.3s-.5-.1-.7-.3L12 10.8l-3.9 3.9c-.2.2-.4.3-.7.3s-.5-.1-.7-.3z\" fill=\"currentColor\" \/><\/svg><\/span>\n\t\t\t\t<\/button>\n\t\t\t<\/h2>\n\t\t\t<div class=\"t2-accordion-item__inner-container is-layout-flow\" id=\"accordion-panel\" aria-labelledby=\"heggeli-modellen\" role=\"region\" hidden>\n\t\t\t\t\n\n<p>I Kirkens Bymisjon har vi utviklet en helt spesiell modell for hvordan vi jobber i alle v\u00e5re barnevernstiltak.<\/p>\n\n\n\n<p>Vi kaller den Heggeli-modellen. Den inneb\u00e6rer at vi i samarbeid med barneverntjenesten skreddersyr et tilbud som passer det enkelte barn og den enkelte familie, og at vi f\u00f8lger dere tett, s\u00e5 lenge behovet er der.<\/p>\n\n\n\n<ul class=\"wp-block-list\">\n<li>Alle fosterforeldre som tar oppdrag som fosterhjem tilknyttet Heggeli f\u00e5r oppl\u00e6ring og veiledning av v\u00e5re familieveiledere, og deltar i tillegg i gruppeveiledning og kursing med andre fosterforeldre.<\/li>\n\n\n\n<li>Sammen blir vi et team rundt barnet, slik at fosterforeldrene opplever \u00e5 alltid ha noen \u00e5 st\u00f8tte seg til. Vi har h\u00f8y grad av tilgjengelighet.<\/li>\n\n\n\n<li>Om du er et barn som skal&nbsp;bo en kort eller lengre periode p\u00e5 et av v\u00e5re&nbsp;<a href=\"https:\/\/kirkensbymisjon.no\/tilbud-heggeli-barnehjem\" target=\"_blank\" rel=\"noreferrer noopener\">barnehjem<\/a>, eller om du&nbsp;ikke lenger har den daglige omsorgen for barna dine, vil vi v\u00e6re til st\u00f8tte for deg, og f\u00f8lge opp dine behov.<\/li>\n<\/ul>\n\n\n\t\t\t<\/div>\n\t\t<\/div>\n\n<div class=\"t2-accordion-item wp-block-t2-accordion-item\" role=\"listitem\">\n\t\t\t<h2 class=\"t2-accordion-title\">\n\t\t\t\t<button type=\"button\" class=\"t2-accordion-trigger\" id=\"stabilt-personale\" aria-controls=\"accordion-panel-1\" aria-expanded=\"false\">\n\t\t\t\t\tStabilt personale\n\t\t\t\t\t<span class=\"t2-accordion-icon is-closed-icon\"><svg xmlns=\"http:\/\/www.w3.org\/2000\/svg\" viewBox=\"0 0 24 24\" height=\"24\" width=\"24\" class=\"t2-icon t2-icon-plus\" aria-hidden=\"true\" focusable=\"false\"><path d=\"M11.8 5.037a1.088 1.088 0 0 0-.722.566c-.075.148-.078.25-.078 2.772v2.619l-2.61.016c-1.867.012-2.652.03-2.756.064-.168.055-.438.301-.54.494-.049.092-.07.223-.07.432 0 .34.054.476.282.704.289.289.14.275 3.064.288l2.63.012v2.619c0 2.544.002 2.625.08 2.778.191.372.516.577.92.577s.729-.205.92-.577c.078-.153.08-.234.08-2.778v-2.619l2.63-.012c2.924-.013 2.775.001 3.064-.288.228-.228.282-.364.282-.704 0-.209-.021-.34-.07-.432-.102-.193-.372-.439-.54-.494-.104-.034-.889-.052-2.756-.064L13 10.994V8.375c0-2.522-.003-2.624-.078-2.772-.214-.418-.685-.656-1.122-.566\"\/><\/svg><\/span>\n\t\t\t\t\t<span class=\"t2-accordion-icon is-open-icon\"><svg xmlns=\"http:\/\/www.w3.org\/2000\/svg\" viewBox=\"0 0 24 24\" height=\"24\" width=\"24\" class=\"t2-icon t2-icon-chevronup\" aria-hidden=\"true\" focusable=\"false\"><path d=\"M6.7 14.7c-.2-.2-.3-.4-.3-.7s.1-.5.3-.7l4.6-4.6c.1-.1.2-.2.3-.2.1 0 .2-.1.4-.1.1 0 .3 0 .4.1.1 0 .2.1.3.2l4.6 4.6c.2.2.3.4.3.7s-.1.5-.3.7c-.2.2-.4.3-.7.3s-.5-.1-.7-.3L12 10.8l-3.9 3.9c-.2.2-.4.3-.7.3s-.5-.1-.7-.3z\" fill=\"currentColor\" \/><\/svg><\/span>\n\t\t\t\t<\/button>\n\t\t\t<\/h2>\n\t\t\t<div class=\"t2-accordion-item__inner-container is-layout-flow\" id=\"accordion-panel-1\" aria-labelledby=\"stabilt-personale\" role=\"region\" hidden>\n\t\t\t\t\n\n<p>Vi har en veldig stabil ansattegruppe blant b\u00e5de familieveiledere og milj\u00f8terapeuter, som strekker seg langt i jobben, og som holder seg jevnlig oppdatert p\u00e5 fagfeltet v\u00e5rt. Vi jobber hardt for \u00e5 skape sammenheng i barnas liv, og for \u00e5 skape relasjoner som varer. <\/p>\n\n\n\n<p>Vi har en stabil ansattgruppe i et yrke med h\u00f8y turnover. V\u00e5re familiekonsulenter har lang erfaring med \u00e5 finne hjelpetiltak som kan passe godt med barna.<\/p>\n\n\n\t\t\t<\/div>\n\t\t<\/div>\n<\/div>\n\n\n<figure class=\"wp-block-image size-full\"><img loading=\"lazy\" decoding=\"async\" width=\"1000\" height=\"500\" src=\"https:\/\/kirkensbymisjon.no\/content\/uploads\/sites\/174\/2025\/03\/tilbud_heggeli-familie_03.jpg\" alt=\"\" class=\"wp-image-20\" srcset=\"https:\/\/kirkensbymisjon.no\/content\/uploads\/sites\/174\/2025\/03\/tilbud_heggeli-familie_03.jpg 1000w, https:\/\/kirkensbymisjon.no\/content\/uploads\/sites\/174\/2025\/03\/tilbud_heggeli-familie_03-300x150.jpg 300w, https:\/\/kirkensbymisjon.no\/content\/uploads\/sites\/174\/2025\/03\/tilbud_heggeli-familie_03-768x384.jpg 768w\" sizes=\"auto, (max-width: 1000px) 100vw, 1000px\" \/><\/figure>\n","protected":false},"excerpt":{"rendered":"<p>Trenger du veiledning og st\u00f8tte? Heggeli Hjelpetiltak er en del av Kirkens Bymisjons&nbsp;barneverntiltak. Vi tilbyr&hellip;<\/p>\n","protected":false},"author":4,"featured_media":16,"parent":0,"menu_order":0,"comment_status":"closed","ping_status":"closed","template":"","meta":{"_relevanssi_hide_post":"","_relevanssi_hide_content":"","_relevanssi_pin_for_all":"","_relevanssi_pin_keywords":"","_relevanssi_unpin_keywords":"","_relevanssi_related_keywords":"","_relevanssi_related_include_ids":"","_relevanssi_related_exclude_ids":"","_relevanssi_related_no_append":"","_relevanssi_related_not_related":"","_relevanssi_related_posts":"1","_relevanssi_noindex_reason":"","editor_notices":[],"footnotes":""},"class_list":["post-4","page","type-page","status-publish","has-post-thumbnail","hentry"],"yoast_head":"<!-- This site is optimized with the Yoast SEO Premium plugin v27.2 (Yoast SEO v27.2) - https:\/\/yoast.com\/product\/yoast-seo-premium-wordpress\/ -->\n<title>Kirkens Bymisjon - Heggeli hjelpetiltak<\/title>\n<meta name=\"description\" content=\"Vi tilbyr individuelt tilpassede og tilrettelagte tiltak for barn og unge mellom 0\u201318 \u00e5r, og barnas familier.\" \/>\n<meta name=\"robots\" content=\"index, follow, max-snippet:-1, max-image-preview:large, max-video-preview:-1\" \/>\n<link rel=\"canonical\" href=\"https:\/\/kirkensbymisjon.no\/tilbud-heggeli-hjelpetiltak\/\" \/>\n<meta property=\"og:locale\" content=\"nb_NO\" \/>\n<meta property=\"og:type\" content=\"article\" \/>\n<meta property=\"og:title\" content=\"Kirkens Bymisjon - Heggeli hjelpetiltak\" \/>\n<meta property=\"og:description\" content=\"Vi tilbyr individuelt tilpassede og tilrettelagte tiltak for barn og unge mellom 0\u201318 \u00e5r, og barnas familier.\" \/>\n<meta property=\"og:url\" content=\"https:\/\/kirkensbymisjon.no\/tilbud-heggeli-hjelpetiltak\/\" \/>\n<meta property=\"og:site_name\" content=\"Heggeli hjelpetiltak\" \/>\n<meta property=\"article:modified_time\" content=\"2025-07-12T14:00:02+00:00\" \/>\n<meta property=\"og:image\" content=\"https:\/\/kirkensbymisjon.no\/content\/uploads\/sites\/174\/2025\/03\/tilbud_heggeli-familie_01.jpg\" \/>\n\t<meta property=\"og:image:width\" content=\"670\" \/>\n\t<meta property=\"og:image:height\" content=\"448\" \/>\n\t<meta property=\"og:image:type\" content=\"image\/jpeg\" \/>\n<meta name=\"twitter:card\" content=\"summary_large_image\" \/>\n<meta name=\"twitter:title\" content=\"Forside\" \/>\n<meta name=\"twitter:label1\" content=\"Ansl. lesetid\" \/>\n\t<meta name=\"twitter:data1\" content=\"3 minutter\" \/>\n<script type=\"application\/ld+json\" class=\"yoast-schema-graph\">{\"@context\":\"https:\/\/schema.org\",\"@graph\":[{\"@type\":\"WebPage\",\"@id\":\"https:\/\/kirkensbymisjon.no\/tilbud-heggeli-hjelpetiltak\/\",\"url\":\"https:\/\/kirkensbymisjon.no\/tilbud-heggeli-hjelpetiltak\/\",\"name\":\"Kirkens Bymisjon - Heggeli hjelpetiltak\",\"isPartOf\":{\"@id\":\"https:\/\/kirkensbymisjon.no\/tilbud-heggeli-hjelpetiltak\/#website\"},\"primaryImageOfPage\":{\"@id\":\"https:\/\/kirkensbymisjon.no\/tilbud-heggeli-hjelpetiltak\/#primaryimage\"},\"image\":{\"@id\":\"https:\/\/kirkensbymisjon.no\/tilbud-heggeli-hjelpetiltak\/#primaryimage\"},\"thumbnailUrl\":\"https:\/\/kirkensbymisjon.no\/content\/uploads\/sites\/174\/2025\/03\/tilbud_heggeli-familie_01.jpg\",\"datePublished\":\"2025-03-10T21:44:08+00:00\",\"dateModified\":\"2025-07-12T14:00:02+00:00\",\"description\":\"Vi tilbyr individuelt tilpassede og tilrettelagte tiltak for barn og unge mellom 0\u201318 \u00e5r, og barnas familier.\",\"breadcrumb\":{\"@id\":\"https:\/\/kirkensbymisjon.no\/tilbud-heggeli-hjelpetiltak\/#breadcrumb\"},\"inLanguage\":\"nb-NO\",\"potentialAction\":[{\"@type\":\"ReadAction\",\"target\":[\"https:\/\/kirkensbymisjon.no\/tilbud-heggeli-hjelpetiltak\/\"]}]},{\"@type\":\"ImageObject\",\"inLanguage\":\"nb-NO\",\"@id\":\"https:\/\/kirkensbymisjon.no\/tilbud-heggeli-hjelpetiltak\/#primaryimage\",\"url\":\"https:\/\/kirkensbymisjon.no\/content\/uploads\/sites\/174\/2025\/03\/tilbud_heggeli-familie_01.jpg\",\"contentUrl\":\"https:\/\/kirkensbymisjon.no\/content\/uploads\/sites\/174\/2025\/03\/tilbud_heggeli-familie_01.jpg\",\"width\":670,\"height\":448},{\"@type\":\"BreadcrumbList\",\"@id\":\"https:\/\/kirkensbymisjon.no\/tilbud-heggeli-hjelpetiltak\/#breadcrumb\",\"itemListElement\":[{\"@type\":\"ListItem\",\"position\":1,\"name\":\"Hjem\",\"item\":\"https:\/\/kirkensbymisjon.no\/tilbud-heggeli-hjelpetiltak\/\"},{\"@type\":\"ListItem\",\"position\":2,\"name\":\"Forside\"}]},{\"@type\":\"WebSite\",\"@id\":\"https:\/\/kirkensbymisjon.no\/tilbud-heggeli-hjelpetiltak\/#website\",\"url\":\"https:\/\/kirkensbymisjon.no\/tilbud-heggeli-hjelpetiltak\/\",\"name\":\"Heggeli hjelpetiltak\",\"description\":\"\",\"potentialAction\":[{\"@type\":\"SearchAction\",\"target\":{\"@type\":\"EntryPoint\",\"urlTemplate\":\"https:\/\/kirkensbymisjon.no\/tilbud-heggeli-hjelpetiltak\/?s={search_term_string}\"},\"query-input\":{\"@type\":\"PropertyValueSpecification\",\"valueRequired\":true,\"valueName\":\"search_term_string\"}}],\"inLanguage\":\"nb-NO\"}]}<\/script>\n<!-- \/ Yoast SEO Premium plugin. -->","yoast_head_json":{"title":"Kirkens Bymisjon - Heggeli hjelpetiltak","description":"Vi tilbyr individuelt tilpassede og tilrettelagte tiltak for barn og unge mellom 0\u201318 \u00e5r, og barnas familier.","robots":{"index":"index","follow":"follow","max-snippet":"max-snippet:-1","max-image-preview":"max-image-preview:large","max-video-preview":"max-video-preview:-1"},"canonical":"https:\/\/kirkensbymisjon.no\/tilbud-heggeli-hjelpetiltak\/","og_locale":"nb_NO","og_type":"article","og_title":"Kirkens Bymisjon - Heggeli hjelpetiltak","og_description":"Vi tilbyr individuelt tilpassede og tilrettelagte tiltak for barn og unge mellom 0\u201318 \u00e5r, og barnas familier.","og_url":"https:\/\/kirkensbymisjon.no\/tilbud-heggeli-hjelpetiltak\/","og_site_name":"Heggeli hjelpetiltak","article_modified_time":"2025-07-12T14:00:02+00:00","og_image":[{"width":670,"height":448,"url":"https:\/\/kirkensbymisjon.no\/content\/uploads\/sites\/174\/2025\/03\/tilbud_heggeli-familie_01.jpg","type":"image\/jpeg"}],"twitter_card":"summary_large_image","twitter_title":"Forside","twitter_misc":{"Ansl. lesetid":"3 minutter"},"schema":{"@context":"https:\/\/schema.org","@graph":[{"@type":"WebPage","@id":"https:\/\/kirkensbymisjon.no\/tilbud-heggeli-hjelpetiltak\/","url":"https:\/\/kirkensbymisjon.no\/tilbud-heggeli-hjelpetiltak\/","name":"Kirkens Bymisjon - Heggeli hjelpetiltak","isPartOf":{"@id":"https:\/\/kirkensbymisjon.no\/tilbud-heggeli-hjelpetiltak\/#website"},"primaryImageOfPage":{"@id":"https:\/\/kirkensbymisjon.no\/tilbud-heggeli-hjelpetiltak\/#primaryimage"},"image":{"@id":"https:\/\/kirkensbymisjon.no\/tilbud-heggeli-hjelpetiltak\/#primaryimage"},"thumbnailUrl":"https:\/\/kirkensbymisjon.no\/content\/uploads\/sites\/174\/2025\/03\/tilbud_heggeli-familie_01.jpg","datePublished":"2025-03-10T21:44:08+00:00","dateModified":"2025-07-12T14:00:02+00:00","description":"Vi tilbyr individuelt tilpassede og tilrettelagte tiltak for barn og unge mellom 0\u201318 \u00e5r, og barnas familier.","breadcrumb":{"@id":"https:\/\/kirkensbymisjon.no\/tilbud-heggeli-hjelpetiltak\/#breadcrumb"},"inLanguage":"nb-NO","potentialAction":[{"@type":"ReadAction","target":["https:\/\/kirkensbymisjon.no\/tilbud-heggeli-hjelpetiltak\/"]}]},{"@type":"ImageObject","inLanguage":"nb-NO","@id":"https:\/\/kirkensbymisjon.no\/tilbud-heggeli-hjelpetiltak\/#primaryimage","url":"https:\/\/kirkensbymisjon.no\/content\/uploads\/sites\/174\/2025\/03\/tilbud_heggeli-familie_01.jpg","contentUrl":"https:\/\/kirkensbymisjon.no\/content\/uploads\/sites\/174\/2025\/03\/tilbud_heggeli-familie_01.jpg","width":670,"height":448},{"@type":"BreadcrumbList","@id":"https:\/\/kirkensbymisjon.no\/tilbud-heggeli-hjelpetiltak\/#breadcrumb","itemListElement":[{"@type":"ListItem","position":1,"name":"Hjem","item":"https:\/\/kirkensbymisjon.no\/tilbud-heggeli-hjelpetiltak\/"},{"@type":"ListItem","position":2,"name":"Forside"}]},{"@type":"WebSite","@id":"https:\/\/kirkensbymisjon.no\/tilbud-heggeli-hjelpetiltak\/#website","url":"https:\/\/kirkensbymisjon.no\/tilbud-heggeli-hjelpetiltak\/","name":"Heggeli hjelpetiltak","description":"","potentialAction":[{"@type":"SearchAction","target":{"@type":"EntryPoint","urlTemplate":"https:\/\/kirkensbymisjon.no\/tilbud-heggeli-hjelpetiltak\/?s={search_term_string}"},"query-input":{"@type":"PropertyValueSpecification","valueRequired":true,"valueName":"search_term_string"}}],"inLanguage":"nb-NO"}]}},"_links":{"self":[{"href":"https:\/\/kirkensbymisjon.no\/tilbud-heggeli-hjelpetiltak\/wp-json\/wp\/v2\/pages\/4","targetHints":{"allow":["GET"]}}],"collection":[{"href":"https:\/\/kirkensbymisjon.no\/tilbud-heggeli-hjelpetiltak\/wp-json\/wp\/v2\/pages"}],"about":[{"href":"https:\/\/kirkensbymisjon.no\/tilbud-heggeli-hjelpetiltak\/wp-json\/wp\/v2\/types\/page"}],"author":[{"embeddable":true,"href":"https:\/\/kirkensbymisjon.no\/tilbud-heggeli-hjelpetiltak\/wp-json\/wp\/v2\/users\/4"}],"replies":[{"embeddable":true,"href":"https:\/\/kirkensbymisjon.no\/tilbud-heggeli-hjelpetiltak\/wp-json\/wp\/v2\/comments?post=4"}],"version-history":[{"count":5,"href":"https:\/\/kirkensbymisjon.no\/tilbud-heggeli-hjelpetiltak\/wp-json\/wp\/v2\/pages\/4\/revisions"}],"predecessor-version":[{"id":27,"href":"https:\/\/kirkensbymisjon.no\/tilbud-heggeli-hjelpetiltak\/wp-json\/wp\/v2\/pages\/4\/revisions\/27"}],"wp:featuredmedia":[{"embeddable":true,"href":"https:\/\/kirkensbymisjon.no\/tilbud-heggeli-hjelpetiltak\/wp-json\/wp\/v2\/media\/16"}],"wp:attachment":[{"href":"https:\/\/kirkensbymisjon.no\/tilbud-heggeli-hjelpetiltak\/wp-json\/wp\/v2\/media?parent=4"}],"curies":[{"name":"wp","href":"https:\/\/api.w.org\/{rel}","templated":true}]}}