{"id":14,"date":"2024-09-17T17:49:27","date_gmt":"2024-09-17T15:49:27","guid":{"rendered":"https:\/\/kirkensbymisjon.no\/tilbud-heggeli-ungdomshjem\/?page_id=14"},"modified":"2024-11-19T10:50:00","modified_gmt":"2024-11-19T09:50:00","slug":"om-ungdomshjem","status":"publish","type":"page","link":"https:\/\/kirkensbymisjon.no\/tilbud-heggeli-ungdomshjem\/om-ungdomshjem\/","title":{"rendered":"Om ungdomshjem"},"content":{"rendered":"\n<p>Heggeli ungdomshjem er en del av Kirkens Bymisjons <a href=\"https:\/\/kirkensbymisjon.no\/tilbud-kirkens-bymisjons-barneverntiltak\">barneverntiltak<\/a>&nbsp;og har 4 plasser for ungdommer i alderen 12\u201318 \u00e5r.<\/p>\n\n\n\n<p>Avdelingen ligger p\u00e5 Sk\u00f8yen i Oslo, n\u00e6rt tilknyttet kollektivtransport, skole, butikker og andre serviceinstanser. Huset ble bygget i 1915 og har v\u00e6rt drevet som barnehjem siden.<\/p>\n\n\n\n<figure class=\"wp-block-image size-full\"><img loading=\"lazy\" decoding=\"async\" width=\"1559\" height=\"1173\" src=\"https:\/\/kirkensbymisjon.no\/content\/uploads\/sites\/158\/2024\/09\/tilbud_heggeli_ungd_03.jpg\" alt=\"4 unge jenter\" class=\"wp-image-17\" srcset=\"https:\/\/kirkensbymisjon.no\/content\/uploads\/sites\/158\/2024\/09\/tilbud_heggeli_ungd_03.jpg 1559w, https:\/\/kirkensbymisjon.no\/content\/uploads\/sites\/158\/2024\/09\/tilbud_heggeli_ungd_03-300x226.jpg 300w, https:\/\/kirkensbymisjon.no\/content\/uploads\/sites\/158\/2024\/09\/tilbud_heggeli_ungd_03-1024x770.jpg 1024w, https:\/\/kirkensbymisjon.no\/content\/uploads\/sites\/158\/2024\/09\/tilbud_heggeli_ungd_03-768x578.jpg 768w, https:\/\/kirkensbymisjon.no\/content\/uploads\/sites\/158\/2024\/09\/tilbud_heggeli_ungd_03-1536x1156.jpg 1536w\" sizes=\"auto, (max-width: 1559px) 100vw, 1559px\" \/><\/figure>\n\n\n<div class=\"t2-accordion wp-block-t2-accordion\" data-allow-multiple=\"1\" role=\"list\">\n<div class=\"t2-accordion-item wp-block-t2-accordion-item\" role=\"listitem\">\n\t\t\t<h2 class=\"t2-accordion-title\">\n\t\t\t\t<button type=\"button\" class=\"t2-accordion-trigger\" id=\"hvem-er-m\u00e5lgruppen?\" aria-controls=\"accordion-panel\" aria-expanded=\"false\">\n\t\t\t\t\tHvem er m\u00e5lgruppen?\n\t\t\t\t\t<span class=\"t2-accordion-icon is-closed-icon\"><svg xmlns=\"http:\/\/www.w3.org\/2000\/svg\" viewBox=\"0 0 24 24\" height=\"24\" width=\"24\" class=\"t2-icon t2-icon-plus\" aria-hidden=\"true\" focusable=\"false\"><path d=\"M11.8 5.037a1.088 1.088 0 0 0-.722.566c-.075.148-.078.25-.078 2.772v2.619l-2.61.016c-1.867.012-2.652.03-2.756.064-.168.055-.438.301-.54.494-.049.092-.07.223-.07.432 0 .34.054.476.282.704.289.289.14.275 3.064.288l2.63.012v2.619c0 2.544.002 2.625.08 2.778.191.372.516.577.92.577s.729-.205.92-.577c.078-.153.08-.234.08-2.778v-2.619l2.63-.012c2.924-.013 2.775.001 3.064-.288.228-.228.282-.364.282-.704 0-.209-.021-.34-.07-.432-.102-.193-.372-.439-.54-.494-.104-.034-.889-.052-2.756-.064L13 10.994V8.375c0-2.522-.003-2.624-.078-2.772-.214-.418-.685-.656-1.122-.566\"\/><\/svg><\/span>\n\t\t\t\t\t<span class=\"t2-accordion-icon is-open-icon\"><svg xmlns=\"http:\/\/www.w3.org\/2000\/svg\" viewBox=\"0 0 24 24\" height=\"24\" width=\"24\" class=\"t2-icon t2-icon-chevronup\" aria-hidden=\"true\" focusable=\"false\"><path d=\"M6.7 14.7c-.2-.2-.3-.4-.3-.7s.1-.5.3-.7l4.6-4.6c.1-.1.2-.2.3-.2.1 0 .2-.1.4-.1.1 0 .3 0 .4.1.1 0 .2.1.3.2l4.6 4.6c.2.2.3.4.3.7s-.1.5-.3.7c-.2.2-.4.3-.7.3s-.5-.1-.7-.3L12 10.8l-3.9 3.9c-.2.2-.4.3-.7.3s-.5-.1-.7-.3z\" fill=\"currentColor\" \/><\/svg><\/span>\n\t\t\t\t<\/button>\n\t\t\t<\/h2>\n\t\t\t<div class=\"t2-accordion-item__inner-container is-layout-flow\" id=\"accordion-panel\" aria-labelledby=\"hvem-er-m\u00e5lgruppen?\" role=\"region\" hidden>\n\t\t\t\t\n\n<p>Heggeli ungdomshjem er godkjent som omsorgsinstitusjon for barn og unge i alderen 12\u201318 \u00e5r. Barna har komplekse og sammensatte behov, og de f\u00e5r et hjem preget av forutsigbarhet, trygghet og tilh\u00f8righet.<br>Det milj\u00f8terapeutiske arbeidet tilpasses det enkelte barns behov.\u00a0Barna f\u00e5r omsorg fra trygge voksne med kompetanse p\u00e5 barn med belastende livserfaringer.<\/p>\n\n\n\n<p>Institusjonen er godkjent for plassering etter barnevernloven \u00a7 3-2, 5-1, 4-1 og 4-2.&nbsp;Det vil si at barna kan motta hjelpetiltak, st\u00e5 under omsorg eller v\u00e6re i behov av akutt hjelp fra barnevernstjenesten.<\/p>\n\n\n\n<p>V\u00e5rt hovedm\u00e5l er \u00e5 gi barna nye og gode relasjonserfaringer med trygge og kompetente voksne slik at de kan nyttiggj\u00f8re seg omsorg i for eksempel fosterhjem eller ved tilbakef\u00f8ring til familien, eller at de forberedes til en selvstendig tilv\u00e6relse som voksne.<\/p>\n\n\n\t\t\t<\/div>\n\t\t<\/div>\n\n<div class=\"t2-accordion-item wp-block-t2-accordion-item\" role=\"listitem\">\n\t\t\t<h2 class=\"t2-accordion-title\">\n\t\t\t\t<button type=\"button\" class=\"t2-accordion-trigger\" id=\"hva-gj\u00f8r-vi?\" aria-controls=\"accordion-panel-1\" aria-expanded=\"false\">\n\t\t\t\t\tHva gj\u00f8r vi?\n\t\t\t\t\t<span class=\"t2-accordion-icon is-closed-icon\"><svg xmlns=\"http:\/\/www.w3.org\/2000\/svg\" viewBox=\"0 0 24 24\" height=\"24\" width=\"24\" class=\"t2-icon t2-icon-plus\" aria-hidden=\"true\" focusable=\"false\"><path d=\"M11.8 5.037a1.088 1.088 0 0 0-.722.566c-.075.148-.078.25-.078 2.772v2.619l-2.61.016c-1.867.012-2.652.03-2.756.064-.168.055-.438.301-.54.494-.049.092-.07.223-.07.432 0 .34.054.476.282.704.289.289.14.275 3.064.288l2.63.012v2.619c0 2.544.002 2.625.08 2.778.191.372.516.577.92.577s.729-.205.92-.577c.078-.153.08-.234.08-2.778v-2.619l2.63-.012c2.924-.013 2.775.001 3.064-.288.228-.228.282-.364.282-.704 0-.209-.021-.34-.07-.432-.102-.193-.372-.439-.54-.494-.104-.034-.889-.052-2.756-.064L13 10.994V8.375c0-2.522-.003-2.624-.078-2.772-.214-.418-.685-.656-1.122-.566\"\/><\/svg><\/span>\n\t\t\t\t\t<span class=\"t2-accordion-icon is-open-icon\"><svg xmlns=\"http:\/\/www.w3.org\/2000\/svg\" viewBox=\"0 0 24 24\" height=\"24\" width=\"24\" class=\"t2-icon t2-icon-chevronup\" aria-hidden=\"true\" focusable=\"false\"><path d=\"M6.7 14.7c-.2-.2-.3-.4-.3-.7s.1-.5.3-.7l4.6-4.6c.1-.1.2-.2.3-.2.1 0 .2-.1.4-.1.1 0 .3 0 .4.1.1 0 .2.1.3.2l4.6 4.6c.2.2.3.4.3.7s-.1.5-.3.7c-.2.2-.4.3-.7.3s-.5-.1-.7-.3L12 10.8l-3.9 3.9c-.2.2-.4.3-.7.3s-.5-.1-.7-.3z\" fill=\"currentColor\" \/><\/svg><\/span>\n\t\t\t\t<\/button>\n\t\t\t<\/h2>\n\t\t\t<div class=\"t2-accordion-item__inner-container is-layout-flow\" id=\"accordion-panel-1\" aria-labelledby=\"hva-gj\u00f8r-vi?\" role=\"region\" hidden>\n\t\t\t\t\n\n<p>Heggeli ungdomshjem tilbyr et helhetlig omsorgs- og oppvekstmilj\u00f8 i Oslo. Barna f\u00e5r et differensiert milj\u00f8terapeutisk omsorgstilbud&nbsp;hvor personalet jobber i medleverturnus. Ungdomshjemmet er godkjent som omsorgsinstitusjon, men kan ogs\u00e5 ta imot barn akutt dersom planen er en lengre plassering.<\/p>\n\n\n\t\t\t<\/div>\n\t\t<\/div>\n\n<div class=\"t2-accordion-item wp-block-t2-accordion-item\" role=\"listitem\">\n\t\t\t<h2 class=\"t2-accordion-title\">\n\t\t\t\t<button type=\"button\" class=\"t2-accordion-trigger\" id=\"hvordan-gj\u00f8r-vi-det?\" aria-controls=\"accordion-panel-2\" aria-expanded=\"false\">\n\t\t\t\t\tHvordan gj\u00f8r vi det?\n\t\t\t\t\t<span class=\"t2-accordion-icon is-closed-icon\"><svg xmlns=\"http:\/\/www.w3.org\/2000\/svg\" viewBox=\"0 0 24 24\" height=\"24\" width=\"24\" class=\"t2-icon t2-icon-plus\" aria-hidden=\"true\" focusable=\"false\"><path d=\"M11.8 5.037a1.088 1.088 0 0 0-.722.566c-.075.148-.078.25-.078 2.772v2.619l-2.61.016c-1.867.012-2.652.03-2.756.064-.168.055-.438.301-.54.494-.049.092-.07.223-.07.432 0 .34.054.476.282.704.289.289.14.275 3.064.288l2.63.012v2.619c0 2.544.002 2.625.08 2.778.191.372.516.577.92.577s.729-.205.92-.577c.078-.153.08-.234.08-2.778v-2.619l2.63-.012c2.924-.013 2.775.001 3.064-.288.228-.228.282-.364.282-.704 0-.209-.021-.34-.07-.432-.102-.193-.372-.439-.54-.494-.104-.034-.889-.052-2.756-.064L13 10.994V8.375c0-2.522-.003-2.624-.078-2.772-.214-.418-.685-.656-1.122-.566\"\/><\/svg><\/span>\n\t\t\t\t\t<span class=\"t2-accordion-icon is-open-icon\"><svg xmlns=\"http:\/\/www.w3.org\/2000\/svg\" viewBox=\"0 0 24 24\" height=\"24\" width=\"24\" class=\"t2-icon t2-icon-chevronup\" aria-hidden=\"true\" focusable=\"false\"><path d=\"M6.7 14.7c-.2-.2-.3-.4-.3-.7s.1-.5.3-.7l4.6-4.6c.1-.1.2-.2.3-.2.1 0 .2-.1.4-.1.1 0 .3 0 .4.1.1 0 .2.1.3.2l4.6 4.6c.2.2.3.4.3.7s-.1.5-.3.7c-.2.2-.4.3-.7.3s-.5-.1-.7-.3L12 10.8l-3.9 3.9c-.2.2-.4.3-.7.3s-.5-.1-.7-.3z\" fill=\"currentColor\" \/><\/svg><\/span>\n\t\t\t\t<\/button>\n\t\t\t<\/h2>\n\t\t\t<div class=\"t2-accordion-item__inner-container is-layout-flow\" id=\"accordion-panel-2\" aria-labelledby=\"hvordan-gj\u00f8r-vi-det?\" role=\"region\" hidden>\n\t\t\t\t\n\n<p>Barna som kommer til Heggeli ungdomshjem f\u00e5r omsorg og hjelp fra kompetente fagpersoner. Vi har god forst\u00e5else for hvordan komplekse traumer og omsorgssvikt over tid hindrer god utvikling. Barnets utvikling og behov kartlegges i inntaksfasen og under oppholdet. Kartleggingen brukes b\u00e5de til \u00e5 tilrettelegge og justere det milj\u00f8terapeutiske arbeidet ut fra barnets behov, og til \u00e5 vurdere barnets videre omsorgsbehov etter oppholdet. Vi samarbeider tett med instanser som BUP, skole, barneverntjenesten og barnets foreldre.<\/p>\n\n\n\n<p>Hverdagen ved Heggeli ungdomshjem skal v\u00e6re forutsigbar og stabil for barna, og de blir m\u00f8tt av trygge voksne som har relasjon i fokus. Organiseringen av milj\u00f8et brukes aktivt for \u00e5 underst\u00f8tte positiv utvikling og endring, og vi har en kunnskapsbasert praksis i arbeidet. Alle ansatte jobber i faste team. I tillegg har avdelingen v\u00e5ken nattevakt og kveldsvakter, samt ledende milj\u00f8terapeut p\u00e5 dagtid. Det er til enhver tid kvalifiserte og fagl\u00e6rte folk som jobber traumesensitivt p\u00e5 jobb.&nbsp;<\/p>\n\n\n\n<p>En del av v\u00e5rt milj\u00f8terapeutiske arbeid er \u00e5 hjelpe barna til \u00e5 f\u00e5 oversikt over livet sitt til n\u00e5. Vi samler inn historier fra de var sm\u00e5, vi hjelper barna til \u00e5 se sammenhenger i livet og se sammen med dem p\u00e5 fremtiden. For et barn som kanskje bare husker vonde bruddstykker fra livet sitt, er historier ogs\u00e5 om de fine tingene viktig for barnets videre utvikling. Vi er opptatte av \u00e5 v\u00e6re gode i m\u00f8te med biologisk familie, og strekker oss langt for \u00e5 skape tillit b\u00e5de hos familien og resten av hjelpeapparatet.<\/p>\n\n\n\n<p>\u00c5 etablere trygge rammer og rutiner for barna som bor her er sentralt i arbeidet. Mange av dem har tidligere levd med mangel av rytme, eller de har levd i en rytme som skaper angst og negative forventninger. Vi jobber med \u00e5 lage gode, tydelige rutiner p\u00e5 hva som skal skje hver dag, hver helg, hver bursdag, hver jul og s\u00e5 videre.&nbsp;Det milj\u00f8terapeutiske arbeidet tilrettelegges for at barna skal trives og oppleve mestring.<\/p>\n\n\n\t\t\t<\/div>\n\t\t<\/div>\n<\/div>","protected":false},"excerpt":{"rendered":"<p>Heggeli ungdomshjem er en del av Kirkens Bymisjons barneverntiltak&nbsp;og har 4 plasser for ungdommer i&hellip;<\/p>\n","protected":false},"author":5,"featured_media":0,"parent":0,"menu_order":0,"comment_status":"closed","ping_status":"closed","template":"","meta":{"_relevanssi_hide_post":"","_relevanssi_hide_content":"","_relevanssi_pin_for_all":"","_relevanssi_pin_keywords":"","_relevanssi_unpin_keywords":"","_relevanssi_related_keywords":"","_relevanssi_related_include_ids":"","_relevanssi_related_exclude_ids":"","_relevanssi_related_no_append":"","_relevanssi_related_not_related":"","_relevanssi_related_posts":"1","_relevanssi_noindex_reason":"","editor_notices":[],"footnotes":""},"class_list":["post-14","page","type-page","status-publish","hentry"],"yoast_head":"<!-- This site is optimized with the Yoast SEO Premium plugin v27.2 (Yoast SEO v27.4) - https:\/\/yoast.com\/product\/yoast-seo-premium-wordpress\/ -->\n<title>Om ungdomshjem - Heggeli ungdomshjem<\/title>\n<meta name=\"robots\" content=\"index, follow, max-snippet:-1, max-image-preview:large, max-video-preview:-1\" \/>\n<link rel=\"canonical\" href=\"https:\/\/kirkensbymisjon.no\/tilbud-heggeli-ungdomshjem\/om-ungdomshjem\/\" \/>\n<meta property=\"og:locale\" content=\"nb_NO\" \/>\n<meta property=\"og:type\" content=\"article\" \/>\n<meta property=\"og:title\" content=\"Om ungdomshjem\" \/>\n<meta property=\"og:description\" content=\"Heggeli ungdomshjem er en del av Kirkens Bymisjons barneverntiltak&nbsp;og har 4 plasser for ungdommer i&hellip;\" \/>\n<meta property=\"og:url\" content=\"https:\/\/kirkensbymisjon.no\/tilbud-heggeli-ungdomshjem\/om-ungdomshjem\/\" \/>\n<meta property=\"og:site_name\" content=\"Heggeli ungdomshjem\" \/>\n<meta property=\"article:modified_time\" content=\"2024-11-19T09:50:00+00:00\" \/>\n<meta property=\"og:image\" content=\"https:\/\/kirkensbymisjon.no\/content\/uploads\/sites\/158\/2024\/09\/tilbud_heggeli_ungd_03.jpg\" \/>\n\t<meta property=\"og:image:width\" content=\"1559\" \/>\n\t<meta property=\"og:image:height\" content=\"1173\" \/>\n\t<meta property=\"og:image:type\" content=\"image\/jpeg\" \/>\n<meta name=\"twitter:card\" content=\"summary_large_image\" \/>\n<meta name=\"twitter:label1\" content=\"Ansl. lesetid\" \/>\n\t<meta name=\"twitter:data1\" content=\"4 minutter\" \/>\n<script type=\"application\/ld+json\" class=\"yoast-schema-graph\">{\"@context\":\"https:\\\/\\\/schema.org\",\"@graph\":[{\"@type\":\"WebPage\",\"@id\":\"https:\\\/\\\/kirkensbymisjon.no\\\/tilbud-heggeli-ungdomshjem\\\/om-ungdomshjem\\\/\",\"url\":\"https:\\\/\\\/kirkensbymisjon.no\\\/tilbud-heggeli-ungdomshjem\\\/om-ungdomshjem\\\/\",\"name\":\"Om ungdomshjem - Heggeli ungdomshjem\",\"isPartOf\":{\"@id\":\"https:\\\/\\\/kirkensbymisjon.no\\\/tilbud-heggeli-ungdomshjem\\\/#website\"},\"primaryImageOfPage\":{\"@id\":\"https:\\\/\\\/kirkensbymisjon.no\\\/tilbud-heggeli-ungdomshjem\\\/om-ungdomshjem\\\/#primaryimage\"},\"image\":{\"@id\":\"https:\\\/\\\/kirkensbymisjon.no\\\/tilbud-heggeli-ungdomshjem\\\/om-ungdomshjem\\\/#primaryimage\"},\"thumbnailUrl\":\"https:\\\/\\\/kirkensbymisjon.no\\\/content\\\/uploads\\\/sites\\\/158\\\/2024\\\/09\\\/tilbud_heggeli_ungd_03.jpg\",\"datePublished\":\"2024-09-17T15:49:27+00:00\",\"dateModified\":\"2024-11-19T09:50:00+00:00\",\"breadcrumb\":{\"@id\":\"https:\\\/\\\/kirkensbymisjon.no\\\/tilbud-heggeli-ungdomshjem\\\/om-ungdomshjem\\\/#breadcrumb\"},\"inLanguage\":\"nb-NO\",\"potentialAction\":[{\"@type\":\"ReadAction\",\"target\":[\"https:\\\/\\\/kirkensbymisjon.no\\\/tilbud-heggeli-ungdomshjem\\\/om-ungdomshjem\\\/\"]}]},{\"@type\":\"ImageObject\",\"inLanguage\":\"nb-NO\",\"@id\":\"https:\\\/\\\/kirkensbymisjon.no\\\/tilbud-heggeli-ungdomshjem\\\/om-ungdomshjem\\\/#primaryimage\",\"url\":\"https:\\\/\\\/kirkensbymisjon.no\\\/content\\\/uploads\\\/sites\\\/158\\\/2024\\\/09\\\/tilbud_heggeli_ungd_03.jpg\",\"contentUrl\":\"https:\\\/\\\/kirkensbymisjon.no\\\/content\\\/uploads\\\/sites\\\/158\\\/2024\\\/09\\\/tilbud_heggeli_ungd_03.jpg\"},{\"@type\":\"BreadcrumbList\",\"@id\":\"https:\\\/\\\/kirkensbymisjon.no\\\/tilbud-heggeli-ungdomshjem\\\/om-ungdomshjem\\\/#breadcrumb\",\"itemListElement\":[{\"@type\":\"ListItem\",\"position\":1,\"name\":\"Hjem\",\"item\":\"https:\\\/\\\/kirkensbymisjon.no\\\/tilbud-heggeli-ungdomshjem\\\/\"},{\"@type\":\"ListItem\",\"position\":2,\"name\":\"Om ungdomshjem\"}]},{\"@type\":\"WebSite\",\"@id\":\"https:\\\/\\\/kirkensbymisjon.no\\\/tilbud-heggeli-ungdomshjem\\\/#website\",\"url\":\"https:\\\/\\\/kirkensbymisjon.no\\\/tilbud-heggeli-ungdomshjem\\\/\",\"name\":\"Heggeli ungdomshjem\",\"description\":\"\",\"potentialAction\":[{\"@type\":\"SearchAction\",\"target\":{\"@type\":\"EntryPoint\",\"urlTemplate\":\"https:\\\/\\\/kirkensbymisjon.no\\\/tilbud-heggeli-ungdomshjem\\\/?s={search_term_string}\"},\"query-input\":{\"@type\":\"PropertyValueSpecification\",\"valueRequired\":true,\"valueName\":\"search_term_string\"}}],\"inLanguage\":\"nb-NO\"}]}<\/script>\n<!-- \/ Yoast SEO Premium plugin. -->","yoast_head_json":{"title":"Om ungdomshjem - Heggeli ungdomshjem","robots":{"index":"index","follow":"follow","max-snippet":"max-snippet:-1","max-image-preview":"max-image-preview:large","max-video-preview":"max-video-preview:-1"},"canonical":"https:\/\/kirkensbymisjon.no\/tilbud-heggeli-ungdomshjem\/om-ungdomshjem\/","og_locale":"nb_NO","og_type":"article","og_title":"Om ungdomshjem","og_description":"Heggeli ungdomshjem er en del av Kirkens Bymisjons barneverntiltak&nbsp;og har 4 plasser for ungdommer i&hellip;","og_url":"https:\/\/kirkensbymisjon.no\/tilbud-heggeli-ungdomshjem\/om-ungdomshjem\/","og_site_name":"Heggeli ungdomshjem","article_modified_time":"2024-11-19T09:50:00+00:00","og_image":[{"width":1559,"height":1173,"url":"https:\/\/kirkensbymisjon.no\/content\/uploads\/sites\/158\/2024\/09\/tilbud_heggeli_ungd_03.jpg","type":"image\/jpeg"}],"twitter_card":"summary_large_image","twitter_misc":{"Ansl. lesetid":"4 minutter"},"schema":{"@context":"https:\/\/schema.org","@graph":[{"@type":"WebPage","@id":"https:\/\/kirkensbymisjon.no\/tilbud-heggeli-ungdomshjem\/om-ungdomshjem\/","url":"https:\/\/kirkensbymisjon.no\/tilbud-heggeli-ungdomshjem\/om-ungdomshjem\/","name":"Om ungdomshjem - Heggeli ungdomshjem","isPartOf":{"@id":"https:\/\/kirkensbymisjon.no\/tilbud-heggeli-ungdomshjem\/#website"},"primaryImageOfPage":{"@id":"https:\/\/kirkensbymisjon.no\/tilbud-heggeli-ungdomshjem\/om-ungdomshjem\/#primaryimage"},"image":{"@id":"https:\/\/kirkensbymisjon.no\/tilbud-heggeli-ungdomshjem\/om-ungdomshjem\/#primaryimage"},"thumbnailUrl":"https:\/\/kirkensbymisjon.no\/content\/uploads\/sites\/158\/2024\/09\/tilbud_heggeli_ungd_03.jpg","datePublished":"2024-09-17T15:49:27+00:00","dateModified":"2024-11-19T09:50:00+00:00","breadcrumb":{"@id":"https:\/\/kirkensbymisjon.no\/tilbud-heggeli-ungdomshjem\/om-ungdomshjem\/#breadcrumb"},"inLanguage":"nb-NO","potentialAction":[{"@type":"ReadAction","target":["https:\/\/kirkensbymisjon.no\/tilbud-heggeli-ungdomshjem\/om-ungdomshjem\/"]}]},{"@type":"ImageObject","inLanguage":"nb-NO","@id":"https:\/\/kirkensbymisjon.no\/tilbud-heggeli-ungdomshjem\/om-ungdomshjem\/#primaryimage","url":"https:\/\/kirkensbymisjon.no\/content\/uploads\/sites\/158\/2024\/09\/tilbud_heggeli_ungd_03.jpg","contentUrl":"https:\/\/kirkensbymisjon.no\/content\/uploads\/sites\/158\/2024\/09\/tilbud_heggeli_ungd_03.jpg"},{"@type":"BreadcrumbList","@id":"https:\/\/kirkensbymisjon.no\/tilbud-heggeli-ungdomshjem\/om-ungdomshjem\/#breadcrumb","itemListElement":[{"@type":"ListItem","position":1,"name":"Hjem","item":"https:\/\/kirkensbymisjon.no\/tilbud-heggeli-ungdomshjem\/"},{"@type":"ListItem","position":2,"name":"Om ungdomshjem"}]},{"@type":"WebSite","@id":"https:\/\/kirkensbymisjon.no\/tilbud-heggeli-ungdomshjem\/#website","url":"https:\/\/kirkensbymisjon.no\/tilbud-heggeli-ungdomshjem\/","name":"Heggeli ungdomshjem","description":"","potentialAction":[{"@type":"SearchAction","target":{"@type":"EntryPoint","urlTemplate":"https:\/\/kirkensbymisjon.no\/tilbud-heggeli-ungdomshjem\/?s={search_term_string}"},"query-input":{"@type":"PropertyValueSpecification","valueRequired":true,"valueName":"search_term_string"}}],"inLanguage":"nb-NO"}]}},"_links":{"self":[{"href":"https:\/\/kirkensbymisjon.no\/tilbud-heggeli-ungdomshjem\/wp-json\/wp\/v2\/pages\/14","targetHints":{"allow":["GET"]}}],"collection":[{"href":"https:\/\/kirkensbymisjon.no\/tilbud-heggeli-ungdomshjem\/wp-json\/wp\/v2\/pages"}],"about":[{"href":"https:\/\/kirkensbymisjon.no\/tilbud-heggeli-ungdomshjem\/wp-json\/wp\/v2\/types\/page"}],"author":[{"embeddable":true,"href":"https:\/\/kirkensbymisjon.no\/tilbud-heggeli-ungdomshjem\/wp-json\/wp\/v2\/users\/5"}],"replies":[{"embeddable":true,"href":"https:\/\/kirkensbymisjon.no\/tilbud-heggeli-ungdomshjem\/wp-json\/wp\/v2\/comments?post=14"}],"version-history":[{"count":4,"href":"https:\/\/kirkensbymisjon.no\/tilbud-heggeli-ungdomshjem\/wp-json\/wp\/v2\/pages\/14\/revisions"}],"predecessor-version":[{"id":47,"href":"https:\/\/kirkensbymisjon.no\/tilbud-heggeli-ungdomshjem\/wp-json\/wp\/v2\/pages\/14\/revisions\/47"}],"wp:attachment":[{"href":"https:\/\/kirkensbymisjon.no\/tilbud-heggeli-ungdomshjem\/wp-json\/wp\/v2\/media?parent=14"}],"curies":[{"name":"wp","href":"https:\/\/api.w.org\/{rel}","templated":true}]}}