{"id":3,"date":"2024-09-17T17:36:33","date_gmt":"2024-09-17T15:36:33","guid":{"rendered":"https:\/\/kirkensbymisjon.no\/tilbud-heggeli-ungdomshjem\/forside\/"},"modified":"2024-10-24T11:12:27","modified_gmt":"2024-10-24T09:12:27","slug":"forside","status":"publish","type":"page","link":"https:\/\/kirkensbymisjon.no\/tilbud-heggeli-ungdomshjem\/","title":{"rendered":"Forside"},"content":{"rendered":"\n<div class=\"wp-block-media-text alignwide is-stacked-on-mobile is-style-filled\"><figure class=\"wp-block-media-text__media\"><img loading=\"lazy\" decoding=\"async\" width=\"1024\" height=\"683\" src=\"https:\/\/kirkensbymisjon.no\/content\/uploads\/sites\/158\/2024\/09\/tilbud_heggeli_ungd_04-1024x683.jpg\" alt=\"Ung gutt.\" class=\"wp-image-34 size-full\" srcset=\"https:\/\/kirkensbymisjon.no\/content\/uploads\/sites\/158\/2024\/09\/tilbud_heggeli_ungd_04-1024x683.jpg 1024w, https:\/\/kirkensbymisjon.no\/content\/uploads\/sites\/158\/2024\/09\/tilbud_heggeli_ungd_04-300x200.jpg 300w, https:\/\/kirkensbymisjon.no\/content\/uploads\/sites\/158\/2024\/09\/tilbud_heggeli_ungd_04-768x512.jpg 768w, https:\/\/kirkensbymisjon.no\/content\/uploads\/sites\/158\/2024\/09\/tilbud_heggeli_ungd_04.jpg 1417w\" sizes=\"auto, (max-width: 1024px) 100vw, 1024px\" \/><\/figure><div class=\"wp-block-media-text__content\">\n<h2 class=\"wp-block-heading\" id=\"h-trygge-rammer-og-rutiner-for-barn-og-unge\">Trygge rammer og rutiner for barn og unge<\/h2>\n\n\n\n<p>Ungdommene som kommer til Heggeli ungdomshjem f\u00e5r omsorg og hjelp fra kompetente fagpersoner. Vi har god forst\u00e5else for hvordan komplekse traumer og omsorgssvikt over tid kan hindre god utvikling.<\/p>\n\n\n\n<p>Vi samarbeider tett med instanser som BUP, skole, barneverntjenesten, og med foreldre.<\/p>\n<\/div><\/div>\n\n\n\t<div class=\"alignwide wp-block-kbm-link-list\">\n\t\t<div class=\"kbm-link-list__items\">\n\t\t\t\n<div class=\"wp-block-kbm-link-list-item\">\t<svg xmlns=\"http:\/\/www.w3.org\/2000\/svg\" viewBox=\"0 0 48 48\" height=\"24\" width=\"24\" class=\"t2-icon t2-icon-child\" aria-hidden=\"true\" focusable=\"false\"><path d=\"M22.48 4.083a22.9 22.9 0 0 0-3.643.637c-4.782 1.215-9.055 4.091-11.768 7.92-1.339 1.89-2.379 4.2-2.87 6.374-.107.471-.174.877-.15.902.087.087 4.165.035 4.951-.064 3.552-.445 6.287-1.242 9.377-2.733 5.019-2.422 9.062-6.008 11.68-10.359.454-.755.903-1.587.903-1.674 0-.134-2.46-.708-3.8-.887-1.157-.154-3.632-.216-4.68-.116m10.334 2.053c-.147.277-.484 1.442-.611 2.11-.603 3.166.272 6.614 2.33 9.186 2.143 2.678 5.219 4.283 8.691 4.534l.785.057-.052-.432c-.466-3.924-1.689-6.961-4.022-9.991-.725-.941-2.455-2.645-3.418-3.367a23.81 23.81 0 0 0-2.932-1.863c-.637-.346-.702-.366-.771-.234m-3.385 4.556c-1.996 2.789-4.882 5.435-7.847 7.195-4.513 2.679-9.686 4.12-15.89 4.426-.852.042-1.572.1-1.6.129-.112.112-.04 3.203.098 4.158.331 2.31.953 4.278 2.007 6.346 2.145 4.213 5.559 7.445 9.883 9.359 4.618 2.043 9.756 2.228 14.6.527 1.926-.677 4.461-2.119 6.03-3.43 4.305-3.6 6.941-8.865 7.258-14.502.03-.539.033-.98.007-.98-.026 0-.468-.055-.982-.123-5.668-.743-9.68-3.183-11.634-7.077-.427-.851-.977-2.522-1.158-3.52a23.852 23.852 0 0 1-.23-1.948l-.091-1.189-.451.629M18.84 24.141c.429.222.955.777 1.154 1.219.109.242.163.531.163.88.002.688-.238 1.202-.794 1.702-.971.873-2.304.78-3.187-.223-.556-.631-.715-1.441-.442-2.245.173-.508.883-1.235 1.386-1.419.48-.176 1.292-.135 1.72.086m13.058.008c1.112.567 1.642 1.95 1.146 2.99-.701 1.47-2.463 1.834-3.656.756-.496-.448-.708-.942-.708-1.655 0-.516.033-.66.237-1.028.284-.513.811-.997 1.269-1.166.459-.169 1.275-.121 1.712.103\"\/><\/svg>\t<div class=\"kbm-link-list-item__content\">\n\t\t<p class=\"kbm-link-list-item__title\">M\u00e5lgruppe<\/p>\n\t\t\t\t\t<p class=\"kbm-link-list-item__description\">Omsorgsinstitusjon for barn og unge i alderen 12\u201318 \u00e5r med komplekse og sammensatte behov.<\/p>\n\t\t\t<\/div>\n\t<\/div>\n\n<div class=\"wp-block-kbm-link-list-item\">\t<svg xmlns=\"http:\/\/www.w3.org\/2000\/svg\" viewBox=\"0 0 48 48\" height=\"24\" width=\"24\" class=\"t2-icon t2-icon-heart\" aria-hidden=\"true\" focusable=\"false\"><path d=\"M12.608 7.169c-1.695.306-3.132.959-4.579 2.081-1.894 1.468-3.293 3.755-3.79 6.194-.689 3.382.232 7.499 2.57 11.489 2.339 3.991 6.459 8.359 11.511 12.202 1.924 1.463 5.432 3.825 5.682 3.825.244 0 3.789-2.389 5.678-3.826 3.507-2.666 6.767-5.781 9.058-8.654 4.107-5.151 5.927-10.598 5.023-15.036-.867-4.255-4.231-7.559-8.431-8.282-.908-.156-2.546-.157-3.46-.001-3.228.55-6.151 2.758-7.548 5.699-.151.319-.296.58-.32.58-.025 0-.212-.333-.416-.74-1.452-2.905-4.266-4.995-7.456-5.539-.885-.151-2.667-.147-3.522.008\"\/><\/svg>\t<div class=\"kbm-link-list-item__content\">\n\t\t<p class=\"kbm-link-list-item__title\">V\u00e5rt form\u00e5l<\/p>\n\t\t\t\t\t<p class=\"kbm-link-list-item__description\">\u00c5 gi ungdommene nye og gode relasjonserfaringer med trygge og kompetente voksne.<\/p>\n\t\t\t<\/div>\n\t<\/div>\n\n<div class=\"wp-block-kbm-link-list-item\">\t<svg xmlns=\"http:\/\/www.w3.org\/2000\/svg\" viewBox=\"0 0 48 48\" height=\"24\" width=\"24\" class=\"t2-icon t2-icon-locationaddress\" aria-hidden=\"true\" focusable=\"false\"><path d=\"M21.76 5.193c-3.324.58-6.181 2.225-8.355 4.812-3.172 3.776-4.223 9.001-2.749 13.675 1.282 4.066 5.867 11.461 11.388 18.367C23.389 43.729 23.661 44 24 44c.339 0 .611-.271 1.956-1.953 5.521-6.906 10.106-14.301 11.388-18.367 1.133-3.592.79-7.53-.954-10.957-1.965-3.863-5.477-6.563-9.692-7.452-1.17-.247-3.739-.288-4.938-.078m4 6.929c2.568.674 4.644 2.811 5.293 5.448.246 1.002.246 2.579-.001 3.59-.463 1.893-1.801 3.71-3.447 4.678-1.843 1.084-4.224 1.269-6.203.483-2.18-.866-3.888-2.845-4.454-5.161-.247-1.011-.247-2.588-.001-3.59.691-2.809 2.883-4.94 5.693-5.535.689-.146 2.417-.098 3.12.087\"\/><\/svg>\t<div class=\"kbm-link-list-item__content\">\n\t\t<p class=\"kbm-link-list-item__title\">Beliggenhet<\/p>\n\t\t\t\t\t<p class=\"kbm-link-list-item__description\">Vi holder til p\u00e5 Sk\u00f8yen i Oslo, n\u00e6rt tilknyttet kollektivtransport, skole, butikker og andre serviceinstanser.<\/p>\n\t\t\t<\/div>\n\t<\/div>\n\t\t<\/div>\n\t<\/div>\n\t","protected":false},"excerpt":{"rendered":"<p>Trygge rammer og rutiner for barn og unge Ungdommene som kommer til Heggeli ungdomshjem f\u00e5r&hellip;<\/p>\n","protected":false},"author":5,"featured_media":0,"parent":0,"menu_order":0,"comment_status":"closed","ping_status":"closed","template":"","meta":{"_relevanssi_hide_post":"","_relevanssi_hide_content":"","_relevanssi_pin_for_all":"","_relevanssi_pin_keywords":"","_relevanssi_unpin_keywords":"","_relevanssi_related_keywords":"","_relevanssi_related_include_ids":"","_relevanssi_related_exclude_ids":"","_relevanssi_related_no_append":"","_relevanssi_related_not_related":"","_relevanssi_related_posts":"1","_relevanssi_noindex_reason":"","editor_notices":[],"footnotes":""},"class_list":["post-3","page","type-page","status-publish","hentry"],"yoast_head":"<!-- This site is optimized with the Yoast SEO Premium plugin v27.2 (Yoast SEO v27.2) - https:\/\/yoast.com\/product\/yoast-seo-premium-wordpress\/ -->\n<title>Kirkens Bymisjon - Heggeli ungdomshjem<\/title>\n<meta name=\"description\" content=\"Et helhetlig omsorgs- og oppvekstmilj\u00f8 for ungdommer mellom 12\u201318 \u00e5r, p\u00e5 Sk\u00f8yen i Oslo.\" \/>\n<meta name=\"robots\" content=\"index, follow, max-snippet:-1, max-image-preview:large, max-video-preview:-1\" \/>\n<link rel=\"canonical\" href=\"https:\/\/kirkensbymisjon.no\/tilbud-heggeli-ungdomshjem\/\" \/>\n<meta property=\"og:locale\" content=\"nb_NO\" \/>\n<meta property=\"og:type\" content=\"article\" \/>\n<meta property=\"og:title\" content=\"Forside\" \/>\n<meta property=\"og:description\" content=\"Et helhetlig omsorgs- og oppvekstmilj\u00f8 for ungdommer mellom 12\u201318 \u00e5r, p\u00e5 Sk\u00f8yen i Oslo.\" \/>\n<meta property=\"og:url\" content=\"https:\/\/kirkensbymisjon.no\/tilbud-heggeli-ungdomshjem\/\" \/>\n<meta property=\"og:site_name\" content=\"Heggeli ungdomshjem\" \/>\n<meta property=\"article:modified_time\" content=\"2024-10-24T09:12:27+00:00\" \/>\n<meta property=\"og:image\" content=\"https:\/\/kirkensbymisjon.no\/content\/uploads\/sites\/158\/2024\/09\/tilbud_heggeli_ungd_04.jpg\" \/>\n\t<meta property=\"og:image:width\" content=\"1417\" \/>\n\t<meta property=\"og:image:height\" content=\"945\" \/>\n\t<meta property=\"og:image:type\" content=\"image\/jpeg\" \/>\n<meta name=\"twitter:card\" content=\"summary_large_image\" \/>\n<meta name=\"twitter:label1\" content=\"Ansl. lesetid\" \/>\n\t<meta name=\"twitter:data1\" content=\"1 minutt\" \/>\n<script type=\"application\/ld+json\" class=\"yoast-schema-graph\">{\"@context\":\"https:\/\/schema.org\",\"@graph\":[{\"@type\":\"WebPage\",\"@id\":\"https:\/\/kirkensbymisjon.no\/tilbud-heggeli-ungdomshjem\/\",\"url\":\"https:\/\/kirkensbymisjon.no\/tilbud-heggeli-ungdomshjem\/\",\"name\":\"Kirkens Bymisjon - Heggeli ungdomshjem\",\"isPartOf\":{\"@id\":\"https:\/\/kirkensbymisjon.no\/tilbud-heggeli-ungdomshjem\/#website\"},\"primaryImageOfPage\":{\"@id\":\"https:\/\/kirkensbymisjon.no\/tilbud-heggeli-ungdomshjem\/#primaryimage\"},\"image\":{\"@id\":\"https:\/\/kirkensbymisjon.no\/tilbud-heggeli-ungdomshjem\/#primaryimage\"},\"thumbnailUrl\":\"https:\/\/kirkensbymisjon.no\/content\/uploads\/sites\/158\/2024\/09\/tilbud_heggeli_ungd_04-1024x683.jpg\",\"datePublished\":\"2024-09-17T15:36:33+00:00\",\"dateModified\":\"2024-10-24T09:12:27+00:00\",\"description\":\"Et helhetlig omsorgs- og oppvekstmilj\u00f8 for ungdommer mellom 12\u201318 \u00e5r, p\u00e5 Sk\u00f8yen i Oslo.\",\"breadcrumb\":{\"@id\":\"https:\/\/kirkensbymisjon.no\/tilbud-heggeli-ungdomshjem\/#breadcrumb\"},\"inLanguage\":\"nb-NO\",\"potentialAction\":[{\"@type\":\"ReadAction\",\"target\":[\"https:\/\/kirkensbymisjon.no\/tilbud-heggeli-ungdomshjem\/\"]}]},{\"@type\":\"ImageObject\",\"inLanguage\":\"nb-NO\",\"@id\":\"https:\/\/kirkensbymisjon.no\/tilbud-heggeli-ungdomshjem\/#primaryimage\",\"url\":\"https:\/\/kirkensbymisjon.no\/content\/uploads\/sites\/158\/2024\/09\/tilbud_heggeli_ungd_04-1024x683.jpg\",\"contentUrl\":\"https:\/\/kirkensbymisjon.no\/content\/uploads\/sites\/158\/2024\/09\/tilbud_heggeli_ungd_04-1024x683.jpg\"},{\"@type\":\"BreadcrumbList\",\"@id\":\"https:\/\/kirkensbymisjon.no\/tilbud-heggeli-ungdomshjem\/#breadcrumb\",\"itemListElement\":[{\"@type\":\"ListItem\",\"position\":1,\"name\":\"Hjem\",\"item\":\"https:\/\/kirkensbymisjon.no\/tilbud-heggeli-ungdomshjem\/\"},{\"@type\":\"ListItem\",\"position\":2,\"name\":\"Forside\"}]},{\"@type\":\"WebSite\",\"@id\":\"https:\/\/kirkensbymisjon.no\/tilbud-heggeli-ungdomshjem\/#website\",\"url\":\"https:\/\/kirkensbymisjon.no\/tilbud-heggeli-ungdomshjem\/\",\"name\":\"Heggeli ungdomshjem\",\"description\":\"\",\"potentialAction\":[{\"@type\":\"SearchAction\",\"target\":{\"@type\":\"EntryPoint\",\"urlTemplate\":\"https:\/\/kirkensbymisjon.no\/tilbud-heggeli-ungdomshjem\/?s={search_term_string}\"},\"query-input\":{\"@type\":\"PropertyValueSpecification\",\"valueRequired\":true,\"valueName\":\"search_term_string\"}}],\"inLanguage\":\"nb-NO\"}]}<\/script>\n<!-- \/ Yoast SEO Premium plugin. -->","yoast_head_json":{"title":"Kirkens Bymisjon - Heggeli ungdomshjem","description":"Et helhetlig omsorgs- og oppvekstmilj\u00f8 for ungdommer mellom 12\u201318 \u00e5r, p\u00e5 Sk\u00f8yen i Oslo.","robots":{"index":"index","follow":"follow","max-snippet":"max-snippet:-1","max-image-preview":"max-image-preview:large","max-video-preview":"max-video-preview:-1"},"canonical":"https:\/\/kirkensbymisjon.no\/tilbud-heggeli-ungdomshjem\/","og_locale":"nb_NO","og_type":"article","og_title":"Forside","og_description":"Et helhetlig omsorgs- og oppvekstmilj\u00f8 for ungdommer mellom 12\u201318 \u00e5r, p\u00e5 Sk\u00f8yen i Oslo.","og_url":"https:\/\/kirkensbymisjon.no\/tilbud-heggeli-ungdomshjem\/","og_site_name":"Heggeli ungdomshjem","article_modified_time":"2024-10-24T09:12:27+00:00","og_image":[{"width":1417,"height":945,"url":"https:\/\/kirkensbymisjon.no\/content\/uploads\/sites\/158\/2024\/09\/tilbud_heggeli_ungd_04.jpg","type":"image\/jpeg"}],"twitter_card":"summary_large_image","twitter_misc":{"Ansl. lesetid":"1 minutt"},"schema":{"@context":"https:\/\/schema.org","@graph":[{"@type":"WebPage","@id":"https:\/\/kirkensbymisjon.no\/tilbud-heggeli-ungdomshjem\/","url":"https:\/\/kirkensbymisjon.no\/tilbud-heggeli-ungdomshjem\/","name":"Kirkens Bymisjon - Heggeli ungdomshjem","isPartOf":{"@id":"https:\/\/kirkensbymisjon.no\/tilbud-heggeli-ungdomshjem\/#website"},"primaryImageOfPage":{"@id":"https:\/\/kirkensbymisjon.no\/tilbud-heggeli-ungdomshjem\/#primaryimage"},"image":{"@id":"https:\/\/kirkensbymisjon.no\/tilbud-heggeli-ungdomshjem\/#primaryimage"},"thumbnailUrl":"https:\/\/kirkensbymisjon.no\/content\/uploads\/sites\/158\/2024\/09\/tilbud_heggeli_ungd_04-1024x683.jpg","datePublished":"2024-09-17T15:36:33+00:00","dateModified":"2024-10-24T09:12:27+00:00","description":"Et helhetlig omsorgs- og oppvekstmilj\u00f8 for ungdommer mellom 12\u201318 \u00e5r, p\u00e5 Sk\u00f8yen i Oslo.","breadcrumb":{"@id":"https:\/\/kirkensbymisjon.no\/tilbud-heggeli-ungdomshjem\/#breadcrumb"},"inLanguage":"nb-NO","potentialAction":[{"@type":"ReadAction","target":["https:\/\/kirkensbymisjon.no\/tilbud-heggeli-ungdomshjem\/"]}]},{"@type":"ImageObject","inLanguage":"nb-NO","@id":"https:\/\/kirkensbymisjon.no\/tilbud-heggeli-ungdomshjem\/#primaryimage","url":"https:\/\/kirkensbymisjon.no\/content\/uploads\/sites\/158\/2024\/09\/tilbud_heggeli_ungd_04-1024x683.jpg","contentUrl":"https:\/\/kirkensbymisjon.no\/content\/uploads\/sites\/158\/2024\/09\/tilbud_heggeli_ungd_04-1024x683.jpg"},{"@type":"BreadcrumbList","@id":"https:\/\/kirkensbymisjon.no\/tilbud-heggeli-ungdomshjem\/#breadcrumb","itemListElement":[{"@type":"ListItem","position":1,"name":"Hjem","item":"https:\/\/kirkensbymisjon.no\/tilbud-heggeli-ungdomshjem\/"},{"@type":"ListItem","position":2,"name":"Forside"}]},{"@type":"WebSite","@id":"https:\/\/kirkensbymisjon.no\/tilbud-heggeli-ungdomshjem\/#website","url":"https:\/\/kirkensbymisjon.no\/tilbud-heggeli-ungdomshjem\/","name":"Heggeli ungdomshjem","description":"","potentialAction":[{"@type":"SearchAction","target":{"@type":"EntryPoint","urlTemplate":"https:\/\/kirkensbymisjon.no\/tilbud-heggeli-ungdomshjem\/?s={search_term_string}"},"query-input":{"@type":"PropertyValueSpecification","valueRequired":true,"valueName":"search_term_string"}}],"inLanguage":"nb-NO"}]}},"_links":{"self":[{"href":"https:\/\/kirkensbymisjon.no\/tilbud-heggeli-ungdomshjem\/wp-json\/wp\/v2\/pages\/3","targetHints":{"allow":["GET"]}}],"collection":[{"href":"https:\/\/kirkensbymisjon.no\/tilbud-heggeli-ungdomshjem\/wp-json\/wp\/v2\/pages"}],"about":[{"href":"https:\/\/kirkensbymisjon.no\/tilbud-heggeli-ungdomshjem\/wp-json\/wp\/v2\/types\/page"}],"author":[{"embeddable":true,"href":"https:\/\/kirkensbymisjon.no\/tilbud-heggeli-ungdomshjem\/wp-json\/wp\/v2\/users\/5"}],"replies":[{"embeddable":true,"href":"https:\/\/kirkensbymisjon.no\/tilbud-heggeli-ungdomshjem\/wp-json\/wp\/v2\/comments?post=3"}],"version-history":[{"count":5,"href":"https:\/\/kirkensbymisjon.no\/tilbud-heggeli-ungdomshjem\/wp-json\/wp\/v2\/pages\/3\/revisions"}],"predecessor-version":[{"id":45,"href":"https:\/\/kirkensbymisjon.no\/tilbud-heggeli-ungdomshjem\/wp-json\/wp\/v2\/pages\/3\/revisions\/45"}],"wp:attachment":[{"href":"https:\/\/kirkensbymisjon.no\/tilbud-heggeli-ungdomshjem\/wp-json\/wp\/v2\/media?parent=3"}],"curies":[{"name":"wp","href":"https:\/\/api.w.org\/{rel}","templated":true}]}}