{"id":2,"date":"2024-06-17T16:00:42","date_gmt":"2024-06-17T14:00:42","guid":{"rendered":"https:\/\/kirkensbymisjon.no\/tilbud-helsesenteret-for-papirlose-migranter\/?page_id=2"},"modified":"2025-11-28T11:10:40","modified_gmt":"2025-11-28T10:10:40","slug":"forside","status":"publish","type":"page","link":"https:\/\/kirkensbymisjon.no\/tilbud-helsesenteret-for-papirlose-migranter\/","title":{"rendered":"Forside"},"content":{"rendered":"\n<div class=\"wp-block-media-text alignwide is-stacked-on-mobile is-style-filled\"><figure class=\"wp-block-media-text__media\"><img loading=\"lazy\" decoding=\"async\" width=\"1024\" height=\"683\" src=\"https:\/\/kirkensbymisjon.no\/content\/uploads\/sites\/28\/2024\/08\/tilbud_helsesenteret_04-1024x683.jpg\" alt=\"Fra lokalene til helsesenteret\" class=\"wp-image-18 size-full\" srcset=\"https:\/\/kirkensbymisjon.no\/content\/uploads\/sites\/28\/2024\/08\/tilbud_helsesenteret_04-1024x683.jpg 1024w, https:\/\/kirkensbymisjon.no\/content\/uploads\/sites\/28\/2024\/08\/tilbud_helsesenteret_04-300x200.jpg 300w, https:\/\/kirkensbymisjon.no\/content\/uploads\/sites\/28\/2024\/08\/tilbud_helsesenteret_04-768x512.jpg 768w, https:\/\/kirkensbymisjon.no\/content\/uploads\/sites\/28\/2024\/08\/tilbud_helsesenteret_04-1536x1024.jpg 1536w, https:\/\/kirkensbymisjon.no\/content\/uploads\/sites\/28\/2024\/08\/tilbud_helsesenteret_04.jpg 1600w\" sizes=\"auto, (max-width: 1024px) 100vw, 1024px\" \/><\/figure><div class=\"wp-block-media-text__content\">\n<h2 class=\"wp-block-heading\" id=\"h-helsehjelp-er-en-menneskerett\">Helsehjelp er en menneskerett<\/h2>\n\n\n\n<p>Vi \u00f8nsker \u00e5 bidra fordi vi mener tilgang til grunnleggende helsehjelp er en menneskerettighet for alle. <br> <br><em>V\u00e5r visjon er at papirl\u00f8se migranter skal f\u00e5 den helsehjelpen de n\u00e5 f\u00e5r hos oss, av kommune- og spesialisthelsetjenesten der de oppholder seg i Norge.<\/em> <em><a href=\"https:\/\/kirkensbymisjon.no\/tilbud-helsesenteret-for-papirlose-migranter\/#kurs\">Les mer om v\u00e5rt e-l\u00e6ringskurs &laquo;Helsehjelp til papirl\u00f8se migranter&raquo;.<\/a><\/em><br> <br>For uavhengig av sin juridiske status og i kraft av \u00e5 v\u00e6re menneske, trenger alle som har en sykdom kvalifisert hjelp. Vi tror at det \u00e5 f\u00e5 hjelp til \u00e5 bli frisk ogs\u00e5 gir mulighet til \u00e5 bruke sine ressurser og \u00e5 ta gode valg.<\/p>\n<\/div><\/div>\n\n\n\t<div class=\"alignwide wp-block-kbm-link-list\">\n\t\t<div class=\"kbm-link-list__items\">\n\t\t\t\n<div class=\"wp-block-kbm-link-list-item\">\t<svg xmlns=\"http:\/\/www.w3.org\/2000\/svg\" viewBox=\"0 0 48 48\" height=\"24\" width=\"24\" class=\"t2-icon t2-icon-treatmenthealthcare\" aria-hidden=\"true\" focusable=\"false\"><path d=\"M17.536 4.134c-.558.275-.532-.02-.576 6.48l-.04 5.853-.194.207a1.242 1.242 0 0 1-.48.286c-.177.049-2.434.079-5.91.08-6.211 0-5.954-.021-6.205.509C4.013 17.796 4 18.45 4 24s.013 6.204.131 6.451c.271.572-.033.544 6.487.589l5.858.04.222.222.222.222.04 5.858c.045 6.52.017 6.216.589 6.487.247.118.901.131 6.451.131s6.204-.013 6.451-.131c.572-.271.544.033.589-6.487l.04-5.858.222-.222.222-.222 5.858-.04c6.52-.045 6.216-.017 6.487-.589.118-.247.131-.901.131-6.451s-.013-6.204-.131-6.451c-.251-.53.006-.509-6.205-.509-3.476-.001-5.733-.031-5.91-.08a1.242 1.242 0 0 1-.48-.286l-.194-.207-.04-5.853c-.045-6.516-.017-6.212-.589-6.483-.247-.118-.899-.131-6.463-.129-5.552.001-6.215.015-6.452.132\"\/><\/svg>\t<div class=\"kbm-link-list-item__content\">\n\t\t<p class=\"kbm-link-list-item__title\">Gratis helsehjelp<\/p>\n\t\t\t\t\t<p class=\"kbm-link-list-item__description\">Du kan komme med alle helsemessige plager og sp\u00f8rsm\u00e5l, uavhengig av din juridiske status, og s\u00e5 lenge du er i Norge.<\/p>\n\t\t\t<\/div>\n\t<\/div>\n\n<a class=\"wp-block-kbm-link-list-item\" href=\"https:\/\/kirkensbymisjon.no\/tilbud-helsesenteret-for-papirlose-migranter\/kontaktinformasjon\/\">\t<svg xmlns=\"http:\/\/www.w3.org\/2000\/svg\" viewBox=\"0 0 48 48\" height=\"24\" width=\"24\" class=\"t2-icon t2-icon-clock\" aria-hidden=\"true\" focusable=\"false\"><path d=\"M21.603 2.083C17.269 2.502 13.413 4.06 10 6.772 9.127 7.466 7.466 9.127 6.772 10 3.108 14.61 1.463 20.347 2.16 26.08c.977 8.028 6.423 14.877 14.021 17.631 4.222 1.531 9.045 1.674 13.417.399 7.555-2.203 13.457-8.65 14.968-16.35.531-2.704.527-5.929-.01-8.589-.755-3.734-2.599-7.356-5.145-10.106-3.583-3.869-7.96-6.167-13.091-6.872-1.052-.145-3.714-.207-4.717-.11m4.047 4.28c4.714.618 8.866 3.038 11.7 6.818 4.586 6.117 4.577 14.487-.023 20.657-2.711 3.636-6.811 6.071-11.407 6.773-1.247.191-3.548.191-4.8.001-5.049-.766-9.312-3.49-12.101-7.732-1.761-2.679-2.776-6.093-2.778-9.343a17.255 17.255 0 0 1 9.698-15.54c1.718-.84 3.801-1.465 5.547-1.664 1.045-.119 3.142-.104 4.164.03m-.363 1.825c-.416.141-.578.424-.647 1.132-.066.673-.194.917-.639 1.22-.191.13-.381.18-.681.18-.847 0-1.392-.664-1.398-1.706-.002-.351-.314-.729-.677-.82-.519-.13-2.885.547-4.343 1.244-3.296 1.574-5.748 3.992-7.347 7.242-.714 1.453-1.395 3.62-1.395 4.443 0 .594.425.957 1.119.957 1.143 0 1.833.99 1.362 1.955-.236.484-.613.702-1.31.759-.612.05-.937.198-1.099.5-.272.509.302 2.856 1.156 4.727 1.216 2.662 3.427 5.15 5.972 6.72.869.536 2.312 1.21 3.28 1.531 1.041.346 2.435.634 2.766.572.488-.091.754-.562.754-1.332 0-.581.136-.93.473-1.214.568-.477 1.285-.455 1.796.056.311.311.451.773.451 1.488 0 .433.027.517.23.72.338.339.565.363 1.521.165a15.612 15.612 0 0 0 11.162-9.154c.446-1.045.779-2.145.966-3.192.167-.933.123-1.258-.208-1.536-.203-.171-.324-.205-.737-.205-.693-.001-1.083-.131-1.426-.473-.449-.449-.506-1.081-.151-1.664.227-.372.693-.583 1.288-.583.831 0 1.276-.341 1.274-.976 0-.145-.073-.57-.161-.944C37.161 13.773 32.135 9.128 25.8 8.133a1.285 1.285 0 0 0-.513.055m-6.624 10.646c.141.062 1.301 1.11 2.577 2.328 1.276 1.218 2.403 2.247 2.505 2.286.102.04.308.072.457.072.315 0 .451-.106 1.781-1.381.496-.475.993-.9 1.105-.942.483-.184 1.053.002 1.284.418.056.102.104.343.105.535.003.329-.03.383-.541.88-1.445 1.409-3.194 3.036-3.351 3.118-.257.135-.755.111-.994-.049-.298-.198-6.14-5.769-6.234-5.944-.24-.449.015-1.103.516-1.321.32-.139.475-.139.79 0\"\/><\/svg>\t<div class=\"kbm-link-list-item__content\">\n\t\t<p class=\"kbm-link-list-item__title\">Drop-in<\/p>\n\t\t\t\t\t<p class=\"kbm-link-list-item__description\">Vi har \u00e5pent for drop-in hver uke i Oslo. Du kan ogs\u00e5 n\u00e5 oss p\u00e5 telefon om du trenger hjelp.<\/p>\n\t\t\t<\/div>\n\t<\/a>\n\n<div class=\"wp-block-kbm-link-list-item\">\t<svg xmlns=\"http:\/\/www.w3.org\/2000\/svg\" viewBox=\"0 0 48 48\" height=\"24\" width=\"24\" class=\"t2-icon t2-icon-substanceabuse\" aria-hidden=\"true\" focusable=\"false\"><path d=\"M12.56 9.154c-1.341.298-2.645 1.02-3.574 1.979C7.697 12.465 7.02 14.139 7.02 16c0 1.434.389 2.738 1.147 3.847 1.839 2.689 5.013 3.786 8.045 2.781 2.343-.777 4.141-2.82 4.672-5.308.157-.736.12-2.2-.074-2.939-.374-1.42-.887-2.311-1.927-3.341-.989-.98-2.132-1.604-3.441-1.88-.683-.143-2.248-.147-2.882-.006m19.96.013c-.635.139-1.595.533-2.262.927-.582.343-1.821 1.582-2.164 2.164-.801 1.355-1.097 2.524-1.03 4.056.053 1.203.179 1.707.694 2.766a6.659 6.659 0 0 0 3.162 3.162c1.198.583 1.617.675 3.08.675s1.882-.092 3.08-.675a6.878 6.878 0 0 0 2.325-1.823c.5-.602 1.152-1.869 1.369-2.659.108-.395.143-.818.143-1.76 0-1.463-.092-1.882-.675-3.08a6.878 6.878 0 0 0-1.823-2.325c-.59-.49-1.865-1.151-2.619-1.357-.694-.191-2.555-.231-3.28-.071M8.438 28.079c-2.389.351-4.344 1.951-5.133 4.201l-.225.64-.024 3.02-.025 3.02h17.586l.048-1.06c.071-1.592.431-2.97 1.156-4.42.413-.828 1.123-1.894 1.7-2.553.219-.251.399-.497.399-.548 0-.149-.879-.956-1.44-1.322a7.39 7.39 0 0 0-1.133-.577c-1.197-.462-1.483-.481-7.257-.47-2.888.005-5.431.037-5.652.069m24.251.006c-1.748.203-3.4.813-4.929 1.82-.842.555-2.146 1.809-2.743 2.638-1.226 1.702-1.977 3.887-1.977 5.747v.67h21.92v-.67c0-1.861-.751-4.045-1.978-5.748-.523-.727-1.755-1.947-2.502-2.478-2.187-1.554-5.092-2.292-7.791-1.979\"\/><\/svg>\t<div class=\"kbm-link-list-item__content\">\n\t\t<p class=\"kbm-link-list-item__title\">Taushetsplikt<\/p>\n\t\t\t\t\t<p class=\"kbm-link-list-item__description\">V\u00e5rt helsepersonell stiller opp frivillig, de har taushetsplikt og deler ikke informasjon med politi eller myndigheter.<\/p>\n\t\t\t<\/div>\n\t<\/div>\n\t\t<\/div>\n\t<\/div>\n\t\n\n<div class=\"t2-accordion wp-block-t2-accordion\" data-allow-multiple=\"1\" role=\"list\">\n<div class=\"t2-accordion-item wp-block-t2-accordion-item\" role=\"listitem\">\n\t\t\t<h2 class=\"t2-accordion-title\">\n\t\t\t\t<button type=\"button\" class=\"t2-accordion-trigger\" id=\"informasjon-p\u00e5-ulike-spr\u00e5k\" aria-controls=\"accordion-panel\" aria-expanded=\"false\">\n\t\t\t\t\tInformasjon p\u00e5 ulike spr\u00e5k\n\t\t\t\t\t<span class=\"t2-accordion-icon is-closed-icon\"><svg xmlns=\"http:\/\/www.w3.org\/2000\/svg\" viewBox=\"0 0 24 24\" height=\"24\" width=\"24\" class=\"t2-icon t2-icon-plus\" aria-hidden=\"true\" focusable=\"false\"><path d=\"M11.8 5.037a1.088 1.088 0 0 0-.722.566c-.075.148-.078.25-.078 2.772v2.619l-2.61.016c-1.867.012-2.652.03-2.756.064-.168.055-.438.301-.54.494-.049.092-.07.223-.07.432 0 .34.054.476.282.704.289.289.14.275 3.064.288l2.63.012v2.619c0 2.544.002 2.625.08 2.778.191.372.516.577.92.577s.729-.205.92-.577c.078-.153.08-.234.08-2.778v-2.619l2.63-.012c2.924-.013 2.775.001 3.064-.288.228-.228.282-.364.282-.704 0-.209-.021-.34-.07-.432-.102-.193-.372-.439-.54-.494-.104-.034-.889-.052-2.756-.064L13 10.994V8.375c0-2.522-.003-2.624-.078-2.772-.214-.418-.685-.656-1.122-.566\"\/><\/svg><\/span>\n\t\t\t\t\t<span class=\"t2-accordion-icon is-open-icon\"><svg xmlns=\"http:\/\/www.w3.org\/2000\/svg\" viewBox=\"0 0 24 24\" height=\"24\" width=\"24\" class=\"t2-icon t2-icon-chevronup\" aria-hidden=\"true\" focusable=\"false\"><path d=\"M6.7 14.7c-.2-.2-.3-.4-.3-.7s.1-.5.3-.7l4.6-4.6c.1-.1.2-.2.3-.2.1 0 .2-.1.4-.1.1 0 .3 0 .4.1.1 0 .2.1.3.2l4.6 4.6c.2.2.3.4.3.7s-.1.5-.3.7c-.2.2-.4.3-.7.3s-.5-.1-.7-.3L12 10.8l-3.9 3.9c-.2.2-.4.3-.7.3s-.5-.1-.7-.3z\" fill=\"currentColor\" \/><\/svg><\/span>\n\t\t\t\t<\/button>\n\t\t\t<\/h2>\n\t\t\t<div class=\"t2-accordion-item__inner-container is-layout-flow\" id=\"accordion-panel\" aria-labelledby=\"informasjon-p\u00e5-ulike-spr\u00e5k\" role=\"region\" hidden>\n\t\t\t\t\n\n<p>Last ned informasjonsbrosjyre p\u00e5 <a href=\"https:\/\/kirkensbymisjon.no\/content\/uploads\/sites\/28\/2024\/11\/Folder_NO_English.pdf\">norsk<\/a> (PDF).<\/p>\n\n\n\n<p><a href=\"\/tilbud-helsesenteret-for-papirlose-migranter\/informasjonsbrosjyre\/\">Last ned informasjonsbrosjyre p\u00e5 f\u00f8lgende spr\u00e5k<\/a> (PDF): <br>amharisk, arabisk, engelsk, farsi, fransk, kurdisk-sorani, oromo, polsk, rumensk, russisk, spansk, thai, tirginja, tyrkisk, urdu og vietnamesisk.<\/p>\n\n\n\t\t\t<\/div>\n\t\t<\/div>\n\n<div class=\"t2-accordion-item wp-block-t2-accordion-item\" role=\"listitem\">\n\t\t\t<h2 class=\"t2-accordion-title\">\n\t\t\t\t<button type=\"button\" class=\"t2-accordion-trigger\" id=\"personvernerkl\u00e6ring\" aria-controls=\"accordion-panel-1\" aria-expanded=\"false\">\n\t\t\t\t\tPersonvernerkl\u00e6ring\n\t\t\t\t\t<span class=\"t2-accordion-icon is-closed-icon\"><svg xmlns=\"http:\/\/www.w3.org\/2000\/svg\" viewBox=\"0 0 24 24\" height=\"24\" width=\"24\" class=\"t2-icon t2-icon-plus\" aria-hidden=\"true\" focusable=\"false\"><path d=\"M11.8 5.037a1.088 1.088 0 0 0-.722.566c-.075.148-.078.25-.078 2.772v2.619l-2.61.016c-1.867.012-2.652.03-2.756.064-.168.055-.438.301-.54.494-.049.092-.07.223-.07.432 0 .34.054.476.282.704.289.289.14.275 3.064.288l2.63.012v2.619c0 2.544.002 2.625.08 2.778.191.372.516.577.92.577s.729-.205.92-.577c.078-.153.08-.234.08-2.778v-2.619l2.63-.012c2.924-.013 2.775.001 3.064-.288.228-.228.282-.364.282-.704 0-.209-.021-.34-.07-.432-.102-.193-.372-.439-.54-.494-.104-.034-.889-.052-2.756-.064L13 10.994V8.375c0-2.522-.003-2.624-.078-2.772-.214-.418-.685-.656-1.122-.566\"\/><\/svg><\/span>\n\t\t\t\t\t<span class=\"t2-accordion-icon is-open-icon\"><svg xmlns=\"http:\/\/www.w3.org\/2000\/svg\" viewBox=\"0 0 24 24\" height=\"24\" width=\"24\" class=\"t2-icon t2-icon-chevronup\" aria-hidden=\"true\" focusable=\"false\"><path d=\"M6.7 14.7c-.2-.2-.3-.4-.3-.7s.1-.5.3-.7l4.6-4.6c.1-.1.2-.2.3-.2.1 0 .2-.1.4-.1.1 0 .3 0 .4.1.1 0 .2.1.3.2l4.6 4.6c.2.2.3.4.3.7s-.1.5-.3.7c-.2.2-.4.3-.7.3s-.5-.1-.7-.3L12 10.8l-3.9 3.9c-.2.2-.4.3-.7.3s-.5-.1-.7-.3z\" fill=\"currentColor\" \/><\/svg><\/span>\n\t\t\t\t<\/button>\n\t\t\t<\/h2>\n\t\t\t<div class=\"t2-accordion-item__inner-container is-layout-flow\" id=\"accordion-panel-1\" aria-labelledby=\"personvernerkl\u00e6ring\" role=\"region\" hidden>\n\t\t\t\t\n\n<p><a href=\"https:\/\/kirkensbymisjon.no\/content\/uploads\/sites\/28\/2025\/01\/Personvernerklaering-for-Helsesenteret-for-papirlose-migranter.pdf\">Her<\/a> kan du laste ned v\u00e5r personvernerkl\u00e6ring.<\/p>\n\n\n\t\t\t<\/div>\n\t\t<\/div>\n<\/div>\n\n\t<div class=\"wp-block-kbm-video\">\n\t\t\n\n<figure class=\"wp-block-embed is-type-video is-provider-vimeo wp-block-embed-vimeo wp-embed-aspect-16-9 wp-has-aspect-ratio\"><div class=\"wp-block-embed__wrapper\">\n<iframe loading=\"lazy\" title=\"Helsesenteret for papirl\u00f8se migranter, Kirkens Bymisjon i Bergen\" src=\"https:\/\/player.vimeo.com\/video\/764112739?dnt=1&amp;app_id=122963\" width=\"500\" height=\"281\" frameborder=\"0\" allow=\"autoplay; fullscreen; picture-in-picture; clipboard-write; encrypted-media; web-share\" referrerpolicy=\"strict-origin-when-cross-origin\"><\/iframe>\n<\/div><\/figure>\n\n\t\t<div class=\"kbm-video__content\" style=\"aspect-ratio: 16\/9\">\n\t\t\t<div class=\"kbm-video__play\">\n\t\t\t\t<span class=\"screen-reader-text\">Spill video<\/span>\n\t\t\t\t<svg xmlns=\"http:\/\/www.w3.org\/2000\/svg\" viewBox=\"0 0 48 48\" height=\"24\" width=\"24\" class=\"t2-icon t2-icon-play\" aria-hidden=\"true\" focusable=\"false\"><rect width=\"48\" height=\"48\" rx=\"24\"\/><path fill=\"currentColor\" d=\"M29.888 23.1913c.5491.3993.5491 1.2181 0 1.6174l-8.2998 6.0363c-.661.4807-1.5882.0085-1.5882-.8088V17.9638c0-.8173.9272-1.2895 1.5882-.8088l8.2998 6.0363Z\"\/><\/svg>\t\t\t\t\t\t\t\t\t<p class=\"kbm-video__subtext\">Helsesenteret for papirl\u00f8se\u00a0migranter<\/p>\n\t\t\t\t\t\t\t<\/div>\n\t\t\t\t\t\t\t<h2 class=\"kbm-video__title\">Se hvordan helsesenteret jobber<\/h2>\n\t\t\t\t\t\t<img loading=\"lazy\" decoding=\"async\" width=\"1559\" height=\"877\" src=\"https:\/\/kirkensbymisjon.no\/content\/uploads\/sites\/28\/2024\/08\/tilbud_helsesenteret_film.jpg\" class=\"attachment-full size-full\" alt=\"Frivillig fra film i Bergen\" style=\"object-position: 50% 50%\" \/>\t\t<\/div>\n\t<\/div>\n\t\n\n\n<h2 class=\"wp-block-heading\" id=\"kurs\">E-l\u00e6ringskurs for helsepersonell<\/h2>\n\n\n\n<p>Kirkens Bymisjon ved Helsenteret\u202ffor papirl\u00f8se migranter i Oslo og Bergen, Norges R\u00f8de Kors, Lovisenberg Diakonale H\u00f8gskole\u202fog Senter for Migrasjonshelse i Bergen har utviklet e-l\u00e6ringskurset <strong><a href=\"https:\/\/www.kompetansebroen.no\/courses\/helsehjelp-til-papirlose-migranter?o=oslo\" target=\"_blank\" rel=\"noreferrer noopener\">Helsehjelp til papirl\u00f8se migranter<\/a><\/strong>.<\/p>\n\n\n\n<p>Kurset skal gi helsepersonell kunnskap og verkt\u00f8y til \u00e5 gi helsehjelp i tr\u00e5d med lovverket, og til \u00e5 forst\u00e5 handlingsrommet for \u00e5 gj\u00f8re egne helsefaglige vurderinger.&nbsp;&nbsp;<\/p>\n\n\n\n<ul class=\"wp-block-list\">\n<li>Helsepersonell f\u00f8lger \u00abSara\u00bb, en papirl\u00f8s migrant som er syk og opps\u00f8ker legevakten. Deretter f\u00f8lger vi henne gjennom konsultasjoner hos sykepleier, lege, psykolog og jordmor. Underveis presenteres informasjon tilpasset de ulike yrkesgruppene, &laquo;utfordringskort&raquo; med l\u00f8sningsforslag, samt korte filmer med tips fra helsepersonell.<em>\u202f&nbsp;<\/em><\/li>\n<\/ul>\n\n\n\n<p>M\u00e5let med kurset er \u00e5 st\u00f8tte helsepersonell i \u00e5 finne l\u00f8sninger p\u00e5 praktiske og administrative utfordringer som kan oppst\u00e5 n\u00e5r pasienten er en papirl\u00f8s migrant. Med dette kurset \u00f8nsker vi \u00e5 bidra til \u00e5 redusere helseulikheter og sikre at alle f\u00e5r den hjelpen de trenger.<em>\u202f&nbsp;<\/em><\/p>\n\n\n\n<p><strong>Kurset finner du p\u00e5 <a href=\"https:\/\/www.kompetansebroen.no\/courses\/helsehjelp-til-papirlose-migranter?o=oslo\" target=\"_blank\" rel=\"noreferrer noopener\">Kompetansebroen.no<\/a><\/strong>.<\/p>\n\n\n\n<p><em>*Vi anbefaler at dette kurset gj\u00f8res obligatorisk i kompetanseplanene.&nbsp;<\/em><\/p>\n\n\n\n<p>Ta gjerne kontakt dersom du \u00f8nsker \u00e5 utforske muligheter for samarbeid. Vi stiller mer enn gjerne opp med innlegg eller presentasjoner om innholdet i kurset.&nbsp;<\/p>\n","protected":false},"excerpt":{"rendered":"<p>Helsehjelp er en menneskerett Vi \u00f8nsker \u00e5 bidra fordi vi mener tilgang til grunnleggende helsehjelp&hellip;<\/p>\n","protected":false},"author":1,"featured_media":0,"parent":0,"menu_order":0,"comment_status":"closed","ping_status":"closed","template":"","meta":{"_relevanssi_hide_post":"","_relevanssi_hide_content":"","_relevanssi_pin_for_all":"","_relevanssi_pin_keywords":"","_relevanssi_unpin_keywords":"","_relevanssi_related_keywords":"","_relevanssi_related_include_ids":"","_relevanssi_related_exclude_ids":"","_relevanssi_related_no_append":"","_relevanssi_related_not_related":"","_relevanssi_related_posts":"1","_relevanssi_noindex_reason":"","editor_notices":[],"footnotes":""},"class_list":["post-2","page","type-page","status-publish","hentry"],"yoast_head":"<!-- This site is optimized with the Yoast SEO Premium plugin v27.2 (Yoast SEO v27.4) - https:\/\/yoast.com\/product\/yoast-seo-premium-wordpress\/ -->\n<title>Kirkens Bymisjon - Helsesenteret for papirl\u00f8se\u00a0migranter<\/title>\n<meta name=\"description\" content=\"Et prim\u00e6rhelsetilbud til mennesker uten oppholdstillatelse i Norge, som drives i samarbeid med R\u00f8de Kors.\" \/>\n<meta name=\"robots\" content=\"index, follow, max-snippet:-1, max-image-preview:large, max-video-preview:-1\" \/>\n<link rel=\"canonical\" href=\"https:\/\/kirkensbymisjon.no\/tilbud-helsesenteret-for-papirlose-migranter\/\" \/>\n<meta property=\"og:locale\" content=\"nb_NO\" \/>\n<meta property=\"og:type\" content=\"article\" \/>\n<meta property=\"og:title\" content=\"Forside\" \/>\n<meta property=\"og:description\" content=\"Et prim\u00e6rhelsetilbud til mennesker uten oppholdstillatelse i Norge, som drives i samarbeid med R\u00f8de Kors.\" \/>\n<meta property=\"og:url\" content=\"https:\/\/kirkensbymisjon.no\/tilbud-helsesenteret-for-papirlose-migranter\/\" \/>\n<meta property=\"og:site_name\" content=\"Helsesenteret for papirl\u00f8se\u00a0migranter\" \/>\n<meta property=\"article:modified_time\" content=\"2025-11-28T10:10:40+00:00\" \/>\n<meta property=\"og:image\" content=\"https:\/\/kirkensbymisjon.no\/content\/uploads\/sites\/28\/2024\/08\/tilbud_helsesenteret_04.jpg\" \/>\n\t<meta property=\"og:image:width\" content=\"1600\" \/>\n\t<meta property=\"og:image:height\" content=\"1067\" \/>\n\t<meta property=\"og:image:type\" content=\"image\/jpeg\" \/>\n<meta name=\"twitter:card\" content=\"summary_large_image\" \/>\n<meta name=\"twitter:label1\" content=\"Ansl. lesetid\" \/>\n\t<meta name=\"twitter:data1\" content=\"2 minutter\" \/>\n<script type=\"application\/ld+json\" class=\"yoast-schema-graph\">{\"@context\":\"https:\\\/\\\/schema.org\",\"@graph\":[{\"@type\":\"WebPage\",\"@id\":\"https:\\\/\\\/kirkensbymisjon.no\\\/tilbud-helsesenteret-for-papirlose-migranter\\\/\",\"url\":\"https:\\\/\\\/kirkensbymisjon.no\\\/tilbud-helsesenteret-for-papirlose-migranter\\\/\",\"name\":\"Kirkens Bymisjon - Helsesenteret for papirl\u00f8se\u00a0migranter\",\"isPartOf\":{\"@id\":\"https:\\\/\\\/kirkensbymisjon.no\\\/tilbud-helsesenteret-for-papirlose-migranter\\\/#website\"},\"primaryImageOfPage\":{\"@id\":\"https:\\\/\\\/kirkensbymisjon.no\\\/tilbud-helsesenteret-for-papirlose-migranter\\\/#primaryimage\"},\"image\":{\"@id\":\"https:\\\/\\\/kirkensbymisjon.no\\\/tilbud-helsesenteret-for-papirlose-migranter\\\/#primaryimage\"},\"thumbnailUrl\":\"https:\\\/\\\/kirkensbymisjon.no\\\/content\\\/uploads\\\/sites\\\/28\\\/2024\\\/08\\\/tilbud_helsesenteret_04-1024x683.jpg\",\"datePublished\":\"2024-06-17T14:00:42+00:00\",\"dateModified\":\"2025-11-28T10:10:40+00:00\",\"description\":\"Et prim\u00e6rhelsetilbud til mennesker uten oppholdstillatelse i Norge, som drives i samarbeid med R\u00f8de Kors.\",\"breadcrumb\":{\"@id\":\"https:\\\/\\\/kirkensbymisjon.no\\\/tilbud-helsesenteret-for-papirlose-migranter\\\/#breadcrumb\"},\"inLanguage\":\"nb-NO\",\"potentialAction\":[{\"@type\":\"ReadAction\",\"target\":[\"https:\\\/\\\/kirkensbymisjon.no\\\/tilbud-helsesenteret-for-papirlose-migranter\\\/\"]}]},{\"@type\":\"ImageObject\",\"inLanguage\":\"nb-NO\",\"@id\":\"https:\\\/\\\/kirkensbymisjon.no\\\/tilbud-helsesenteret-for-papirlose-migranter\\\/#primaryimage\",\"url\":\"https:\\\/\\\/kirkensbymisjon.no\\\/content\\\/uploads\\\/sites\\\/28\\\/2024\\\/08\\\/tilbud_helsesenteret_04-1024x683.jpg\",\"contentUrl\":\"https:\\\/\\\/kirkensbymisjon.no\\\/content\\\/uploads\\\/sites\\\/28\\\/2024\\\/08\\\/tilbud_helsesenteret_04-1024x683.jpg\"},{\"@type\":\"BreadcrumbList\",\"@id\":\"https:\\\/\\\/kirkensbymisjon.no\\\/tilbud-helsesenteret-for-papirlose-migranter\\\/#breadcrumb\",\"itemListElement\":[{\"@type\":\"ListItem\",\"position\":1,\"name\":\"Hjem\",\"item\":\"https:\\\/\\\/kirkensbymisjon.no\\\/tilbud-helsesenteret-for-papirlose-migranter\\\/\"},{\"@type\":\"ListItem\",\"position\":2,\"name\":\"Forside\"}]},{\"@type\":\"WebSite\",\"@id\":\"https:\\\/\\\/kirkensbymisjon.no\\\/tilbud-helsesenteret-for-papirlose-migranter\\\/#website\",\"url\":\"https:\\\/\\\/kirkensbymisjon.no\\\/tilbud-helsesenteret-for-papirlose-migranter\\\/\",\"name\":\"Helsesenteret for papirl\u00f8se\u00a0migranter\",\"description\":\"\",\"potentialAction\":[{\"@type\":\"SearchAction\",\"target\":{\"@type\":\"EntryPoint\",\"urlTemplate\":\"https:\\\/\\\/kirkensbymisjon.no\\\/tilbud-helsesenteret-for-papirlose-migranter\\\/?s={search_term_string}\"},\"query-input\":{\"@type\":\"PropertyValueSpecification\",\"valueRequired\":true,\"valueName\":\"search_term_string\"}}],\"inLanguage\":\"nb-NO\"}]}<\/script>\n<!-- \/ Yoast SEO Premium plugin. -->","yoast_head_json":{"title":"Kirkens Bymisjon - Helsesenteret for papirl\u00f8se\u00a0migranter","description":"Et prim\u00e6rhelsetilbud til mennesker uten oppholdstillatelse i Norge, som drives i samarbeid med R\u00f8de Kors.","robots":{"index":"index","follow":"follow","max-snippet":"max-snippet:-1","max-image-preview":"max-image-preview:large","max-video-preview":"max-video-preview:-1"},"canonical":"https:\/\/kirkensbymisjon.no\/tilbud-helsesenteret-for-papirlose-migranter\/","og_locale":"nb_NO","og_type":"article","og_title":"Forside","og_description":"Et prim\u00e6rhelsetilbud til mennesker uten oppholdstillatelse i Norge, som drives i samarbeid med R\u00f8de Kors.","og_url":"https:\/\/kirkensbymisjon.no\/tilbud-helsesenteret-for-papirlose-migranter\/","og_site_name":"Helsesenteret for papirl\u00f8se\u00a0migranter","article_modified_time":"2025-11-28T10:10:40+00:00","og_image":[{"width":1600,"height":1067,"url":"https:\/\/kirkensbymisjon.no\/content\/uploads\/sites\/28\/2024\/08\/tilbud_helsesenteret_04.jpg","type":"image\/jpeg"}],"twitter_card":"summary_large_image","twitter_misc":{"Ansl. lesetid":"2 minutter"},"schema":{"@context":"https:\/\/schema.org","@graph":[{"@type":"WebPage","@id":"https:\/\/kirkensbymisjon.no\/tilbud-helsesenteret-for-papirlose-migranter\/","url":"https:\/\/kirkensbymisjon.no\/tilbud-helsesenteret-for-papirlose-migranter\/","name":"Kirkens Bymisjon - Helsesenteret for papirl\u00f8se\u00a0migranter","isPartOf":{"@id":"https:\/\/kirkensbymisjon.no\/tilbud-helsesenteret-for-papirlose-migranter\/#website"},"primaryImageOfPage":{"@id":"https:\/\/kirkensbymisjon.no\/tilbud-helsesenteret-for-papirlose-migranter\/#primaryimage"},"image":{"@id":"https:\/\/kirkensbymisjon.no\/tilbud-helsesenteret-for-papirlose-migranter\/#primaryimage"},"thumbnailUrl":"https:\/\/kirkensbymisjon.no\/content\/uploads\/sites\/28\/2024\/08\/tilbud_helsesenteret_04-1024x683.jpg","datePublished":"2024-06-17T14:00:42+00:00","dateModified":"2025-11-28T10:10:40+00:00","description":"Et prim\u00e6rhelsetilbud til mennesker uten oppholdstillatelse i Norge, som drives i samarbeid med R\u00f8de Kors.","breadcrumb":{"@id":"https:\/\/kirkensbymisjon.no\/tilbud-helsesenteret-for-papirlose-migranter\/#breadcrumb"},"inLanguage":"nb-NO","potentialAction":[{"@type":"ReadAction","target":["https:\/\/kirkensbymisjon.no\/tilbud-helsesenteret-for-papirlose-migranter\/"]}]},{"@type":"ImageObject","inLanguage":"nb-NO","@id":"https:\/\/kirkensbymisjon.no\/tilbud-helsesenteret-for-papirlose-migranter\/#primaryimage","url":"https:\/\/kirkensbymisjon.no\/content\/uploads\/sites\/28\/2024\/08\/tilbud_helsesenteret_04-1024x683.jpg","contentUrl":"https:\/\/kirkensbymisjon.no\/content\/uploads\/sites\/28\/2024\/08\/tilbud_helsesenteret_04-1024x683.jpg"},{"@type":"BreadcrumbList","@id":"https:\/\/kirkensbymisjon.no\/tilbud-helsesenteret-for-papirlose-migranter\/#breadcrumb","itemListElement":[{"@type":"ListItem","position":1,"name":"Hjem","item":"https:\/\/kirkensbymisjon.no\/tilbud-helsesenteret-for-papirlose-migranter\/"},{"@type":"ListItem","position":2,"name":"Forside"}]},{"@type":"WebSite","@id":"https:\/\/kirkensbymisjon.no\/tilbud-helsesenteret-for-papirlose-migranter\/#website","url":"https:\/\/kirkensbymisjon.no\/tilbud-helsesenteret-for-papirlose-migranter\/","name":"Helsesenteret for papirl\u00f8se\u00a0migranter","description":"","potentialAction":[{"@type":"SearchAction","target":{"@type":"EntryPoint","urlTemplate":"https:\/\/kirkensbymisjon.no\/tilbud-helsesenteret-for-papirlose-migranter\/?s={search_term_string}"},"query-input":{"@type":"PropertyValueSpecification","valueRequired":true,"valueName":"search_term_string"}}],"inLanguage":"nb-NO"}]}},"_links":{"self":[{"href":"https:\/\/kirkensbymisjon.no\/tilbud-helsesenteret-for-papirlose-migranter\/wp-json\/wp\/v2\/pages\/2","targetHints":{"allow":["GET"]}}],"collection":[{"href":"https:\/\/kirkensbymisjon.no\/tilbud-helsesenteret-for-papirlose-migranter\/wp-json\/wp\/v2\/pages"}],"about":[{"href":"https:\/\/kirkensbymisjon.no\/tilbud-helsesenteret-for-papirlose-migranter\/wp-json\/wp\/v2\/types\/page"}],"author":[{"embeddable":true,"href":"https:\/\/kirkensbymisjon.no\/tilbud-helsesenteret-for-papirlose-migranter\/wp-json\/wp\/v2\/users\/1"}],"replies":[{"embeddable":true,"href":"https:\/\/kirkensbymisjon.no\/tilbud-helsesenteret-for-papirlose-migranter\/wp-json\/wp\/v2\/comments?post=2"}],"version-history":[{"count":5,"href":"https:\/\/kirkensbymisjon.no\/tilbud-helsesenteret-for-papirlose-migranter\/wp-json\/wp\/v2\/pages\/2\/revisions"}],"predecessor-version":[{"id":299,"href":"https:\/\/kirkensbymisjon.no\/tilbud-helsesenteret-for-papirlose-migranter\/wp-json\/wp\/v2\/pages\/2\/revisions\/299"}],"wp:attachment":[{"href":"https:\/\/kirkensbymisjon.no\/tilbud-helsesenteret-for-papirlose-migranter\/wp-json\/wp\/v2\/media?parent=2"}],"curies":[{"name":"wp","href":"https:\/\/api.w.org\/{rel}","templated":true}]}}