{"id":243,"date":"2024-11-18T11:48:12","date_gmt":"2024-11-18T10:48:12","guid":{"rendered":"https:\/\/kirkensbymisjon.no\/tilbud-helsesenteret-for-papirlose-migranter\/?page_id=243"},"modified":"2024-11-18T12:17:53","modified_gmt":"2024-11-18T11:17:53","slug":"informasjonsbrosjyre","status":"publish","type":"page","link":"https:\/\/kirkensbymisjon.no\/tilbud-helsesenteret-for-papirlose-migranter\/informasjonsbrosjyre\/","title":{"rendered":"Informasjonsbrosjyre p\u00e5 ulike spr\u00e5k"},"content":{"rendered":"\n<h2 class=\"wp-block-heading\" id=\"h-informasjon-pa-ulike-sprak-information-in-various-languages\">Informasjon p\u00e5 ulike spr\u00e5k \/ <br>Information in various languages<\/h2>\n\n\n\n<div class=\"wp-block-group is-vertical is-content-justification-left is-nowrap is-layout-flex wp-container-core-group-is-layout-2dea860b wp-block-group-is-layout-flex\">\t<div class=\"wp-block-kbm-files\">\n\t\t<div class=\"kbm-files__items\">\n\t\t\t\n\t<a class=\"wp-block-kbm-file-item\" download=\"1\" href=\"https:\/\/kirkensbymisjon.no\/content\/uploads\/sites\/28\/2024\/11\/Folder_NO_Amharisk.pdf\">\n\t\t<div class=\"kbm-file-item__thumbnail\">\n\t\t\t<span class=\"kbm-file-item__icon\"><\/span>\n\t\t\t<div class=\"kbm-file-item__image\" style=\"background-position: 50% 50%;\"><\/div>\n\t\t<\/div>\n\t\t<p class=\"kbm-file-item__category\">PDF<\/p>\n\t\t<p class=\"kbm-file-item__title\">Amharisk \/ Amharic<\/p>\n\t<\/a>\n\t\n\n\t<a class=\"wp-block-kbm-file-item\" download=\"1\" href=\"https:\/\/kirkensbymisjon.no\/content\/uploads\/sites\/28\/2024\/11\/Folder_NO_Arabisk.pdf\">\n\t\t<div class=\"kbm-file-item__thumbnail\">\n\t\t\t<span class=\"kbm-file-item__icon\"><\/span>\n\t\t\t<div class=\"kbm-file-item__image\" style=\"background-position: 50% 50%;\"><\/div>\n\t\t<\/div>\n\t\t<p class=\"kbm-file-item__category\">PDF<\/p>\n\t\t<p class=\"kbm-file-item__title\">Arabisk \/ Arabic<\/p>\n\t<\/a>\n\t\n\n\t<a class=\"wp-block-kbm-file-item\" download=\"1\" href=\"https:\/\/kirkensbymisjon.no\/content\/uploads\/sites\/28\/2024\/11\/Folder_NO_English.pdf\">\n\t\t<div class=\"kbm-file-item__thumbnail\">\n\t\t\t<span class=\"kbm-file-item__icon\"><\/span>\n\t\t\t<div class=\"kbm-file-item__image\" style=\"background-position: 50% 50%;\"><\/div>\n\t\t<\/div>\n\t\t<p class=\"kbm-file-item__category\">PDF<\/p>\n\t\t<p class=\"kbm-file-item__title\">Engelsk \/ English<\/p>\n\t<\/a>\n\t\n\n\t<a class=\"wp-block-kbm-file-item\" download=\"1\" href=\"https:\/\/kirkensbymisjon.no\/content\/uploads\/sites\/28\/2024\/11\/Folder_NO_Farsi.pdf\">\n\t\t<div class=\"kbm-file-item__thumbnail\">\n\t\t\t<span class=\"kbm-file-item__icon\"><\/span>\n\t\t\t<div class=\"kbm-file-item__image\" style=\"background-position: 50% 50%;\"><\/div>\n\t\t<\/div>\n\t\t<p class=\"kbm-file-item__category\">PDF<\/p>\n\t\t<p class=\"kbm-file-item__title\">Farsi<\/p>\n\t<\/a>\n\t\n\n\t<a class=\"wp-block-kbm-file-item\" download=\"1\" href=\"https:\/\/kirkensbymisjon.no\/content\/uploads\/sites\/28\/2024\/11\/Folder_NO_Fransk.pdf\">\n\t\t<div class=\"kbm-file-item__thumbnail\">\n\t\t\t<span class=\"kbm-file-item__icon\"><\/span>\n\t\t\t<div class=\"kbm-file-item__image\" style=\"background-position: 50% 50%;\"><\/div>\n\t\t<\/div>\n\t\t<p class=\"kbm-file-item__category\">PDF<\/p>\n\t\t<p class=\"kbm-file-item__title\">Fransk \/ Frensh<\/p>\n\t<\/a>\n\t\n\n\t<a class=\"wp-block-kbm-file-item\" download=\"1\" href=\"https:\/\/kirkensbymisjon.no\/content\/uploads\/sites\/28\/2024\/11\/Folder_NO_Kurdisk-sorani.pdf\">\n\t\t<div class=\"kbm-file-item__thumbnail\">\n\t\t\t<span class=\"kbm-file-item__icon\"><\/span>\n\t\t\t<div class=\"kbm-file-item__image\" style=\"background-position: 50% 50%;\"><\/div>\n\t\t<\/div>\n\t\t<p class=\"kbm-file-item__category\">PDF<\/p>\n\t\t<p class=\"kbm-file-item__title\">Kurdisk-sorani \/ Kurdish-Sorani<\/p>\n\t<\/a>\n\t\n\n\t<a class=\"wp-block-kbm-file-item\" download=\"1\" href=\"https:\/\/kirkensbymisjon.no\/content\/uploads\/sites\/28\/2024\/11\/Folder_NO_English.pdf\">\n\t\t<div class=\"kbm-file-item__thumbnail\">\n\t\t\t<span class=\"kbm-file-item__icon\"><\/span>\n\t\t\t<div class=\"kbm-file-item__image\" style=\"background-position: 50% 50%;\"><\/div>\n\t\t<\/div>\n\t\t<p class=\"kbm-file-item__category\">PDF<\/p>\n\t\t<p class=\"kbm-file-item__title\">Norsk \/ Norwegian<\/p>\n\t<\/a>\n\t\n\n\t<a class=\"wp-block-kbm-file-item\" download=\"1\" href=\"https:\/\/kirkensbymisjon.no\/content\/uploads\/sites\/28\/2024\/11\/Folder_NO_Oromo.pdf\">\n\t\t<div class=\"kbm-file-item__thumbnail\">\n\t\t\t<span class=\"kbm-file-item__icon\"><\/span>\n\t\t\t<div class=\"kbm-file-item__image\" style=\"background-position: 50% 50%;\"><\/div>\n\t\t<\/div>\n\t\t<p class=\"kbm-file-item__category\">PDF<\/p>\n\t\t<p class=\"kbm-file-item__title\">Oromo<\/p>\n\t<\/a>\n\t\n\n\t<a class=\"wp-block-kbm-file-item\" download=\"1\" href=\"https:\/\/kirkensbymisjon.no\/content\/uploads\/sites\/28\/2024\/11\/Folder_NO_Polsk.pdf\">\n\t\t<div class=\"kbm-file-item__thumbnail\">\n\t\t\t<span class=\"kbm-file-item__icon\"><\/span>\n\t\t\t<div class=\"kbm-file-item__image\" style=\"background-position: 50% 50%;\"><\/div>\n\t\t<\/div>\n\t\t<p class=\"kbm-file-item__category\">PDF<\/p>\n\t\t<p class=\"kbm-file-item__title\">Polsk \/ Polish<\/p>\n\t<\/a>\n\t\n\n\t<a class=\"wp-block-kbm-file-item\" download=\"1\" href=\"https:\/\/kirkensbymisjon.no\/content\/uploads\/sites\/28\/2024\/11\/Folder_NO_Rumensk.pdf\">\n\t\t<div class=\"kbm-file-item__thumbnail\">\n\t\t\t<span class=\"kbm-file-item__icon\"><\/span>\n\t\t\t<div class=\"kbm-file-item__image\" style=\"background-position: 50% 50%;\"><\/div>\n\t\t<\/div>\n\t\t<p class=\"kbm-file-item__category\">PDF<\/p>\n\t\t<p class=\"kbm-file-item__title\">Rumensk \/ Romanian<\/p>\n\t<\/a>\n\t\n\n\t<a class=\"wp-block-kbm-file-item\" download=\"1\" href=\"https:\/\/kirkensbymisjon.no\/content\/uploads\/sites\/28\/2024\/11\/Folder_NO_Russisk.pdf\">\n\t\t<div class=\"kbm-file-item__thumbnail\">\n\t\t\t<span class=\"kbm-file-item__icon\"><\/span>\n\t\t\t<div class=\"kbm-file-item__image\" style=\"background-position: 50% 50%;\"><\/div>\n\t\t<\/div>\n\t\t<p class=\"kbm-file-item__category\">PDF<\/p>\n\t\t<p class=\"kbm-file-item__title\">Russisk \/ Russian<\/p>\n\t<\/a>\n\t\n\n\t<a class=\"wp-block-kbm-file-item\" download=\"1\" href=\"https:\/\/kirkensbymisjon.no\/content\/uploads\/sites\/28\/2024\/11\/Folder_NO_Spansk.pdf\">\n\t\t<div class=\"kbm-file-item__thumbnail\">\n\t\t\t<span class=\"kbm-file-item__icon\"><\/span>\n\t\t\t<div class=\"kbm-file-item__image\" style=\"background-position: 50% 50%;\"><\/div>\n\t\t<\/div>\n\t\t<p class=\"kbm-file-item__category\">PDF<\/p>\n\t\t<p class=\"kbm-file-item__title\">Spansk \/ Spanish<\/p>\n\t<\/a>\n\t\n\n\t<a class=\"wp-block-kbm-file-item\" download=\"1\" href=\"https:\/\/kirkensbymisjon.no\/content\/uploads\/sites\/28\/2024\/11\/Folder_NO_Thai.pdf\">\n\t\t<div class=\"kbm-file-item__thumbnail\">\n\t\t\t<span class=\"kbm-file-item__icon\"><\/span>\n\t\t\t<div class=\"kbm-file-item__image\" style=\"background-position: 50% 50%;\"><\/div>\n\t\t<\/div>\n\t\t<p class=\"kbm-file-item__category\">PDF<\/p>\n\t\t<p class=\"kbm-file-item__title\">Thai<\/p>\n\t<\/a>\n\t\n\n\t<a class=\"wp-block-kbm-file-item\" download=\"1\" href=\"https:\/\/kirkensbymisjon.no\/content\/uploads\/sites\/28\/2024\/11\/Folder_NO_Tirginja.pdf\">\n\t\t<div class=\"kbm-file-item__thumbnail\">\n\t\t\t<span class=\"kbm-file-item__icon\"><\/span>\n\t\t\t<div class=\"kbm-file-item__image\" style=\"background-position: 50% 50%;\"><\/div>\n\t\t<\/div>\n\t\t<p class=\"kbm-file-item__category\">PDF<\/p>\n\t\t<p class=\"kbm-file-item__title\">Tirginja \/ Tigrinya<\/p>\n\t<\/a>\n\t\n\n\t<a class=\"wp-block-kbm-file-item\" download=\"1\" href=\"https:\/\/kirkensbymisjon.no\/content\/uploads\/sites\/28\/2024\/11\/Folder_NO_Tyrkisk.pdf\">\n\t\t<div class=\"kbm-file-item__thumbnail\">\n\t\t\t<span class=\"kbm-file-item__icon\"><\/span>\n\t\t\t<div class=\"kbm-file-item__image\" style=\"background-position: 50% 50%;\"><\/div>\n\t\t<\/div>\n\t\t<p class=\"kbm-file-item__category\">PDF<\/p>\n\t\t<p class=\"kbm-file-item__title\">Tyrkisk \/ Turkish<\/p>\n\t<\/a>\n\t\n\n\t<a class=\"wp-block-kbm-file-item\" download=\"1\" href=\"https:\/\/kirkensbymisjon.no\/content\/uploads\/sites\/28\/2024\/11\/Folder_NO_Urdu.pdf\">\n\t\t<div class=\"kbm-file-item__thumbnail\">\n\t\t\t<span class=\"kbm-file-item__icon\"><\/span>\n\t\t\t<div class=\"kbm-file-item__image\" style=\"background-position: 50% 50%;\"><\/div>\n\t\t<\/div>\n\t\t<p class=\"kbm-file-item__category\">PDF<\/p>\n\t\t<p class=\"kbm-file-item__title\">Urdu<\/p>\n\t<\/a>\n\t\n\n\t<a class=\"wp-block-kbm-file-item\" download=\"1\" href=\"https:\/\/kirkensbymisjon.no\/content\/uploads\/sites\/28\/2024\/11\/Folder_NO_Vietnamesisk.pdf\">\n\t\t<div class=\"kbm-file-item__thumbnail\">\n\t\t\t<span class=\"kbm-file-item__icon\"><\/span>\n\t\t\t<div class=\"kbm-file-item__image\" style=\"background-position: 50% 50%;\"><\/div>\n\t\t<\/div>\n\t\t<p class=\"kbm-file-item__category\">PDF<\/p>\n\t\t<p class=\"kbm-file-item__title\">Vietnamesisk \/ Vietnamese<\/p>\n\t<\/a>\n\t\n\t\t<\/div>\n\t<\/div>\n\t<\/div>\n","protected":false},"excerpt":{"rendered":"<p>Informasjon p\u00e5 ulike spr\u00e5k \/ Information in various languages<\/p>\n","protected":false},"author":5,"featured_media":0,"parent":0,"menu_order":0,"comment_status":"closed","ping_status":"closed","template":"","meta":{"_relevanssi_hide_post":"","_relevanssi_hide_content":"","_relevanssi_pin_for_all":"","_relevanssi_pin_keywords":"","_relevanssi_unpin_keywords":"","_relevanssi_related_keywords":"","_relevanssi_related_include_ids":"","_relevanssi_related_exclude_ids":"","_relevanssi_related_no_append":"","_relevanssi_related_not_related":"","_relevanssi_related_posts":"1","_relevanssi_noindex_reason":"","editor_notices":[],"footnotes":""},"class_list":["post-243","page","type-page","status-publish","hentry"],"yoast_head":"<!-- This site is optimized with the Yoast SEO Premium plugin v27.2 (Yoast SEO v27.4) - https:\/\/yoast.com\/product\/yoast-seo-premium-wordpress\/ -->\n<title>Informasjonsbrosjyre p\u00e5 ulike spr\u00e5k - Helsesenteret for papirl\u00f8se\u00a0migranter<\/title>\n<meta name=\"robots\" content=\"index, follow, max-snippet:-1, max-image-preview:large, max-video-preview:-1\" \/>\n<link rel=\"canonical\" href=\"https:\/\/kirkensbymisjon.no\/tilbud-helsesenteret-for-papirlose-migranter\/informasjonsbrosjyre\/\" \/>\n<meta property=\"og:locale\" content=\"nb_NO\" \/>\n<meta property=\"og:type\" content=\"article\" \/>\n<meta property=\"og:title\" content=\"Informasjonsbrosjyre p\u00e5 ulike spr\u00e5k\" \/>\n<meta property=\"og:description\" content=\"Informasjon p\u00e5 ulike spr\u00e5k \/ Information in various languages\" \/>\n<meta property=\"og:url\" content=\"https:\/\/kirkensbymisjon.no\/tilbud-helsesenteret-for-papirlose-migranter\/informasjonsbrosjyre\/\" \/>\n<meta property=\"og:site_name\" content=\"Helsesenteret for papirl\u00f8se\u00a0migranter\" \/>\n<meta property=\"article:modified_time\" content=\"2024-11-18T11:17:53+00:00\" \/>\n<meta name=\"twitter:card\" content=\"summary_large_image\" \/>\n<meta name=\"twitter:label1\" content=\"Ansl. lesetid\" \/>\n\t<meta name=\"twitter:data1\" content=\"1 minutt\" \/>\n<script type=\"application\/ld+json\" class=\"yoast-schema-graph\">{\"@context\":\"https:\\\/\\\/schema.org\",\"@graph\":[{\"@type\":\"WebPage\",\"@id\":\"https:\\\/\\\/kirkensbymisjon.no\\\/tilbud-helsesenteret-for-papirlose-migranter\\\/informasjonsbrosjyre\\\/\",\"url\":\"https:\\\/\\\/kirkensbymisjon.no\\\/tilbud-helsesenteret-for-papirlose-migranter\\\/informasjonsbrosjyre\\\/\",\"name\":\"Informasjonsbrosjyre p\u00e5 ulike spr\u00e5k - Helsesenteret for papirl\u00f8se\u00a0migranter\",\"isPartOf\":{\"@id\":\"https:\\\/\\\/kirkensbymisjon.no\\\/tilbud-helsesenteret-for-papirlose-migranter\\\/#website\"},\"datePublished\":\"2024-11-18T10:48:12+00:00\",\"dateModified\":\"2024-11-18T11:17:53+00:00\",\"breadcrumb\":{\"@id\":\"https:\\\/\\\/kirkensbymisjon.no\\\/tilbud-helsesenteret-for-papirlose-migranter\\\/informasjonsbrosjyre\\\/#breadcrumb\"},\"inLanguage\":\"nb-NO\",\"potentialAction\":[{\"@type\":\"ReadAction\",\"target\":[\"https:\\\/\\\/kirkensbymisjon.no\\\/tilbud-helsesenteret-for-papirlose-migranter\\\/informasjonsbrosjyre\\\/\"]}]},{\"@type\":\"BreadcrumbList\",\"@id\":\"https:\\\/\\\/kirkensbymisjon.no\\\/tilbud-helsesenteret-for-papirlose-migranter\\\/informasjonsbrosjyre\\\/#breadcrumb\",\"itemListElement\":[{\"@type\":\"ListItem\",\"position\":1,\"name\":\"Hjem\",\"item\":\"https:\\\/\\\/kirkensbymisjon.no\\\/tilbud-helsesenteret-for-papirlose-migranter\\\/\"},{\"@type\":\"ListItem\",\"position\":2,\"name\":\"Informasjonsbrosjyre p\u00e5 ulike spr\u00e5k\"}]},{\"@type\":\"WebSite\",\"@id\":\"https:\\\/\\\/kirkensbymisjon.no\\\/tilbud-helsesenteret-for-papirlose-migranter\\\/#website\",\"url\":\"https:\\\/\\\/kirkensbymisjon.no\\\/tilbud-helsesenteret-for-papirlose-migranter\\\/\",\"name\":\"Helsesenteret for papirl\u00f8se\u00a0migranter\",\"description\":\"\",\"potentialAction\":[{\"@type\":\"SearchAction\",\"target\":{\"@type\":\"EntryPoint\",\"urlTemplate\":\"https:\\\/\\\/kirkensbymisjon.no\\\/tilbud-helsesenteret-for-papirlose-migranter\\\/?s={search_term_string}\"},\"query-input\":{\"@type\":\"PropertyValueSpecification\",\"valueRequired\":true,\"valueName\":\"search_term_string\"}}],\"inLanguage\":\"nb-NO\"}]}<\/script>\n<!-- \/ Yoast SEO Premium plugin. -->","yoast_head_json":{"title":"Informasjonsbrosjyre p\u00e5 ulike spr\u00e5k - Helsesenteret for papirl\u00f8se\u00a0migranter","robots":{"index":"index","follow":"follow","max-snippet":"max-snippet:-1","max-image-preview":"max-image-preview:large","max-video-preview":"max-video-preview:-1"},"canonical":"https:\/\/kirkensbymisjon.no\/tilbud-helsesenteret-for-papirlose-migranter\/informasjonsbrosjyre\/","og_locale":"nb_NO","og_type":"article","og_title":"Informasjonsbrosjyre p\u00e5 ulike spr\u00e5k","og_description":"Informasjon p\u00e5 ulike spr\u00e5k \/ Information in various languages","og_url":"https:\/\/kirkensbymisjon.no\/tilbud-helsesenteret-for-papirlose-migranter\/informasjonsbrosjyre\/","og_site_name":"Helsesenteret for papirl\u00f8se\u00a0migranter","article_modified_time":"2024-11-18T11:17:53+00:00","twitter_card":"summary_large_image","twitter_misc":{"Ansl. lesetid":"1 minutt"},"schema":{"@context":"https:\/\/schema.org","@graph":[{"@type":"WebPage","@id":"https:\/\/kirkensbymisjon.no\/tilbud-helsesenteret-for-papirlose-migranter\/informasjonsbrosjyre\/","url":"https:\/\/kirkensbymisjon.no\/tilbud-helsesenteret-for-papirlose-migranter\/informasjonsbrosjyre\/","name":"Informasjonsbrosjyre p\u00e5 ulike spr\u00e5k - Helsesenteret for papirl\u00f8se\u00a0migranter","isPartOf":{"@id":"https:\/\/kirkensbymisjon.no\/tilbud-helsesenteret-for-papirlose-migranter\/#website"},"datePublished":"2024-11-18T10:48:12+00:00","dateModified":"2024-11-18T11:17:53+00:00","breadcrumb":{"@id":"https:\/\/kirkensbymisjon.no\/tilbud-helsesenteret-for-papirlose-migranter\/informasjonsbrosjyre\/#breadcrumb"},"inLanguage":"nb-NO","potentialAction":[{"@type":"ReadAction","target":["https:\/\/kirkensbymisjon.no\/tilbud-helsesenteret-for-papirlose-migranter\/informasjonsbrosjyre\/"]}]},{"@type":"BreadcrumbList","@id":"https:\/\/kirkensbymisjon.no\/tilbud-helsesenteret-for-papirlose-migranter\/informasjonsbrosjyre\/#breadcrumb","itemListElement":[{"@type":"ListItem","position":1,"name":"Hjem","item":"https:\/\/kirkensbymisjon.no\/tilbud-helsesenteret-for-papirlose-migranter\/"},{"@type":"ListItem","position":2,"name":"Informasjonsbrosjyre p\u00e5 ulike spr\u00e5k"}]},{"@type":"WebSite","@id":"https:\/\/kirkensbymisjon.no\/tilbud-helsesenteret-for-papirlose-migranter\/#website","url":"https:\/\/kirkensbymisjon.no\/tilbud-helsesenteret-for-papirlose-migranter\/","name":"Helsesenteret for papirl\u00f8se\u00a0migranter","description":"","potentialAction":[{"@type":"SearchAction","target":{"@type":"EntryPoint","urlTemplate":"https:\/\/kirkensbymisjon.no\/tilbud-helsesenteret-for-papirlose-migranter\/?s={search_term_string}"},"query-input":{"@type":"PropertyValueSpecification","valueRequired":true,"valueName":"search_term_string"}}],"inLanguage":"nb-NO"}]}},"_links":{"self":[{"href":"https:\/\/kirkensbymisjon.no\/tilbud-helsesenteret-for-papirlose-migranter\/wp-json\/wp\/v2\/pages\/243","targetHints":{"allow":["GET"]}}],"collection":[{"href":"https:\/\/kirkensbymisjon.no\/tilbud-helsesenteret-for-papirlose-migranter\/wp-json\/wp\/v2\/pages"}],"about":[{"href":"https:\/\/kirkensbymisjon.no\/tilbud-helsesenteret-for-papirlose-migranter\/wp-json\/wp\/v2\/types\/page"}],"author":[{"embeddable":true,"href":"https:\/\/kirkensbymisjon.no\/tilbud-helsesenteret-for-papirlose-migranter\/wp-json\/wp\/v2\/users\/5"}],"replies":[{"embeddable":true,"href":"https:\/\/kirkensbymisjon.no\/tilbud-helsesenteret-for-papirlose-migranter\/wp-json\/wp\/v2\/comments?post=243"}],"version-history":[{"count":4,"href":"https:\/\/kirkensbymisjon.no\/tilbud-helsesenteret-for-papirlose-migranter\/wp-json\/wp\/v2\/pages\/243\/revisions"}],"predecessor-version":[{"id":268,"href":"https:\/\/kirkensbymisjon.no\/tilbud-helsesenteret-for-papirlose-migranter\/wp-json\/wp\/v2\/pages\/243\/revisions\/268"}],"wp:attachment":[{"href":"https:\/\/kirkensbymisjon.no\/tilbud-helsesenteret-for-papirlose-migranter\/wp-json\/wp\/v2\/media?parent=243"}],"curies":[{"name":"wp","href":"https:\/\/api.w.org\/{rel}","templated":true}]}}