{"id":40,"date":"2024-08-19T19:20:38","date_gmt":"2024-08-19T17:20:38","guid":{"rendered":"https:\/\/kirkensbymisjon.no\/tilbud-helsesenteret-for-papirlose-migranter\/?page_id=40"},"modified":"2024-11-21T13:53:44","modified_gmt":"2024-11-21T12:53:44","slug":"om-helsesenteret","status":"publish","type":"page","link":"https:\/\/kirkensbymisjon.no\/tilbud-helsesenteret-for-papirlose-migranter\/om-helsesenteret\/","title":{"rendered":"Om helsesenteret"},"content":{"rendered":"\n<p>Helsesenteret har stor tverrfaglig kompetanse og mange frivillige med erfaring fra \u00e5 gi helsehjelp i inn- og utland. Vi gir informasjon om rettigheter og tilgang til helsetjenester til mennesker uten oppholdstillatelse i Norge. Vi har helsesenter for papirl\u00f8se migranter i b\u00e5de <a href=\"\/tilbud-helsesenteret-for-papirlose-migranter\/om-helsesenteret\/bergen\">Bergen<\/a> og <a href=\"\/tilbud-helsesenteret-for-papirlose-migranter\/om-helsesenteret\/oslo\">Oslo<\/a>.<\/p>\n\n\n\t<div class=\"alignfull wp-block-kbm-gallery\" data-scroll=\"1\">\n\t\t<div class=\"kbm-gallery__scroll\">\n\t\t\t<div class=\"kbm-gallery__wrapper\">\n\t\t\t\t\n\n<figure class=\"wp-block-gallery has-nested-images columns-default is-cropped wp-block-gallery-1 is-layout-flex wp-block-gallery-is-layout-flex\">\n<figure class=\"wp-block-image size-large\"><img loading=\"lazy\" decoding=\"async\" width=\"1000\" height=\"500\" data-id=\"19\" src=\"https:\/\/kirkensbymisjon.no\/content\/uploads\/sites\/28\/2024\/08\/tilbud_helsesenteret_03.jpg\" alt=\"Frivillig ved Helsesenteret for papirl\u00f8se migranter.\" class=\"wp-image-19\" srcset=\"https:\/\/kirkensbymisjon.no\/content\/uploads\/sites\/28\/2024\/08\/tilbud_helsesenteret_03.jpg 1000w, https:\/\/kirkensbymisjon.no\/content\/uploads\/sites\/28\/2024\/08\/tilbud_helsesenteret_03-300x150.jpg 300w, https:\/\/kirkensbymisjon.no\/content\/uploads\/sites\/28\/2024\/08\/tilbud_helsesenteret_03-768x384.jpg 768w\" sizes=\"auto, (max-width: 1000px) 100vw, 1000px\" \/><\/figure>\n\n\n\n<figure class=\"wp-block-image size-full\"><img loading=\"lazy\" decoding=\"async\" width=\"372\" height=\"448\" data-id=\"12\" src=\"https:\/\/kirkensbymisjon.no\/content\/uploads\/sites\/28\/2024\/08\/tilbud_helsesenteret_10.jpg\" alt=\"Pasient p\u00e5 helsesenteret\" class=\"wp-image-12\" srcset=\"https:\/\/kirkensbymisjon.no\/content\/uploads\/sites\/28\/2024\/08\/tilbud_helsesenteret_10.jpg 372w, https:\/\/kirkensbymisjon.no\/content\/uploads\/sites\/28\/2024\/08\/tilbud_helsesenteret_10-249x300.jpg 249w\" sizes=\"auto, (max-width: 372px) 100vw, 372px\" \/><\/figure>\n\n\n\n<figure class=\"wp-block-image size-large\"><img loading=\"lazy\" decoding=\"async\" width=\"1024\" height=\"683\" data-id=\"16\" src=\"https:\/\/kirkensbymisjon.no\/content\/uploads\/sites\/28\/2024\/08\/tilbud_helsesenteret_06-1024x683.jpg\" alt=\"Fra lokalene til helsesenteret\" class=\"wp-image-16\" srcset=\"https:\/\/kirkensbymisjon.no\/content\/uploads\/sites\/28\/2024\/08\/tilbud_helsesenteret_06-1024x683.jpg 1024w, https:\/\/kirkensbymisjon.no\/content\/uploads\/sites\/28\/2024\/08\/tilbud_helsesenteret_06-300x200.jpg 300w, https:\/\/kirkensbymisjon.no\/content\/uploads\/sites\/28\/2024\/08\/tilbud_helsesenteret_06-768x512.jpg 768w, https:\/\/kirkensbymisjon.no\/content\/uploads\/sites\/28\/2024\/08\/tilbud_helsesenteret_06-1536x1024.jpg 1536w, https:\/\/kirkensbymisjon.no\/content\/uploads\/sites\/28\/2024\/08\/tilbud_helsesenteret_06.jpg 1600w\" sizes=\"auto, (max-width: 1024px) 100vw, 1024px\" \/><\/figure>\n<\/figure>\n\n\t\t\t<\/div>\n\t\t<\/div>\n\t<\/div>\n\t\n\n<div class=\"t2-accordion wp-block-t2-accordion\" data-allow-multiple=\"1\" role=\"list\">\n<div class=\"t2-accordion-item wp-block-t2-accordion-item\" role=\"listitem\">\n\t\t\t<h2 class=\"t2-accordion-title\">\n\t\t\t\t<button type=\"button\" class=\"t2-accordion-trigger\" id=\"hvordan-fungerer-det?\" aria-controls=\"accordion-panel\" aria-expanded=\"false\">\n\t\t\t\t\tHvordan fungerer det?\n\t\t\t\t\t<span class=\"t2-accordion-icon is-closed-icon\"><svg xmlns=\"http:\/\/www.w3.org\/2000\/svg\" viewBox=\"0 0 24 24\" height=\"24\" width=\"24\" class=\"t2-icon t2-icon-plus\" aria-hidden=\"true\" focusable=\"false\"><path d=\"M11.8 5.037a1.088 1.088 0 0 0-.722.566c-.075.148-.078.25-.078 2.772v2.619l-2.61.016c-1.867.012-2.652.03-2.756.064-.168.055-.438.301-.54.494-.049.092-.07.223-.07.432 0 .34.054.476.282.704.289.289.14.275 3.064.288l2.63.012v2.619c0 2.544.002 2.625.08 2.778.191.372.516.577.92.577s.729-.205.92-.577c.078-.153.08-.234.08-2.778v-2.619l2.63-.012c2.924-.013 2.775.001 3.064-.288.228-.228.282-.364.282-.704 0-.209-.021-.34-.07-.432-.102-.193-.372-.439-.54-.494-.104-.034-.889-.052-2.756-.064L13 10.994V8.375c0-2.522-.003-2.624-.078-2.772-.214-.418-.685-.656-1.122-.566\"\/><\/svg><\/span>\n\t\t\t\t\t<span class=\"t2-accordion-icon is-open-icon\"><svg xmlns=\"http:\/\/www.w3.org\/2000\/svg\" viewBox=\"0 0 24 24\" height=\"24\" width=\"24\" class=\"t2-icon t2-icon-chevronup\" aria-hidden=\"true\" focusable=\"false\"><path d=\"M6.7 14.7c-.2-.2-.3-.4-.3-.7s.1-.5.3-.7l4.6-4.6c.1-.1.2-.2.3-.2.1 0 .2-.1.4-.1.1 0 .3 0 .4.1.1 0 .2.1.3.2l4.6 4.6c.2.2.3.4.3.7s-.1.5-.3.7c-.2.2-.4.3-.7.3s-.5-.1-.7-.3L12 10.8l-3.9 3.9c-.2.2-.4.3-.7.3s-.5-.1-.7-.3z\" fill=\"currentColor\" \/><\/svg><\/span>\n\t\t\t\t<\/button>\n\t\t\t<\/h2>\n\t\t\t<div class=\"t2-accordion-item__inner-container is-layout-flow\" id=\"accordion-panel\" aria-labelledby=\"hvordan-fungerer-det?\" role=\"region\" hidden>\n\t\t\t\t\n\n<ul class=\"wp-block-list\">\n<li>Du kan enten ringe oss, eller komme direkte innom for drop-in i v\u00e5re \u00e5pningstider. Her finner du <a href=\"\/tilbud-helsesenteret-for-papirlose-migranter\/kontaktinformasjon\/\">kontaktinformasjon<\/a>.<\/li>\n<\/ul>\n\n\n\n<ul class=\"wp-block-list\">\n<li>N\u00e5r du kommer til oss trekker du k\u00f8lapp og venter p\u00e5 \u00e5 bli ropt opp av sykepleier.<\/li>\n\n\n\n<li>Vi ordner med tolk ved behov.<\/li>\n\n\n\n<li>All helsehjelp er gratis. <\/li>\n\n\n\n<li>Vi har taushetsplikt.<\/li>\n<\/ul>\n\n\n\t\t\t<\/div>\n\t\t<\/div>\n\n<div class=\"t2-accordion-item wp-block-t2-accordion-item\" role=\"listitem\">\n\t\t\t<h2 class=\"t2-accordion-title\">\n\t\t\t\t<button type=\"button\" class=\"t2-accordion-trigger\" id=\"hva-kan-vi-tilby?\" aria-controls=\"accordion-panel-1\" aria-expanded=\"false\">\n\t\t\t\t\tHva kan vi tilby?\n\t\t\t\t\t<span class=\"t2-accordion-icon is-closed-icon\"><svg xmlns=\"http:\/\/www.w3.org\/2000\/svg\" viewBox=\"0 0 24 24\" height=\"24\" width=\"24\" class=\"t2-icon t2-icon-plus\" aria-hidden=\"true\" focusable=\"false\"><path d=\"M11.8 5.037a1.088 1.088 0 0 0-.722.566c-.075.148-.078.25-.078 2.772v2.619l-2.61.016c-1.867.012-2.652.03-2.756.064-.168.055-.438.301-.54.494-.049.092-.07.223-.07.432 0 .34.054.476.282.704.289.289.14.275 3.064.288l2.63.012v2.619c0 2.544.002 2.625.08 2.778.191.372.516.577.92.577s.729-.205.92-.577c.078-.153.08-.234.08-2.778v-2.619l2.63-.012c2.924-.013 2.775.001 3.064-.288.228-.228.282-.364.282-.704 0-.209-.021-.34-.07-.432-.102-.193-.372-.439-.54-.494-.104-.034-.889-.052-2.756-.064L13 10.994V8.375c0-2.522-.003-2.624-.078-2.772-.214-.418-.685-.656-1.122-.566\"\/><\/svg><\/span>\n\t\t\t\t\t<span class=\"t2-accordion-icon is-open-icon\"><svg xmlns=\"http:\/\/www.w3.org\/2000\/svg\" viewBox=\"0 0 24 24\" height=\"24\" width=\"24\" class=\"t2-icon t2-icon-chevronup\" aria-hidden=\"true\" focusable=\"false\"><path d=\"M6.7 14.7c-.2-.2-.3-.4-.3-.7s.1-.5.3-.7l4.6-4.6c.1-.1.2-.2.3-.2.1 0 .2-.1.4-.1.1 0 .3 0 .4.1.1 0 .2.1.3.2l4.6 4.6c.2.2.3.4.3.7s-.1.5-.3.7c-.2.2-.4.3-.7.3s-.5-.1-.7-.3L12 10.8l-3.9 3.9c-.2.2-.4.3-.7.3s-.5-.1-.7-.3z\" fill=\"currentColor\" \/><\/svg><\/span>\n\t\t\t\t<\/button>\n\t\t\t<\/h2>\n\t\t\t<div class=\"t2-accordion-item__inner-container is-layout-flow\" id=\"accordion-panel-1\" aria-labelledby=\"hva-kan-vi-tilby?\" role=\"region\" hidden>\n\t\t\t\t\n\n<ul class=\"wp-block-list\">\n<li>Konsultasjon hos sykepleier, lege og psykolog.<\/li>\n\n\n\n<li>Tester og blodpr\u00f8ver.<\/li>\n\n\n\n<li>Gruppetilbud innen foreldreveiledning og psykisk helse.<\/li>\n\n\n\n<li>Timebestilling til gynekolog hos oss.<\/li>\n\n\n\n<li>Timebestilling til akutt smertelindrende behandling hos tannlege.<\/li>\n\n\n\n<li>Tilbud om frivillige aktiviteter og sosialt felleskap.<\/li>\n\n\n\n<li>Informasjon om rettigheter.<\/li>\n<\/ul>\n\n\n\t\t\t<\/div>\n\t\t<\/div>\n\n<div class=\"t2-accordion-item wp-block-t2-accordion-item\" role=\"listitem\">\n\t\t\t<h2 class=\"t2-accordion-title\">\n\t\t\t\t<button type=\"button\" class=\"t2-accordion-trigger\" id=\"tverrfaglig-helsekompetanse\" aria-controls=\"accordion-panel-2\" aria-expanded=\"false\">\n\t\t\t\t\tTverrfaglig helsekompetanse\n\t\t\t\t\t<span class=\"t2-accordion-icon is-closed-icon\"><svg xmlns=\"http:\/\/www.w3.org\/2000\/svg\" viewBox=\"0 0 24 24\" height=\"24\" width=\"24\" class=\"t2-icon t2-icon-plus\" aria-hidden=\"true\" focusable=\"false\"><path d=\"M11.8 5.037a1.088 1.088 0 0 0-.722.566c-.075.148-.078.25-.078 2.772v2.619l-2.61.016c-1.867.012-2.652.03-2.756.064-.168.055-.438.301-.54.494-.049.092-.07.223-.07.432 0 .34.054.476.282.704.289.289.14.275 3.064.288l2.63.012v2.619c0 2.544.002 2.625.08 2.778.191.372.516.577.92.577s.729-.205.92-.577c.078-.153.08-.234.08-2.778v-2.619l2.63-.012c2.924-.013 2.775.001 3.064-.288.228-.228.282-.364.282-.704 0-.209-.021-.34-.07-.432-.102-.193-.372-.439-.54-.494-.104-.034-.889-.052-2.756-.064L13 10.994V8.375c0-2.522-.003-2.624-.078-2.772-.214-.418-.685-.656-1.122-.566\"\/><\/svg><\/span>\n\t\t\t\t\t<span class=\"t2-accordion-icon is-open-icon\"><svg xmlns=\"http:\/\/www.w3.org\/2000\/svg\" viewBox=\"0 0 24 24\" height=\"24\" width=\"24\" class=\"t2-icon t2-icon-chevronup\" aria-hidden=\"true\" focusable=\"false\"><path d=\"M6.7 14.7c-.2-.2-.3-.4-.3-.7s.1-.5.3-.7l4.6-4.6c.1-.1.2-.2.3-.2.1 0 .2-.1.4-.1.1 0 .3 0 .4.1.1 0 .2.1.3.2l4.6 4.6c.2.2.3.4.3.7s-.1.5-.3.7c-.2.2-.4.3-.7.3s-.5-.1-.7-.3L12 10.8l-3.9 3.9c-.2.2-.4.3-.7.3s-.5-.1-.7-.3z\" fill=\"currentColor\" \/><\/svg><\/span>\n\t\t\t\t<\/button>\n\t\t\t<\/h2>\n\t\t\t<div class=\"t2-accordion-item__inner-container is-layout-flow\" id=\"accordion-panel-2\" aria-labelledby=\"tverrfaglig-helsekompetanse\" role=\"region\" hidden>\n\t\t\t\t\n\n<p>Sykepleiere&nbsp;(ogs\u00e5 psykiatrisk),&nbsp;leger&nbsp;(allmennmedisin, infeksjon, onkologi, hematologi, oftalmologi, endokrinologi, gynekologi, nefrologi, ortopedi, psykiatri),&nbsp;tannleger&nbsp;(kjevekirurgi),&nbsp;bioingeni\u00f8rer,&nbsp;farmas\u00f8yter, psykologer&nbsp;(spesialister),&nbsp;jordm\u00f8dre, fysioterapeuter, tolker, brobyggere og milj\u00f8arbeidere. <\/p>\n\n\n\n<p>Alt helsepersonell har autorisasjon i Norge.<\/p>\n\n\n\t\t\t<\/div>\n\t\t<\/div>\n\n<div class=\"t2-accordion-item wp-block-t2-accordion-item\" role=\"listitem\">\n\t\t\t<h2 class=\"t2-accordion-title\">\n\t\t\t\t<button type=\"button\" class=\"t2-accordion-trigger\" id=\"bli-frivillig-hos-oss\" aria-controls=\"accordion-panel-3\" aria-expanded=\"false\">\n\t\t\t\t\tBli frivillig hos oss\n\t\t\t\t\t<span class=\"t2-accordion-icon is-closed-icon\"><svg xmlns=\"http:\/\/www.w3.org\/2000\/svg\" viewBox=\"0 0 24 24\" height=\"24\" width=\"24\" class=\"t2-icon t2-icon-plus\" aria-hidden=\"true\" focusable=\"false\"><path d=\"M11.8 5.037a1.088 1.088 0 0 0-.722.566c-.075.148-.078.25-.078 2.772v2.619l-2.61.016c-1.867.012-2.652.03-2.756.064-.168.055-.438.301-.54.494-.049.092-.07.223-.07.432 0 .34.054.476.282.704.289.289.14.275 3.064.288l2.63.012v2.619c0 2.544.002 2.625.08 2.778.191.372.516.577.92.577s.729-.205.92-.577c.078-.153.08-.234.08-2.778v-2.619l2.63-.012c2.924-.013 2.775.001 3.064-.288.228-.228.282-.364.282-.704 0-.209-.021-.34-.07-.432-.102-.193-.372-.439-.54-.494-.104-.034-.889-.052-2.756-.064L13 10.994V8.375c0-2.522-.003-2.624-.078-2.772-.214-.418-.685-.656-1.122-.566\"\/><\/svg><\/span>\n\t\t\t\t\t<span class=\"t2-accordion-icon is-open-icon\"><svg xmlns=\"http:\/\/www.w3.org\/2000\/svg\" viewBox=\"0 0 24 24\" height=\"24\" width=\"24\" class=\"t2-icon t2-icon-chevronup\" aria-hidden=\"true\" focusable=\"false\"><path d=\"M6.7 14.7c-.2-.2-.3-.4-.3-.7s.1-.5.3-.7l4.6-4.6c.1-.1.2-.2.3-.2.1 0 .2-.1.4-.1.1 0 .3 0 .4.1.1 0 .2.1.3.2l4.6 4.6c.2.2.3.4.3.7s-.1.5-.3.7c-.2.2-.4.3-.7.3s-.5-.1-.7-.3L12 10.8l-3.9 3.9c-.2.2-.4.3-.7.3s-.5-.1-.7-.3z\" fill=\"currentColor\" \/><\/svg><\/span>\n\t\t\t\t<\/button>\n\t\t\t<\/h2>\n\t\t\t<div class=\"t2-accordion-item__inner-container is-layout-flow\" id=\"accordion-panel-3\" aria-labelledby=\"bli-frivillig-hos-oss\" role=\"region\" hidden>\n\t\t\t\t\n\n<p>V\u00e5re krav til frivillige som \u00f8nsker \u00e5 bidra hos oss er:<\/p>\n\n\n\n<ul class=\"wp-block-list\">\n<li>Du m\u00e5 ha norsk autorisasjon som helsepersonell.<\/li>\n\n\n\n<li>Du m\u00e5 binde deg til \u00e5 ta minst \u00e9n vakt i m\u00e5neden i ett \u00e5r.<\/li>\n\n\n\n<li>Erfaring fra inn- og utland er nyttig, men ikke et kriterium.<\/li>\n\n\n\n<li>Du vil f\u00e5 en f\u00f8lgevakt sammen med en frivillig med samme yrkesbakgrunn.<\/li>\n\n\n\n<li>Du m\u00e5 delta p\u00e5 \u00e9n\u00a0obligatorisk introduksjonskveld som holdes flere ganger i \u00e5ret.<\/li>\n\n\n\n<li>Du m\u00e5 ogs\u00e5 levere politiattest.<\/li>\n<\/ul>\n\n\n\n<p>Send oss gjerne en <a href=\"https:\/\/kirkensbymisjon.no\/tilbud-helsesenteret-for-papirlose-migranter\/kontaktinformasjon\/\">e-post<\/a> om du \u00f8nsker \u00e5 v\u00e6re med som frivillig hos oss.<\/p>\n\n\n\t\t\t<\/div>\n\t\t<\/div>\n<\/div>","protected":false},"excerpt":{"rendered":"<p>Helsesenteret har stor tverrfaglig kompetanse og mange frivillige med erfaring fra \u00e5 gi helsehjelp i&hellip;<\/p>\n","protected":false},"author":5,"featured_media":0,"parent":0,"menu_order":0,"comment_status":"closed","ping_status":"closed","template":"","meta":{"_relevanssi_hide_post":"","_relevanssi_hide_content":"","_relevanssi_pin_for_all":"","_relevanssi_pin_keywords":"","_relevanssi_unpin_keywords":"","_relevanssi_related_keywords":"","_relevanssi_related_include_ids":"","_relevanssi_related_exclude_ids":"","_relevanssi_related_no_append":"","_relevanssi_related_not_related":"","_relevanssi_related_posts":"1","_relevanssi_noindex_reason":"","editor_notices":[],"footnotes":""},"class_list":["post-40","page","type-page","status-publish","hentry"],"yoast_head":"<!-- This site is optimized with the Yoast SEO Premium plugin v27.2 (Yoast SEO v27.2) - https:\/\/yoast.com\/product\/yoast-seo-premium-wordpress\/ -->\n<title>Om helsesenteret - Helsesenteret for papirl\u00f8se\u00a0migranter<\/title>\n<meta name=\"robots\" content=\"index, follow, max-snippet:-1, max-image-preview:large, max-video-preview:-1\" \/>\n<link rel=\"canonical\" href=\"https:\/\/kirkensbymisjon.no\/tilbud-helsesenteret-for-papirlose-migranter\/om-helsesenteret\/\" \/>\n<meta property=\"og:locale\" content=\"nb_NO\" \/>\n<meta property=\"og:type\" content=\"article\" \/>\n<meta property=\"og:title\" content=\"Om helsesenteret\" \/>\n<meta property=\"og:description\" content=\"Helsesenteret har stor tverrfaglig kompetanse og mange frivillige med erfaring fra \u00e5 gi helsehjelp i&hellip;\" \/>\n<meta property=\"og:url\" content=\"https:\/\/kirkensbymisjon.no\/tilbud-helsesenteret-for-papirlose-migranter\/om-helsesenteret\/\" \/>\n<meta property=\"og:site_name\" content=\"Helsesenteret for papirl\u00f8se\u00a0migranter\" \/>\n<meta property=\"article:modified_time\" content=\"2024-11-21T12:53:44+00:00\" \/>\n<meta property=\"og:image\" content=\"https:\/\/kirkensbymisjon.no\/content\/uploads\/sites\/28\/2024\/08\/tilbud_helsesenteret_03.jpg\" \/>\n\t<meta property=\"og:image:width\" content=\"1000\" \/>\n\t<meta property=\"og:image:height\" content=\"500\" \/>\n\t<meta property=\"og:image:type\" content=\"image\/jpeg\" \/>\n<meta name=\"twitter:card\" content=\"summary_large_image\" \/>\n<meta name=\"twitter:label1\" content=\"Ansl. lesetid\" \/>\n\t<meta name=\"twitter:data1\" content=\"2 minutter\" \/>\n<script type=\"application\/ld+json\" class=\"yoast-schema-graph\">{\"@context\":\"https:\/\/schema.org\",\"@graph\":[{\"@type\":\"WebPage\",\"@id\":\"https:\/\/kirkensbymisjon.no\/tilbud-helsesenteret-for-papirlose-migranter\/om-helsesenteret\/\",\"url\":\"https:\/\/kirkensbymisjon.no\/tilbud-helsesenteret-for-papirlose-migranter\/om-helsesenteret\/\",\"name\":\"Om helsesenteret - Helsesenteret for papirl\u00f8se\u00a0migranter\",\"isPartOf\":{\"@id\":\"https:\/\/kirkensbymisjon.no\/tilbud-helsesenteret-for-papirlose-migranter\/#website\"},\"primaryImageOfPage\":{\"@id\":\"https:\/\/kirkensbymisjon.no\/tilbud-helsesenteret-for-papirlose-migranter\/om-helsesenteret\/#primaryimage\"},\"image\":{\"@id\":\"https:\/\/kirkensbymisjon.no\/tilbud-helsesenteret-for-papirlose-migranter\/om-helsesenteret\/#primaryimage\"},\"thumbnailUrl\":\"https:\/\/kirkensbymisjon.no\/content\/uploads\/sites\/28\/2024\/08\/tilbud_helsesenteret_03.jpg\",\"datePublished\":\"2024-08-19T17:20:38+00:00\",\"dateModified\":\"2024-11-21T12:53:44+00:00\",\"breadcrumb\":{\"@id\":\"https:\/\/kirkensbymisjon.no\/tilbud-helsesenteret-for-papirlose-migranter\/om-helsesenteret\/#breadcrumb\"},\"inLanguage\":\"nb-NO\",\"potentialAction\":[{\"@type\":\"ReadAction\",\"target\":[\"https:\/\/kirkensbymisjon.no\/tilbud-helsesenteret-for-papirlose-migranter\/om-helsesenteret\/\"]}]},{\"@type\":\"ImageObject\",\"inLanguage\":\"nb-NO\",\"@id\":\"https:\/\/kirkensbymisjon.no\/tilbud-helsesenteret-for-papirlose-migranter\/om-helsesenteret\/#primaryimage\",\"url\":\"https:\/\/kirkensbymisjon.no\/content\/uploads\/sites\/28\/2024\/08\/tilbud_helsesenteret_03.jpg\",\"contentUrl\":\"https:\/\/kirkensbymisjon.no\/content\/uploads\/sites\/28\/2024\/08\/tilbud_helsesenteret_03.jpg\"},{\"@type\":\"BreadcrumbList\",\"@id\":\"https:\/\/kirkensbymisjon.no\/tilbud-helsesenteret-for-papirlose-migranter\/om-helsesenteret\/#breadcrumb\",\"itemListElement\":[{\"@type\":\"ListItem\",\"position\":1,\"name\":\"Hjem\",\"item\":\"https:\/\/kirkensbymisjon.no\/tilbud-helsesenteret-for-papirlose-migranter\/\"},{\"@type\":\"ListItem\",\"position\":2,\"name\":\"Om helsesenteret\"}]},{\"@type\":\"WebSite\",\"@id\":\"https:\/\/kirkensbymisjon.no\/tilbud-helsesenteret-for-papirlose-migranter\/#website\",\"url\":\"https:\/\/kirkensbymisjon.no\/tilbud-helsesenteret-for-papirlose-migranter\/\",\"name\":\"Helsesenteret for papirl\u00f8se\u00a0migranter\",\"description\":\"\",\"potentialAction\":[{\"@type\":\"SearchAction\",\"target\":{\"@type\":\"EntryPoint\",\"urlTemplate\":\"https:\/\/kirkensbymisjon.no\/tilbud-helsesenteret-for-papirlose-migranter\/?s={search_term_string}\"},\"query-input\":{\"@type\":\"PropertyValueSpecification\",\"valueRequired\":true,\"valueName\":\"search_term_string\"}}],\"inLanguage\":\"nb-NO\"}]}<\/script>\n<!-- \/ Yoast SEO Premium plugin. -->","yoast_head_json":{"title":"Om helsesenteret - Helsesenteret for papirl\u00f8se\u00a0migranter","robots":{"index":"index","follow":"follow","max-snippet":"max-snippet:-1","max-image-preview":"max-image-preview:large","max-video-preview":"max-video-preview:-1"},"canonical":"https:\/\/kirkensbymisjon.no\/tilbud-helsesenteret-for-papirlose-migranter\/om-helsesenteret\/","og_locale":"nb_NO","og_type":"article","og_title":"Om helsesenteret","og_description":"Helsesenteret har stor tverrfaglig kompetanse og mange frivillige med erfaring fra \u00e5 gi helsehjelp i&hellip;","og_url":"https:\/\/kirkensbymisjon.no\/tilbud-helsesenteret-for-papirlose-migranter\/om-helsesenteret\/","og_site_name":"Helsesenteret for papirl\u00f8se\u00a0migranter","article_modified_time":"2024-11-21T12:53:44+00:00","og_image":[{"width":1000,"height":500,"url":"https:\/\/kirkensbymisjon.no\/content\/uploads\/sites\/28\/2024\/08\/tilbud_helsesenteret_03.jpg","type":"image\/jpeg"}],"twitter_card":"summary_large_image","twitter_misc":{"Ansl. lesetid":"2 minutter"},"schema":{"@context":"https:\/\/schema.org","@graph":[{"@type":"WebPage","@id":"https:\/\/kirkensbymisjon.no\/tilbud-helsesenteret-for-papirlose-migranter\/om-helsesenteret\/","url":"https:\/\/kirkensbymisjon.no\/tilbud-helsesenteret-for-papirlose-migranter\/om-helsesenteret\/","name":"Om helsesenteret - Helsesenteret for papirl\u00f8se\u00a0migranter","isPartOf":{"@id":"https:\/\/kirkensbymisjon.no\/tilbud-helsesenteret-for-papirlose-migranter\/#website"},"primaryImageOfPage":{"@id":"https:\/\/kirkensbymisjon.no\/tilbud-helsesenteret-for-papirlose-migranter\/om-helsesenteret\/#primaryimage"},"image":{"@id":"https:\/\/kirkensbymisjon.no\/tilbud-helsesenteret-for-papirlose-migranter\/om-helsesenteret\/#primaryimage"},"thumbnailUrl":"https:\/\/kirkensbymisjon.no\/content\/uploads\/sites\/28\/2024\/08\/tilbud_helsesenteret_03.jpg","datePublished":"2024-08-19T17:20:38+00:00","dateModified":"2024-11-21T12:53:44+00:00","breadcrumb":{"@id":"https:\/\/kirkensbymisjon.no\/tilbud-helsesenteret-for-papirlose-migranter\/om-helsesenteret\/#breadcrumb"},"inLanguage":"nb-NO","potentialAction":[{"@type":"ReadAction","target":["https:\/\/kirkensbymisjon.no\/tilbud-helsesenteret-for-papirlose-migranter\/om-helsesenteret\/"]}]},{"@type":"ImageObject","inLanguage":"nb-NO","@id":"https:\/\/kirkensbymisjon.no\/tilbud-helsesenteret-for-papirlose-migranter\/om-helsesenteret\/#primaryimage","url":"https:\/\/kirkensbymisjon.no\/content\/uploads\/sites\/28\/2024\/08\/tilbud_helsesenteret_03.jpg","contentUrl":"https:\/\/kirkensbymisjon.no\/content\/uploads\/sites\/28\/2024\/08\/tilbud_helsesenteret_03.jpg"},{"@type":"BreadcrumbList","@id":"https:\/\/kirkensbymisjon.no\/tilbud-helsesenteret-for-papirlose-migranter\/om-helsesenteret\/#breadcrumb","itemListElement":[{"@type":"ListItem","position":1,"name":"Hjem","item":"https:\/\/kirkensbymisjon.no\/tilbud-helsesenteret-for-papirlose-migranter\/"},{"@type":"ListItem","position":2,"name":"Om helsesenteret"}]},{"@type":"WebSite","@id":"https:\/\/kirkensbymisjon.no\/tilbud-helsesenteret-for-papirlose-migranter\/#website","url":"https:\/\/kirkensbymisjon.no\/tilbud-helsesenteret-for-papirlose-migranter\/","name":"Helsesenteret for papirl\u00f8se\u00a0migranter","description":"","potentialAction":[{"@type":"SearchAction","target":{"@type":"EntryPoint","urlTemplate":"https:\/\/kirkensbymisjon.no\/tilbud-helsesenteret-for-papirlose-migranter\/?s={search_term_string}"},"query-input":{"@type":"PropertyValueSpecification","valueRequired":true,"valueName":"search_term_string"}}],"inLanguage":"nb-NO"}]}},"_links":{"self":[{"href":"https:\/\/kirkensbymisjon.no\/tilbud-helsesenteret-for-papirlose-migranter\/wp-json\/wp\/v2\/pages\/40","targetHints":{"allow":["GET"]}}],"collection":[{"href":"https:\/\/kirkensbymisjon.no\/tilbud-helsesenteret-for-papirlose-migranter\/wp-json\/wp\/v2\/pages"}],"about":[{"href":"https:\/\/kirkensbymisjon.no\/tilbud-helsesenteret-for-papirlose-migranter\/wp-json\/wp\/v2\/types\/page"}],"author":[{"embeddable":true,"href":"https:\/\/kirkensbymisjon.no\/tilbud-helsesenteret-for-papirlose-migranter\/wp-json\/wp\/v2\/users\/5"}],"replies":[{"embeddable":true,"href":"https:\/\/kirkensbymisjon.no\/tilbud-helsesenteret-for-papirlose-migranter\/wp-json\/wp\/v2\/comments?post=40"}],"version-history":[{"count":5,"href":"https:\/\/kirkensbymisjon.no\/tilbud-helsesenteret-for-papirlose-migranter\/wp-json\/wp\/v2\/pages\/40\/revisions"}],"predecessor-version":[{"id":271,"href":"https:\/\/kirkensbymisjon.no\/tilbud-helsesenteret-for-papirlose-migranter\/wp-json\/wp\/v2\/pages\/40\/revisions\/271"}],"wp:attachment":[{"href":"https:\/\/kirkensbymisjon.no\/tilbud-helsesenteret-for-papirlose-migranter\/wp-json\/wp\/v2\/media?parent=40"}],"curies":[{"name":"wp","href":"https:\/\/api.w.org\/{rel}","templated":true}]}}