{"id":48,"date":"2024-08-19T19:34:54","date_gmt":"2024-08-19T17:34:54","guid":{"rendered":"https:\/\/kirkensbymisjon.no\/tilbud-helsesenteret-for-papirlose-migranter\/?page_id=48"},"modified":"2025-09-02T13:52:14","modified_gmt":"2025-09-02T11:52:14","slug":"bergen","status":"publish","type":"page","link":"https:\/\/kirkensbymisjon.no\/tilbud-helsesenteret-for-papirlose-migranter\/om-helsesenteret\/bergen\/","title":{"rendered":"Bergen"},"content":{"rendered":"\n<h2 class=\"wp-block-heading\" id=\"h-om-helsesenteret-i-bergen\">Om helsesenteret i Bergen<\/h2>\n\n\n<div class=\"t2-accordion wp-block-t2-accordion\" data-allow-multiple=\"1\" role=\"list\">\n<div class=\"t2-accordion-item wp-block-t2-accordion-item\" role=\"listitem\">\n\t\t\t<h2 class=\"t2-accordion-title\">\n\t\t\t\t<button type=\"button\" class=\"t2-accordion-trigger\" id=\"hva-vi-tilbyr\" aria-controls=\"accordion-panel\" aria-expanded=\"false\">\n\t\t\t\t\tHva vi tilbyr\n\t\t\t\t\t<span class=\"t2-accordion-icon is-closed-icon\"><svg xmlns=\"http:\/\/www.w3.org\/2000\/svg\" viewBox=\"0 0 24 24\" height=\"24\" width=\"24\" class=\"t2-icon t2-icon-plus\" aria-hidden=\"true\" focusable=\"false\"><path d=\"M11.8 5.037a1.088 1.088 0 0 0-.722.566c-.075.148-.078.25-.078 2.772v2.619l-2.61.016c-1.867.012-2.652.03-2.756.064-.168.055-.438.301-.54.494-.049.092-.07.223-.07.432 0 .34.054.476.282.704.289.289.14.275 3.064.288l2.63.012v2.619c0 2.544.002 2.625.08 2.778.191.372.516.577.92.577s.729-.205.92-.577c.078-.153.08-.234.08-2.778v-2.619l2.63-.012c2.924-.013 2.775.001 3.064-.288.228-.228.282-.364.282-.704 0-.209-.021-.34-.07-.432-.102-.193-.372-.439-.54-.494-.104-.034-.889-.052-2.756-.064L13 10.994V8.375c0-2.522-.003-2.624-.078-2.772-.214-.418-.685-.656-1.122-.566\"\/><\/svg><\/span>\n\t\t\t\t\t<span class=\"t2-accordion-icon is-open-icon\"><svg xmlns=\"http:\/\/www.w3.org\/2000\/svg\" viewBox=\"0 0 24 24\" height=\"24\" width=\"24\" class=\"t2-icon t2-icon-chevronup\" aria-hidden=\"true\" focusable=\"false\"><path d=\"M6.7 14.7c-.2-.2-.3-.4-.3-.7s.1-.5.3-.7l4.6-4.6c.1-.1.2-.2.3-.2.1 0 .2-.1.4-.1.1 0 .3 0 .4.1.1 0 .2.1.3.2l4.6 4.6c.2.2.3.4.3.7s-.1.5-.3.7c-.2.2-.4.3-.7.3s-.5-.1-.7-.3L12 10.8l-3.9 3.9c-.2.2-.4.3-.7.3s-.5-.1-.7-.3z\" fill=\"currentColor\" \/><\/svg><\/span>\n\t\t\t\t<\/button>\n\t\t\t<\/h2>\n\t\t\t<div class=\"t2-accordion-item__inner-container is-layout-flow\" id=\"accordion-panel\" aria-labelledby=\"hva-vi-tilbyr\" role=\"region\" hidden>\n\t\t\t\t\n\n<p><strong>Helsesenteret tilbyr alle papirl\u00f8se migranter:<\/strong>&nbsp;<\/p>\n\n\n\n<ul class=\"wp-block-list\">\n<li>Rettighetsveiledning &#8211; informasjon og veiledning om helserettigheter og saker knyttet til UDI og UNE.<\/li>\n\n\n\n<li>Bistand ved klager \u2013 hjelp til \u00e5 klage p\u00e5 fakturaer og avslag p\u00e5 henvisning til spesialisthelsetjenesten.<\/li>\n\n\n\n<li>St\u00f8ttesamtaler.<\/li>\n\n\n\n<li>Formidler kontakt med andre interesseorganisasjoner.<\/li>\n<\/ul>\n\n\n\t\t\t<\/div>\n\t\t<\/div>\n\n<div class=\"t2-accordion-item wp-block-t2-accordion-item\" role=\"listitem\">\n\t\t\t<h2 class=\"t2-accordion-title\">\n\t\t\t\t<button type=\"button\" class=\"t2-accordion-trigger\" id=\"bakgrunn\" aria-controls=\"accordion-panel-1\" aria-expanded=\"false\">\n\t\t\t\t\tBakgrunn\n\t\t\t\t\t<span class=\"t2-accordion-icon is-closed-icon\"><svg xmlns=\"http:\/\/www.w3.org\/2000\/svg\" viewBox=\"0 0 24 24\" height=\"24\" width=\"24\" class=\"t2-icon t2-icon-plus\" aria-hidden=\"true\" focusable=\"false\"><path d=\"M11.8 5.037a1.088 1.088 0 0 0-.722.566c-.075.148-.078.25-.078 2.772v2.619l-2.61.016c-1.867.012-2.652.03-2.756.064-.168.055-.438.301-.54.494-.049.092-.07.223-.07.432 0 .34.054.476.282.704.289.289.14.275 3.064.288l2.63.012v2.619c0 2.544.002 2.625.08 2.778.191.372.516.577.92.577s.729-.205.92-.577c.078-.153.08-.234.08-2.778v-2.619l2.63-.012c2.924-.013 2.775.001 3.064-.288.228-.228.282-.364.282-.704 0-.209-.021-.34-.07-.432-.102-.193-.372-.439-.54-.494-.104-.034-.889-.052-2.756-.064L13 10.994V8.375c0-2.522-.003-2.624-.078-2.772-.214-.418-.685-.656-1.122-.566\"\/><\/svg><\/span>\n\t\t\t\t\t<span class=\"t2-accordion-icon is-open-icon\"><svg xmlns=\"http:\/\/www.w3.org\/2000\/svg\" viewBox=\"0 0 24 24\" height=\"24\" width=\"24\" class=\"t2-icon t2-icon-chevronup\" aria-hidden=\"true\" focusable=\"false\"><path d=\"M6.7 14.7c-.2-.2-.3-.4-.3-.7s.1-.5.3-.7l4.6-4.6c.1-.1.2-.2.3-.2.1 0 .2-.1.4-.1.1 0 .3 0 .4.1.1 0 .2.1.3.2l4.6 4.6c.2.2.3.4.3.7s-.1.5-.3.7c-.2.2-.4.3-.7.3s-.5-.1-.7-.3L12 10.8l-3.9 3.9c-.2.2-.4.3-.7.3s-.5-.1-.7-.3z\" fill=\"currentColor\" \/><\/svg><\/span>\n\t\t\t\t<\/button>\n\t\t\t<\/h2>\n\t\t\t<div class=\"t2-accordion-item__inner-container is-layout-flow\" id=\"accordion-panel-1\" aria-labelledby=\"bakgrunn\" role=\"region\" hidden>\n\t\t\t\t\n\n<p>Helsehjelp til papirl\u00f8se&nbsp;i Bergen ble stiftet som en selvstendig organisasjon i oktober 2013. Dette var et resultat av \u00abUtredning av papirl\u00f8ses humanit\u00e6re behov\u00bb (Bergen R\u00f8de Kors, mai 2013). <\/p>\n\n\n\n<p>I rapporten ble det sl\u00e5tt fast at det var et relativt stort, udekket behov for helsehjelp blant mennesker i Bergen og omegn som manglet gyldig oppholdstillatelse. Utredningsgruppens kontakter og informanter ble da enige om at det var behov for et tiltak for papirl\u00f8se i Bergensomr\u00e5det, og et drop-in tilbud startet i mars 2014.<\/p>\n\n\n\n<p>Organisasjonen opplevde det etter hvert som \u00f8konomisk utfordrende og s\u00e5rbart \u00e5 drifte tilbudet selvstendig fra \u00e5r til \u00e5r, og behovet for st\u00f8rre trygghet og stabilitet ble sentralt. Etter et langvarig arbeid der styreleder hadde samarbeidsm\u00f8ter med Bergen R\u00f8de Kors og Kirkens Bymisjon, ble det klart en \u00abovertakelsesavtale\u00bb etter modell fra det tilsvarende helsesenteret i Oslo. <\/p>\n\n\n\n<p>Avtalen ble enstemmig vedtatt p\u00e5 organisasjonens \u00e5rsm\u00f8te i 2018 og overtakelsen skjedde formelt i juni samme \u00e5r. I den forbindelse ble navnet endret til Helsesenter for papirl\u00f8se migranter, Bergen.<\/p>\n\n\n\t\t\t<\/div>\n\t\t<\/div>\n\n<div class=\"t2-accordion-item wp-block-t2-accordion-item\" role=\"listitem\">\n\t\t\t<h2 class=\"t2-accordion-title\">\n\t\t\t\t<button type=\"button\" class=\"t2-accordion-trigger\" id=\"\u00e5rsmeldinger\" aria-controls=\"accordion-panel-2\" aria-expanded=\"false\">\n\t\t\t\t\t\u00c5rsmeldinger\n\t\t\t\t\t<span class=\"t2-accordion-icon is-closed-icon\"><svg xmlns=\"http:\/\/www.w3.org\/2000\/svg\" viewBox=\"0 0 24 24\" height=\"24\" width=\"24\" class=\"t2-icon t2-icon-plus\" aria-hidden=\"true\" focusable=\"false\"><path d=\"M11.8 5.037a1.088 1.088 0 0 0-.722.566c-.075.148-.078.25-.078 2.772v2.619l-2.61.016c-1.867.012-2.652.03-2.756.064-.168.055-.438.301-.54.494-.049.092-.07.223-.07.432 0 .34.054.476.282.704.289.289.14.275 3.064.288l2.63.012v2.619c0 2.544.002 2.625.08 2.778.191.372.516.577.92.577s.729-.205.92-.577c.078-.153.08-.234.08-2.778v-2.619l2.63-.012c2.924-.013 2.775.001 3.064-.288.228-.228.282-.364.282-.704 0-.209-.021-.34-.07-.432-.102-.193-.372-.439-.54-.494-.104-.034-.889-.052-2.756-.064L13 10.994V8.375c0-2.522-.003-2.624-.078-2.772-.214-.418-.685-.656-1.122-.566\"\/><\/svg><\/span>\n\t\t\t\t\t<span class=\"t2-accordion-icon is-open-icon\"><svg xmlns=\"http:\/\/www.w3.org\/2000\/svg\" viewBox=\"0 0 24 24\" height=\"24\" width=\"24\" class=\"t2-icon t2-icon-chevronup\" aria-hidden=\"true\" focusable=\"false\"><path d=\"M6.7 14.7c-.2-.2-.3-.4-.3-.7s.1-.5.3-.7l4.6-4.6c.1-.1.2-.2.3-.2.1 0 .2-.1.4-.1.1 0 .3 0 .4.1.1 0 .2.1.3.2l4.6 4.6c.2.2.3.4.3.7s-.1.5-.3.7c-.2.2-.4.3-.7.3s-.5-.1-.7-.3L12 10.8l-3.9 3.9c-.2.2-.4.3-.7.3s-.5-.1-.7-.3z\" fill=\"currentColor\" \/><\/svg><\/span>\n\t\t\t\t<\/button>\n\t\t\t<\/h2>\n\t\t\t<div class=\"t2-accordion-item__inner-container is-layout-flow\" id=\"accordion-panel-2\" aria-labelledby=\"\u00e5rsmeldinger\" role=\"region\" hidden>\n\t\t\t\t\n\n<p><a href=\"https:\/\/kirkensbymisjon.no\/content\/uploads\/sites\/28\/2024\/08\/arsmelding-Helsesenteret-bergen-2022.pdf\" target=\"_blank\" rel=\"noreferrer noopener\">\u00c5rsmelding 2022<\/a>: Helsesenter for papirl\u00f8se migranter, Bergen<\/p>\n\n\n\n<p><a href=\"https:\/\/kirkensbymisjon.no\/content\/uploads\/sites\/28\/2024\/08\/arsmelding-Helsesenteret-bergen-2021.pdf\" target=\"_blank\" rel=\"noreferrer noopener\">\u00c5rsmelding 2021<\/a>: Helsesenter for papirl\u00f8se migranter, Bergen<\/p>\n\n\n\n<p><a href=\"https:\/\/kirkensbymisjon.no\/content\/uploads\/sites\/28\/2024\/08\/arsmelding-Helsesenteret-bergen-2020.pdf\" target=\"_blank\" rel=\"noreferrer noopener\">\u00c5rsmelding 2020<\/a>: Helsesenter for papirl\u00f8se migranter, Bergen<\/p>\n\n\n\n<p><a href=\"https:\/\/kirkensbymisjon.no\/content\/uploads\/sites\/28\/2024\/08\/arsmelding-Helsesenteret-bergen-2019.pdf\" target=\"_blank\" rel=\"noreferrer noopener\">\u00c5rsmelding 2019<\/a>: Helsesenter for papirl\u00f8se migranter, Bergen<\/p>\n\n\n\n<p><a href=\"https:\/\/kirkensbymisjon.no\/content\/uploads\/sites\/28\/2024\/08\/arsmelding-Helsesenteret-bergen-2018.pdf\" target=\"_blank\" rel=\"noreferrer noopener\">\u00c5rsmelding 2018<\/a>: Helsesenter for papirl\u00f8se migranter, Bergen<\/p>\n\n\n\t\t\t<\/div>\n\t\t<\/div>\n<\/div>","protected":false},"excerpt":{"rendered":"<p>Om helsesenteret i Bergen<\/p>\n","protected":false},"author":5,"featured_media":0,"parent":40,"menu_order":0,"comment_status":"closed","ping_status":"closed","template":"","meta":{"_relevanssi_hide_post":"","_relevanssi_hide_content":"","_relevanssi_pin_for_all":"","_relevanssi_pin_keywords":"","_relevanssi_unpin_keywords":"","_relevanssi_related_keywords":"","_relevanssi_related_include_ids":"","_relevanssi_related_exclude_ids":"","_relevanssi_related_no_append":"","_relevanssi_related_not_related":"","_relevanssi_related_posts":"1","_relevanssi_noindex_reason":"","editor_notices":[],"footnotes":""},"class_list":["post-48","page","type-page","status-publish","hentry"],"yoast_head":"<!-- This site is optimized with the Yoast SEO Premium plugin v27.2 (Yoast SEO v27.2) - https:\/\/yoast.com\/product\/yoast-seo-premium-wordpress\/ -->\n<title>Bergen - Helsesenteret for papirl\u00f8se\u00a0migranter<\/title>\n<meta name=\"robots\" content=\"index, follow, max-snippet:-1, max-image-preview:large, max-video-preview:-1\" \/>\n<link rel=\"canonical\" href=\"https:\/\/kirkensbymisjon.no\/tilbud-helsesenteret-for-papirlose-migranter\/om-helsesenteret\/bergen\/\" \/>\n<meta property=\"og:locale\" content=\"nb_NO\" \/>\n<meta property=\"og:type\" content=\"article\" \/>\n<meta property=\"og:title\" content=\"Bergen\" \/>\n<meta property=\"og:description\" content=\"Om helsesenteret i Bergen\" \/>\n<meta property=\"og:url\" content=\"https:\/\/kirkensbymisjon.no\/tilbud-helsesenteret-for-papirlose-migranter\/om-helsesenteret\/bergen\/\" \/>\n<meta property=\"og:site_name\" content=\"Helsesenteret for papirl\u00f8se\u00a0migranter\" \/>\n<meta property=\"article:modified_time\" content=\"2025-09-02T11:52:14+00:00\" \/>\n<meta name=\"twitter:card\" content=\"summary_large_image\" \/>\n<meta name=\"twitter:label1\" content=\"Ansl. lesetid\" \/>\n\t<meta name=\"twitter:data1\" content=\"2 minutter\" \/>\n<script type=\"application\/ld+json\" class=\"yoast-schema-graph\">{\"@context\":\"https:\/\/schema.org\",\"@graph\":[{\"@type\":\"WebPage\",\"@id\":\"https:\/\/kirkensbymisjon.no\/tilbud-helsesenteret-for-papirlose-migranter\/om-helsesenteret\/bergen\/\",\"url\":\"https:\/\/kirkensbymisjon.no\/tilbud-helsesenteret-for-papirlose-migranter\/om-helsesenteret\/bergen\/\",\"name\":\"Bergen - Helsesenteret for papirl\u00f8se\u00a0migranter\",\"isPartOf\":{\"@id\":\"https:\/\/kirkensbymisjon.no\/tilbud-helsesenteret-for-papirlose-migranter\/#website\"},\"datePublished\":\"2024-08-19T17:34:54+00:00\",\"dateModified\":\"2025-09-02T11:52:14+00:00\",\"breadcrumb\":{\"@id\":\"https:\/\/kirkensbymisjon.no\/tilbud-helsesenteret-for-papirlose-migranter\/om-helsesenteret\/bergen\/#breadcrumb\"},\"inLanguage\":\"nb-NO\",\"potentialAction\":[{\"@type\":\"ReadAction\",\"target\":[\"https:\/\/kirkensbymisjon.no\/tilbud-helsesenteret-for-papirlose-migranter\/om-helsesenteret\/bergen\/\"]}]},{\"@type\":\"BreadcrumbList\",\"@id\":\"https:\/\/kirkensbymisjon.no\/tilbud-helsesenteret-for-papirlose-migranter\/om-helsesenteret\/bergen\/#breadcrumb\",\"itemListElement\":[{\"@type\":\"ListItem\",\"position\":1,\"name\":\"Hjem\",\"item\":\"https:\/\/kirkensbymisjon.no\/tilbud-helsesenteret-for-papirlose-migranter\/\"},{\"@type\":\"ListItem\",\"position\":2,\"name\":\"Om helsesenteret\",\"item\":\"https:\/\/kirkensbymisjon.no\/tilbud-helsesenteret-for-papirlose-migranter\/om-helsesenteret\/\"},{\"@type\":\"ListItem\",\"position\":3,\"name\":\"Bergen\"}]},{\"@type\":\"WebSite\",\"@id\":\"https:\/\/kirkensbymisjon.no\/tilbud-helsesenteret-for-papirlose-migranter\/#website\",\"url\":\"https:\/\/kirkensbymisjon.no\/tilbud-helsesenteret-for-papirlose-migranter\/\",\"name\":\"Helsesenteret for papirl\u00f8se\u00a0migranter\",\"description\":\"\",\"potentialAction\":[{\"@type\":\"SearchAction\",\"target\":{\"@type\":\"EntryPoint\",\"urlTemplate\":\"https:\/\/kirkensbymisjon.no\/tilbud-helsesenteret-for-papirlose-migranter\/?s={search_term_string}\"},\"query-input\":{\"@type\":\"PropertyValueSpecification\",\"valueRequired\":true,\"valueName\":\"search_term_string\"}}],\"inLanguage\":\"nb-NO\"}]}<\/script>\n<!-- \/ Yoast SEO Premium plugin. -->","yoast_head_json":{"title":"Bergen - Helsesenteret for papirl\u00f8se\u00a0migranter","robots":{"index":"index","follow":"follow","max-snippet":"max-snippet:-1","max-image-preview":"max-image-preview:large","max-video-preview":"max-video-preview:-1"},"canonical":"https:\/\/kirkensbymisjon.no\/tilbud-helsesenteret-for-papirlose-migranter\/om-helsesenteret\/bergen\/","og_locale":"nb_NO","og_type":"article","og_title":"Bergen","og_description":"Om helsesenteret i Bergen","og_url":"https:\/\/kirkensbymisjon.no\/tilbud-helsesenteret-for-papirlose-migranter\/om-helsesenteret\/bergen\/","og_site_name":"Helsesenteret for papirl\u00f8se\u00a0migranter","article_modified_time":"2025-09-02T11:52:14+00:00","twitter_card":"summary_large_image","twitter_misc":{"Ansl. lesetid":"2 minutter"},"schema":{"@context":"https:\/\/schema.org","@graph":[{"@type":"WebPage","@id":"https:\/\/kirkensbymisjon.no\/tilbud-helsesenteret-for-papirlose-migranter\/om-helsesenteret\/bergen\/","url":"https:\/\/kirkensbymisjon.no\/tilbud-helsesenteret-for-papirlose-migranter\/om-helsesenteret\/bergen\/","name":"Bergen - Helsesenteret for papirl\u00f8se\u00a0migranter","isPartOf":{"@id":"https:\/\/kirkensbymisjon.no\/tilbud-helsesenteret-for-papirlose-migranter\/#website"},"datePublished":"2024-08-19T17:34:54+00:00","dateModified":"2025-09-02T11:52:14+00:00","breadcrumb":{"@id":"https:\/\/kirkensbymisjon.no\/tilbud-helsesenteret-for-papirlose-migranter\/om-helsesenteret\/bergen\/#breadcrumb"},"inLanguage":"nb-NO","potentialAction":[{"@type":"ReadAction","target":["https:\/\/kirkensbymisjon.no\/tilbud-helsesenteret-for-papirlose-migranter\/om-helsesenteret\/bergen\/"]}]},{"@type":"BreadcrumbList","@id":"https:\/\/kirkensbymisjon.no\/tilbud-helsesenteret-for-papirlose-migranter\/om-helsesenteret\/bergen\/#breadcrumb","itemListElement":[{"@type":"ListItem","position":1,"name":"Hjem","item":"https:\/\/kirkensbymisjon.no\/tilbud-helsesenteret-for-papirlose-migranter\/"},{"@type":"ListItem","position":2,"name":"Om helsesenteret","item":"https:\/\/kirkensbymisjon.no\/tilbud-helsesenteret-for-papirlose-migranter\/om-helsesenteret\/"},{"@type":"ListItem","position":3,"name":"Bergen"}]},{"@type":"WebSite","@id":"https:\/\/kirkensbymisjon.no\/tilbud-helsesenteret-for-papirlose-migranter\/#website","url":"https:\/\/kirkensbymisjon.no\/tilbud-helsesenteret-for-papirlose-migranter\/","name":"Helsesenteret for papirl\u00f8se\u00a0migranter","description":"","potentialAction":[{"@type":"SearchAction","target":{"@type":"EntryPoint","urlTemplate":"https:\/\/kirkensbymisjon.no\/tilbud-helsesenteret-for-papirlose-migranter\/?s={search_term_string}"},"query-input":{"@type":"PropertyValueSpecification","valueRequired":true,"valueName":"search_term_string"}}],"inLanguage":"nb-NO"}]}},"_links":{"self":[{"href":"https:\/\/kirkensbymisjon.no\/tilbud-helsesenteret-for-papirlose-migranter\/wp-json\/wp\/v2\/pages\/48","targetHints":{"allow":["GET"]}}],"collection":[{"href":"https:\/\/kirkensbymisjon.no\/tilbud-helsesenteret-for-papirlose-migranter\/wp-json\/wp\/v2\/pages"}],"about":[{"href":"https:\/\/kirkensbymisjon.no\/tilbud-helsesenteret-for-papirlose-migranter\/wp-json\/wp\/v2\/types\/page"}],"author":[{"embeddable":true,"href":"https:\/\/kirkensbymisjon.no\/tilbud-helsesenteret-for-papirlose-migranter\/wp-json\/wp\/v2\/users\/5"}],"replies":[{"embeddable":true,"href":"https:\/\/kirkensbymisjon.no\/tilbud-helsesenteret-for-papirlose-migranter\/wp-json\/wp\/v2\/comments?post=48"}],"version-history":[{"count":4,"href":"https:\/\/kirkensbymisjon.no\/tilbud-helsesenteret-for-papirlose-migranter\/wp-json\/wp\/v2\/pages\/48\/revisions"}],"predecessor-version":[{"id":290,"href":"https:\/\/kirkensbymisjon.no\/tilbud-helsesenteret-for-papirlose-migranter\/wp-json\/wp\/v2\/pages\/48\/revisions\/290"}],"up":[{"embeddable":true,"href":"https:\/\/kirkensbymisjon.no\/tilbud-helsesenteret-for-papirlose-migranter\/wp-json\/wp\/v2\/pages\/40"}],"wp:attachment":[{"href":"https:\/\/kirkensbymisjon.no\/tilbud-helsesenteret-for-papirlose-migranter\/wp-json\/wp\/v2\/media?parent=48"}],"curies":[{"name":"wp","href":"https:\/\/api.w.org\/{rel}","templated":true}]}}