{"id":3,"date":"2024-06-18T11:21:45","date_gmt":"2024-06-18T09:21:45","guid":{"rendered":"https:\/\/kirkensbymisjon.no\/tilbud-holmen\/?page_id=3"},"modified":"2024-10-17T12:34:17","modified_gmt":"2024-10-17T10:34:17","slug":"forside","status":"publish","type":"page","link":"https:\/\/kirkensbymisjon.no\/tilbud-holmen\/","title":{"rendered":"Forside"},"content":{"rendered":"\n<p>Holmen tilbyr et opphold med trygge rammer f\u00f8r og etter behandling i spesialisthelsetjenesten og i overganger mellom andre hjelpetiltak.<\/p>\n\n\n\n<p>Vi tilbyr ogs\u00e5 opphold for de som \u00f8nsker \u00e5 bedre og stabilisere livssituasjonen sin i en periode. Vi tror p\u00e5 menneskers iboende ressurser, og \u00f8nsker \u00e5 hjelpe v\u00e5re beboere til \u00f8kt mestringstillit og motivasjon for endring.<\/p>\n\n\n\n<p>Et opphold p\u00e5 Holmen gir ro, tid og mulighet til \u00e5 forberede seg b\u00e5de mentalt og praktisk til tida som kommer. Beboerne samarbeider med de ansatte om \u00e5 sette seg m\u00e5l for oppholdet og f\u00e5r oppf\u00f8lging i arbeidet med \u00e5 n\u00e5 m\u00e5lene sine. Vi gir et individuelt tilrettelagt tilbud, samtidig som vi forventer at beboerne deltar aktivt i institusjonens gruppeprogram og fellesoppgaver.<\/p>\n\n\n\n<h2 class=\"wp-block-heading\" id=\"h-vi-tilbyr\">Vi tilbyr:<\/h2>\n\n\n\n<ul class=\"wp-block-list\">\n<li>Holmen har 23 d\u00f8gnplasser og har ansatte p\u00e5 jobb hele d\u00f8gnet, alle dager i uka.<\/li>\n\n\n\n<li>Et opphold p\u00e5 Holmen kan vare i opptil 90 dager, vanligvis i 3\u20136 uker.<\/li>\n\n\n\n<li>Holmen har tilbud om brukerstyrte plasser. Dette er en avtale som er inng\u00e5tt mellom beboeren, oss og bydelen. Avtalen gir en forh\u00e5ndsgodkjenning av opphold inntil 14 dager som beboeren kan benytte seg av ved behov.<\/li>\n<\/ul>\n\n\n\n<div class=\"wp-block-media-text alignwide is-stacked-on-mobile is-style-filled\"><figure class=\"wp-block-media-text__media\"><img decoding=\"async\" src=\"https:\/\/kirkensbymisjon.no\/content\/uploads\/2024\/08\/arbeidsfelt_rus_01-edited-1021x1024.jpg\" alt=\"Ansatt i samtale med mann p\u00e5 gata\" class=\"wp-image-1467 size-full\" \/><\/figure><div class=\"wp-block-media-text__content\">\n<h2 class=\"wp-block-heading\" id=\"h-rusomsorg\">Rusomsorg<\/h2>\n\n\n\n<p>Vi jobber for at mennesker som sliter med rusufordringer skal f\u00e5 bedre livskvalitet, b\u00e5de fysisk og psykisk. Livsendringer er utfordrende, men vi ser at behandling, oppf\u00f8lging og omsorg nytter.<\/p>\n\n\n\n<p><a href=\"\/Rusomsorg\">Les mer om v\u00e5re tilbud<\/a><\/p>\n<\/div><\/div>\n","protected":false},"excerpt":{"rendered":"<p>Holmen tilbyr et opphold med trygge rammer f\u00f8r og etter behandling i spesialisthelsetjenesten og i&hellip;<\/p>\n","protected":false},"author":6,"featured_media":17,"parent":0,"menu_order":0,"comment_status":"closed","ping_status":"closed","template":"","meta":{"_relevanssi_hide_post":"","_relevanssi_hide_content":"","_relevanssi_pin_for_all":"","_relevanssi_pin_keywords":"","_relevanssi_unpin_keywords":"","_relevanssi_related_keywords":"","_relevanssi_related_include_ids":"","_relevanssi_related_exclude_ids":"","_relevanssi_related_no_append":"","_relevanssi_related_not_related":"","_relevanssi_related_posts":"1","_relevanssi_noindex_reason":"","editor_notices":[],"footnotes":""},"class_list":["post-3","page","type-page","status-publish","has-post-thumbnail","hentry"],"yoast_head":"<!-- This site is optimized with the Yoast SEO Premium plugin v27.2 (Yoast SEO v27.2) - https:\/\/yoast.com\/product\/yoast-seo-premium-wordpress\/ -->\n<title>Kirkens Bymisjon - Holmen<\/title>\n<meta name=\"description\" content=\"Vi er en rusfri d\u00f8gninstitusjon med korttidsplasser for mennesker med rusproblemer.\" \/>\n<meta name=\"robots\" content=\"index, follow, max-snippet:-1, max-image-preview:large, max-video-preview:-1\" \/>\n<link rel=\"canonical\" href=\"https:\/\/kirkensbymisjon.no\/tilbud-holmen\/\" \/>\n<meta property=\"og:locale\" content=\"nb_NO\" \/>\n<meta property=\"og:type\" content=\"article\" \/>\n<meta property=\"og:title\" content=\"Kirkens Bymisjon - Holmen\" \/>\n<meta property=\"og:description\" content=\"Vi er en rusfri d\u00f8gninstitusjon med korttidsplasser for mennesker med rusproblemer.\" \/>\n<meta property=\"og:url\" content=\"https:\/\/kirkensbymisjon.no\/tilbud-holmen\/\" \/>\n<meta property=\"og:site_name\" content=\"Holmen\" \/>\n<meta property=\"article:modified_time\" content=\"2024-10-17T10:34:17+00:00\" \/>\n<meta property=\"og:image\" content=\"https:\/\/kirkensbymisjon.no\/content\/uploads\/sites\/16\/2024\/06\/Tilbud_Holmen_01.jpg\" \/>\n\t<meta property=\"og:image:width\" content=\"1134\" \/>\n\t<meta property=\"og:image:height\" content=\"778\" \/>\n\t<meta property=\"og:image:type\" content=\"image\/jpeg\" \/>\n<meta name=\"twitter:card\" content=\"summary_large_image\" \/>\n<meta name=\"twitter:title\" content=\"Forside\" \/>\n<meta name=\"twitter:label1\" content=\"Ansl. lesetid\" \/>\n\t<meta name=\"twitter:data1\" content=\"2 minutter\" \/>\n<script type=\"application\/ld+json\" class=\"yoast-schema-graph\">{\"@context\":\"https:\/\/schema.org\",\"@graph\":[{\"@type\":\"WebPage\",\"@id\":\"https:\/\/kirkensbymisjon.no\/tilbud-holmen\/\",\"url\":\"https:\/\/kirkensbymisjon.no\/tilbud-holmen\/\",\"name\":\"Kirkens Bymisjon - Holmen\",\"isPartOf\":{\"@id\":\"https:\/\/kirkensbymisjon.no\/tilbud-holmen\/#website\"},\"primaryImageOfPage\":{\"@id\":\"https:\/\/kirkensbymisjon.no\/tilbud-holmen\/#primaryimage\"},\"image\":{\"@id\":\"https:\/\/kirkensbymisjon.no\/tilbud-holmen\/#primaryimage\"},\"thumbnailUrl\":\"https:\/\/kirkensbymisjon.no\/content\/uploads\/sites\/16\/2024\/06\/Tilbud_Holmen_01.jpg\",\"datePublished\":\"2024-06-18T09:21:45+00:00\",\"dateModified\":\"2024-10-17T10:34:17+00:00\",\"description\":\"Vi er en rusfri d\u00f8gninstitusjon med korttidsplasser for mennesker med rusproblemer.\",\"breadcrumb\":{\"@id\":\"https:\/\/kirkensbymisjon.no\/tilbud-holmen\/#breadcrumb\"},\"inLanguage\":\"nb-NO\",\"potentialAction\":[{\"@type\":\"ReadAction\",\"target\":[\"https:\/\/kirkensbymisjon.no\/tilbud-holmen\/\"]}]},{\"@type\":\"ImageObject\",\"inLanguage\":\"nb-NO\",\"@id\":\"https:\/\/kirkensbymisjon.no\/tilbud-holmen\/#primaryimage\",\"url\":\"https:\/\/kirkensbymisjon.no\/content\/uploads\/sites\/16\/2024\/06\/Tilbud_Holmen_01.jpg\",\"contentUrl\":\"https:\/\/kirkensbymisjon.no\/content\/uploads\/sites\/16\/2024\/06\/Tilbud_Holmen_01.jpg\",\"width\":1134,\"height\":778,\"caption\":\"Mann som spiser et m\u00e5ltid\"},{\"@type\":\"BreadcrumbList\",\"@id\":\"https:\/\/kirkensbymisjon.no\/tilbud-holmen\/#breadcrumb\",\"itemListElement\":[{\"@type\":\"ListItem\",\"position\":1,\"name\":\"Hjem\",\"item\":\"https:\/\/kirkensbymisjon.no\/tilbud-holmen\/\"},{\"@type\":\"ListItem\",\"position\":2,\"name\":\"Forside\"}]},{\"@type\":\"WebSite\",\"@id\":\"https:\/\/kirkensbymisjon.no\/tilbud-holmen\/#website\",\"url\":\"https:\/\/kirkensbymisjon.no\/tilbud-holmen\/\",\"name\":\"Holmen\",\"description\":\"\",\"potentialAction\":[{\"@type\":\"SearchAction\",\"target\":{\"@type\":\"EntryPoint\",\"urlTemplate\":\"https:\/\/kirkensbymisjon.no\/tilbud-holmen\/?s={search_term_string}\"},\"query-input\":{\"@type\":\"PropertyValueSpecification\",\"valueRequired\":true,\"valueName\":\"search_term_string\"}}],\"inLanguage\":\"nb-NO\"}]}<\/script>\n<!-- \/ Yoast SEO Premium plugin. -->","yoast_head_json":{"title":"Kirkens Bymisjon - Holmen","description":"Vi er en rusfri d\u00f8gninstitusjon med korttidsplasser for mennesker med rusproblemer.","robots":{"index":"index","follow":"follow","max-snippet":"max-snippet:-1","max-image-preview":"max-image-preview:large","max-video-preview":"max-video-preview:-1"},"canonical":"https:\/\/kirkensbymisjon.no\/tilbud-holmen\/","og_locale":"nb_NO","og_type":"article","og_title":"Kirkens Bymisjon - Holmen","og_description":"Vi er en rusfri d\u00f8gninstitusjon med korttidsplasser for mennesker med rusproblemer.","og_url":"https:\/\/kirkensbymisjon.no\/tilbud-holmen\/","og_site_name":"Holmen","article_modified_time":"2024-10-17T10:34:17+00:00","og_image":[{"width":1134,"height":778,"url":"https:\/\/kirkensbymisjon.no\/content\/uploads\/sites\/16\/2024\/06\/Tilbud_Holmen_01.jpg","type":"image\/jpeg"}],"twitter_card":"summary_large_image","twitter_title":"Forside","twitter_misc":{"Ansl. lesetid":"2 minutter"},"schema":{"@context":"https:\/\/schema.org","@graph":[{"@type":"WebPage","@id":"https:\/\/kirkensbymisjon.no\/tilbud-holmen\/","url":"https:\/\/kirkensbymisjon.no\/tilbud-holmen\/","name":"Kirkens Bymisjon - Holmen","isPartOf":{"@id":"https:\/\/kirkensbymisjon.no\/tilbud-holmen\/#website"},"primaryImageOfPage":{"@id":"https:\/\/kirkensbymisjon.no\/tilbud-holmen\/#primaryimage"},"image":{"@id":"https:\/\/kirkensbymisjon.no\/tilbud-holmen\/#primaryimage"},"thumbnailUrl":"https:\/\/kirkensbymisjon.no\/content\/uploads\/sites\/16\/2024\/06\/Tilbud_Holmen_01.jpg","datePublished":"2024-06-18T09:21:45+00:00","dateModified":"2024-10-17T10:34:17+00:00","description":"Vi er en rusfri d\u00f8gninstitusjon med korttidsplasser for mennesker med rusproblemer.","breadcrumb":{"@id":"https:\/\/kirkensbymisjon.no\/tilbud-holmen\/#breadcrumb"},"inLanguage":"nb-NO","potentialAction":[{"@type":"ReadAction","target":["https:\/\/kirkensbymisjon.no\/tilbud-holmen\/"]}]},{"@type":"ImageObject","inLanguage":"nb-NO","@id":"https:\/\/kirkensbymisjon.no\/tilbud-holmen\/#primaryimage","url":"https:\/\/kirkensbymisjon.no\/content\/uploads\/sites\/16\/2024\/06\/Tilbud_Holmen_01.jpg","contentUrl":"https:\/\/kirkensbymisjon.no\/content\/uploads\/sites\/16\/2024\/06\/Tilbud_Holmen_01.jpg","width":1134,"height":778,"caption":"Mann som spiser et m\u00e5ltid"},{"@type":"BreadcrumbList","@id":"https:\/\/kirkensbymisjon.no\/tilbud-holmen\/#breadcrumb","itemListElement":[{"@type":"ListItem","position":1,"name":"Hjem","item":"https:\/\/kirkensbymisjon.no\/tilbud-holmen\/"},{"@type":"ListItem","position":2,"name":"Forside"}]},{"@type":"WebSite","@id":"https:\/\/kirkensbymisjon.no\/tilbud-holmen\/#website","url":"https:\/\/kirkensbymisjon.no\/tilbud-holmen\/","name":"Holmen","description":"","potentialAction":[{"@type":"SearchAction","target":{"@type":"EntryPoint","urlTemplate":"https:\/\/kirkensbymisjon.no\/tilbud-holmen\/?s={search_term_string}"},"query-input":{"@type":"PropertyValueSpecification","valueRequired":true,"valueName":"search_term_string"}}],"inLanguage":"nb-NO"}]}},"_links":{"self":[{"href":"https:\/\/kirkensbymisjon.no\/tilbud-holmen\/wp-json\/wp\/v2\/pages\/3","targetHints":{"allow":["GET"]}}],"collection":[{"href":"https:\/\/kirkensbymisjon.no\/tilbud-holmen\/wp-json\/wp\/v2\/pages"}],"about":[{"href":"https:\/\/kirkensbymisjon.no\/tilbud-holmen\/wp-json\/wp\/v2\/types\/page"}],"author":[{"embeddable":true,"href":"https:\/\/kirkensbymisjon.no\/tilbud-holmen\/wp-json\/wp\/v2\/users\/6"}],"replies":[{"embeddable":true,"href":"https:\/\/kirkensbymisjon.no\/tilbud-holmen\/wp-json\/wp\/v2\/comments?post=3"}],"version-history":[{"count":5,"href":"https:\/\/kirkensbymisjon.no\/tilbud-holmen\/wp-json\/wp\/v2\/pages\/3\/revisions"}],"predecessor-version":[{"id":63,"href":"https:\/\/kirkensbymisjon.no\/tilbud-holmen\/wp-json\/wp\/v2\/pages\/3\/revisions\/63"}],"wp:featuredmedia":[{"embeddable":true,"href":"https:\/\/kirkensbymisjon.no\/tilbud-holmen\/wp-json\/wp\/v2\/media\/17"}],"wp:attachment":[{"href":"https:\/\/kirkensbymisjon.no\/tilbud-holmen\/wp-json\/wp\/v2\/media?parent=3"}],"curies":[{"name":"wp","href":"https:\/\/api.w.org\/{rel}","templated":true}]}}