{"id":136,"date":"2024-09-20T13:01:26","date_gmt":"2024-09-20T11:01:26","guid":{"rendered":"https:\/\/kirkensbymisjon.no\/tilbud-home-start-familiekontakten\/?page_id=136"},"modified":"2025-02-10T10:53:18","modified_gmt":"2025-02-10T09:53:18","slug":"folgesvenn","status":"publish","type":"page","link":"https:\/\/kirkensbymisjon.no\/tilbud-home-start\/folgesvenn\/","title":{"rendered":"F\u00f8lgesvenn"},"content":{"rendered":"\n<h2 class=\"wp-block-heading\" id=\"h-prosjekt-folgesvenn\">Prosjekt F\u00f8lgesvenn<\/h2>\n\n\n\n<p>F\u00f8lgesvenn er et prosjekt som retter seg mot\u00a0innvandrerfamilier med barn med funksjonsnedsettelse eller kronisk syke barn som bor i Bergen. Familien m\u00e5 ha minst ett barn under skolealder for \u00e5 f\u00e5 hjelp innenfor \u00abHome-Start\u00bb sine rammer.<\/p>\n\n\n\n<p>De f\u00e5r ogs\u00e5 tilbud om \u00e5 v\u00e6re med i et foreldrenettverk som vi har etablert<strong>.&nbsp;<\/strong>Familier som har barn i skolealder f\u00e5r tilbud om \u00e5 v\u00e6re med i foreldrenettverket.<\/p>\n\n\n\n<p><strong>F\u00f8lgesvennprosjektet st\u00f8ttes av Grieg Foundation.<\/strong><\/p>\n\n\n\n<figure class=\"wp-block-image size-full is-resized\"><img loading=\"lazy\" decoding=\"async\" width=\"292\" height=\"103\" src=\"https:\/\/kirkensbymisjon.no\/content\/uploads\/sites\/94\/2025\/01\/Logo_Grieg-foundation.jpg\" alt=\"\" class=\"wp-image-204\" style=\"width:170px;height:auto\"\/><\/figure>\n\n\n\t<div class=\"wp-block-kbm-video\">\n\t\t\n\n<figure class=\"wp-block-embed is-type-video is-provider-vimeo wp-block-embed-vimeo wp-embed-aspect-16-9 wp-has-aspect-ratio\"><div class=\"wp-block-embed__wrapper\">\n<iframe loading=\"lazy\" title=\"F\u00f8lgesvenn, Bergen\" src=\"https:\/\/player.vimeo.com\/video\/796265897?dnt=1&amp;app_id=122963\" width=\"500\" height=\"281\" frameborder=\"0\" allow=\"autoplay; fullscreen; picture-in-picture; clipboard-write\"><\/iframe>\n<\/div><\/figure>\n\n\t\t<div class=\"kbm-video__content\" style=\"aspect-ratio: 16\/9\">\n\t\t\t<div class=\"kbm-video__play\">\n\t\t\t\t<span class=\"screen-reader-text\">Spill video<\/span>\n\t\t\t\t<svg xmlns=\"http:\/\/www.w3.org\/2000\/svg\" viewBox=\"0 0 48 48\" height=\"24\" width=\"24\" class=\"t2-icon t2-icon-play\" aria-hidden=\"true\" focusable=\"false\"><rect width=\"48\" height=\"48\" rx=\"24\"\/><path fill=\"currentColor\" d=\"M29.888 23.1913c.5491.3993.5491 1.2181 0 1.6174l-8.2998 6.0363c-.661.4807-1.5882.0085-1.5882-.8088V17.9638c0-.8173.9272-1.2895 1.5882-.8088l8.2998 6.0363Z\"\/><\/svg>\t\t\t\t\t\t\t\t\t<p class=\"kbm-video__subtext\">Home-Start: F\u00f8lgesvenn<\/p>\n\t\t\t\t\t\t\t<\/div>\n\t\t\t\t\t\t\t<h2 class=\"kbm-video__title\">Se film om hvordan du kan gj\u00f8re en forskjell for en familie<\/h2>\n\t\t\t\t\t\t<img loading=\"lazy\" decoding=\"async\" width=\"1701\" height=\"957\" src=\"https:\/\/kirkensbymisjon.no\/content\/uploads\/sites\/94\/2024\/08\/tilbud_home-start_03.png\" class=\"attachment-full size-full\" alt=\"To barn\" style=\"object-position: 50% 50%\" \/>\t\t<\/div>\n\t<\/div>\n\t\n\n\n<p>Prosjektet ble etablert som en f\u00f8lge av at HS observerte at denne gruppen foreldre har ekstra utfordringer knyttet til blant annet spr\u00e5k, kultur, hjelpeapparat, stigma, aksept fra egen kultur og nettverk. Prosjektet fyller et hjelpetilbud som ikke finnes ellers i hjelpeapparatet.<\/p>\n\n\n\n<p>Prosjektet har som m\u00e5l \u00e5 skape bedre hverdager, \u00f8ke kunnskap og livskvaliteten til familiene.<\/p>\n\n\n\n<p><strong>Fokusomr\u00e5der i foreldrenettverket:<\/strong><\/p>\n\n\n\n<ul class=\"wp-block-list\">\n<li>Spr\u00e5k og kommunikasjonsbarrierer med hjelpeapparatet.<\/li>\n\n\n\n<li>Fordommer, tabuer og livssyn b\u00e5de i hjelpeapparatet og innad i egen kultur.<\/li>\n<\/ul>\n\n\n\n<p>M\u00e5let er \u00e5 gi st\u00f8tte, danne nettverk og kunnskap og utveksle erfaringer.<\/p>\n","protected":false},"excerpt":{"rendered":"<p>Prosjekt F\u00f8lgesvenn F\u00f8lgesvenn er et prosjekt som retter seg mot\u00a0innvandrerfamilier med barn med funksjonsnedsettelse eller&hellip;<\/p>\n","protected":false},"author":5,"featured_media":0,"parent":0,"menu_order":0,"comment_status":"closed","ping_status":"closed","template":"","meta":{"_relevanssi_hide_post":"","_relevanssi_hide_content":"","_relevanssi_pin_for_all":"","_relevanssi_pin_keywords":"","_relevanssi_unpin_keywords":"","_relevanssi_related_keywords":"","_relevanssi_related_include_ids":"","_relevanssi_related_exclude_ids":"","_relevanssi_related_no_append":"","_relevanssi_related_not_related":"","_relevanssi_related_posts":"1","_relevanssi_noindex_reason":"","editor_notices":[],"footnotes":""},"class_list":["post-136","page","type-page","status-publish","hentry"],"yoast_head":"<!-- This site is optimized with the Yoast SEO Premium plugin v27.2 (Yoast SEO v27.2) - https:\/\/yoast.com\/product\/yoast-seo-premium-wordpress\/ -->\n<title>F\u00f8lgesvenn - Home-Start<\/title>\n<meta name=\"robots\" content=\"index, follow, max-snippet:-1, max-image-preview:large, max-video-preview:-1\" \/>\n<link rel=\"canonical\" href=\"https:\/\/kirkensbymisjon.no\/tilbud-home-start\/folgesvenn\/\" \/>\n<meta property=\"og:locale\" content=\"nb_NO\" \/>\n<meta property=\"og:type\" content=\"article\" \/>\n<meta property=\"og:title\" content=\"F\u00f8lgesvenn\" \/>\n<meta property=\"og:description\" content=\"Prosjekt F\u00f8lgesvenn F\u00f8lgesvenn er et prosjekt som retter seg mot\u00a0innvandrerfamilier med barn med funksjonsnedsettelse eller&hellip;\" \/>\n<meta property=\"og:url\" content=\"https:\/\/kirkensbymisjon.no\/tilbud-home-start\/folgesvenn\/\" \/>\n<meta property=\"og:site_name\" content=\"Home-Start\" \/>\n<meta property=\"article:modified_time\" content=\"2025-02-10T09:53:18+00:00\" \/>\n<meta property=\"og:image\" content=\"https:\/\/kirkensbymisjon.no\/content\/uploads\/sites\/94\/2025\/01\/Logo_Grieg-foundation.jpg\" \/>\n<meta name=\"twitter:card\" content=\"summary_large_image\" \/>\n<meta name=\"twitter:label1\" content=\"Ansl. lesetid\" \/>\n\t<meta name=\"twitter:data1\" content=\"2 minutter\" \/>\n<script type=\"application\/ld+json\" class=\"yoast-schema-graph\">{\"@context\":\"https:\/\/schema.org\",\"@graph\":[{\"@type\":\"WebPage\",\"@id\":\"https:\/\/kirkensbymisjon.no\/tilbud-home-start\/folgesvenn\/\",\"url\":\"https:\/\/kirkensbymisjon.no\/tilbud-home-start\/folgesvenn\/\",\"name\":\"F\u00f8lgesvenn - Home-Start\",\"isPartOf\":{\"@id\":\"https:\/\/kirkensbymisjon.no\/tilbud-home-start\/#website\"},\"primaryImageOfPage\":{\"@id\":\"https:\/\/kirkensbymisjon.no\/tilbud-home-start\/folgesvenn\/#primaryimage\"},\"image\":{\"@id\":\"https:\/\/kirkensbymisjon.no\/tilbud-home-start\/folgesvenn\/#primaryimage\"},\"thumbnailUrl\":\"https:\/\/kirkensbymisjon.no\/content\/uploads\/sites\/94\/2025\/01\/Logo_Grieg-foundation.jpg\",\"datePublished\":\"2024-09-20T11:01:26+00:00\",\"dateModified\":\"2025-02-10T09:53:18+00:00\",\"breadcrumb\":{\"@id\":\"https:\/\/kirkensbymisjon.no\/tilbud-home-start\/folgesvenn\/#breadcrumb\"},\"inLanguage\":\"nb-NO\",\"potentialAction\":[{\"@type\":\"ReadAction\",\"target\":[\"https:\/\/kirkensbymisjon.no\/tilbud-home-start\/folgesvenn\/\"]}]},{\"@type\":\"ImageObject\",\"inLanguage\":\"nb-NO\",\"@id\":\"https:\/\/kirkensbymisjon.no\/tilbud-home-start\/folgesvenn\/#primaryimage\",\"url\":\"https:\/\/kirkensbymisjon.no\/content\/uploads\/sites\/94\/2025\/01\/Logo_Grieg-foundation.jpg\",\"contentUrl\":\"https:\/\/kirkensbymisjon.no\/content\/uploads\/sites\/94\/2025\/01\/Logo_Grieg-foundation.jpg\"},{\"@type\":\"BreadcrumbList\",\"@id\":\"https:\/\/kirkensbymisjon.no\/tilbud-home-start\/folgesvenn\/#breadcrumb\",\"itemListElement\":[{\"@type\":\"ListItem\",\"position\":1,\"name\":\"Hjem\",\"item\":\"https:\/\/kirkensbymisjon.no\/tilbud-home-start\/\"},{\"@type\":\"ListItem\",\"position\":2,\"name\":\"F\u00f8lgesvenn\"}]},{\"@type\":\"WebSite\",\"@id\":\"https:\/\/kirkensbymisjon.no\/tilbud-home-start\/#website\",\"url\":\"https:\/\/kirkensbymisjon.no\/tilbud-home-start\/\",\"name\":\"Home-Start\",\"description\":\"\",\"potentialAction\":[{\"@type\":\"SearchAction\",\"target\":{\"@type\":\"EntryPoint\",\"urlTemplate\":\"https:\/\/kirkensbymisjon.no\/tilbud-home-start\/?s={search_term_string}\"},\"query-input\":{\"@type\":\"PropertyValueSpecification\",\"valueRequired\":true,\"valueName\":\"search_term_string\"}}],\"inLanguage\":\"nb-NO\"}]}<\/script>\n<!-- \/ Yoast SEO Premium plugin. -->","yoast_head_json":{"title":"F\u00f8lgesvenn - Home-Start","robots":{"index":"index","follow":"follow","max-snippet":"max-snippet:-1","max-image-preview":"max-image-preview:large","max-video-preview":"max-video-preview:-1"},"canonical":"https:\/\/kirkensbymisjon.no\/tilbud-home-start\/folgesvenn\/","og_locale":"nb_NO","og_type":"article","og_title":"F\u00f8lgesvenn","og_description":"Prosjekt F\u00f8lgesvenn F\u00f8lgesvenn er et prosjekt som retter seg mot\u00a0innvandrerfamilier med barn med funksjonsnedsettelse eller&hellip;","og_url":"https:\/\/kirkensbymisjon.no\/tilbud-home-start\/folgesvenn\/","og_site_name":"Home-Start","article_modified_time":"2025-02-10T09:53:18+00:00","og_image":[{"url":"https:\/\/kirkensbymisjon.no\/content\/uploads\/sites\/94\/2025\/01\/Logo_Grieg-foundation.jpg","type":"","width":"","height":""}],"twitter_card":"summary_large_image","twitter_misc":{"Ansl. lesetid":"2 minutter"},"schema":{"@context":"https:\/\/schema.org","@graph":[{"@type":"WebPage","@id":"https:\/\/kirkensbymisjon.no\/tilbud-home-start\/folgesvenn\/","url":"https:\/\/kirkensbymisjon.no\/tilbud-home-start\/folgesvenn\/","name":"F\u00f8lgesvenn - Home-Start","isPartOf":{"@id":"https:\/\/kirkensbymisjon.no\/tilbud-home-start\/#website"},"primaryImageOfPage":{"@id":"https:\/\/kirkensbymisjon.no\/tilbud-home-start\/folgesvenn\/#primaryimage"},"image":{"@id":"https:\/\/kirkensbymisjon.no\/tilbud-home-start\/folgesvenn\/#primaryimage"},"thumbnailUrl":"https:\/\/kirkensbymisjon.no\/content\/uploads\/sites\/94\/2025\/01\/Logo_Grieg-foundation.jpg","datePublished":"2024-09-20T11:01:26+00:00","dateModified":"2025-02-10T09:53:18+00:00","breadcrumb":{"@id":"https:\/\/kirkensbymisjon.no\/tilbud-home-start\/folgesvenn\/#breadcrumb"},"inLanguage":"nb-NO","potentialAction":[{"@type":"ReadAction","target":["https:\/\/kirkensbymisjon.no\/tilbud-home-start\/folgesvenn\/"]}]},{"@type":"ImageObject","inLanguage":"nb-NO","@id":"https:\/\/kirkensbymisjon.no\/tilbud-home-start\/folgesvenn\/#primaryimage","url":"https:\/\/kirkensbymisjon.no\/content\/uploads\/sites\/94\/2025\/01\/Logo_Grieg-foundation.jpg","contentUrl":"https:\/\/kirkensbymisjon.no\/content\/uploads\/sites\/94\/2025\/01\/Logo_Grieg-foundation.jpg"},{"@type":"BreadcrumbList","@id":"https:\/\/kirkensbymisjon.no\/tilbud-home-start\/folgesvenn\/#breadcrumb","itemListElement":[{"@type":"ListItem","position":1,"name":"Hjem","item":"https:\/\/kirkensbymisjon.no\/tilbud-home-start\/"},{"@type":"ListItem","position":2,"name":"F\u00f8lgesvenn"}]},{"@type":"WebSite","@id":"https:\/\/kirkensbymisjon.no\/tilbud-home-start\/#website","url":"https:\/\/kirkensbymisjon.no\/tilbud-home-start\/","name":"Home-Start","description":"","potentialAction":[{"@type":"SearchAction","target":{"@type":"EntryPoint","urlTemplate":"https:\/\/kirkensbymisjon.no\/tilbud-home-start\/?s={search_term_string}"},"query-input":{"@type":"PropertyValueSpecification","valueRequired":true,"valueName":"search_term_string"}}],"inLanguage":"nb-NO"}]}},"_links":{"self":[{"href":"https:\/\/kirkensbymisjon.no\/tilbud-home-start\/wp-json\/wp\/v2\/pages\/136","targetHints":{"allow":["GET"]}}],"collection":[{"href":"https:\/\/kirkensbymisjon.no\/tilbud-home-start\/wp-json\/wp\/v2\/pages"}],"about":[{"href":"https:\/\/kirkensbymisjon.no\/tilbud-home-start\/wp-json\/wp\/v2\/types\/page"}],"author":[{"embeddable":true,"href":"https:\/\/kirkensbymisjon.no\/tilbud-home-start\/wp-json\/wp\/v2\/users\/5"}],"replies":[{"embeddable":true,"href":"https:\/\/kirkensbymisjon.no\/tilbud-home-start\/wp-json\/wp\/v2\/comments?post=136"}],"version-history":[{"count":5,"href":"https:\/\/kirkensbymisjon.no\/tilbud-home-start\/wp-json\/wp\/v2\/pages\/136\/revisions"}],"predecessor-version":[{"id":208,"href":"https:\/\/kirkensbymisjon.no\/tilbud-home-start\/wp-json\/wp\/v2\/pages\/136\/revisions\/208"}],"wp:attachment":[{"href":"https:\/\/kirkensbymisjon.no\/tilbud-home-start\/wp-json\/wp\/v2\/media?parent=136"}],"curies":[{"name":"wp","href":"https:\/\/api.w.org\/{rel}","templated":true}]}}