{"id":23,"date":"2024-08-16T12:21:27","date_gmt":"2024-08-16T10:21:27","guid":{"rendered":"https:\/\/kirkensbymisjon.no\/tilbud-home-start-familiekontakten\/?page_id=23"},"modified":"2026-03-06T11:48:46","modified_gmt":"2026-03-06T10:48:46","slug":"bli-frivillig","status":"publish","type":"page","link":"https:\/\/kirkensbymisjon.no\/tilbud-home-start\/bli-frivillig\/","title":{"rendered":"Bli frivillig"},"content":{"rendered":"\n<h2 class=\"wp-block-heading\" id=\"h-bli-frivillig\">Bli frivillig<\/h2>\n\n\n\n<p>V\u00e5r oppgave er \u00e5 v\u00e6re en st\u00f8tte for familier som \u00f8nsker hjelp fra oss. I \u00abHome-Start\u00bb m\u00f8ter vi mange familier, og de har alle ulike behov. \u00c5 v\u00e6re familiekontakt kan inneb\u00e6re lek og aktivitet med barn, avlastning for foreldre, v\u00e6re en st\u00f8tte for foreldre og et lyspunkt i familiens hverdag.<\/p>\n\n\n\n<p>Koordinator vil legge til rette for at du f\u00e5r oppgaver du \u00f8nsker og trives med. En familiekontakt f\u00f8lger kun \u00e9n familie i hvert oppdrag, og bes\u00f8ker \u00e9n gang i uka, 2\u20134 timer i ca. et halvt \u00e5r.<\/p>\n\n\n\n<h3 class=\"wp-block-heading\" id=\"h-vil-du-bidra-som-frivillig\"><strong>Vil du bidra som frivillig?<\/strong><\/h3>\n\n\n\n<ul class=\"wp-block-list\">\n<li><strong>Bergen<\/strong>: <a href=\"https:\/\/forms.office.com\/Pages\/ResponsePage.aspx?id=gi4gAoiyy0qLCn-EBKR82xBVkXZPsXtJrVgHnzosyMhUOFhON1EzVlJDQVEwWktZNkVUM0VFWURVQS4u\" target=\"_blank\" rel=\"noreferrer noopener\">Fyll ut kontaktskjemaet<\/a>.<\/li>\n\n\n\n<li><strong>Karm\u00f8y, Haugesund og Tysv\u00e6r<\/strong>: <a href=\"https:\/\/forms.office.com\/Pages\/ResponsePage.aspx?id=gi4gAoiyy0qLCn-EBKR82xBVkXZPsXtJrVgHnzosyMhUNkNFOE1YS0pVQzgwOFY1NlRSNzVOQUlKVy4u\" target=\"_blank\" rel=\"noreferrer noopener\">Fyll ut kontaktskjemaet<\/a>.<\/li>\n\n\n\n<li><strong>Moss, R\u00e5de og V\u00e5ler<\/strong>: <a href=\"https:\/\/forms.office.com\/Pages\/ResponsePage.aspx?id=gi4gAoiyy0qLCn-EBKR82xBVkXZPsXtJrVgHnzosyMhUMjJQRElZU1NZRkhHNVNTMzExRk5QMUcxMi4u\" target=\"_blank\" rel=\"noreferrer noopener\">Fyll ut kontaktskjemaet<\/a>.<\/li>\n\n\n\n<li><strong>Troms\u00f8<\/strong>: <a href=\"https:\/\/www.homestartnorge.no\/kurs\/frivilligkurs-home-start-tromso\">Fyll ut kontaktskjemaet<\/a> <em>(scroll ned p\u00e5 siden til &laquo;frivilligkurs&raquo; under &laquo;praktisk informasjon&raquo;.<\/em><\/li>\n\n\n\n<li><strong>Trondheim og Malvik<\/strong>: <a href=\"https:\/\/forms.office.com\/Pages\/ResponsePage.aspx?id=gi4gAoiyy0qLCn-EBKR82xBVkXZPsXtJrVgHnzosyMhUOFJXRzZBVTY4MDdCRzRQSThYVUtFM0Y5Si4u\" target=\"_blank\" rel=\"noreferrer noopener\">Fyll ut kontaktskjemaet<\/a>.<\/li>\n\n\n\n<li><strong>Voss<\/strong>: <a href=\"\/tilbud-home-start\/kontaktinformasjon\/#voss\">Ta kontakt.<\/a><\/li>\n<\/ul>\n\n\n\n<p><a href=\"https:\/\/kirkensbymisjon.no\/tilbud-home-start\/bli-frivillig\/#frivillighet-info\">Mer informasjon om \u00e5 bli frivillig hos Home-Start<\/a>.<\/p>\n\n\n\t<div class=\"alignfull wp-block-kbm-gallery\" data-scroll=\"1\">\n\t\t<div class=\"kbm-gallery__scroll\">\n\t\t\t<div class=\"kbm-gallery__wrapper\">\n\t\t\t\t\n\n<figure class=\"wp-block-gallery has-nested-images columns-default is-cropped wp-block-gallery-1 is-layout-flex wp-block-gallery-is-layout-flex\">\n<figure class=\"wp-block-image size-large\"><img loading=\"lazy\" decoding=\"async\" width=\"1000\" height=\"500\" data-id=\"41\" src=\"https:\/\/kirkensbymisjon.no\/content\/uploads\/sites\/94\/2024\/08\/tilbud_home-start_04.jpg\" alt=\"Eldre kvinne og to barn\" class=\"wp-image-41\" srcset=\"https:\/\/kirkensbymisjon.no\/content\/uploads\/sites\/94\/2024\/08\/tilbud_home-start_04.jpg 1000w, https:\/\/kirkensbymisjon.no\/content\/uploads\/sites\/94\/2024\/08\/tilbud_home-start_04-300x150.jpg 300w, https:\/\/kirkensbymisjon.no\/content\/uploads\/sites\/94\/2024\/08\/tilbud_home-start_04-768x384.jpg 768w\" sizes=\"auto, (max-width: 1000px) 100vw, 1000px\" \/><\/figure>\n\n\n\n<figure class=\"wp-block-image size-large\"><img loading=\"lazy\" decoding=\"async\" width=\"670\" height=\"447\" data-id=\"77\" src=\"https:\/\/kirkensbymisjon.no\/content\/uploads\/sites\/94\/2024\/08\/tilbud_home-start_06.jpg\" alt=\"En sm\u00e5barnsfamilie og en frivillig\" class=\"wp-image-77\" srcset=\"https:\/\/kirkensbymisjon.no\/content\/uploads\/sites\/94\/2024\/08\/tilbud_home-start_06.jpg 670w, https:\/\/kirkensbymisjon.no\/content\/uploads\/sites\/94\/2024\/08\/tilbud_home-start_06-300x200.jpg 300w\" sizes=\"auto, (max-width: 670px) 100vw, 670px\" \/><\/figure>\n<\/figure>\n\n\t\t\t<\/div>\n\t\t<\/div>\n\t<\/div>\n\t\n\n\n<h2 class=\"wp-block-heading\" id=\"frivillighet-info\">Informasjon om frivillighet i Home-Start<\/h2>\n\n\n<div class=\"t2-accordion wp-block-t2-accordion\" data-allow-multiple=\"1\" role=\"list\">\n<div class=\"t2-accordion-item wp-block-t2-accordion-item\" role=\"listitem\">\n\t\t\t<h2 class=\"t2-accordion-title\">\n\t\t\t\t<button type=\"button\" class=\"t2-accordion-trigger\" id=\"vi-s\u00f8ker-etter-frivillige-som\" aria-controls=\"accordion-panel\" aria-expanded=\"false\">\n\t\t\t\t\tVi s\u00f8ker etter frivillige som\n\t\t\t\t\t<span class=\"t2-accordion-icon is-closed-icon\"><svg xmlns=\"http:\/\/www.w3.org\/2000\/svg\" viewBox=\"0 0 24 24\" height=\"24\" width=\"24\" class=\"t2-icon t2-icon-plus\" aria-hidden=\"true\" focusable=\"false\"><path d=\"M11.8 5.037a1.088 1.088 0 0 0-.722.566c-.075.148-.078.25-.078 2.772v2.619l-2.61.016c-1.867.012-2.652.03-2.756.064-.168.055-.438.301-.54.494-.049.092-.07.223-.07.432 0 .34.054.476.282.704.289.289.14.275 3.064.288l2.63.012v2.619c0 2.544.002 2.625.08 2.778.191.372.516.577.92.577s.729-.205.92-.577c.078-.153.08-.234.08-2.778v-2.619l2.63-.012c2.924-.013 2.775.001 3.064-.288.228-.228.282-.364.282-.704 0-.209-.021-.34-.07-.432-.102-.193-.372-.439-.54-.494-.104-.034-.889-.052-2.756-.064L13 10.994V8.375c0-2.522-.003-2.624-.078-2.772-.214-.418-.685-.656-1.122-.566\"\/><\/svg><\/span>\n\t\t\t\t\t<span class=\"t2-accordion-icon is-open-icon\"><svg xmlns=\"http:\/\/www.w3.org\/2000\/svg\" viewBox=\"0 0 24 24\" height=\"24\" width=\"24\" class=\"t2-icon t2-icon-chevronup\" aria-hidden=\"true\" focusable=\"false\"><path d=\"M6.7 14.7c-.2-.2-.3-.4-.3-.7s.1-.5.3-.7l4.6-4.6c.1-.1.2-.2.3-.2.1 0 .2-.1.4-.1.1 0 .3 0 .4.1.1 0 .2.1.3.2l4.6 4.6c.2.2.3.4.3.7s-.1.5-.3.7c-.2.2-.4.3-.7.3s-.5-.1-.7-.3L12 10.8l-3.9 3.9c-.2.2-.4.3-.7.3s-.5-.1-.7-.3z\" fill=\"currentColor\" \/><\/svg><\/span>\n\t\t\t\t<\/button>\n\t\t\t<\/h2>\n\t\t\t<div class=\"t2-accordion-item__inner-container is-layout-flow\" id=\"accordion-panel\" aria-labelledby=\"vi-s\u00f8ker-etter-frivillige-som\" role=\"region\" hidden>\n\t\t\t\t\n\n<ul class=\"wp-block-list\">\n<li>Har foreldreerfaring eller annen relevant erfaring med barn og familier.<\/li>\n\n\n\n<li>Har tid til ukentlige bes\u00f8k.<\/li>\n\n\n\n<li>Er ansvarsbevisst, lyttende og omsorgsfull.<\/li>\n\n\n\n<li>Er over 20 \u00e5r.<\/li>\n\n\n\n<li>Personlig egnethet vektlegges.<\/li>\n<\/ul>\n\n\n\t\t\t<\/div>\n\t\t<\/div>\n\n<div class=\"t2-accordion-item wp-block-t2-accordion-item\" role=\"listitem\">\n\t\t\t<h2 class=\"t2-accordion-title\">\n\t\t\t\t<button type=\"button\" class=\"t2-accordion-trigger\" id=\"prosessen-for-\u00e5-bli-frivillig-hos-oss\" aria-controls=\"accordion-panel-1\" aria-expanded=\"false\">\n\t\t\t\t\tProsessen for \u00e5 bli frivillig hos oss\n\t\t\t\t\t<span class=\"t2-accordion-icon is-closed-icon\"><svg xmlns=\"http:\/\/www.w3.org\/2000\/svg\" viewBox=\"0 0 24 24\" height=\"24\" width=\"24\" class=\"t2-icon t2-icon-plus\" aria-hidden=\"true\" focusable=\"false\"><path d=\"M11.8 5.037a1.088 1.088 0 0 0-.722.566c-.075.148-.078.25-.078 2.772v2.619l-2.61.016c-1.867.012-2.652.03-2.756.064-.168.055-.438.301-.54.494-.049.092-.07.223-.07.432 0 .34.054.476.282.704.289.289.14.275 3.064.288l2.63.012v2.619c0 2.544.002 2.625.08 2.778.191.372.516.577.92.577s.729-.205.92-.577c.078-.153.08-.234.08-2.778v-2.619l2.63-.012c2.924-.013 2.775.001 3.064-.288.228-.228.282-.364.282-.704 0-.209-.021-.34-.07-.432-.102-.193-.372-.439-.54-.494-.104-.034-.889-.052-2.756-.064L13 10.994V8.375c0-2.522-.003-2.624-.078-2.772-.214-.418-.685-.656-1.122-.566\"\/><\/svg><\/span>\n\t\t\t\t\t<span class=\"t2-accordion-icon is-open-icon\"><svg xmlns=\"http:\/\/www.w3.org\/2000\/svg\" viewBox=\"0 0 24 24\" height=\"24\" width=\"24\" class=\"t2-icon t2-icon-chevronup\" aria-hidden=\"true\" focusable=\"false\"><path d=\"M6.7 14.7c-.2-.2-.3-.4-.3-.7s.1-.5.3-.7l4.6-4.6c.1-.1.2-.2.3-.2.1 0 .2-.1.4-.1.1 0 .3 0 .4.1.1 0 .2.1.3.2l4.6 4.6c.2.2.3.4.3.7s-.1.5-.3.7c-.2.2-.4.3-.7.3s-.5-.1-.7-.3L12 10.8l-3.9 3.9c-.2.2-.4.3-.7.3s-.5-.1-.7-.3z\" fill=\"currentColor\" \/><\/svg><\/span>\n\t\t\t\t<\/button>\n\t\t\t<\/h2>\n\t\t\t<div class=\"t2-accordion-item__inner-container is-layout-flow\" id=\"accordion-panel-1\" aria-labelledby=\"prosessen-for-\u00e5-bli-frivillig-hos-oss\" role=\"region\" hidden>\n\t\t\t\t\n\n<ul class=\"wp-block-list\">\n<li>Registrere deg som frivillig i skjemaet under.<\/li>\n\n\n\n<li>Samtale med koordinator hjemme hos deg.<\/li>\n\n\n\n<li>Levere politiattest.<\/li>\n\n\n\n<li>Delta p\u00e5 et forberedelseskurs over flere timer.<\/li>\n<\/ul>\n\n\n\t\t\t<\/div>\n\t\t<\/div>\n\n<div class=\"t2-accordion-item wp-block-t2-accordion-item\" role=\"listitem\">\n\t\t\t<h2 class=\"t2-accordion-title\">\n\t\t\t\t<button type=\"button\" class=\"t2-accordion-trigger\" id=\"informasjon-om-forberedelseskurset\" aria-controls=\"accordion-panel-2\" aria-expanded=\"false\">\n\t\t\t\t\tInformasjon om forberedelseskurset\n\t\t\t\t\t<span class=\"t2-accordion-icon is-closed-icon\"><svg xmlns=\"http:\/\/www.w3.org\/2000\/svg\" viewBox=\"0 0 24 24\" height=\"24\" width=\"24\" class=\"t2-icon t2-icon-plus\" aria-hidden=\"true\" focusable=\"false\"><path d=\"M11.8 5.037a1.088 1.088 0 0 0-.722.566c-.075.148-.078.25-.078 2.772v2.619l-2.61.016c-1.867.012-2.652.03-2.756.064-.168.055-.438.301-.54.494-.049.092-.07.223-.07.432 0 .34.054.476.282.704.289.289.14.275 3.064.288l2.63.012v2.619c0 2.544.002 2.625.08 2.778.191.372.516.577.92.577s.729-.205.92-.577c.078-.153.08-.234.08-2.778v-2.619l2.63-.012c2.924-.013 2.775.001 3.064-.288.228-.228.282-.364.282-.704 0-.209-.021-.34-.07-.432-.102-.193-.372-.439-.54-.494-.104-.034-.889-.052-2.756-.064L13 10.994V8.375c0-2.522-.003-2.624-.078-2.772-.214-.418-.685-.656-1.122-.566\"\/><\/svg><\/span>\n\t\t\t\t\t<span class=\"t2-accordion-icon is-open-icon\"><svg xmlns=\"http:\/\/www.w3.org\/2000\/svg\" viewBox=\"0 0 24 24\" height=\"24\" width=\"24\" class=\"t2-icon t2-icon-chevronup\" aria-hidden=\"true\" focusable=\"false\"><path d=\"M6.7 14.7c-.2-.2-.3-.4-.3-.7s.1-.5.3-.7l4.6-4.6c.1-.1.2-.2.3-.2.1 0 .2-.1.4-.1.1 0 .3 0 .4.1.1 0 .2.1.3.2l4.6 4.6c.2.2.3.4.3.7s-.1.5-.3.7c-.2.2-.4.3-.7.3s-.5-.1-.7-.3L12 10.8l-3.9 3.9c-.2.2-.4.3-.7.3s-.5-.1-.7-.3z\" fill=\"currentColor\" \/><\/svg><\/span>\n\t\t\t\t<\/button>\n\t\t\t<\/h2>\n\t\t\t<div class=\"t2-accordion-item__inner-container is-layout-flow\" id=\"accordion-panel-2\" aria-labelledby=\"informasjon-om-forberedelseskurset\" role=\"region\" hidden>\n\t\t\t\t\n\n<p>Du f\u00e5r et forberedelseskurs over flere timer, god oppf\u00f8lging og veiledning s\u00e5 lenge du er familiekontakt.<\/p>\n\n\n\n<p>Kurset inneholder b\u00e5de foredrag og refleksjonsoppgaver om ulike tema. Kursene ledes av koordinatorene i avdelingen.<\/p>\n\n\n\n<p><strong>Temaer p\u00e5 kurset er bl.a.:<\/strong><\/p>\n\n\n\n<ul class=\"wp-block-list\">\n<li>Informasjon om \u00abHome-Start\u00bb og rollen som familiekontakt.<\/li>\n\n\n\n<li>Verdier og holdninger.<\/li>\n\n\n\n<li>Hjemmebes\u00f8k.<\/li>\n\n\n\n<li>Taushetsplikt.<\/li>\n\n\n\n<li>Oppvekst, barn og foreldrerollen.<\/li>\n\n\n\n<li>Kommunikasjon i en st\u00f8ttende relasjon.<\/li>\n\n\n\n<li>Engasjement og grenser som frivillig.<\/li>\n\n\n\n<li>Inkluderingsarbeid.<\/li>\n\n\n\n<li>Kronisk sykdom og funksjonsnedsettelse i familier.<\/li>\n<\/ul>\n\n\n\n<p>I den perioden du er familiekontakt vil du f\u00e5 oppf\u00f8lgning fra koordinator. <br>Du vil ogs\u00e5 f\u00e5 tilbud om sosiale og faglige samlinger.<\/p>\n\n\n\t\t\t<\/div>\n\t\t<\/div>\n\n<div class=\"t2-accordion-item wp-block-t2-accordion-item\" role=\"listitem\">\n\t\t\t<h2 class=\"t2-accordion-title\">\n\t\t\t\t<button type=\"button\" class=\"t2-accordion-trigger\" id=\"registrere-deg-som-frivillig?\" aria-controls=\"accordion-panel-3\" aria-expanded=\"false\">\n\t\t\t\t\tRegistrere deg som frivillig?\n\t\t\t\t\t<span class=\"t2-accordion-icon is-closed-icon\"><svg xmlns=\"http:\/\/www.w3.org\/2000\/svg\" viewBox=\"0 0 24 24\" height=\"24\" width=\"24\" class=\"t2-icon t2-icon-plus\" aria-hidden=\"true\" focusable=\"false\"><path d=\"M11.8 5.037a1.088 1.088 0 0 0-.722.566c-.075.148-.078.25-.078 2.772v2.619l-2.61.016c-1.867.012-2.652.03-2.756.064-.168.055-.438.301-.54.494-.049.092-.07.223-.07.432 0 .34.054.476.282.704.289.289.14.275 3.064.288l2.63.012v2.619c0 2.544.002 2.625.08 2.778.191.372.516.577.92.577s.729-.205.92-.577c.078-.153.08-.234.08-2.778v-2.619l2.63-.012c2.924-.013 2.775.001 3.064-.288.228-.228.282-.364.282-.704 0-.209-.021-.34-.07-.432-.102-.193-.372-.439-.54-.494-.104-.034-.889-.052-2.756-.064L13 10.994V8.375c0-2.522-.003-2.624-.078-2.772-.214-.418-.685-.656-1.122-.566\"\/><\/svg><\/span>\n\t\t\t\t\t<span class=\"t2-accordion-icon is-open-icon\"><svg xmlns=\"http:\/\/www.w3.org\/2000\/svg\" viewBox=\"0 0 24 24\" height=\"24\" width=\"24\" class=\"t2-icon t2-icon-chevronup\" aria-hidden=\"true\" focusable=\"false\"><path d=\"M6.7 14.7c-.2-.2-.3-.4-.3-.7s.1-.5.3-.7l4.6-4.6c.1-.1.2-.2.3-.2.1 0 .2-.1.4-.1.1 0 .3 0 .4.1.1 0 .2.1.3.2l4.6 4.6c.2.2.3.4.3.7s-.1.5-.3.7c-.2.2-.4.3-.7.3s-.5-.1-.7-.3L12 10.8l-3.9 3.9c-.2.2-.4.3-.7.3s-.5-.1-.7-.3z\" fill=\"currentColor\" \/><\/svg><\/span>\n\t\t\t\t<\/button>\n\t\t\t<\/h2>\n\t\t\t<div class=\"t2-accordion-item__inner-container is-layout-flow\" id=\"accordion-panel-3\" aria-labelledby=\"registrere-deg-som-frivillig?\" role=\"region\" hidden>\n\t\t\t\t\n\n<p><a href=\"\/tilbud-home-start\/kontaktinformasjon\/\">Ta kontakt<\/a> for \u00e5 registrere deg som frivillig.<\/p>\n\n\n\t\t\t<\/div>\n\t\t<\/div>\n<\/div>\n\n\n<div class=\"wp-block-media-text alignwide is-stacked-on-mobile is-style-filled\"><figure class=\"wp-block-media-text__media\"><img decoding=\"async\" src=\"https:\/\/kirkensbymisjon.no\/content\/uploads\/2024\/09\/Standard_Bli-frivillig_02-1024x633.jpg\" alt=\"Frivillige medarbeidere\" class=\"wp-image-3049 size-full\"\/><\/figure><div class=\"wp-block-media-text__content\">\n<h2 class=\"wp-block-heading\" id=\"h-bli-frivillig-nbsp\"><strong>Bli frivillig!<\/strong>&nbsp;<\/h2>\n\n\n\n<p>Vi trenger deg som \u00f8nsker \u00e5 gj\u00f8re en frivillig innsats til nytte og glede for andre og deg selv. Gjennom frivillig engasjement kan du bruke din erfaring og kompetanse \u2013 eller l\u00e6re noe nytt.&nbsp;<\/p>\n\n\n\n<p><a href=\"\/bli-frivillig\">Les mer om frivillighet<\/a><\/p>\n<\/div><\/div>\n","protected":false},"excerpt":{"rendered":"<p>Bli frivillig V\u00e5r oppgave er \u00e5 v\u00e6re en st\u00f8tte for familier som \u00f8nsker hjelp fra&hellip;<\/p>\n","protected":false},"author":5,"featured_media":0,"parent":0,"menu_order":0,"comment_status":"closed","ping_status":"closed","template":"","meta":{"_relevanssi_hide_post":"","_relevanssi_hide_content":"","_relevanssi_pin_for_all":"","_relevanssi_pin_keywords":"","_relevanssi_unpin_keywords":"","_relevanssi_related_keywords":"","_relevanssi_related_include_ids":"","_relevanssi_related_exclude_ids":"","_relevanssi_related_no_append":"","_relevanssi_related_not_related":"","_relevanssi_related_posts":"1","_relevanssi_noindex_reason":"","editor_notices":[],"footnotes":""},"class_list":["post-23","page","type-page","status-publish","hentry"],"yoast_head":"<!-- This site is optimized with the Yoast SEO Premium plugin v27.2 (Yoast SEO v27.2) - https:\/\/yoast.com\/product\/yoast-seo-premium-wordpress\/ -->\n<title>Bli frivillig - Home-Start<\/title>\n<meta name=\"robots\" content=\"index, follow, max-snippet:-1, max-image-preview:large, max-video-preview:-1\" \/>\n<link rel=\"canonical\" href=\"https:\/\/kirkensbymisjon.no\/tilbud-home-start\/bli-frivillig\/\" \/>\n<meta property=\"og:locale\" content=\"nb_NO\" \/>\n<meta property=\"og:type\" content=\"article\" \/>\n<meta property=\"og:title\" content=\"Bli frivillig\" \/>\n<meta property=\"og:description\" content=\"Bli frivillig V\u00e5r oppgave er \u00e5 v\u00e6re en st\u00f8tte for familier som \u00f8nsker hjelp fra&hellip;\" \/>\n<meta property=\"og:url\" content=\"https:\/\/kirkensbymisjon.no\/tilbud-home-start\/bli-frivillig\/\" \/>\n<meta property=\"og:site_name\" content=\"Home-Start\" \/>\n<meta property=\"article:modified_time\" content=\"2026-03-06T10:48:46+00:00\" \/>\n<meta property=\"og:image\" content=\"https:\/\/kirkensbymisjon.no\/content\/uploads\/sites\/94\/2024\/08\/tilbud_home-start_04.jpg\" \/>\n\t<meta property=\"og:image:width\" content=\"1000\" \/>\n\t<meta property=\"og:image:height\" content=\"500\" \/>\n\t<meta property=\"og:image:type\" content=\"image\/jpeg\" \/>\n<meta name=\"twitter:card\" content=\"summary_large_image\" \/>\n<meta name=\"twitter:label1\" content=\"Ansl. lesetid\" \/>\n\t<meta name=\"twitter:data1\" content=\"3 minutter\" \/>\n<script type=\"application\/ld+json\" class=\"yoast-schema-graph\">{\"@context\":\"https:\/\/schema.org\",\"@graph\":[{\"@type\":\"WebPage\",\"@id\":\"https:\/\/kirkensbymisjon.no\/tilbud-home-start\/bli-frivillig\/\",\"url\":\"https:\/\/kirkensbymisjon.no\/tilbud-home-start\/bli-frivillig\/\",\"name\":\"Bli frivillig - Home-Start\",\"isPartOf\":{\"@id\":\"https:\/\/kirkensbymisjon.no\/tilbud-home-start\/#website\"},\"primaryImageOfPage\":{\"@id\":\"https:\/\/kirkensbymisjon.no\/tilbud-home-start\/bli-frivillig\/#primaryimage\"},\"image\":{\"@id\":\"https:\/\/kirkensbymisjon.no\/tilbud-home-start\/bli-frivillig\/#primaryimage\"},\"thumbnailUrl\":\"https:\/\/kirkensbymisjon.no\/content\/uploads\/sites\/94\/2024\/08\/tilbud_home-start_04.jpg\",\"datePublished\":\"2024-08-16T10:21:27+00:00\",\"dateModified\":\"2026-03-06T10:48:46+00:00\",\"breadcrumb\":{\"@id\":\"https:\/\/kirkensbymisjon.no\/tilbud-home-start\/bli-frivillig\/#breadcrumb\"},\"inLanguage\":\"nb-NO\",\"potentialAction\":[{\"@type\":\"ReadAction\",\"target\":[\"https:\/\/kirkensbymisjon.no\/tilbud-home-start\/bli-frivillig\/\"]}]},{\"@type\":\"ImageObject\",\"inLanguage\":\"nb-NO\",\"@id\":\"https:\/\/kirkensbymisjon.no\/tilbud-home-start\/bli-frivillig\/#primaryimage\",\"url\":\"https:\/\/kirkensbymisjon.no\/content\/uploads\/sites\/94\/2024\/08\/tilbud_home-start_04.jpg\",\"contentUrl\":\"https:\/\/kirkensbymisjon.no\/content\/uploads\/sites\/94\/2024\/08\/tilbud_home-start_04.jpg\"},{\"@type\":\"BreadcrumbList\",\"@id\":\"https:\/\/kirkensbymisjon.no\/tilbud-home-start\/bli-frivillig\/#breadcrumb\",\"itemListElement\":[{\"@type\":\"ListItem\",\"position\":1,\"name\":\"Hjem\",\"item\":\"https:\/\/kirkensbymisjon.no\/tilbud-home-start\/\"},{\"@type\":\"ListItem\",\"position\":2,\"name\":\"Bli frivillig\"}]},{\"@type\":\"WebSite\",\"@id\":\"https:\/\/kirkensbymisjon.no\/tilbud-home-start\/#website\",\"url\":\"https:\/\/kirkensbymisjon.no\/tilbud-home-start\/\",\"name\":\"Home-Start\",\"description\":\"\",\"potentialAction\":[{\"@type\":\"SearchAction\",\"target\":{\"@type\":\"EntryPoint\",\"urlTemplate\":\"https:\/\/kirkensbymisjon.no\/tilbud-home-start\/?s={search_term_string}\"},\"query-input\":{\"@type\":\"PropertyValueSpecification\",\"valueRequired\":true,\"valueName\":\"search_term_string\"}}],\"inLanguage\":\"nb-NO\"}]}<\/script>\n<!-- \/ Yoast SEO Premium plugin. -->","yoast_head_json":{"title":"Bli frivillig - Home-Start","robots":{"index":"index","follow":"follow","max-snippet":"max-snippet:-1","max-image-preview":"max-image-preview:large","max-video-preview":"max-video-preview:-1"},"canonical":"https:\/\/kirkensbymisjon.no\/tilbud-home-start\/bli-frivillig\/","og_locale":"nb_NO","og_type":"article","og_title":"Bli frivillig","og_description":"Bli frivillig V\u00e5r oppgave er \u00e5 v\u00e6re en st\u00f8tte for familier som \u00f8nsker hjelp fra&hellip;","og_url":"https:\/\/kirkensbymisjon.no\/tilbud-home-start\/bli-frivillig\/","og_site_name":"Home-Start","article_modified_time":"2026-03-06T10:48:46+00:00","og_image":[{"width":1000,"height":500,"url":"https:\/\/kirkensbymisjon.no\/content\/uploads\/sites\/94\/2024\/08\/tilbud_home-start_04.jpg","type":"image\/jpeg"}],"twitter_card":"summary_large_image","twitter_misc":{"Ansl. lesetid":"3 minutter"},"schema":{"@context":"https:\/\/schema.org","@graph":[{"@type":"WebPage","@id":"https:\/\/kirkensbymisjon.no\/tilbud-home-start\/bli-frivillig\/","url":"https:\/\/kirkensbymisjon.no\/tilbud-home-start\/bli-frivillig\/","name":"Bli frivillig - Home-Start","isPartOf":{"@id":"https:\/\/kirkensbymisjon.no\/tilbud-home-start\/#website"},"primaryImageOfPage":{"@id":"https:\/\/kirkensbymisjon.no\/tilbud-home-start\/bli-frivillig\/#primaryimage"},"image":{"@id":"https:\/\/kirkensbymisjon.no\/tilbud-home-start\/bli-frivillig\/#primaryimage"},"thumbnailUrl":"https:\/\/kirkensbymisjon.no\/content\/uploads\/sites\/94\/2024\/08\/tilbud_home-start_04.jpg","datePublished":"2024-08-16T10:21:27+00:00","dateModified":"2026-03-06T10:48:46+00:00","breadcrumb":{"@id":"https:\/\/kirkensbymisjon.no\/tilbud-home-start\/bli-frivillig\/#breadcrumb"},"inLanguage":"nb-NO","potentialAction":[{"@type":"ReadAction","target":["https:\/\/kirkensbymisjon.no\/tilbud-home-start\/bli-frivillig\/"]}]},{"@type":"ImageObject","inLanguage":"nb-NO","@id":"https:\/\/kirkensbymisjon.no\/tilbud-home-start\/bli-frivillig\/#primaryimage","url":"https:\/\/kirkensbymisjon.no\/content\/uploads\/sites\/94\/2024\/08\/tilbud_home-start_04.jpg","contentUrl":"https:\/\/kirkensbymisjon.no\/content\/uploads\/sites\/94\/2024\/08\/tilbud_home-start_04.jpg"},{"@type":"BreadcrumbList","@id":"https:\/\/kirkensbymisjon.no\/tilbud-home-start\/bli-frivillig\/#breadcrumb","itemListElement":[{"@type":"ListItem","position":1,"name":"Hjem","item":"https:\/\/kirkensbymisjon.no\/tilbud-home-start\/"},{"@type":"ListItem","position":2,"name":"Bli frivillig"}]},{"@type":"WebSite","@id":"https:\/\/kirkensbymisjon.no\/tilbud-home-start\/#website","url":"https:\/\/kirkensbymisjon.no\/tilbud-home-start\/","name":"Home-Start","description":"","potentialAction":[{"@type":"SearchAction","target":{"@type":"EntryPoint","urlTemplate":"https:\/\/kirkensbymisjon.no\/tilbud-home-start\/?s={search_term_string}"},"query-input":{"@type":"PropertyValueSpecification","valueRequired":true,"valueName":"search_term_string"}}],"inLanguage":"nb-NO"}]}},"_links":{"self":[{"href":"https:\/\/kirkensbymisjon.no\/tilbud-home-start\/wp-json\/wp\/v2\/pages\/23","targetHints":{"allow":["GET"]}}],"collection":[{"href":"https:\/\/kirkensbymisjon.no\/tilbud-home-start\/wp-json\/wp\/v2\/pages"}],"about":[{"href":"https:\/\/kirkensbymisjon.no\/tilbud-home-start\/wp-json\/wp\/v2\/types\/page"}],"author":[{"embeddable":true,"href":"https:\/\/kirkensbymisjon.no\/tilbud-home-start\/wp-json\/wp\/v2\/users\/5"}],"replies":[{"embeddable":true,"href":"https:\/\/kirkensbymisjon.no\/tilbud-home-start\/wp-json\/wp\/v2\/comments?post=23"}],"version-history":[{"count":5,"href":"https:\/\/kirkensbymisjon.no\/tilbud-home-start\/wp-json\/wp\/v2\/pages\/23\/revisions"}],"predecessor-version":[{"id":274,"href":"https:\/\/kirkensbymisjon.no\/tilbud-home-start\/wp-json\/wp\/v2\/pages\/23\/revisions\/274"}],"wp:attachment":[{"href":"https:\/\/kirkensbymisjon.no\/tilbud-home-start\/wp-json\/wp\/v2\/media?parent=23"}],"curies":[{"name":"wp","href":"https:\/\/api.w.org\/{rel}","templated":true}]}}