{"id":3,"date":"2024-06-26T23:24:37","date_gmt":"2024-06-26T21:24:37","guid":{"rendered":"https:\/\/kirkensbymisjon.no\/tilbud-home-start-familiekontakten\/forside\/"},"modified":"2026-03-03T14:35:59","modified_gmt":"2026-03-03T13:35:59","slug":"forside","status":"publish","type":"page","link":"https:\/\/kirkensbymisjon.no\/tilbud-home-start\/","title":{"rendered":"Forside"},"content":{"rendered":"\n<div class=\"wp-block-media-text alignwide is-stacked-on-mobile is-style-filled\"><figure class=\"wp-block-media-text__media\"><img loading=\"lazy\" decoding=\"async\" width=\"1024\" height=\"745\" src=\"https:\/\/kirkensbymisjon.no\/content\/uploads\/sites\/94\/2024\/08\/tilbud_home-start_02-1024x745.jpg\" alt=\"Mor og s\u00f8nn\" class=\"wp-image-11 size-full\" srcset=\"https:\/\/kirkensbymisjon.no\/content\/uploads\/sites\/94\/2024\/08\/tilbud_home-start_02-1024x745.jpg 1024w, https:\/\/kirkensbymisjon.no\/content\/uploads\/sites\/94\/2024\/08\/tilbud_home-start_02-300x218.jpg 300w, https:\/\/kirkensbymisjon.no\/content\/uploads\/sites\/94\/2024\/08\/tilbud_home-start_02-768x559.jpg 768w, https:\/\/kirkensbymisjon.no\/content\/uploads\/sites\/94\/2024\/08\/tilbud_home-start_02-1536x1118.jpg 1536w, https:\/\/kirkensbymisjon.no\/content\/uploads\/sites\/94\/2024\/08\/tilbud_home-start_02.jpg 1701w\" sizes=\"auto, (max-width: 1024px) 100vw, 1024px\" \/><\/figure><div class=\"wp-block-media-text__content\">\n<h2 class=\"wp-block-heading\" id=\"h-vi-kan-gjore-en-forskjell-for-en-smabarnsfamilie\">Vi kan gj\u00f8re en forskjell for en sm\u00e5barnsfamilie<\/h2>\n\n\n\n<p>Home-Start er et familiest\u00f8tteprogram hvor frivillige bes\u00f8ker sm\u00e5barnsfamilier med minst ett barn under skolealder, 2\u20134 timer i uken. Tilbudet finnes i bl.a. Bergen, Karm\u00f8y, Moss og Trondheim.<\/p>\n\n\n\n<p>Vil du bli frivillig? Eller \u00f8nsker din familie st\u00f8tte?<\/p>\n\n\n\n<p><a href=\"\/tilbud-home-start\/kontaktinformasjon\/\">Ta kontakt med oss<\/a><\/p>\n<\/div><\/div>\n\n\n\t<div class=\"alignwide wp-block-kbm-link-list\">\n\t\t<div class=\"kbm-link-list__items\">\n\t\t\t\n<a class=\"wp-block-kbm-link-list-item\" href=\"\/tilbud-home-start\/for-foreldre\/\">\t<svg xmlns=\"http:\/\/www.w3.org\/2000\/svg\" viewBox=\"0 0 48 48\" height=\"24\" width=\"24\" class=\"t2-icon t2-icon-child\" aria-hidden=\"true\" focusable=\"false\"><path d=\"M22.48 4.083a22.9 22.9 0 0 0-3.643.637c-4.782 1.215-9.055 4.091-11.768 7.92-1.339 1.89-2.379 4.2-2.87 6.374-.107.471-.174.877-.15.902.087.087 4.165.035 4.951-.064 3.552-.445 6.287-1.242 9.377-2.733 5.019-2.422 9.062-6.008 11.68-10.359.454-.755.903-1.587.903-1.674 0-.134-2.46-.708-3.8-.887-1.157-.154-3.632-.216-4.68-.116m10.334 2.053c-.147.277-.484 1.442-.611 2.11-.603 3.166.272 6.614 2.33 9.186 2.143 2.678 5.219 4.283 8.691 4.534l.785.057-.052-.432c-.466-3.924-1.689-6.961-4.022-9.991-.725-.941-2.455-2.645-3.418-3.367a23.81 23.81 0 0 0-2.932-1.863c-.637-.346-.702-.366-.771-.234m-3.385 4.556c-1.996 2.789-4.882 5.435-7.847 7.195-4.513 2.679-9.686 4.12-15.89 4.426-.852.042-1.572.1-1.6.129-.112.112-.04 3.203.098 4.158.331 2.31.953 4.278 2.007 6.346 2.145 4.213 5.559 7.445 9.883 9.359 4.618 2.043 9.756 2.228 14.6.527 1.926-.677 4.461-2.119 6.03-3.43 4.305-3.6 6.941-8.865 7.258-14.502.03-.539.033-.98.007-.98-.026 0-.468-.055-.982-.123-5.668-.743-9.68-3.183-11.634-7.077-.427-.851-.977-2.522-1.158-3.52a23.852 23.852 0 0 1-.23-1.948l-.091-1.189-.451.629M18.84 24.141c.429.222.955.777 1.154 1.219.109.242.163.531.163.88.002.688-.238 1.202-.794 1.702-.971.873-2.304.78-3.187-.223-.556-.631-.715-1.441-.442-2.245.173-.508.883-1.235 1.386-1.419.48-.176 1.292-.135 1.72.086m13.058.008c1.112.567 1.642 1.95 1.146 2.99-.701 1.47-2.463 1.834-3.656.756-.496-.448-.708-.942-.708-1.655 0-.516.033-.66.237-1.028.284-.513.811-.997 1.269-1.166.459-.169 1.275-.121 1.712.103\"\/><\/svg>\t<div class=\"kbm-link-list-item__content\">\n\t\t<p class=\"kbm-link-list-item__title\">Hjelp til en familie<\/p>\n\t\t\t\t\t<p class=\"kbm-link-list-item__description\">Et gratis tilbud hvor familiene selv kan definere hva de trenger st\u00f8tte til.<\/p>\n\t\t\t<\/div>\n\t<\/a>\n\n<a class=\"wp-block-kbm-link-list-item\" href=\"https:\/\/kirkensbymisjon.no\/tilbud-home-start\/bli-frivillig\/\">\t<svg xmlns=\"http:\/\/www.w3.org\/2000\/svg\" viewBox=\"0 0 48 48\" height=\"24\" width=\"24\" class=\"t2-icon t2-icon-volunteering\" aria-hidden=\"true\" focusable=\"false\"><path d=\"M23.33 1.157c-.459.164-.862.527-1.11 1.001l-.22.42v9.211c0 10.395.045 9.659-.603 9.883-.286.098-.356.096-.601-.02-.55-.261-.512.307-.556-8.212-.044-8.585-.004-7.999-.593-8.588-.506-.505-.872-.65-1.647-.65-.55 0-.744.034-1.015.178-.412.219-.843.653-1.039 1.046-.139.28-.148.907-.186 13.494l-.04 13.2-2.888-4.321c-3.002-4.493-3.036-4.536-3.788-4.84-.357-.145-1.245-.13-1.604.026-.899.391-1.4 1.126-1.4 2.055 0 .605.105.842.971 2.201.826 1.295 1.75 3.04 2.71 5.119 1.268 2.745 2.467 5.172 2.981 6.034 2.373 3.98 5.378 5.888 10.151 6.446 1.014.119 3.559.163 4.113.071l.286-.047-3.126-3.048c-1.719-1.675-3.315-3.265-3.546-3.531-.922-1.066-1.411-2.4-1.407-3.845.005-2.62 1.651-4.838 4.227-5.698.58-.193.756-.214 1.88-.218 1.081-.003 1.317.02 1.84.182 1.024.318 1.849.825 2.736 1.681l.456.441.595-.565c1.254-1.192 2.72-1.781 4.436-1.782 1.081-.002 2.292.349 3.19.924l.427.273v-9.73c0-7.226-.024-9.81-.094-10.043-.12-.402-.632-.984-1.056-1.201-.398-.204-1.304-.281-1.783-.152a2.142 2.142 0 0 0-1.345 1.082l-.242.474-.04 6.593-.04 6.593-.19.154c-.427.346-.973.276-1.269-.162l-.181-.27-.001-9.088-.001-9.088-.188-.404c-.611-1.312-2.534-1.66-3.624-.655-.682.629-.621-.199-.666 9.099-.044 9.138-.004 8.51-.556 8.772-.245.116-.315.118-.601.02-.648-.224-.603.512-.603-9.883V2.578l-.223-.427c-.25-.478-.743-.901-1.199-1.027-.418-.116-1.359-.098-1.728.033m1.372 28.611c-1.11.121-2.023.574-2.869 1.423-1.568 1.572-1.855 3.79-.735 5.679.296.499.462.666 7.001 7.043l.698.681.542-.142c3.486-.919 6.794-3.671 8.386-6.979.723-1.504 1.098-2.941 1.243-4.77.11-1.383.113-1.375-.672-1.957-1.021-.758-1.887-1.019-3.21-.968-1.505.057-2.308.439-3.687 1.75-1.07 1.018-1.083 1.019-1.983.172-.928-.873-1.305-1.166-1.862-1.445a5.097 5.097 0 0 0-2.852-.487\"\/><\/svg>\t<div class=\"kbm-link-list-item__content\">\n\t\t<p class=\"kbm-link-list-item__title\">Bidra som frivillig<\/p>\n\t\t\t\t\t<p class=\"kbm-link-list-item__description\">Du kan gj\u00f8re en forskjell for en familie. Du f\u00e5r kurs, oppf\u00f8lging og veiledning.<\/p>\n\t\t\t<\/div>\n\t<\/a>\n\n<a class=\"wp-block-kbm-link-list-item\" href=\"\/tilbud-home-start\/om-familiekontakten\/\">\t<svg xmlns=\"http:\/\/www.w3.org\/2000\/svg\" viewBox=\"0 0 48 48\" height=\"24\" width=\"24\" class=\"t2-icon t2-icon-citiesnetwork\" aria-hidden=\"true\" focusable=\"false\"><path d=\"M8.566 3.127c-.986.193-2.254.801-3.062 1.467-1.357 1.12-2.245 2.768-2.464 4.572-.191 1.574.278 3.37 1.228 4.702.456.638 1.41 1.542 2.019 1.912 1.124.683 2.541 1.056 3.821 1.007l.721-.027 2.821 7.758c1.552 4.266 2.814 7.76 2.806 7.763-.146.05-1.044.814-1.366 1.162-1.208 1.305-1.811 2.871-1.809 4.702.002 3.131 2.144 5.855 5.239 6.661.903.235 2.235.238 3.184.007 3.171-.773 5.341-3.522 5.335-6.76-.003-1.135-.264-2.155-.819-3.199l-.248-.465 4.208-4.209 4.209-4.208.486.259c2.113 1.126 4.746 1.063 6.774-.163 2.257-1.364 3.603-4.046 3.314-6.603-.421-3.719-3.532-6.371-7.225-6.161-1.072.061-1.685.223-2.658.704-1.135.56-2.045 1.34-2.68 2.297l-.12.181-7.753-2.708-7.754-2.707-.013-1.156c-.011-.922-.05-1.284-.193-1.795-.697-2.493-2.753-4.442-5.224-4.953-.664-.137-2.172-.159-2.777-.04M31.235 20.28c.029 1.204.246 2.079.757 3.053l.301.575-4.207 4.197-4.206 4.196-.6-.312c-1.049-.546-2.476-.853-3.52-.756l-.52.049-2.827-7.78-2.827-7.779.184-.122c.435-.285 1.181-.974 1.493-1.379l.337-.437 7.804 2.728 7.805 2.727.026 1.04\"\/><\/svg>\t<div class=\"kbm-link-list-item__content\">\n\t\t<p class=\"kbm-link-list-item__title\">Et viktig oppdrag<\/p>\n\t\t\t\t\t<p class=\"kbm-link-list-item__description\">Felles m\u00e5l og metoder som del av et globalt nettverk med lang erfaring.<\/p>\n\t\t\t<\/div>\n\t<\/a>\n\t\t<\/div>\n\t<\/div>\n\t\n\n\t<div class=\"alignfull is-style-default wp-block-kbm-logos\">\n\t\t<div class=\"kbm-logos__inner\">\n\t\t\t\t\t\t\t<h2 class=\"kbm-logos__title\">Et samarbeid med Home-Start<\/h2>\n\t\t\t\t\t\t\n\n<figure class=\"wp-block-gallery has-nested-images columns-1 wp-block-gallery-1 is-layout-flex wp-block-gallery-is-layout-flex\">\n<figure class=\"wp-block-image size-full\"><img loading=\"lazy\" decoding=\"async\" width=\"859\" height=\"274\" data-id=\"222\" src=\"https:\/\/kirkensbymisjon.no\/content\/uploads\/sites\/94\/2025\/03\/home-start-logo.png\" alt=\"\" class=\"wp-image-222\" srcset=\"https:\/\/kirkensbymisjon.no\/content\/uploads\/sites\/94\/2025\/03\/home-start-logo.png 859w, https:\/\/kirkensbymisjon.no\/content\/uploads\/sites\/94\/2025\/03\/home-start-logo-300x96.png 300w, https:\/\/kirkensbymisjon.no\/content\/uploads\/sites\/94\/2025\/03\/home-start-logo-768x245.png 768w\" sizes=\"auto, (max-width: 859px) 100vw, 859px\" \/><\/figure>\n<\/figure>\n\n\t\t<\/div>\n\t<\/div>\n\t","protected":false},"excerpt":{"rendered":"<p>Vi kan gj\u00f8re en forskjell for en sm\u00e5barnsfamilie Home-Start er et familiest\u00f8tteprogram hvor frivillige bes\u00f8ker&hellip;<\/p>\n","protected":false},"author":5,"featured_media":0,"parent":0,"menu_order":0,"comment_status":"closed","ping_status":"closed","template":"","meta":{"_relevanssi_hide_post":"","_relevanssi_hide_content":"","_relevanssi_pin_for_all":"","_relevanssi_pin_keywords":"","_relevanssi_unpin_keywords":"","_relevanssi_related_keywords":"","_relevanssi_related_include_ids":"","_relevanssi_related_exclude_ids":"","_relevanssi_related_no_append":"","_relevanssi_related_not_related":"","_relevanssi_related_posts":"1","_relevanssi_noindex_reason":"","editor_notices":[],"footnotes":""},"class_list":["post-3","page","type-page","status-publish","hentry"],"yoast_head":"<!-- This site is optimized with the Yoast SEO Premium plugin v27.2 (Yoast SEO v27.2) - https:\/\/yoast.com\/product\/yoast-seo-premium-wordpress\/ -->\n<title>Kirkens Bymisjon - Home-Start<\/title>\n<meta name=\"description\" content=\"Familiest\u00f8tteprogram for sm\u00e5barnsfamilier.\" \/>\n<meta name=\"robots\" content=\"index, follow, max-snippet:-1, max-image-preview:large, max-video-preview:-1\" \/>\n<link rel=\"canonical\" href=\"https:\/\/kirkensbymisjon.no\/tilbud-home-start\/\" \/>\n<meta property=\"og:locale\" content=\"nb_NO\" \/>\n<meta property=\"og:type\" content=\"article\" \/>\n<meta property=\"og:title\" content=\"Kirkens Bymisjon - Home-Start\" \/>\n<meta property=\"og:description\" content=\"Familiest\u00f8tteprogram for sm\u00e5barnsfamilier.\" \/>\n<meta property=\"og:url\" content=\"https:\/\/kirkensbymisjon.no\/tilbud-home-start\/\" \/>\n<meta property=\"og:site_name\" content=\"Home-Start\" \/>\n<meta property=\"article:modified_time\" content=\"2026-03-03T13:35:59+00:00\" \/>\n<meta property=\"og:image\" content=\"https:\/\/kirkensbymisjon.no\/content\/uploads\/sites\/94\/2024\/08\/tilbud_home-start_02.jpg\" \/>\n\t<meta property=\"og:image:width\" content=\"1701\" \/>\n\t<meta property=\"og:image:height\" content=\"1238\" \/>\n\t<meta property=\"og:image:type\" content=\"image\/jpeg\" \/>\n<meta name=\"twitter:card\" content=\"summary_large_image\" \/>\n<meta name=\"twitter:title\" content=\"Forside\" \/>\n<meta name=\"twitter:label1\" content=\"Ansl. lesetid\" \/>\n\t<meta name=\"twitter:data1\" content=\"1 minutt\" \/>\n<script type=\"application\/ld+json\" class=\"yoast-schema-graph\">{\"@context\":\"https:\/\/schema.org\",\"@graph\":[{\"@type\":\"WebPage\",\"@id\":\"https:\/\/kirkensbymisjon.no\/tilbud-home-start\/\",\"url\":\"https:\/\/kirkensbymisjon.no\/tilbud-home-start\/\",\"name\":\"Kirkens Bymisjon - Home-Start\",\"isPartOf\":{\"@id\":\"https:\/\/kirkensbymisjon.no\/tilbud-home-start\/#website\"},\"primaryImageOfPage\":{\"@id\":\"https:\/\/kirkensbymisjon.no\/tilbud-home-start\/#primaryimage\"},\"image\":{\"@id\":\"https:\/\/kirkensbymisjon.no\/tilbud-home-start\/#primaryimage\"},\"thumbnailUrl\":\"https:\/\/kirkensbymisjon.no\/content\/uploads\/sites\/94\/2024\/08\/tilbud_home-start_02-1024x745.jpg\",\"datePublished\":\"2024-06-26T21:24:37+00:00\",\"dateModified\":\"2026-03-03T13:35:59+00:00\",\"description\":\"Familiest\u00f8tteprogram for sm\u00e5barnsfamilier.\",\"breadcrumb\":{\"@id\":\"https:\/\/kirkensbymisjon.no\/tilbud-home-start\/#breadcrumb\"},\"inLanguage\":\"nb-NO\",\"potentialAction\":[{\"@type\":\"ReadAction\",\"target\":[\"https:\/\/kirkensbymisjon.no\/tilbud-home-start\/\"]}]},{\"@type\":\"ImageObject\",\"inLanguage\":\"nb-NO\",\"@id\":\"https:\/\/kirkensbymisjon.no\/tilbud-home-start\/#primaryimage\",\"url\":\"https:\/\/kirkensbymisjon.no\/content\/uploads\/sites\/94\/2024\/08\/tilbud_home-start_02-1024x745.jpg\",\"contentUrl\":\"https:\/\/kirkensbymisjon.no\/content\/uploads\/sites\/94\/2024\/08\/tilbud_home-start_02-1024x745.jpg\"},{\"@type\":\"BreadcrumbList\",\"@id\":\"https:\/\/kirkensbymisjon.no\/tilbud-home-start\/#breadcrumb\",\"itemListElement\":[{\"@type\":\"ListItem\",\"position\":1,\"name\":\"Hjem\",\"item\":\"https:\/\/kirkensbymisjon.no\/tilbud-home-start\/\"},{\"@type\":\"ListItem\",\"position\":2,\"name\":\"Forside\"}]},{\"@type\":\"WebSite\",\"@id\":\"https:\/\/kirkensbymisjon.no\/tilbud-home-start\/#website\",\"url\":\"https:\/\/kirkensbymisjon.no\/tilbud-home-start\/\",\"name\":\"Home-Start\",\"description\":\"\",\"potentialAction\":[{\"@type\":\"SearchAction\",\"target\":{\"@type\":\"EntryPoint\",\"urlTemplate\":\"https:\/\/kirkensbymisjon.no\/tilbud-home-start\/?s={search_term_string}\"},\"query-input\":{\"@type\":\"PropertyValueSpecification\",\"valueRequired\":true,\"valueName\":\"search_term_string\"}}],\"inLanguage\":\"nb-NO\"}]}<\/script>\n<!-- \/ Yoast SEO Premium plugin. -->","yoast_head_json":{"title":"Kirkens Bymisjon - Home-Start","description":"Familiest\u00f8tteprogram for sm\u00e5barnsfamilier.","robots":{"index":"index","follow":"follow","max-snippet":"max-snippet:-1","max-image-preview":"max-image-preview:large","max-video-preview":"max-video-preview:-1"},"canonical":"https:\/\/kirkensbymisjon.no\/tilbud-home-start\/","og_locale":"nb_NO","og_type":"article","og_title":"Kirkens Bymisjon - Home-Start","og_description":"Familiest\u00f8tteprogram for sm\u00e5barnsfamilier.","og_url":"https:\/\/kirkensbymisjon.no\/tilbud-home-start\/","og_site_name":"Home-Start","article_modified_time":"2026-03-03T13:35:59+00:00","og_image":[{"width":1701,"height":1238,"url":"https:\/\/kirkensbymisjon.no\/content\/uploads\/sites\/94\/2024\/08\/tilbud_home-start_02.jpg","type":"image\/jpeg"}],"twitter_card":"summary_large_image","twitter_title":"Forside","twitter_misc":{"Ansl. lesetid":"1 minutt"},"schema":{"@context":"https:\/\/schema.org","@graph":[{"@type":"WebPage","@id":"https:\/\/kirkensbymisjon.no\/tilbud-home-start\/","url":"https:\/\/kirkensbymisjon.no\/tilbud-home-start\/","name":"Kirkens Bymisjon - Home-Start","isPartOf":{"@id":"https:\/\/kirkensbymisjon.no\/tilbud-home-start\/#website"},"primaryImageOfPage":{"@id":"https:\/\/kirkensbymisjon.no\/tilbud-home-start\/#primaryimage"},"image":{"@id":"https:\/\/kirkensbymisjon.no\/tilbud-home-start\/#primaryimage"},"thumbnailUrl":"https:\/\/kirkensbymisjon.no\/content\/uploads\/sites\/94\/2024\/08\/tilbud_home-start_02-1024x745.jpg","datePublished":"2024-06-26T21:24:37+00:00","dateModified":"2026-03-03T13:35:59+00:00","description":"Familiest\u00f8tteprogram for sm\u00e5barnsfamilier.","breadcrumb":{"@id":"https:\/\/kirkensbymisjon.no\/tilbud-home-start\/#breadcrumb"},"inLanguage":"nb-NO","potentialAction":[{"@type":"ReadAction","target":["https:\/\/kirkensbymisjon.no\/tilbud-home-start\/"]}]},{"@type":"ImageObject","inLanguage":"nb-NO","@id":"https:\/\/kirkensbymisjon.no\/tilbud-home-start\/#primaryimage","url":"https:\/\/kirkensbymisjon.no\/content\/uploads\/sites\/94\/2024\/08\/tilbud_home-start_02-1024x745.jpg","contentUrl":"https:\/\/kirkensbymisjon.no\/content\/uploads\/sites\/94\/2024\/08\/tilbud_home-start_02-1024x745.jpg"},{"@type":"BreadcrumbList","@id":"https:\/\/kirkensbymisjon.no\/tilbud-home-start\/#breadcrumb","itemListElement":[{"@type":"ListItem","position":1,"name":"Hjem","item":"https:\/\/kirkensbymisjon.no\/tilbud-home-start\/"},{"@type":"ListItem","position":2,"name":"Forside"}]},{"@type":"WebSite","@id":"https:\/\/kirkensbymisjon.no\/tilbud-home-start\/#website","url":"https:\/\/kirkensbymisjon.no\/tilbud-home-start\/","name":"Home-Start","description":"","potentialAction":[{"@type":"SearchAction","target":{"@type":"EntryPoint","urlTemplate":"https:\/\/kirkensbymisjon.no\/tilbud-home-start\/?s={search_term_string}"},"query-input":{"@type":"PropertyValueSpecification","valueRequired":true,"valueName":"search_term_string"}}],"inLanguage":"nb-NO"}]}},"_links":{"self":[{"href":"https:\/\/kirkensbymisjon.no\/tilbud-home-start\/wp-json\/wp\/v2\/pages\/3","targetHints":{"allow":["GET"]}}],"collection":[{"href":"https:\/\/kirkensbymisjon.no\/tilbud-home-start\/wp-json\/wp\/v2\/pages"}],"about":[{"href":"https:\/\/kirkensbymisjon.no\/tilbud-home-start\/wp-json\/wp\/v2\/types\/page"}],"author":[{"embeddable":true,"href":"https:\/\/kirkensbymisjon.no\/tilbud-home-start\/wp-json\/wp\/v2\/users\/5"}],"replies":[{"embeddable":true,"href":"https:\/\/kirkensbymisjon.no\/tilbud-home-start\/wp-json\/wp\/v2\/comments?post=3"}],"version-history":[{"count":5,"href":"https:\/\/kirkensbymisjon.no\/tilbud-home-start\/wp-json\/wp\/v2\/pages\/3\/revisions"}],"predecessor-version":[{"id":267,"href":"https:\/\/kirkensbymisjon.no\/tilbud-home-start\/wp-json\/wp\/v2\/pages\/3\/revisions\/267"}],"wp:attachment":[{"href":"https:\/\/kirkensbymisjon.no\/tilbud-home-start\/wp-json\/wp\/v2\/media?parent=3"}],"curies":[{"name":"wp","href":"https:\/\/api.w.org\/{rel}","templated":true}]}}