{"id":26,"date":"2024-08-12T12:48:12","date_gmt":"2024-08-12T10:48:12","guid":{"rendered":"https:\/\/kirkensbymisjon.no\/tilbud-i-jobb\/?page_id=26"},"modified":"2024-11-27T11:49:38","modified_gmt":"2024-11-27T10:49:38","slug":"ung","status":"publish","type":"page","link":"https:\/\/kirkensbymisjon.no\/tilbud-i-jobb\/ung\/","title":{"rendered":"Ung"},"content":{"rendered":"\n<h2 class=\"wp-block-heading\" id=\"h-i-jobb-ung\">I jobb \u2013 ung<\/h2>\n\n\n\n<p>Et tilbud rettet mot unge mellom 15\u201330 \u00e5r som trenger kvalifiserende aktivitet og oppf\u00f8lging. Vi inng\u00e5r avtaler b\u00e5de direkte med den enkelte deltakeren, og gjennom samarbeid med kommunen eller NAV. V\u00e5rt arbeid tilrettelegger for \u00e5 gi unge en mulighet til \u00e5\u00a0finne sine egne ressurser i\u00a0en trygg sosial arena. Vi er til stede flere steder i landet, kontakt oss <a href=\"https:\/\/kirkensbymisjon.no\/tilbud-i-jobb\/kontaktinformasjon\/#ung\">her<\/a>.<\/p>\n\n\n\n<figure class=\"wp-block-image size-full\"><img loading=\"lazy\" decoding=\"async\" width=\"1559\" height=\"1012\" src=\"https:\/\/kirkensbymisjon.no\/content\/uploads\/sites\/131\/2024\/08\/tilbud_ijobb_06.jpg\" alt=\"Unge i arbeidstrening\" class=\"wp-image-47\" srcset=\"https:\/\/kirkensbymisjon.no\/content\/uploads\/sites\/131\/2024\/08\/tilbud_ijobb_06.jpg 1559w, https:\/\/kirkensbymisjon.no\/content\/uploads\/sites\/131\/2024\/08\/tilbud_ijobb_06-300x195.jpg 300w, https:\/\/kirkensbymisjon.no\/content\/uploads\/sites\/131\/2024\/08\/tilbud_ijobb_06-1024x665.jpg 1024w, https:\/\/kirkensbymisjon.no\/content\/uploads\/sites\/131\/2024\/08\/tilbud_ijobb_06-768x499.jpg 768w, https:\/\/kirkensbymisjon.no\/content\/uploads\/sites\/131\/2024\/08\/tilbud_ijobb_06-1536x997.jpg 1536w\" sizes=\"auto, (max-width: 1559px) 100vw, 1559px\" \/><\/figure>\n\n\n\n<blockquote class=\"wp-block-quote is-layout-flow wp-block-quote-is-layout-flow\">\n<p>Ved Ung p\u00e5 dagtid fikk jeg b\u00e5de arbeidstrening og et sosialt nettverk. Noen \u00e5 snakke med som var i samme situasjon som meg. Vi ble som en liten familie. Samholdet er noe av det som betydde mest for meg.<\/p>\n<cite>Thea, deltaker<\/cite><\/blockquote>\n\n\n<div class=\"t2-accordion wp-block-t2-accordion\" data-allow-multiple=\"1\" role=\"list\">\n<div class=\"t2-accordion-item wp-block-t2-accordion-item\" role=\"listitem\">\n\t\t\t<h2 class=\"t2-accordion-title\">\n\t\t\t\t<button type=\"button\" class=\"t2-accordion-trigger\" id=\"arbeid-og-oppl\u00e6ring\" aria-controls=\"accordion-panel\" aria-expanded=\"false\">\n\t\t\t\t\tArbeid og oppl\u00e6ring\n\t\t\t\t\t<span class=\"t2-accordion-icon is-closed-icon\"><svg xmlns=\"http:\/\/www.w3.org\/2000\/svg\" viewBox=\"0 0 24 24\" height=\"24\" width=\"24\" class=\"t2-icon t2-icon-plus\" aria-hidden=\"true\" focusable=\"false\"><path d=\"M11.8 5.037a1.088 1.088 0 0 0-.722.566c-.075.148-.078.25-.078 2.772v2.619l-2.61.016c-1.867.012-2.652.03-2.756.064-.168.055-.438.301-.54.494-.049.092-.07.223-.07.432 0 .34.054.476.282.704.289.289.14.275 3.064.288l2.63.012v2.619c0 2.544.002 2.625.08 2.778.191.372.516.577.92.577s.729-.205.92-.577c.078-.153.08-.234.08-2.778v-2.619l2.63-.012c2.924-.013 2.775.001 3.064-.288.228-.228.282-.364.282-.704 0-.209-.021-.34-.07-.432-.102-.193-.372-.439-.54-.494-.104-.034-.889-.052-2.756-.064L13 10.994V8.375c0-2.522-.003-2.624-.078-2.772-.214-.418-.685-.656-1.122-.566\"\/><\/svg><\/span>\n\t\t\t\t\t<span class=\"t2-accordion-icon is-open-icon\"><svg xmlns=\"http:\/\/www.w3.org\/2000\/svg\" viewBox=\"0 0 24 24\" height=\"24\" width=\"24\" class=\"t2-icon t2-icon-chevronup\" aria-hidden=\"true\" focusable=\"false\"><path d=\"M6.7 14.7c-.2-.2-.3-.4-.3-.7s.1-.5.3-.7l4.6-4.6c.1-.1.2-.2.3-.2.1 0 .2-.1.4-.1.1 0 .3 0 .4.1.1 0 .2.1.3.2l4.6 4.6c.2.2.3.4.3.7s-.1.5-.3.7c-.2.2-.4.3-.7.3s-.5-.1-.7-.3L12 10.8l-3.9 3.9c-.2.2-.4.3-.7.3s-.5-.1-.7-.3z\" fill=\"currentColor\" \/><\/svg><\/span>\n\t\t\t\t<\/button>\n\t\t\t<\/h2>\n\t\t\t<div class=\"t2-accordion-item__inner-container is-layout-flow\" id=\"accordion-panel\" aria-labelledby=\"arbeid-og-oppl\u00e6ring\" role=\"region\" hidden>\n\t\t\t\t\n\n<p>Tilbudet er for ungdom\/unge voksne som er i behov av eller \u00f8nsker seg jobb, utdanning eller kombinasjonsl\u00f8p. M\u00e5lsettingen er \u00e5 gi ungdommene opplevelse av mestring, \u00f8kt sosial kompetanse og motivasjon inn i arbeidsliv, skole eller annen aktivitet.<\/p>\n\n\n\n<p>Innholdet i arbeidet&nbsp;varierer, b\u00e5de med hensyn til m\u00e5lgruppe, driftsform, arena og m\u00e5lsettinger, men generelt s\u00f8ker vi \u00e5 tilby deltakerne en mest mulig realistisk arbeidssituasjon\/arbeidsplass, for eksempel som i en kaf\u00e9, en butikk eller et sykkelverksted. I tillegg til intern eller ekstern arbeidstrening tilbyr vi ogs\u00e5 aktiviteter, felles m\u00e5ltider og individuell oppf\u00f8lging. Trivsel og tilh\u00f8righet st\u00e5r sentralt.<\/p>\n\n\n\t\t\t<\/div>\n\t\t<\/div>\n\n<div class=\"t2-accordion-item wp-block-t2-accordion-item\" role=\"listitem\">\n\t\t\t<h2 class=\"t2-accordion-title\">\n\t\t\t\t<button type=\"button\" class=\"t2-accordion-trigger\" id=\"l\u00f8nn-og-inntekt\" aria-controls=\"accordion-panel-1\" aria-expanded=\"false\">\n\t\t\t\t\tL\u00f8nn og inntekt\n\t\t\t\t\t<span class=\"t2-accordion-icon is-closed-icon\"><svg xmlns=\"http:\/\/www.w3.org\/2000\/svg\" viewBox=\"0 0 24 24\" height=\"24\" width=\"24\" class=\"t2-icon t2-icon-plus\" aria-hidden=\"true\" focusable=\"false\"><path d=\"M11.8 5.037a1.088 1.088 0 0 0-.722.566c-.075.148-.078.25-.078 2.772v2.619l-2.61.016c-1.867.012-2.652.03-2.756.064-.168.055-.438.301-.54.494-.049.092-.07.223-.07.432 0 .34.054.476.282.704.289.289.14.275 3.064.288l2.63.012v2.619c0 2.544.002 2.625.08 2.778.191.372.516.577.92.577s.729-.205.92-.577c.078-.153.08-.234.08-2.778v-2.619l2.63-.012c2.924-.013 2.775.001 3.064-.288.228-.228.282-.364.282-.704 0-.209-.021-.34-.07-.432-.102-.193-.372-.439-.54-.494-.104-.034-.889-.052-2.756-.064L13 10.994V8.375c0-2.522-.003-2.624-.078-2.772-.214-.418-.685-.656-1.122-.566\"\/><\/svg><\/span>\n\t\t\t\t\t<span class=\"t2-accordion-icon is-open-icon\"><svg xmlns=\"http:\/\/www.w3.org\/2000\/svg\" viewBox=\"0 0 24 24\" height=\"24\" width=\"24\" class=\"t2-icon t2-icon-chevronup\" aria-hidden=\"true\" focusable=\"false\"><path d=\"M6.7 14.7c-.2-.2-.3-.4-.3-.7s.1-.5.3-.7l4.6-4.6c.1-.1.2-.2.3-.2.1 0 .2-.1.4-.1.1 0 .3 0 .4.1.1 0 .2.1.3.2l4.6 4.6c.2.2.3.4.3.7s-.1.5-.3.7c-.2.2-.4.3-.7.3s-.5-.1-.7-.3L12 10.8l-3.9 3.9c-.2.2-.4.3-.7.3s-.5-.1-.7-.3z\" fill=\"currentColor\" \/><\/svg><\/span>\n\t\t\t\t<\/button>\n\t\t\t<\/h2>\n\t\t\t<div class=\"t2-accordion-item__inner-container is-layout-flow\" id=\"accordion-panel-1\" aria-labelledby=\"l\u00f8nn-og-inntekt\" role=\"region\" hidden>\n\t\t\t\t\n\n<p>Tilbudet er i utgangspunktet ul\u00f8nnet arbeidstrening, men deltakerne kan ha ulike ytelser og st\u00f8nader fra NAV som inntekt. Der deltakerne er i videreg\u00e5ende skolealder, er foresatte (foreldre eller barnevern) i utgangspunktet ansvarlig for \u00f8konomisk ivaretakelse.&nbsp;<\/p>\n\n\n\t\t\t<\/div>\n\t\t<\/div>\n<\/div>","protected":false},"excerpt":{"rendered":"<p>I jobb \u2013 ung Et tilbud rettet mot unge mellom 15\u201330 \u00e5r som trenger kvalifiserende&hellip;<\/p>\n","protected":false},"author":5,"featured_media":398,"parent":0,"menu_order":0,"comment_status":"closed","ping_status":"closed","template":"","meta":{"_relevanssi_hide_post":"","_relevanssi_hide_content":"","_relevanssi_pin_for_all":"","_relevanssi_pin_keywords":"","_relevanssi_unpin_keywords":"","_relevanssi_related_keywords":"","_relevanssi_related_include_ids":"","_relevanssi_related_exclude_ids":"","_relevanssi_related_no_append":"","_relevanssi_related_not_related":"","_relevanssi_related_posts":"1","_relevanssi_noindex_reason":"","editor_notices":[],"footnotes":""},"class_list":["post-26","page","type-page","status-publish","has-post-thumbnail","hentry"],"yoast_head":"<!-- This site is optimized with the Yoast SEO Premium plugin v27.2 (Yoast SEO v27.2) - https:\/\/yoast.com\/product\/yoast-seo-premium-wordpress\/ -->\n<title>Ung - I jobb<\/title>\n<meta name=\"robots\" content=\"index, follow, max-snippet:-1, max-image-preview:large, max-video-preview:-1\" \/>\n<link rel=\"canonical\" href=\"https:\/\/kirkensbymisjon.no\/tilbud-i-jobb\/ung\/\" \/>\n<meta property=\"og:locale\" content=\"nb_NO\" \/>\n<meta property=\"og:type\" content=\"article\" \/>\n<meta property=\"og:title\" content=\"Ung\" \/>\n<meta property=\"og:description\" content=\"I jobb \u2013 ung Et tilbud rettet mot unge mellom 15\u201330 \u00e5r som trenger kvalifiserende&hellip;\" \/>\n<meta property=\"og:url\" content=\"https:\/\/kirkensbymisjon.no\/tilbud-i-jobb\/ung\/\" \/>\n<meta property=\"og:site_name\" content=\"I jobb\" \/>\n<meta property=\"article:modified_time\" content=\"2024-11-27T10:49:38+00:00\" \/>\n<meta property=\"og:image\" content=\"https:\/\/kirkensbymisjon.no\/content\/uploads\/sites\/131\/2024\/08\/tilbud_ijobb-ung_Halden.jpg\" \/>\n\t<meta property=\"og:image:width\" content=\"1000\" \/>\n\t<meta property=\"og:image:height\" content=\"500\" \/>\n\t<meta property=\"og:image:type\" content=\"image\/jpeg\" \/>\n<meta name=\"twitter:card\" content=\"summary_large_image\" \/>\n<meta name=\"twitter:label1\" content=\"Ansl. lesetid\" \/>\n\t<meta name=\"twitter:data1\" content=\"2 minutter\" \/>\n<script type=\"application\/ld+json\" class=\"yoast-schema-graph\">{\"@context\":\"https:\/\/schema.org\",\"@graph\":[{\"@type\":\"WebPage\",\"@id\":\"https:\/\/kirkensbymisjon.no\/tilbud-i-jobb\/ung\/\",\"url\":\"https:\/\/kirkensbymisjon.no\/tilbud-i-jobb\/ung\/\",\"name\":\"Ung - I jobb\",\"isPartOf\":{\"@id\":\"https:\/\/kirkensbymisjon.no\/tilbud-i-jobb\/#website\"},\"primaryImageOfPage\":{\"@id\":\"https:\/\/kirkensbymisjon.no\/tilbud-i-jobb\/ung\/#primaryimage\"},\"image\":{\"@id\":\"https:\/\/kirkensbymisjon.no\/tilbud-i-jobb\/ung\/#primaryimage\"},\"thumbnailUrl\":\"https:\/\/kirkensbymisjon.no\/content\/uploads\/sites\/131\/2024\/08\/tilbud_ijobb-ung_Halden.jpg\",\"datePublished\":\"2024-08-12T10:48:12+00:00\",\"dateModified\":\"2024-11-27T10:49:38+00:00\",\"breadcrumb\":{\"@id\":\"https:\/\/kirkensbymisjon.no\/tilbud-i-jobb\/ung\/#breadcrumb\"},\"inLanguage\":\"nb-NO\",\"potentialAction\":[{\"@type\":\"ReadAction\",\"target\":[\"https:\/\/kirkensbymisjon.no\/tilbud-i-jobb\/ung\/\"]}]},{\"@type\":\"ImageObject\",\"inLanguage\":\"nb-NO\",\"@id\":\"https:\/\/kirkensbymisjon.no\/tilbud-i-jobb\/ung\/#primaryimage\",\"url\":\"https:\/\/kirkensbymisjon.no\/content\/uploads\/sites\/131\/2024\/08\/tilbud_ijobb-ung_Halden.jpg\",\"contentUrl\":\"https:\/\/kirkensbymisjon.no\/content\/uploads\/sites\/131\/2024\/08\/tilbud_ijobb-ung_Halden.jpg\",\"width\":1000,\"height\":500,\"caption\":\"Ung p\u00e5 dagtid, Halden og Sarpsborg\"},{\"@type\":\"BreadcrumbList\",\"@id\":\"https:\/\/kirkensbymisjon.no\/tilbud-i-jobb\/ung\/#breadcrumb\",\"itemListElement\":[{\"@type\":\"ListItem\",\"position\":1,\"name\":\"Hjem\",\"item\":\"https:\/\/kirkensbymisjon.no\/tilbud-i-jobb\/\"},{\"@type\":\"ListItem\",\"position\":2,\"name\":\"Ung\"}]},{\"@type\":\"WebSite\",\"@id\":\"https:\/\/kirkensbymisjon.no\/tilbud-i-jobb\/#website\",\"url\":\"https:\/\/kirkensbymisjon.no\/tilbud-i-jobb\/\",\"name\":\"I jobb\",\"description\":\"\",\"potentialAction\":[{\"@type\":\"SearchAction\",\"target\":{\"@type\":\"EntryPoint\",\"urlTemplate\":\"https:\/\/kirkensbymisjon.no\/tilbud-i-jobb\/?s={search_term_string}\"},\"query-input\":{\"@type\":\"PropertyValueSpecification\",\"valueRequired\":true,\"valueName\":\"search_term_string\"}}],\"inLanguage\":\"nb-NO\"}]}<\/script>\n<!-- \/ Yoast SEO Premium plugin. -->","yoast_head_json":{"title":"Ung - I jobb","robots":{"index":"index","follow":"follow","max-snippet":"max-snippet:-1","max-image-preview":"max-image-preview:large","max-video-preview":"max-video-preview:-1"},"canonical":"https:\/\/kirkensbymisjon.no\/tilbud-i-jobb\/ung\/","og_locale":"nb_NO","og_type":"article","og_title":"Ung","og_description":"I jobb \u2013 ung Et tilbud rettet mot unge mellom 15\u201330 \u00e5r som trenger kvalifiserende&hellip;","og_url":"https:\/\/kirkensbymisjon.no\/tilbud-i-jobb\/ung\/","og_site_name":"I jobb","article_modified_time":"2024-11-27T10:49:38+00:00","og_image":[{"width":1000,"height":500,"url":"https:\/\/kirkensbymisjon.no\/content\/uploads\/sites\/131\/2024\/08\/tilbud_ijobb-ung_Halden.jpg","type":"image\/jpeg"}],"twitter_card":"summary_large_image","twitter_misc":{"Ansl. lesetid":"2 minutter"},"schema":{"@context":"https:\/\/schema.org","@graph":[{"@type":"WebPage","@id":"https:\/\/kirkensbymisjon.no\/tilbud-i-jobb\/ung\/","url":"https:\/\/kirkensbymisjon.no\/tilbud-i-jobb\/ung\/","name":"Ung - I jobb","isPartOf":{"@id":"https:\/\/kirkensbymisjon.no\/tilbud-i-jobb\/#website"},"primaryImageOfPage":{"@id":"https:\/\/kirkensbymisjon.no\/tilbud-i-jobb\/ung\/#primaryimage"},"image":{"@id":"https:\/\/kirkensbymisjon.no\/tilbud-i-jobb\/ung\/#primaryimage"},"thumbnailUrl":"https:\/\/kirkensbymisjon.no\/content\/uploads\/sites\/131\/2024\/08\/tilbud_ijobb-ung_Halden.jpg","datePublished":"2024-08-12T10:48:12+00:00","dateModified":"2024-11-27T10:49:38+00:00","breadcrumb":{"@id":"https:\/\/kirkensbymisjon.no\/tilbud-i-jobb\/ung\/#breadcrumb"},"inLanguage":"nb-NO","potentialAction":[{"@type":"ReadAction","target":["https:\/\/kirkensbymisjon.no\/tilbud-i-jobb\/ung\/"]}]},{"@type":"ImageObject","inLanguage":"nb-NO","@id":"https:\/\/kirkensbymisjon.no\/tilbud-i-jobb\/ung\/#primaryimage","url":"https:\/\/kirkensbymisjon.no\/content\/uploads\/sites\/131\/2024\/08\/tilbud_ijobb-ung_Halden.jpg","contentUrl":"https:\/\/kirkensbymisjon.no\/content\/uploads\/sites\/131\/2024\/08\/tilbud_ijobb-ung_Halden.jpg","width":1000,"height":500,"caption":"Ung p\u00e5 dagtid, Halden og Sarpsborg"},{"@type":"BreadcrumbList","@id":"https:\/\/kirkensbymisjon.no\/tilbud-i-jobb\/ung\/#breadcrumb","itemListElement":[{"@type":"ListItem","position":1,"name":"Hjem","item":"https:\/\/kirkensbymisjon.no\/tilbud-i-jobb\/"},{"@type":"ListItem","position":2,"name":"Ung"}]},{"@type":"WebSite","@id":"https:\/\/kirkensbymisjon.no\/tilbud-i-jobb\/#website","url":"https:\/\/kirkensbymisjon.no\/tilbud-i-jobb\/","name":"I jobb","description":"","potentialAction":[{"@type":"SearchAction","target":{"@type":"EntryPoint","urlTemplate":"https:\/\/kirkensbymisjon.no\/tilbud-i-jobb\/?s={search_term_string}"},"query-input":{"@type":"PropertyValueSpecification","valueRequired":true,"valueName":"search_term_string"}}],"inLanguage":"nb-NO"}]}},"_links":{"self":[{"href":"https:\/\/kirkensbymisjon.no\/tilbud-i-jobb\/wp-json\/wp\/v2\/pages\/26","targetHints":{"allow":["GET"]}}],"collection":[{"href":"https:\/\/kirkensbymisjon.no\/tilbud-i-jobb\/wp-json\/wp\/v2\/pages"}],"about":[{"href":"https:\/\/kirkensbymisjon.no\/tilbud-i-jobb\/wp-json\/wp\/v2\/types\/page"}],"author":[{"embeddable":true,"href":"https:\/\/kirkensbymisjon.no\/tilbud-i-jobb\/wp-json\/wp\/v2\/users\/5"}],"replies":[{"embeddable":true,"href":"https:\/\/kirkensbymisjon.no\/tilbud-i-jobb\/wp-json\/wp\/v2\/comments?post=26"}],"version-history":[{"count":5,"href":"https:\/\/kirkensbymisjon.no\/tilbud-i-jobb\/wp-json\/wp\/v2\/pages\/26\/revisions"}],"predecessor-version":[{"id":518,"href":"https:\/\/kirkensbymisjon.no\/tilbud-i-jobb\/wp-json\/wp\/v2\/pages\/26\/revisions\/518"}],"wp:featuredmedia":[{"embeddable":true,"href":"https:\/\/kirkensbymisjon.no\/tilbud-i-jobb\/wp-json\/wp\/v2\/media\/398"}],"wp:attachment":[{"href":"https:\/\/kirkensbymisjon.no\/tilbud-i-jobb\/wp-json\/wp\/v2\/media?parent=26"}],"curies":[{"name":"wp","href":"https:\/\/api.w.org\/{rel}","templated":true}]}}