{"id":29,"date":"2024-08-12T12:49:19","date_gmt":"2024-08-12T10:49:19","guid":{"rendered":"https:\/\/kirkensbymisjon.no\/tilbud-i-jobb\/?page_id=29"},"modified":"2025-04-07T10:54:32","modified_gmt":"2025-04-07T08:54:32","slug":"overgang","status":"publish","type":"page","link":"https:\/\/kirkensbymisjon.no\/tilbud-i-jobb\/overgang\/","title":{"rendered":"Overgang"},"content":{"rendered":"\n<h2 class=\"wp-block-heading\" id=\"h-overgang-til-arbeidslivet\">Overgang til arbeidslivet<\/h2>\n\n\n\n<p>Et tilbud til mennesker over 25 \u00e5r som \u00f8nsker arbeidstrening eller har f\u00e5tt arbeidsmarkedstiltak for \u00e5 kunne komme seg ut i ordin\u00e6rt arbeid. Vi inng\u00e5r avtaler b\u00e5de direkte med den enkelte deltakeren, eller gjennom samarbeid med kommunen eller NAV.<\/p>\n\n\n\n<figure class=\"wp-block-image size-full\"><img loading=\"lazy\" decoding=\"async\" width=\"1701\" height=\"957\" src=\"https:\/\/kirkensbymisjon.no\/content\/uploads\/sites\/131\/2024\/08\/tilbud_ijobb_04.jpg\" alt=\"Unge i arbeidstrening\" class=\"wp-image-43\" srcset=\"https:\/\/kirkensbymisjon.no\/content\/uploads\/sites\/131\/2024\/08\/tilbud_ijobb_04.jpg 1701w, https:\/\/kirkensbymisjon.no\/content\/uploads\/sites\/131\/2024\/08\/tilbud_ijobb_04-300x169.jpg 300w, https:\/\/kirkensbymisjon.no\/content\/uploads\/sites\/131\/2024\/08\/tilbud_ijobb_04-1024x576.jpg 1024w, https:\/\/kirkensbymisjon.no\/content\/uploads\/sites\/131\/2024\/08\/tilbud_ijobb_04-768x432.jpg 768w, https:\/\/kirkensbymisjon.no\/content\/uploads\/sites\/131\/2024\/08\/tilbud_ijobb_04-1536x864.jpg 1536w\" sizes=\"auto, (max-width: 1701px) 100vw, 1701px\" \/><\/figure>\n\n\n<div class=\"t2-accordion wp-block-t2-accordion\" data-allow-multiple=\"1\" role=\"list\">\n<div class=\"t2-accordion-item wp-block-t2-accordion-item\" role=\"listitem\">\n\t\t\t<h2 class=\"t2-accordion-title\">\n\t\t\t\t<button type=\"button\" class=\"t2-accordion-trigger\" id=\"overgang-til-ordin\u00e6rt-arbeid\" aria-controls=\"accordion-panel\" aria-expanded=\"false\">\n\t\t\t\t\tOvergang til ordin\u00e6rt arbeid\n\t\t\t\t\t<span class=\"t2-accordion-icon is-closed-icon\"><svg xmlns=\"http:\/\/www.w3.org\/2000\/svg\" viewBox=\"0 0 24 24\" height=\"24\" width=\"24\" class=\"t2-icon t2-icon-plus\" aria-hidden=\"true\" focusable=\"false\"><path d=\"M11.8 5.037a1.088 1.088 0 0 0-.722.566c-.075.148-.078.25-.078 2.772v2.619l-2.61.016c-1.867.012-2.652.03-2.756.064-.168.055-.438.301-.54.494-.049.092-.07.223-.07.432 0 .34.054.476.282.704.289.289.14.275 3.064.288l2.63.012v2.619c0 2.544.002 2.625.08 2.778.191.372.516.577.92.577s.729-.205.92-.577c.078-.153.08-.234.08-2.778v-2.619l2.63-.012c2.924-.013 2.775.001 3.064-.288.228-.228.282-.364.282-.704 0-.209-.021-.34-.07-.432-.102-.193-.372-.439-.54-.494-.104-.034-.889-.052-2.756-.064L13 10.994V8.375c0-2.522-.003-2.624-.078-2.772-.214-.418-.685-.656-1.122-.566\"\/><\/svg><\/span>\n\t\t\t\t\t<span class=\"t2-accordion-icon is-open-icon\"><svg xmlns=\"http:\/\/www.w3.org\/2000\/svg\" viewBox=\"0 0 24 24\" height=\"24\" width=\"24\" class=\"t2-icon t2-icon-chevronup\" aria-hidden=\"true\" focusable=\"false\"><path d=\"M6.7 14.7c-.2-.2-.3-.4-.3-.7s.1-.5.3-.7l4.6-4.6c.1-.1.2-.2.3-.2.1 0 .2-.1.4-.1.1 0 .3 0 .4.1.1 0 .2.1.3.2l4.6 4.6c.2.2.3.4.3.7s-.1.5-.3.7c-.2.2-.4.3-.7.3s-.5-.1-.7-.3L12 10.8l-3.9 3.9c-.2.2-.4.3-.7.3s-.5-.1-.7-.3z\" fill=\"currentColor\" \/><\/svg><\/span>\n\t\t\t\t<\/button>\n\t\t\t<\/h2>\n\t\t\t<div class=\"t2-accordion-item__inner-container is-layout-flow\" id=\"accordion-panel\" aria-labelledby=\"overgang-til-ordin\u00e6rt-arbeid\" role=\"region\" hidden>\n\t\t\t\t\n\n<p>M\u00e5lgruppen er personer som \u00f8nsker seg arbeid, eller som har behov av avklaring n\u00e5r det gjelder videre arbeid eller utdanning. Det kan for eksempel v\u00e6re personer med samtidige rusutfordringer og psykisk uhelse, personer som er i ulike rehabiliteringsl\u00f8p eller ettervern, eller flyktninger. <\/p>\n\n\n\n<p>Deltakerne f\u00e5r tett individuell oppf\u00f8lging og st\u00f8tte. Vi legger vekt p\u00e5 individuell tilpasning og endringsorientert oppf\u00f8lging.<\/p>\n\n\n\n<p>Innholdet i arbeidet&nbsp;varierer, b\u00e5de med hensyn til m\u00e5lgruppe, driftsform, arena og m\u00e5lsettinger, men generelt s\u00f8ker vi \u00e5 tilby deltakerne en mest mulig realistisk arbeidssituasjon\/arbeidsplass, for eksempel som i en kaf\u00e9, en butikk eller et sykkelverksted.<\/p>\n\n\n\t\t\t<\/div>\n\t\t<\/div>\n\n<div class=\"t2-accordion-item wp-block-t2-accordion-item\" role=\"listitem\">\n\t\t\t<h2 class=\"t2-accordion-title\">\n\t\t\t\t<button type=\"button\" class=\"t2-accordion-trigger\" id=\"arbeidsmarkedstiltak-p\u00e5-oppdrag-fra-nav\" aria-controls=\"accordion-panel-1\" aria-expanded=\"false\">\n\t\t\t\t\tArbeidsmarkedstiltak p\u00e5 oppdrag fra NAV\n\t\t\t\t\t<span class=\"t2-accordion-icon is-closed-icon\"><svg xmlns=\"http:\/\/www.w3.org\/2000\/svg\" viewBox=\"0 0 24 24\" height=\"24\" width=\"24\" class=\"t2-icon t2-icon-plus\" aria-hidden=\"true\" focusable=\"false\"><path d=\"M11.8 5.037a1.088 1.088 0 0 0-.722.566c-.075.148-.078.25-.078 2.772v2.619l-2.61.016c-1.867.012-2.652.03-2.756.064-.168.055-.438.301-.54.494-.049.092-.07.223-.07.432 0 .34.054.476.282.704.289.289.14.275 3.064.288l2.63.012v2.619c0 2.544.002 2.625.08 2.778.191.372.516.577.92.577s.729-.205.92-.577c.078-.153.08-.234.08-2.778v-2.619l2.63-.012c2.924-.013 2.775.001 3.064-.288.228-.228.282-.364.282-.704 0-.209-.021-.34-.07-.432-.102-.193-.372-.439-.54-.494-.104-.034-.889-.052-2.756-.064L13 10.994V8.375c0-2.522-.003-2.624-.078-2.772-.214-.418-.685-.656-1.122-.566\"\/><\/svg><\/span>\n\t\t\t\t\t<span class=\"t2-accordion-icon is-open-icon\"><svg xmlns=\"http:\/\/www.w3.org\/2000\/svg\" viewBox=\"0 0 24 24\" height=\"24\" width=\"24\" class=\"t2-icon t2-icon-chevronup\" aria-hidden=\"true\" focusable=\"false\"><path d=\"M6.7 14.7c-.2-.2-.3-.4-.3-.7s.1-.5.3-.7l4.6-4.6c.1-.1.2-.2.3-.2.1 0 .2-.1.4-.1.1 0 .3 0 .4.1.1 0 .2.1.3.2l4.6 4.6c.2.2.3.4.3.7s-.1.5-.3.7c-.2.2-.4.3-.7.3s-.5-.1-.7-.3L12 10.8l-3.9 3.9c-.2.2-.4.3-.7.3s-.5-.1-.7-.3z\" fill=\"currentColor\" \/><\/svg><\/span>\n\t\t\t\t<\/button>\n\t\t\t<\/h2>\n\t\t\t<div class=\"t2-accordion-item__inner-container is-layout-flow\" id=\"accordion-panel-1\" aria-labelledby=\"arbeidsmarkedstiltak-p\u00e5-oppdrag-fra-nav\" role=\"region\" hidden>\n\t\t\t\t\n\n<p>Tilbudet utf\u00f8res p\u00e5 oppdrag fra NAV, som ogs\u00e5 definerer m\u00e5lgruppen. Kirkens Bymisjon er godkjent som tiltaksleverand\u00f8r av NAV, og f\u00e5r oppdrag gjennom ulike anbud. I slike tilfeller er finansieringen, rammene og m\u00e5lene fastsatt av NAV, og vi m\u00e5 levere i henhold til oppdraget vi har tatt p\u00e5 oss.<\/p>\n\n\n\t\t\t<\/div>\n\t\t<\/div>\n\n<div class=\"t2-accordion-item wp-block-t2-accordion-item\" role=\"listitem\">\n\t\t\t<h2 class=\"t2-accordion-title\">\n\t\t\t\t<button type=\"button\" class=\"t2-accordion-trigger\" id=\"l\u00f8nn-og-inntekt\" aria-controls=\"accordion-panel-2\" aria-expanded=\"false\">\n\t\t\t\t\tL\u00f8nn og inntekt\n\t\t\t\t\t<span class=\"t2-accordion-icon is-closed-icon\"><svg xmlns=\"http:\/\/www.w3.org\/2000\/svg\" viewBox=\"0 0 24 24\" height=\"24\" width=\"24\" class=\"t2-icon t2-icon-plus\" aria-hidden=\"true\" focusable=\"false\"><path d=\"M11.8 5.037a1.088 1.088 0 0 0-.722.566c-.075.148-.078.25-.078 2.772v2.619l-2.61.016c-1.867.012-2.652.03-2.756.064-.168.055-.438.301-.54.494-.049.092-.07.223-.07.432 0 .34.054.476.282.704.289.289.14.275 3.064.288l2.63.012v2.619c0 2.544.002 2.625.08 2.778.191.372.516.577.92.577s.729-.205.92-.577c.078-.153.08-.234.08-2.778v-2.619l2.63-.012c2.924-.013 2.775.001 3.064-.288.228-.228.282-.364.282-.704 0-.209-.021-.34-.07-.432-.102-.193-.372-.439-.54-.494-.104-.034-.889-.052-2.756-.064L13 10.994V8.375c0-2.522-.003-2.624-.078-2.772-.214-.418-.685-.656-1.122-.566\"\/><\/svg><\/span>\n\t\t\t\t\t<span class=\"t2-accordion-icon is-open-icon\"><svg xmlns=\"http:\/\/www.w3.org\/2000\/svg\" viewBox=\"0 0 24 24\" height=\"24\" width=\"24\" class=\"t2-icon t2-icon-chevronup\" aria-hidden=\"true\" focusable=\"false\"><path d=\"M6.7 14.7c-.2-.2-.3-.4-.3-.7s.1-.5.3-.7l4.6-4.6c.1-.1.2-.2.3-.2.1 0 .2-.1.4-.1.1 0 .3 0 .4.1.1 0 .2.1.3.2l4.6 4.6c.2.2.3.4.3.7s-.1.5-.3.7c-.2.2-.4.3-.7.3s-.5-.1-.7-.3L12 10.8l-3.9 3.9c-.2.2-.4.3-.7.3s-.5-.1-.7-.3z\" fill=\"currentColor\" \/><\/svg><\/span>\n\t\t\t\t<\/button>\n\t\t\t<\/h2>\n\t\t\t<div class=\"t2-accordion-item__inner-container is-layout-flow\" id=\"accordion-panel-2\" aria-labelledby=\"l\u00f8nn-og-inntekt\" role=\"region\" hidden>\n\t\t\t\t\n\n<p>Tilbudet er i utgangspunktet ul\u00f8nnet arbeidstrening, men deltakerne kan ha ulike ytelser og st\u00f8nader fra NAV som inntekt.<\/p>\n\n\n\n<p>N\u00e5r det er NAV som fatter vedtak om plass, omfatter tilbudet i hovedsak arbeidsforberedende trening (AFT) og\/eller varig tilrettelagt arbeid, enten i skjermet eller ordin\u00e6r virksomhet (VTA\/O). Deltakerne kan da ha ulike ytelser som inntekt.<\/p>\n\n\n\t\t\t<\/div>\n\t\t<\/div>\n\n<div class=\"t2-accordion-item wp-block-t2-accordion-item\" role=\"listitem\">\n\t\t\t<h2 class=\"t2-accordion-title\">\n\t\t\t\t<button type=\"button\" class=\"t2-accordion-trigger\" id=\"\u00f8nsker-du-\u00e5-delta?\" aria-controls=\"accordion-panel-3\" aria-expanded=\"false\">\n\t\t\t\t\t\u00d8nsker du \u00e5 delta?\n\t\t\t\t\t<span class=\"t2-accordion-icon is-closed-icon\"><svg xmlns=\"http:\/\/www.w3.org\/2000\/svg\" viewBox=\"0 0 24 24\" height=\"24\" width=\"24\" class=\"t2-icon t2-icon-plus\" aria-hidden=\"true\" focusable=\"false\"><path d=\"M11.8 5.037a1.088 1.088 0 0 0-.722.566c-.075.148-.078.25-.078 2.772v2.619l-2.61.016c-1.867.012-2.652.03-2.756.064-.168.055-.438.301-.54.494-.049.092-.07.223-.07.432 0 .34.054.476.282.704.289.289.14.275 3.064.288l2.63.012v2.619c0 2.544.002 2.625.08 2.778.191.372.516.577.92.577s.729-.205.92-.577c.078-.153.08-.234.08-2.778v-2.619l2.63-.012c2.924-.013 2.775.001 3.064-.288.228-.228.282-.364.282-.704 0-.209-.021-.34-.07-.432-.102-.193-.372-.439-.54-.494-.104-.034-.889-.052-2.756-.064L13 10.994V8.375c0-2.522-.003-2.624-.078-2.772-.214-.418-.685-.656-1.122-.566\"\/><\/svg><\/span>\n\t\t\t\t\t<span class=\"t2-accordion-icon is-open-icon\"><svg xmlns=\"http:\/\/www.w3.org\/2000\/svg\" viewBox=\"0 0 24 24\" height=\"24\" width=\"24\" class=\"t2-icon t2-icon-chevronup\" aria-hidden=\"true\" focusable=\"false\"><path d=\"M6.7 14.7c-.2-.2-.3-.4-.3-.7s.1-.5.3-.7l4.6-4.6c.1-.1.2-.2.3-.2.1 0 .2-.1.4-.1.1 0 .3 0 .4.1.1 0 .2.1.3.2l4.6 4.6c.2.2.3.4.3.7s-.1.5-.3.7c-.2.2-.4.3-.7.3s-.5-.1-.7-.3L12 10.8l-3.9 3.9c-.2.2-.4.3-.7.3s-.5-.1-.7-.3z\" fill=\"currentColor\" \/><\/svg><\/span>\n\t\t\t\t<\/button>\n\t\t\t<\/h2>\n\t\t\t<div class=\"t2-accordion-item__inner-container is-layout-flow\" id=\"accordion-panel-3\" aria-labelledby=\"\u00f8nsker-du-\u00e5-delta?\" role=\"region\" hidden>\n\t\t\t\t\n\n<p>Ta direkte kontakt med et av <a href=\"https:\/\/kirkensbymisjon.no\/tilbud-i-jobb\/kontaktinformasjon\/\">v\u00e5re tilbud<\/a>, NAV eller din kommune.<\/p>\n\n\n\t\t\t<\/div>\n\t\t<\/div>\n<\/div>\n\n\n<div class=\"wp-block-media-text alignwide is-stacked-on-mobile is-style-filled\"><figure class=\"wp-block-media-text__media\"><img decoding=\"async\" src=\"https:\/\/kirkensbymisjon.no\/content\/uploads\/2024\/06\/arbeidsfelt_arbeidsinkludering_02-1024x576.jpg\" alt=\"Ung jente i arbeidstrening ved Ung p\u00e5 dagtid i Halden\" class=\"wp-image-365 size-full\"\/><\/figure><div class=\"wp-block-media-text__content\">\n<h2 class=\"wp-block-heading\" id=\"h-arbeidsinkludering\">Arbeidsinkludering<\/h2>\n\n\n\n<p>Vi driver en rekke tilbud for \u00e5 hjelpe mennesker ut i arbeid. Det \u00e5 ha noe \u00e5 g\u00e5 til er viktig av mange grunner. For mange er arbeid et alternativ til noe vanskelig. Det kan handle om rus, ensomhet eller andre utfordringer. Gjennom v\u00e5rt arbeid kan vi bidra arbeidsfellesskap, mestring og inntekt.&nbsp;<\/p>\n\n\n\n<p><a href=\"\/arbeidsinkludering\">Les mer om v\u00e5re tilbud<\/a><\/p>\n<\/div><\/div>\n","protected":false},"excerpt":{"rendered":"<p>Overgang til arbeidslivet Et tilbud til mennesker over 25 \u00e5r som \u00f8nsker arbeidstrening eller har&hellip;<\/p>\n","protected":false},"author":5,"featured_media":0,"parent":0,"menu_order":0,"comment_status":"closed","ping_status":"closed","template":"","meta":{"_relevanssi_hide_post":"","_relevanssi_hide_content":"","_relevanssi_pin_for_all":"","_relevanssi_pin_keywords":"","_relevanssi_unpin_keywords":"","_relevanssi_related_keywords":"","_relevanssi_related_include_ids":"","_relevanssi_related_exclude_ids":"","_relevanssi_related_no_append":"","_relevanssi_related_not_related":"","_relevanssi_related_posts":"1","_relevanssi_noindex_reason":"","editor_notices":[],"footnotes":""},"class_list":["post-29","page","type-page","status-publish","hentry"],"yoast_head":"<!-- This site is optimized with the Yoast SEO Premium plugin v27.2 (Yoast SEO v27.2) - https:\/\/yoast.com\/product\/yoast-seo-premium-wordpress\/ -->\n<title>Overgang - I jobb<\/title>\n<meta name=\"robots\" content=\"index, follow, max-snippet:-1, max-image-preview:large, max-video-preview:-1\" \/>\n<link rel=\"canonical\" href=\"https:\/\/kirkensbymisjon.no\/tilbud-i-jobb\/overgang\/\" \/>\n<meta property=\"og:locale\" content=\"nb_NO\" \/>\n<meta property=\"og:type\" content=\"article\" \/>\n<meta property=\"og:title\" content=\"Overgang\" \/>\n<meta property=\"og:description\" content=\"Overgang til arbeidslivet Et tilbud til mennesker over 25 \u00e5r som \u00f8nsker arbeidstrening eller har&hellip;\" \/>\n<meta property=\"og:url\" content=\"https:\/\/kirkensbymisjon.no\/tilbud-i-jobb\/overgang\/\" \/>\n<meta property=\"og:site_name\" content=\"I jobb\" \/>\n<meta property=\"article:modified_time\" content=\"2025-04-07T08:54:32+00:00\" \/>\n<meta property=\"og:image\" content=\"https:\/\/kirkensbymisjon.no\/content\/uploads\/sites\/131\/2024\/08\/tilbud_ijobb_04.jpg\" \/>\n\t<meta property=\"og:image:width\" content=\"1701\" \/>\n\t<meta property=\"og:image:height\" content=\"957\" \/>\n\t<meta property=\"og:image:type\" content=\"image\/jpeg\" \/>\n<meta name=\"twitter:card\" content=\"summary_large_image\" \/>\n<meta name=\"twitter:label1\" content=\"Ansl. lesetid\" \/>\n\t<meta name=\"twitter:data1\" content=\"3 minutter\" \/>\n<script type=\"application\/ld+json\" class=\"yoast-schema-graph\">{\"@context\":\"https:\/\/schema.org\",\"@graph\":[{\"@type\":\"WebPage\",\"@id\":\"https:\/\/kirkensbymisjon.no\/tilbud-i-jobb\/overgang\/\",\"url\":\"https:\/\/kirkensbymisjon.no\/tilbud-i-jobb\/overgang\/\",\"name\":\"Overgang - I jobb\",\"isPartOf\":{\"@id\":\"https:\/\/kirkensbymisjon.no\/tilbud-i-jobb\/#website\"},\"primaryImageOfPage\":{\"@id\":\"https:\/\/kirkensbymisjon.no\/tilbud-i-jobb\/overgang\/#primaryimage\"},\"image\":{\"@id\":\"https:\/\/kirkensbymisjon.no\/tilbud-i-jobb\/overgang\/#primaryimage\"},\"thumbnailUrl\":\"https:\/\/kirkensbymisjon.no\/content\/uploads\/sites\/131\/2024\/08\/tilbud_ijobb_04.jpg\",\"datePublished\":\"2024-08-12T10:49:19+00:00\",\"dateModified\":\"2025-04-07T08:54:32+00:00\",\"breadcrumb\":{\"@id\":\"https:\/\/kirkensbymisjon.no\/tilbud-i-jobb\/overgang\/#breadcrumb\"},\"inLanguage\":\"nb-NO\",\"potentialAction\":[{\"@type\":\"ReadAction\",\"target\":[\"https:\/\/kirkensbymisjon.no\/tilbud-i-jobb\/overgang\/\"]}]},{\"@type\":\"ImageObject\",\"inLanguage\":\"nb-NO\",\"@id\":\"https:\/\/kirkensbymisjon.no\/tilbud-i-jobb\/overgang\/#primaryimage\",\"url\":\"https:\/\/kirkensbymisjon.no\/content\/uploads\/sites\/131\/2024\/08\/tilbud_ijobb_04.jpg\",\"contentUrl\":\"https:\/\/kirkensbymisjon.no\/content\/uploads\/sites\/131\/2024\/08\/tilbud_ijobb_04.jpg\"},{\"@type\":\"BreadcrumbList\",\"@id\":\"https:\/\/kirkensbymisjon.no\/tilbud-i-jobb\/overgang\/#breadcrumb\",\"itemListElement\":[{\"@type\":\"ListItem\",\"position\":1,\"name\":\"Hjem\",\"item\":\"https:\/\/kirkensbymisjon.no\/tilbud-i-jobb\/\"},{\"@type\":\"ListItem\",\"position\":2,\"name\":\"Overgang\"}]},{\"@type\":\"WebSite\",\"@id\":\"https:\/\/kirkensbymisjon.no\/tilbud-i-jobb\/#website\",\"url\":\"https:\/\/kirkensbymisjon.no\/tilbud-i-jobb\/\",\"name\":\"I jobb\",\"description\":\"\",\"potentialAction\":[{\"@type\":\"SearchAction\",\"target\":{\"@type\":\"EntryPoint\",\"urlTemplate\":\"https:\/\/kirkensbymisjon.no\/tilbud-i-jobb\/?s={search_term_string}\"},\"query-input\":{\"@type\":\"PropertyValueSpecification\",\"valueRequired\":true,\"valueName\":\"search_term_string\"}}],\"inLanguage\":\"nb-NO\"}]}<\/script>\n<!-- \/ Yoast SEO Premium plugin. -->","yoast_head_json":{"title":"Overgang - I jobb","robots":{"index":"index","follow":"follow","max-snippet":"max-snippet:-1","max-image-preview":"max-image-preview:large","max-video-preview":"max-video-preview:-1"},"canonical":"https:\/\/kirkensbymisjon.no\/tilbud-i-jobb\/overgang\/","og_locale":"nb_NO","og_type":"article","og_title":"Overgang","og_description":"Overgang til arbeidslivet Et tilbud til mennesker over 25 \u00e5r som \u00f8nsker arbeidstrening eller har&hellip;","og_url":"https:\/\/kirkensbymisjon.no\/tilbud-i-jobb\/overgang\/","og_site_name":"I jobb","article_modified_time":"2025-04-07T08:54:32+00:00","og_image":[{"width":1701,"height":957,"url":"https:\/\/kirkensbymisjon.no\/content\/uploads\/sites\/131\/2024\/08\/tilbud_ijobb_04.jpg","type":"image\/jpeg"}],"twitter_card":"summary_large_image","twitter_misc":{"Ansl. lesetid":"3 minutter"},"schema":{"@context":"https:\/\/schema.org","@graph":[{"@type":"WebPage","@id":"https:\/\/kirkensbymisjon.no\/tilbud-i-jobb\/overgang\/","url":"https:\/\/kirkensbymisjon.no\/tilbud-i-jobb\/overgang\/","name":"Overgang - I jobb","isPartOf":{"@id":"https:\/\/kirkensbymisjon.no\/tilbud-i-jobb\/#website"},"primaryImageOfPage":{"@id":"https:\/\/kirkensbymisjon.no\/tilbud-i-jobb\/overgang\/#primaryimage"},"image":{"@id":"https:\/\/kirkensbymisjon.no\/tilbud-i-jobb\/overgang\/#primaryimage"},"thumbnailUrl":"https:\/\/kirkensbymisjon.no\/content\/uploads\/sites\/131\/2024\/08\/tilbud_ijobb_04.jpg","datePublished":"2024-08-12T10:49:19+00:00","dateModified":"2025-04-07T08:54:32+00:00","breadcrumb":{"@id":"https:\/\/kirkensbymisjon.no\/tilbud-i-jobb\/overgang\/#breadcrumb"},"inLanguage":"nb-NO","potentialAction":[{"@type":"ReadAction","target":["https:\/\/kirkensbymisjon.no\/tilbud-i-jobb\/overgang\/"]}]},{"@type":"ImageObject","inLanguage":"nb-NO","@id":"https:\/\/kirkensbymisjon.no\/tilbud-i-jobb\/overgang\/#primaryimage","url":"https:\/\/kirkensbymisjon.no\/content\/uploads\/sites\/131\/2024\/08\/tilbud_ijobb_04.jpg","contentUrl":"https:\/\/kirkensbymisjon.no\/content\/uploads\/sites\/131\/2024\/08\/tilbud_ijobb_04.jpg"},{"@type":"BreadcrumbList","@id":"https:\/\/kirkensbymisjon.no\/tilbud-i-jobb\/overgang\/#breadcrumb","itemListElement":[{"@type":"ListItem","position":1,"name":"Hjem","item":"https:\/\/kirkensbymisjon.no\/tilbud-i-jobb\/"},{"@type":"ListItem","position":2,"name":"Overgang"}]},{"@type":"WebSite","@id":"https:\/\/kirkensbymisjon.no\/tilbud-i-jobb\/#website","url":"https:\/\/kirkensbymisjon.no\/tilbud-i-jobb\/","name":"I jobb","description":"","potentialAction":[{"@type":"SearchAction","target":{"@type":"EntryPoint","urlTemplate":"https:\/\/kirkensbymisjon.no\/tilbud-i-jobb\/?s={search_term_string}"},"query-input":{"@type":"PropertyValueSpecification","valueRequired":true,"valueName":"search_term_string"}}],"inLanguage":"nb-NO"}]}},"_links":{"self":[{"href":"https:\/\/kirkensbymisjon.no\/tilbud-i-jobb\/wp-json\/wp\/v2\/pages\/29","targetHints":{"allow":["GET"]}}],"collection":[{"href":"https:\/\/kirkensbymisjon.no\/tilbud-i-jobb\/wp-json\/wp\/v2\/pages"}],"about":[{"href":"https:\/\/kirkensbymisjon.no\/tilbud-i-jobb\/wp-json\/wp\/v2\/types\/page"}],"author":[{"embeddable":true,"href":"https:\/\/kirkensbymisjon.no\/tilbud-i-jobb\/wp-json\/wp\/v2\/users\/5"}],"replies":[{"embeddable":true,"href":"https:\/\/kirkensbymisjon.no\/tilbud-i-jobb\/wp-json\/wp\/v2\/comments?post=29"}],"version-history":[{"count":5,"href":"https:\/\/kirkensbymisjon.no\/tilbud-i-jobb\/wp-json\/wp\/v2\/pages\/29\/revisions"}],"predecessor-version":[{"id":547,"href":"https:\/\/kirkensbymisjon.no\/tilbud-i-jobb\/wp-json\/wp\/v2\/pages\/29\/revisions\/547"}],"wp:attachment":[{"href":"https:\/\/kirkensbymisjon.no\/tilbud-i-jobb\/wp-json\/wp\/v2\/media?parent=29"}],"curies":[{"name":"wp","href":"https:\/\/api.w.org\/{rel}","templated":true}]}}