{"id":324,"date":"2024-08-24T10:43:03","date_gmt":"2024-08-24T08:43:03","guid":{"rendered":"https:\/\/kirkensbymisjon.no\/tilbud-i-jobb\/?page_id=324"},"modified":"2025-02-28T11:24:08","modified_gmt":"2025-02-28T10:24:08","slug":"halden","status":"publish","type":"page","link":"https:\/\/kirkensbymisjon.no\/tilbud-i-jobb\/kontaktinformasjon\/halden\/","title":{"rendered":"I jobb, Halden"},"content":{"rendered":"\n<h2 class=\"wp-block-heading\" id=\"h-i-jobb-halden\">I jobb, Halden<\/h2>\n\n\n\n<p><em>I Jobb Halden er dessverre under avvikling. Sp\u00f8rsm\u00e5l om nye eller p\u00e5g\u00e5ende oppdrag, eller fakturaer h\u00e5ndteres fra I Jobb Sarpsborg.<\/em><\/p>\n\n\n\n<p><em>Vi tar gjerne imot oppdrag i Halden og disse utf\u00f8res i hovedsak av tidligere arbeidere fra Halden som n\u00e5 tilbys arbeid og aktivitet hos <a href=\"https:\/\/kirkensbymisjon.no\/tilbud-i-jobb\/kontaktinformasjon\/sarpsborg\/\">I Jobb Sarpsborg.<\/a><\/em><\/p>\n\n\n\n<p><em>Telefon: <a href=\"tel:47486605\">47 48 66 05<\/a>\u00a0<\/em><\/p>\n","protected":false},"excerpt":{"rendered":"<p>I jobb, Halden I Jobb Halden er dessverre under avvikling. Sp\u00f8rsm\u00e5l om nye eller p\u00e5g\u00e5ende&hellip;<\/p>\n","protected":false},"author":5,"featured_media":325,"parent":301,"menu_order":0,"comment_status":"closed","ping_status":"closed","template":"","meta":{"_relevanssi_hide_post":"","_relevanssi_hide_content":"","_relevanssi_pin_for_all":"","_relevanssi_pin_keywords":"","_relevanssi_unpin_keywords":"","_relevanssi_related_keywords":"","_relevanssi_related_include_ids":"","_relevanssi_related_exclude_ids":"","_relevanssi_related_no_append":"","_relevanssi_related_not_related":"","_relevanssi_related_posts":"1","_relevanssi_noindex_reason":"Relevanssi image attachment filter Relevanssi index exclude","editor_notices":[],"footnotes":""},"class_list":["post-324","page","type-page","status-publish","has-post-thumbnail","hentry"],"yoast_head":"<!-- This site is optimized with the Yoast SEO Premium plugin v27.2 (Yoast SEO v27.2) - https:\/\/yoast.com\/product\/yoast-seo-premium-wordpress\/ -->\n<title>I jobb, Halden - I jobb<\/title>\n<meta name=\"robots\" content=\"index, follow, max-snippet:-1, max-image-preview:large, max-video-preview:-1\" \/>\n<link rel=\"canonical\" href=\"https:\/\/kirkensbymisjon.no\/tilbud-i-jobb\/kontaktinformasjon\/halden\/\" \/>\n<meta property=\"og:locale\" content=\"nb_NO\" \/>\n<meta property=\"og:type\" content=\"article\" \/>\n<meta property=\"og:title\" content=\"I jobb, Halden\" \/>\n<meta property=\"og:description\" content=\"I jobb, Halden I Jobb Halden er dessverre under avvikling. Sp\u00f8rsm\u00e5l om nye eller p\u00e5g\u00e5ende&hellip;\" \/>\n<meta property=\"og:url\" content=\"https:\/\/kirkensbymisjon.no\/tilbud-i-jobb\/kontaktinformasjon\/halden\/\" \/>\n<meta property=\"og:site_name\" content=\"I jobb\" \/>\n<meta property=\"article:modified_time\" content=\"2025-02-28T10:24:08+00:00\" \/>\n<meta property=\"og:image\" content=\"https:\/\/kirkensbymisjon.no\/content\/uploads\/sites\/131\/2024\/08\/tilbud_ijobb_Halden.jpg\" \/>\n\t<meta property=\"og:image:width\" content=\"1557\" \/>\n\t<meta property=\"og:image:height\" content=\"1221\" \/>\n\t<meta property=\"og:image:type\" content=\"image\/jpeg\" \/>\n<meta name=\"twitter:card\" content=\"summary_large_image\" \/>\n<meta name=\"twitter:label1\" content=\"Ansl. lesetid\" \/>\n\t<meta name=\"twitter:data1\" content=\"1 minutt\" \/>\n<script type=\"application\/ld+json\" class=\"yoast-schema-graph\">{\"@context\":\"https:\/\/schema.org\",\"@graph\":[{\"@type\":\"WebPage\",\"@id\":\"https:\/\/kirkensbymisjon.no\/tilbud-i-jobb\/kontaktinformasjon\/halden\/\",\"url\":\"https:\/\/kirkensbymisjon.no\/tilbud-i-jobb\/kontaktinformasjon\/halden\/\",\"name\":\"I jobb, Halden - I jobb\",\"isPartOf\":{\"@id\":\"https:\/\/kirkensbymisjon.no\/tilbud-i-jobb\/#website\"},\"primaryImageOfPage\":{\"@id\":\"https:\/\/kirkensbymisjon.no\/tilbud-i-jobb\/kontaktinformasjon\/halden\/#primaryimage\"},\"image\":{\"@id\":\"https:\/\/kirkensbymisjon.no\/tilbud-i-jobb\/kontaktinformasjon\/halden\/#primaryimage\"},\"thumbnailUrl\":\"https:\/\/kirkensbymisjon.no\/content\/uploads\/sites\/131\/2024\/08\/tilbud_ijobb_Halden.jpg\",\"datePublished\":\"2024-08-24T08:43:03+00:00\",\"dateModified\":\"2025-02-28T10:24:08+00:00\",\"breadcrumb\":{\"@id\":\"https:\/\/kirkensbymisjon.no\/tilbud-i-jobb\/kontaktinformasjon\/halden\/#breadcrumb\"},\"inLanguage\":\"nb-NO\",\"potentialAction\":[{\"@type\":\"ReadAction\",\"target\":[\"https:\/\/kirkensbymisjon.no\/tilbud-i-jobb\/kontaktinformasjon\/halden\/\"]}]},{\"@type\":\"ImageObject\",\"inLanguage\":\"nb-NO\",\"@id\":\"https:\/\/kirkensbymisjon.no\/tilbud-i-jobb\/kontaktinformasjon\/halden\/#primaryimage\",\"url\":\"https:\/\/kirkensbymisjon.no\/content\/uploads\/sites\/131\/2024\/08\/tilbud_ijobb_Halden.jpg\",\"contentUrl\":\"https:\/\/kirkensbymisjon.no\/content\/uploads\/sites\/131\/2024\/08\/tilbud_ijobb_Halden.jpg\",\"width\":1557,\"height\":1221,\"caption\":\"I jobb, Halden\"},{\"@type\":\"BreadcrumbList\",\"@id\":\"https:\/\/kirkensbymisjon.no\/tilbud-i-jobb\/kontaktinformasjon\/halden\/#breadcrumb\",\"itemListElement\":[{\"@type\":\"ListItem\",\"position\":1,\"name\":\"Hjem\",\"item\":\"https:\/\/kirkensbymisjon.no\/tilbud-i-jobb\/\"},{\"@type\":\"ListItem\",\"position\":2,\"name\":\"Finn oss\",\"item\":\"https:\/\/kirkensbymisjon.no\/tilbud-i-jobb\/kontaktinformasjon\/\"},{\"@type\":\"ListItem\",\"position\":3,\"name\":\"I jobb, Halden\"}]},{\"@type\":\"WebSite\",\"@id\":\"https:\/\/kirkensbymisjon.no\/tilbud-i-jobb\/#website\",\"url\":\"https:\/\/kirkensbymisjon.no\/tilbud-i-jobb\/\",\"name\":\"I jobb\",\"description\":\"\",\"potentialAction\":[{\"@type\":\"SearchAction\",\"target\":{\"@type\":\"EntryPoint\",\"urlTemplate\":\"https:\/\/kirkensbymisjon.no\/tilbud-i-jobb\/?s={search_term_string}\"},\"query-input\":{\"@type\":\"PropertyValueSpecification\",\"valueRequired\":true,\"valueName\":\"search_term_string\"}}],\"inLanguage\":\"nb-NO\"}]}<\/script>\n<!-- \/ Yoast SEO Premium plugin. -->","yoast_head_json":{"title":"I jobb, Halden - I jobb","robots":{"index":"index","follow":"follow","max-snippet":"max-snippet:-1","max-image-preview":"max-image-preview:large","max-video-preview":"max-video-preview:-1"},"canonical":"https:\/\/kirkensbymisjon.no\/tilbud-i-jobb\/kontaktinformasjon\/halden\/","og_locale":"nb_NO","og_type":"article","og_title":"I jobb, Halden","og_description":"I jobb, Halden I Jobb Halden er dessverre under avvikling. Sp\u00f8rsm\u00e5l om nye eller p\u00e5g\u00e5ende&hellip;","og_url":"https:\/\/kirkensbymisjon.no\/tilbud-i-jobb\/kontaktinformasjon\/halden\/","og_site_name":"I jobb","article_modified_time":"2025-02-28T10:24:08+00:00","og_image":[{"width":1557,"height":1221,"url":"https:\/\/kirkensbymisjon.no\/content\/uploads\/sites\/131\/2024\/08\/tilbud_ijobb_Halden.jpg","type":"image\/jpeg"}],"twitter_card":"summary_large_image","twitter_misc":{"Ansl. lesetid":"1 minutt"},"schema":{"@context":"https:\/\/schema.org","@graph":[{"@type":"WebPage","@id":"https:\/\/kirkensbymisjon.no\/tilbud-i-jobb\/kontaktinformasjon\/halden\/","url":"https:\/\/kirkensbymisjon.no\/tilbud-i-jobb\/kontaktinformasjon\/halden\/","name":"I jobb, Halden - I jobb","isPartOf":{"@id":"https:\/\/kirkensbymisjon.no\/tilbud-i-jobb\/#website"},"primaryImageOfPage":{"@id":"https:\/\/kirkensbymisjon.no\/tilbud-i-jobb\/kontaktinformasjon\/halden\/#primaryimage"},"image":{"@id":"https:\/\/kirkensbymisjon.no\/tilbud-i-jobb\/kontaktinformasjon\/halden\/#primaryimage"},"thumbnailUrl":"https:\/\/kirkensbymisjon.no\/content\/uploads\/sites\/131\/2024\/08\/tilbud_ijobb_Halden.jpg","datePublished":"2024-08-24T08:43:03+00:00","dateModified":"2025-02-28T10:24:08+00:00","breadcrumb":{"@id":"https:\/\/kirkensbymisjon.no\/tilbud-i-jobb\/kontaktinformasjon\/halden\/#breadcrumb"},"inLanguage":"nb-NO","potentialAction":[{"@type":"ReadAction","target":["https:\/\/kirkensbymisjon.no\/tilbud-i-jobb\/kontaktinformasjon\/halden\/"]}]},{"@type":"ImageObject","inLanguage":"nb-NO","@id":"https:\/\/kirkensbymisjon.no\/tilbud-i-jobb\/kontaktinformasjon\/halden\/#primaryimage","url":"https:\/\/kirkensbymisjon.no\/content\/uploads\/sites\/131\/2024\/08\/tilbud_ijobb_Halden.jpg","contentUrl":"https:\/\/kirkensbymisjon.no\/content\/uploads\/sites\/131\/2024\/08\/tilbud_ijobb_Halden.jpg","width":1557,"height":1221,"caption":"I jobb, Halden"},{"@type":"BreadcrumbList","@id":"https:\/\/kirkensbymisjon.no\/tilbud-i-jobb\/kontaktinformasjon\/halden\/#breadcrumb","itemListElement":[{"@type":"ListItem","position":1,"name":"Hjem","item":"https:\/\/kirkensbymisjon.no\/tilbud-i-jobb\/"},{"@type":"ListItem","position":2,"name":"Finn oss","item":"https:\/\/kirkensbymisjon.no\/tilbud-i-jobb\/kontaktinformasjon\/"},{"@type":"ListItem","position":3,"name":"I jobb, Halden"}]},{"@type":"WebSite","@id":"https:\/\/kirkensbymisjon.no\/tilbud-i-jobb\/#website","url":"https:\/\/kirkensbymisjon.no\/tilbud-i-jobb\/","name":"I jobb","description":"","potentialAction":[{"@type":"SearchAction","target":{"@type":"EntryPoint","urlTemplate":"https:\/\/kirkensbymisjon.no\/tilbud-i-jobb\/?s={search_term_string}"},"query-input":{"@type":"PropertyValueSpecification","valueRequired":true,"valueName":"search_term_string"}}],"inLanguage":"nb-NO"}]}},"_links":{"self":[{"href":"https:\/\/kirkensbymisjon.no\/tilbud-i-jobb\/wp-json\/wp\/v2\/pages\/324","targetHints":{"allow":["GET"]}}],"collection":[{"href":"https:\/\/kirkensbymisjon.no\/tilbud-i-jobb\/wp-json\/wp\/v2\/pages"}],"about":[{"href":"https:\/\/kirkensbymisjon.no\/tilbud-i-jobb\/wp-json\/wp\/v2\/types\/page"}],"author":[{"embeddable":true,"href":"https:\/\/kirkensbymisjon.no\/tilbud-i-jobb\/wp-json\/wp\/v2\/users\/5"}],"replies":[{"embeddable":true,"href":"https:\/\/kirkensbymisjon.no\/tilbud-i-jobb\/wp-json\/wp\/v2\/comments?post=324"}],"version-history":[{"count":2,"href":"https:\/\/kirkensbymisjon.no\/tilbud-i-jobb\/wp-json\/wp\/v2\/pages\/324\/revisions"}],"predecessor-version":[{"id":540,"href":"https:\/\/kirkensbymisjon.no\/tilbud-i-jobb\/wp-json\/wp\/v2\/pages\/324\/revisions\/540"}],"up":[{"embeddable":true,"href":"https:\/\/kirkensbymisjon.no\/tilbud-i-jobb\/wp-json\/wp\/v2\/pages\/301"}],"wp:featuredmedia":[{"embeddable":true,"href":"https:\/\/kirkensbymisjon.no\/tilbud-i-jobb\/wp-json\/wp\/v2\/media\/325"}],"wp:attachment":[{"href":"https:\/\/kirkensbymisjon.no\/tilbud-i-jobb\/wp-json\/wp\/v2\/media?parent=324"}],"curies":[{"name":"wp","href":"https:\/\/api.w.org\/{rel}","templated":true}]}}