{"id":11,"date":"2024-08-08T13:45:39","date_gmt":"2024-08-08T11:45:39","guid":{"rendered":"https:\/\/kirkensbymisjon.no\/tilbud-innsattes-barn\/?page_id=11"},"modified":"2024-11-20T10:02:17","modified_gmt":"2024-11-20T09:02:17","slug":"barnas-behov","status":"publish","type":"page","link":"https:\/\/kirkensbymisjon.no\/tilbud-innsattes-barn\/barnas-behov\/","title":{"rendered":"Barnas behov"},"content":{"rendered":"\n<p>\u00abInnsattes barn\u00bb skal v\u00e6re en ressurs for barna. Vi har fokus p\u00e5 barnas reaksjoner og hva barna trenger \u00e5 vite n\u00e5r n\u00e5r mamma eller pappa skal eller er i fengsel.<\/p>\n\n\n\n<figure class=\"wp-block-image size-full\"><img loading=\"lazy\" decoding=\"async\" width=\"1701\" height=\"1132\" src=\"https:\/\/kirkensbymisjon.no\/content\/uploads\/sites\/95\/2024\/08\/Tilbud_Innsattes-barn_03.jpg\" alt=\"Jente med lua over \u00f8ynene\" class=\"wp-image-47\" srcset=\"https:\/\/kirkensbymisjon.no\/content\/uploads\/sites\/95\/2024\/08\/Tilbud_Innsattes-barn_03.jpg 1701w, https:\/\/kirkensbymisjon.no\/content\/uploads\/sites\/95\/2024\/08\/Tilbud_Innsattes-barn_03-300x200.jpg 300w, https:\/\/kirkensbymisjon.no\/content\/uploads\/sites\/95\/2024\/08\/Tilbud_Innsattes-barn_03-1024x681.jpg 1024w, https:\/\/kirkensbymisjon.no\/content\/uploads\/sites\/95\/2024\/08\/Tilbud_Innsattes-barn_03-768x511.jpg 768w, https:\/\/kirkensbymisjon.no\/content\/uploads\/sites\/95\/2024\/08\/Tilbud_Innsattes-barn_03-1536x1022.jpg 1536w\" sizes=\"auto, (max-width: 1701px) 100vw, 1701px\" \/><\/figure>\n\n\n<div class=\"t2-accordion wp-block-t2-accordion\" data-allow-multiple=\"1\" role=\"list\">\n<div class=\"t2-accordion-item wp-block-t2-accordion-item\" role=\"listitem\">\n\t\t\t<h2 class=\"t2-accordion-title\">\n\t\t\t\t<button type=\"button\" class=\"t2-accordion-trigger\" id=\"barns-reaksjoner\" aria-controls=\"accordion-panel\" aria-expanded=\"false\">\n\t\t\t\t\tBarns reaksjoner\n\t\t\t\t\t<span class=\"t2-accordion-icon is-closed-icon\"><svg xmlns=\"http:\/\/www.w3.org\/2000\/svg\" viewBox=\"0 0 24 24\" height=\"24\" width=\"24\" class=\"t2-icon t2-icon-plus\" aria-hidden=\"true\" focusable=\"false\"><path d=\"M11.8 5.037a1.088 1.088 0 0 0-.722.566c-.075.148-.078.25-.078 2.772v2.619l-2.61.016c-1.867.012-2.652.03-2.756.064-.168.055-.438.301-.54.494-.049.092-.07.223-.07.432 0 .34.054.476.282.704.289.289.14.275 3.064.288l2.63.012v2.619c0 2.544.002 2.625.08 2.778.191.372.516.577.92.577s.729-.205.92-.577c.078-.153.08-.234.08-2.778v-2.619l2.63-.012c2.924-.013 2.775.001 3.064-.288.228-.228.282-.364.282-.704 0-.209-.021-.34-.07-.432-.102-.193-.372-.439-.54-.494-.104-.034-.889-.052-2.756-.064L13 10.994V8.375c0-2.522-.003-2.624-.078-2.772-.214-.418-.685-.656-1.122-.566\"\/><\/svg><\/span>\n\t\t\t\t\t<span class=\"t2-accordion-icon is-open-icon\"><svg xmlns=\"http:\/\/www.w3.org\/2000\/svg\" viewBox=\"0 0 24 24\" height=\"24\" width=\"24\" class=\"t2-icon t2-icon-chevronup\" aria-hidden=\"true\" focusable=\"false\"><path d=\"M6.7 14.7c-.2-.2-.3-.4-.3-.7s.1-.5.3-.7l4.6-4.6c.1-.1.2-.2.3-.2.1 0 .2-.1.4-.1.1 0 .3 0 .4.1.1 0 .2.1.3.2l4.6 4.6c.2.2.3.4.3.7s-.1.5-.3.7c-.2.2-.4.3-.7.3s-.5-.1-.7-.3L12 10.8l-3.9 3.9c-.2.2-.4.3-.7.3s-.5-.1-.7-.3z\" fill=\"currentColor\" \/><\/svg><\/span>\n\t\t\t\t<\/button>\n\t\t\t<\/h2>\n\t\t\t<div class=\"t2-accordion-item__inner-container is-layout-flow\" id=\"accordion-panel\" aria-labelledby=\"barns-reaksjoner\" role=\"region\" hidden>\n\t\t\t\t\n\n<p>Nedenfor finner du reaksjoner og symptomer hos barn og unge som opplever at en av foreldrene m\u00e5 inn \u00e5 sone en dom. Symptomene kan v\u00e6re midlertidig eller vare over tid, og kan komme til uttrykk ulikt ut i fra alder. Barn kan oppleve \u00e5 ha mange av disse f\u00f8lelsene samtidig og de kan veksle i styrke og intensitet.<\/p>\n\n\n\n<p><strong>Kroppslige reaksjoner:<\/strong><\/p>\n\n\n\n<ul class=\"wp-block-list\">\n<li>Redusert matlyst.<\/li>\n\n\n\n<li>S\u00f8vnproblemer.<\/li>\n\n\n\n<li>Ulike vondter som hode-, nakke- og magesmerter.<\/li>\n<\/ul>\n\n\n\n<p><strong>Kognitive reaksjoner:<\/strong><\/p>\n\n\n\n<ul class=\"wp-block-list\">\n<li>Konsentrasjonsproblemer.<\/li>\n\n\n\n<li>Utfordringer med \u00e5 ta til seg l\u00e6ring.<\/li>\n\n\n\n<li>Vanskelig med \u00e5 prestere p\u00e5 skolen.<\/li>\n<\/ul>\n\n\n\n<p><strong>Emosjonelle reaksjoner:<\/strong><\/p>\n\n\n\n<ul class=\"wp-block-list\">\n<li>Skam.<\/li>\n\n\n\n<li>Skyld.<\/li>\n\n\n\n<li>Sorg.<\/li>\n\n\n\n<li>Sinne.<\/li>\n\n\n\n<li>Redsel.<\/li>\n\n\n\n<li>Lettelse.<\/li>\n<\/ul>\n\n\n\n<p><strong>Sosiale reaksjoner:<\/strong><\/p>\n\n\n\n<ul class=\"wp-block-list\">\n<li>Vanskeligheter i relasjonelle forhold til jevnaldrende.<\/li>\n\n\n\n<li>Tilbaketrekking\/isolasjon.<\/li>\n<\/ul>\n\n\n\n<p>Dersom du opplever bekymring for barnet eller ungdommen din, kan du ta kontakt med oss. Det hjelper ofte \u00e5 snakke h\u00f8yt sammen med noen andre som har erfaring i m\u00f8te med barn og unge som har opplevd at en av foreldrene m\u00e5 sone en dom.<\/p>\n\n\n\t\t\t<\/div>\n\t\t<\/div>\n\n<div class=\"t2-accordion-item wp-block-t2-accordion-item\" role=\"listitem\">\n\t\t\t<h2 class=\"t2-accordion-title\">\n\t\t\t\t<button type=\"button\" class=\"t2-accordion-trigger\" id=\"hva-trenger-barn-\u00e5-f\u00e5-vite?\" aria-controls=\"accordion-panel-1\" aria-expanded=\"false\">\n\t\t\t\t\tHva trenger barn \u00e5 f\u00e5 vite?\n\t\t\t\t\t<span class=\"t2-accordion-icon is-closed-icon\"><svg xmlns=\"http:\/\/www.w3.org\/2000\/svg\" viewBox=\"0 0 24 24\" height=\"24\" width=\"24\" class=\"t2-icon t2-icon-plus\" aria-hidden=\"true\" focusable=\"false\"><path d=\"M11.8 5.037a1.088 1.088 0 0 0-.722.566c-.075.148-.078.25-.078 2.772v2.619l-2.61.016c-1.867.012-2.652.03-2.756.064-.168.055-.438.301-.54.494-.049.092-.07.223-.07.432 0 .34.054.476.282.704.289.289.14.275 3.064.288l2.63.012v2.619c0 2.544.002 2.625.08 2.778.191.372.516.577.92.577s.729-.205.92-.577c.078-.153.08-.234.08-2.778v-2.619l2.63-.012c2.924-.013 2.775.001 3.064-.288.228-.228.282-.364.282-.704 0-.209-.021-.34-.07-.432-.102-.193-.372-.439-.54-.494-.104-.034-.889-.052-2.756-.064L13 10.994V8.375c0-2.522-.003-2.624-.078-2.772-.214-.418-.685-.656-1.122-.566\"\/><\/svg><\/span>\n\t\t\t\t\t<span class=\"t2-accordion-icon is-open-icon\"><svg xmlns=\"http:\/\/www.w3.org\/2000\/svg\" viewBox=\"0 0 24 24\" height=\"24\" width=\"24\" class=\"t2-icon t2-icon-chevronup\" aria-hidden=\"true\" focusable=\"false\"><path d=\"M6.7 14.7c-.2-.2-.3-.4-.3-.7s.1-.5.3-.7l4.6-4.6c.1-.1.2-.2.3-.2.1 0 .2-.1.4-.1.1 0 .3 0 .4.1.1 0 .2.1.3.2l4.6 4.6c.2.2.3.4.3.7s-.1.5-.3.7c-.2.2-.4.3-.7.3s-.5-.1-.7-.3L12 10.8l-3.9 3.9c-.2.2-.4.3-.7.3s-.5-.1-.7-.3z\" fill=\"currentColor\" \/><\/svg><\/span>\n\t\t\t\t<\/button>\n\t\t\t<\/h2>\n\t\t\t<div class=\"t2-accordion-item__inner-container is-layout-flow\" id=\"accordion-panel-1\" aria-labelledby=\"hva-trenger-barn-\u00e5-f\u00e5-vite?\" role=\"region\" hidden>\n\t\t\t\t\n\n<p>N\u00e5r en forelder skal sone en dom i fengsel oppst\u00e5r mange nye utfordringer for en familie. Familiesituasjonen endres, og barna m\u00e5 tilpasse seg en ny hverdag. Barn kan f\u00e5 ulike reaksjoner\u00a0og mange foreldre uttrykker bekymring for hvordan de skal m\u00f8te barnas ulike symptomer.<\/p>\n\n\n\n<p>Historiene vi m\u00f8ter er like ulike som antall familier, men vi kan allikevel se noen felles trekk hos mange. F\u00f8lelser som for eksempel skam, sorg, sinne og savn er ofte til stede, og usikkerhet knyttet til hva man skal fortelle barna er ofte sentralt. \u00abInnsattes barn\u00bb opplever at det er et stort tabu i samfunnet \u00e5 snakke om fengsling. Noen velger derfor \u00e5 holde situasjonen sin hemmelig for omverden, eller kun \u00e5 fortelle om det til noen f\u00e5 personer de har tillit til. Andre igjen st\u00e5r fram i full \u00e5penhet med hele sin fortelling. Det finnes ingen fasit p\u00e5 hva som er riktig eller galt for den enkelte familie, men her vil vi presentere noen erfaringer vi har og hva det kan v\u00e6re hensiktsmessig \u00e5 ta hensyn til.<\/p>\n\n\n\n<p>V\u00e5r erfaring er at barn i alle aldre har behov for&nbsp;<em>\u00e5 forst\u00e5<\/em>&nbsp;det som skjer i deres liv. Barn er avhengig av \u00e5 f\u00e5 forklaringer p\u00e5 det som skjer rundt dem, s\u00e6rlig n\u00e5r noe er nytt og ukjent. Om de ikke f\u00e5r forst\u00e5elige forklaringer, kan de lage egne forklaringer p\u00e5 hvorfor ting er som de er. Barn har et begrenset repertoar og f\u00e5 livserfaringer. Historiene barn lager seg baseres p\u00e5 fantasier i stedet for fakta. Ofte kan disse v\u00e6re sv\u00e6rt dramatiske og langt fra virkeligheten. Foreldre eller andre omsorgspersoner m\u00e5 hjelpe barna til \u00e5 f\u00e5 tilstrekkelig informasjon til at deres historie blir forst\u00e5elig og sannferdig.<\/p>\n\n\n\n<p>Det er noen hensyn det kan v\u00e6re lurt \u00e5 vurdere n\u00e5r man skal snakke med barn, foruten barnas alder og modenhet. Det kan v\u00e6re viktig \u00e5 ta hensyn til lengde p\u00e5 dommen, barnets tilknytning og relasjon til den som skal sone, og hva slags handling forelderen er d\u00f8mt for. I stor grad, b\u00f8r det man forteller barna v\u00e6re sant, og det m\u00e5 v\u00e6re tilstrekkelig med informasjon til at barnet opplever sammenheng og logikk i det som blir sagt. Sm\u00e5 barn trenger ikke \u00e5 f\u00e5 detaljer i det som har hendt, men de m\u00e5 gis en \u00e5penhet for at det er greit \u00e5 stille sp\u00f8rsm\u00e5l etter hvert som de dukker opp, gjerne med \u00f8kt alder og modenhet. Barn er verdensmestre i \u00e5 lese foreldre og omgivelser, f\u00f8rst gjennom sansene, deretter ogs\u00e5 via spr\u00e5ket.\u00a0 De kan for eksempel oppfatte at en mor blir stresset eller sint\/lei seg n\u00e5r temaet kommer opp. Eller de kan se at far fort begynner \u00e5 snakke om andre ting n\u00e5r det stilles sp\u00f8rsm\u00e5l knyttet til fengslingen. Barn erfarer tidlig hva det er akseptert \u00e5 snakke om, de er lojale og vil arbeide hardt for \u00e5 ikke skape uro eller splid i en familie. Pr\u00f8v derfor s\u00e5 godt du kan \u00e5 v\u00e6re \u00e5pen for barnets sp\u00f8rsm\u00e5l og ta disse p\u00e5 alvor. Om sp\u00f8rsm\u00e5lene kommer br\u00e5tt p\u00e5 deg eller du ikke vet hva du skal svare, kan det v\u00e6re fint \u00e5 si noe s\u00e5nt som:<br><br><em>\u00abDet var et klokt sp\u00f8rsm\u00e5l. Det var ogs\u00e5 et ganske vanskelig sp\u00f8rsm\u00e5l og jeg trenger litt tid p\u00e5 meg f\u00f8r jeg kan svare deg. Jeg lover deg at vi skal snakke om det igjen senere.\u00bb<\/em><br><br>Da er det ogs\u00e5 viktig at du tar ansvar for dette og finner et gunstig tidspunkt som ikke er altfor langt fram i tid, for \u00e5 ta opp temaet igjen.<\/p>\n\n\n\n<p>\u00abInnsattes barn\u00bb har m\u00f8tt mange foreldre som er uenige om hva de skal fortelle til barna. De kan ha ulik opplevelse av hva som er sant i historien og ha hver sin versjon av det som har hendt. Det er viktig for barn at de slipper \u00e5 ta side med en av foreldrene. Barn er som tidligere nevnt lojale og helt avhengig av sine foreldre. Det f\u00f8les vondt og n\u00e6rmest umulig \u00e5 skulle velge hvem av foreldrene som sitter p\u00e5 sannheten. Foreldre m\u00e5 derfor etterstrebe det \u00e5 bli enige om hva man skal fortelle til barna. Uansett hvor uenig man m\u00e5tte v\u00e6re, b\u00f8r man unng\u00e5 \u00e5 snakke negativt om den andre forelderen. Barn er glad i begge sine foreldre og det er vondt \u00e5 bli stilt i en posisjon der barnet f\u00f8ler at han eller hun m\u00e5 forsvare den ene forelderen. Ten\u00e5ringer og de litt st\u00f8rre barna kan i noe st\u00f8rre grad forst\u00e5 at foreldre kan se ulikt p\u00e5 ting, men dette er en vanskelig balansegang og foreldre m\u00e5 alltid v\u00e6re p\u00e5passelige med \u00e5 ikke utsette barn for den lojalitetskonflikten dette kan medf\u00f8re.<\/p>\n\n\n\n<p>Barn i sm\u00e5barnsalderen tar utgangspunkt i seg selv for \u00e5 forst\u00e5 verden. Det betyr at det kan s\u00f8ke forklaringer p\u00e5 det som skjer med bakgrunn i seg selv. Barn i denne alderen tror ogs\u00e5 at de kan p\u00e5virke omgivelsene sine med eventuelle tanker og f\u00f8lelser de m\u00e5tte ha. Barnet kan for eksempel tro at det kan skade andre ved \u00e5 tenke stygt om dem. Noen barn kan derfor s\u00f8ke \u00e5 finne forklaringer p\u00e5 soningen i noe de selv har sagt eller gjort. De p\u00e5tar seg skyld og det er viktig at voksne rundt barnet gir det forklaringer som fratar dem alt ansvar for det som har skjedd. Barn har ikke samme mulighet til \u00e5 reflektere fornuftig rundt det som skjer og trenger trygge voksne som hjelper dem til \u00e5 forst\u00e5.<\/p>\n\n\n\n<p>Om du eller dere st\u00e5r i en situasjon hvor dere strever med hva dere skal fortelle barna deres, kan vi tilby individuelle samtaler, familiesamtaler eller parsamtaler hvor vi kan snakke sammen om hva som kan v\u00e6re hensiktsmessig akkurat i deres familie. Det er dere som bestemmer hva dere beslutter \u00e5 fortelle barna, men noen ganger kan det v\u00e6re fint \u00e5 dr\u00f8fte dette med noen, f\u00f8r man bestemmer seg. Samtalene kan foreg\u00e5 p\u00e5 telefon eller p\u00e5 v\u00e5rt kontor. Om det er hensiktsmessig, kan vi ogs\u00e5 komme hjem til dere for en prat.<\/p>\n\n\n\n<p><strong>Oppsummering:<\/strong><\/p>\n\n\n\n<ul class=\"wp-block-list\">\n<li>Det er helt normalt \u00e5 kjenne p\u00e5 usikkerhet i forhold til hva og hvor mye man skal fortelle barn om fengslingen og hva som er bakgrunnen for den.<\/li>\n\n\n\n<li>Barn trenger \u00e5 forst\u00e5 det som skjer rundt dem.<\/li>\n\n\n\n<li>Du trenger ikke \u00e5 fortelle barn alt, men det du forteller skal v\u00e6re sant.<\/li>\n\n\n\n<li>Tilpass det du forteller til barnas alder og modning. Utvid historien etter hvert som barna blir eldre og stiller flere sp\u00f8rsm\u00e5l.<\/li>\n\n\n\n<li>Unng\u00e5 \u00e5 sette barn i situasjoner hvor de m\u00e5 ta parti med en av foreldrene.<\/li>\n\n\n\n<li>F\u00e5r du vanskelige sp\u00f8rsm\u00e5l, s\u00e5 ta deg tid f\u00f8r du svarer. V\u00e6r \u00e5pen om at du m\u00e5 tenke deg om, og ta alltid ansvar for \u00e5 plukke opp tr\u00e5den igjen.<\/li>\n\n\n\n<li>Du kan ikke forvente at barn skal kunne holde hemmelig noe s\u00e5 viktig som at en forelder blir borte fra familien i en kortere eller lengre periode. P\u00e5legg dem derfor ikke taushet og ikke be dem om \u00e5 lyve.<br>En l\u00f8gn f\u00f8rer ofte til nye sp\u00f8rsm\u00e5l og nye l\u00f8gner, og barn kan komme i situasjoner som blir umulig for dem \u00e5 h\u00e5ndtere.<\/li>\n\n\n\n<li>Ta kontakt om du trenger hjelp til \u00e5 finne ut hva som er riktig for akkurat din familie eller om du trenger bistand til \u00e5 snakke med barnet ditt om soningen.<\/li>\n<\/ul>\n\n\n\t\t\t<\/div>\n\t\t<\/div>\n<\/div>","protected":false},"excerpt":{"rendered":"<p>\u00abInnsattes barn\u00bb skal v\u00e6re en ressurs for barna. Vi har fokus p\u00e5 barnas reaksjoner og&hellip;<\/p>\n","protected":false},"author":5,"featured_media":0,"parent":0,"menu_order":0,"comment_status":"closed","ping_status":"closed","template":"","meta":{"_relevanssi_hide_post":"","_relevanssi_hide_content":"","_relevanssi_pin_for_all":"","_relevanssi_pin_keywords":"","_relevanssi_unpin_keywords":"","_relevanssi_related_keywords":"","_relevanssi_related_include_ids":"","_relevanssi_related_exclude_ids":"","_relevanssi_related_no_append":"","_relevanssi_related_not_related":"","_relevanssi_related_posts":"1","_relevanssi_noindex_reason":"","editor_notices":[],"footnotes":""},"class_list":["post-11","page","type-page","status-publish","hentry"],"yoast_head":"<!-- This site is optimized with the Yoast SEO Premium plugin v27.2 (Yoast SEO v27.2) - https:\/\/yoast.com\/product\/yoast-seo-premium-wordpress\/ -->\n<title>Barnas behov - Innsattes barn<\/title>\n<meta name=\"robots\" content=\"index, follow, max-snippet:-1, max-image-preview:large, max-video-preview:-1\" \/>\n<link rel=\"canonical\" href=\"https:\/\/kirkensbymisjon.no\/tilbud-innsattes-barn\/barnas-behov\/\" \/>\n<meta property=\"og:locale\" content=\"nb_NO\" \/>\n<meta property=\"og:type\" content=\"article\" \/>\n<meta property=\"og:title\" content=\"Barnas behov\" \/>\n<meta property=\"og:description\" content=\"\u00abInnsattes barn\u00bb skal v\u00e6re en ressurs for barna. Vi har fokus p\u00e5 barnas reaksjoner og&hellip;\" \/>\n<meta property=\"og:url\" content=\"https:\/\/kirkensbymisjon.no\/tilbud-innsattes-barn\/barnas-behov\/\" \/>\n<meta property=\"og:site_name\" content=\"Innsattes barn\" \/>\n<meta property=\"article:modified_time\" content=\"2024-11-20T09:02:17+00:00\" \/>\n<meta property=\"og:image\" content=\"https:\/\/kirkensbymisjon.no\/content\/uploads\/sites\/95\/2024\/08\/Tilbud_Innsattes-barn_03.jpg\" \/>\n\t<meta property=\"og:image:width\" content=\"1701\" \/>\n\t<meta property=\"og:image:height\" content=\"1132\" \/>\n\t<meta property=\"og:image:type\" content=\"image\/jpeg\" \/>\n<meta name=\"twitter:card\" content=\"summary_large_image\" \/>\n<meta name=\"twitter:label1\" content=\"Ansl. lesetid\" \/>\n\t<meta name=\"twitter:data1\" content=\"8 minutter\" \/>\n<script type=\"application\/ld+json\" class=\"yoast-schema-graph\">{\"@context\":\"https:\/\/schema.org\",\"@graph\":[{\"@type\":\"WebPage\",\"@id\":\"https:\/\/kirkensbymisjon.no\/tilbud-innsattes-barn\/barnas-behov\/\",\"url\":\"https:\/\/kirkensbymisjon.no\/tilbud-innsattes-barn\/barnas-behov\/\",\"name\":\"Barnas behov - Innsattes barn\",\"isPartOf\":{\"@id\":\"https:\/\/kirkensbymisjon.no\/tilbud-innsattes-barn\/#website\"},\"primaryImageOfPage\":{\"@id\":\"https:\/\/kirkensbymisjon.no\/tilbud-innsattes-barn\/barnas-behov\/#primaryimage\"},\"image\":{\"@id\":\"https:\/\/kirkensbymisjon.no\/tilbud-innsattes-barn\/barnas-behov\/#primaryimage\"},\"thumbnailUrl\":\"https:\/\/kirkensbymisjon.no\/content\/uploads\/sites\/95\/2024\/08\/Tilbud_Innsattes-barn_03.jpg\",\"datePublished\":\"2024-08-08T11:45:39+00:00\",\"dateModified\":\"2024-11-20T09:02:17+00:00\",\"breadcrumb\":{\"@id\":\"https:\/\/kirkensbymisjon.no\/tilbud-innsattes-barn\/barnas-behov\/#breadcrumb\"},\"inLanguage\":\"nb-NO\",\"potentialAction\":[{\"@type\":\"ReadAction\",\"target\":[\"https:\/\/kirkensbymisjon.no\/tilbud-innsattes-barn\/barnas-behov\/\"]}]},{\"@type\":\"ImageObject\",\"inLanguage\":\"nb-NO\",\"@id\":\"https:\/\/kirkensbymisjon.no\/tilbud-innsattes-barn\/barnas-behov\/#primaryimage\",\"url\":\"https:\/\/kirkensbymisjon.no\/content\/uploads\/sites\/95\/2024\/08\/Tilbud_Innsattes-barn_03.jpg\",\"contentUrl\":\"https:\/\/kirkensbymisjon.no\/content\/uploads\/sites\/95\/2024\/08\/Tilbud_Innsattes-barn_03.jpg\"},{\"@type\":\"BreadcrumbList\",\"@id\":\"https:\/\/kirkensbymisjon.no\/tilbud-innsattes-barn\/barnas-behov\/#breadcrumb\",\"itemListElement\":[{\"@type\":\"ListItem\",\"position\":1,\"name\":\"Hjem\",\"item\":\"https:\/\/kirkensbymisjon.no\/tilbud-innsattes-barn\/\"},{\"@type\":\"ListItem\",\"position\":2,\"name\":\"Barnas behov\"}]},{\"@type\":\"WebSite\",\"@id\":\"https:\/\/kirkensbymisjon.no\/tilbud-innsattes-barn\/#website\",\"url\":\"https:\/\/kirkensbymisjon.no\/tilbud-innsattes-barn\/\",\"name\":\"Innsattes barn\",\"description\":\"\",\"potentialAction\":[{\"@type\":\"SearchAction\",\"target\":{\"@type\":\"EntryPoint\",\"urlTemplate\":\"https:\/\/kirkensbymisjon.no\/tilbud-innsattes-barn\/?s={search_term_string}\"},\"query-input\":{\"@type\":\"PropertyValueSpecification\",\"valueRequired\":true,\"valueName\":\"search_term_string\"}}],\"inLanguage\":\"nb-NO\"}]}<\/script>\n<!-- \/ Yoast SEO Premium plugin. -->","yoast_head_json":{"title":"Barnas behov - Innsattes barn","robots":{"index":"index","follow":"follow","max-snippet":"max-snippet:-1","max-image-preview":"max-image-preview:large","max-video-preview":"max-video-preview:-1"},"canonical":"https:\/\/kirkensbymisjon.no\/tilbud-innsattes-barn\/barnas-behov\/","og_locale":"nb_NO","og_type":"article","og_title":"Barnas behov","og_description":"\u00abInnsattes barn\u00bb skal v\u00e6re en ressurs for barna. Vi har fokus p\u00e5 barnas reaksjoner og&hellip;","og_url":"https:\/\/kirkensbymisjon.no\/tilbud-innsattes-barn\/barnas-behov\/","og_site_name":"Innsattes barn","article_modified_time":"2024-11-20T09:02:17+00:00","og_image":[{"width":1701,"height":1132,"url":"https:\/\/kirkensbymisjon.no\/content\/uploads\/sites\/95\/2024\/08\/Tilbud_Innsattes-barn_03.jpg","type":"image\/jpeg"}],"twitter_card":"summary_large_image","twitter_misc":{"Ansl. lesetid":"8 minutter"},"schema":{"@context":"https:\/\/schema.org","@graph":[{"@type":"WebPage","@id":"https:\/\/kirkensbymisjon.no\/tilbud-innsattes-barn\/barnas-behov\/","url":"https:\/\/kirkensbymisjon.no\/tilbud-innsattes-barn\/barnas-behov\/","name":"Barnas behov - Innsattes barn","isPartOf":{"@id":"https:\/\/kirkensbymisjon.no\/tilbud-innsattes-barn\/#website"},"primaryImageOfPage":{"@id":"https:\/\/kirkensbymisjon.no\/tilbud-innsattes-barn\/barnas-behov\/#primaryimage"},"image":{"@id":"https:\/\/kirkensbymisjon.no\/tilbud-innsattes-barn\/barnas-behov\/#primaryimage"},"thumbnailUrl":"https:\/\/kirkensbymisjon.no\/content\/uploads\/sites\/95\/2024\/08\/Tilbud_Innsattes-barn_03.jpg","datePublished":"2024-08-08T11:45:39+00:00","dateModified":"2024-11-20T09:02:17+00:00","breadcrumb":{"@id":"https:\/\/kirkensbymisjon.no\/tilbud-innsattes-barn\/barnas-behov\/#breadcrumb"},"inLanguage":"nb-NO","potentialAction":[{"@type":"ReadAction","target":["https:\/\/kirkensbymisjon.no\/tilbud-innsattes-barn\/barnas-behov\/"]}]},{"@type":"ImageObject","inLanguage":"nb-NO","@id":"https:\/\/kirkensbymisjon.no\/tilbud-innsattes-barn\/barnas-behov\/#primaryimage","url":"https:\/\/kirkensbymisjon.no\/content\/uploads\/sites\/95\/2024\/08\/Tilbud_Innsattes-barn_03.jpg","contentUrl":"https:\/\/kirkensbymisjon.no\/content\/uploads\/sites\/95\/2024\/08\/Tilbud_Innsattes-barn_03.jpg"},{"@type":"BreadcrumbList","@id":"https:\/\/kirkensbymisjon.no\/tilbud-innsattes-barn\/barnas-behov\/#breadcrumb","itemListElement":[{"@type":"ListItem","position":1,"name":"Hjem","item":"https:\/\/kirkensbymisjon.no\/tilbud-innsattes-barn\/"},{"@type":"ListItem","position":2,"name":"Barnas behov"}]},{"@type":"WebSite","@id":"https:\/\/kirkensbymisjon.no\/tilbud-innsattes-barn\/#website","url":"https:\/\/kirkensbymisjon.no\/tilbud-innsattes-barn\/","name":"Innsattes barn","description":"","potentialAction":[{"@type":"SearchAction","target":{"@type":"EntryPoint","urlTemplate":"https:\/\/kirkensbymisjon.no\/tilbud-innsattes-barn\/?s={search_term_string}"},"query-input":{"@type":"PropertyValueSpecification","valueRequired":true,"valueName":"search_term_string"}}],"inLanguage":"nb-NO"}]}},"_links":{"self":[{"href":"https:\/\/kirkensbymisjon.no\/tilbud-innsattes-barn\/wp-json\/wp\/v2\/pages\/11","targetHints":{"allow":["GET"]}}],"collection":[{"href":"https:\/\/kirkensbymisjon.no\/tilbud-innsattes-barn\/wp-json\/wp\/v2\/pages"}],"about":[{"href":"https:\/\/kirkensbymisjon.no\/tilbud-innsattes-barn\/wp-json\/wp\/v2\/types\/page"}],"author":[{"embeddable":true,"href":"https:\/\/kirkensbymisjon.no\/tilbud-innsattes-barn\/wp-json\/wp\/v2\/users\/5"}],"replies":[{"embeddable":true,"href":"https:\/\/kirkensbymisjon.no\/tilbud-innsattes-barn\/wp-json\/wp\/v2\/comments?post=11"}],"version-history":[{"count":4,"href":"https:\/\/kirkensbymisjon.no\/tilbud-innsattes-barn\/wp-json\/wp\/v2\/pages\/11\/revisions"}],"predecessor-version":[{"id":159,"href":"https:\/\/kirkensbymisjon.no\/tilbud-innsattes-barn\/wp-json\/wp\/v2\/pages\/11\/revisions\/159"}],"wp:attachment":[{"href":"https:\/\/kirkensbymisjon.no\/tilbud-innsattes-barn\/wp-json\/wp\/v2\/media?parent=11"}],"curies":[{"name":"wp","href":"https:\/\/api.w.org\/{rel}","templated":true}]}}