{"id":3,"date":"2024-06-26T23:33:47","date_gmt":"2024-06-26T21:33:47","guid":{"rendered":"https:\/\/kirkensbymisjon.no\/tilbud-innsattes-barn\/forside\/"},"modified":"2025-01-09T23:11:41","modified_gmt":"2025-01-09T22:11:41","slug":"forside","status":"publish","type":"page","link":"https:\/\/kirkensbymisjon.no\/tilbud-innsattes-barn\/","title":{"rendered":"Forside"},"content":{"rendered":"\n<p>Vi tilbyr hjelp med samv\u00e6r, f\u00f8lgetjeneste og transport til\/fra fengsel, kurs og samtaler. Vi bist\u00e5r ogs\u00e5 samarbeidspartnere med ulike problemstillinger som kan oppst\u00e5 i m\u00f8te med familier hvor \u00e9n soner eller skal sone en dom.<\/p>\n\n\n\t<div class=\"wp-block-kbm-video\">\n\t\t\n\n<figure class=\"wp-block-embed is-type-video is-provider-vimeo wp-block-embed-vimeo wp-embed-aspect-16-9 wp-has-aspect-ratio\"><div class=\"wp-block-embed__wrapper\">\n<iframe loading=\"lazy\" title=\"Insattes barn\" src=\"https:\/\/player.vimeo.com\/video\/705721299?dnt=1&amp;app_id=122963\" width=\"500\" height=\"281\" frameborder=\"0\" allow=\"autoplay; fullscreen; picture-in-picture; clipboard-write; encrypted-media\"><\/iframe>\n<\/div><\/figure>\n\n\t\t<div class=\"kbm-video__content\" style=\"aspect-ratio: 16\/9\">\n\t\t\t<div class=\"kbm-video__play\">\n\t\t\t\t<span class=\"screen-reader-text\">Spill video<\/span>\n\t\t\t\t<svg xmlns=\"http:\/\/www.w3.org\/2000\/svg\" viewBox=\"0 0 48 48\" height=\"24\" width=\"24\" class=\"t2-icon t2-icon-play\" aria-hidden=\"true\" focusable=\"false\"><rect width=\"48\" height=\"48\" rx=\"24\"\/><path fill=\"currentColor\" d=\"M29.888 23.1913c.5491.3993.5491 1.2181 0 1.6174l-8.2998 6.0363c-.661.4807-1.5882.0085-1.5882-.8088V17.9638c0-.8173.9272-1.2895 1.5882-.8088l8.2998 6.0363Z\"\/><\/svg>\t\t\t\t\t\t\t\t\t<p class=\"kbm-video__subtext\">Innsattes barn<\/p>\n\t\t\t\t\t\t\t<\/div>\n\t\t\t\t\t\t\t<h2 class=\"kbm-video__title\">Se film om hvordan vi jobber<\/h2>\n\t\t\t\t\t\t<img loading=\"lazy\" decoding=\"async\" width=\"1701\" height=\"946\" src=\"https:\/\/kirkensbymisjon.no\/content\/uploads\/sites\/95\/2024\/08\/Tilbud_InnsattesBarn_film.png\" class=\"attachment-full size-full\" alt=\"\" style=\"object-position: 50% 50%\" \/>\t\t<\/div>\n\t<\/div>\n\t\n\n\n<p>N\u00e5r et familiemedlem m\u00e5 sone en straff, opplever mange familier store endringer i livene sine. Det kan da v\u00e6re godt \u00e5 ha noen \u00e5 dele tanker og f\u00f8lelser med. Som vist i filmen over, har vi lang erfaring med \u00e5 m\u00f8te familier hvor et familiemedlem skal inn \u00e5 sone.<\/p>\n","protected":false},"excerpt":{"rendered":"<p>Vi tilbyr hjelp med samv\u00e6r, f\u00f8lgetjeneste og transport til\/fra fengsel, kurs og samtaler. Vi bist\u00e5r&hellip;<\/p>\n","protected":false},"author":5,"featured_media":0,"parent":0,"menu_order":0,"comment_status":"closed","ping_status":"closed","template":"","meta":{"_relevanssi_hide_post":"","_relevanssi_hide_content":"","_relevanssi_pin_for_all":"","_relevanssi_pin_keywords":"","_relevanssi_unpin_keywords":"","_relevanssi_related_keywords":"","_relevanssi_related_include_ids":"","_relevanssi_related_exclude_ids":"","_relevanssi_related_no_append":"","_relevanssi_related_not_related":"","_relevanssi_related_posts":"1","_relevanssi_noindex_reason":"","editor_notices":[],"footnotes":""},"class_list":["post-3","page","type-page","status-publish","hentry"],"yoast_head":"<!-- This site is optimized with the Yoast SEO Premium plugin v27.2 (Yoast SEO v27.2) - https:\/\/yoast.com\/product\/yoast-seo-premium-wordpress\/ -->\n<title>Kirkens Bymisjon - Innsattes barn<\/title>\n<meta name=\"description\" content=\"Vi er til for barn av innsatte, og hjelper b\u00e5de barn, omsorgspersoner og innsatte\/domfelte.\" \/>\n<meta name=\"robots\" content=\"index, follow, max-snippet:-1, max-image-preview:large, max-video-preview:-1\" \/>\n<link rel=\"canonical\" href=\"https:\/\/kirkensbymisjon.no\/tilbud-innsattes-barn\/\" \/>\n<meta property=\"og:locale\" content=\"nb_NO\" \/>\n<meta property=\"og:type\" content=\"article\" \/>\n<meta property=\"og:title\" content=\"Forside\" \/>\n<meta property=\"og:description\" content=\"Vi er til for barn av innsatte, og hjelper b\u00e5de barn, omsorgspersoner og innsatte\/domfelte.\" \/>\n<meta property=\"og:url\" content=\"https:\/\/kirkensbymisjon.no\/tilbud-innsattes-barn\/\" \/>\n<meta property=\"og:site_name\" content=\"Innsattes barn\" \/>\n<meta property=\"article:modified_time\" content=\"2025-01-09T22:11:41+00:00\" \/>\n<meta name=\"twitter:card\" content=\"summary_large_image\" \/>\n<meta name=\"twitter:label1\" content=\"Ansl. lesetid\" \/>\n\t<meta name=\"twitter:data1\" content=\"1 minutt\" \/>\n<script type=\"application\/ld+json\" class=\"yoast-schema-graph\">{\"@context\":\"https:\/\/schema.org\",\"@graph\":[{\"@type\":\"WebPage\",\"@id\":\"https:\/\/kirkensbymisjon.no\/tilbud-innsattes-barn\/\",\"url\":\"https:\/\/kirkensbymisjon.no\/tilbud-innsattes-barn\/\",\"name\":\"Kirkens Bymisjon - Innsattes barn\",\"isPartOf\":{\"@id\":\"https:\/\/kirkensbymisjon.no\/tilbud-innsattes-barn\/#website\"},\"datePublished\":\"2024-06-26T21:33:47+00:00\",\"dateModified\":\"2025-01-09T22:11:41+00:00\",\"description\":\"Vi er til for barn av innsatte, og hjelper b\u00e5de barn, omsorgspersoner og innsatte\/domfelte.\",\"breadcrumb\":{\"@id\":\"https:\/\/kirkensbymisjon.no\/tilbud-innsattes-barn\/#breadcrumb\"},\"inLanguage\":\"nb-NO\",\"potentialAction\":[{\"@type\":\"ReadAction\",\"target\":[\"https:\/\/kirkensbymisjon.no\/tilbud-innsattes-barn\/\"]}]},{\"@type\":\"BreadcrumbList\",\"@id\":\"https:\/\/kirkensbymisjon.no\/tilbud-innsattes-barn\/#breadcrumb\",\"itemListElement\":[{\"@type\":\"ListItem\",\"position\":1,\"name\":\"Hjem\",\"item\":\"https:\/\/kirkensbymisjon.no\/tilbud-innsattes-barn\/\"},{\"@type\":\"ListItem\",\"position\":2,\"name\":\"Forside\"}]},{\"@type\":\"WebSite\",\"@id\":\"https:\/\/kirkensbymisjon.no\/tilbud-innsattes-barn\/#website\",\"url\":\"https:\/\/kirkensbymisjon.no\/tilbud-innsattes-barn\/\",\"name\":\"Innsattes barn\",\"description\":\"\",\"potentialAction\":[{\"@type\":\"SearchAction\",\"target\":{\"@type\":\"EntryPoint\",\"urlTemplate\":\"https:\/\/kirkensbymisjon.no\/tilbud-innsattes-barn\/?s={search_term_string}\"},\"query-input\":{\"@type\":\"PropertyValueSpecification\",\"valueRequired\":true,\"valueName\":\"search_term_string\"}}],\"inLanguage\":\"nb-NO\"}]}<\/script>\n<!-- \/ Yoast SEO Premium plugin. -->","yoast_head_json":{"title":"Kirkens Bymisjon - Innsattes barn","description":"Vi er til for barn av innsatte, og hjelper b\u00e5de barn, omsorgspersoner og innsatte\/domfelte.","robots":{"index":"index","follow":"follow","max-snippet":"max-snippet:-1","max-image-preview":"max-image-preview:large","max-video-preview":"max-video-preview:-1"},"canonical":"https:\/\/kirkensbymisjon.no\/tilbud-innsattes-barn\/","og_locale":"nb_NO","og_type":"article","og_title":"Forside","og_description":"Vi er til for barn av innsatte, og hjelper b\u00e5de barn, omsorgspersoner og innsatte\/domfelte.","og_url":"https:\/\/kirkensbymisjon.no\/tilbud-innsattes-barn\/","og_site_name":"Innsattes barn","article_modified_time":"2025-01-09T22:11:41+00:00","twitter_card":"summary_large_image","twitter_misc":{"Ansl. lesetid":"1 minutt"},"schema":{"@context":"https:\/\/schema.org","@graph":[{"@type":"WebPage","@id":"https:\/\/kirkensbymisjon.no\/tilbud-innsattes-barn\/","url":"https:\/\/kirkensbymisjon.no\/tilbud-innsattes-barn\/","name":"Kirkens Bymisjon - Innsattes barn","isPartOf":{"@id":"https:\/\/kirkensbymisjon.no\/tilbud-innsattes-barn\/#website"},"datePublished":"2024-06-26T21:33:47+00:00","dateModified":"2025-01-09T22:11:41+00:00","description":"Vi er til for barn av innsatte, og hjelper b\u00e5de barn, omsorgspersoner og innsatte\/domfelte.","breadcrumb":{"@id":"https:\/\/kirkensbymisjon.no\/tilbud-innsattes-barn\/#breadcrumb"},"inLanguage":"nb-NO","potentialAction":[{"@type":"ReadAction","target":["https:\/\/kirkensbymisjon.no\/tilbud-innsattes-barn\/"]}]},{"@type":"BreadcrumbList","@id":"https:\/\/kirkensbymisjon.no\/tilbud-innsattes-barn\/#breadcrumb","itemListElement":[{"@type":"ListItem","position":1,"name":"Hjem","item":"https:\/\/kirkensbymisjon.no\/tilbud-innsattes-barn\/"},{"@type":"ListItem","position":2,"name":"Forside"}]},{"@type":"WebSite","@id":"https:\/\/kirkensbymisjon.no\/tilbud-innsattes-barn\/#website","url":"https:\/\/kirkensbymisjon.no\/tilbud-innsattes-barn\/","name":"Innsattes barn","description":"","potentialAction":[{"@type":"SearchAction","target":{"@type":"EntryPoint","urlTemplate":"https:\/\/kirkensbymisjon.no\/tilbud-innsattes-barn\/?s={search_term_string}"},"query-input":{"@type":"PropertyValueSpecification","valueRequired":true,"valueName":"search_term_string"}}],"inLanguage":"nb-NO"}]}},"_links":{"self":[{"href":"https:\/\/kirkensbymisjon.no\/tilbud-innsattes-barn\/wp-json\/wp\/v2\/pages\/3","targetHints":{"allow":["GET"]}}],"collection":[{"href":"https:\/\/kirkensbymisjon.no\/tilbud-innsattes-barn\/wp-json\/wp\/v2\/pages"}],"about":[{"href":"https:\/\/kirkensbymisjon.no\/tilbud-innsattes-barn\/wp-json\/wp\/v2\/types\/page"}],"author":[{"embeddable":true,"href":"https:\/\/kirkensbymisjon.no\/tilbud-innsattes-barn\/wp-json\/wp\/v2\/users\/5"}],"replies":[{"embeddable":true,"href":"https:\/\/kirkensbymisjon.no\/tilbud-innsattes-barn\/wp-json\/wp\/v2\/comments?post=3"}],"version-history":[{"count":4,"href":"https:\/\/kirkensbymisjon.no\/tilbud-innsattes-barn\/wp-json\/wp\/v2\/pages\/3\/revisions"}],"predecessor-version":[{"id":176,"href":"https:\/\/kirkensbymisjon.no\/tilbud-innsattes-barn\/wp-json\/wp\/v2\/pages\/3\/revisions\/176"}],"wp:attachment":[{"href":"https:\/\/kirkensbymisjon.no\/tilbud-innsattes-barn\/wp-json\/wp\/v2\/media?parent=3"}],"curies":[{"name":"wp","href":"https:\/\/api.w.org\/{rel}","templated":true}]}}