{"id":3,"date":"2024-09-04T22:15:32","date_gmt":"2024-09-04T20:15:32","guid":{"rendered":"https:\/\/kirkensbymisjon.no\/tilbud-kafe-honefoss\/forside\/"},"modified":"2025-04-03T10:24:14","modified_gmt":"2025-04-03T08:24:14","slug":"forside","status":"publish","type":"page","link":"https:\/\/kirkensbymisjon.no\/tilbud-kafe-honefoss\/","title":{"rendered":"Forside"},"content":{"rendered":"\n<div class=\"wp-block-media-text alignwide is-stacked-on-mobile is-style-filled\"><figure class=\"wp-block-media-text__media\"><img loading=\"lazy\" decoding=\"async\" width=\"1000\" height=\"500\" src=\"https:\/\/kirkensbymisjon.no\/content\/uploads\/sites\/148\/2024\/09\/tilbud_kafe-honefoss_02.jpg\" alt=\"Ansatt ved Kaf\u00e9, H\u00f8nefoss\" class=\"wp-image-8 size-full\" srcset=\"https:\/\/kirkensbymisjon.no\/content\/uploads\/sites\/148\/2024\/09\/tilbud_kafe-honefoss_02.jpg 1000w, https:\/\/kirkensbymisjon.no\/content\/uploads\/sites\/148\/2024\/09\/tilbud_kafe-honefoss_02-300x150.jpg 300w, https:\/\/kirkensbymisjon.no\/content\/uploads\/sites\/148\/2024\/09\/tilbud_kafe-honefoss_02-768x384.jpg 768w\" sizes=\"auto, (max-width: 1000px) 100vw, 1000px\" \/><\/figure><div class=\"wp-block-media-text__content\">\n<h2 class=\"wp-block-heading\" id=\"h-hos-oss-er-alle-velkomne\">Hos oss er alle velkomne!<\/h2>\n\n\n\n<p>Fristende kaker fra eget konditori, ferske bakervarer og rimelige lunsjretter er noe av det kafeen kan by p\u00e5. Vi har \u00e5pent fra mandag til l\u00f8rdag. <a href=\"\/tilbud-kafe-honefoss\/meny\">Se v\u00e5r fristende meny<\/a>.<\/p>\n\n\n\n<p><strong>Vil du bestille kake fra v\u00e5rt konditori?<\/strong><br><a href=\"https:\/\/kirkensbymisjon.no\/tilbud-kafe-honefoss\/kakebestilling\/#bestillingsskjema\">G\u00e5 til kakebestillingen<\/a> eller snakk direkte med v\u00e5r konditor p\u00e5 tlf. <a href=\"tel:40030227\">400 30&nbsp;227<\/a>.<\/p>\n<\/div><\/div>\n\n\n\t<div class=\"alignwide wp-block-kbm-link-list\">\n\t\t<div class=\"kbm-link-list__items\">\n\t\t\t\n<a class=\"wp-block-kbm-link-list-item\" href=\"\/tilbud-kafe-honefoss\/kakebestilling\">\t<svg xmlns=\"http:\/\/www.w3.org\/2000\/svg\" viewBox=\"0 0 48 48\" height=\"24\" width=\"24\" class=\"t2-icon t2-icon-salepurchase\" aria-hidden=\"true\" focusable=\"false\"><path d=\"M6 8.72v1.68l1.7.001h1.7l3.033 6.407c1.669 3.524 3.034 6.449 3.034 6.501 0 .052-.529 1.003-1.176 2.114-1.303 2.24-1.445 2.602-1.448 3.697-.002.839.16 1.344.642 1.998.397.54.985.966 1.656 1.202.446.157.663.16 10.977.16H36.64v-3.36h-9.885c-6.661 0-9.936-.027-10.04-.083a.332.332 0 0 1-.155-.276c0-.106.345-.842.766-1.635l.765-1.442 6.735-.022 6.734-.022.52-.247c.956-.452.953-.448 4.393-6.681 1.735-3.141 3.229-5.796 3.32-5.898.134-.15.167-.293.167-.72 0-.859-.386-1.4-1.151-1.613-.188-.052-4.724-.08-12.977-.081H13.143l-.749-1.68-.749-1.68H6v1.68m9.24 25.628c-1.654.547-2.662 2.146-2.382 3.779.367 2.145 2.577 3.412 4.582 2.627 1.108-.434 1.895-1.419 2.102-2.627.249-1.451-.552-2.946-1.92-3.588-.471-.221-.641-.257-1.302-.276-.473-.013-.881.019-1.08.085m16.845.05c-1.191.44-2.022 1.44-2.248 2.707-.084.471-.079.637.034 1.143.586 2.629 3.69 3.64 5.607 1.826.493-.465.755-.876.959-1.498.191-.584.14-1.644-.11-2.281-.256-.653-.963-1.392-1.665-1.74-.488-.242-.621-.271-1.342-.294-.647-.019-.883.007-1.235.137\"\/><\/svg>\t<div class=\"kbm-link-list-item__content\">\n\t\t<p class=\"kbm-link-list-item__title\">Kakebestilling<\/p>\n\t\t\t\t\t<p class=\"kbm-link-list-item__description\">Har du planlagt fest eller bursdag? Bestill kake hos oss. Se v\u00e5rt utvalg her.<\/p>\n\t\t\t<\/div>\n\t<\/a>\n\n<a class=\"wp-block-kbm-link-list-item\" href=\"\/tilbud-kafe-honefoss\/jobb-hos-oss\">\t<svg xmlns=\"http:\/\/www.w3.org\/2000\/svg\" viewBox=\"0 0 48 48\" height=\"24\" width=\"24\" class=\"t2-icon t2-icon-substanceabuse\" aria-hidden=\"true\" focusable=\"false\"><path d=\"M12.56 9.154c-1.341.298-2.645 1.02-3.574 1.979C7.697 12.465 7.02 14.139 7.02 16c0 1.434.389 2.738 1.147 3.847 1.839 2.689 5.013 3.786 8.045 2.781 2.343-.777 4.141-2.82 4.672-5.308.157-.736.12-2.2-.074-2.939-.374-1.42-.887-2.311-1.927-3.341-.989-.98-2.132-1.604-3.441-1.88-.683-.143-2.248-.147-2.882-.006m19.96.013c-.635.139-1.595.533-2.262.927-.582.343-1.821 1.582-2.164 2.164-.801 1.355-1.097 2.524-1.03 4.056.053 1.203.179 1.707.694 2.766a6.659 6.659 0 0 0 3.162 3.162c1.198.583 1.617.675 3.08.675s1.882-.092 3.08-.675a6.878 6.878 0 0 0 2.325-1.823c.5-.602 1.152-1.869 1.369-2.659.108-.395.143-.818.143-1.76 0-1.463-.092-1.882-.675-3.08a6.878 6.878 0 0 0-1.823-2.325c-.59-.49-1.865-1.151-2.619-1.357-.694-.191-2.555-.231-3.28-.071M8.438 28.079c-2.389.351-4.344 1.951-5.133 4.201l-.225.64-.024 3.02-.025 3.02h17.586l.048-1.06c.071-1.592.431-2.97 1.156-4.42.413-.828 1.123-1.894 1.7-2.553.219-.251.399-.497.399-.548 0-.149-.879-.956-1.44-1.322a7.39 7.39 0 0 0-1.133-.577c-1.197-.462-1.483-.481-7.257-.47-2.888.005-5.431.037-5.652.069m24.251.006c-1.748.203-3.4.813-4.929 1.82-.842.555-2.146 1.809-2.743 2.638-1.226 1.702-1.977 3.887-1.977 5.747v.67h21.92v-.67c0-1.861-.751-4.045-1.978-5.748-.523-.727-1.755-1.947-2.502-2.478-2.187-1.554-5.092-2.292-7.791-1.979\"\/><\/svg>\t<div class=\"kbm-link-list-item__content\">\n\t\t<p class=\"kbm-link-list-item__title\">En ny start<\/p>\n\t\t\t\t\t<p class=\"kbm-link-list-item__description\">Vi tilbyr arbeidstrening til mennesker som \u00f8nsker \u00e5 komme tilbake i jobb.<\/p>\n\t\t\t<\/div>\n\t<\/a>\n\n<a class=\"wp-block-kbm-link-list-item\" href=\"\/bli-frivillig\">\t<svg xmlns=\"http:\/\/www.w3.org\/2000\/svg\" viewBox=\"0 0 48 48\" height=\"24\" width=\"24\" class=\"t2-icon t2-icon-volunteering\" aria-hidden=\"true\" focusable=\"false\"><path d=\"M23.33 1.157c-.459.164-.862.527-1.11 1.001l-.22.42v9.211c0 10.395.045 9.659-.603 9.883-.286.098-.356.096-.601-.02-.55-.261-.512.307-.556-8.212-.044-8.585-.004-7.999-.593-8.588-.506-.505-.872-.65-1.647-.65-.55 0-.744.034-1.015.178-.412.219-.843.653-1.039 1.046-.139.28-.148.907-.186 13.494l-.04 13.2-2.888-4.321c-3.002-4.493-3.036-4.536-3.788-4.84-.357-.145-1.245-.13-1.604.026-.899.391-1.4 1.126-1.4 2.055 0 .605.105.842.971 2.201.826 1.295 1.75 3.04 2.71 5.119 1.268 2.745 2.467 5.172 2.981 6.034 2.373 3.98 5.378 5.888 10.151 6.446 1.014.119 3.559.163 4.113.071l.286-.047-3.126-3.048c-1.719-1.675-3.315-3.265-3.546-3.531-.922-1.066-1.411-2.4-1.407-3.845.005-2.62 1.651-4.838 4.227-5.698.58-.193.756-.214 1.88-.218 1.081-.003 1.317.02 1.84.182 1.024.318 1.849.825 2.736 1.681l.456.441.595-.565c1.254-1.192 2.72-1.781 4.436-1.782 1.081-.002 2.292.349 3.19.924l.427.273v-9.73c0-7.226-.024-9.81-.094-10.043-.12-.402-.632-.984-1.056-1.201-.398-.204-1.304-.281-1.783-.152a2.142 2.142 0 0 0-1.345 1.082l-.242.474-.04 6.593-.04 6.593-.19.154c-.427.346-.973.276-1.269-.162l-.181-.27-.001-9.088-.001-9.088-.188-.404c-.611-1.312-2.534-1.66-3.624-.655-.682.629-.621-.199-.666 9.099-.044 9.138-.004 8.51-.556 8.772-.245.116-.315.118-.601.02-.648-.224-.603.512-.603-9.883V2.578l-.223-.427c-.25-.478-.743-.901-1.199-1.027-.418-.116-1.359-.098-1.728.033m1.372 28.611c-1.11.121-2.023.574-2.869 1.423-1.568 1.572-1.855 3.79-.735 5.679.296.499.462.666 7.001 7.043l.698.681.542-.142c3.486-.919 6.794-3.671 8.386-6.979.723-1.504 1.098-2.941 1.243-4.77.11-1.383.113-1.375-.672-1.957-1.021-.758-1.887-1.019-3.21-.968-1.505.057-2.308.439-3.687 1.75-1.07 1.018-1.083 1.019-1.983.172-.928-.873-1.305-1.166-1.862-1.445a5.097 5.097 0 0 0-2.852-.487\"\/><\/svg>\t<div class=\"kbm-link-list-item__content\">\n\t\t<p class=\"kbm-link-list-item__title\">Bli frivillig<\/p>\n\t\t\t\t\t<p class=\"kbm-link-list-item__description\">Frivillige er b\u00e6rebjelkene i v\u00e5rt arbeid. Ta kontakt for \u00e5 registrere deg.<\/p>\n\t\t\t<\/div>\n\t<\/a>\n\t\t<\/div>\n\t<\/div>\n\t\n\n<div class=\"t2-accordion wp-block-t2-accordion\" data-allow-multiple=\"1\" role=\"list\">\n<div class=\"t2-accordion-item wp-block-t2-accordion-item\" role=\"listitem\">\n\t\t\t<h2 class=\"t2-accordion-title\">\n\t\t\t\t<button type=\"button\" class=\"t2-accordion-trigger\" id=\"personvernerkl\u00e6ring\" aria-controls=\"accordion-panel\" aria-expanded=\"false\">\n\t\t\t\t\tPersonvernerkl\u00e6ring\n\t\t\t\t\t<span class=\"t2-accordion-icon is-closed-icon\"><svg xmlns=\"http:\/\/www.w3.org\/2000\/svg\" viewBox=\"0 0 24 24\" height=\"24\" width=\"24\" class=\"t2-icon t2-icon-plus\" aria-hidden=\"true\" focusable=\"false\"><path d=\"M11.8 5.037a1.088 1.088 0 0 0-.722.566c-.075.148-.078.25-.078 2.772v2.619l-2.61.016c-1.867.012-2.652.03-2.756.064-.168.055-.438.301-.54.494-.049.092-.07.223-.07.432 0 .34.054.476.282.704.289.289.14.275 3.064.288l2.63.012v2.619c0 2.544.002 2.625.08 2.778.191.372.516.577.92.577s.729-.205.92-.577c.078-.153.08-.234.08-2.778v-2.619l2.63-.012c2.924-.013 2.775.001 3.064-.288.228-.228.282-.364.282-.704 0-.209-.021-.34-.07-.432-.102-.193-.372-.439-.54-.494-.104-.034-.889-.052-2.756-.064L13 10.994V8.375c0-2.522-.003-2.624-.078-2.772-.214-.418-.685-.656-1.122-.566\"\/><\/svg><\/span>\n\t\t\t\t\t<span class=\"t2-accordion-icon is-open-icon\"><svg xmlns=\"http:\/\/www.w3.org\/2000\/svg\" viewBox=\"0 0 24 24\" height=\"24\" width=\"24\" class=\"t2-icon t2-icon-chevronup\" aria-hidden=\"true\" focusable=\"false\"><path d=\"M6.7 14.7c-.2-.2-.3-.4-.3-.7s.1-.5.3-.7l4.6-4.6c.1-.1.2-.2.3-.2.1 0 .2-.1.4-.1.1 0 .3 0 .4.1.1 0 .2.1.3.2l4.6 4.6c.2.2.3.4.3.7s-.1.5-.3.7c-.2.2-.4.3-.7.3s-.5-.1-.7-.3L12 10.8l-3.9 3.9c-.2.2-.4.3-.7.3s-.5-.1-.7-.3z\" fill=\"currentColor\" \/><\/svg><\/span>\n\t\t\t\t<\/button>\n\t\t\t<\/h2>\n\t\t\t<div class=\"t2-accordion-item__inner-container is-layout-flow\" id=\"accordion-panel\" aria-labelledby=\"personvernerkl\u00e6ring\" role=\"region\" hidden>\n\t\t\t\t\n\n<p><a href=\"https:\/\/kirkensbymisjon.no\/content\/uploads\/sites\/148\/2025\/04\/Personvernerklaering-aktivitetskafeene-Honefoss-og-Kongsberg.pdf\">Her kan du laste ned v\u00e5r personvernerkl\u00e6ring.<\/a><\/p>\n\n\n\t\t\t<\/div>\n\t\t<\/div>\n<\/div>","protected":false},"excerpt":{"rendered":"<p>Hos oss er alle velkomne! Fristende kaker fra eget konditori, ferske bakervarer og rimelige lunsjretter&hellip;<\/p>\n","protected":false},"author":5,"featured_media":0,"parent":0,"menu_order":0,"comment_status":"closed","ping_status":"closed","template":"","meta":{"_relevanssi_hide_post":"","_relevanssi_hide_content":"","_relevanssi_pin_for_all":"","_relevanssi_pin_keywords":"","_relevanssi_unpin_keywords":"","_relevanssi_related_keywords":"","_relevanssi_related_include_ids":"","_relevanssi_related_exclude_ids":"","_relevanssi_related_no_append":"","_relevanssi_related_not_related":"","_relevanssi_related_posts":"1","_relevanssi_noindex_reason":"","editor_notices":[],"footnotes":""},"class_list":["post-3","page","type-page","status-publish","hentry"],"yoast_head":"<!-- This site is optimized with the Yoast SEO Premium plugin v27.2 (Yoast SEO v27.2) - https:\/\/yoast.com\/product\/yoast-seo-premium-wordpress\/ -->\n<title>Kirkens Bymisjon - Kaf\u00e9, H\u00f8nefoss<\/title>\n<meta name=\"description\" content=\"En raus og hyggelig kaf\u00e9 p\u00e5 S\u00f8ndre torv med eget konditori.\" \/>\n<meta name=\"robots\" content=\"index, follow, max-snippet:-1, max-image-preview:large, max-video-preview:-1\" \/>\n<link rel=\"canonical\" href=\"https:\/\/kirkensbymisjon.no\/tilbud-kafe-honefoss\/\" \/>\n<meta property=\"og:locale\" content=\"nb_NO\" \/>\n<meta property=\"og:type\" content=\"article\" \/>\n<meta property=\"og:title\" content=\"Forside\" \/>\n<meta property=\"og:description\" content=\"En raus og hyggelig kaf\u00e9 p\u00e5 S\u00f8ndre torv med eget konditori.\" \/>\n<meta property=\"og:url\" content=\"https:\/\/kirkensbymisjon.no\/tilbud-kafe-honefoss\/\" \/>\n<meta property=\"og:site_name\" content=\"Kaf\u00e9, H\u00f8nefoss\" \/>\n<meta property=\"article:modified_time\" content=\"2025-04-03T08:24:14+00:00\" \/>\n<meta property=\"og:image\" content=\"https:\/\/kirkensbymisjon.no\/content\/uploads\/sites\/148\/2024\/09\/tilbud_kafe-honefoss_02.jpg\" \/>\n\t<meta property=\"og:image:width\" content=\"1000\" \/>\n\t<meta property=\"og:image:height\" content=\"500\" \/>\n\t<meta property=\"og:image:type\" content=\"image\/jpeg\" \/>\n<meta name=\"twitter:card\" content=\"summary_large_image\" \/>\n<meta name=\"twitter:label1\" content=\"Ansl. lesetid\" \/>\n\t<meta name=\"twitter:data1\" content=\"1 minutt\" \/>\n<script type=\"application\/ld+json\" class=\"yoast-schema-graph\">{\"@context\":\"https:\/\/schema.org\",\"@graph\":[{\"@type\":\"WebPage\",\"@id\":\"https:\/\/kirkensbymisjon.no\/tilbud-kafe-honefoss\/\",\"url\":\"https:\/\/kirkensbymisjon.no\/tilbud-kafe-honefoss\/\",\"name\":\"Kirkens Bymisjon - Kaf\u00e9, H\u00f8nefoss\",\"isPartOf\":{\"@id\":\"https:\/\/kirkensbymisjon.no\/tilbud-kafe-honefoss\/#website\"},\"primaryImageOfPage\":{\"@id\":\"https:\/\/kirkensbymisjon.no\/tilbud-kafe-honefoss\/#primaryimage\"},\"image\":{\"@id\":\"https:\/\/kirkensbymisjon.no\/tilbud-kafe-honefoss\/#primaryimage\"},\"thumbnailUrl\":\"https:\/\/kirkensbymisjon.no\/content\/uploads\/sites\/148\/2024\/09\/tilbud_kafe-honefoss_02.jpg\",\"datePublished\":\"2024-09-04T20:15:32+00:00\",\"dateModified\":\"2025-04-03T08:24:14+00:00\",\"description\":\"En raus og hyggelig kaf\u00e9 p\u00e5 S\u00f8ndre torv med eget konditori.\",\"breadcrumb\":{\"@id\":\"https:\/\/kirkensbymisjon.no\/tilbud-kafe-honefoss\/#breadcrumb\"},\"inLanguage\":\"nb-NO\",\"potentialAction\":[{\"@type\":\"ReadAction\",\"target\":[\"https:\/\/kirkensbymisjon.no\/tilbud-kafe-honefoss\/\"]}]},{\"@type\":\"ImageObject\",\"inLanguage\":\"nb-NO\",\"@id\":\"https:\/\/kirkensbymisjon.no\/tilbud-kafe-honefoss\/#primaryimage\",\"url\":\"https:\/\/kirkensbymisjon.no\/content\/uploads\/sites\/148\/2024\/09\/tilbud_kafe-honefoss_02.jpg\",\"contentUrl\":\"https:\/\/kirkensbymisjon.no\/content\/uploads\/sites\/148\/2024\/09\/tilbud_kafe-honefoss_02.jpg\"},{\"@type\":\"BreadcrumbList\",\"@id\":\"https:\/\/kirkensbymisjon.no\/tilbud-kafe-honefoss\/#breadcrumb\",\"itemListElement\":[{\"@type\":\"ListItem\",\"position\":1,\"name\":\"Hjem\",\"item\":\"https:\/\/kirkensbymisjon.no\/tilbud-kafe-honefoss\/\"},{\"@type\":\"ListItem\",\"position\":2,\"name\":\"Forside\"}]},{\"@type\":\"WebSite\",\"@id\":\"https:\/\/kirkensbymisjon.no\/tilbud-kafe-honefoss\/#website\",\"url\":\"https:\/\/kirkensbymisjon.no\/tilbud-kafe-honefoss\/\",\"name\":\"Kaf\u00e9, H\u00f8nefoss\",\"description\":\"\",\"potentialAction\":[{\"@type\":\"SearchAction\",\"target\":{\"@type\":\"EntryPoint\",\"urlTemplate\":\"https:\/\/kirkensbymisjon.no\/tilbud-kafe-honefoss\/?s={search_term_string}\"},\"query-input\":{\"@type\":\"PropertyValueSpecification\",\"valueRequired\":true,\"valueName\":\"search_term_string\"}}],\"inLanguage\":\"nb-NO\"}]}<\/script>\n<!-- \/ Yoast SEO Premium plugin. -->","yoast_head_json":{"title":"Kirkens Bymisjon - Kaf\u00e9, H\u00f8nefoss","description":"En raus og hyggelig kaf\u00e9 p\u00e5 S\u00f8ndre torv med eget konditori.","robots":{"index":"index","follow":"follow","max-snippet":"max-snippet:-1","max-image-preview":"max-image-preview:large","max-video-preview":"max-video-preview:-1"},"canonical":"https:\/\/kirkensbymisjon.no\/tilbud-kafe-honefoss\/","og_locale":"nb_NO","og_type":"article","og_title":"Forside","og_description":"En raus og hyggelig kaf\u00e9 p\u00e5 S\u00f8ndre torv med eget konditori.","og_url":"https:\/\/kirkensbymisjon.no\/tilbud-kafe-honefoss\/","og_site_name":"Kaf\u00e9, H\u00f8nefoss","article_modified_time":"2025-04-03T08:24:14+00:00","og_image":[{"width":1000,"height":500,"url":"https:\/\/kirkensbymisjon.no\/content\/uploads\/sites\/148\/2024\/09\/tilbud_kafe-honefoss_02.jpg","type":"image\/jpeg"}],"twitter_card":"summary_large_image","twitter_misc":{"Ansl. lesetid":"1 minutt"},"schema":{"@context":"https:\/\/schema.org","@graph":[{"@type":"WebPage","@id":"https:\/\/kirkensbymisjon.no\/tilbud-kafe-honefoss\/","url":"https:\/\/kirkensbymisjon.no\/tilbud-kafe-honefoss\/","name":"Kirkens Bymisjon - Kaf\u00e9, H\u00f8nefoss","isPartOf":{"@id":"https:\/\/kirkensbymisjon.no\/tilbud-kafe-honefoss\/#website"},"primaryImageOfPage":{"@id":"https:\/\/kirkensbymisjon.no\/tilbud-kafe-honefoss\/#primaryimage"},"image":{"@id":"https:\/\/kirkensbymisjon.no\/tilbud-kafe-honefoss\/#primaryimage"},"thumbnailUrl":"https:\/\/kirkensbymisjon.no\/content\/uploads\/sites\/148\/2024\/09\/tilbud_kafe-honefoss_02.jpg","datePublished":"2024-09-04T20:15:32+00:00","dateModified":"2025-04-03T08:24:14+00:00","description":"En raus og hyggelig kaf\u00e9 p\u00e5 S\u00f8ndre torv med eget konditori.","breadcrumb":{"@id":"https:\/\/kirkensbymisjon.no\/tilbud-kafe-honefoss\/#breadcrumb"},"inLanguage":"nb-NO","potentialAction":[{"@type":"ReadAction","target":["https:\/\/kirkensbymisjon.no\/tilbud-kafe-honefoss\/"]}]},{"@type":"ImageObject","inLanguage":"nb-NO","@id":"https:\/\/kirkensbymisjon.no\/tilbud-kafe-honefoss\/#primaryimage","url":"https:\/\/kirkensbymisjon.no\/content\/uploads\/sites\/148\/2024\/09\/tilbud_kafe-honefoss_02.jpg","contentUrl":"https:\/\/kirkensbymisjon.no\/content\/uploads\/sites\/148\/2024\/09\/tilbud_kafe-honefoss_02.jpg"},{"@type":"BreadcrumbList","@id":"https:\/\/kirkensbymisjon.no\/tilbud-kafe-honefoss\/#breadcrumb","itemListElement":[{"@type":"ListItem","position":1,"name":"Hjem","item":"https:\/\/kirkensbymisjon.no\/tilbud-kafe-honefoss\/"},{"@type":"ListItem","position":2,"name":"Forside"}]},{"@type":"WebSite","@id":"https:\/\/kirkensbymisjon.no\/tilbud-kafe-honefoss\/#website","url":"https:\/\/kirkensbymisjon.no\/tilbud-kafe-honefoss\/","name":"Kaf\u00e9, H\u00f8nefoss","description":"","potentialAction":[{"@type":"SearchAction","target":{"@type":"EntryPoint","urlTemplate":"https:\/\/kirkensbymisjon.no\/tilbud-kafe-honefoss\/?s={search_term_string}"},"query-input":{"@type":"PropertyValueSpecification","valueRequired":true,"valueName":"search_term_string"}}],"inLanguage":"nb-NO"}]}},"_links":{"self":[{"href":"https:\/\/kirkensbymisjon.no\/tilbud-kafe-honefoss\/wp-json\/wp\/v2\/pages\/3","targetHints":{"allow":["GET"]}}],"collection":[{"href":"https:\/\/kirkensbymisjon.no\/tilbud-kafe-honefoss\/wp-json\/wp\/v2\/pages"}],"about":[{"href":"https:\/\/kirkensbymisjon.no\/tilbud-kafe-honefoss\/wp-json\/wp\/v2\/types\/page"}],"author":[{"embeddable":true,"href":"https:\/\/kirkensbymisjon.no\/tilbud-kafe-honefoss\/wp-json\/wp\/v2\/users\/5"}],"replies":[{"embeddable":true,"href":"https:\/\/kirkensbymisjon.no\/tilbud-kafe-honefoss\/wp-json\/wp\/v2\/comments?post=3"}],"version-history":[{"count":5,"href":"https:\/\/kirkensbymisjon.no\/tilbud-kafe-honefoss\/wp-json\/wp\/v2\/pages\/3\/revisions"}],"predecessor-version":[{"id":178,"href":"https:\/\/kirkensbymisjon.no\/tilbud-kafe-honefoss\/wp-json\/wp\/v2\/pages\/3\/revisions\/178"}],"wp:attachment":[{"href":"https:\/\/kirkensbymisjon.no\/tilbud-kafe-honefoss\/wp-json\/wp\/v2\/media?parent=3"}],"curies":[{"name":"wp","href":"https:\/\/api.w.org\/{rel}","templated":true}]}}