{"id":2,"date":"2024-06-17T16:04:15","date_gmt":"2024-06-17T14:04:15","guid":{"rendered":"https:\/\/kirkensbymisjon.no\/tilbud-kafe-kronhagen\/?page_id=2"},"modified":"2025-07-31T23:36:35","modified_gmt":"2025-07-31T21:36:35","slug":"forside","status":"publish","type":"page","link":"https:\/\/kirkensbymisjon.no\/tilbud-kafe-krohnhagen\/","title":{"rendered":"Forside"},"content":{"rendered":"\n<p>Omtanke er den viktigste ingrediensen i v\u00e5re tilbud. Hovedform\u00e5let med kafeen er \u00e5 tilby arbeidstrening og \u00e5 servere god mat.<\/p>\n\n\n\n<p>Bak disken og p\u00e5 kj\u00f8kkenet finner du deltakere som er henvist av NAV til arbeidsforberedende tiltak, og mennesker som er motivert for arbeidstrening med \u00f8nske om \u00e5 komme i gang med jobb eller skole.<\/p>\n\n\n\n<h2 class=\"wp-block-heading\" id=\"h-dette-tilbyr-vi\">Dette tilbyr vi<\/h2>\n\n\n<div class=\"t2-accordion wp-block-t2-accordion\" data-allow-multiple=\"1\" role=\"list\">\n<div class=\"t2-accordion-item wp-block-t2-accordion-item\" role=\"listitem\">\n\t\t\t<h2 class=\"t2-accordion-title\">\n\t\t\t\t<button type=\"button\" class=\"t2-accordion-trigger\" id=\"&lt;strong&gt;servering-fra-kl.-10.00&lt;\/strong&gt;\" aria-controls=\"accordion-panel\" aria-expanded=\"false\">\n\t\t\t\t\tServering fra kl. 10.00\n\t\t\t\t\t<span class=\"t2-accordion-icon is-closed-icon\"><svg xmlns=\"http:\/\/www.w3.org\/2000\/svg\" viewBox=\"0 0 24 24\" height=\"24\" width=\"24\" class=\"t2-icon t2-icon-plus\" aria-hidden=\"true\" focusable=\"false\"><path d=\"M11.8 5.037a1.088 1.088 0 0 0-.722.566c-.075.148-.078.25-.078 2.772v2.619l-2.61.016c-1.867.012-2.652.03-2.756.064-.168.055-.438.301-.54.494-.049.092-.07.223-.07.432 0 .34.054.476.282.704.289.289.14.275 3.064.288l2.63.012v2.619c0 2.544.002 2.625.08 2.778.191.372.516.577.92.577s.729-.205.92-.577c.078-.153.08-.234.08-2.778v-2.619l2.63-.012c2.924-.013 2.775.001 3.064-.288.228-.228.282-.364.282-.704 0-.209-.021-.34-.07-.432-.102-.193-.372-.439-.54-.494-.104-.034-.889-.052-2.756-.064L13 10.994V8.375c0-2.522-.003-2.624-.078-2.772-.214-.418-.685-.656-1.122-.566\"\/><\/svg><\/span>\n\t\t\t\t\t<span class=\"t2-accordion-icon is-open-icon\"><svg xmlns=\"http:\/\/www.w3.org\/2000\/svg\" viewBox=\"0 0 24 24\" height=\"24\" width=\"24\" class=\"t2-icon t2-icon-chevronup\" aria-hidden=\"true\" focusable=\"false\"><path d=\"M6.7 14.7c-.2-.2-.3-.4-.3-.7s.1-.5.3-.7l4.6-4.6c.1-.1.2-.2.3-.2.1 0 .2-.1.4-.1.1 0 .3 0 .4.1.1 0 .2.1.3.2l4.6 4.6c.2.2.3.4.3.7s-.1.5-.3.7c-.2.2-.4.3-.7.3s-.5-.1-.7-.3L12 10.8l-3.9 3.9c-.2.2-.4.3-.7.3s-.5-.1-.7-.3z\" fill=\"currentColor\" \/><\/svg><\/span>\n\t\t\t\t<\/button>\n\t\t\t<\/h2>\n\t\t\t<div class=\"t2-accordion-item__inner-container is-layout-flow\" id=\"accordion-panel\" aria-labelledby=\"&lt;strong&gt;servering-fra-kl.-10.00&lt;\/strong&gt;\" role=\"region\" hidden>\n\t\t\t\t\n\n<ul class=\"wp-block-list\">\n<li>Deilige salater fra salatbaren.<\/li>\n\n\n\n<li>Sm\u00f8rbr\u00f8d.<\/li>\n\n\n\n<li>Suppe med br\u00f8d.<\/li>\n\n\n\n<li>Hjemmelagde vafler.<\/li>\n<\/ul>\n\n\n\t\t\t<\/div>\n\t\t<\/div>\n\n<div class=\"t2-accordion-item wp-block-t2-accordion-item\" role=\"listitem\">\n\t\t\t<h2 class=\"t2-accordion-title\">\n\t\t\t\t<button type=\"button\" class=\"t2-accordion-trigger\" id=\"&lt;strong&gt;&lt;strong&gt;servering&lt;\/strong&gt;&lt;\/strong&gt;-f&lt;strong&gt;ra-kl.-11.00&lt;\/strong&gt;\" aria-controls=\"accordion-panel-1\" aria-expanded=\"false\">\n\t\t\t\t\tServering fra kl. 11.00\n\t\t\t\t\t<span class=\"t2-accordion-icon is-closed-icon\"><svg xmlns=\"http:\/\/www.w3.org\/2000\/svg\" viewBox=\"0 0 24 24\" height=\"24\" width=\"24\" class=\"t2-icon t2-icon-plus\" aria-hidden=\"true\" focusable=\"false\"><path d=\"M11.8 5.037a1.088 1.088 0 0 0-.722.566c-.075.148-.078.25-.078 2.772v2.619l-2.61.016c-1.867.012-2.652.03-2.756.064-.168.055-.438.301-.54.494-.049.092-.07.223-.07.432 0 .34.054.476.282.704.289.289.14.275 3.064.288l2.63.012v2.619c0 2.544.002 2.625.08 2.778.191.372.516.577.92.577s.729-.205.92-.577c.078-.153.08-.234.08-2.778v-2.619l2.63-.012c2.924-.013 2.775.001 3.064-.288.228-.228.282-.364.282-.704 0-.209-.021-.34-.07-.432-.102-.193-.372-.439-.54-.494-.104-.034-.889-.052-2.756-.064L13 10.994V8.375c0-2.522-.003-2.624-.078-2.772-.214-.418-.685-.656-1.122-.566\"\/><\/svg><\/span>\n\t\t\t\t\t<span class=\"t2-accordion-icon is-open-icon\"><svg xmlns=\"http:\/\/www.w3.org\/2000\/svg\" viewBox=\"0 0 24 24\" height=\"24\" width=\"24\" class=\"t2-icon t2-icon-chevronup\" aria-hidden=\"true\" focusable=\"false\"><path d=\"M6.7 14.7c-.2-.2-.3-.4-.3-.7s.1-.5.3-.7l4.6-4.6c.1-.1.2-.2.3-.2.1 0 .2-.1.4-.1.1 0 .3 0 .4.1.1 0 .2.1.3.2l4.6 4.6c.2.2.3.4.3.7s-.1.5-.3.7c-.2.2-.4.3-.7.3s-.5-.1-.7-.3L12 10.8l-3.9 3.9c-.2.2-.4.3-.7.3s-.5-.1-.7-.3z\" fill=\"currentColor\" \/><\/svg><\/span>\n\t\t\t\t<\/button>\n\t\t\t<\/h2>\n\t\t\t<div class=\"t2-accordion-item__inner-container is-layout-flow\" id=\"accordion-panel-1\" aria-labelledby=\"&lt;strong&gt;&lt;strong&gt;servering&lt;\/strong&gt;&lt;\/strong&gt;-f&lt;strong&gt;ra-kl.-11.00&lt;\/strong&gt;\" role=\"region\" hidden>\n\t\t\t\t\n\n<ul class=\"wp-block-list\">\n<li>En varmrett (enten kj\u00f8tt eller fisk), med tilbeh\u00f8r.<\/li>\n\n\n\n<li>Det vil ogs\u00e5 dukke opp hjemmelaget bakst som kanelknuter, gulrotkake, sjokoladekake m.m.<\/li>\n<\/ul>\n\n\n\t\t\t<\/div>\n\t\t<\/div>\n\n<div class=\"t2-accordion-item wp-block-t2-accordion-item\" role=\"listitem\">\n\t\t\t<h2 class=\"t2-accordion-title\">\n\t\t\t\t<button type=\"button\" class=\"t2-accordion-trigger\" id=\"priser\" aria-controls=\"accordion-panel-2\" aria-expanded=\"false\">\n\t\t\t\t\tPriser\n\t\t\t\t\t<span class=\"t2-accordion-icon is-closed-icon\"><svg xmlns=\"http:\/\/www.w3.org\/2000\/svg\" viewBox=\"0 0 24 24\" height=\"24\" width=\"24\" class=\"t2-icon t2-icon-plus\" aria-hidden=\"true\" focusable=\"false\"><path d=\"M11.8 5.037a1.088 1.088 0 0 0-.722.566c-.075.148-.078.25-.078 2.772v2.619l-2.61.016c-1.867.012-2.652.03-2.756.064-.168.055-.438.301-.54.494-.049.092-.07.223-.07.432 0 .34.054.476.282.704.289.289.14.275 3.064.288l2.63.012v2.619c0 2.544.002 2.625.08 2.778.191.372.516.577.92.577s.729-.205.92-.577c.078-.153.08-.234.08-2.778v-2.619l2.63-.012c2.924-.013 2.775.001 3.064-.288.228-.228.282-.364.282-.704 0-.209-.021-.34-.07-.432-.102-.193-.372-.439-.54-.494-.104-.034-.889-.052-2.756-.064L13 10.994V8.375c0-2.522-.003-2.624-.078-2.772-.214-.418-.685-.656-1.122-.566\"\/><\/svg><\/span>\n\t\t\t\t\t<span class=\"t2-accordion-icon is-open-icon\"><svg xmlns=\"http:\/\/www.w3.org\/2000\/svg\" viewBox=\"0 0 24 24\" height=\"24\" width=\"24\" class=\"t2-icon t2-icon-chevronup\" aria-hidden=\"true\" focusable=\"false\"><path d=\"M6.7 14.7c-.2-.2-.3-.4-.3-.7s.1-.5.3-.7l4.6-4.6c.1-.1.2-.2.3-.2.1 0 .2-.1.4-.1.1 0 .3 0 .4.1.1 0 .2.1.3.2l4.6 4.6c.2.2.3.4.3.7s-.1.5-.3.7c-.2.2-.4.3-.7.3s-.5-.1-.7-.3L12 10.8l-3.9 3.9c-.2.2-.4.3-.7.3s-.5-.1-.7-.3z\" fill=\"currentColor\" \/><\/svg><\/span>\n\t\t\t\t<\/button>\n\t\t\t<\/h2>\n\t\t\t<div class=\"t2-accordion-item__inner-container is-layout-flow\" id=\"accordion-panel-2\" aria-labelledby=\"priser\" role=\"region\" hidden>\n\t\t\t\t\n\n<ul class=\"wp-block-list\">\n<li>Kaffe, kr 22.<\/li>\n\n\n\n<li>Kaffe latte, kr 40.<\/li>\n\n\n\n<li>Vaffel, kr 22.<\/li>\n\n\n\n<li>Salat, kr 49.<\/li>\n\n\n\n<li>Sm\u00f8rbr\u00f8d, kr 49.<\/li>\n\n\n\n<li>Varmrett, kr 99.<\/li>\n\n\n\n<li>Torsdagsrett, kr 119 (middag og dessert).<\/li>\n<\/ul>\n\n\n\t\t\t<\/div>\n\t\t<\/div>\n<\/div>\n\n\n<div class=\"wp-block-media-text alignwide is-stacked-on-mobile is-style-filled\"><figure class=\"wp-block-media-text__media\"><img decoding=\"async\" src=\"https:\/\/kirkensbymisjon.no\/content\/uploads\/2024\/08\/arbeidsfelt_narmiljo_04-1024x723.jpg\" alt=\"Frivillige i samtale med gjest i kafeen\" class=\"wp-image-1303 size-full\" \/><\/figure><div class=\"wp-block-media-text__content\">\n<h2 class=\"wp-block-heading\" id=\"h-naermiljo\">N\u00e6rmilj\u00f8<\/h2>\n\n\n\n<p>Lokale og \u00e5pne fellesskap er viktige for \u00e5 forebygge utenforskap og ensomhet. Vi har tilbud for b\u00e5de unge, eldre, familier og personer med rus- og helseutfordringer, som skal bidra til trivsel og sosiale m\u00f8teplasser i n\u00e6rmilj\u00f8et.<\/p>\n\n\n\n<p><a href=\"\/naermiljo\">Les mer om v\u00e5re tilbud<\/a><\/p>\n<\/div><\/div>\n","protected":false},"excerpt":{"rendered":"<p>Omtanke er den viktigste ingrediensen i v\u00e5re tilbud. Hovedform\u00e5let med kafeen er \u00e5 tilby arbeidstrening&hellip;<\/p>\n","protected":false},"author":1,"featured_media":10,"parent":0,"menu_order":0,"comment_status":"closed","ping_status":"closed","template":"","meta":{"_relevanssi_hide_post":"","_relevanssi_hide_content":"","_relevanssi_pin_for_all":"","_relevanssi_pin_keywords":"","_relevanssi_unpin_keywords":"","_relevanssi_related_keywords":"","_relevanssi_related_include_ids":"","_relevanssi_related_exclude_ids":"","_relevanssi_related_no_append":"","_relevanssi_related_not_related":"","_relevanssi_related_posts":"1","_relevanssi_noindex_reason":"","editor_notices":[],"footnotes":""},"class_list":["post-2","page","type-page","status-publish","has-post-thumbnail","hentry"],"yoast_head":"<!-- This site is optimized with the Yoast SEO Premium plugin v27.2 (Yoast SEO v27.2) - https:\/\/yoast.com\/product\/yoast-seo-premium-wordpress\/ -->\n<title>Kirkens Bymisjon - Kaf\u00e9 Krohnhagen<\/title>\n<meta name=\"description\" content=\"Vi byr p\u00e5 god og rimelig mat, inkluderende felleskap og hyggelig stemning.\" \/>\n<meta name=\"robots\" content=\"index, follow, max-snippet:-1, max-image-preview:large, max-video-preview:-1\" \/>\n<link rel=\"canonical\" href=\"https:\/\/kirkensbymisjon.no\/tilbud-kafe-krohnhagen\/\" \/>\n<meta property=\"og:locale\" content=\"nb_NO\" \/>\n<meta property=\"og:type\" content=\"article\" \/>\n<meta property=\"og:title\" content=\"Kirkens Bymisjon - Kaf\u00e9 Krohnhagen\" \/>\n<meta property=\"og:description\" content=\"Vi byr p\u00e5 god og rimelig mat, inkluderende felleskap og hyggelig stemning.\" \/>\n<meta property=\"og:url\" content=\"https:\/\/kirkensbymisjon.no\/tilbud-kafe-krohnhagen\/\" \/>\n<meta property=\"og:site_name\" content=\"Kaf\u00e9 Krohnhagen\" \/>\n<meta property=\"article:modified_time\" content=\"2025-07-31T21:36:35+00:00\" \/>\n<meta property=\"og:image\" content=\"https:\/\/kirkensbymisjon.no\/content\/uploads\/sites\/30\/2024\/06\/Tilbud_Kafe-Krohnhagen_01.jpeg\" \/>\n\t<meta property=\"og:image:width\" content=\"1000\" \/>\n\t<meta property=\"og:image:height\" content=\"500\" \/>\n\t<meta property=\"og:image:type\" content=\"image\/jpeg\" \/>\n<meta name=\"twitter:card\" content=\"summary_large_image\" \/>\n<meta name=\"twitter:title\" content=\"Forside\" \/>\n<meta name=\"twitter:label1\" content=\"Ansl. lesetid\" \/>\n\t<meta name=\"twitter:data1\" content=\"2 minutter\" \/>\n<script type=\"application\/ld+json\" class=\"yoast-schema-graph\">{\"@context\":\"https:\/\/schema.org\",\"@graph\":[{\"@type\":\"WebPage\",\"@id\":\"https:\/\/kirkensbymisjon.no\/tilbud-kafe-krohnhagen\/\",\"url\":\"https:\/\/kirkensbymisjon.no\/tilbud-kafe-krohnhagen\/\",\"name\":\"Kirkens Bymisjon - Kaf\u00e9 Krohnhagen\",\"isPartOf\":{\"@id\":\"https:\/\/kirkensbymisjon.no\/tilbud-kafe-krohnhagen\/#website\"},\"primaryImageOfPage\":{\"@id\":\"https:\/\/kirkensbymisjon.no\/tilbud-kafe-krohnhagen\/#primaryimage\"},\"image\":{\"@id\":\"https:\/\/kirkensbymisjon.no\/tilbud-kafe-krohnhagen\/#primaryimage\"},\"thumbnailUrl\":\"https:\/\/kirkensbymisjon.no\/content\/uploads\/sites\/30\/2024\/06\/Tilbud_Kafe-Krohnhagen_01.jpeg\",\"datePublished\":\"2024-06-17T14:04:15+00:00\",\"dateModified\":\"2025-07-31T21:36:35+00:00\",\"description\":\"Vi byr p\u00e5 god og rimelig mat, inkluderende felleskap og hyggelig stemning.\",\"breadcrumb\":{\"@id\":\"https:\/\/kirkensbymisjon.no\/tilbud-kafe-krohnhagen\/#breadcrumb\"},\"inLanguage\":\"nb-NO\",\"potentialAction\":[{\"@type\":\"ReadAction\",\"target\":[\"https:\/\/kirkensbymisjon.no\/tilbud-kafe-krohnhagen\/\"]}]},{\"@type\":\"ImageObject\",\"inLanguage\":\"nb-NO\",\"@id\":\"https:\/\/kirkensbymisjon.no\/tilbud-kafe-krohnhagen\/#primaryimage\",\"url\":\"https:\/\/kirkensbymisjon.no\/content\/uploads\/sites\/30\/2024\/06\/Tilbud_Kafe-Krohnhagen_01.jpeg\",\"contentUrl\":\"https:\/\/kirkensbymisjon.no\/content\/uploads\/sites\/30\/2024\/06\/Tilbud_Kafe-Krohnhagen_01.jpeg\",\"width\":1000,\"height\":500,\"caption\":\"Kvinne som serverer et m\u00e5ltid til en gjest i kafeen\"},{\"@type\":\"BreadcrumbList\",\"@id\":\"https:\/\/kirkensbymisjon.no\/tilbud-kafe-krohnhagen\/#breadcrumb\",\"itemListElement\":[{\"@type\":\"ListItem\",\"position\":1,\"name\":\"Hjem\",\"item\":\"https:\/\/kirkensbymisjon.no\/tilbud-kafe-krohnhagen\/\"},{\"@type\":\"ListItem\",\"position\":2,\"name\":\"Forside\"}]},{\"@type\":\"WebSite\",\"@id\":\"https:\/\/kirkensbymisjon.no\/tilbud-kafe-krohnhagen\/#website\",\"url\":\"https:\/\/kirkensbymisjon.no\/tilbud-kafe-krohnhagen\/\",\"name\":\"Kaf\u00e9 Krohnhagen\",\"description\":\"\",\"potentialAction\":[{\"@type\":\"SearchAction\",\"target\":{\"@type\":\"EntryPoint\",\"urlTemplate\":\"https:\/\/kirkensbymisjon.no\/tilbud-kafe-krohnhagen\/?s={search_term_string}\"},\"query-input\":{\"@type\":\"PropertyValueSpecification\",\"valueRequired\":true,\"valueName\":\"search_term_string\"}}],\"inLanguage\":\"nb-NO\"}]}<\/script>\n<!-- \/ Yoast SEO Premium plugin. -->","yoast_head_json":{"title":"Kirkens Bymisjon - Kaf\u00e9 Krohnhagen","description":"Vi byr p\u00e5 god og rimelig mat, inkluderende felleskap og hyggelig stemning.","robots":{"index":"index","follow":"follow","max-snippet":"max-snippet:-1","max-image-preview":"max-image-preview:large","max-video-preview":"max-video-preview:-1"},"canonical":"https:\/\/kirkensbymisjon.no\/tilbud-kafe-krohnhagen\/","og_locale":"nb_NO","og_type":"article","og_title":"Kirkens Bymisjon - Kaf\u00e9 Krohnhagen","og_description":"Vi byr p\u00e5 god og rimelig mat, inkluderende felleskap og hyggelig stemning.","og_url":"https:\/\/kirkensbymisjon.no\/tilbud-kafe-krohnhagen\/","og_site_name":"Kaf\u00e9 Krohnhagen","article_modified_time":"2025-07-31T21:36:35+00:00","og_image":[{"width":1000,"height":500,"url":"https:\/\/kirkensbymisjon.no\/content\/uploads\/sites\/30\/2024\/06\/Tilbud_Kafe-Krohnhagen_01.jpeg","type":"image\/jpeg"}],"twitter_card":"summary_large_image","twitter_title":"Forside","twitter_misc":{"Ansl. lesetid":"2 minutter"},"schema":{"@context":"https:\/\/schema.org","@graph":[{"@type":"WebPage","@id":"https:\/\/kirkensbymisjon.no\/tilbud-kafe-krohnhagen\/","url":"https:\/\/kirkensbymisjon.no\/tilbud-kafe-krohnhagen\/","name":"Kirkens Bymisjon - Kaf\u00e9 Krohnhagen","isPartOf":{"@id":"https:\/\/kirkensbymisjon.no\/tilbud-kafe-krohnhagen\/#website"},"primaryImageOfPage":{"@id":"https:\/\/kirkensbymisjon.no\/tilbud-kafe-krohnhagen\/#primaryimage"},"image":{"@id":"https:\/\/kirkensbymisjon.no\/tilbud-kafe-krohnhagen\/#primaryimage"},"thumbnailUrl":"https:\/\/kirkensbymisjon.no\/content\/uploads\/sites\/30\/2024\/06\/Tilbud_Kafe-Krohnhagen_01.jpeg","datePublished":"2024-06-17T14:04:15+00:00","dateModified":"2025-07-31T21:36:35+00:00","description":"Vi byr p\u00e5 god og rimelig mat, inkluderende felleskap og hyggelig stemning.","breadcrumb":{"@id":"https:\/\/kirkensbymisjon.no\/tilbud-kafe-krohnhagen\/#breadcrumb"},"inLanguage":"nb-NO","potentialAction":[{"@type":"ReadAction","target":["https:\/\/kirkensbymisjon.no\/tilbud-kafe-krohnhagen\/"]}]},{"@type":"ImageObject","inLanguage":"nb-NO","@id":"https:\/\/kirkensbymisjon.no\/tilbud-kafe-krohnhagen\/#primaryimage","url":"https:\/\/kirkensbymisjon.no\/content\/uploads\/sites\/30\/2024\/06\/Tilbud_Kafe-Krohnhagen_01.jpeg","contentUrl":"https:\/\/kirkensbymisjon.no\/content\/uploads\/sites\/30\/2024\/06\/Tilbud_Kafe-Krohnhagen_01.jpeg","width":1000,"height":500,"caption":"Kvinne som serverer et m\u00e5ltid til en gjest i kafeen"},{"@type":"BreadcrumbList","@id":"https:\/\/kirkensbymisjon.no\/tilbud-kafe-krohnhagen\/#breadcrumb","itemListElement":[{"@type":"ListItem","position":1,"name":"Hjem","item":"https:\/\/kirkensbymisjon.no\/tilbud-kafe-krohnhagen\/"},{"@type":"ListItem","position":2,"name":"Forside"}]},{"@type":"WebSite","@id":"https:\/\/kirkensbymisjon.no\/tilbud-kafe-krohnhagen\/#website","url":"https:\/\/kirkensbymisjon.no\/tilbud-kafe-krohnhagen\/","name":"Kaf\u00e9 Krohnhagen","description":"","potentialAction":[{"@type":"SearchAction","target":{"@type":"EntryPoint","urlTemplate":"https:\/\/kirkensbymisjon.no\/tilbud-kafe-krohnhagen\/?s={search_term_string}"},"query-input":{"@type":"PropertyValueSpecification","valueRequired":true,"valueName":"search_term_string"}}],"inLanguage":"nb-NO"}]}},"_links":{"self":[{"href":"https:\/\/kirkensbymisjon.no\/tilbud-kafe-krohnhagen\/wp-json\/wp\/v2\/pages\/2","targetHints":{"allow":["GET"]}}],"collection":[{"href":"https:\/\/kirkensbymisjon.no\/tilbud-kafe-krohnhagen\/wp-json\/wp\/v2\/pages"}],"about":[{"href":"https:\/\/kirkensbymisjon.no\/tilbud-kafe-krohnhagen\/wp-json\/wp\/v2\/types\/page"}],"author":[{"embeddable":true,"href":"https:\/\/kirkensbymisjon.no\/tilbud-kafe-krohnhagen\/wp-json\/wp\/v2\/users\/1"}],"replies":[{"embeddable":true,"href":"https:\/\/kirkensbymisjon.no\/tilbud-kafe-krohnhagen\/wp-json\/wp\/v2\/comments?post=2"}],"version-history":[{"count":5,"href":"https:\/\/kirkensbymisjon.no\/tilbud-kafe-krohnhagen\/wp-json\/wp\/v2\/pages\/2\/revisions"}],"predecessor-version":[{"id":46,"href":"https:\/\/kirkensbymisjon.no\/tilbud-kafe-krohnhagen\/wp-json\/wp\/v2\/pages\/2\/revisions\/46"}],"wp:featuredmedia":[{"embeddable":true,"href":"https:\/\/kirkensbymisjon.no\/tilbud-kafe-krohnhagen\/wp-json\/wp\/v2\/media\/10"}],"wp:attachment":[{"href":"https:\/\/kirkensbymisjon.no\/tilbud-kafe-krohnhagen\/wp-json\/wp\/v2\/media?parent=2"}],"curies":[{"name":"wp","href":"https:\/\/api.w.org\/{rel}","templated":true}]}}