{"id":3,"date":"2024-06-18T12:50:57","date_gmt":"2024-06-18T10:50:57","guid":{"rendered":"https:\/\/kirkensbymisjon.no\/tilbud-kafe-torvet\/forside\/"},"modified":"2024-11-13T09:56:06","modified_gmt":"2024-11-13T08:56:06","slug":"forside","status":"publish","type":"page","link":"https:\/\/kirkensbymisjon.no\/tilbud-kafe-torvet\/","title":{"rendered":"Forside"},"content":{"rendered":"\n<p>Vi skaper gode m\u00f8teplasser for \u00e5 utvikle og styrke et inkluderende og godt lokalmilj\u00f8. Du finner v\u00e5r kaf\u00e9 p\u00e5 torvet i Arendal.<\/p>\n\n\n\n<p>Maten vi serverer er laget fra bunnen av. V\u00e5r kokk \u00c5shild lager alt man m\u00e5tte \u00f8nske, ogs\u00e5 retter som ikke st\u00e5r i menyen. <\/p>\n\n\n\n<h2 class=\"wp-block-heading\" id=\"h-i-tillegg-gjor-vi-dette\">I tillegg gj\u00f8r vi dette:<\/h2>\n\n\n\n<ul class=\"wp-block-list\">\n<li>Hver torsdag har vi \u00abSpis sammen\u00bb fra kl. 12.00\u201316.00 med middag og kaffe for 100 kroner. Dette kan ogs\u00e5 bestilles, slik at vi pakker det inn s\u00e5 du kan nyte maten hjemme.<\/li>\n\n\n\n<li>Catering med gode og spennende tilbud n\u00e5r noe skal feires p\u00e5 jobb eller privat. Her kan man bestille tapasmeny, sm\u00f8rbr\u00f8d, kaker m.m.<br><a href=\"https:\/\/kirkensbymisjon.no\/content\/uploads\/sites\/32\/2024\/10\/Tilbud_Kafe-Torvet_Catering-Meny-2024.pdf\" target=\"_blank\" rel=\"noreferrer noopener\">Se v\u00e5r cateringmeny<\/a>.<\/li>\n\n\n\n<li>Vi selger ogs\u00e5 forskjellige egenproduserte produkter. Eplesaft, gulrotchutney og honning for \u00e5 nevne noen. Dette er popul\u00e6re julegaver til b\u00e5de privatpersoner og bedrifter.<\/li>\n\n\n\n<li>Gjennom prosjektet \u00ab<a href=\"https:\/\/kirkensbymisjon.no\/tilbud-et-sted-a-hore-til\">Et sted \u00e5 h\u00f8re til<\/a>\u00bb f\u00e5r vi hjelp til praktisk arbeid av elever som f\u00e5r spr\u00e5ktrening.<\/li>\n\n\n\n<li>Vi leverer middag til <a href=\"https:\/\/kirkensbymisjon.no\/tilbud-kafeer-og-motesteder\/t5-senteret-arendal\/\">T5<\/a>, som er et m\u00f8tested for mennesker i aktiv rus.<\/li>\n\n\n\n<li>Vi samarbeider med <a href=\"\/tilbud-Enter-fritid\">Enter fritid<\/a> og holder bl.a. matkurs og skaper m\u00f8teplasser for mennesker med ulik bakgrunn. Enter fritid er et tilbud der tidligere innsatte f\u00e5r arbeidstrening. Vi arrangerer ogs\u00e5 treffsted for p\u00e5r\u00f8rende av innsatte, b\u00e5de voksne og barn.<\/li>\n<\/ul>\n","protected":false},"excerpt":{"rendered":"<p>Vi skaper gode m\u00f8teplasser for \u00e5 utvikle og styrke et inkluderende og godt lokalmilj\u00f8. Du&hellip;<\/p>\n","protected":false},"author":2,"featured_media":6,"parent":0,"menu_order":0,"comment_status":"closed","ping_status":"closed","template":"","meta":{"_relevanssi_hide_post":"","_relevanssi_hide_content":"","_relevanssi_pin_for_all":"","_relevanssi_pin_keywords":"","_relevanssi_unpin_keywords":"","_relevanssi_related_keywords":"","_relevanssi_related_include_ids":"","_relevanssi_related_exclude_ids":"","_relevanssi_related_no_append":"","_relevanssi_related_not_related":"","_relevanssi_related_posts":"1","_relevanssi_noindex_reason":"","editor_notices":[],"footnotes":""},"class_list":["post-3","page","type-page","status-publish","has-post-thumbnail","hentry"],"yoast_head":"<!-- This site is optimized with the Yoast SEO Premium plugin v27.2 (Yoast SEO v27.4) - https:\/\/yoast.com\/product\/yoast-seo-premium-wordpress\/ -->\n<title>Kirkens Bymisjon - Kaf\u00e9 Torvet<\/title>\n<meta name=\"description\" content=\"Et m\u00f8tested hvor du kan nyte et godt m\u00e5ltid, i fellesskap med andre og i koselige omgivelser.\" \/>\n<meta name=\"robots\" content=\"index, follow, max-snippet:-1, max-image-preview:large, max-video-preview:-1\" \/>\n<link rel=\"canonical\" href=\"https:\/\/kirkensbymisjon.no\/tilbud-kafe-torvet\/\" \/>\n<meta property=\"og:locale\" content=\"nb_NO\" \/>\n<meta property=\"og:type\" content=\"article\" \/>\n<meta property=\"og:title\" content=\"Kirkens Bymisjon - Kaf\u00e9 Torvet\" \/>\n<meta property=\"og:description\" content=\"Et m\u00f8tested hvor du kan nyte et godt m\u00e5ltid, i fellesskap med andre og i koselige omgivelser.\" \/>\n<meta property=\"og:url\" content=\"https:\/\/kirkensbymisjon.no\/tilbud-kafe-torvet\/\" \/>\n<meta property=\"og:site_name\" content=\"Kaf\u00e9 Torvet\" \/>\n<meta property=\"article:modified_time\" content=\"2024-11-13T08:56:06+00:00\" \/>\n<meta property=\"og:image\" content=\"https:\/\/kirkensbymisjon.no\/content\/uploads\/sites\/32\/2024\/06\/Tilbud_Kafe-Torvet_01.jpeg\" \/>\n\t<meta property=\"og:image:width\" content=\"1000\" \/>\n\t<meta property=\"og:image:height\" content=\"500\" \/>\n\t<meta property=\"og:image:type\" content=\"image\/jpeg\" \/>\n<meta name=\"twitter:card\" content=\"summary_large_image\" \/>\n<meta name=\"twitter:title\" content=\"Forside\" \/>\n<meta name=\"twitter:label1\" content=\"Ansl. lesetid\" \/>\n\t<meta name=\"twitter:data1\" content=\"2 minutter\" \/>\n<script type=\"application\/ld+json\" class=\"yoast-schema-graph\">{\"@context\":\"https:\\\/\\\/schema.org\",\"@graph\":[{\"@type\":\"WebPage\",\"@id\":\"https:\\\/\\\/kirkensbymisjon.no\\\/tilbud-kafe-torvet\\\/\",\"url\":\"https:\\\/\\\/kirkensbymisjon.no\\\/tilbud-kafe-torvet\\\/\",\"name\":\"Kirkens Bymisjon - Kaf\u00e9 Torvet\",\"isPartOf\":{\"@id\":\"https:\\\/\\\/kirkensbymisjon.no\\\/tilbud-kafe-torvet\\\/#website\"},\"primaryImageOfPage\":{\"@id\":\"https:\\\/\\\/kirkensbymisjon.no\\\/tilbud-kafe-torvet\\\/#primaryimage\"},\"image\":{\"@id\":\"https:\\\/\\\/kirkensbymisjon.no\\\/tilbud-kafe-torvet\\\/#primaryimage\"},\"thumbnailUrl\":\"https:\\\/\\\/kirkensbymisjon.no\\\/content\\\/uploads\\\/sites\\\/32\\\/2024\\\/06\\\/Tilbud_Kafe-Torvet_01.jpeg\",\"datePublished\":\"2024-06-18T10:50:57+00:00\",\"dateModified\":\"2024-11-13T08:56:06+00:00\",\"description\":\"Et m\u00f8tested hvor du kan nyte et godt m\u00e5ltid, i fellesskap med andre og i koselige omgivelser.\",\"breadcrumb\":{\"@id\":\"https:\\\/\\\/kirkensbymisjon.no\\\/tilbud-kafe-torvet\\\/#breadcrumb\"},\"inLanguage\":\"nb-NO\",\"potentialAction\":[{\"@type\":\"ReadAction\",\"target\":[\"https:\\\/\\\/kirkensbymisjon.no\\\/tilbud-kafe-torvet\\\/\"]}]},{\"@type\":\"ImageObject\",\"inLanguage\":\"nb-NO\",\"@id\":\"https:\\\/\\\/kirkensbymisjon.no\\\/tilbud-kafe-torvet\\\/#primaryimage\",\"url\":\"https:\\\/\\\/kirkensbymisjon.no\\\/content\\\/uploads\\\/sites\\\/32\\\/2024\\\/06\\\/Tilbud_Kafe-Torvet_01.jpeg\",\"contentUrl\":\"https:\\\/\\\/kirkensbymisjon.no\\\/content\\\/uploads\\\/sites\\\/32\\\/2024\\\/06\\\/Tilbud_Kafe-Torvet_01.jpeg\",\"width\":1000,\"height\":500,\"caption\":\"To medarbeidere bak disken i kafeen.\"},{\"@type\":\"BreadcrumbList\",\"@id\":\"https:\\\/\\\/kirkensbymisjon.no\\\/tilbud-kafe-torvet\\\/#breadcrumb\",\"itemListElement\":[{\"@type\":\"ListItem\",\"position\":1,\"name\":\"Hjem\",\"item\":\"https:\\\/\\\/kirkensbymisjon.no\\\/tilbud-kafe-torvet\\\/\"},{\"@type\":\"ListItem\",\"position\":2,\"name\":\"Forside\"}]},{\"@type\":\"WebSite\",\"@id\":\"https:\\\/\\\/kirkensbymisjon.no\\\/tilbud-kafe-torvet\\\/#website\",\"url\":\"https:\\\/\\\/kirkensbymisjon.no\\\/tilbud-kafe-torvet\\\/\",\"name\":\"Kaf\u00e9 Torvet\",\"description\":\"\",\"potentialAction\":[{\"@type\":\"SearchAction\",\"target\":{\"@type\":\"EntryPoint\",\"urlTemplate\":\"https:\\\/\\\/kirkensbymisjon.no\\\/tilbud-kafe-torvet\\\/?s={search_term_string}\"},\"query-input\":{\"@type\":\"PropertyValueSpecification\",\"valueRequired\":true,\"valueName\":\"search_term_string\"}}],\"inLanguage\":\"nb-NO\"}]}<\/script>\n<!-- \/ Yoast SEO Premium plugin. -->","yoast_head_json":{"title":"Kirkens Bymisjon - Kaf\u00e9 Torvet","description":"Et m\u00f8tested hvor du kan nyte et godt m\u00e5ltid, i fellesskap med andre og i koselige omgivelser.","robots":{"index":"index","follow":"follow","max-snippet":"max-snippet:-1","max-image-preview":"max-image-preview:large","max-video-preview":"max-video-preview:-1"},"canonical":"https:\/\/kirkensbymisjon.no\/tilbud-kafe-torvet\/","og_locale":"nb_NO","og_type":"article","og_title":"Kirkens Bymisjon - Kaf\u00e9 Torvet","og_description":"Et m\u00f8tested hvor du kan nyte et godt m\u00e5ltid, i fellesskap med andre og i koselige omgivelser.","og_url":"https:\/\/kirkensbymisjon.no\/tilbud-kafe-torvet\/","og_site_name":"Kaf\u00e9 Torvet","article_modified_time":"2024-11-13T08:56:06+00:00","og_image":[{"width":1000,"height":500,"url":"https:\/\/kirkensbymisjon.no\/content\/uploads\/sites\/32\/2024\/06\/Tilbud_Kafe-Torvet_01.jpeg","type":"image\/jpeg"}],"twitter_card":"summary_large_image","twitter_title":"Forside","twitter_misc":{"Ansl. lesetid":"2 minutter"},"schema":{"@context":"https:\/\/schema.org","@graph":[{"@type":"WebPage","@id":"https:\/\/kirkensbymisjon.no\/tilbud-kafe-torvet\/","url":"https:\/\/kirkensbymisjon.no\/tilbud-kafe-torvet\/","name":"Kirkens Bymisjon - Kaf\u00e9 Torvet","isPartOf":{"@id":"https:\/\/kirkensbymisjon.no\/tilbud-kafe-torvet\/#website"},"primaryImageOfPage":{"@id":"https:\/\/kirkensbymisjon.no\/tilbud-kafe-torvet\/#primaryimage"},"image":{"@id":"https:\/\/kirkensbymisjon.no\/tilbud-kafe-torvet\/#primaryimage"},"thumbnailUrl":"https:\/\/kirkensbymisjon.no\/content\/uploads\/sites\/32\/2024\/06\/Tilbud_Kafe-Torvet_01.jpeg","datePublished":"2024-06-18T10:50:57+00:00","dateModified":"2024-11-13T08:56:06+00:00","description":"Et m\u00f8tested hvor du kan nyte et godt m\u00e5ltid, i fellesskap med andre og i koselige omgivelser.","breadcrumb":{"@id":"https:\/\/kirkensbymisjon.no\/tilbud-kafe-torvet\/#breadcrumb"},"inLanguage":"nb-NO","potentialAction":[{"@type":"ReadAction","target":["https:\/\/kirkensbymisjon.no\/tilbud-kafe-torvet\/"]}]},{"@type":"ImageObject","inLanguage":"nb-NO","@id":"https:\/\/kirkensbymisjon.no\/tilbud-kafe-torvet\/#primaryimage","url":"https:\/\/kirkensbymisjon.no\/content\/uploads\/sites\/32\/2024\/06\/Tilbud_Kafe-Torvet_01.jpeg","contentUrl":"https:\/\/kirkensbymisjon.no\/content\/uploads\/sites\/32\/2024\/06\/Tilbud_Kafe-Torvet_01.jpeg","width":1000,"height":500,"caption":"To medarbeidere bak disken i kafeen."},{"@type":"BreadcrumbList","@id":"https:\/\/kirkensbymisjon.no\/tilbud-kafe-torvet\/#breadcrumb","itemListElement":[{"@type":"ListItem","position":1,"name":"Hjem","item":"https:\/\/kirkensbymisjon.no\/tilbud-kafe-torvet\/"},{"@type":"ListItem","position":2,"name":"Forside"}]},{"@type":"WebSite","@id":"https:\/\/kirkensbymisjon.no\/tilbud-kafe-torvet\/#website","url":"https:\/\/kirkensbymisjon.no\/tilbud-kafe-torvet\/","name":"Kaf\u00e9 Torvet","description":"","potentialAction":[{"@type":"SearchAction","target":{"@type":"EntryPoint","urlTemplate":"https:\/\/kirkensbymisjon.no\/tilbud-kafe-torvet\/?s={search_term_string}"},"query-input":{"@type":"PropertyValueSpecification","valueRequired":true,"valueName":"search_term_string"}}],"inLanguage":"nb-NO"}]}},"_links":{"self":[{"href":"https:\/\/kirkensbymisjon.no\/tilbud-kafe-torvet\/wp-json\/wp\/v2\/pages\/3","targetHints":{"allow":["GET"]}}],"collection":[{"href":"https:\/\/kirkensbymisjon.no\/tilbud-kafe-torvet\/wp-json\/wp\/v2\/pages"}],"about":[{"href":"https:\/\/kirkensbymisjon.no\/tilbud-kafe-torvet\/wp-json\/wp\/v2\/types\/page"}],"author":[{"embeddable":true,"href":"https:\/\/kirkensbymisjon.no\/tilbud-kafe-torvet\/wp-json\/wp\/v2\/users\/2"}],"replies":[{"embeddable":true,"href":"https:\/\/kirkensbymisjon.no\/tilbud-kafe-torvet\/wp-json\/wp\/v2\/comments?post=3"}],"version-history":[{"count":4,"href":"https:\/\/kirkensbymisjon.no\/tilbud-kafe-torvet\/wp-json\/wp\/v2\/pages\/3\/revisions"}],"predecessor-version":[{"id":51,"href":"https:\/\/kirkensbymisjon.no\/tilbud-kafe-torvet\/wp-json\/wp\/v2\/pages\/3\/revisions\/51"}],"wp:featuredmedia":[{"embeddable":true,"href":"https:\/\/kirkensbymisjon.no\/tilbud-kafe-torvet\/wp-json\/wp\/v2\/media\/6"}],"wp:attachment":[{"href":"https:\/\/kirkensbymisjon.no\/tilbud-kafe-torvet\/wp-json\/wp\/v2\/media?parent=3"}],"curies":[{"name":"wp","href":"https:\/\/api.w.org\/{rel}","templated":true}]}}