{"id":16,"date":"2024-08-14T09:44:35","date_gmt":"2024-08-14T07:44:35","guid":{"rendered":"https:\/\/kirkensbymisjon.no\/tilbud-kb-arbeid\/?page_id=16"},"modified":"2024-11-05T12:49:56","modified_gmt":"2024-11-05T11:49:56","slug":"om-kb-arbeid","status":"publish","type":"page","link":"https:\/\/kirkensbymisjon.no\/tilbud-kb-arbeid\/om-kb-arbeid\/","title":{"rendered":"Om KB arbeid"},"content":{"rendered":"\n<h2 class=\"wp-block-heading\" id=\"h-intern-og-ekstern-arbeidspraksis\">Intern og ekstern arbeidspraksis<\/h2>\n\n\n\n<ul class=\"wp-block-list\">\n<li>Vi samarbeider tett med NAV Buskerud, NAV Drammen, Drammen DPS og Ringerike DPS. P\u00e5 oppdrag fra NAV tilbyr vi tiltakene;<br><strong>Arbeidsforberedende trening<\/strong> (AFT) og <strong>Individuell jobbst\u00f8tte<\/strong> (IPS).<\/li>\n\n\n\n<li>Hver enkelt deltaker f\u00e5r hjelp til \u00e5 avklare sine jobb\u00f8nsker gjennom karriereveiledning og en individuell plan for hvordan vi sammen skal n\u00e5 m\u00e5let om jobb. For \u00e5 lykkes med \u00e5 komme i jobb bruker vi ofte arbeidspraksis enten internt eller i eksterne, ordin\u00e6re bedrifter.<\/li>\n\n\n\n<li>Internt kan vi tilby arbeidspraksis p\u00e5 tiltak som&nbsp;<a href=\"\/tilbud-bruktbutikk\">Bruktbutikken<\/a>,&nbsp;<a href=\"\/tilbud-aktivitetskafe\">Aktivitetskafeen<\/a>&nbsp;\u2013 kj\u00f8kken og&nbsp;<a href=\"\/tilbud-vaktmestertjenesten\">Vaktmestertjenesten<\/a>.<\/li>\n\n\n\n<li>Der v\u00e5r oppdragsgiver bestiller ordin\u00e6rt arbeid er dette v\u00e5rt hovedfokus. V\u00e5re arbeidsveiledere samarbeider da aktivt med arbeidsgivere for \u00e5 skape flest mulig av v\u00e5re deltakere jobbmuligheter innen et bredt bransjespekter, som\u00a0for eksempel bilverksted, varehandel, barnehager og annet. <br><br><strong>Noen av v\u00e5re gode samarbeidsbedrifter er<\/strong>;<br><a href=\"https:\/\/albjerk.no\/\">Albjerk Bil<\/a><br><a href=\"https:\/\/www.aulie.no\/\">Aulie Lompebakeri<\/a><br><a href=\"https:\/\/www.europris.no\/\">Europris<\/a><br><a href=\"https:\/\/okkjemi.no\/\">OK Kjemi<\/a><br><a href=\"https:\/\/www.rusta.com\/nb-no\">RUSTA<\/a><br><a href=\"https:\/\/www.bauhaus.no\/\">Bauhaus<\/a><\/li>\n<\/ul>\n\n\n\n<h2 class=\"wp-block-heading\" id=\"h-var-fagkompetanse\">V\u00e5r fagkompetanse<\/h2>\n\n\n\n<ul class=\"wp-block-list\">\n<li>V\u00e5re ansatte har kurs i karriereveiledning og Motiverende Intervju(MI). Flere av v\u00e5re ansatte har i tillegg lang erfaring og utdanning innen rus, psykiatri og psykisk helsearbeid samt i \u00e5 jobbe med mennesker med ulike behov.<\/li>\n\n\n\n<li>I v\u00e5r avdeling har vi ogs\u00e5 ansatte med lang erfaring fra salg, medier og kommunikasjon, ledelse, offentlig sektor og privat n\u00e6ringsliv. Sammen kjenner vi b\u00e5de det psykiske helsefeltet og n\u00e6ringslivet godt!<\/li>\n<\/ul>\n\n\n<div class=\"t2-accordion wp-block-t2-accordion\" data-allow-multiple=\"1\" role=\"list\">\n<div class=\"t2-accordion-item wp-block-t2-accordion-item\" role=\"listitem\">\n\t\t\t<h2 class=\"t2-accordion-title\">\n\t\t\t\t<button type=\"button\" class=\"t2-accordion-trigger\" id=\"her-kan-du-lese-mer-om-metodikken-vi-bruker-i-arbeidet-v\u00e5rt\" aria-controls=\"accordion-panel\" aria-expanded=\"false\">\n\t\t\t\t\tHer kan du lese mer om metodikken vi bruker i arbeidet v\u00e5rt\n\t\t\t\t\t<span class=\"t2-accordion-icon is-closed-icon\"><svg xmlns=\"http:\/\/www.w3.org\/2000\/svg\" viewBox=\"0 0 24 24\" height=\"24\" width=\"24\" class=\"t2-icon t2-icon-plus\" aria-hidden=\"true\" focusable=\"false\"><path d=\"M11.8 5.037a1.088 1.088 0 0 0-.722.566c-.075.148-.078.25-.078 2.772v2.619l-2.61.016c-1.867.012-2.652.03-2.756.064-.168.055-.438.301-.54.494-.049.092-.07.223-.07.432 0 .34.054.476.282.704.289.289.14.275 3.064.288l2.63.012v2.619c0 2.544.002 2.625.08 2.778.191.372.516.577.92.577s.729-.205.92-.577c.078-.153.08-.234.08-2.778v-2.619l2.63-.012c2.924-.013 2.775.001 3.064-.288.228-.228.282-.364.282-.704 0-.209-.021-.34-.07-.432-.102-.193-.372-.439-.54-.494-.104-.034-.889-.052-2.756-.064L13 10.994V8.375c0-2.522-.003-2.624-.078-2.772-.214-.418-.685-.656-1.122-.566\"\/><\/svg><\/span>\n\t\t\t\t\t<span class=\"t2-accordion-icon is-open-icon\"><svg xmlns=\"http:\/\/www.w3.org\/2000\/svg\" viewBox=\"0 0 24 24\" height=\"24\" width=\"24\" class=\"t2-icon t2-icon-chevronup\" aria-hidden=\"true\" focusable=\"false\"><path d=\"M6.7 14.7c-.2-.2-.3-.4-.3-.7s.1-.5.3-.7l4.6-4.6c.1-.1.2-.2.3-.2.1 0 .2-.1.4-.1.1 0 .3 0 .4.1.1 0 .2.1.3.2l4.6 4.6c.2.2.3.4.3.7s-.1.5-.3.7c-.2.2-.4.3-.7.3s-.5-.1-.7-.3L12 10.8l-3.9 3.9c-.2.2-.4.3-.7.3s-.5-.1-.7-.3z\" fill=\"currentColor\" \/><\/svg><\/span>\n\t\t\t\t<\/button>\n\t\t\t<\/h2>\n\t\t\t<div class=\"t2-accordion-item__inner-container is-layout-flow\" id=\"accordion-panel\" aria-labelledby=\"her-kan-du-lese-mer-om-metodikken-vi-bruker-i-arbeidet-v\u00e5rt\" role=\"region\" hidden>\n\t\t\t\t\n\n<ul class=\"wp-block-list\">\n<li><a href=\"https:\/\/www.nav.no\/arbeidsforberedende-trening\" target=\"_blank\" rel=\"noreferrer noopener\">Arbeidsforberedende trening<\/a><\/li>\n\n\n\n<li><a href=\"https:\/\/www.nav.no\/ips\" target=\"_blank\" rel=\"noreferrer noopener\">Individuell jobbst\u00f8tte (IPS)<\/a><\/li>\n\n\n\n<li><a href=\"https:\/\/www.napha.no\/search\/?pageNumber=0&amp;q=ips\" target=\"_blank\" rel=\"noreferrer noopener\">Nasjonalt kompetansesenter for psykisk helsearbeid har publisert mange artikler om IPS<\/a><\/li>\n\n\n\n<li><a href=\"https:\/\/ipsworks.org\/\" target=\"_blank\" rel=\"noreferrer noopener\">IPS Employment Center er et oppl\u00e6rings- og forskningssenter som er aktuelt for alle som tilbyr eller bruker IPS<\/a><\/li>\n<\/ul>\n\n\n\t\t\t<\/div>\n\t\t<\/div>\n<\/div>","protected":false},"excerpt":{"rendered":"<p>Intern og ekstern arbeidspraksis V\u00e5r fagkompetanse<\/p>\n","protected":false},"author":5,"featured_media":0,"parent":0,"menu_order":0,"comment_status":"closed","ping_status":"closed","template":"","meta":{"_relevanssi_hide_post":"","_relevanssi_hide_content":"","_relevanssi_pin_for_all":"","_relevanssi_pin_keywords":"","_relevanssi_unpin_keywords":"","_relevanssi_related_keywords":"","_relevanssi_related_include_ids":"","_relevanssi_related_exclude_ids":"","_relevanssi_related_no_append":"","_relevanssi_related_not_related":"","_relevanssi_related_posts":"1","_relevanssi_noindex_reason":"","editor_notices":[],"footnotes":""},"class_list":["post-16","page","type-page","status-publish","hentry"],"yoast_head":"<!-- This site is optimized with the Yoast SEO Premium plugin v27.2 (Yoast SEO v27.2) - https:\/\/yoast.com\/product\/yoast-seo-premium-wordpress\/ -->\n<title>Om KB arbeid - KB arbeid<\/title>\n<meta name=\"robots\" content=\"index, follow, max-snippet:-1, max-image-preview:large, max-video-preview:-1\" \/>\n<link rel=\"canonical\" href=\"https:\/\/kirkensbymisjon.no\/tilbud-kb-arbeid\/om-kb-arbeid\/\" \/>\n<meta property=\"og:locale\" content=\"nb_NO\" \/>\n<meta property=\"og:type\" content=\"article\" \/>\n<meta property=\"og:title\" content=\"Om KB arbeid\" \/>\n<meta property=\"og:description\" content=\"Intern og ekstern arbeidspraksis V\u00e5r fagkompetanse\" \/>\n<meta property=\"og:url\" content=\"https:\/\/kirkensbymisjon.no\/tilbud-kb-arbeid\/om-kb-arbeid\/\" \/>\n<meta property=\"og:site_name\" content=\"KB arbeid\" \/>\n<meta property=\"article:modified_time\" content=\"2024-11-05T11:49:56+00:00\" \/>\n<meta name=\"twitter:card\" content=\"summary_large_image\" \/>\n<meta name=\"twitter:label1\" content=\"Ansl. lesetid\" \/>\n\t<meta name=\"twitter:data1\" content=\"2 minutter\" \/>\n<script type=\"application\/ld+json\" class=\"yoast-schema-graph\">{\"@context\":\"https:\/\/schema.org\",\"@graph\":[{\"@type\":\"WebPage\",\"@id\":\"https:\/\/kirkensbymisjon.no\/tilbud-kb-arbeid\/om-kb-arbeid\/\",\"url\":\"https:\/\/kirkensbymisjon.no\/tilbud-kb-arbeid\/om-kb-arbeid\/\",\"name\":\"Om KB arbeid - KB arbeid\",\"isPartOf\":{\"@id\":\"https:\/\/kirkensbymisjon.no\/tilbud-kb-arbeid\/#website\"},\"datePublished\":\"2024-08-14T07:44:35+00:00\",\"dateModified\":\"2024-11-05T11:49:56+00:00\",\"breadcrumb\":{\"@id\":\"https:\/\/kirkensbymisjon.no\/tilbud-kb-arbeid\/om-kb-arbeid\/#breadcrumb\"},\"inLanguage\":\"nb-NO\",\"potentialAction\":[{\"@type\":\"ReadAction\",\"target\":[\"https:\/\/kirkensbymisjon.no\/tilbud-kb-arbeid\/om-kb-arbeid\/\"]}]},{\"@type\":\"BreadcrumbList\",\"@id\":\"https:\/\/kirkensbymisjon.no\/tilbud-kb-arbeid\/om-kb-arbeid\/#breadcrumb\",\"itemListElement\":[{\"@type\":\"ListItem\",\"position\":1,\"name\":\"Hjem\",\"item\":\"https:\/\/kirkensbymisjon.no\/tilbud-kb-arbeid\/\"},{\"@type\":\"ListItem\",\"position\":2,\"name\":\"Om KB arbeid\"}]},{\"@type\":\"WebSite\",\"@id\":\"https:\/\/kirkensbymisjon.no\/tilbud-kb-arbeid\/#website\",\"url\":\"https:\/\/kirkensbymisjon.no\/tilbud-kb-arbeid\/\",\"name\":\"KB arbeid\",\"description\":\"\",\"potentialAction\":[{\"@type\":\"SearchAction\",\"target\":{\"@type\":\"EntryPoint\",\"urlTemplate\":\"https:\/\/kirkensbymisjon.no\/tilbud-kb-arbeid\/?s={search_term_string}\"},\"query-input\":{\"@type\":\"PropertyValueSpecification\",\"valueRequired\":true,\"valueName\":\"search_term_string\"}}],\"inLanguage\":\"nb-NO\"}]}<\/script>\n<!-- \/ Yoast SEO Premium plugin. -->","yoast_head_json":{"title":"Om KB arbeid - KB arbeid","robots":{"index":"index","follow":"follow","max-snippet":"max-snippet:-1","max-image-preview":"max-image-preview:large","max-video-preview":"max-video-preview:-1"},"canonical":"https:\/\/kirkensbymisjon.no\/tilbud-kb-arbeid\/om-kb-arbeid\/","og_locale":"nb_NO","og_type":"article","og_title":"Om KB arbeid","og_description":"Intern og ekstern arbeidspraksis V\u00e5r fagkompetanse","og_url":"https:\/\/kirkensbymisjon.no\/tilbud-kb-arbeid\/om-kb-arbeid\/","og_site_name":"KB arbeid","article_modified_time":"2024-11-05T11:49:56+00:00","twitter_card":"summary_large_image","twitter_misc":{"Ansl. lesetid":"2 minutter"},"schema":{"@context":"https:\/\/schema.org","@graph":[{"@type":"WebPage","@id":"https:\/\/kirkensbymisjon.no\/tilbud-kb-arbeid\/om-kb-arbeid\/","url":"https:\/\/kirkensbymisjon.no\/tilbud-kb-arbeid\/om-kb-arbeid\/","name":"Om KB arbeid - KB arbeid","isPartOf":{"@id":"https:\/\/kirkensbymisjon.no\/tilbud-kb-arbeid\/#website"},"datePublished":"2024-08-14T07:44:35+00:00","dateModified":"2024-11-05T11:49:56+00:00","breadcrumb":{"@id":"https:\/\/kirkensbymisjon.no\/tilbud-kb-arbeid\/om-kb-arbeid\/#breadcrumb"},"inLanguage":"nb-NO","potentialAction":[{"@type":"ReadAction","target":["https:\/\/kirkensbymisjon.no\/tilbud-kb-arbeid\/om-kb-arbeid\/"]}]},{"@type":"BreadcrumbList","@id":"https:\/\/kirkensbymisjon.no\/tilbud-kb-arbeid\/om-kb-arbeid\/#breadcrumb","itemListElement":[{"@type":"ListItem","position":1,"name":"Hjem","item":"https:\/\/kirkensbymisjon.no\/tilbud-kb-arbeid\/"},{"@type":"ListItem","position":2,"name":"Om KB arbeid"}]},{"@type":"WebSite","@id":"https:\/\/kirkensbymisjon.no\/tilbud-kb-arbeid\/#website","url":"https:\/\/kirkensbymisjon.no\/tilbud-kb-arbeid\/","name":"KB arbeid","description":"","potentialAction":[{"@type":"SearchAction","target":{"@type":"EntryPoint","urlTemplate":"https:\/\/kirkensbymisjon.no\/tilbud-kb-arbeid\/?s={search_term_string}"},"query-input":{"@type":"PropertyValueSpecification","valueRequired":true,"valueName":"search_term_string"}}],"inLanguage":"nb-NO"}]}},"_links":{"self":[{"href":"https:\/\/kirkensbymisjon.no\/tilbud-kb-arbeid\/wp-json\/wp\/v2\/pages\/16","targetHints":{"allow":["GET"]}}],"collection":[{"href":"https:\/\/kirkensbymisjon.no\/tilbud-kb-arbeid\/wp-json\/wp\/v2\/pages"}],"about":[{"href":"https:\/\/kirkensbymisjon.no\/tilbud-kb-arbeid\/wp-json\/wp\/v2\/types\/page"}],"author":[{"embeddable":true,"href":"https:\/\/kirkensbymisjon.no\/tilbud-kb-arbeid\/wp-json\/wp\/v2\/users\/5"}],"replies":[{"embeddable":true,"href":"https:\/\/kirkensbymisjon.no\/tilbud-kb-arbeid\/wp-json\/wp\/v2\/comments?post=16"}],"version-history":[{"count":5,"href":"https:\/\/kirkensbymisjon.no\/tilbud-kb-arbeid\/wp-json\/wp\/v2\/pages\/16\/revisions"}],"predecessor-version":[{"id":103,"href":"https:\/\/kirkensbymisjon.no\/tilbud-kb-arbeid\/wp-json\/wp\/v2\/pages\/16\/revisions\/103"}],"wp:attachment":[{"href":"https:\/\/kirkensbymisjon.no\/tilbud-kb-arbeid\/wp-json\/wp\/v2\/media?parent=16"}],"curies":[{"name":"wp","href":"https:\/\/api.w.org\/{rel}","templated":true}]}}