{"id":20,"date":"2024-08-14T10:11:14","date_gmt":"2024-08-14T08:11:14","guid":{"rendered":"https:\/\/kirkensbymisjon.no\/tilbud-kb-arbeid\/?page_id=20"},"modified":"2024-09-06T19:33:54","modified_gmt":"2024-09-06T17:33:54","slug":"bli-deltaker","status":"publish","type":"page","link":"https:\/\/kirkensbymisjon.no\/tilbud-kb-arbeid\/bli-deltaker\/","title":{"rendered":"Bli deltaker"},"content":{"rendered":"\n<p>V\u00e5rt m\u00e5l er at du som deltaker skal finne og utvikle din arbeidskompetanse og p\u00e5 sikt finne en jobb du vil trives med. Vi tilbyr individuell oppf\u00f8lging ut i arbeidslivet.<\/p>\n\n\n\n<p>For at du skal finne en jobb du vil trives med, tilbyr vi p\u00e5 oppdrag fra NAV tiltakene Arbeidsforberedende trening (AFT) og Individuell jobbst\u00f8tte (IPS). Arbeidsforberedende trening er et tiltak for deg som har behov for \u00e5 jobbe i et tilrettelagt arbeidsmilj\u00f8 for en periode, f\u00f8r du g\u00e5r over i ordin\u00e6r jobb.<\/p>\n\n\n\n<p>Med Individuell jobbst\u00f8tte gir vi oppf\u00f8lging til deg som har psykiske helseutfordringer, eller har utfordringer knyttet til rus, og som trenger st\u00f8tte for \u00e5 komme inn i og beholde ordin\u00e6rt arbeid.<\/p>\n\n\n\n<h2 class=\"wp-block-heading\" id=\"h-onsker-du-a-bli-en-av-vare-deltakere\">\u00d8nsker du \u00e5 bli en av v\u00e5re deltakere?<\/h2>\n\n\n\n<p>For \u00e5 starte i v\u00e5re tiltak m\u00e5 du snakke med NAV som s\u00f8ker deg inn hit. Vi vil da innkalle deg til en samtale. Ta gjerne kontakt med v\u00e5r teamleder eller avdelingsleder for \u00e5 vite mer om tiltaket eller be om \u00e5 f\u00e5 en omvisning.<\/p>\n\n\n<div class=\"t2-accordion wp-block-t2-accordion\" data-allow-multiple=\"1\" role=\"list\">\n<div class=\"t2-accordion-item wp-block-t2-accordion-item\" role=\"listitem\">\n\t\t\t<h2 class=\"t2-accordion-title\">\n\t\t\t\t<button type=\"button\" class=\"t2-accordion-trigger\" id=\"arbeidsforberedende-trening\" aria-controls=\"accordion-panel\" aria-expanded=\"false\">\n\t\t\t\t\tArbeidsforberedende trening\n\t\t\t\t\t<span class=\"t2-accordion-icon is-closed-icon\"><svg xmlns=\"http:\/\/www.w3.org\/2000\/svg\" viewBox=\"0 0 24 24\" height=\"24\" width=\"24\" class=\"t2-icon t2-icon-plus\" aria-hidden=\"true\" focusable=\"false\"><path d=\"M11.8 5.037a1.088 1.088 0 0 0-.722.566c-.075.148-.078.25-.078 2.772v2.619l-2.61.016c-1.867.012-2.652.03-2.756.064-.168.055-.438.301-.54.494-.049.092-.07.223-.07.432 0 .34.054.476.282.704.289.289.14.275 3.064.288l2.63.012v2.619c0 2.544.002 2.625.08 2.778.191.372.516.577.92.577s.729-.205.92-.577c.078-.153.08-.234.08-2.778v-2.619l2.63-.012c2.924-.013 2.775.001 3.064-.288.228-.228.282-.364.282-.704 0-.209-.021-.34-.07-.432-.102-.193-.372-.439-.54-.494-.104-.034-.889-.052-2.756-.064L13 10.994V8.375c0-2.522-.003-2.624-.078-2.772-.214-.418-.685-.656-1.122-.566\"\/><\/svg><\/span>\n\t\t\t\t\t<span class=\"t2-accordion-icon is-open-icon\"><svg xmlns=\"http:\/\/www.w3.org\/2000\/svg\" viewBox=\"0 0 24 24\" height=\"24\" width=\"24\" class=\"t2-icon t2-icon-chevronup\" aria-hidden=\"true\" focusable=\"false\"><path d=\"M6.7 14.7c-.2-.2-.3-.4-.3-.7s.1-.5.3-.7l4.6-4.6c.1-.1.2-.2.3-.2.1 0 .2-.1.4-.1.1 0 .3 0 .4.1.1 0 .2.1.3.2l4.6 4.6c.2.2.3.4.3.7s-.1.5-.3.7c-.2.2-.4.3-.7.3s-.5-.1-.7-.3L12 10.8l-3.9 3.9c-.2.2-.4.3-.7.3s-.5-.1-.7-.3z\" fill=\"currentColor\" \/><\/svg><\/span>\n\t\t\t\t<\/button>\n\t\t\t<\/h2>\n\t\t\t<div class=\"t2-accordion-item__inner-container is-layout-flow\" id=\"accordion-panel\" aria-labelledby=\"arbeidsforberedende-trening\" role=\"region\" hidden>\n\t\t\t\t\n\n<ul class=\"wp-block-list\">\n<li>Kartlegge dine behov, ressurser og muligheter.<\/li>\n\n\n\n<li>F\u00e5 veiledning innen ulike karriereretninger.<\/li>\n\n\n\n<li>Delta i arbeidspraksis p\u00e5 interne og eksterne praksisplasser.<\/li>\n\n\n\n<li>F\u00f8lges tett av en fast kontaktperson gjennom hele tiltaket.<\/li>\n\n\n\n<li>F\u00e5 gratis frokost og lunsj hver dag.<\/li>\n\n\n\n<li>Ha mulighet til \u00e5 delta p\u00e5 fellesaktiviteter i regi av Kirkens Bymisjon.<\/li>\n<\/ul>\n\n\n\n<p>Som deltaker p\u00e5 Arbeidsforberedende trening vil du bli kartlagt og f\u00e5 tilbud om karriereveiledning. Vi bruker anerkjente karriereverkt\u00f8y som &#8216;Work Interest Explorer&#8217; og <a href=\"https:\/\/www.arbeidoginkludering.no\/jobpics\/\" target=\"_blank\" rel=\"noreferrer noopener\">Jobpics<\/a> som er et bildebasert karriereverkt\u00f8y. Kartleggingen tar sikte p\u00e5 \u00e5 finne dine interesser og muligheter. Med utgangspunkt i kartleggingen jobber vi s\u00e5 med \u00e5 finne det som skal bli riktig arbeidssted for deg.<\/p>\n\n\n\n<p>Blant v\u00e5re interne tiltak har vi arbeidsoppgaver som favner alt fra m\u00f8blering av boliger og innkj\u00f8p for bosetting av flyktninger, til drift av kantine og ulike vaktmesteroppgaver.<\/p>\n\n\n\n<p>\u00d8nsker du deg heller arbeidspraksis i ordin\u00e6rt arbeid pr\u00f8ver vi sammen med deg \u00e5 finne aktuelle arbeidsgivere.<\/p>\n\n\n\t\t\t<\/div>\n\t\t<\/div>\n\n<div class=\"t2-accordion-item wp-block-t2-accordion-item\" role=\"listitem\">\n\t\t\t<h2 class=\"t2-accordion-title\">\n\t\t\t\t<button type=\"button\" class=\"t2-accordion-trigger\" id=\"ips-(individuell-jobbst\u00f8tte)\" aria-controls=\"accordion-panel-1\" aria-expanded=\"false\">\n\t\t\t\t\tIPS (Individuell jobbst\u00f8tte)\n\t\t\t\t\t<span class=\"t2-accordion-icon is-closed-icon\"><svg xmlns=\"http:\/\/www.w3.org\/2000\/svg\" viewBox=\"0 0 24 24\" height=\"24\" width=\"24\" class=\"t2-icon t2-icon-plus\" aria-hidden=\"true\" focusable=\"false\"><path d=\"M11.8 5.037a1.088 1.088 0 0 0-.722.566c-.075.148-.078.25-.078 2.772v2.619l-2.61.016c-1.867.012-2.652.03-2.756.064-.168.055-.438.301-.54.494-.049.092-.07.223-.07.432 0 .34.054.476.282.704.289.289.14.275 3.064.288l2.63.012v2.619c0 2.544.002 2.625.08 2.778.191.372.516.577.92.577s.729-.205.92-.577c.078-.153.08-.234.08-2.778v-2.619l2.63-.012c2.924-.013 2.775.001 3.064-.288.228-.228.282-.364.282-.704 0-.209-.021-.34-.07-.432-.102-.193-.372-.439-.54-.494-.104-.034-.889-.052-2.756-.064L13 10.994V8.375c0-2.522-.003-2.624-.078-2.772-.214-.418-.685-.656-1.122-.566\"\/><\/svg><\/span>\n\t\t\t\t\t<span class=\"t2-accordion-icon is-open-icon\"><svg xmlns=\"http:\/\/www.w3.org\/2000\/svg\" viewBox=\"0 0 24 24\" height=\"24\" width=\"24\" class=\"t2-icon t2-icon-chevronup\" aria-hidden=\"true\" focusable=\"false\"><path d=\"M6.7 14.7c-.2-.2-.3-.4-.3-.7s.1-.5.3-.7l4.6-4.6c.1-.1.2-.2.3-.2.1 0 .2-.1.4-.1.1 0 .3 0 .4.1.1 0 .2.1.3.2l4.6 4.6c.2.2.3.4.3.7s-.1.5-.3.7c-.2.2-.4.3-.7.3s-.5-.1-.7-.3L12 10.8l-3.9 3.9c-.2.2-.4.3-.7.3s-.5-.1-.7-.3z\" fill=\"currentColor\" \/><\/svg><\/span>\n\t\t\t\t<\/button>\n\t\t\t<\/h2>\n\t\t\t<div class=\"t2-accordion-item__inner-container is-layout-flow\" id=\"accordion-panel-1\" aria-labelledby=\"ips-(individuell-jobbst\u00f8tte)\" role=\"region\" hidden>\n\t\t\t\t\n\n<ul class=\"wp-block-list\">\n<li>Hjelp til \u00e5 skaffe jobb eller bistand til \u00e5 beholde en jobb man allerede har.<\/li>\n\n\n\n<li>Vi skal v\u00e6re gode p\u00e5 jobbmatch slik at det er en tydelig sammenheng mellom det du \u00f8nsker \u00e5 jobbe med og de jobbene vi finner.<\/li>\n\n\n\n<li>Vi tilbyr st\u00f8tte til b\u00e5de arbeidstaker og arbeidsgiver s\u00e5 lenge minst en av partene \u00f8nsker det.<\/li>\n<\/ul>\n\n\n\n<p><strong>Fortl\u00f8pende karriereveiledning og jobbst\u00f8tte<\/strong><br><a href=\"https:\/\/kirkensbymisjon.no\/kb-arbeid\/hva-vi-tilbyr\/#\"><\/a>Noen trenger hjelp til \u00e5 finne den jobben de skal ha i mange \u00e5r fremover. Andre trenger \u00e5 starte med en jobb som kan \u00e5pne flere d\u00f8rer p\u00e5 arbeidsmarkedet. Noen vil jobbe i en redusert stilling og andre \u00f8nsker \u00e5 jobbe fullt \u2013 mulighetene er mange og jobbst\u00f8tten er individuelt tilpasset. Vi bruker karriereveiledningsverkt\u00f8y og gir oppl\u00e6ring og veiledning i s\u00f8knads- og CV-skriving for de som \u00f8nsker eller trenger det.<\/p>\n\n\n\t\t\t<\/div>\n\t\t<\/div>\n\n<div class=\"t2-accordion-item wp-block-t2-accordion-item\" role=\"listitem\">\n\t\t\t<h2 class=\"t2-accordion-title\">\n\t\t\t\t<button type=\"button\" class=\"t2-accordion-trigger\" id=\"en-helhetlig-og-sammenhengende-tjeneste\" aria-controls=\"accordion-panel-2\" aria-expanded=\"false\">\n\t\t\t\t\tEn helhetlig og sammenhengende tjeneste\n\t\t\t\t\t<span class=\"t2-accordion-icon is-closed-icon\"><svg xmlns=\"http:\/\/www.w3.org\/2000\/svg\" viewBox=\"0 0 24 24\" height=\"24\" width=\"24\" class=\"t2-icon t2-icon-plus\" aria-hidden=\"true\" focusable=\"false\"><path d=\"M11.8 5.037a1.088 1.088 0 0 0-.722.566c-.075.148-.078.25-.078 2.772v2.619l-2.61.016c-1.867.012-2.652.03-2.756.064-.168.055-.438.301-.54.494-.049.092-.07.223-.07.432 0 .34.054.476.282.704.289.289.14.275 3.064.288l2.63.012v2.619c0 2.544.002 2.625.08 2.778.191.372.516.577.92.577s.729-.205.92-.577c.078-.153.08-.234.08-2.778v-2.619l2.63-.012c2.924-.013 2.775.001 3.064-.288.228-.228.282-.364.282-.704 0-.209-.021-.34-.07-.432-.102-.193-.372-.439-.54-.494-.104-.034-.889-.052-2.756-.064L13 10.994V8.375c0-2.522-.003-2.624-.078-2.772-.214-.418-.685-.656-1.122-.566\"\/><\/svg><\/span>\n\t\t\t\t\t<span class=\"t2-accordion-icon is-open-icon\"><svg xmlns=\"http:\/\/www.w3.org\/2000\/svg\" viewBox=\"0 0 24 24\" height=\"24\" width=\"24\" class=\"t2-icon t2-icon-chevronup\" aria-hidden=\"true\" focusable=\"false\"><path d=\"M6.7 14.7c-.2-.2-.3-.4-.3-.7s.1-.5.3-.7l4.6-4.6c.1-.1.2-.2.3-.2.1 0 .2-.1.4-.1.1 0 .3 0 .4.1.1 0 .2.1.3.2l4.6 4.6c.2.2.3.4.3.7s-.1.5-.3.7c-.2.2-.4.3-.7.3s-.5-.1-.7-.3L12 10.8l-3.9 3.9c-.2.2-.4.3-.7.3s-.5-.1-.7-.3z\" fill=\"currentColor\" \/><\/svg><\/span>\n\t\t\t\t<\/button>\n\t\t\t<\/h2>\n\t\t\t<div class=\"t2-accordion-item__inner-container is-layout-flow\" id=\"accordion-panel-2\" aria-labelledby=\"en-helhetlig-og-sammenhengende-tjeneste\" role=\"region\" hidden>\n\t\t\t\t\n\n<p>IPS er en koordinert tjeneste mellom helsevesen, NAV og arbeidstiltaket slik at jobbst\u00f8tte og behandling foreg\u00e5r samtidig.<\/p>\n\n\n\n<p>F\u00f8r tenkte mange at man m\u00e5tte bli frisk f\u00f8rst \u2013 og s\u00e5 kunne man jobbe. IPS snur dette p\u00e5 hodet. Jobb og behandling samtidig gir bedre resultater.<\/p>\n\n\n\t\t\t<\/div>\n\t\t<\/div>\n\n<div class=\"t2-accordion-item wp-block-t2-accordion-item\" role=\"listitem\">\n\t\t\t<h2 class=\"t2-accordion-title\">\n\t\t\t\t<button type=\"button\" class=\"t2-accordion-trigger\" id=\"fellesaktiviteter\" aria-controls=\"accordion-panel-3\" aria-expanded=\"false\">\n\t\t\t\t\tFellesaktiviteter\n\t\t\t\t\t<span class=\"t2-accordion-icon is-closed-icon\"><svg xmlns=\"http:\/\/www.w3.org\/2000\/svg\" viewBox=\"0 0 24 24\" height=\"24\" width=\"24\" class=\"t2-icon t2-icon-plus\" aria-hidden=\"true\" focusable=\"false\"><path d=\"M11.8 5.037a1.088 1.088 0 0 0-.722.566c-.075.148-.078.25-.078 2.772v2.619l-2.61.016c-1.867.012-2.652.03-2.756.064-.168.055-.438.301-.54.494-.049.092-.07.223-.07.432 0 .34.054.476.282.704.289.289.14.275 3.064.288l2.63.012v2.619c0 2.544.002 2.625.08 2.778.191.372.516.577.92.577s.729-.205.92-.577c.078-.153.08-.234.08-2.778v-2.619l2.63-.012c2.924-.013 2.775.001 3.064-.288.228-.228.282-.364.282-.704 0-.209-.021-.34-.07-.432-.102-.193-.372-.439-.54-.494-.104-.034-.889-.052-2.756-.064L13 10.994V8.375c0-2.522-.003-2.624-.078-2.772-.214-.418-.685-.656-1.122-.566\"\/><\/svg><\/span>\n\t\t\t\t\t<span class=\"t2-accordion-icon is-open-icon\"><svg xmlns=\"http:\/\/www.w3.org\/2000\/svg\" viewBox=\"0 0 24 24\" height=\"24\" width=\"24\" class=\"t2-icon t2-icon-chevronup\" aria-hidden=\"true\" focusable=\"false\"><path d=\"M6.7 14.7c-.2-.2-.3-.4-.3-.7s.1-.5.3-.7l4.6-4.6c.1-.1.2-.2.3-.2.1 0 .2-.1.4-.1.1 0 .3 0 .4.1.1 0 .2.1.3.2l4.6 4.6c.2.2.3.4.3.7s-.1.5-.3.7c-.2.2-.4.3-.7.3s-.5-.1-.7-.3L12 10.8l-3.9 3.9c-.2.2-.4.3-.7.3s-.5-.1-.7-.3z\" fill=\"currentColor\" \/><\/svg><\/span>\n\t\t\t\t<\/button>\n\t\t\t<\/h2>\n\t\t\t<div class=\"t2-accordion-item__inner-container is-layout-flow\" id=\"accordion-panel-3\" aria-labelledby=\"fellesaktiviteter\" role=\"region\" hidden>\n\t\t\t\t\n\n<p>Alle jobbs\u00f8kere som \u00f8nsker det kan v\u00e6re med p\u00e5 fellesaktiviteter i regi av Kirkens Bymisjon i Drammen og H\u00f8nefoss.<\/p>\n\n\n\n<p>Lunsj i Aktivitetskaf\u00e9en, foredrag, motivasjonskvelder og jobbs\u00f8kerarrangementer, kino, friluftsliv og m\u00f8teplasser er noe av det vi gj\u00f8r sammen!<\/p>\n\n\n\t\t\t<\/div>\n\t\t<\/div>\n<\/div>","protected":false},"excerpt":{"rendered":"<p>V\u00e5rt m\u00e5l er at du som deltaker skal finne og utvikle din arbeidskompetanse og p\u00e5&hellip;<\/p>\n","protected":false},"author":5,"featured_media":0,"parent":0,"menu_order":0,"comment_status":"closed","ping_status":"closed","template":"","meta":{"_relevanssi_hide_post":"","_relevanssi_hide_content":"","_relevanssi_pin_for_all":"","_relevanssi_pin_keywords":"","_relevanssi_unpin_keywords":"","_relevanssi_related_keywords":"","_relevanssi_related_include_ids":"","_relevanssi_related_exclude_ids":"","_relevanssi_related_no_append":"","_relevanssi_related_not_related":"","_relevanssi_related_posts":"1","_relevanssi_noindex_reason":"","editor_notices":[],"footnotes":""},"class_list":["post-20","page","type-page","status-publish","hentry"],"yoast_head":"<!-- This site is optimized with the Yoast SEO Premium plugin v27.2 (Yoast SEO v27.2) - https:\/\/yoast.com\/product\/yoast-seo-premium-wordpress\/ -->\n<title>Bli deltaker - KB arbeid<\/title>\n<meta name=\"robots\" content=\"index, follow, max-snippet:-1, max-image-preview:large, max-video-preview:-1\" \/>\n<link rel=\"canonical\" href=\"https:\/\/kirkensbymisjon.no\/tilbud-kb-arbeid\/bli-deltaker\/\" \/>\n<meta property=\"og:locale\" content=\"nb_NO\" \/>\n<meta property=\"og:type\" content=\"article\" \/>\n<meta property=\"og:title\" content=\"Bli deltaker\" \/>\n<meta property=\"og:description\" content=\"V\u00e5rt m\u00e5l er at du som deltaker skal finne og utvikle din arbeidskompetanse og p\u00e5&hellip;\" \/>\n<meta property=\"og:url\" content=\"https:\/\/kirkensbymisjon.no\/tilbud-kb-arbeid\/bli-deltaker\/\" \/>\n<meta property=\"og:site_name\" content=\"KB arbeid\" \/>\n<meta property=\"article:modified_time\" content=\"2024-09-06T17:33:54+00:00\" \/>\n<meta name=\"twitter:card\" content=\"summary_large_image\" \/>\n<meta name=\"twitter:label1\" content=\"Ansl. lesetid\" \/>\n\t<meta name=\"twitter:data1\" content=\"3 minutter\" \/>\n<script type=\"application\/ld+json\" class=\"yoast-schema-graph\">{\"@context\":\"https:\/\/schema.org\",\"@graph\":[{\"@type\":\"WebPage\",\"@id\":\"https:\/\/kirkensbymisjon.no\/tilbud-kb-arbeid\/bli-deltaker\/\",\"url\":\"https:\/\/kirkensbymisjon.no\/tilbud-kb-arbeid\/bli-deltaker\/\",\"name\":\"Bli deltaker - KB arbeid\",\"isPartOf\":{\"@id\":\"https:\/\/kirkensbymisjon.no\/tilbud-kb-arbeid\/#website\"},\"datePublished\":\"2024-08-14T08:11:14+00:00\",\"dateModified\":\"2024-09-06T17:33:54+00:00\",\"breadcrumb\":{\"@id\":\"https:\/\/kirkensbymisjon.no\/tilbud-kb-arbeid\/bli-deltaker\/#breadcrumb\"},\"inLanguage\":\"nb-NO\",\"potentialAction\":[{\"@type\":\"ReadAction\",\"target\":[\"https:\/\/kirkensbymisjon.no\/tilbud-kb-arbeid\/bli-deltaker\/\"]}]},{\"@type\":\"BreadcrumbList\",\"@id\":\"https:\/\/kirkensbymisjon.no\/tilbud-kb-arbeid\/bli-deltaker\/#breadcrumb\",\"itemListElement\":[{\"@type\":\"ListItem\",\"position\":1,\"name\":\"Hjem\",\"item\":\"https:\/\/kirkensbymisjon.no\/tilbud-kb-arbeid\/\"},{\"@type\":\"ListItem\",\"position\":2,\"name\":\"Bli deltaker\"}]},{\"@type\":\"WebSite\",\"@id\":\"https:\/\/kirkensbymisjon.no\/tilbud-kb-arbeid\/#website\",\"url\":\"https:\/\/kirkensbymisjon.no\/tilbud-kb-arbeid\/\",\"name\":\"KB arbeid\",\"description\":\"\",\"potentialAction\":[{\"@type\":\"SearchAction\",\"target\":{\"@type\":\"EntryPoint\",\"urlTemplate\":\"https:\/\/kirkensbymisjon.no\/tilbud-kb-arbeid\/?s={search_term_string}\"},\"query-input\":{\"@type\":\"PropertyValueSpecification\",\"valueRequired\":true,\"valueName\":\"search_term_string\"}}],\"inLanguage\":\"nb-NO\"}]}<\/script>\n<!-- \/ Yoast SEO Premium plugin. -->","yoast_head_json":{"title":"Bli deltaker - KB arbeid","robots":{"index":"index","follow":"follow","max-snippet":"max-snippet:-1","max-image-preview":"max-image-preview:large","max-video-preview":"max-video-preview:-1"},"canonical":"https:\/\/kirkensbymisjon.no\/tilbud-kb-arbeid\/bli-deltaker\/","og_locale":"nb_NO","og_type":"article","og_title":"Bli deltaker","og_description":"V\u00e5rt m\u00e5l er at du som deltaker skal finne og utvikle din arbeidskompetanse og p\u00e5&hellip;","og_url":"https:\/\/kirkensbymisjon.no\/tilbud-kb-arbeid\/bli-deltaker\/","og_site_name":"KB arbeid","article_modified_time":"2024-09-06T17:33:54+00:00","twitter_card":"summary_large_image","twitter_misc":{"Ansl. lesetid":"3 minutter"},"schema":{"@context":"https:\/\/schema.org","@graph":[{"@type":"WebPage","@id":"https:\/\/kirkensbymisjon.no\/tilbud-kb-arbeid\/bli-deltaker\/","url":"https:\/\/kirkensbymisjon.no\/tilbud-kb-arbeid\/bli-deltaker\/","name":"Bli deltaker - KB arbeid","isPartOf":{"@id":"https:\/\/kirkensbymisjon.no\/tilbud-kb-arbeid\/#website"},"datePublished":"2024-08-14T08:11:14+00:00","dateModified":"2024-09-06T17:33:54+00:00","breadcrumb":{"@id":"https:\/\/kirkensbymisjon.no\/tilbud-kb-arbeid\/bli-deltaker\/#breadcrumb"},"inLanguage":"nb-NO","potentialAction":[{"@type":"ReadAction","target":["https:\/\/kirkensbymisjon.no\/tilbud-kb-arbeid\/bli-deltaker\/"]}]},{"@type":"BreadcrumbList","@id":"https:\/\/kirkensbymisjon.no\/tilbud-kb-arbeid\/bli-deltaker\/#breadcrumb","itemListElement":[{"@type":"ListItem","position":1,"name":"Hjem","item":"https:\/\/kirkensbymisjon.no\/tilbud-kb-arbeid\/"},{"@type":"ListItem","position":2,"name":"Bli deltaker"}]},{"@type":"WebSite","@id":"https:\/\/kirkensbymisjon.no\/tilbud-kb-arbeid\/#website","url":"https:\/\/kirkensbymisjon.no\/tilbud-kb-arbeid\/","name":"KB arbeid","description":"","potentialAction":[{"@type":"SearchAction","target":{"@type":"EntryPoint","urlTemplate":"https:\/\/kirkensbymisjon.no\/tilbud-kb-arbeid\/?s={search_term_string}"},"query-input":{"@type":"PropertyValueSpecification","valueRequired":true,"valueName":"search_term_string"}}],"inLanguage":"nb-NO"}]}},"_links":{"self":[{"href":"https:\/\/kirkensbymisjon.no\/tilbud-kb-arbeid\/wp-json\/wp\/v2\/pages\/20","targetHints":{"allow":["GET"]}}],"collection":[{"href":"https:\/\/kirkensbymisjon.no\/tilbud-kb-arbeid\/wp-json\/wp\/v2\/pages"}],"about":[{"href":"https:\/\/kirkensbymisjon.no\/tilbud-kb-arbeid\/wp-json\/wp\/v2\/types\/page"}],"author":[{"embeddable":true,"href":"https:\/\/kirkensbymisjon.no\/tilbud-kb-arbeid\/wp-json\/wp\/v2\/users\/5"}],"replies":[{"embeddable":true,"href":"https:\/\/kirkensbymisjon.no\/tilbud-kb-arbeid\/wp-json\/wp\/v2\/comments?post=20"}],"version-history":[{"count":5,"href":"https:\/\/kirkensbymisjon.no\/tilbud-kb-arbeid\/wp-json\/wp\/v2\/pages\/20\/revisions"}],"predecessor-version":[{"id":85,"href":"https:\/\/kirkensbymisjon.no\/tilbud-kb-arbeid\/wp-json\/wp\/v2\/pages\/20\/revisions\/85"}],"wp:attachment":[{"href":"https:\/\/kirkensbymisjon.no\/tilbud-kb-arbeid\/wp-json\/wp\/v2\/media?parent=20"}],"curies":[{"name":"wp","href":"https:\/\/api.w.org\/{rel}","templated":true}]}}