{"id":22,"date":"2024-08-14T10:12:13","date_gmt":"2024-08-14T08:12:13","guid":{"rendered":"https:\/\/kirkensbymisjon.no\/tilbud-kb-arbeid\/?page_id=22"},"modified":"2024-09-04T09:40:21","modified_gmt":"2024-09-04T07:40:21","slug":"for-bedrifter","status":"publish","type":"page","link":"https:\/\/kirkensbymisjon.no\/tilbud-kb-arbeid\/for-bedrifter\/","title":{"rendered":"For bedrifter"},"content":{"rendered":"\n<h2 class=\"wp-block-heading\" id=\"h-onsker-din-bedrift-a-samarbeide-med-oss\">\u00d8nsker din bedrift \u00e5 samarbeide med oss?<\/h2>\n\n\n\n<p>Vi s\u00f8ker hele tiden etter bedrifter i Drammen og omegn med behov for arbeidskraft og kompetanse.<\/p>\n\n\n\n<ul class=\"wp-block-list\">\n<li>V\u00e5rt m\u00e5l er at det skal v\u00e6re like naturlig for bedrifter \u00e5 rekruttere arbeidstakere fra arbeidsmarkedsbedrifter som fra andre akt\u00f8rer.<\/li>\n\n\n\n<li>Vi jobber for \u00e5 f\u00e5 frem lojale og motiverte medarbeidere som bidrar positivt p\u00e5 arbeidsplassen.<\/li>\n\n\n\n<li>Vi er gode p\u00e5 \u00e5 bygge relasjoner med arbeidsgivere og har mange eksempler p\u00e5 at gode jobbmatcher gj\u00f8r det mulig \u00e5 kunne ha l\u00f8nnet arbeid selv om man sliter psykisk eller med rus.<\/li>\n\n\n\n<li>Vi kjenner arbeidsmarkedet i v\u00e5r region sv\u00e6rt godt og samarbeider med ulike bedrifter som gj\u00f8r at vi kan matche deltaker med riktig arbeidsgiver med tanke p\u00e5 \u00e5 f\u00e5 en god praksisplass\/jobb.<\/li>\n\n\n\n<li>Vi tilbyr en fast kontaktperson som f\u00f8lger opp deltaker og arbeidsgivere gjennom hele jobbprosessen.<\/li>\n<\/ul>\n\n\n\n<p><a href=\"https:\/\/kirkensbymisjon.no\/tilbud-kb-arbeid\/kontaktinformsjon\/\">Ta gjerne kontakt med oss<\/a> om du \u00f8nsker \u00e5 rekruttere en av v\u00e5re medarbeidere!<\/p>\n","protected":false},"excerpt":{"rendered":"<p>\u00d8nsker din bedrift \u00e5 samarbeide med oss? Vi s\u00f8ker hele tiden etter bedrifter i Drammen&hellip;<\/p>\n","protected":false},"author":5,"featured_media":0,"parent":0,"menu_order":0,"comment_status":"closed","ping_status":"closed","template":"","meta":{"_relevanssi_hide_post":"","_relevanssi_hide_content":"","_relevanssi_pin_for_all":"","_relevanssi_pin_keywords":"","_relevanssi_unpin_keywords":"","_relevanssi_related_keywords":"","_relevanssi_related_include_ids":"","_relevanssi_related_exclude_ids":"","_relevanssi_related_no_append":"","_relevanssi_related_not_related":"","_relevanssi_related_posts":"1","_relevanssi_noindex_reason":"","editor_notices":[],"footnotes":""},"class_list":["post-22","page","type-page","status-publish","hentry"],"yoast_head":"<!-- This site is optimized with the Yoast SEO Premium plugin v27.2 (Yoast SEO v27.2) - https:\/\/yoast.com\/product\/yoast-seo-premium-wordpress\/ -->\n<title>For bedrifter - KB arbeid<\/title>\n<meta name=\"robots\" content=\"index, follow, max-snippet:-1, max-image-preview:large, max-video-preview:-1\" \/>\n<link rel=\"canonical\" href=\"https:\/\/kirkensbymisjon.no\/tilbud-kb-arbeid\/for-bedrifter\/\" \/>\n<meta property=\"og:locale\" content=\"nb_NO\" \/>\n<meta property=\"og:type\" content=\"article\" \/>\n<meta property=\"og:title\" content=\"For bedrifter\" \/>\n<meta property=\"og:description\" content=\"\u00d8nsker din bedrift \u00e5 samarbeide med oss? Vi s\u00f8ker hele tiden etter bedrifter i Drammen&hellip;\" \/>\n<meta property=\"og:url\" content=\"https:\/\/kirkensbymisjon.no\/tilbud-kb-arbeid\/for-bedrifter\/\" \/>\n<meta property=\"og:site_name\" content=\"KB arbeid\" \/>\n<meta property=\"article:modified_time\" content=\"2024-09-04T07:40:21+00:00\" \/>\n<meta name=\"twitter:card\" content=\"summary_large_image\" \/>\n<meta name=\"twitter:label1\" content=\"Ansl. lesetid\" \/>\n\t<meta name=\"twitter:data1\" content=\"1 minutt\" \/>\n<script type=\"application\/ld+json\" class=\"yoast-schema-graph\">{\"@context\":\"https:\/\/schema.org\",\"@graph\":[{\"@type\":\"WebPage\",\"@id\":\"https:\/\/kirkensbymisjon.no\/tilbud-kb-arbeid\/for-bedrifter\/\",\"url\":\"https:\/\/kirkensbymisjon.no\/tilbud-kb-arbeid\/for-bedrifter\/\",\"name\":\"For bedrifter - KB arbeid\",\"isPartOf\":{\"@id\":\"https:\/\/kirkensbymisjon.no\/tilbud-kb-arbeid\/#website\"},\"datePublished\":\"2024-08-14T08:12:13+00:00\",\"dateModified\":\"2024-09-04T07:40:21+00:00\",\"breadcrumb\":{\"@id\":\"https:\/\/kirkensbymisjon.no\/tilbud-kb-arbeid\/for-bedrifter\/#breadcrumb\"},\"inLanguage\":\"nb-NO\",\"potentialAction\":[{\"@type\":\"ReadAction\",\"target\":[\"https:\/\/kirkensbymisjon.no\/tilbud-kb-arbeid\/for-bedrifter\/\"]}]},{\"@type\":\"BreadcrumbList\",\"@id\":\"https:\/\/kirkensbymisjon.no\/tilbud-kb-arbeid\/for-bedrifter\/#breadcrumb\",\"itemListElement\":[{\"@type\":\"ListItem\",\"position\":1,\"name\":\"Hjem\",\"item\":\"https:\/\/kirkensbymisjon.no\/tilbud-kb-arbeid\/\"},{\"@type\":\"ListItem\",\"position\":2,\"name\":\"For bedrifter\"}]},{\"@type\":\"WebSite\",\"@id\":\"https:\/\/kirkensbymisjon.no\/tilbud-kb-arbeid\/#website\",\"url\":\"https:\/\/kirkensbymisjon.no\/tilbud-kb-arbeid\/\",\"name\":\"KB arbeid\",\"description\":\"\",\"potentialAction\":[{\"@type\":\"SearchAction\",\"target\":{\"@type\":\"EntryPoint\",\"urlTemplate\":\"https:\/\/kirkensbymisjon.no\/tilbud-kb-arbeid\/?s={search_term_string}\"},\"query-input\":{\"@type\":\"PropertyValueSpecification\",\"valueRequired\":true,\"valueName\":\"search_term_string\"}}],\"inLanguage\":\"nb-NO\"}]}<\/script>\n<!-- \/ Yoast SEO Premium plugin. -->","yoast_head_json":{"title":"For bedrifter - KB arbeid","robots":{"index":"index","follow":"follow","max-snippet":"max-snippet:-1","max-image-preview":"max-image-preview:large","max-video-preview":"max-video-preview:-1"},"canonical":"https:\/\/kirkensbymisjon.no\/tilbud-kb-arbeid\/for-bedrifter\/","og_locale":"nb_NO","og_type":"article","og_title":"For bedrifter","og_description":"\u00d8nsker din bedrift \u00e5 samarbeide med oss? Vi s\u00f8ker hele tiden etter bedrifter i Drammen&hellip;","og_url":"https:\/\/kirkensbymisjon.no\/tilbud-kb-arbeid\/for-bedrifter\/","og_site_name":"KB arbeid","article_modified_time":"2024-09-04T07:40:21+00:00","twitter_card":"summary_large_image","twitter_misc":{"Ansl. lesetid":"1 minutt"},"schema":{"@context":"https:\/\/schema.org","@graph":[{"@type":"WebPage","@id":"https:\/\/kirkensbymisjon.no\/tilbud-kb-arbeid\/for-bedrifter\/","url":"https:\/\/kirkensbymisjon.no\/tilbud-kb-arbeid\/for-bedrifter\/","name":"For bedrifter - KB arbeid","isPartOf":{"@id":"https:\/\/kirkensbymisjon.no\/tilbud-kb-arbeid\/#website"},"datePublished":"2024-08-14T08:12:13+00:00","dateModified":"2024-09-04T07:40:21+00:00","breadcrumb":{"@id":"https:\/\/kirkensbymisjon.no\/tilbud-kb-arbeid\/for-bedrifter\/#breadcrumb"},"inLanguage":"nb-NO","potentialAction":[{"@type":"ReadAction","target":["https:\/\/kirkensbymisjon.no\/tilbud-kb-arbeid\/for-bedrifter\/"]}]},{"@type":"BreadcrumbList","@id":"https:\/\/kirkensbymisjon.no\/tilbud-kb-arbeid\/for-bedrifter\/#breadcrumb","itemListElement":[{"@type":"ListItem","position":1,"name":"Hjem","item":"https:\/\/kirkensbymisjon.no\/tilbud-kb-arbeid\/"},{"@type":"ListItem","position":2,"name":"For bedrifter"}]},{"@type":"WebSite","@id":"https:\/\/kirkensbymisjon.no\/tilbud-kb-arbeid\/#website","url":"https:\/\/kirkensbymisjon.no\/tilbud-kb-arbeid\/","name":"KB arbeid","description":"","potentialAction":[{"@type":"SearchAction","target":{"@type":"EntryPoint","urlTemplate":"https:\/\/kirkensbymisjon.no\/tilbud-kb-arbeid\/?s={search_term_string}"},"query-input":{"@type":"PropertyValueSpecification","valueRequired":true,"valueName":"search_term_string"}}],"inLanguage":"nb-NO"}]}},"_links":{"self":[{"href":"https:\/\/kirkensbymisjon.no\/tilbud-kb-arbeid\/wp-json\/wp\/v2\/pages\/22","targetHints":{"allow":["GET"]}}],"collection":[{"href":"https:\/\/kirkensbymisjon.no\/tilbud-kb-arbeid\/wp-json\/wp\/v2\/pages"}],"about":[{"href":"https:\/\/kirkensbymisjon.no\/tilbud-kb-arbeid\/wp-json\/wp\/v2\/types\/page"}],"author":[{"embeddable":true,"href":"https:\/\/kirkensbymisjon.no\/tilbud-kb-arbeid\/wp-json\/wp\/v2\/users\/5"}],"replies":[{"embeddable":true,"href":"https:\/\/kirkensbymisjon.no\/tilbud-kb-arbeid\/wp-json\/wp\/v2\/comments?post=22"}],"version-history":[{"count":4,"href":"https:\/\/kirkensbymisjon.no\/tilbud-kb-arbeid\/wp-json\/wp\/v2\/pages\/22\/revisions"}],"predecessor-version":[{"id":83,"href":"https:\/\/kirkensbymisjon.no\/tilbud-kb-arbeid\/wp-json\/wp\/v2\/pages\/22\/revisions\/83"}],"wp:attachment":[{"href":"https:\/\/kirkensbymisjon.no\/tilbud-kb-arbeid\/wp-json\/wp\/v2\/media?parent=22"}],"curies":[{"name":"wp","href":"https:\/\/api.w.org\/{rel}","templated":true}]}}