{"id":3,"date":"2024-08-14T09:20:13","date_gmt":"2024-08-14T07:20:13","guid":{"rendered":"https:\/\/kirkensbymisjon.no\/tilbud-kb-arbeid\/forside\/"},"modified":"2024-10-31T17:44:24","modified_gmt":"2024-10-31T16:44:24","slug":"forside","status":"publish","type":"page","link":"https:\/\/kirkensbymisjon.no\/tilbud-kb-arbeid\/","title":{"rendered":"Forside"},"content":{"rendered":"\n<div class=\"wp-block-media-text alignwide is-stacked-on-mobile is-style-filled\"><figure class=\"wp-block-media-text__media\"><img loading=\"lazy\" decoding=\"async\" width=\"1024\" height=\"665\" src=\"https:\/\/kirkensbymisjon.no\/content\/uploads\/sites\/132\/2024\/08\/Tilbud_KB-Arbeid_03-1024x665.jpg\" alt=\"Sommerfugl i h\u00e5nd\" class=\"wp-image-11 size-full\" srcset=\"https:\/\/kirkensbymisjon.no\/content\/uploads\/sites\/132\/2024\/08\/Tilbud_KB-Arbeid_03-1024x665.jpg 1024w, https:\/\/kirkensbymisjon.no\/content\/uploads\/sites\/132\/2024\/08\/Tilbud_KB-Arbeid_03-300x195.jpg 300w, https:\/\/kirkensbymisjon.no\/content\/uploads\/sites\/132\/2024\/08\/Tilbud_KB-Arbeid_03-768x499.jpg 768w, https:\/\/kirkensbymisjon.no\/content\/uploads\/sites\/132\/2024\/08\/Tilbud_KB-Arbeid_03-1536x998.jpg 1536w, https:\/\/kirkensbymisjon.no\/content\/uploads\/sites\/132\/2024\/08\/Tilbud_KB-Arbeid_03-2048x1330.jpg 2048w\" sizes=\"auto, (max-width: 1024px) 100vw, 1024px\" \/><\/figure><div class=\"wp-block-media-text__content\">\n<h2 class=\"wp-block-heading\" id=\"h-star-du-utenfor-arbeidslivet\">St\u00e5r du utenfor arbeidslivet?<\/h2>\n\n\n\n<p>KB Arbeid er v\u00e5r attf\u00f8ringsavdeling i Drammen. Vi tilbyr mennesker uten arbeid kompetanseutvikling og attf\u00f8ring gjennom kurs og tiltak.<\/p>\n\n\n\n<p>Vi tror p\u00e5 at alle har plass i et ordin\u00e6rt arbeidsliv, uavhengig av diagnose, rusbruk eller fortid. V\u00e5rt m\u00e5l er \u00e5 tilby v\u00e5re deltakere en jobb basert p\u00e5 deres egne interesser, \u00f8nsker og ferdigheter. Vi hjelper v\u00e5re jobbs\u00f8kere med \u00e5 skaffe og beholde jobb og leverer arbeidsrettede tiltak med hjerte for deltakerne v\u00e5re.<\/p>\n<\/div><\/div>\n\n\n\t<div class=\"alignwide wp-block-kbm-link-list\">\n\t\t<div class=\"kbm-link-list__items\">\n\t\t\t\n<div class=\"wp-block-kbm-link-list-item\">\t<svg xmlns=\"http:\/\/www.w3.org\/2000\/svg\" viewBox=\"0 0 48 48\" height=\"24\" width=\"24\" class=\"t2-icon t2-icon-eco\" aria-hidden=\"true\" focusable=\"false\"><path d=\"M35.08 6.091c-2.869.362-5.372 1.869-6.939 4.177-.789 1.162-1.373 2.843-1.325 3.811l.024.474.48-.306c3.121-1.986 7.201-3.356 12.16-4.082.616-.09 1.246-.159 1.4-.153.267.011.269.013.04.044-.132.018-.87.158-1.64.31-4.457.885-7.798 2.205-10.128 4.004-1.139.879-1.754 1.674-2.518 3.258-.831 1.723-1.141 2.909-1.873 7.172-.349 2.031-.698 3.68-.779 3.68-.034 0-.062-.031-.062-.07 0-.038-.088-.497-.197-1.02-.108-.522-.324-1.677-.481-2.565-.346-1.963-.581-2.802-1.05-3.745-1.562-3.139-4.348-5.186-9.312-6.843-1.801-.602-4.247-1.213-6.16-1.541-.559-.096.403-.044 1.293.07 4.833.618 9.276 2.043 12.426 3.987.69.426.721.437.782.273.081-.22-.066-1.297-.264-1.933A8.677 8.677 0 0 0 20.5 14c-1.268-2.508-3.46-4.254-6.248-4.976-.786-.204-1.133-.248-2.212-.283-2.049-.064-3.777.265-6.6 1.259-3.312 1.166-3.896 1.34-4.981 1.481l-.382.049.416.313c.873.655 1.813 1.532 3.325 3.102 2.317 2.404 3.555 3.375 5.729 4.496 1.644.847 3.154 1.397 4.373 1.594.743.12 2.106.102 2.758-.036.648-.137 1.576-.558 2.137-.97.216-.158.405-.275.419-.259.015.017.191.336.392.71.694 1.293 1.51 3.505 1.974 5.35.36 1.429.867 4.29.777 4.38-.019.019-.356.086-.748.15-1.559.252-3.036.812-4.522 1.715-2.588 1.573-4.68 4.003-5.495 6.383-.197.577-.412 1.732-.412 2.218 0 .99.696 1.825 2.087 2.504 1.61.786 3.439 1.244 6.368 1.595 1.707.204 6.983.204 8.69 0 3.907-.468 6.492-1.304 7.695-2.488.753-.743.88-1.259.643-2.617-.222-1.267-.711-2.409-1.589-3.71-.593-.878-2.308-2.612-3.214-3.25-1.795-1.264-3.631-2.047-5.509-2.35-.392-.064-.728-.13-.745-.147-.05-.05.35-2.603.66-4.213.554-2.877 1.23-5.393 1.997-7.431.238-.633.452-1.17.475-1.194.023-.023.204.074.402.217 1.524 1.094 3.714 1.264 6.181.479 2.284-.727 4.844-2.119 6.539-3.556.352-.298 1.473-1.392 2.491-2.43 1.019-1.038 2.232-2.193 2.697-2.566l.846-.679-.537-.06c-.723-.081-1.555-.326-3.728-1.096a80.54 80.54 0 0 0-2.739-.925c-2.163-.656-4.136-.882-5.83-.668m6.38 3.882a.311.311 0 0 1-.2 0c-.055-.022-.01-.04.1-.04s.155.018.1.04\"\/><\/svg>\t<div class=\"kbm-link-list-item__content\">\n\t\t<p class=\"kbm-link-list-item__title\">Skreddersydd karriereveiledning<\/p>\n\t\t\t\t\t<p class=\"kbm-link-list-item__description\">Vi hjelper deg med \u00e5 finne dine jobb\u00f8nsker, og setter sammen opp en individuell plan for hvordan du kan n\u00e5 m\u00e5lene dine.<\/p>\n\t\t\t<\/div>\n\t<\/div>\n\n<div class=\"wp-block-kbm-link-list-item\">\t<svg xmlns=\"http:\/\/www.w3.org\/2000\/svg\" viewBox=\"0 0 48 48\" height=\"24\" width=\"24\" class=\"t2-icon t2-icon-workmeasures\" aria-hidden=\"true\" focusable=\"false\"><path d=\"M21.51 4.224a1.549 1.549 0 0 0-.669.613l-.241.39-.025 2.408-.025 2.408-.855.264c-.47.144-1.373.515-2.007.823l-1.152.561-1.608-1.601c-1.668-1.66-2.027-1.925-2.608-1.928-.69-.003-.847.104-2.387 1.627-.807.798-1.52 1.552-1.584 1.675-.2.382-.228.969-.068 1.395.115.308.458.699 1.777 2.031l1.634 1.65-.548 1.11c-.302.611-.672 1.512-.824 2.004l-.275.894-2.365.026c-2.355.026-2.366.027-2.762.23a1.506 1.506 0 0 0-.637.594l-.241.389-.024 2.13-.023 2.131.227.435c.166.318.331.499.617.676l.39.241 2.407.026 2.406.026.345 1.054c.328 1 .569 1.554 1.093 2.516l.23.422-1.642 1.658c-1.326 1.339-1.67 1.731-1.785 2.039-.172.458-.126 1.063.11 1.445.087.139.8.889 1.584 1.665 1.495 1.48 1.658 1.59 2.345 1.587.581-.003.94-.268 2.609-1.929l1.609-1.602 1.111.549c.611.302 1.514.673 2.006.824l.895.275.025 2.409.025 2.409.241.39c.177.286.358.451.676.617l.435.227 2.131-.023 2.13-.024.389-.241c.276-.17.449-.356.594-.637.203-.396.204-.405.228-2.762l.025-2.364.895-.276c.493-.151 1.396-.522 2.007-.824l1.111-.549 1.609 1.602c1.669 1.661 2.028 1.926 2.609 1.929.687.003.85-.107 2.345-1.587.784-.776 1.497-1.526 1.584-1.665.236-.382.282-.987.11-1.445-.115-.308-.458-.699-1.777-2.031l-1.634-1.65.548-1.11c.302-.611.673-1.513.824-2.006l.276-.895 2.364-.025c2.357-.024 2.366-.025 2.762-.228.281-.145.467-.318.637-.594l.241-.389.025-2.046c.029-2.295 0-2.486-.45-2.984-.511-.567-.564-.577-3.218-.608l-2.362-.027-.275-.894c-.152-.492-.522-1.394-.824-2.005l-.549-1.111 1.602-1.609c1.661-1.669 1.926-2.028 1.929-2.609.003-.684-.11-.853-1.547-2.309-.754-.764-1.508-1.477-1.676-1.584a1.69 1.69 0 0 0-1.474-.146c-.308.115-.699.458-2.031 1.777l-1.651 1.634-1.052-.52a18.032 18.032 0 0 0-2.004-.826l-.952-.306-.025-2.406-.026-2.407-.241-.39a1.549 1.549 0 0 0-.669-.613L26.062 4h-4.124l-.428.224m4.23 11.742c1.798.371 3.479 1.416 4.681 2.913 1.967 2.448 2.35 5.855.977 8.694-1.152 2.381-3.271 4.003-5.901 4.515-3.583.697-7.214-1.122-8.875-4.448-.61-1.221-.822-2.198-.81-3.72.007-.967.043-1.289.213-1.936.864-3.289 3.551-5.681 6.895-6.138.72-.099 2.028-.043 2.82.12\"\/><\/svg>\t<div class=\"kbm-link-list-item__content\">\n\t\t<p class=\"kbm-link-list-item__title\">Varierte praksistilbud<\/p>\n\t\t\t\t\t<p class=\"kbm-link-list-item__description\">Vi samarbeider med flere arbeidsgivere i v\u00e5rt distrikt. I tillegg har vi mange interne arbeidstiltak innenfor flere bransjer.<\/p>\n\t\t\t<\/div>\n\t<\/div>\n\n<div class=\"wp-block-kbm-link-list-item\">\t<svg xmlns=\"http:\/\/www.w3.org\/2000\/svg\" viewBox=\"0 0 48 48\" height=\"24\" width=\"24\" class=\"t2-icon t2-icon-substanceabuse\" aria-hidden=\"true\" focusable=\"false\"><path d=\"M12.56 9.154c-1.341.298-2.645 1.02-3.574 1.979C7.697 12.465 7.02 14.139 7.02 16c0 1.434.389 2.738 1.147 3.847 1.839 2.689 5.013 3.786 8.045 2.781 2.343-.777 4.141-2.82 4.672-5.308.157-.736.12-2.2-.074-2.939-.374-1.42-.887-2.311-1.927-3.341-.989-.98-2.132-1.604-3.441-1.88-.683-.143-2.248-.147-2.882-.006m19.96.013c-.635.139-1.595.533-2.262.927-.582.343-1.821 1.582-2.164 2.164-.801 1.355-1.097 2.524-1.03 4.056.053 1.203.179 1.707.694 2.766a6.659 6.659 0 0 0 3.162 3.162c1.198.583 1.617.675 3.08.675s1.882-.092 3.08-.675a6.878 6.878 0 0 0 2.325-1.823c.5-.602 1.152-1.869 1.369-2.659.108-.395.143-.818.143-1.76 0-1.463-.092-1.882-.675-3.08a6.878 6.878 0 0 0-1.823-2.325c-.59-.49-1.865-1.151-2.619-1.357-.694-.191-2.555-.231-3.28-.071M8.438 28.079c-2.389.351-4.344 1.951-5.133 4.201l-.225.64-.024 3.02-.025 3.02h17.586l.048-1.06c.071-1.592.431-2.97 1.156-4.42.413-.828 1.123-1.894 1.7-2.553.219-.251.399-.497.399-.548 0-.149-.879-.956-1.44-1.322a7.39 7.39 0 0 0-1.133-.577c-1.197-.462-1.483-.481-7.257-.47-2.888.005-5.431.037-5.652.069m24.251.006c-1.748.203-3.4.813-4.929 1.82-.842.555-2.146 1.809-2.743 2.638-1.226 1.702-1.977 3.887-1.977 5.747v.67h21.92v-.67c0-1.861-.751-4.045-1.978-5.748-.523-.727-1.755-1.947-2.502-2.478-2.187-1.554-5.092-2.292-7.791-1.979\"\/><\/svg>\t<div class=\"kbm-link-list-item__content\">\n\t\t<p class=\"kbm-link-list-item__title\">Lav terskel og tett oppf\u00f8lging hele veien<\/p>\n\t\t\t\t\t<p class=\"kbm-link-list-item__description\">Vi tror p\u00e5 et arbeidsliv for alle, uavhengig av diagnose, rusbruk eller fortid.<\/p>\n\t\t\t<\/div>\n\t<\/div>\n\t\t<\/div>\n\t<\/div>\n\t","protected":false},"excerpt":{"rendered":"<p>St\u00e5r du utenfor arbeidslivet? KB Arbeid er v\u00e5r attf\u00f8ringsavdeling i Drammen. Vi tilbyr mennesker uten&hellip;<\/p>\n","protected":false},"author":5,"featured_media":0,"parent":0,"menu_order":0,"comment_status":"closed","ping_status":"closed","template":"","meta":{"_relevanssi_hide_post":"","_relevanssi_hide_content":"","_relevanssi_pin_for_all":"","_relevanssi_pin_keywords":"","_relevanssi_unpin_keywords":"","_relevanssi_related_keywords":"","_relevanssi_related_include_ids":"","_relevanssi_related_exclude_ids":"","_relevanssi_related_no_append":"","_relevanssi_related_not_related":"","_relevanssi_related_posts":"1","_relevanssi_noindex_reason":"","editor_notices":[],"footnotes":""},"class_list":["post-3","page","type-page","status-publish","hentry"],"yoast_head":"<!-- This site is optimized with the Yoast SEO Premium plugin v27.2 (Yoast SEO v27.2) - https:\/\/yoast.com\/product\/yoast-seo-premium-wordpress\/ -->\n<title>Forside - KB arbeid<\/title>\n<meta name=\"description\" content=\"Vi hjelper deg til \u00e5 finne nye muligheter og gir deg arbeidstrening som kvalifiserer deg til en ordin\u00e6r jobb.\" \/>\n<meta name=\"robots\" content=\"index, follow, max-snippet:-1, max-image-preview:large, max-video-preview:-1\" \/>\n<link rel=\"canonical\" href=\"https:\/\/kirkensbymisjon.no\/tilbud-kb-arbeid\/\" \/>\n<meta property=\"og:locale\" content=\"nb_NO\" \/>\n<meta property=\"og:type\" content=\"article\" \/>\n<meta property=\"og:title\" content=\"Forside\" \/>\n<meta property=\"og:description\" content=\"Vi hjelper deg til \u00e5 finne nye muligheter og gir deg arbeidstrening som kvalifiserer deg til en ordin\u00e6r jobb.\" \/>\n<meta property=\"og:url\" content=\"https:\/\/kirkensbymisjon.no\/tilbud-kb-arbeid\/\" \/>\n<meta property=\"og:site_name\" content=\"KB arbeid\" \/>\n<meta property=\"article:modified_time\" content=\"2024-10-31T16:44:24+00:00\" \/>\n<meta property=\"og:image\" content=\"https:\/\/kirkensbymisjon.no\/content\/uploads\/sites\/132\/2024\/08\/Tilbud_KB-Arbeid_03-scaled.jpg\" \/>\n\t<meta property=\"og:image:width\" content=\"2560\" \/>\n\t<meta property=\"og:image:height\" content=\"1663\" \/>\n\t<meta property=\"og:image:type\" content=\"image\/jpeg\" \/>\n<meta name=\"twitter:card\" content=\"summary_large_image\" \/>\n<meta name=\"twitter:label1\" content=\"Ansl. lesetid\" \/>\n\t<meta name=\"twitter:data1\" content=\"1 minutt\" \/>\n<script type=\"application\/ld+json\" class=\"yoast-schema-graph\">{\"@context\":\"https:\/\/schema.org\",\"@graph\":[{\"@type\":\"WebPage\",\"@id\":\"https:\/\/kirkensbymisjon.no\/tilbud-kb-arbeid\/\",\"url\":\"https:\/\/kirkensbymisjon.no\/tilbud-kb-arbeid\/\",\"name\":\"Forside - KB arbeid\",\"isPartOf\":{\"@id\":\"https:\/\/kirkensbymisjon.no\/tilbud-kb-arbeid\/#website\"},\"primaryImageOfPage\":{\"@id\":\"https:\/\/kirkensbymisjon.no\/tilbud-kb-arbeid\/#primaryimage\"},\"image\":{\"@id\":\"https:\/\/kirkensbymisjon.no\/tilbud-kb-arbeid\/#primaryimage\"},\"thumbnailUrl\":\"https:\/\/kirkensbymisjon.no\/content\/uploads\/sites\/132\/2024\/08\/Tilbud_KB-Arbeid_03-1024x665.jpg\",\"datePublished\":\"2024-08-14T07:20:13+00:00\",\"dateModified\":\"2024-10-31T16:44:24+00:00\",\"description\":\"Vi hjelper deg til \u00e5 finne nye muligheter og gir deg arbeidstrening som kvalifiserer deg til en ordin\u00e6r jobb.\",\"breadcrumb\":{\"@id\":\"https:\/\/kirkensbymisjon.no\/tilbud-kb-arbeid\/#breadcrumb\"},\"inLanguage\":\"nb-NO\",\"potentialAction\":[{\"@type\":\"ReadAction\",\"target\":[\"https:\/\/kirkensbymisjon.no\/tilbud-kb-arbeid\/\"]}]},{\"@type\":\"ImageObject\",\"inLanguage\":\"nb-NO\",\"@id\":\"https:\/\/kirkensbymisjon.no\/tilbud-kb-arbeid\/#primaryimage\",\"url\":\"https:\/\/kirkensbymisjon.no\/content\/uploads\/sites\/132\/2024\/08\/Tilbud_KB-Arbeid_03-1024x665.jpg\",\"contentUrl\":\"https:\/\/kirkensbymisjon.no\/content\/uploads\/sites\/132\/2024\/08\/Tilbud_KB-Arbeid_03-1024x665.jpg\"},{\"@type\":\"BreadcrumbList\",\"@id\":\"https:\/\/kirkensbymisjon.no\/tilbud-kb-arbeid\/#breadcrumb\",\"itemListElement\":[{\"@type\":\"ListItem\",\"position\":1,\"name\":\"Hjem\",\"item\":\"https:\/\/kirkensbymisjon.no\/tilbud-kb-arbeid\/\"},{\"@type\":\"ListItem\",\"position\":2,\"name\":\"Forside\"}]},{\"@type\":\"WebSite\",\"@id\":\"https:\/\/kirkensbymisjon.no\/tilbud-kb-arbeid\/#website\",\"url\":\"https:\/\/kirkensbymisjon.no\/tilbud-kb-arbeid\/\",\"name\":\"KB arbeid\",\"description\":\"\",\"potentialAction\":[{\"@type\":\"SearchAction\",\"target\":{\"@type\":\"EntryPoint\",\"urlTemplate\":\"https:\/\/kirkensbymisjon.no\/tilbud-kb-arbeid\/?s={search_term_string}\"},\"query-input\":{\"@type\":\"PropertyValueSpecification\",\"valueRequired\":true,\"valueName\":\"search_term_string\"}}],\"inLanguage\":\"nb-NO\"}]}<\/script>\n<!-- \/ Yoast SEO Premium plugin. -->","yoast_head_json":{"title":"Forside - KB arbeid","description":"Vi hjelper deg til \u00e5 finne nye muligheter og gir deg arbeidstrening som kvalifiserer deg til en ordin\u00e6r jobb.","robots":{"index":"index","follow":"follow","max-snippet":"max-snippet:-1","max-image-preview":"max-image-preview:large","max-video-preview":"max-video-preview:-1"},"canonical":"https:\/\/kirkensbymisjon.no\/tilbud-kb-arbeid\/","og_locale":"nb_NO","og_type":"article","og_title":"Forside","og_description":"Vi hjelper deg til \u00e5 finne nye muligheter og gir deg arbeidstrening som kvalifiserer deg til en ordin\u00e6r jobb.","og_url":"https:\/\/kirkensbymisjon.no\/tilbud-kb-arbeid\/","og_site_name":"KB arbeid","article_modified_time":"2024-10-31T16:44:24+00:00","og_image":[{"width":2560,"height":1663,"url":"https:\/\/kirkensbymisjon.no\/content\/uploads\/sites\/132\/2024\/08\/Tilbud_KB-Arbeid_03-scaled.jpg","type":"image\/jpeg"}],"twitter_card":"summary_large_image","twitter_misc":{"Ansl. lesetid":"1 minutt"},"schema":{"@context":"https:\/\/schema.org","@graph":[{"@type":"WebPage","@id":"https:\/\/kirkensbymisjon.no\/tilbud-kb-arbeid\/","url":"https:\/\/kirkensbymisjon.no\/tilbud-kb-arbeid\/","name":"Forside - KB arbeid","isPartOf":{"@id":"https:\/\/kirkensbymisjon.no\/tilbud-kb-arbeid\/#website"},"primaryImageOfPage":{"@id":"https:\/\/kirkensbymisjon.no\/tilbud-kb-arbeid\/#primaryimage"},"image":{"@id":"https:\/\/kirkensbymisjon.no\/tilbud-kb-arbeid\/#primaryimage"},"thumbnailUrl":"https:\/\/kirkensbymisjon.no\/content\/uploads\/sites\/132\/2024\/08\/Tilbud_KB-Arbeid_03-1024x665.jpg","datePublished":"2024-08-14T07:20:13+00:00","dateModified":"2024-10-31T16:44:24+00:00","description":"Vi hjelper deg til \u00e5 finne nye muligheter og gir deg arbeidstrening som kvalifiserer deg til en ordin\u00e6r jobb.","breadcrumb":{"@id":"https:\/\/kirkensbymisjon.no\/tilbud-kb-arbeid\/#breadcrumb"},"inLanguage":"nb-NO","potentialAction":[{"@type":"ReadAction","target":["https:\/\/kirkensbymisjon.no\/tilbud-kb-arbeid\/"]}]},{"@type":"ImageObject","inLanguage":"nb-NO","@id":"https:\/\/kirkensbymisjon.no\/tilbud-kb-arbeid\/#primaryimage","url":"https:\/\/kirkensbymisjon.no\/content\/uploads\/sites\/132\/2024\/08\/Tilbud_KB-Arbeid_03-1024x665.jpg","contentUrl":"https:\/\/kirkensbymisjon.no\/content\/uploads\/sites\/132\/2024\/08\/Tilbud_KB-Arbeid_03-1024x665.jpg"},{"@type":"BreadcrumbList","@id":"https:\/\/kirkensbymisjon.no\/tilbud-kb-arbeid\/#breadcrumb","itemListElement":[{"@type":"ListItem","position":1,"name":"Hjem","item":"https:\/\/kirkensbymisjon.no\/tilbud-kb-arbeid\/"},{"@type":"ListItem","position":2,"name":"Forside"}]},{"@type":"WebSite","@id":"https:\/\/kirkensbymisjon.no\/tilbud-kb-arbeid\/#website","url":"https:\/\/kirkensbymisjon.no\/tilbud-kb-arbeid\/","name":"KB arbeid","description":"","potentialAction":[{"@type":"SearchAction","target":{"@type":"EntryPoint","urlTemplate":"https:\/\/kirkensbymisjon.no\/tilbud-kb-arbeid\/?s={search_term_string}"},"query-input":{"@type":"PropertyValueSpecification","valueRequired":true,"valueName":"search_term_string"}}],"inLanguage":"nb-NO"}]}},"_links":{"self":[{"href":"https:\/\/kirkensbymisjon.no\/tilbud-kb-arbeid\/wp-json\/wp\/v2\/pages\/3","targetHints":{"allow":["GET"]}}],"collection":[{"href":"https:\/\/kirkensbymisjon.no\/tilbud-kb-arbeid\/wp-json\/wp\/v2\/pages"}],"about":[{"href":"https:\/\/kirkensbymisjon.no\/tilbud-kb-arbeid\/wp-json\/wp\/v2\/types\/page"}],"author":[{"embeddable":true,"href":"https:\/\/kirkensbymisjon.no\/tilbud-kb-arbeid\/wp-json\/wp\/v2\/users\/5"}],"replies":[{"embeddable":true,"href":"https:\/\/kirkensbymisjon.no\/tilbud-kb-arbeid\/wp-json\/wp\/v2\/comments?post=3"}],"version-history":[{"count":5,"href":"https:\/\/kirkensbymisjon.no\/tilbud-kb-arbeid\/wp-json\/wp\/v2\/pages\/3\/revisions"}],"predecessor-version":[{"id":93,"href":"https:\/\/kirkensbymisjon.no\/tilbud-kb-arbeid\/wp-json\/wp\/v2\/pages\/3\/revisions\/93"}],"wp:attachment":[{"href":"https:\/\/kirkensbymisjon.no\/tilbud-kb-arbeid\/wp-json\/wp\/v2\/media?parent=3"}],"curies":[{"name":"wp","href":"https:\/\/api.w.org\/{rel}","templated":true}]}}