{"id":18,"date":"2024-08-13T11:10:31","date_gmt":"2024-08-13T09:10:31","guid":{"rendered":"https:\/\/kirkensbymisjon.no\/tilbud-kb-utvikling\/?page_id=18"},"modified":"2024-08-21T23:50:55","modified_gmt":"2024-08-21T21:50:55","slug":"om-kb-utvikling","status":"publish","type":"page","link":"https:\/\/kirkensbymisjon.no\/tilbud-kb-utvikling\/om-kb-utvikling\/","title":{"rendered":"Om KB utvikling"},"content":{"rendered":"\n<p>KB utvikling er Kirkens Bymisjon i Drammens attf\u00f8ringsavdeling. IPS i H\u00f8nefoss er en del av denne avdelingen. Vi tilbyr mennesker uten arbeid kompetanseutvikling og attf\u00f8ring gjennom kurs og tiltak.<\/p>\n\n\n\n<p>Vi tar utgangspunkt i dine \u00f8nsker og jobber sammen mot m\u00e5let om ordin\u00e6rt og l\u00f8nnet arbeid. Det kan v\u00e6re utfordrende \u00e5 starte opp i jobb. Vi st\u00f8tter deg i forberedelsene, under oppstart og n\u00e5r du har kommet i jobb.<\/p>\n\n\n\n<h2 class=\"wp-block-heading\" id=\"h-jobb-smak-og-ordinaert-arbeid\">Jobb-\u00absmak\u00bb og ordin\u00e6rt arbeid<\/h2>\n\n\n\n<p>Individuell jobbst\u00f8tte (IPS) er en forpliktende samarbeidsmodell mellom Ringerike DPS, NAV Vest-Viken, DPS Drammen og Kirkens Bymisjon. Hver enkelt jobbs\u00f8ker f\u00e5r veiledning til \u00e5 avklare sine jobb\u00f8nsker gjennom karriereveiledning og en individuell plan for hvordan vi sammen skal n\u00e5 m\u00e5let om \u00e5 komme i, eller beholde jobb. For \u00e5 lykkes i \u00e5 komme i jobb, kan vi benytte jobb-\u00absmak\u00bb, da for \u00e5 pr\u00f8ve ut ferdigheter og arbeidsevne.<\/p>\n\n\n\n<p>Ordin\u00e6rt arbeid er alltid v\u00e5rt m\u00e5l, og v\u00e5re jobbspesialiser samarbeider aktivt med arbeidsgivere for \u00e5 bidra til de beste jobbmulighetene innen et bredt bransjespekter, som\u00a0for eksempel bilverksted, varehandel, barnehager og annet. Noen av v\u00e5re gode samarbeidsbedrifter er\u00a0Ringerike Gjesteg\u00e5rd, Hole kommune og Veien Kulturminnepark.<\/p>\n\n\n<div class=\"t2-accordion wp-block-t2-accordion\" data-allow-multiple=\"1\" role=\"list\">\n<div class=\"t2-accordion-item wp-block-t2-accordion-item\" role=\"listitem\">\n\t\t\t<h2 class=\"t2-accordion-title\">\n\t\t\t\t<button type=\"button\" class=\"t2-accordion-trigger\" id=\"jobbmatch-\u2013-bli-en-samarbeidsbedrift\" aria-controls=\"accordion-panel\" aria-expanded=\"false\">\n\t\t\t\t\tJobbmatch \u2013 bli en samarbeidsbedrift\n\t\t\t\t\t<span class=\"t2-accordion-icon is-closed-icon\"><svg xmlns=\"http:\/\/www.w3.org\/2000\/svg\" viewBox=\"0 0 24 24\" height=\"24\" width=\"24\" class=\"t2-icon t2-icon-plus\" aria-hidden=\"true\" focusable=\"false\"><path d=\"M11.8 5.037a1.088 1.088 0 0 0-.722.566c-.075.148-.078.25-.078 2.772v2.619l-2.61.016c-1.867.012-2.652.03-2.756.064-.168.055-.438.301-.54.494-.049.092-.07.223-.07.432 0 .34.054.476.282.704.289.289.14.275 3.064.288l2.63.012v2.619c0 2.544.002 2.625.08 2.778.191.372.516.577.92.577s.729-.205.92-.577c.078-.153.08-.234.08-2.778v-2.619l2.63-.012c2.924-.013 2.775.001 3.064-.288.228-.228.282-.364.282-.704 0-.209-.021-.34-.07-.432-.102-.193-.372-.439-.54-.494-.104-.034-.889-.052-2.756-.064L13 10.994V8.375c0-2.522-.003-2.624-.078-2.772-.214-.418-.685-.656-1.122-.566\"\/><\/svg><\/span>\n\t\t\t\t\t<span class=\"t2-accordion-icon is-open-icon\"><svg xmlns=\"http:\/\/www.w3.org\/2000\/svg\" viewBox=\"0 0 24 24\" height=\"24\" width=\"24\" class=\"t2-icon t2-icon-chevronup\" aria-hidden=\"true\" focusable=\"false\"><path d=\"M6.7 14.7c-.2-.2-.3-.4-.3-.7s.1-.5.3-.7l4.6-4.6c.1-.1.2-.2.3-.2.1 0 .2-.1.4-.1.1 0 .3 0 .4.1.1 0 .2.1.3.2l4.6 4.6c.2.2.3.4.3.7s-.1.5-.3.7c-.2.2-.4.3-.7.3s-.5-.1-.7-.3L12 10.8l-3.9 3.9c-.2.2-.4.3-.7.3s-.5-.1-.7-.3z\" fill=\"currentColor\" \/><\/svg><\/span>\n\t\t\t\t<\/button>\n\t\t\t<\/h2>\n\t\t\t<div class=\"t2-accordion-item__inner-container is-layout-flow\" id=\"accordion-panel\" aria-labelledby=\"jobbmatch-\u2013-bli-en-samarbeidsbedrift\" role=\"region\" hidden>\n\t\t\t\t\n\n<p>Riktig medarbeider er en forutsetning for \u00e5 lykkes. Ved \u00e5 benytte oss som din rekrutteringspartner kan vi blant annet tilby f\u00f8lgende:<\/p>\n\n\n\n<ul class=\"wp-block-list\">\n<li>V\u00e5rt m\u00e5l er at det skal v\u00e6re like naturlig for bedrifter \u00e5 rekruttere arbeidstakere fra arbeidsmarkedsbedrifter som fra andre akt\u00f8rer.<\/li>\n\n\n\n<li>Vi jobber for \u00e5 f\u00e5 frem lojale og motiverte medarbeidere som bidrar positivt p\u00e5 arbeidsplassen.<\/li>\n\n\n\n<li>Vi er gode p\u00e5 \u00e5 bygge relasjoner med arbeidsgivere og har mange eksempler p\u00e5 at gode jobbmatcher gj\u00f8r det mulig \u00e5 kunne ha l\u00f8nnet arbeid selv om man sliter psykisk eller med rus.<\/li>\n\n\n\n<li>Vi kjenner arbeidsmarkedet i v\u00e5r region sv\u00e6rt godt og samarbeider med ulike bedrifter som gj\u00f8r at vi kan matche jobbs\u00f8ker med riktig arbeidsgiver, for \u00e5 skape et varig og stabilt arbeidsforhold.<\/li>\n\n\n\n<li>Kunnskap om \u00f8konomiske st\u00f8nader og virkemidler.<\/li>\n\n\n\n<li>Vi tilbyr en fast kontaktperson som f\u00f8lger opp jobbs\u00f8ker og arbeidsgivere gjennom hele jobbprosessen, ogs\u00e5 etter fast ansettelse.<\/li>\n\n\n\n<li>Tett samarbeid med NAV.<\/li>\n<\/ul>\n\n\n\t\t\t<\/div>\n\t\t<\/div>\n\n<div class=\"t2-accordion-item wp-block-t2-accordion-item\" role=\"listitem\">\n\t\t\t<h2 class=\"t2-accordion-title\">\n\t\t\t\t<button type=\"button\" class=\"t2-accordion-trigger\" id=\"hva-er-individuell-jobbst\u00f8tte,-ips?\" aria-controls=\"accordion-panel-1\" aria-expanded=\"false\">\n\t\t\t\t\tHva er individuell jobbst\u00f8tte, IPS?\n\t\t\t\t\t<span class=\"t2-accordion-icon is-closed-icon\"><svg xmlns=\"http:\/\/www.w3.org\/2000\/svg\" viewBox=\"0 0 24 24\" height=\"24\" width=\"24\" class=\"t2-icon t2-icon-plus\" aria-hidden=\"true\" focusable=\"false\"><path d=\"M11.8 5.037a1.088 1.088 0 0 0-.722.566c-.075.148-.078.25-.078 2.772v2.619l-2.61.016c-1.867.012-2.652.03-2.756.064-.168.055-.438.301-.54.494-.049.092-.07.223-.07.432 0 .34.054.476.282.704.289.289.14.275 3.064.288l2.63.012v2.619c0 2.544.002 2.625.08 2.778.191.372.516.577.92.577s.729-.205.92-.577c.078-.153.08-.234.08-2.778v-2.619l2.63-.012c2.924-.013 2.775.001 3.064-.288.228-.228.282-.364.282-.704 0-.209-.021-.34-.07-.432-.102-.193-.372-.439-.54-.494-.104-.034-.889-.052-2.756-.064L13 10.994V8.375c0-2.522-.003-2.624-.078-2.772-.214-.418-.685-.656-1.122-.566\"\/><\/svg><\/span>\n\t\t\t\t\t<span class=\"t2-accordion-icon is-open-icon\"><svg xmlns=\"http:\/\/www.w3.org\/2000\/svg\" viewBox=\"0 0 24 24\" height=\"24\" width=\"24\" class=\"t2-icon t2-icon-chevronup\" aria-hidden=\"true\" focusable=\"false\"><path d=\"M6.7 14.7c-.2-.2-.3-.4-.3-.7s.1-.5.3-.7l4.6-4.6c.1-.1.2-.2.3-.2.1 0 .2-.1.4-.1.1 0 .3 0 .4.1.1 0 .2.1.3.2l4.6 4.6c.2.2.3.4.3.7s-.1.5-.3.7c-.2.2-.4.3-.7.3s-.5-.1-.7-.3L12 10.8l-3.9 3.9c-.2.2-.4.3-.7.3s-.5-.1-.7-.3z\" fill=\"currentColor\" \/><\/svg><\/span>\n\t\t\t\t<\/button>\n\t\t\t<\/h2>\n\t\t\t<div class=\"t2-accordion-item__inner-container is-layout-flow\" id=\"accordion-panel-1\" aria-labelledby=\"hva-er-individuell-jobbst\u00f8tte,-ips?\" role=\"region\" hidden>\n\t\t\t\t\n\n<p>Det er et tilbud til deg som er i behandling ved DPS. Jobb og et fellesskap med kollegaer er viktig for den psykiske helsen. I samarbeid med behandler og NAV-veileder, kan en jobbspesialist fra KB Utvikling hjelpe deg til \u00e5 beholde jobben din eller til \u00e5 finne en jobb.<\/p>\n\n\n\n<p>Om du \u00f8nsker \u00e5 vite mer om hva individuell jobbst\u00f8tte best\u00e5r av og kan tilby, er du velkommen til \u00e5 ta kontakt med din behandler, veileder eller direkte med oss i KB utvikling.<\/p>\n\n\n\n<p><strong>IPS best\u00e5r av \u00e5tte prinsipper:<\/strong><\/p>\n\n\n\n<ul class=\"wp-block-list\">\n<li>M\u00e5let er ordin\u00e6rt, l\u00f8nnet arbeid.<\/li>\n\n\n\n<li>Deltakelse p\u00e5 bakgrunn av eget \u00f8nske.<\/li>\n\n\n\n<li>Individuell jobbst\u00f8tte er en integrert del av behandlingen.<\/li>\n\n\n\n<li>Jobbs\u00f8king skjer ut fra egne interesser og ferdigheter.<\/li>\n\n\n\n<li>Individuelt tilpasset r\u00e5dgivning om \u00f8konomiske ytelser.<\/li>\n\n\n\n<li>Jobbs\u00f8king starter med en gang og senest etter en m\u00e5ned.<\/li>\n\n\n\n<li>Systematisk jobbutvikling.<\/li>\n\n\n\n<li>Oppf\u00f8lgingen er ubegrenset i tid og individuelt tilpasset arbeidstaker og arbeidsgiver.<\/li>\n<\/ul>\n\n\n\t\t\t<\/div>\n\t\t<\/div>\n\n<div class=\"t2-accordion-item wp-block-t2-accordion-item\" role=\"listitem\">\n\t\t\t<h2 class=\"t2-accordion-title\">\n\t\t\t\t<button type=\"button\" class=\"t2-accordion-trigger\" id=\"les-mer-om-metodikken\" aria-controls=\"accordion-panel-2\" aria-expanded=\"false\">\n\t\t\t\t\tLes mer om metodikken\n\t\t\t\t\t<span class=\"t2-accordion-icon is-closed-icon\"><svg xmlns=\"http:\/\/www.w3.org\/2000\/svg\" viewBox=\"0 0 24 24\" height=\"24\" width=\"24\" class=\"t2-icon t2-icon-plus\" aria-hidden=\"true\" focusable=\"false\"><path d=\"M11.8 5.037a1.088 1.088 0 0 0-.722.566c-.075.148-.078.25-.078 2.772v2.619l-2.61.016c-1.867.012-2.652.03-2.756.064-.168.055-.438.301-.54.494-.049.092-.07.223-.07.432 0 .34.054.476.282.704.289.289.14.275 3.064.288l2.63.012v2.619c0 2.544.002 2.625.08 2.778.191.372.516.577.92.577s.729-.205.92-.577c.078-.153.08-.234.08-2.778v-2.619l2.63-.012c2.924-.013 2.775.001 3.064-.288.228-.228.282-.364.282-.704 0-.209-.021-.34-.07-.432-.102-.193-.372-.439-.54-.494-.104-.034-.889-.052-2.756-.064L13 10.994V8.375c0-2.522-.003-2.624-.078-2.772-.214-.418-.685-.656-1.122-.566\"\/><\/svg><\/span>\n\t\t\t\t\t<span class=\"t2-accordion-icon is-open-icon\"><svg xmlns=\"http:\/\/www.w3.org\/2000\/svg\" viewBox=\"0 0 24 24\" height=\"24\" width=\"24\" class=\"t2-icon t2-icon-chevronup\" aria-hidden=\"true\" focusable=\"false\"><path d=\"M6.7 14.7c-.2-.2-.3-.4-.3-.7s.1-.5.3-.7l4.6-4.6c.1-.1.2-.2.3-.2.1 0 .2-.1.4-.1.1 0 .3 0 .4.1.1 0 .2.1.3.2l4.6 4.6c.2.2.3.4.3.7s-.1.5-.3.7c-.2.2-.4.3-.7.3s-.5-.1-.7-.3L12 10.8l-3.9 3.9c-.2.2-.4.3-.7.3s-.5-.1-.7-.3z\" fill=\"currentColor\" \/><\/svg><\/span>\n\t\t\t\t<\/button>\n\t\t\t<\/h2>\n\t\t\t<div class=\"t2-accordion-item__inner-container is-layout-flow\" id=\"accordion-panel-2\" aria-labelledby=\"les-mer-om-metodikken\" role=\"region\" hidden>\n\t\t\t\t\n\n<p><a href=\"https:\/\/www.nav.no\/ips\" target=\"_blank\" rel=\"noreferrer noopener\">Individuell jobbst\u00f8tte (IPS)<\/a>.<\/p>\n\n\n\n<p><a href=\"https:\/\/www.napha.no\/search\/?pageNumber=0&amp;q=ips\" target=\"_blank\" rel=\"noreferrer noopener\">Nasjonalt kompetansesenter for psykisk helsearbeid har publisert mange artikler om IPS.<\/a><\/p>\n\n\n\n<p><a href=\"https:\/\/ipsworks.org\/\" target=\"_blank\" rel=\"noreferrer noopener\">IPS Employment Center er et oppl\u00e6rings- og forskningssenter som er aktuelt for alle som tilbyr eller bruker IPS.<\/a><\/p>\n\n\n\t\t\t<\/div>\n\t\t<\/div>\n<\/div>","protected":false},"excerpt":{"rendered":"<p>KB utvikling er Kirkens Bymisjon i Drammens attf\u00f8ringsavdeling. IPS i H\u00f8nefoss er en del av&hellip;<\/p>\n","protected":false},"author":5,"featured_media":0,"parent":0,"menu_order":0,"comment_status":"closed","ping_status":"closed","template":"","meta":{"_relevanssi_hide_post":"","_relevanssi_hide_content":"","_relevanssi_pin_for_all":"","_relevanssi_pin_keywords":"","_relevanssi_unpin_keywords":"","_relevanssi_related_keywords":"","_relevanssi_related_include_ids":"","_relevanssi_related_exclude_ids":"","_relevanssi_related_no_append":"","_relevanssi_related_not_related":"","_relevanssi_related_posts":"1","_relevanssi_noindex_reason":"","editor_notices":[],"footnotes":""},"class_list":["post-18","page","type-page","status-publish","hentry"],"yoast_head":"<!-- This site is optimized with the Yoast SEO Premium plugin v27.2 (Yoast SEO v27.2) - https:\/\/yoast.com\/product\/yoast-seo-premium-wordpress\/ -->\n<title>Om KB utvikling - KB utvikling<\/title>\n<meta name=\"robots\" content=\"index, follow, max-snippet:-1, max-image-preview:large, max-video-preview:-1\" \/>\n<link rel=\"canonical\" href=\"https:\/\/kirkensbymisjon.no\/tilbud-kb-utvikling\/om-kb-utvikling\/\" \/>\n<meta property=\"og:locale\" content=\"nb_NO\" \/>\n<meta property=\"og:type\" content=\"article\" \/>\n<meta property=\"og:title\" content=\"Om KB utvikling\" \/>\n<meta property=\"og:description\" content=\"KB utvikling er Kirkens Bymisjon i Drammens attf\u00f8ringsavdeling. IPS i H\u00f8nefoss er en del av&hellip;\" \/>\n<meta property=\"og:url\" content=\"https:\/\/kirkensbymisjon.no\/tilbud-kb-utvikling\/om-kb-utvikling\/\" \/>\n<meta property=\"og:site_name\" content=\"KB utvikling\" \/>\n<meta property=\"article:modified_time\" content=\"2024-08-21T21:50:55+00:00\" \/>\n<meta name=\"twitter:card\" content=\"summary_large_image\" \/>\n<meta name=\"twitter:label1\" content=\"Ansl. lesetid\" \/>\n\t<meta name=\"twitter:data1\" content=\"3 minutter\" \/>\n<script type=\"application\/ld+json\" class=\"yoast-schema-graph\">{\"@context\":\"https:\/\/schema.org\",\"@graph\":[{\"@type\":\"WebPage\",\"@id\":\"https:\/\/kirkensbymisjon.no\/tilbud-kb-utvikling\/om-kb-utvikling\/\",\"url\":\"https:\/\/kirkensbymisjon.no\/tilbud-kb-utvikling\/om-kb-utvikling\/\",\"name\":\"Om KB utvikling - KB utvikling\",\"isPartOf\":{\"@id\":\"https:\/\/kirkensbymisjon.no\/tilbud-kb-utvikling\/#website\"},\"datePublished\":\"2024-08-13T09:10:31+00:00\",\"dateModified\":\"2024-08-21T21:50:55+00:00\",\"breadcrumb\":{\"@id\":\"https:\/\/kirkensbymisjon.no\/tilbud-kb-utvikling\/om-kb-utvikling\/#breadcrumb\"},\"inLanguage\":\"nb-NO\",\"potentialAction\":[{\"@type\":\"ReadAction\",\"target\":[\"https:\/\/kirkensbymisjon.no\/tilbud-kb-utvikling\/om-kb-utvikling\/\"]}]},{\"@type\":\"BreadcrumbList\",\"@id\":\"https:\/\/kirkensbymisjon.no\/tilbud-kb-utvikling\/om-kb-utvikling\/#breadcrumb\",\"itemListElement\":[{\"@type\":\"ListItem\",\"position\":1,\"name\":\"Hjem\",\"item\":\"https:\/\/kirkensbymisjon.no\/tilbud-kb-utvikling\/\"},{\"@type\":\"ListItem\",\"position\":2,\"name\":\"Om KB utvikling\"}]},{\"@type\":\"WebSite\",\"@id\":\"https:\/\/kirkensbymisjon.no\/tilbud-kb-utvikling\/#website\",\"url\":\"https:\/\/kirkensbymisjon.no\/tilbud-kb-utvikling\/\",\"name\":\"KB utvikling\",\"description\":\"\",\"potentialAction\":[{\"@type\":\"SearchAction\",\"target\":{\"@type\":\"EntryPoint\",\"urlTemplate\":\"https:\/\/kirkensbymisjon.no\/tilbud-kb-utvikling\/?s={search_term_string}\"},\"query-input\":{\"@type\":\"PropertyValueSpecification\",\"valueRequired\":true,\"valueName\":\"search_term_string\"}}],\"inLanguage\":\"nb-NO\"}]}<\/script>\n<!-- \/ Yoast SEO Premium plugin. -->","yoast_head_json":{"title":"Om KB utvikling - KB utvikling","robots":{"index":"index","follow":"follow","max-snippet":"max-snippet:-1","max-image-preview":"max-image-preview:large","max-video-preview":"max-video-preview:-1"},"canonical":"https:\/\/kirkensbymisjon.no\/tilbud-kb-utvikling\/om-kb-utvikling\/","og_locale":"nb_NO","og_type":"article","og_title":"Om KB utvikling","og_description":"KB utvikling er Kirkens Bymisjon i Drammens attf\u00f8ringsavdeling. IPS i H\u00f8nefoss er en del av&hellip;","og_url":"https:\/\/kirkensbymisjon.no\/tilbud-kb-utvikling\/om-kb-utvikling\/","og_site_name":"KB utvikling","article_modified_time":"2024-08-21T21:50:55+00:00","twitter_card":"summary_large_image","twitter_misc":{"Ansl. lesetid":"3 minutter"},"schema":{"@context":"https:\/\/schema.org","@graph":[{"@type":"WebPage","@id":"https:\/\/kirkensbymisjon.no\/tilbud-kb-utvikling\/om-kb-utvikling\/","url":"https:\/\/kirkensbymisjon.no\/tilbud-kb-utvikling\/om-kb-utvikling\/","name":"Om KB utvikling - KB utvikling","isPartOf":{"@id":"https:\/\/kirkensbymisjon.no\/tilbud-kb-utvikling\/#website"},"datePublished":"2024-08-13T09:10:31+00:00","dateModified":"2024-08-21T21:50:55+00:00","breadcrumb":{"@id":"https:\/\/kirkensbymisjon.no\/tilbud-kb-utvikling\/om-kb-utvikling\/#breadcrumb"},"inLanguage":"nb-NO","potentialAction":[{"@type":"ReadAction","target":["https:\/\/kirkensbymisjon.no\/tilbud-kb-utvikling\/om-kb-utvikling\/"]}]},{"@type":"BreadcrumbList","@id":"https:\/\/kirkensbymisjon.no\/tilbud-kb-utvikling\/om-kb-utvikling\/#breadcrumb","itemListElement":[{"@type":"ListItem","position":1,"name":"Hjem","item":"https:\/\/kirkensbymisjon.no\/tilbud-kb-utvikling\/"},{"@type":"ListItem","position":2,"name":"Om KB utvikling"}]},{"@type":"WebSite","@id":"https:\/\/kirkensbymisjon.no\/tilbud-kb-utvikling\/#website","url":"https:\/\/kirkensbymisjon.no\/tilbud-kb-utvikling\/","name":"KB utvikling","description":"","potentialAction":[{"@type":"SearchAction","target":{"@type":"EntryPoint","urlTemplate":"https:\/\/kirkensbymisjon.no\/tilbud-kb-utvikling\/?s={search_term_string}"},"query-input":{"@type":"PropertyValueSpecification","valueRequired":true,"valueName":"search_term_string"}}],"inLanguage":"nb-NO"}]}},"_links":{"self":[{"href":"https:\/\/kirkensbymisjon.no\/tilbud-kb-utvikling\/wp-json\/wp\/v2\/pages\/18","targetHints":{"allow":["GET"]}}],"collection":[{"href":"https:\/\/kirkensbymisjon.no\/tilbud-kb-utvikling\/wp-json\/wp\/v2\/pages"}],"about":[{"href":"https:\/\/kirkensbymisjon.no\/tilbud-kb-utvikling\/wp-json\/wp\/v2\/types\/page"}],"author":[{"embeddable":true,"href":"https:\/\/kirkensbymisjon.no\/tilbud-kb-utvikling\/wp-json\/wp\/v2\/users\/5"}],"replies":[{"embeddable":true,"href":"https:\/\/kirkensbymisjon.no\/tilbud-kb-utvikling\/wp-json\/wp\/v2\/comments?post=18"}],"version-history":[{"count":5,"href":"https:\/\/kirkensbymisjon.no\/tilbud-kb-utvikling\/wp-json\/wp\/v2\/pages\/18\/revisions"}],"predecessor-version":[{"id":29,"href":"https:\/\/kirkensbymisjon.no\/tilbud-kb-utvikling\/wp-json\/wp\/v2\/pages\/18\/revisions\/29"}],"wp:attachment":[{"href":"https:\/\/kirkensbymisjon.no\/tilbud-kb-utvikling\/wp-json\/wp\/v2\/media?parent=18"}],"curies":[{"name":"wp","href":"https:\/\/api.w.org\/{rel}","templated":true}]}}