{"id":3,"date":"2024-08-11T09:32:56","date_gmt":"2024-08-11T07:32:56","guid":{"rendered":"https:\/\/kirkensbymisjon.no\/tilbud-kb-utvikling\/forside\/"},"modified":"2024-09-03T09:57:47","modified_gmt":"2024-09-03T07:57:47","slug":"forside","status":"publish","type":"page","link":"https:\/\/kirkensbymisjon.no\/tilbud-kb-utvikling\/","title":{"rendered":"Forside"},"content":{"rendered":"\n<p>V\u00e5rt m\u00e5l er \u00e5 matche v\u00e5re jobbs\u00f8kere med en jobb basert p\u00e5 deres egne interesser, \u00f8nsker og ferdigheter. Vi hjelper v\u00e5re jobbs\u00f8kere med \u00e5 skaffe og beholde jobb og leverer arbeidsrettede tilbud med hjerte for deltakerne v\u00e5re.<\/p>\n\n\n\n<h2 class=\"wp-block-heading\"><strong>V\u00e5r fagkompetanse<\/strong><\/h2>\n\n\n\n<p>V\u00e5re jobbspesialiser har kurs i karriereveiledning og Motiverende intervju. I tillegg har de lang erfaring og utdanning innen bemanning, rus og psykisk helsearbeid \u2013 samt i \u00e5 jobbe med mennesker med ulike behov. I avdelingen har vi ogs\u00e5 ansatte med lang erfaring fra salg, medier og kommunikasjon, ledelse, offentlig sektor og privat n\u00e6ringsliv. Sammen kjenner vi det psykiske helsefeltet og n\u00e6ringslivet godt!<\/p>\n\n\n\n<div class=\"wp-block-media-text alignwide is-stacked-on-mobile is-style-filled\"><figure class=\"wp-block-media-text__media\"><img loading=\"lazy\" decoding=\"async\" width=\"1024\" height=\"773\" src=\"https:\/\/kirkensbymisjon.no\/content\/uploads\/sites\/128\/2024\/08\/Tilbud_KB-utvikling_02-1024x773.jpg\" alt=\"Samtale\" class=\"wp-image-16 size-full\" srcset=\"https:\/\/kirkensbymisjon.no\/content\/uploads\/sites\/128\/2024\/08\/Tilbud_KB-utvikling_02-1024x773.jpg 1024w, https:\/\/kirkensbymisjon.no\/content\/uploads\/sites\/128\/2024\/08\/Tilbud_KB-utvikling_02-300x226.jpg 300w, https:\/\/kirkensbymisjon.no\/content\/uploads\/sites\/128\/2024\/08\/Tilbud_KB-utvikling_02-768x580.jpg 768w, https:\/\/kirkensbymisjon.no\/content\/uploads\/sites\/128\/2024\/08\/Tilbud_KB-utvikling_02.jpg 1354w\" sizes=\"auto, (max-width: 1024px) 100vw, 1024px\" \/><\/figure><div class=\"wp-block-media-text__content\">\n<h2 class=\"wp-block-heading\" id=\"h-bli-deltaker\">Bli deltaker<\/h2>\n\n\n\n<p>\u00d8nsker du \u00e5 jobbe, eller trenger du hjelp til \u00e5 beholde jobben din? En jobbspesialist hos oss kan bidra til at du finner nye muligheter.<\/p>\n\n\n\n<p>F\u00f8r du starter m\u00e5 du snakke med din behandler som kan henvise deg hit. Vi vil da innkalle deg til en samtale. <a href=\"https:\/\/kirkensbymisjon.no\/tilbud-kb-utvikling\/kontaktinformasjon#kontaktpersoner\">Ta gjerne kontakt<\/a> med teamleder eller en v\u00e5re jobbspesialister for \u00e5 vite mer om tiltaket eller be om \u00e5 f\u00e5 en omvisning.<\/p>\n<\/div><\/div>\n\n\n\t<div class=\"alignwide wp-block-kbm-link-list\">\n\t\t<div class=\"kbm-link-list__items\">\n\t\t\t\n<div class=\"wp-block-kbm-link-list-item\">\t<svg xmlns=\"http:\/\/www.w3.org\/2000\/svg\" viewBox=\"0 0 48 48\" height=\"24\" width=\"24\" class=\"t2-icon t2-icon-competence\" aria-hidden=\"true\" focusable=\"false\"><path d=\"M4.52 5.114c-.582.143-1.121.6-1.376 1.166-.137.304-.145 1.072-.165 15.336l-.021 15.016.261.04c.144.022 1.017.059 1.941.083 6.757.174 13.478 1.64 17.097 3.731l.643.37c.033.018.06-6.861.06-15.287V10.248l-.94-.628c-3.508-2.343-8.48-3.846-14.46-4.371-1.882-.165-2.759-.204-3.04-.135m37.8-.023c-7.149.49-12.52 1.979-16.34 4.53l-.94.627v30.645l.3-.186a19.248 19.248 0 0 1 2.333-1.234c3.668-1.615 7.714-2.364 14.447-2.672a98.22 98.22 0 0 0 2.34-.129l.5-.045V21.591c0-16.466.036-15.271-.482-15.862-.478-.544-1.052-.713-2.158-.638M3.042 39.857c.002 1.832.049 2.034.597 2.566.593.576-.06.543 10.081.519l9.12-.022-.68-.411c-3.828-2.314-10.102-3.881-16.6-4.146-.616-.025-1.435-.064-1.82-.087l-.7-.042.002 1.623m39.998-1.533c-7.143.301-13.59 1.885-17.355 4.264l-.525.332 9.12.022c10.141.024 9.488.057 10.081-.519.548-.532.595-.734.597-2.563l.002-1.62-.26.012c-.143.007-.89.04-1.66.072\"\/><\/svg>\t<div class=\"kbm-link-list-item__content\">\n\t\t<p class=\"kbm-link-list-item__title\">Skreddersydd karriereveiledning<\/p>\n\t\t\t\t\t<p class=\"kbm-link-list-item__description\">Vi hjelper deg med \u00e5 finne dine jobb\u00f8nsker, og setter sammen opp en individuell plan for hvordan du kan n\u00e5 m\u00e5l.<\/p>\n\t\t\t<\/div>\n\t<\/div>\n\n<div class=\"wp-block-kbm-link-list-item\">\t<svg xmlns=\"http:\/\/www.w3.org\/2000\/svg\" viewBox=\"0 0 48 48\" height=\"24\" width=\"24\" class=\"t2-icon t2-icon-eco\" aria-hidden=\"true\" focusable=\"false\"><path d=\"M35.08 6.091c-2.869.362-5.372 1.869-6.939 4.177-.789 1.162-1.373 2.843-1.325 3.811l.024.474.48-.306c3.121-1.986 7.201-3.356 12.16-4.082.616-.09 1.246-.159 1.4-.153.267.011.269.013.04.044-.132.018-.87.158-1.64.31-4.457.885-7.798 2.205-10.128 4.004-1.139.879-1.754 1.674-2.518 3.258-.831 1.723-1.141 2.909-1.873 7.172-.349 2.031-.698 3.68-.779 3.68-.034 0-.062-.031-.062-.07 0-.038-.088-.497-.197-1.02-.108-.522-.324-1.677-.481-2.565-.346-1.963-.581-2.802-1.05-3.745-1.562-3.139-4.348-5.186-9.312-6.843-1.801-.602-4.247-1.213-6.16-1.541-.559-.096.403-.044 1.293.07 4.833.618 9.276 2.043 12.426 3.987.69.426.721.437.782.273.081-.22-.066-1.297-.264-1.933A8.677 8.677 0 0 0 20.5 14c-1.268-2.508-3.46-4.254-6.248-4.976-.786-.204-1.133-.248-2.212-.283-2.049-.064-3.777.265-6.6 1.259-3.312 1.166-3.896 1.34-4.981 1.481l-.382.049.416.313c.873.655 1.813 1.532 3.325 3.102 2.317 2.404 3.555 3.375 5.729 4.496 1.644.847 3.154 1.397 4.373 1.594.743.12 2.106.102 2.758-.036.648-.137 1.576-.558 2.137-.97.216-.158.405-.275.419-.259.015.017.191.336.392.71.694 1.293 1.51 3.505 1.974 5.35.36 1.429.867 4.29.777 4.38-.019.019-.356.086-.748.15-1.559.252-3.036.812-4.522 1.715-2.588 1.573-4.68 4.003-5.495 6.383-.197.577-.412 1.732-.412 2.218 0 .99.696 1.825 2.087 2.504 1.61.786 3.439 1.244 6.368 1.595 1.707.204 6.983.204 8.69 0 3.907-.468 6.492-1.304 7.695-2.488.753-.743.88-1.259.643-2.617-.222-1.267-.711-2.409-1.589-3.71-.593-.878-2.308-2.612-3.214-3.25-1.795-1.264-3.631-2.047-5.509-2.35-.392-.064-.728-.13-.745-.147-.05-.05.35-2.603.66-4.213.554-2.877 1.23-5.393 1.997-7.431.238-.633.452-1.17.475-1.194.023-.023.204.074.402.217 1.524 1.094 3.714 1.264 6.181.479 2.284-.727 4.844-2.119 6.539-3.556.352-.298 1.473-1.392 2.491-2.43 1.019-1.038 2.232-2.193 2.697-2.566l.846-.679-.537-.06c-.723-.081-1.555-.326-3.728-1.096a80.54 80.54 0 0 0-2.739-.925c-2.163-.656-4.136-.882-5.83-.668m6.38 3.882a.311.311 0 0 1-.2 0c-.055-.022-.01-.04.1-.04s.155.018.1.04\"\/><\/svg>\t<div class=\"kbm-link-list-item__content\">\n\t\t<p class=\"kbm-link-list-item__title\">Varierte jobbmuligheter<\/p>\n\t\t\t\t\t<p class=\"kbm-link-list-item__description\">Vi samarbeider med flere arbeidsgivere i distriktet. I tillegg har vi muligheter for praksis og jobbskygging, slik at du i kan finne ut hva som passer for deg og dine ferdigheter.<\/p>\n\t\t\t<\/div>\n\t<\/div>\n\n<div class=\"wp-block-kbm-link-list-item\">\t<svg xmlns=\"http:\/\/www.w3.org\/2000\/svg\" viewBox=\"0 0 48 48\" height=\"24\" width=\"24\" class=\"t2-icon t2-icon-substanceabuse\" aria-hidden=\"true\" focusable=\"false\"><path d=\"M12.56 9.154c-1.341.298-2.645 1.02-3.574 1.979C7.697 12.465 7.02 14.139 7.02 16c0 1.434.389 2.738 1.147 3.847 1.839 2.689 5.013 3.786 8.045 2.781 2.343-.777 4.141-2.82 4.672-5.308.157-.736.12-2.2-.074-2.939-.374-1.42-.887-2.311-1.927-3.341-.989-.98-2.132-1.604-3.441-1.88-.683-.143-2.248-.147-2.882-.006m19.96.013c-.635.139-1.595.533-2.262.927-.582.343-1.821 1.582-2.164 2.164-.801 1.355-1.097 2.524-1.03 4.056.053 1.203.179 1.707.694 2.766a6.659 6.659 0 0 0 3.162 3.162c1.198.583 1.617.675 3.08.675s1.882-.092 3.08-.675a6.878 6.878 0 0 0 2.325-1.823c.5-.602 1.152-1.869 1.369-2.659.108-.395.143-.818.143-1.76 0-1.463-.092-1.882-.675-3.08a6.878 6.878 0 0 0-1.823-2.325c-.59-.49-1.865-1.151-2.619-1.357-.694-.191-2.555-.231-3.28-.071M8.438 28.079c-2.389.351-4.344 1.951-5.133 4.201l-.225.64-.024 3.02-.025 3.02h17.586l.048-1.06c.071-1.592.431-2.97 1.156-4.42.413-.828 1.123-1.894 1.7-2.553.219-.251.399-.497.399-.548 0-.149-.879-.956-1.44-1.322a7.39 7.39 0 0 0-1.133-.577c-1.197-.462-1.483-.481-7.257-.47-2.888.005-5.431.037-5.652.069m24.251.006c-1.748.203-3.4.813-4.929 1.82-.842.555-2.146 1.809-2.743 2.638-1.226 1.702-1.977 3.887-1.977 5.747v.67h21.92v-.67c0-1.861-.751-4.045-1.978-5.748-.523-.727-1.755-1.947-2.502-2.478-2.187-1.554-5.092-2.292-7.791-1.979\"\/><\/svg>\t<div class=\"kbm-link-list-item__content\">\n\t\t<p class=\"kbm-link-list-item__title\">Lav terskel og tett oppf\u00f8lging<\/p>\n\t\t\t\t\t<p class=\"kbm-link-list-item__description\">Vi tror p\u00e5 et arbeidsliv for alle, uavhengig av diagnose, rusbruk eller fortid.<\/p>\n\t\t\t<\/div>\n\t<\/div>\n\t\t<\/div>\n\t<\/div>\n\t","protected":false},"excerpt":{"rendered":"<p>V\u00e5rt m\u00e5l er \u00e5 matche v\u00e5re jobbs\u00f8kere med en jobb basert p\u00e5 deres egne interesser,&hellip;<\/p>\n","protected":false},"author":5,"featured_media":0,"parent":0,"menu_order":0,"comment_status":"closed","ping_status":"closed","template":"","meta":{"_relevanssi_hide_post":"","_relevanssi_hide_content":"","_relevanssi_pin_for_all":"","_relevanssi_pin_keywords":"","_relevanssi_unpin_keywords":"","_relevanssi_related_keywords":"","_relevanssi_related_include_ids":"","_relevanssi_related_exclude_ids":"","_relevanssi_related_no_append":"","_relevanssi_related_not_related":"","_relevanssi_related_posts":"1","_relevanssi_noindex_reason":"","editor_notices":[],"footnotes":""},"class_list":["post-3","page","type-page","status-publish","hentry"],"yoast_head":"<!-- This site is optimized with the Yoast SEO Premium plugin v27.2 (Yoast SEO v27.2) - https:\/\/yoast.com\/product\/yoast-seo-premium-wordpress\/ -->\n<title>Forside - KB utvikling<\/title>\n<meta name=\"description\" content=\"Vi tilbyr mennesker uten arbeid kompetanseutvikling og attf\u00f8ring gjennom kurs og tiltak.\" \/>\n<meta name=\"robots\" content=\"index, follow, max-snippet:-1, max-image-preview:large, max-video-preview:-1\" \/>\n<link rel=\"canonical\" href=\"https:\/\/kirkensbymisjon.no\/tilbud-kb-utvikling\/\" \/>\n<meta property=\"og:locale\" content=\"nb_NO\" \/>\n<meta property=\"og:type\" content=\"article\" \/>\n<meta property=\"og:title\" content=\"Forside\" \/>\n<meta property=\"og:description\" content=\"Vi tilbyr mennesker uten arbeid kompetanseutvikling og attf\u00f8ring gjennom kurs og tiltak.\" \/>\n<meta property=\"og:url\" content=\"https:\/\/kirkensbymisjon.no\/tilbud-kb-utvikling\/\" \/>\n<meta property=\"og:site_name\" content=\"KB utvikling\" \/>\n<meta property=\"article:modified_time\" content=\"2024-09-03T07:57:47+00:00\" \/>\n<meta property=\"og:image\" content=\"https:\/\/kirkensbymisjon.no\/content\/uploads\/sites\/128\/2024\/08\/Tilbud_KB-utvikling_02-1024x773.jpg\" \/>\n<meta name=\"twitter:card\" content=\"summary_large_image\" \/>\n<meta name=\"twitter:label1\" content=\"Ansl. lesetid\" \/>\n\t<meta name=\"twitter:data1\" content=\"2 minutter\" \/>\n<script type=\"application\/ld+json\" class=\"yoast-schema-graph\">{\"@context\":\"https:\/\/schema.org\",\"@graph\":[{\"@type\":\"WebPage\",\"@id\":\"https:\/\/kirkensbymisjon.no\/tilbud-kb-utvikling\/\",\"url\":\"https:\/\/kirkensbymisjon.no\/tilbud-kb-utvikling\/\",\"name\":\"Forside - KB utvikling\",\"isPartOf\":{\"@id\":\"https:\/\/kirkensbymisjon.no\/tilbud-kb-utvikling\/#website\"},\"primaryImageOfPage\":{\"@id\":\"https:\/\/kirkensbymisjon.no\/tilbud-kb-utvikling\/#primaryimage\"},\"image\":{\"@id\":\"https:\/\/kirkensbymisjon.no\/tilbud-kb-utvikling\/#primaryimage\"},\"thumbnailUrl\":\"https:\/\/kirkensbymisjon.no\/content\/uploads\/sites\/128\/2024\/08\/Tilbud_KB-utvikling_02-1024x773.jpg\",\"datePublished\":\"2024-08-11T07:32:56+00:00\",\"dateModified\":\"2024-09-03T07:57:47+00:00\",\"description\":\"Vi tilbyr mennesker uten arbeid kompetanseutvikling og attf\u00f8ring gjennom kurs og tiltak.\",\"breadcrumb\":{\"@id\":\"https:\/\/kirkensbymisjon.no\/tilbud-kb-utvikling\/#breadcrumb\"},\"inLanguage\":\"nb-NO\",\"potentialAction\":[{\"@type\":\"ReadAction\",\"target\":[\"https:\/\/kirkensbymisjon.no\/tilbud-kb-utvikling\/\"]}]},{\"@type\":\"ImageObject\",\"inLanguage\":\"nb-NO\",\"@id\":\"https:\/\/kirkensbymisjon.no\/tilbud-kb-utvikling\/#primaryimage\",\"url\":\"https:\/\/kirkensbymisjon.no\/content\/uploads\/sites\/128\/2024\/08\/Tilbud_KB-utvikling_02-1024x773.jpg\",\"contentUrl\":\"https:\/\/kirkensbymisjon.no\/content\/uploads\/sites\/128\/2024\/08\/Tilbud_KB-utvikling_02-1024x773.jpg\"},{\"@type\":\"BreadcrumbList\",\"@id\":\"https:\/\/kirkensbymisjon.no\/tilbud-kb-utvikling\/#breadcrumb\",\"itemListElement\":[{\"@type\":\"ListItem\",\"position\":1,\"name\":\"Hjem\",\"item\":\"https:\/\/kirkensbymisjon.no\/tilbud-kb-utvikling\/\"},{\"@type\":\"ListItem\",\"position\":2,\"name\":\"Forside\"}]},{\"@type\":\"WebSite\",\"@id\":\"https:\/\/kirkensbymisjon.no\/tilbud-kb-utvikling\/#website\",\"url\":\"https:\/\/kirkensbymisjon.no\/tilbud-kb-utvikling\/\",\"name\":\"KB utvikling\",\"description\":\"\",\"potentialAction\":[{\"@type\":\"SearchAction\",\"target\":{\"@type\":\"EntryPoint\",\"urlTemplate\":\"https:\/\/kirkensbymisjon.no\/tilbud-kb-utvikling\/?s={search_term_string}\"},\"query-input\":{\"@type\":\"PropertyValueSpecification\",\"valueRequired\":true,\"valueName\":\"search_term_string\"}}],\"inLanguage\":\"nb-NO\"}]}<\/script>\n<!-- \/ Yoast SEO Premium plugin. -->","yoast_head_json":{"title":"Forside - KB utvikling","description":"Vi tilbyr mennesker uten arbeid kompetanseutvikling og attf\u00f8ring gjennom kurs og tiltak.","robots":{"index":"index","follow":"follow","max-snippet":"max-snippet:-1","max-image-preview":"max-image-preview:large","max-video-preview":"max-video-preview:-1"},"canonical":"https:\/\/kirkensbymisjon.no\/tilbud-kb-utvikling\/","og_locale":"nb_NO","og_type":"article","og_title":"Forside","og_description":"Vi tilbyr mennesker uten arbeid kompetanseutvikling og attf\u00f8ring gjennom kurs og tiltak.","og_url":"https:\/\/kirkensbymisjon.no\/tilbud-kb-utvikling\/","og_site_name":"KB utvikling","article_modified_time":"2024-09-03T07:57:47+00:00","og_image":[{"url":"https:\/\/kirkensbymisjon.no\/content\/uploads\/sites\/128\/2024\/08\/Tilbud_KB-utvikling_02-1024x773.jpg","type":"","width":"","height":""}],"twitter_card":"summary_large_image","twitter_misc":{"Ansl. lesetid":"2 minutter"},"schema":{"@context":"https:\/\/schema.org","@graph":[{"@type":"WebPage","@id":"https:\/\/kirkensbymisjon.no\/tilbud-kb-utvikling\/","url":"https:\/\/kirkensbymisjon.no\/tilbud-kb-utvikling\/","name":"Forside - KB utvikling","isPartOf":{"@id":"https:\/\/kirkensbymisjon.no\/tilbud-kb-utvikling\/#website"},"primaryImageOfPage":{"@id":"https:\/\/kirkensbymisjon.no\/tilbud-kb-utvikling\/#primaryimage"},"image":{"@id":"https:\/\/kirkensbymisjon.no\/tilbud-kb-utvikling\/#primaryimage"},"thumbnailUrl":"https:\/\/kirkensbymisjon.no\/content\/uploads\/sites\/128\/2024\/08\/Tilbud_KB-utvikling_02-1024x773.jpg","datePublished":"2024-08-11T07:32:56+00:00","dateModified":"2024-09-03T07:57:47+00:00","description":"Vi tilbyr mennesker uten arbeid kompetanseutvikling og attf\u00f8ring gjennom kurs og tiltak.","breadcrumb":{"@id":"https:\/\/kirkensbymisjon.no\/tilbud-kb-utvikling\/#breadcrumb"},"inLanguage":"nb-NO","potentialAction":[{"@type":"ReadAction","target":["https:\/\/kirkensbymisjon.no\/tilbud-kb-utvikling\/"]}]},{"@type":"ImageObject","inLanguage":"nb-NO","@id":"https:\/\/kirkensbymisjon.no\/tilbud-kb-utvikling\/#primaryimage","url":"https:\/\/kirkensbymisjon.no\/content\/uploads\/sites\/128\/2024\/08\/Tilbud_KB-utvikling_02-1024x773.jpg","contentUrl":"https:\/\/kirkensbymisjon.no\/content\/uploads\/sites\/128\/2024\/08\/Tilbud_KB-utvikling_02-1024x773.jpg"},{"@type":"BreadcrumbList","@id":"https:\/\/kirkensbymisjon.no\/tilbud-kb-utvikling\/#breadcrumb","itemListElement":[{"@type":"ListItem","position":1,"name":"Hjem","item":"https:\/\/kirkensbymisjon.no\/tilbud-kb-utvikling\/"},{"@type":"ListItem","position":2,"name":"Forside"}]},{"@type":"WebSite","@id":"https:\/\/kirkensbymisjon.no\/tilbud-kb-utvikling\/#website","url":"https:\/\/kirkensbymisjon.no\/tilbud-kb-utvikling\/","name":"KB utvikling","description":"","potentialAction":[{"@type":"SearchAction","target":{"@type":"EntryPoint","urlTemplate":"https:\/\/kirkensbymisjon.no\/tilbud-kb-utvikling\/?s={search_term_string}"},"query-input":{"@type":"PropertyValueSpecification","valueRequired":true,"valueName":"search_term_string"}}],"inLanguage":"nb-NO"}]}},"_links":{"self":[{"href":"https:\/\/kirkensbymisjon.no\/tilbud-kb-utvikling\/wp-json\/wp\/v2\/pages\/3","targetHints":{"allow":["GET"]}}],"collection":[{"href":"https:\/\/kirkensbymisjon.no\/tilbud-kb-utvikling\/wp-json\/wp\/v2\/pages"}],"about":[{"href":"https:\/\/kirkensbymisjon.no\/tilbud-kb-utvikling\/wp-json\/wp\/v2\/types\/page"}],"author":[{"embeddable":true,"href":"https:\/\/kirkensbymisjon.no\/tilbud-kb-utvikling\/wp-json\/wp\/v2\/users\/5"}],"replies":[{"embeddable":true,"href":"https:\/\/kirkensbymisjon.no\/tilbud-kb-utvikling\/wp-json\/wp\/v2\/comments?post=3"}],"version-history":[{"count":5,"href":"https:\/\/kirkensbymisjon.no\/tilbud-kb-utvikling\/wp-json\/wp\/v2\/pages\/3\/revisions"}],"predecessor-version":[{"id":37,"href":"https:\/\/kirkensbymisjon.no\/tilbud-kb-utvikling\/wp-json\/wp\/v2\/pages\/3\/revisions\/37"}],"wp:attachment":[{"href":"https:\/\/kirkensbymisjon.no\/tilbud-kb-utvikling\/wp-json\/wp\/v2\/media?parent=3"}],"curies":[{"name":"wp","href":"https:\/\/api.w.org\/{rel}","templated":true}]}}