{"id":3,"date":"2024-06-19T15:55:57","date_gmt":"2024-06-19T13:55:57","guid":{"rendered":"https:\/\/kirkensbymisjon.no\/tilbud-kirkens-bymisjons-barneverntiltak\/forside\/"},"modified":"2025-06-19T12:38:30","modified_gmt":"2025-06-19T10:38:30","slug":"forside","status":"publish","type":"page","link":"https:\/\/kirkensbymisjon.no\/tilbud-kirkens-bymisjons-barneverntiltak\/","title":{"rendered":"Forside"},"content":{"rendered":"\n<div class=\"wp-block-media-text alignwide is-stacked-on-mobile is-style-filled\"><figure class=\"wp-block-media-text__media\"><img loading=\"lazy\" decoding=\"async\" width=\"1024\" height=\"591\" src=\"https:\/\/kirkensbymisjon.no\/content\/uploads\/sites\/56\/2024\/08\/tilbud_kbb_02-1024x591.jpg\" alt=\"Mor og to barn som sitter p\u00e5 en benk utend\u00f8rs. \" class=\"wp-image-30 size-full\" srcset=\"https:\/\/kirkensbymisjon.no\/content\/uploads\/sites\/56\/2024\/08\/tilbud_kbb_02-1024x591.jpg 1024w, https:\/\/kirkensbymisjon.no\/content\/uploads\/sites\/56\/2024\/08\/tilbud_kbb_02-300x173.jpg 300w, https:\/\/kirkensbymisjon.no\/content\/uploads\/sites\/56\/2024\/08\/tilbud_kbb_02-768x443.jpg 768w, https:\/\/kirkensbymisjon.no\/content\/uploads\/sites\/56\/2024\/08\/tilbud_kbb_02-1536x887.jpg 1536w, https:\/\/kirkensbymisjon.no\/content\/uploads\/sites\/56\/2024\/08\/tilbud_kbb_02.jpg 1559w\" sizes=\"auto, (max-width: 1024px) 100vw, 1024px\" \/><\/figure><div class=\"wp-block-media-text__content\">\n<h2 class=\"wp-block-heading\" id=\"h-vi-har-lang-erfaring-med-barn-som-opplever-kriser\">Vi har lang erfaring med barn som opplever kriser<\/h2>\n\n\n\n<p>V\u00e5re tilbud har bred sosialfaglig kompetanse, med hovedvekt av ansatte med barnevernfaglig utdanning. Vi har s\u00e6rlig kompetanse innen psykisk helse, traumeforst\u00e5else og traumebehandling, milj\u00f8terapi, veiledning og familieterapi. <\/p>\n\n\n\n<p>V\u00e5rt hovedm\u00e5l er \u00e5 gi tilbud som barn, unge og familier i en vanskelig livssituasjon kan nyttiggj\u00f8re.<\/p>\n<\/div><\/div>\n\n\n\t<div class=\"wp-block-kbm-link-list\">\n\t\t<div class=\"kbm-link-list__items\">\n\t\t\t\n<a class=\"wp-block-kbm-link-list-item\" href=\"https:\/\/kirkensbymisjon.no\/tilbud-heggeli-hjelpetiltak\/\">\t<svg xmlns=\"http:\/\/www.w3.org\/2000\/svg\" viewBox=\"0 0 48 48\" height=\"24\" width=\"24\" class=\"t2-icon t2-icon-volunteering\" aria-hidden=\"true\" focusable=\"false\"><path d=\"M23.33 1.157c-.459.164-.862.527-1.11 1.001l-.22.42v9.211c0 10.395.045 9.659-.603 9.883-.286.098-.356.096-.601-.02-.55-.261-.512.307-.556-8.212-.044-8.585-.004-7.999-.593-8.588-.506-.505-.872-.65-1.647-.65-.55 0-.744.034-1.015.178-.412.219-.843.653-1.039 1.046-.139.28-.148.907-.186 13.494l-.04 13.2-2.888-4.321c-3.002-4.493-3.036-4.536-3.788-4.84-.357-.145-1.245-.13-1.604.026-.899.391-1.4 1.126-1.4 2.055 0 .605.105.842.971 2.201.826 1.295 1.75 3.04 2.71 5.119 1.268 2.745 2.467 5.172 2.981 6.034 2.373 3.98 5.378 5.888 10.151 6.446 1.014.119 3.559.163 4.113.071l.286-.047-3.126-3.048c-1.719-1.675-3.315-3.265-3.546-3.531-.922-1.066-1.411-2.4-1.407-3.845.005-2.62 1.651-4.838 4.227-5.698.58-.193.756-.214 1.88-.218 1.081-.003 1.317.02 1.84.182 1.024.318 1.849.825 2.736 1.681l.456.441.595-.565c1.254-1.192 2.72-1.781 4.436-1.782 1.081-.002 2.292.349 3.19.924l.427.273v-9.73c0-7.226-.024-9.81-.094-10.043-.12-.402-.632-.984-1.056-1.201-.398-.204-1.304-.281-1.783-.152a2.142 2.142 0 0 0-1.345 1.082l-.242.474-.04 6.593-.04 6.593-.19.154c-.427.346-.973.276-1.269-.162l-.181-.27-.001-9.088-.001-9.088-.188-.404c-.611-1.312-2.534-1.66-3.624-.655-.682.629-.621-.199-.666 9.099-.044 9.138-.004 8.51-.556 8.772-.245.116-.315.118-.601.02-.648-.224-.603.512-.603-9.883V2.578l-.223-.427c-.25-.478-.743-.901-1.199-1.027-.418-.116-1.359-.098-1.728.033m1.372 28.611c-1.11.121-2.023.574-2.869 1.423-1.568 1.572-1.855 3.79-.735 5.679.296.499.462.666 7.001 7.043l.698.681.542-.142c3.486-.919 6.794-3.671 8.386-6.979.723-1.504 1.098-2.941 1.243-4.77.11-1.383.113-1.375-.672-1.957-1.021-.758-1.887-1.019-3.21-.968-1.505.057-2.308.439-3.687 1.75-1.07 1.018-1.083 1.019-1.983.172-.928-.873-1.305-1.166-1.862-1.445a5.097 5.097 0 0 0-2.852-.487\"\/><\/svg>\t<div class=\"kbm-link-list-item__content\">\n\t\t<p class=\"kbm-link-list-item__title\">Heggeli hjelpetiltak<\/p>\n\t\t\t\t\t<p class=\"kbm-link-list-item__description\">Med et tverrfaglig team, tilrettelegger vi tjenester basert p\u00e5 individuelle behov, enten i v\u00e5re lokaler, hjemme hos familien, eller p\u00e5 andre relevante arenaer.<\/p>\n\t\t\t<\/div>\n\t<\/a>\n\n<a class=\"wp-block-kbm-link-list-item\" href=\"https:\/\/kirkensbymisjon.no\/tilbud-heggeli-familiehjem\/\">\t<svg xmlns=\"http:\/\/www.w3.org\/2000\/svg\" viewBox=\"0 0 48 48\" height=\"24\" width=\"24\" class=\"t2-icon t2-icon-heart\" aria-hidden=\"true\" focusable=\"false\"><path d=\"M12.608 7.169c-1.695.306-3.132.959-4.579 2.081-1.894 1.468-3.293 3.755-3.79 6.194-.689 3.382.232 7.499 2.57 11.489 2.339 3.991 6.459 8.359 11.511 12.202 1.924 1.463 5.432 3.825 5.682 3.825.244 0 3.789-2.389 5.678-3.826 3.507-2.666 6.767-5.781 9.058-8.654 4.107-5.151 5.927-10.598 5.023-15.036-.867-4.255-4.231-7.559-8.431-8.282-.908-.156-2.546-.157-3.46-.001-3.228.55-6.151 2.758-7.548 5.699-.151.319-.296.58-.32.58-.025 0-.212-.333-.416-.74-1.452-2.905-4.266-4.995-7.456-5.539-.885-.151-2.667-.147-3.522.008\"\/><\/svg>\t<div class=\"kbm-link-list-item__content\">\n\t\t<p class=\"kbm-link-list-item__title\">Heggeli fosterhjem<\/p>\n\t\t\t\t\t<p class=\"kbm-link-list-item__description\">Heggeli Fosterhjem er spesialiserte fosterhjem som f\u00e5r unik og skreddersydd oppf\u00f8lging fra v\u00e5rt fagmilj\u00f8.<\/p>\n\t\t\t<\/div>\n\t<\/a>\n\n<a class=\"wp-block-kbm-link-list-item\" href=\"\/tilbud-heggeli-barnehjem\/\">\t<svg xmlns=\"http:\/\/www.w3.org\/2000\/svg\" viewBox=\"0 0 48 48\" height=\"24\" width=\"24\" class=\"t2-icon t2-icon-child\" aria-hidden=\"true\" focusable=\"false\"><path d=\"M22.48 4.083a22.9 22.9 0 0 0-3.643.637c-4.782 1.215-9.055 4.091-11.768 7.92-1.339 1.89-2.379 4.2-2.87 6.374-.107.471-.174.877-.15.902.087.087 4.165.035 4.951-.064 3.552-.445 6.287-1.242 9.377-2.733 5.019-2.422 9.062-6.008 11.68-10.359.454-.755.903-1.587.903-1.674 0-.134-2.46-.708-3.8-.887-1.157-.154-3.632-.216-4.68-.116m10.334 2.053c-.147.277-.484 1.442-.611 2.11-.603 3.166.272 6.614 2.33 9.186 2.143 2.678 5.219 4.283 8.691 4.534l.785.057-.052-.432c-.466-3.924-1.689-6.961-4.022-9.991-.725-.941-2.455-2.645-3.418-3.367a23.81 23.81 0 0 0-2.932-1.863c-.637-.346-.702-.366-.771-.234m-3.385 4.556c-1.996 2.789-4.882 5.435-7.847 7.195-4.513 2.679-9.686 4.12-15.89 4.426-.852.042-1.572.1-1.6.129-.112.112-.04 3.203.098 4.158.331 2.31.953 4.278 2.007 6.346 2.145 4.213 5.559 7.445 9.883 9.359 4.618 2.043 9.756 2.228 14.6.527 1.926-.677 4.461-2.119 6.03-3.43 4.305-3.6 6.941-8.865 7.258-14.502.03-.539.033-.98.007-.98-.026 0-.468-.055-.982-.123-5.668-.743-9.68-3.183-11.634-7.077-.427-.851-.977-2.522-1.158-3.52a23.852 23.852 0 0 1-.23-1.948l-.091-1.189-.451.629M18.84 24.141c.429.222.955.777 1.154 1.219.109.242.163.531.163.88.002.688-.238 1.202-.794 1.702-.971.873-2.304.78-3.187-.223-.556-.631-.715-1.441-.442-2.245.173-.508.883-1.235 1.386-1.419.48-.176 1.292-.135 1.72.086m13.058.008c1.112.567 1.642 1.95 1.146 2.99-.701 1.47-2.463 1.834-3.656.756-.496-.448-.708-.942-.708-1.655 0-.516.033-.66.237-1.028.284-.513.811-.997 1.269-1.166.459-.169 1.275-.121 1.712.103\"\/><\/svg>\t<div class=\"kbm-link-list-item__content\">\n\t\t<p class=\"kbm-link-list-item__title\">Heggeli barnehjem<\/p>\n\t\t\t\t\t<p class=\"kbm-link-list-item__description\">Et tilbud til barn mellom 6\u201314 \u00e5r, fordelt p\u00e5 tre avdelinger. Alle avdelingene ligger p\u00e5 et tun p\u00e5 Nordstrand i Oslo. \u00a0<\/p>\n\t\t\t<\/div>\n\t<\/a>\n\n<a class=\"wp-block-kbm-link-list-item\" href=\"\/tilbud-heggeli-ungdomshjem\/\">\t<svg xmlns=\"http:\/\/www.w3.org\/2000\/svg\" viewBox=\"0 0 48 48\" height=\"24\" width=\"24\" class=\"t2-icon t2-icon-housing\" aria-hidden=\"true\" focusable=\"false\"><path d=\"M23.546 3.463c-.096.053-4.748 4.237-10.338 9.297l-10.164 9.2 2.478.021L8 22.002v11.087c0 10.096.012 11.111.131 11.362.256.541.306.549 3.393.549 3.033 0 3.006.004 3.335-.498.131-.199.144-.674.181-6.605l.04-6.39.261-.234.262-.233h2.842c3.152 0 3.185.005 3.424.509.118.247.131.901.131 6.451 0 6.834-.019 6.573.511 6.864.23.126.873.136 8.489.136 7.616 0 8.259-.01 8.489-.136.546-.299.511.504.511-11.775V22.002l2.477-.021 2.478-.021-10.128-9.16c-5.57-5.038-10.222-9.223-10.337-9.299-.242-.161-.691-.179-.944-.038\"\/><\/svg>\t<div class=\"kbm-link-list-item__content\">\n\t\t<p class=\"kbm-link-list-item__title\">Heggeli ungdomshjem<\/p>\n\t\t\t\t\t<p class=\"kbm-link-list-item__description\">Et helhetlig omsorgs- og oppvekstmilj\u00f8 for ungdommer mellom 12\u201318 \u00e5r. Avdelingen ligger p\u00e5 Sk\u00f8yen i Oslo.<\/p>\n\t\t\t<\/div>\n\t<\/a>\n\t\t<\/div>\n\t<\/div>\n\t","protected":false},"excerpt":{"rendered":"<p>Vi har lang erfaring med barn som opplever kriser V\u00e5re tilbud har bred sosialfaglig kompetanse,&hellip;<\/p>\n","protected":false},"author":2,"featured_media":4,"parent":0,"menu_order":0,"comment_status":"closed","ping_status":"closed","template":"","meta":{"_relevanssi_hide_post":"","_relevanssi_hide_content":"","_relevanssi_pin_for_all":"","_relevanssi_pin_keywords":"","_relevanssi_unpin_keywords":"","_relevanssi_related_keywords":"","_relevanssi_related_include_ids":"","_relevanssi_related_exclude_ids":"","_relevanssi_related_no_append":"","_relevanssi_related_not_related":"","_relevanssi_related_posts":"1","_relevanssi_noindex_reason":"","editor_notices":[],"footnotes":""},"class_list":["post-3","page","type-page","status-publish","has-post-thumbnail","hentry"],"yoast_head":"<!-- This site is optimized with the Yoast SEO Premium plugin v27.2 (Yoast SEO v27.2) - https:\/\/yoast.com\/product\/yoast-seo-premium-wordpress\/ -->\n<title>Kirkens Bymisjon - Kirkens Bymisjons barneverntiltak<\/title>\n<meta name=\"description\" content=\"Vi skreddersyr barnevernstjenester for noen av de mest komplekse sakene i barnevernet.\" \/>\n<meta name=\"robots\" content=\"index, follow, max-snippet:-1, max-image-preview:large, max-video-preview:-1\" \/>\n<link rel=\"canonical\" href=\"https:\/\/kirkensbymisjon.no\/tilbud-kirkens-bymisjons-barneverntiltak\/\" \/>\n<meta property=\"og:locale\" content=\"nb_NO\" \/>\n<meta property=\"og:type\" content=\"article\" \/>\n<meta property=\"og:title\" content=\"Kirkens Bymisjon - Kirkens Bymisjons barneverntiltak\" \/>\n<meta property=\"og:description\" content=\"Vi skreddersyr barnevernstjenester for noen av de mest komplekse sakene i barnevernet.\" \/>\n<meta property=\"og:url\" content=\"https:\/\/kirkensbymisjon.no\/tilbud-kirkens-bymisjons-barneverntiltak\/\" \/>\n<meta property=\"og:site_name\" content=\"Kirkens Bymisjons barneverntiltak\" \/>\n<meta property=\"article:modified_time\" content=\"2025-06-19T10:38:30+00:00\" \/>\n<meta property=\"og:image\" content=\"https:\/\/kirkensbymisjon.no\/content\/uploads\/sites\/56\/2024\/06\/Tilbud_KBB_01.jpeg\" \/>\n\t<meta property=\"og:image:width\" content=\"1000\" \/>\n\t<meta property=\"og:image:height\" content=\"500\" \/>\n\t<meta property=\"og:image:type\" content=\"image\/jpeg\" \/>\n<meta name=\"twitter:card\" content=\"summary_large_image\" \/>\n<meta name=\"twitter:title\" content=\"Forside\" \/>\n<meta name=\"twitter:label1\" content=\"Ansl. lesetid\" \/>\n\t<meta name=\"twitter:data1\" content=\"1 minutt\" \/>\n<script type=\"application\/ld+json\" class=\"yoast-schema-graph\">{\"@context\":\"https:\/\/schema.org\",\"@graph\":[{\"@type\":\"WebPage\",\"@id\":\"https:\/\/kirkensbymisjon.no\/tilbud-kirkens-bymisjons-barneverntiltak\/\",\"url\":\"https:\/\/kirkensbymisjon.no\/tilbud-kirkens-bymisjons-barneverntiltak\/\",\"name\":\"Kirkens Bymisjon - Kirkens Bymisjons barneverntiltak\",\"isPartOf\":{\"@id\":\"https:\/\/kirkensbymisjon.no\/tilbud-kirkens-bymisjons-barneverntiltak\/#website\"},\"primaryImageOfPage\":{\"@id\":\"https:\/\/kirkensbymisjon.no\/tilbud-kirkens-bymisjons-barneverntiltak\/#primaryimage\"},\"image\":{\"@id\":\"https:\/\/kirkensbymisjon.no\/tilbud-kirkens-bymisjons-barneverntiltak\/#primaryimage\"},\"thumbnailUrl\":\"https:\/\/kirkensbymisjon.no\/content\/uploads\/sites\/56\/2024\/06\/Tilbud_KBB_01.jpeg\",\"datePublished\":\"2024-06-19T13:55:57+00:00\",\"dateModified\":\"2025-06-19T10:38:30+00:00\",\"description\":\"Vi skreddersyr barnevernstjenester for noen av de mest komplekse sakene i barnevernet.\",\"breadcrumb\":{\"@id\":\"https:\/\/kirkensbymisjon.no\/tilbud-kirkens-bymisjons-barneverntiltak\/#breadcrumb\"},\"inLanguage\":\"nb-NO\",\"potentialAction\":[{\"@type\":\"ReadAction\",\"target\":[\"https:\/\/kirkensbymisjon.no\/tilbud-kirkens-bymisjons-barneverntiltak\/\"]}]},{\"@type\":\"ImageObject\",\"inLanguage\":\"nb-NO\",\"@id\":\"https:\/\/kirkensbymisjon.no\/tilbud-kirkens-bymisjons-barneverntiltak\/#primaryimage\",\"url\":\"https:\/\/kirkensbymisjon.no\/content\/uploads\/sites\/56\/2024\/06\/Tilbud_KBB_01.jpeg\",\"contentUrl\":\"https:\/\/kirkensbymisjon.no\/content\/uploads\/sites\/56\/2024\/06\/Tilbud_KBB_01.jpeg\",\"width\":1000,\"height\":500,\"caption\":\"Jente som ser ut i lufta\"},{\"@type\":\"BreadcrumbList\",\"@id\":\"https:\/\/kirkensbymisjon.no\/tilbud-kirkens-bymisjons-barneverntiltak\/#breadcrumb\",\"itemListElement\":[{\"@type\":\"ListItem\",\"position\":1,\"name\":\"Hjem\",\"item\":\"https:\/\/kirkensbymisjon.no\/tilbud-kirkens-bymisjons-barneverntiltak\/\"},{\"@type\":\"ListItem\",\"position\":2,\"name\":\"Forside\"}]},{\"@type\":\"WebSite\",\"@id\":\"https:\/\/kirkensbymisjon.no\/tilbud-kirkens-bymisjons-barneverntiltak\/#website\",\"url\":\"https:\/\/kirkensbymisjon.no\/tilbud-kirkens-bymisjons-barneverntiltak\/\",\"name\":\"Kirkens Bymisjons barneverntiltak\",\"description\":\"\",\"potentialAction\":[{\"@type\":\"SearchAction\",\"target\":{\"@type\":\"EntryPoint\",\"urlTemplate\":\"https:\/\/kirkensbymisjon.no\/tilbud-kirkens-bymisjons-barneverntiltak\/?s={search_term_string}\"},\"query-input\":{\"@type\":\"PropertyValueSpecification\",\"valueRequired\":true,\"valueName\":\"search_term_string\"}}],\"inLanguage\":\"nb-NO\"}]}<\/script>\n<!-- \/ Yoast SEO Premium plugin. -->","yoast_head_json":{"title":"Kirkens Bymisjon - Kirkens Bymisjons barneverntiltak","description":"Vi skreddersyr barnevernstjenester for noen av de mest komplekse sakene i barnevernet.","robots":{"index":"index","follow":"follow","max-snippet":"max-snippet:-1","max-image-preview":"max-image-preview:large","max-video-preview":"max-video-preview:-1"},"canonical":"https:\/\/kirkensbymisjon.no\/tilbud-kirkens-bymisjons-barneverntiltak\/","og_locale":"nb_NO","og_type":"article","og_title":"Kirkens Bymisjon - Kirkens Bymisjons barneverntiltak","og_description":"Vi skreddersyr barnevernstjenester for noen av de mest komplekse sakene i barnevernet.","og_url":"https:\/\/kirkensbymisjon.no\/tilbud-kirkens-bymisjons-barneverntiltak\/","og_site_name":"Kirkens Bymisjons barneverntiltak","article_modified_time":"2025-06-19T10:38:30+00:00","og_image":[{"width":1000,"height":500,"url":"https:\/\/kirkensbymisjon.no\/content\/uploads\/sites\/56\/2024\/06\/Tilbud_KBB_01.jpeg","type":"image\/jpeg"}],"twitter_card":"summary_large_image","twitter_title":"Forside","twitter_misc":{"Ansl. lesetid":"1 minutt"},"schema":{"@context":"https:\/\/schema.org","@graph":[{"@type":"WebPage","@id":"https:\/\/kirkensbymisjon.no\/tilbud-kirkens-bymisjons-barneverntiltak\/","url":"https:\/\/kirkensbymisjon.no\/tilbud-kirkens-bymisjons-barneverntiltak\/","name":"Kirkens Bymisjon - Kirkens Bymisjons barneverntiltak","isPartOf":{"@id":"https:\/\/kirkensbymisjon.no\/tilbud-kirkens-bymisjons-barneverntiltak\/#website"},"primaryImageOfPage":{"@id":"https:\/\/kirkensbymisjon.no\/tilbud-kirkens-bymisjons-barneverntiltak\/#primaryimage"},"image":{"@id":"https:\/\/kirkensbymisjon.no\/tilbud-kirkens-bymisjons-barneverntiltak\/#primaryimage"},"thumbnailUrl":"https:\/\/kirkensbymisjon.no\/content\/uploads\/sites\/56\/2024\/06\/Tilbud_KBB_01.jpeg","datePublished":"2024-06-19T13:55:57+00:00","dateModified":"2025-06-19T10:38:30+00:00","description":"Vi skreddersyr barnevernstjenester for noen av de mest komplekse sakene i barnevernet.","breadcrumb":{"@id":"https:\/\/kirkensbymisjon.no\/tilbud-kirkens-bymisjons-barneverntiltak\/#breadcrumb"},"inLanguage":"nb-NO","potentialAction":[{"@type":"ReadAction","target":["https:\/\/kirkensbymisjon.no\/tilbud-kirkens-bymisjons-barneverntiltak\/"]}]},{"@type":"ImageObject","inLanguage":"nb-NO","@id":"https:\/\/kirkensbymisjon.no\/tilbud-kirkens-bymisjons-barneverntiltak\/#primaryimage","url":"https:\/\/kirkensbymisjon.no\/content\/uploads\/sites\/56\/2024\/06\/Tilbud_KBB_01.jpeg","contentUrl":"https:\/\/kirkensbymisjon.no\/content\/uploads\/sites\/56\/2024\/06\/Tilbud_KBB_01.jpeg","width":1000,"height":500,"caption":"Jente som ser ut i lufta"},{"@type":"BreadcrumbList","@id":"https:\/\/kirkensbymisjon.no\/tilbud-kirkens-bymisjons-barneverntiltak\/#breadcrumb","itemListElement":[{"@type":"ListItem","position":1,"name":"Hjem","item":"https:\/\/kirkensbymisjon.no\/tilbud-kirkens-bymisjons-barneverntiltak\/"},{"@type":"ListItem","position":2,"name":"Forside"}]},{"@type":"WebSite","@id":"https:\/\/kirkensbymisjon.no\/tilbud-kirkens-bymisjons-barneverntiltak\/#website","url":"https:\/\/kirkensbymisjon.no\/tilbud-kirkens-bymisjons-barneverntiltak\/","name":"Kirkens Bymisjons barneverntiltak","description":"","potentialAction":[{"@type":"SearchAction","target":{"@type":"EntryPoint","urlTemplate":"https:\/\/kirkensbymisjon.no\/tilbud-kirkens-bymisjons-barneverntiltak\/?s={search_term_string}"},"query-input":{"@type":"PropertyValueSpecification","valueRequired":true,"valueName":"search_term_string"}}],"inLanguage":"nb-NO"}]}},"_links":{"self":[{"href":"https:\/\/kirkensbymisjon.no\/tilbud-kirkens-bymisjons-barneverntiltak\/wp-json\/wp\/v2\/pages\/3","targetHints":{"allow":["GET"]}}],"collection":[{"href":"https:\/\/kirkensbymisjon.no\/tilbud-kirkens-bymisjons-barneverntiltak\/wp-json\/wp\/v2\/pages"}],"about":[{"href":"https:\/\/kirkensbymisjon.no\/tilbud-kirkens-bymisjons-barneverntiltak\/wp-json\/wp\/v2\/types\/page"}],"author":[{"embeddable":true,"href":"https:\/\/kirkensbymisjon.no\/tilbud-kirkens-bymisjons-barneverntiltak\/wp-json\/wp\/v2\/users\/2"}],"replies":[{"embeddable":true,"href":"https:\/\/kirkensbymisjon.no\/tilbud-kirkens-bymisjons-barneverntiltak\/wp-json\/wp\/v2\/comments?post=3"}],"version-history":[{"count":6,"href":"https:\/\/kirkensbymisjon.no\/tilbud-kirkens-bymisjons-barneverntiltak\/wp-json\/wp\/v2\/pages\/3\/revisions"}],"predecessor-version":[{"id":76,"href":"https:\/\/kirkensbymisjon.no\/tilbud-kirkens-bymisjons-barneverntiltak\/wp-json\/wp\/v2\/pages\/3\/revisions\/76"}],"wp:featuredmedia":[{"embeddable":true,"href":"https:\/\/kirkensbymisjon.no\/tilbud-kirkens-bymisjons-barneverntiltak\/wp-json\/wp\/v2\/media\/4"}],"wp:attachment":[{"href":"https:\/\/kirkensbymisjon.no\/tilbud-kirkens-bymisjons-barneverntiltak\/wp-json\/wp\/v2\/media?parent=3"}],"curies":[{"name":"wp","href":"https:\/\/api.w.org\/{rel}","templated":true}]}}