{"id":24,"date":"2024-07-24T12:11:26","date_gmt":"2024-07-24T10:11:26","guid":{"rendered":"https:\/\/kirkensbymisjon.no\/tilbud-korskirken\/?page_id=24"},"modified":"2024-12-13T11:30:30","modified_gmt":"2024-12-13T10:30:30","slug":"utleie","status":"publish","type":"page","link":"https:\/\/kirkensbymisjon.no\/tilbud-korskirken\/utleie\/","title":{"rendered":"Utleie"},"content":{"rendered":"\n<h2 class=\"wp-block-heading\" id=\"h-utleie\">Utleie<\/h2>\n\n\n\n<p>Korskirken ligger sentralt i Bergen og er en historisk middelalderkirke som kan huse b\u00e5de sm\u00e5 og store konserter. Fra og med desember 2024 vil den v\u00e6re enda bedre egnet til kulturarrangementer enn f\u00f8r. Korskirken er en sv\u00e6rt attraktiv kirkescene i Bergen. Kirken har en scene p\u00e5 nesten 100 kvadratmeter og et <a href=\"https:\/\/lyrapianos.com.au\/product\/yamaha-cfiii-concert-grand-piano\/\" target=\"_blank\" rel=\"noreferrer noopener\">Yamaha CFIII konsertflygel<\/a> av h\u00f8y kvalitet. Akustikken (etterklangen) er sv\u00e6rt godt egnet for konserter, og kirkebygget fra 1100-tallet gir en unik ramme til alle typer kulturarrangementer. I tillegg har vi et lys- og lydanlegg som fungerer bra p\u00e5 sm\u00e5 og mellomstore arrangementer.<\/p>\n\n\n\n<p><strong>Kirken har en scene p\u00e5 nesten 100 kvadratmeter, og kirkerommet har plass til om lag 400 personer.<\/strong><\/p>\n\n\n\n<p>Har du sp\u00f8rsm\u00e5l, <a href=\"\/tilbud-korskirken\/kontaktinformasjon#kontaktpersoner\">ta gjerne kontakt!<\/a><\/p>\n\n\n\n<h3 class=\"wp-block-heading\" id=\"h-leiepriser\"><strong>Leiepriser<\/strong><br><\/h3>\n\n\n\n<ul class=\"wp-block-list\">\n<li><strong>Utleie til arrangement med publikum<\/strong>: <br>15 % av brutto billettinntekter (min. kr 3.600 pr. kveld).<\/li>\n\n\n\n<li><strong>Pr\u00f8vedag i tilknytning til konsert<\/strong>: <br>kr 1.000 pr. kveld.<\/li>\n\n\n\n<li><strong>Enkeltst\u00e5ende pr\u00f8vedag uten tilknytning til konsert i Korskirken<\/strong>: <br>kr 1.500 pr. kveld.<\/li>\n\n\n\n<li><strong>Bruk av flygelet p\u00e5 konserter (inkluderer stemming)<\/strong>: <br>kr 2.700 pr. kveld.<\/li>\n\n\n\n<li><strong>Kirketjener kommer i tillegg<\/strong>: <br>kr 400 pr. time. <br><em>Kirketjener m\u00e5 normalt v\u00e6re tilstede under hele leieperioden.<\/em><\/li>\n<\/ul>\n\n\n\n<p>Lyd- og lysanlegget kan brukes uten tillegg i prisen, men leietaker m\u00e5 selv skaffe personer til \u00e5 betjene dette utstyret.<\/p>\n","protected":false},"excerpt":{"rendered":"<p>Utleie Korskirken ligger sentralt i Bergen og er en historisk middelalderkirke som kan huse b\u00e5de&hellip;<\/p>\n","protected":false},"author":6,"featured_media":0,"parent":0,"menu_order":0,"comment_status":"closed","ping_status":"closed","template":"","meta":{"_relevanssi_hide_post":"","_relevanssi_hide_content":"","_relevanssi_pin_for_all":"","_relevanssi_pin_keywords":"","_relevanssi_unpin_keywords":"","_relevanssi_related_keywords":"","_relevanssi_related_include_ids":"","_relevanssi_related_exclude_ids":"","_relevanssi_related_no_append":"","_relevanssi_related_not_related":"","_relevanssi_related_posts":"1","_relevanssi_noindex_reason":"","editor_notices":[],"footnotes":""},"class_list":["post-24","page","type-page","status-publish","hentry"],"yoast_head":"<!-- This site is optimized with the Yoast SEO Premium plugin v27.2 (Yoast SEO v27.2) - https:\/\/yoast.com\/product\/yoast-seo-premium-wordpress\/ -->\n<title>Utleie - Korskirken<\/title>\n<meta name=\"robots\" content=\"index, follow, max-snippet:-1, max-image-preview:large, max-video-preview:-1\" \/>\n<link rel=\"canonical\" href=\"https:\/\/kirkensbymisjon.no\/tilbud-korskirken\/utleie\/\" \/>\n<meta property=\"og:locale\" content=\"nb_NO\" \/>\n<meta property=\"og:type\" content=\"article\" \/>\n<meta property=\"og:title\" content=\"Utleie\" \/>\n<meta property=\"og:description\" content=\"Utleie Korskirken ligger sentralt i Bergen og er en historisk middelalderkirke som kan huse b\u00e5de&hellip;\" \/>\n<meta property=\"og:url\" content=\"https:\/\/kirkensbymisjon.no\/tilbud-korskirken\/utleie\/\" \/>\n<meta property=\"og:site_name\" content=\"Korskirken\" \/>\n<meta property=\"article:modified_time\" content=\"2024-12-13T10:30:30+00:00\" \/>\n<meta name=\"twitter:card\" content=\"summary_large_image\" \/>\n<meta name=\"twitter:label1\" content=\"Ansl. lesetid\" \/>\n\t<meta name=\"twitter:data1\" content=\"2 minutter\" \/>\n<script type=\"application\/ld+json\" class=\"yoast-schema-graph\">{\"@context\":\"https:\/\/schema.org\",\"@graph\":[{\"@type\":\"WebPage\",\"@id\":\"https:\/\/kirkensbymisjon.no\/tilbud-korskirken\/utleie\/\",\"url\":\"https:\/\/kirkensbymisjon.no\/tilbud-korskirken\/utleie\/\",\"name\":\"Utleie - Korskirken\",\"isPartOf\":{\"@id\":\"https:\/\/kirkensbymisjon.no\/tilbud-korskirken\/#website\"},\"datePublished\":\"2024-07-24T10:11:26+00:00\",\"dateModified\":\"2024-12-13T10:30:30+00:00\",\"breadcrumb\":{\"@id\":\"https:\/\/kirkensbymisjon.no\/tilbud-korskirken\/utleie\/#breadcrumb\"},\"inLanguage\":\"nb-NO\",\"potentialAction\":[{\"@type\":\"ReadAction\",\"target\":[\"https:\/\/kirkensbymisjon.no\/tilbud-korskirken\/utleie\/\"]}]},{\"@type\":\"BreadcrumbList\",\"@id\":\"https:\/\/kirkensbymisjon.no\/tilbud-korskirken\/utleie\/#breadcrumb\",\"itemListElement\":[{\"@type\":\"ListItem\",\"position\":1,\"name\":\"Hjem\",\"item\":\"https:\/\/kirkensbymisjon.no\/tilbud-korskirken\/\"},{\"@type\":\"ListItem\",\"position\":2,\"name\":\"Utleie\"}]},{\"@type\":\"WebSite\",\"@id\":\"https:\/\/kirkensbymisjon.no\/tilbud-korskirken\/#website\",\"url\":\"https:\/\/kirkensbymisjon.no\/tilbud-korskirken\/\",\"name\":\"Korskirken\",\"description\":\"\",\"potentialAction\":[{\"@type\":\"SearchAction\",\"target\":{\"@type\":\"EntryPoint\",\"urlTemplate\":\"https:\/\/kirkensbymisjon.no\/tilbud-korskirken\/?s={search_term_string}\"},\"query-input\":{\"@type\":\"PropertyValueSpecification\",\"valueRequired\":true,\"valueName\":\"search_term_string\"}}],\"inLanguage\":\"nb-NO\"}]}<\/script>\n<!-- \/ Yoast SEO Premium plugin. -->","yoast_head_json":{"title":"Utleie - Korskirken","robots":{"index":"index","follow":"follow","max-snippet":"max-snippet:-1","max-image-preview":"max-image-preview:large","max-video-preview":"max-video-preview:-1"},"canonical":"https:\/\/kirkensbymisjon.no\/tilbud-korskirken\/utleie\/","og_locale":"nb_NO","og_type":"article","og_title":"Utleie","og_description":"Utleie Korskirken ligger sentralt i Bergen og er en historisk middelalderkirke som kan huse b\u00e5de&hellip;","og_url":"https:\/\/kirkensbymisjon.no\/tilbud-korskirken\/utleie\/","og_site_name":"Korskirken","article_modified_time":"2024-12-13T10:30:30+00:00","twitter_card":"summary_large_image","twitter_misc":{"Ansl. lesetid":"2 minutter"},"schema":{"@context":"https:\/\/schema.org","@graph":[{"@type":"WebPage","@id":"https:\/\/kirkensbymisjon.no\/tilbud-korskirken\/utleie\/","url":"https:\/\/kirkensbymisjon.no\/tilbud-korskirken\/utleie\/","name":"Utleie - Korskirken","isPartOf":{"@id":"https:\/\/kirkensbymisjon.no\/tilbud-korskirken\/#website"},"datePublished":"2024-07-24T10:11:26+00:00","dateModified":"2024-12-13T10:30:30+00:00","breadcrumb":{"@id":"https:\/\/kirkensbymisjon.no\/tilbud-korskirken\/utleie\/#breadcrumb"},"inLanguage":"nb-NO","potentialAction":[{"@type":"ReadAction","target":["https:\/\/kirkensbymisjon.no\/tilbud-korskirken\/utleie\/"]}]},{"@type":"BreadcrumbList","@id":"https:\/\/kirkensbymisjon.no\/tilbud-korskirken\/utleie\/#breadcrumb","itemListElement":[{"@type":"ListItem","position":1,"name":"Hjem","item":"https:\/\/kirkensbymisjon.no\/tilbud-korskirken\/"},{"@type":"ListItem","position":2,"name":"Utleie"}]},{"@type":"WebSite","@id":"https:\/\/kirkensbymisjon.no\/tilbud-korskirken\/#website","url":"https:\/\/kirkensbymisjon.no\/tilbud-korskirken\/","name":"Korskirken","description":"","potentialAction":[{"@type":"SearchAction","target":{"@type":"EntryPoint","urlTemplate":"https:\/\/kirkensbymisjon.no\/tilbud-korskirken\/?s={search_term_string}"},"query-input":{"@type":"PropertyValueSpecification","valueRequired":true,"valueName":"search_term_string"}}],"inLanguage":"nb-NO"}]}},"_links":{"self":[{"href":"https:\/\/kirkensbymisjon.no\/tilbud-korskirken\/wp-json\/wp\/v2\/pages\/24","targetHints":{"allow":["GET"]}}],"collection":[{"href":"https:\/\/kirkensbymisjon.no\/tilbud-korskirken\/wp-json\/wp\/v2\/pages"}],"about":[{"href":"https:\/\/kirkensbymisjon.no\/tilbud-korskirken\/wp-json\/wp\/v2\/types\/page"}],"author":[{"embeddable":true,"href":"https:\/\/kirkensbymisjon.no\/tilbud-korskirken\/wp-json\/wp\/v2\/users\/6"}],"replies":[{"embeddable":true,"href":"https:\/\/kirkensbymisjon.no\/tilbud-korskirken\/wp-json\/wp\/v2\/comments?post=24"}],"version-history":[{"count":5,"href":"https:\/\/kirkensbymisjon.no\/tilbud-korskirken\/wp-json\/wp\/v2\/pages\/24\/revisions"}],"predecessor-version":[{"id":64,"href":"https:\/\/kirkensbymisjon.no\/tilbud-korskirken\/wp-json\/wp\/v2\/pages\/24\/revisions\/64"}],"wp:attachment":[{"href":"https:\/\/kirkensbymisjon.no\/tilbud-korskirken\/wp-json\/wp\/v2\/media?parent=24"}],"curies":[{"name":"wp","href":"https:\/\/api.w.org\/{rel}","templated":true}]}}