{"id":3,"date":"2024-06-26T23:46:06","date_gmt":"2024-06-26T21:46:06","guid":{"rendered":"https:\/\/kirkensbymisjon.no\/tilbud-korskirken\/forside\/"},"modified":"2024-12-13T11:29:49","modified_gmt":"2024-12-13T10:29:49","slug":"forside","status":"publish","type":"page","link":"https:\/\/kirkensbymisjon.no\/tilbud-korskirken\/","title":{"rendered":"Forside"},"content":{"rendered":"\n<p>Korskirken er en av de eldste kirkene i Bergen og forvaltes av oss som en \u00e5pen kirke. Dette er en kirke for hele byen, der \u00abrom for alle\u00bb er b\u00e6rebjelken i v\u00e5r diakonale selvforst\u00e5else.<\/p>\n\n\n\n<p>Lysgloben har en sentral plass i kirken, der folk kan formidle tanker, gleder eller sorg i det stille eller h\u00f8yt. Det er ogs\u00e5 anledning til samtale med prest, diakon eller frivillige medhjelpere med livserfaring for de som \u00f8nsker det. Det er ogs\u00e5 et rom for stillhet og ettertanke for de som \u00f8nsker det.<\/p>\n","protected":false},"excerpt":{"rendered":"<p>Korskirken er en av de eldste kirkene i Bergen og forvaltes av oss som en&hellip;<\/p>\n","protected":false},"author":5,"featured_media":0,"parent":0,"menu_order":0,"comment_status":"closed","ping_status":"closed","template":"","meta":{"_relevanssi_hide_post":"","_relevanssi_hide_content":"","_relevanssi_pin_for_all":"","_relevanssi_pin_keywords":"","_relevanssi_unpin_keywords":"","_relevanssi_related_keywords":"","_relevanssi_related_include_ids":"","_relevanssi_related_exclude_ids":"","_relevanssi_related_no_append":"","_relevanssi_related_not_related":"","_relevanssi_related_posts":"1","_relevanssi_noindex_reason":"","editor_notices":[],"footnotes":""},"class_list":["post-3","page","type-page","status-publish","hentry"],"yoast_head":"<!-- This site is optimized with the Yoast SEO Premium plugin v27.2 (Yoast SEO v27.2) - https:\/\/yoast.com\/product\/yoast-seo-premium-wordpress\/ -->\n<title>Kirkens Bymisjon - Korskirken<\/title>\n<meta name=\"description\" content=\"\u00c5pen kirke. Korskirken er en av de eldste kirkene i Bergen. Her kan du snakke med prest eller frivillige, og finne rom til ettertanke.\" \/>\n<meta name=\"robots\" content=\"index, follow, max-snippet:-1, max-image-preview:large, max-video-preview:-1\" \/>\n<link rel=\"canonical\" href=\"https:\/\/kirkensbymisjon.no\/tilbud-korskirken\/\" \/>\n<meta property=\"og:locale\" content=\"nb_NO\" \/>\n<meta property=\"og:type\" content=\"article\" \/>\n<meta property=\"og:title\" content=\"Kirkens Bymisjon - Korskirken\" \/>\n<meta property=\"og:description\" content=\"\u00c5pen kirke. Korskirken er en av de eldste kirkene i Bergen. Her kan du snakke med prest eller frivillige, og finne rom til ettertanke.\" \/>\n<meta property=\"og:url\" content=\"https:\/\/kirkensbymisjon.no\/tilbud-korskirken\/\" \/>\n<meta property=\"og:site_name\" content=\"Korskirken\" \/>\n<meta property=\"article:modified_time\" content=\"2024-12-13T10:29:49+00:00\" \/>\n<meta property=\"og:image\" content=\"https:\/\/kirkensbymisjon.no\/content\/uploads\/sites\/97\/2024\/06\/Tilbud_Korskirken_01.jpeg\" \/>\n\t<meta property=\"og:image:width\" content=\"2560\" \/>\n\t<meta property=\"og:image:height\" content=\"1707\" \/>\n\t<meta property=\"og:image:type\" content=\"image\/jpeg\" \/>\n<meta name=\"twitter:card\" content=\"summary_large_image\" \/>\n<meta name=\"twitter:title\" content=\"Forside\" \/>\n<meta name=\"twitter:label1\" content=\"Ansl. lesetid\" \/>\n\t<meta name=\"twitter:data1\" content=\"1 minutt\" \/>\n<script type=\"application\/ld+json\" class=\"yoast-schema-graph\">{\"@context\":\"https:\/\/schema.org\",\"@graph\":[{\"@type\":\"WebPage\",\"@id\":\"https:\/\/kirkensbymisjon.no\/tilbud-korskirken\/\",\"url\":\"https:\/\/kirkensbymisjon.no\/tilbud-korskirken\/\",\"name\":\"Kirkens Bymisjon - Korskirken\",\"isPartOf\":{\"@id\":\"https:\/\/kirkensbymisjon.no\/tilbud-korskirken\/#website\"},\"datePublished\":\"2024-06-26T21:46:06+00:00\",\"dateModified\":\"2024-12-13T10:29:49+00:00\",\"description\":\"\u00c5pen kirke. Korskirken er en av de eldste kirkene i Bergen. Her kan du snakke med prest eller frivillige, og finne rom til ettertanke.\",\"breadcrumb\":{\"@id\":\"https:\/\/kirkensbymisjon.no\/tilbud-korskirken\/#breadcrumb\"},\"inLanguage\":\"nb-NO\",\"potentialAction\":[{\"@type\":\"ReadAction\",\"target\":[\"https:\/\/kirkensbymisjon.no\/tilbud-korskirken\/\"]}]},{\"@type\":\"BreadcrumbList\",\"@id\":\"https:\/\/kirkensbymisjon.no\/tilbud-korskirken\/#breadcrumb\",\"itemListElement\":[{\"@type\":\"ListItem\",\"position\":1,\"name\":\"Hjem\",\"item\":\"https:\/\/kirkensbymisjon.no\/tilbud-korskirken\/\"},{\"@type\":\"ListItem\",\"position\":2,\"name\":\"Forside\"}]},{\"@type\":\"WebSite\",\"@id\":\"https:\/\/kirkensbymisjon.no\/tilbud-korskirken\/#website\",\"url\":\"https:\/\/kirkensbymisjon.no\/tilbud-korskirken\/\",\"name\":\"Korskirken\",\"description\":\"\",\"potentialAction\":[{\"@type\":\"SearchAction\",\"target\":{\"@type\":\"EntryPoint\",\"urlTemplate\":\"https:\/\/kirkensbymisjon.no\/tilbud-korskirken\/?s={search_term_string}\"},\"query-input\":{\"@type\":\"PropertyValueSpecification\",\"valueRequired\":true,\"valueName\":\"search_term_string\"}}],\"inLanguage\":\"nb-NO\"}]}<\/script>\n<!-- \/ Yoast SEO Premium plugin. -->","yoast_head_json":{"title":"Kirkens Bymisjon - Korskirken","description":"\u00c5pen kirke. Korskirken er en av de eldste kirkene i Bergen. Her kan du snakke med prest eller frivillige, og finne rom til ettertanke.","robots":{"index":"index","follow":"follow","max-snippet":"max-snippet:-1","max-image-preview":"max-image-preview:large","max-video-preview":"max-video-preview:-1"},"canonical":"https:\/\/kirkensbymisjon.no\/tilbud-korskirken\/","og_locale":"nb_NO","og_type":"article","og_title":"Kirkens Bymisjon - Korskirken","og_description":"\u00c5pen kirke. Korskirken er en av de eldste kirkene i Bergen. Her kan du snakke med prest eller frivillige, og finne rom til ettertanke.","og_url":"https:\/\/kirkensbymisjon.no\/tilbud-korskirken\/","og_site_name":"Korskirken","article_modified_time":"2024-12-13T10:29:49+00:00","og_image":[{"width":2560,"height":1707,"url":"https:\/\/kirkensbymisjon.no\/content\/uploads\/sites\/97\/2024\/06\/Tilbud_Korskirken_01.jpeg","type":"image\/jpeg"}],"twitter_card":"summary_large_image","twitter_title":"Forside","twitter_misc":{"Ansl. lesetid":"1 minutt"},"schema":{"@context":"https:\/\/schema.org","@graph":[{"@type":"WebPage","@id":"https:\/\/kirkensbymisjon.no\/tilbud-korskirken\/","url":"https:\/\/kirkensbymisjon.no\/tilbud-korskirken\/","name":"Kirkens Bymisjon - Korskirken","isPartOf":{"@id":"https:\/\/kirkensbymisjon.no\/tilbud-korskirken\/#website"},"datePublished":"2024-06-26T21:46:06+00:00","dateModified":"2024-12-13T10:29:49+00:00","description":"\u00c5pen kirke. Korskirken er en av de eldste kirkene i Bergen. Her kan du snakke med prest eller frivillige, og finne rom til ettertanke.","breadcrumb":{"@id":"https:\/\/kirkensbymisjon.no\/tilbud-korskirken\/#breadcrumb"},"inLanguage":"nb-NO","potentialAction":[{"@type":"ReadAction","target":["https:\/\/kirkensbymisjon.no\/tilbud-korskirken\/"]}]},{"@type":"BreadcrumbList","@id":"https:\/\/kirkensbymisjon.no\/tilbud-korskirken\/#breadcrumb","itemListElement":[{"@type":"ListItem","position":1,"name":"Hjem","item":"https:\/\/kirkensbymisjon.no\/tilbud-korskirken\/"},{"@type":"ListItem","position":2,"name":"Forside"}]},{"@type":"WebSite","@id":"https:\/\/kirkensbymisjon.no\/tilbud-korskirken\/#website","url":"https:\/\/kirkensbymisjon.no\/tilbud-korskirken\/","name":"Korskirken","description":"","potentialAction":[{"@type":"SearchAction","target":{"@type":"EntryPoint","urlTemplate":"https:\/\/kirkensbymisjon.no\/tilbud-korskirken\/?s={search_term_string}"},"query-input":{"@type":"PropertyValueSpecification","valueRequired":true,"valueName":"search_term_string"}}],"inLanguage":"nb-NO"}]}},"_links":{"self":[{"href":"https:\/\/kirkensbymisjon.no\/tilbud-korskirken\/wp-json\/wp\/v2\/pages\/3","targetHints":{"allow":["GET"]}}],"collection":[{"href":"https:\/\/kirkensbymisjon.no\/tilbud-korskirken\/wp-json\/wp\/v2\/pages"}],"about":[{"href":"https:\/\/kirkensbymisjon.no\/tilbud-korskirken\/wp-json\/wp\/v2\/types\/page"}],"author":[{"embeddable":true,"href":"https:\/\/kirkensbymisjon.no\/tilbud-korskirken\/wp-json\/wp\/v2\/users\/5"}],"replies":[{"embeddable":true,"href":"https:\/\/kirkensbymisjon.no\/tilbud-korskirken\/wp-json\/wp\/v2\/comments?post=3"}],"version-history":[{"count":5,"href":"https:\/\/kirkensbymisjon.no\/tilbud-korskirken\/wp-json\/wp\/v2\/pages\/3\/revisions"}],"predecessor-version":[{"id":63,"href":"https:\/\/kirkensbymisjon.no\/tilbud-korskirken\/wp-json\/wp\/v2\/pages\/3\/revisions\/63"}],"wp:attachment":[{"href":"https:\/\/kirkensbymisjon.no\/tilbud-korskirken\/wp-json\/wp\/v2\/media?parent=3"}],"curies":[{"name":"wp","href":"https:\/\/api.w.org\/{rel}","templated":true}]}}