{"id":3,"date":"2024-06-26T23:38:18","date_gmt":"2024-06-26T21:38:18","guid":{"rendered":"https:\/\/kirkensbymisjon.no\/tilbud-kreaktivt-verksted\/forside\/"},"modified":"2024-11-12T11:13:13","modified_gmt":"2024-11-12T10:13:13","slug":"forside","status":"publish","type":"page","link":"https:\/\/kirkensbymisjon.no\/tilbud-kreaktivt-verksted\/","title":{"rendered":"Forside"},"content":{"rendered":"\n<h2 class=\"wp-block-heading\" id=\"h-hvem-er-vi-for\"><strong>Hvem er vi for?<\/strong><\/h2>\n\n\n\n<p>KAV er et tilbud for personer med og uten rusvansker, som av ulike \u00e5rsaker ikke er i ordin\u00e6r jobb.<\/p>\n\n\n\n<p>Vi har et \u00f8nske om \u00e5 endre samfunnets oppfatning av rusavhengige og vise arbeidskapasiteten, ressursene og stemmene til en stigmatisert gruppe.<\/p>\n\n\n\n<h2 class=\"wp-block-heading\" id=\"h-hvordan-jobber-vi\"><strong>Hvordan jobber vi?<\/strong><\/h2>\n\n\n\n<p>P\u00e5 Kreaktivt verksted legger vi til rette for individuell utvikling og behov for samspill med andre. Gjennom veiledning og oppf\u00f8lging bist\u00e5r vi deltakere med \u00e5 definere m\u00e5l og aktivere ressurser og interesser. Vi hjelper deltakerne v\u00e5re med \u00e5 n\u00e5 fortl\u00f8pende og langsiktige m\u00e5l, og legger til rette for positive m\u00f8ter med samarbeidspartnere.<\/p>\n\n\n\n<div class=\"wp-block-media-text alignwide is-stacked-on-mobile is-style-filled\"><figure class=\"wp-block-media-text__media\"><img decoding=\"async\" src=\"https:\/\/kirkensbymisjon.no\/content\/uploads\/2024\/09\/tilbud_verksteder_03.jpg\" alt=\"Arbeider ved I jobb, Oslo\" class=\"wp-image-2944 size-full\" \/><\/figure><div class=\"wp-block-media-text__content\">\n<h2 class=\"wp-block-heading\" id=\"h-handlagde-produkter-nbsp\"><strong>H\u00e5ndlagde produkter<\/strong>&nbsp;<\/h2>\n\n\n\n<p>Alle produktene i v\u00e5r nettbutikk er h\u00e5ndlagde p\u00e5 v\u00e5re verksteder, av mennesker som av ulike grunner faller utenfor det ordin\u00e6re arbeidsmarkedet. En&nbsp;gave fra nettbutikken er&nbsp;en gave med mening&nbsp;som gir ekstra glede hos b\u00e5de arbeider, kj\u00f8per og mottaker.&nbsp;<\/p>\n\n\n\n<p><a href=\"\/nettbutikk\">G\u00e5 til nettbutikken<\/a><\/p>\n<\/div><\/div>\n\n\n\n<h2 class=\"wp-block-heading\" id=\"h-vare-ulike-teknikker-og-produkter\"><strong>V\u00e5re ulike teknikker og produkter<\/strong><\/h2>\n\n\n\n<p>Vi arbeider med en rekke ulike teknikker p\u00e5 verkstedet, som keramikk, tekstil, tegning og maling, m.m.<\/p>\n\n\n\n<p>Vi produserer en rekke keramikkprodukter som potter, figurer, kopper og sk\u00e5ler i mange ulike st\u00f8rrelser. Alle produktene er varmeresistente og t\u00e5ler oppvaskmaskin.<\/p>\n\n\n\n<h2 class=\"wp-block-heading\" id=\"h-butikk\"><strong>Butikk<\/strong><\/h2>\n\n\n\n<p>I v\u00e5rt lille utsalg f\u00e5r du kj\u00f8pt produkter laget p\u00e5 verkstedet av v\u00e5re deltagere.<\/p>\n\n\n\n<blockquote class=\"wp-block-quote is-layout-flow wp-block-quote-is-layout-flow\">\n<p>Kreaktivt verksted farger hverdagen. Det gj\u00f8r at man fantaserer i hverdagen om ideer man har. Jeg g\u00e5r og tr\u00e5kker i mye gr\u00e5tt, s\u00e5 hvis jeg vil kan jeg sette p\u00e5 <em>fantasikanalen<\/em>.<\/p>\n<cite>Sitat fra deltaker<\/cite><\/blockquote>\n","protected":false},"excerpt":{"rendered":"<p>Hvem er vi for? KAV er et tilbud for personer med og uten rusvansker, som&hellip;<\/p>\n","protected":false},"author":5,"featured_media":6,"parent":0,"menu_order":0,"comment_status":"closed","ping_status":"closed","template":"","meta":{"_relevanssi_hide_post":"","_relevanssi_hide_content":"","_relevanssi_pin_for_all":"","_relevanssi_pin_keywords":"","_relevanssi_unpin_keywords":"","_relevanssi_related_keywords":"","_relevanssi_related_include_ids":"","_relevanssi_related_exclude_ids":"","_relevanssi_related_no_append":"","_relevanssi_related_not_related":"","_relevanssi_related_posts":"1","_relevanssi_noindex_reason":"","editor_notices":[],"footnotes":""},"class_list":["post-3","page","type-page","status-publish","has-post-thumbnail","hentry"],"yoast_head":"<!-- This site is optimized with the Yoast SEO Premium plugin v27.2 (Yoast SEO v27.2) - https:\/\/yoast.com\/product\/yoast-seo-premium-wordpress\/ -->\n<title>Kirkens Bymisjon - Kreaktivt verksted<\/title>\n<meta name=\"description\" content=\"Kreativ aktivitet som arbeidsinkludering for personer utenfor ordin\u00e6rt arbeidsliv.\" \/>\n<meta name=\"robots\" content=\"index, follow, max-snippet:-1, max-image-preview:large, max-video-preview:-1\" \/>\n<link rel=\"canonical\" href=\"https:\/\/kirkensbymisjon.no\/tilbud-kreaktivt-verksted\/\" \/>\n<meta property=\"og:locale\" content=\"nb_NO\" \/>\n<meta property=\"og:type\" content=\"article\" \/>\n<meta property=\"og:title\" content=\"Kirkens Bymisjon - Kreaktivt verksted\" \/>\n<meta property=\"og:description\" content=\"Kreativ aktivitet som arbeidsinkludering for personer utenfor ordin\u00e6rt arbeidsliv.\" \/>\n<meta property=\"og:url\" content=\"https:\/\/kirkensbymisjon.no\/tilbud-kreaktivt-verksted\/\" \/>\n<meta property=\"og:site_name\" content=\"Kreaktivt verksted\" \/>\n<meta property=\"article:modified_time\" content=\"2024-11-12T10:13:13+00:00\" \/>\n<meta property=\"og:image\" content=\"https:\/\/kirkensbymisjon.no\/content\/uploads\/sites\/96\/2024\/06\/Tilbud_Kreaktivt-verksted_01.jpeg\" \/>\n\t<meta property=\"og:image:width\" content=\"2048\" \/>\n\t<meta property=\"og:image:height\" content=\"1365\" \/>\n\t<meta property=\"og:image:type\" content=\"image\/jpeg\" \/>\n<meta name=\"twitter:card\" content=\"summary_large_image\" \/>\n<meta name=\"twitter:title\" content=\"Forside\" \/>\n<meta name=\"twitter:label1\" content=\"Ansl. lesetid\" \/>\n\t<meta name=\"twitter:data1\" content=\"2 minutter\" \/>\n<script type=\"application\/ld+json\" class=\"yoast-schema-graph\">{\"@context\":\"https:\/\/schema.org\",\"@graph\":[{\"@type\":\"WebPage\",\"@id\":\"https:\/\/kirkensbymisjon.no\/tilbud-kreaktivt-verksted\/\",\"url\":\"https:\/\/kirkensbymisjon.no\/tilbud-kreaktivt-verksted\/\",\"name\":\"Kirkens Bymisjon - Kreaktivt verksted\",\"isPartOf\":{\"@id\":\"https:\/\/kirkensbymisjon.no\/tilbud-kreaktivt-verksted\/#website\"},\"primaryImageOfPage\":{\"@id\":\"https:\/\/kirkensbymisjon.no\/tilbud-kreaktivt-verksted\/#primaryimage\"},\"image\":{\"@id\":\"https:\/\/kirkensbymisjon.no\/tilbud-kreaktivt-verksted\/#primaryimage\"},\"thumbnailUrl\":\"https:\/\/kirkensbymisjon.no\/content\/uploads\/sites\/96\/2024\/06\/Tilbud_Kreaktivt-verksted_01.jpeg\",\"datePublished\":\"2024-06-26T21:38:18+00:00\",\"dateModified\":\"2024-11-12T10:13:13+00:00\",\"description\":\"Kreativ aktivitet som arbeidsinkludering for personer utenfor ordin\u00e6rt arbeidsliv.\",\"breadcrumb\":{\"@id\":\"https:\/\/kirkensbymisjon.no\/tilbud-kreaktivt-verksted\/#breadcrumb\"},\"inLanguage\":\"nb-NO\",\"potentialAction\":[{\"@type\":\"ReadAction\",\"target\":[\"https:\/\/kirkensbymisjon.no\/tilbud-kreaktivt-verksted\/\"]}]},{\"@type\":\"ImageObject\",\"inLanguage\":\"nb-NO\",\"@id\":\"https:\/\/kirkensbymisjon.no\/tilbud-kreaktivt-verksted\/#primaryimage\",\"url\":\"https:\/\/kirkensbymisjon.no\/content\/uploads\/sites\/96\/2024\/06\/Tilbud_Kreaktivt-verksted_01.jpeg\",\"contentUrl\":\"https:\/\/kirkensbymisjon.no\/content\/uploads\/sites\/96\/2024\/06\/Tilbud_Kreaktivt-verksted_01.jpeg\",\"width\":2048,\"height\":1365,\"caption\":\"To kvinner i aktivitet ved verkstedet.\"},{\"@type\":\"BreadcrumbList\",\"@id\":\"https:\/\/kirkensbymisjon.no\/tilbud-kreaktivt-verksted\/#breadcrumb\",\"itemListElement\":[{\"@type\":\"ListItem\",\"position\":1,\"name\":\"Hjem\",\"item\":\"https:\/\/kirkensbymisjon.no\/tilbud-kreaktivt-verksted\/\"},{\"@type\":\"ListItem\",\"position\":2,\"name\":\"Forside\"}]},{\"@type\":\"WebSite\",\"@id\":\"https:\/\/kirkensbymisjon.no\/tilbud-kreaktivt-verksted\/#website\",\"url\":\"https:\/\/kirkensbymisjon.no\/tilbud-kreaktivt-verksted\/\",\"name\":\"Kreaktivt verksted\",\"description\":\"\",\"potentialAction\":[{\"@type\":\"SearchAction\",\"target\":{\"@type\":\"EntryPoint\",\"urlTemplate\":\"https:\/\/kirkensbymisjon.no\/tilbud-kreaktivt-verksted\/?s={search_term_string}\"},\"query-input\":{\"@type\":\"PropertyValueSpecification\",\"valueRequired\":true,\"valueName\":\"search_term_string\"}}],\"inLanguage\":\"nb-NO\"}]}<\/script>\n<!-- \/ Yoast SEO Premium plugin. -->","yoast_head_json":{"title":"Kirkens Bymisjon - Kreaktivt verksted","description":"Kreativ aktivitet som arbeidsinkludering for personer utenfor ordin\u00e6rt arbeidsliv.","robots":{"index":"index","follow":"follow","max-snippet":"max-snippet:-1","max-image-preview":"max-image-preview:large","max-video-preview":"max-video-preview:-1"},"canonical":"https:\/\/kirkensbymisjon.no\/tilbud-kreaktivt-verksted\/","og_locale":"nb_NO","og_type":"article","og_title":"Kirkens Bymisjon - Kreaktivt verksted","og_description":"Kreativ aktivitet som arbeidsinkludering for personer utenfor ordin\u00e6rt arbeidsliv.","og_url":"https:\/\/kirkensbymisjon.no\/tilbud-kreaktivt-verksted\/","og_site_name":"Kreaktivt verksted","article_modified_time":"2024-11-12T10:13:13+00:00","og_image":[{"width":2048,"height":1365,"url":"https:\/\/kirkensbymisjon.no\/content\/uploads\/sites\/96\/2024\/06\/Tilbud_Kreaktivt-verksted_01.jpeg","type":"image\/jpeg"}],"twitter_card":"summary_large_image","twitter_title":"Forside","twitter_misc":{"Ansl. lesetid":"2 minutter"},"schema":{"@context":"https:\/\/schema.org","@graph":[{"@type":"WebPage","@id":"https:\/\/kirkensbymisjon.no\/tilbud-kreaktivt-verksted\/","url":"https:\/\/kirkensbymisjon.no\/tilbud-kreaktivt-verksted\/","name":"Kirkens Bymisjon - Kreaktivt verksted","isPartOf":{"@id":"https:\/\/kirkensbymisjon.no\/tilbud-kreaktivt-verksted\/#website"},"primaryImageOfPage":{"@id":"https:\/\/kirkensbymisjon.no\/tilbud-kreaktivt-verksted\/#primaryimage"},"image":{"@id":"https:\/\/kirkensbymisjon.no\/tilbud-kreaktivt-verksted\/#primaryimage"},"thumbnailUrl":"https:\/\/kirkensbymisjon.no\/content\/uploads\/sites\/96\/2024\/06\/Tilbud_Kreaktivt-verksted_01.jpeg","datePublished":"2024-06-26T21:38:18+00:00","dateModified":"2024-11-12T10:13:13+00:00","description":"Kreativ aktivitet som arbeidsinkludering for personer utenfor ordin\u00e6rt arbeidsliv.","breadcrumb":{"@id":"https:\/\/kirkensbymisjon.no\/tilbud-kreaktivt-verksted\/#breadcrumb"},"inLanguage":"nb-NO","potentialAction":[{"@type":"ReadAction","target":["https:\/\/kirkensbymisjon.no\/tilbud-kreaktivt-verksted\/"]}]},{"@type":"ImageObject","inLanguage":"nb-NO","@id":"https:\/\/kirkensbymisjon.no\/tilbud-kreaktivt-verksted\/#primaryimage","url":"https:\/\/kirkensbymisjon.no\/content\/uploads\/sites\/96\/2024\/06\/Tilbud_Kreaktivt-verksted_01.jpeg","contentUrl":"https:\/\/kirkensbymisjon.no\/content\/uploads\/sites\/96\/2024\/06\/Tilbud_Kreaktivt-verksted_01.jpeg","width":2048,"height":1365,"caption":"To kvinner i aktivitet ved verkstedet."},{"@type":"BreadcrumbList","@id":"https:\/\/kirkensbymisjon.no\/tilbud-kreaktivt-verksted\/#breadcrumb","itemListElement":[{"@type":"ListItem","position":1,"name":"Hjem","item":"https:\/\/kirkensbymisjon.no\/tilbud-kreaktivt-verksted\/"},{"@type":"ListItem","position":2,"name":"Forside"}]},{"@type":"WebSite","@id":"https:\/\/kirkensbymisjon.no\/tilbud-kreaktivt-verksted\/#website","url":"https:\/\/kirkensbymisjon.no\/tilbud-kreaktivt-verksted\/","name":"Kreaktivt verksted","description":"","potentialAction":[{"@type":"SearchAction","target":{"@type":"EntryPoint","urlTemplate":"https:\/\/kirkensbymisjon.no\/tilbud-kreaktivt-verksted\/?s={search_term_string}"},"query-input":{"@type":"PropertyValueSpecification","valueRequired":true,"valueName":"search_term_string"}}],"inLanguage":"nb-NO"}]}},"_links":{"self":[{"href":"https:\/\/kirkensbymisjon.no\/tilbud-kreaktivt-verksted\/wp-json\/wp\/v2\/pages\/3","targetHints":{"allow":["GET"]}}],"collection":[{"href":"https:\/\/kirkensbymisjon.no\/tilbud-kreaktivt-verksted\/wp-json\/wp\/v2\/pages"}],"about":[{"href":"https:\/\/kirkensbymisjon.no\/tilbud-kreaktivt-verksted\/wp-json\/wp\/v2\/types\/page"}],"author":[{"embeddable":true,"href":"https:\/\/kirkensbymisjon.no\/tilbud-kreaktivt-verksted\/wp-json\/wp\/v2\/users\/5"}],"replies":[{"embeddable":true,"href":"https:\/\/kirkensbymisjon.no\/tilbud-kreaktivt-verksted\/wp-json\/wp\/v2\/comments?post=3"}],"version-history":[{"count":5,"href":"https:\/\/kirkensbymisjon.no\/tilbud-kreaktivt-verksted\/wp-json\/wp\/v2\/pages\/3\/revisions"}],"predecessor-version":[{"id":39,"href":"https:\/\/kirkensbymisjon.no\/tilbud-kreaktivt-verksted\/wp-json\/wp\/v2\/pages\/3\/revisions\/39"}],"wp:featuredmedia":[{"embeddable":true,"href":"https:\/\/kirkensbymisjon.no\/tilbud-kreaktivt-verksted\/wp-json\/wp\/v2\/media\/6"}],"wp:attachment":[{"href":"https:\/\/kirkensbymisjon.no\/tilbud-kreaktivt-verksted\/wp-json\/wp\/v2\/media?parent=3"}],"curies":[{"name":"wp","href":"https:\/\/api.w.org\/{rel}","templated":true}]}}