{"id":12,"date":"2024-07-24T12:14:06","date_gmt":"2024-07-24T10:14:06","guid":{"rendered":"https:\/\/kirkensbymisjon.no\/tilbud-kudos\/?page_id=12"},"modified":"2026-02-06T12:07:19","modified_gmt":"2026-02-06T11:07:19","slug":"hva-vi-tilbyr","status":"publish","type":"page","link":"https:\/\/kirkensbymisjon.no\/tilbud-kudos\/hva-vi-tilbyr\/","title":{"rendered":"V\u00e5re tilbud"},"content":{"rendered":"\n<h3 class=\"wp-block-heading\" id=\"h-fellesskap-amp-moteplasser\"><strong>Fellesskap &amp; m\u00f8teplasser<\/strong><\/h3>\n\n\n\n<ul class=\"wp-block-list\">\n<li>Kudos Kaf\u00e9 \u2013 en \u00e5pen m\u00f8teplass for ungdom, med rimelig mat og drikke, samt arbeidstrening.<\/li>\n\n\n\n<li>Kudos Kjelleren \u2013 aktiviteter, arrangementer og kurs spesielt for ungdom mellom 15 og 20 \u00e5r.<\/li>\n\n\n\n<li>Kudos Fritid \u2013 \u00e5pne fritidstilbud med turer, kurs og arrangementer, der ungdom medvirker i planlegging og gjennomf\u00f8ring.<\/li>\n<\/ul>\n\n\n\n<p><em><a href=\"https:\/\/kirkensbymisjon.no\/tilbud-kudos\/kontaktinformasjon\/#%3Cstrong%3E%C3%A5pningstider%3C\/strong%3E\">Se \u00e5pningstider<\/a> eller <a href=\"https:\/\/kirkensbymisjon.no\/tilbud-kudos\/kontaktinformasjon\/#%C3%B8vrig-kontaktinformasjon-(e-post)\">kontakt oss<\/a>.<\/em><\/p>\n\n\n\n<h3 class=\"wp-block-heading\" id=\"h-jobb-amp-erfaring\"><strong>Jobb<\/strong><strong> &amp; erfaring<\/strong><\/h3>\n\n\n\n<ul class=\"wp-block-list\">\n<li>Arbeidstrening i kaf\u00e9en \u2013 praksisplasser, sommerjobber og l\u00e6rlingplasser.<\/li>\n\n\n\n<li>Veiledning i jobbs\u00f8knader samt forberedende kurs og oppl\u00e6ring.<\/li>\n<\/ul>\n\n\n\n<p><em><a href=\"https:\/\/kirkensbymisjon.no\/tilbud-kudos\/kontaktinformasjon\/#%C3%B8vrig-kontaktinformasjon-(e-post)\">Kontakt oss<\/a>.<\/em><\/p>\n\n\n\n<h3 class=\"wp-block-heading\" id=\"h-kultur-amp-kreativitet\"><strong>Kultur &amp; kreativitet<\/strong><\/h3>\n\n\n\n<ul class=\"wp-block-list\">\n<li>Konserter, kunst- og kulturaktiviteter&nbsp;for og med ungdom.<\/li>\n\n\n\n<li>Kreative prosjekter med workshops og utstillinger \u2013&nbsp;fra id\u00e9 til gjennomf\u00f8ring.<\/li>\n\n\n\n<li>Arenaer der ungdom f\u00e5r utforske, skape og vise fram\u00a0musikk, kunst og nye ideer.<\/li>\n<\/ul>\n\n\n\n<p><em><a href=\"https:\/\/kirkensbymisjon.no\/tilbud-kudos\/kontaktinformasjon\/#%C3%B8vrig-kontaktinformasjon-(e-post)\">Kontakt oss<\/a>.<\/em><\/p>\n\n\n\n<h3 class=\"wp-block-heading\" id=\"h-praktisk-stotte\"><strong>Praktisk st\u00f8tte<\/strong><\/h3>\n\n\n\n<ul class=\"wp-block-list\">\n<li>Gratis \u00f8velseskj\u00f8ring med frivillige ledsagere. Vi tilbyr mengdetrening og annen praktisk st\u00f8tte.<\/li>\n\n\n\n<li><a href=\"https:\/\/kirkensbymisjon.no\/tilbud-ung-rettshjelp\/?gad_source=1&amp;gad_campaignid=22750218419&amp;gclid=EAIaIQobChMI57D284K6jwMVbVGRBR3vowTsEAAYASAAEgKpavD_BwE\">Ung Rettshjelp<\/a> \u2013 gratis juridisk bistand for unge under 25 \u00e5r, med saksmottak p\u00e5 Kudos.<\/li>\n<\/ul>\n\n\n\n<p><em><a href=\"https:\/\/kirkensbymisjon.no\/tilbud-kudos\/kontaktinformasjon\/#%3Cstrong%3E%C3%A5pningstider%3C\/strong%3E\">Se \u00e5pningstider<\/a> eller <a href=\"https:\/\/kirkensbymisjon.no\/tilbud-kudos\/kontaktinformasjon\/#%C3%B8vrig-kontaktinformasjon-(e-post)\">kontakt oss<\/a>.<\/em><\/p>\n\n\n\n<h3 class=\"wp-block-heading\" id=\"h-ung-pa-dagtid\"><strong>Ung p\u00e5 dagtid<\/strong><\/h3>\n\n\n\n<p>Trenger du et alternativ til vanlig skolehverdag?<br><strong>Ung p\u00e5 dagtid<\/strong>&nbsp;er for deg som ikke g\u00e5r p\u00e5 skole eller er i jobb, og som \u00f8nsker en ny start med kombinasjon av teori og praksis.<\/p>\n\n\n\n<p>Hos oss kan du f\u00e5 jobberfaring og annen tilrettelagt aktivitet. Vi samarbeider med flere eksterne bedrifter, og sammen finner vi en plan som passer\u00a0<strong>deg<\/strong>\u00a0\u2013 med tett, individuell oppf\u00f8lging.<\/p>\n\n\n\n<p><em><a href=\"https:\/\/kirkensbymisjon.no\/tilbud-kudos\/kontaktinformasjon\/#%3Cstrong%3E%C3%A5pningstider%3C\/strong%3E\">Se \u00e5pningstider<\/a> eller <a href=\"https:\/\/kirkensbymisjon.no\/tilbud-kudos\/kontaktinformasjon\/#%C3%B8vrig-kontaktinformasjon-(e-post)\">kontakt oss<\/a>.<\/em><\/p>\n","protected":false},"excerpt":{"rendered":"<p>Fellesskap &amp; m\u00f8teplasser Se \u00e5pningstider eller kontakt oss. Jobb &amp; erfaring Kontakt oss. Kultur &amp;&hellip;<\/p>\n","protected":false},"author":6,"featured_media":0,"parent":0,"menu_order":0,"comment_status":"closed","ping_status":"closed","template":"","meta":{"_relevanssi_hide_post":"","_relevanssi_hide_content":"","_relevanssi_pin_for_all":"","_relevanssi_pin_keywords":"","_relevanssi_unpin_keywords":"","_relevanssi_related_keywords":"","_relevanssi_related_include_ids":"","_relevanssi_related_exclude_ids":"","_relevanssi_related_no_append":"","_relevanssi_related_not_related":"","_relevanssi_related_posts":"1","_relevanssi_noindex_reason":"","editor_notices":[],"footnotes":""},"class_list":["post-12","page","type-page","status-publish","hentry"],"yoast_head":"<!-- This site is optimized with the Yoast SEO Premium plugin v27.2 (Yoast SEO v27.2) - https:\/\/yoast.com\/product\/yoast-seo-premium-wordpress\/ -->\n<title>V\u00e5re tilbud - Kudos<\/title>\n<meta name=\"robots\" content=\"index, follow, max-snippet:-1, max-image-preview:large, max-video-preview:-1\" \/>\n<link rel=\"canonical\" href=\"https:\/\/kirkensbymisjon.no\/tilbud-kudos\/hva-vi-tilbyr\/\" \/>\n<meta property=\"og:locale\" content=\"nb_NO\" \/>\n<meta property=\"og:type\" content=\"article\" \/>\n<meta property=\"og:title\" content=\"V\u00e5re tilbud\" \/>\n<meta property=\"og:description\" content=\"Fellesskap &amp; m\u00f8teplasser Se \u00e5pningstider eller kontakt oss. Jobb &amp; erfaring Kontakt oss. Kultur &amp;&hellip;\" \/>\n<meta property=\"og:url\" content=\"https:\/\/kirkensbymisjon.no\/tilbud-kudos\/hva-vi-tilbyr\/\" \/>\n<meta property=\"og:site_name\" content=\"Kudos\" \/>\n<meta property=\"article:modified_time\" content=\"2026-02-06T11:07:19+00:00\" \/>\n<meta name=\"twitter:card\" content=\"summary_large_image\" \/>\n<meta name=\"twitter:label1\" content=\"Ansl. lesetid\" \/>\n\t<meta name=\"twitter:data1\" content=\"2 minutter\" \/>\n<script type=\"application\/ld+json\" class=\"yoast-schema-graph\">{\"@context\":\"https:\/\/schema.org\",\"@graph\":[{\"@type\":\"WebPage\",\"@id\":\"https:\/\/kirkensbymisjon.no\/tilbud-kudos\/hva-vi-tilbyr\/\",\"url\":\"https:\/\/kirkensbymisjon.no\/tilbud-kudos\/hva-vi-tilbyr\/\",\"name\":\"V\u00e5re tilbud - Kudos\",\"isPartOf\":{\"@id\":\"https:\/\/kirkensbymisjon.no\/tilbud-kudos\/#website\"},\"datePublished\":\"2024-07-24T10:14:06+00:00\",\"dateModified\":\"2026-02-06T11:07:19+00:00\",\"breadcrumb\":{\"@id\":\"https:\/\/kirkensbymisjon.no\/tilbud-kudos\/hva-vi-tilbyr\/#breadcrumb\"},\"inLanguage\":\"nb-NO\",\"potentialAction\":[{\"@type\":\"ReadAction\",\"target\":[\"https:\/\/kirkensbymisjon.no\/tilbud-kudos\/hva-vi-tilbyr\/\"]}]},{\"@type\":\"BreadcrumbList\",\"@id\":\"https:\/\/kirkensbymisjon.no\/tilbud-kudos\/hva-vi-tilbyr\/#breadcrumb\",\"itemListElement\":[{\"@type\":\"ListItem\",\"position\":1,\"name\":\"Hjem\",\"item\":\"https:\/\/kirkensbymisjon.no\/tilbud-kudos\/\"},{\"@type\":\"ListItem\",\"position\":2,\"name\":\"V\u00e5re tilbud\"}]},{\"@type\":\"WebSite\",\"@id\":\"https:\/\/kirkensbymisjon.no\/tilbud-kudos\/#website\",\"url\":\"https:\/\/kirkensbymisjon.no\/tilbud-kudos\/\",\"name\":\"Kudos\",\"description\":\"\",\"potentialAction\":[{\"@type\":\"SearchAction\",\"target\":{\"@type\":\"EntryPoint\",\"urlTemplate\":\"https:\/\/kirkensbymisjon.no\/tilbud-kudos\/?s={search_term_string}\"},\"query-input\":{\"@type\":\"PropertyValueSpecification\",\"valueRequired\":true,\"valueName\":\"search_term_string\"}}],\"inLanguage\":\"nb-NO\"}]}<\/script>\n<!-- \/ Yoast SEO Premium plugin. -->","yoast_head_json":{"title":"V\u00e5re tilbud - Kudos","robots":{"index":"index","follow":"follow","max-snippet":"max-snippet:-1","max-image-preview":"max-image-preview:large","max-video-preview":"max-video-preview:-1"},"canonical":"https:\/\/kirkensbymisjon.no\/tilbud-kudos\/hva-vi-tilbyr\/","og_locale":"nb_NO","og_type":"article","og_title":"V\u00e5re tilbud","og_description":"Fellesskap &amp; m\u00f8teplasser Se \u00e5pningstider eller kontakt oss. Jobb &amp; erfaring Kontakt oss. Kultur &amp;&hellip;","og_url":"https:\/\/kirkensbymisjon.no\/tilbud-kudos\/hva-vi-tilbyr\/","og_site_name":"Kudos","article_modified_time":"2026-02-06T11:07:19+00:00","twitter_card":"summary_large_image","twitter_misc":{"Ansl. lesetid":"2 minutter"},"schema":{"@context":"https:\/\/schema.org","@graph":[{"@type":"WebPage","@id":"https:\/\/kirkensbymisjon.no\/tilbud-kudos\/hva-vi-tilbyr\/","url":"https:\/\/kirkensbymisjon.no\/tilbud-kudos\/hva-vi-tilbyr\/","name":"V\u00e5re tilbud - Kudos","isPartOf":{"@id":"https:\/\/kirkensbymisjon.no\/tilbud-kudos\/#website"},"datePublished":"2024-07-24T10:14:06+00:00","dateModified":"2026-02-06T11:07:19+00:00","breadcrumb":{"@id":"https:\/\/kirkensbymisjon.no\/tilbud-kudos\/hva-vi-tilbyr\/#breadcrumb"},"inLanguage":"nb-NO","potentialAction":[{"@type":"ReadAction","target":["https:\/\/kirkensbymisjon.no\/tilbud-kudos\/hva-vi-tilbyr\/"]}]},{"@type":"BreadcrumbList","@id":"https:\/\/kirkensbymisjon.no\/tilbud-kudos\/hva-vi-tilbyr\/#breadcrumb","itemListElement":[{"@type":"ListItem","position":1,"name":"Hjem","item":"https:\/\/kirkensbymisjon.no\/tilbud-kudos\/"},{"@type":"ListItem","position":2,"name":"V\u00e5re tilbud"}]},{"@type":"WebSite","@id":"https:\/\/kirkensbymisjon.no\/tilbud-kudos\/#website","url":"https:\/\/kirkensbymisjon.no\/tilbud-kudos\/","name":"Kudos","description":"","potentialAction":[{"@type":"SearchAction","target":{"@type":"EntryPoint","urlTemplate":"https:\/\/kirkensbymisjon.no\/tilbud-kudos\/?s={search_term_string}"},"query-input":{"@type":"PropertyValueSpecification","valueRequired":true,"valueName":"search_term_string"}}],"inLanguage":"nb-NO"}]}},"_links":{"self":[{"href":"https:\/\/kirkensbymisjon.no\/tilbud-kudos\/wp-json\/wp\/v2\/pages\/12","targetHints":{"allow":["GET"]}}],"collection":[{"href":"https:\/\/kirkensbymisjon.no\/tilbud-kudos\/wp-json\/wp\/v2\/pages"}],"about":[{"href":"https:\/\/kirkensbymisjon.no\/tilbud-kudos\/wp-json\/wp\/v2\/types\/page"}],"author":[{"embeddable":true,"href":"https:\/\/kirkensbymisjon.no\/tilbud-kudos\/wp-json\/wp\/v2\/users\/6"}],"replies":[{"embeddable":true,"href":"https:\/\/kirkensbymisjon.no\/tilbud-kudos\/wp-json\/wp\/v2\/comments?post=12"}],"version-history":[{"count":4,"href":"https:\/\/kirkensbymisjon.no\/tilbud-kudos\/wp-json\/wp\/v2\/pages\/12\/revisions"}],"predecessor-version":[{"id":138,"href":"https:\/\/kirkensbymisjon.no\/tilbud-kudos\/wp-json\/wp\/v2\/pages\/12\/revisions\/138"}],"wp:attachment":[{"href":"https:\/\/kirkensbymisjon.no\/tilbud-kudos\/wp-json\/wp\/v2\/media?parent=12"}],"curies":[{"name":"wp","href":"https:\/\/api.w.org\/{rel}","templated":true}]}}