{"id":14,"date":"2024-07-24T12:14:22","date_gmt":"2024-07-24T10:14:22","guid":{"rendered":"https:\/\/kirkensbymisjon.no\/tilbud-kudos\/?page_id=14"},"modified":"2024-10-02T11:08:20","modified_gmt":"2024-10-02T09:08:20","slug":"jobb-for-ungdom","status":"publish","type":"page","link":"https:\/\/kirkensbymisjon.no\/tilbud-kudos\/jobb-for-ungdom\/","title":{"rendered":"Jobb for ungdom"},"content":{"rendered":"\n<h2 class=\"wp-block-heading\" id=\"h-jobb-for-ungdom\">Jobb for ungdom<\/h2>\n\n\n\n<p>Kudos jobb sin visjon er \u00e5 f\u00e5 deg som er mellom 15\u201319 \u00e5r ut i arbeidslivet. Gjennom denne prosessen m\u00e5 hver enkelt fullf\u00f8re et Kudos jobbkurs som varer i 3 timer. I tillegg til et kurs vil vi sammen ogs\u00e5 foreta en kartlegging av deg for \u00e5 best mulig kunne matche deg med rett arbeidsgiver.<\/p>\n\n\n\n<p>N\u00e5r du har gjennomf\u00f8rt Kudos jobbkurs og en kartleggingssamtale vil jobbkoordinatoren sette sammen en profil i ditt navn. N\u00e5r dette er fullf\u00f8rt, m\u00e5 den enkelte ungdom aktivt selv ut i arbeidsmarkedet for \u00e5 s\u00f8ke jobber. En kan selv velge om man vil ha veiledning fra jobbkoordinator eller ikke, enten med CV- og s\u00f8knadsskriving, jobbs\u00f8king eller andre ting.<\/p>\n\n\n\n<p>Parallelt med at du selv s\u00f8ker p\u00e5 ulike jobber som du kan tenke deg, vil jobbkoordinatoren jobbe i kulissene for \u00e5 hjelpe deg med \u00e5 anskaffe en jobb.<\/p>\n\n\n\n<p>Er vi heldig s\u00e5 klarer vi \u00e5 finne en passende bedrift til akkurat deg! Hvis det er tilfelle, vil jobbkoordinatoren og ungdommen m\u00f8tes for en ny kartleggingssamtale. Da vi vil g\u00e5 litt mer i dybden, i tillegg til \u00e5 sette oss litt inn i den bedriften det gjelder. Deretter vil vi g\u00e5 over din CV og s\u00f8knad og forberede deg til et jobbintervju.<\/p>\n\n\n\n<p>Mest sannsynlig s\u00e5 g\u00e5r jobbintervjuet med arbeidsgiver bra og du f\u00e5r jobben. Da forplikter arbeidsgiver seg til \u00e5 ansette deg i en stilling med et omfavn p\u00e5 50 timer l\u00f8nnet arbeid. Jobbkoordinatoren vil (om \u00f8nskelig) ha en samtale i forkant av oppstart med deg og arbeidsgiver, og en evalueringssamtale i etterkant av arbeidsforholdet, samt v\u00e6re en kontaktperson under arbeidsforholdet.<\/p>\n\n\n\n<p id=\"paamelding\"><strong>Interessert? <br><\/strong><a href=\"\/tilbud-kudos\/kontaktinformasjon\/#kristiansand\">Ta kontakt<\/a> med oss eller fyll ut <a href=\"https:\/\/forms.office.com\/Pages\/ResponsePage.aspx?id=gi4gAoiyy0qLCn-EBKR82xBVkXZPsXtJrVgHnzosyMhUOFpMR1NRUThJQk1XUEYzQjI1V0ZMNzBSMi4u\" target=\"_blank\" rel=\"noreferrer noopener\">p\u00e5meldingsskjemaet for ungdom<\/a>.<\/p>\n","protected":false},"excerpt":{"rendered":"<p>Jobb for ungdom Kudos jobb sin visjon er \u00e5 f\u00e5 deg som er mellom 15\u201319&hellip;<\/p>\n","protected":false},"author":6,"featured_media":0,"parent":0,"menu_order":0,"comment_status":"closed","ping_status":"closed","template":"","meta":{"_relevanssi_hide_post":"","_relevanssi_hide_content":"","_relevanssi_pin_for_all":"","_relevanssi_pin_keywords":"","_relevanssi_unpin_keywords":"","_relevanssi_related_keywords":"","_relevanssi_related_include_ids":"","_relevanssi_related_exclude_ids":"","_relevanssi_related_no_append":"","_relevanssi_related_not_related":"","_relevanssi_related_posts":"1","_relevanssi_noindex_reason":"","editor_notices":[],"footnotes":""},"class_list":["post-14","page","type-page","status-publish","hentry"],"yoast_head":"<!-- This site is optimized with the Yoast SEO Premium plugin v27.2 (Yoast SEO v27.4) - https:\/\/yoast.com\/product\/yoast-seo-premium-wordpress\/ -->\n<title>Jobb for ungdom - Kudos<\/title>\n<meta name=\"robots\" content=\"index, follow, max-snippet:-1, max-image-preview:large, max-video-preview:-1\" \/>\n<link rel=\"canonical\" href=\"https:\/\/kirkensbymisjon.no\/tilbud-kudos\/jobb-for-ungdom\/\" \/>\n<meta property=\"og:locale\" content=\"nb_NO\" \/>\n<meta property=\"og:type\" content=\"article\" \/>\n<meta property=\"og:title\" content=\"Jobb for ungdom\" \/>\n<meta property=\"og:description\" content=\"Jobb for ungdom Kudos jobb sin visjon er \u00e5 f\u00e5 deg som er mellom 15\u201319&hellip;\" \/>\n<meta property=\"og:url\" content=\"https:\/\/kirkensbymisjon.no\/tilbud-kudos\/jobb-for-ungdom\/\" \/>\n<meta property=\"og:site_name\" content=\"Kudos\" \/>\n<meta property=\"article:modified_time\" content=\"2024-10-02T09:08:20+00:00\" \/>\n<meta name=\"twitter:card\" content=\"summary_large_image\" \/>\n<meta name=\"twitter:label1\" content=\"Ansl. lesetid\" \/>\n\t<meta name=\"twitter:data1\" content=\"2 minutter\" \/>\n<script type=\"application\/ld+json\" class=\"yoast-schema-graph\">{\"@context\":\"https:\\\/\\\/schema.org\",\"@graph\":[{\"@type\":\"WebPage\",\"@id\":\"https:\\\/\\\/kirkensbymisjon.no\\\/tilbud-kudos\\\/jobb-for-ungdom\\\/\",\"url\":\"https:\\\/\\\/kirkensbymisjon.no\\\/tilbud-kudos\\\/jobb-for-ungdom\\\/\",\"name\":\"Jobb for ungdom - Kudos\",\"isPartOf\":{\"@id\":\"https:\\\/\\\/kirkensbymisjon.no\\\/tilbud-kudos\\\/#website\"},\"datePublished\":\"2024-07-24T10:14:22+00:00\",\"dateModified\":\"2024-10-02T09:08:20+00:00\",\"breadcrumb\":{\"@id\":\"https:\\\/\\\/kirkensbymisjon.no\\\/tilbud-kudos\\\/jobb-for-ungdom\\\/#breadcrumb\"},\"inLanguage\":\"nb-NO\",\"potentialAction\":[{\"@type\":\"ReadAction\",\"target\":[\"https:\\\/\\\/kirkensbymisjon.no\\\/tilbud-kudos\\\/jobb-for-ungdom\\\/\"]}]},{\"@type\":\"BreadcrumbList\",\"@id\":\"https:\\\/\\\/kirkensbymisjon.no\\\/tilbud-kudos\\\/jobb-for-ungdom\\\/#breadcrumb\",\"itemListElement\":[{\"@type\":\"ListItem\",\"position\":1,\"name\":\"Hjem\",\"item\":\"https:\\\/\\\/kirkensbymisjon.no\\\/tilbud-kudos\\\/\"},{\"@type\":\"ListItem\",\"position\":2,\"name\":\"Jobb for ungdom\"}]},{\"@type\":\"WebSite\",\"@id\":\"https:\\\/\\\/kirkensbymisjon.no\\\/tilbud-kudos\\\/#website\",\"url\":\"https:\\\/\\\/kirkensbymisjon.no\\\/tilbud-kudos\\\/\",\"name\":\"Kudos\",\"description\":\"\",\"potentialAction\":[{\"@type\":\"SearchAction\",\"target\":{\"@type\":\"EntryPoint\",\"urlTemplate\":\"https:\\\/\\\/kirkensbymisjon.no\\\/tilbud-kudos\\\/?s={search_term_string}\"},\"query-input\":{\"@type\":\"PropertyValueSpecification\",\"valueRequired\":true,\"valueName\":\"search_term_string\"}}],\"inLanguage\":\"nb-NO\"}]}<\/script>\n<!-- \/ Yoast SEO Premium plugin. -->","yoast_head_json":{"title":"Jobb for ungdom - Kudos","robots":{"index":"index","follow":"follow","max-snippet":"max-snippet:-1","max-image-preview":"max-image-preview:large","max-video-preview":"max-video-preview:-1"},"canonical":"https:\/\/kirkensbymisjon.no\/tilbud-kudos\/jobb-for-ungdom\/","og_locale":"nb_NO","og_type":"article","og_title":"Jobb for ungdom","og_description":"Jobb for ungdom Kudos jobb sin visjon er \u00e5 f\u00e5 deg som er mellom 15\u201319&hellip;","og_url":"https:\/\/kirkensbymisjon.no\/tilbud-kudos\/jobb-for-ungdom\/","og_site_name":"Kudos","article_modified_time":"2024-10-02T09:08:20+00:00","twitter_card":"summary_large_image","twitter_misc":{"Ansl. lesetid":"2 minutter"},"schema":{"@context":"https:\/\/schema.org","@graph":[{"@type":"WebPage","@id":"https:\/\/kirkensbymisjon.no\/tilbud-kudos\/jobb-for-ungdom\/","url":"https:\/\/kirkensbymisjon.no\/tilbud-kudos\/jobb-for-ungdom\/","name":"Jobb for ungdom - Kudos","isPartOf":{"@id":"https:\/\/kirkensbymisjon.no\/tilbud-kudos\/#website"},"datePublished":"2024-07-24T10:14:22+00:00","dateModified":"2024-10-02T09:08:20+00:00","breadcrumb":{"@id":"https:\/\/kirkensbymisjon.no\/tilbud-kudos\/jobb-for-ungdom\/#breadcrumb"},"inLanguage":"nb-NO","potentialAction":[{"@type":"ReadAction","target":["https:\/\/kirkensbymisjon.no\/tilbud-kudos\/jobb-for-ungdom\/"]}]},{"@type":"BreadcrumbList","@id":"https:\/\/kirkensbymisjon.no\/tilbud-kudos\/jobb-for-ungdom\/#breadcrumb","itemListElement":[{"@type":"ListItem","position":1,"name":"Hjem","item":"https:\/\/kirkensbymisjon.no\/tilbud-kudos\/"},{"@type":"ListItem","position":2,"name":"Jobb for ungdom"}]},{"@type":"WebSite","@id":"https:\/\/kirkensbymisjon.no\/tilbud-kudos\/#website","url":"https:\/\/kirkensbymisjon.no\/tilbud-kudos\/","name":"Kudos","description":"","potentialAction":[{"@type":"SearchAction","target":{"@type":"EntryPoint","urlTemplate":"https:\/\/kirkensbymisjon.no\/tilbud-kudos\/?s={search_term_string}"},"query-input":{"@type":"PropertyValueSpecification","valueRequired":true,"valueName":"search_term_string"}}],"inLanguage":"nb-NO"}]}},"_links":{"self":[{"href":"https:\/\/kirkensbymisjon.no\/tilbud-kudos\/wp-json\/wp\/v2\/pages\/14","targetHints":{"allow":["GET"]}}],"collection":[{"href":"https:\/\/kirkensbymisjon.no\/tilbud-kudos\/wp-json\/wp\/v2\/pages"}],"about":[{"href":"https:\/\/kirkensbymisjon.no\/tilbud-kudos\/wp-json\/wp\/v2\/types\/page"}],"author":[{"embeddable":true,"href":"https:\/\/kirkensbymisjon.no\/tilbud-kudos\/wp-json\/wp\/v2\/users\/6"}],"replies":[{"embeddable":true,"href":"https:\/\/kirkensbymisjon.no\/tilbud-kudos\/wp-json\/wp\/v2\/comments?post=14"}],"version-history":[{"count":5,"href":"https:\/\/kirkensbymisjon.no\/tilbud-kudos\/wp-json\/wp\/v2\/pages\/14\/revisions"}],"predecessor-version":[{"id":100,"href":"https:\/\/kirkensbymisjon.no\/tilbud-kudos\/wp-json\/wp\/v2\/pages\/14\/revisions\/100"}],"wp:attachment":[{"href":"https:\/\/kirkensbymisjon.no\/tilbud-kudos\/wp-json\/wp\/v2\/media?parent=14"}],"curies":[{"name":"wp","href":"https:\/\/api.w.org\/{rel}","templated":true}]}}