{"id":3,"date":"2024-06-26T23:50:54","date_gmt":"2024-06-26T21:50:54","guid":{"rendered":"https:\/\/kirkensbymisjon.no\/tilbud-kudos\/forside\/"},"modified":"2026-02-06T11:34:52","modified_gmt":"2026-02-06T10:34:52","slug":"forside","status":"publish","type":"page","link":"https:\/\/kirkensbymisjon.no\/tilbud-kudos\/","title":{"rendered":"Forside"},"content":{"rendered":"\n<div class=\"wp-block-media-text alignwide is-stacked-on-mobile is-style-filled\"><figure class=\"wp-block-media-text__media\"><img loading=\"lazy\" decoding=\"async\" width=\"1024\" height=\"682\" src=\"https:\/\/kirkensbymisjon.no\/content\/uploads\/sites\/98\/2024\/08\/tilbud_kudos_02-1-1024x682.jpg\" alt=\"Ungdommer\" class=\"wp-image-68 size-full\" srcset=\"https:\/\/kirkensbymisjon.no\/content\/uploads\/sites\/98\/2024\/08\/tilbud_kudos_02-1-1024x682.jpg 1024w, https:\/\/kirkensbymisjon.no\/content\/uploads\/sites\/98\/2024\/08\/tilbud_kudos_02-1-300x200.jpg 300w, https:\/\/kirkensbymisjon.no\/content\/uploads\/sites\/98\/2024\/08\/tilbud_kudos_02-1-768x512.jpg 768w, https:\/\/kirkensbymisjon.no\/content\/uploads\/sites\/98\/2024\/08\/tilbud_kudos_02-1-1536x1024.jpg 1536w, https:\/\/kirkensbymisjon.no\/content\/uploads\/sites\/98\/2024\/08\/tilbud_kudos_02-1.jpg 1559w\" sizes=\"auto, (max-width: 1024px) 100vw, 1024px\" \/><\/figure><div class=\"wp-block-media-text__content\">\n<h2 class=\"wp-block-heading\" id=\"h-velkommen-til-kudos\">Velkommen til Kudos<\/h2>\n\n\n\n<p>Velkommen til\u00a0<strong>Kudos \u2013 mulighetens hus for ungdom i Kristiansand. <\/strong>Hos oss finner du et inkluderende fellesskap som heier p\u00e5 deg. Gjennom kafe, fritidsaktiviteter, jobbtrening og kreative prosjekter kan du pr\u00f8ve nye ting, l\u00e6re og bygge nettverk og muligheter for framtida.<\/p>\n\n\n\n<p><a href=\"https:\/\/kirkensbymisjon.no\/tilbud-kudos\/hva-vi-tilbyr\/\">Les mer om hva vi tilbyr<\/a>.<\/p>\n<\/div><\/div>\n\n\n\t<div class=\"alignwide wp-block-kbm-link-list\">\n\t\t<div class=\"kbm-link-list__items\">\n\t\t\t\n<div class=\"wp-block-kbm-link-list-item\">\t<svg xmlns=\"http:\/\/www.w3.org\/2000\/svg\" viewBox=\"0 0 48 48\" height=\"24\" width=\"24\" class=\"t2-icon t2-icon-heart\" aria-hidden=\"true\" focusable=\"false\"><path d=\"M12.608 7.169c-1.695.306-3.132.959-4.579 2.081-1.894 1.468-3.293 3.755-3.79 6.194-.689 3.382.232 7.499 2.57 11.489 2.339 3.991 6.459 8.359 11.511 12.202 1.924 1.463 5.432 3.825 5.682 3.825.244 0 3.789-2.389 5.678-3.826 3.507-2.666 6.767-5.781 9.058-8.654 4.107-5.151 5.927-10.598 5.023-15.036-.867-4.255-4.231-7.559-8.431-8.282-.908-.156-2.546-.157-3.46-.001-3.228.55-6.151 2.758-7.548 5.699-.151.319-.296.58-.32.58-.025 0-.212-.333-.416-.74-1.452-2.905-4.266-4.995-7.456-5.539-.885-.151-2.667-.147-3.522.008\"\/><\/svg>\t<div class=\"kbm-link-list-item__content\">\n\t\t<p class=\"kbm-link-list-item__title\">\u00c5pen og inkluderende<\/p>\n\t\t\t\t\t<p class=\"kbm-link-list-item__description\">Vi skaper arenaer der all ungdom er velkommen, uavhengig av bakgrunn, gruppetilh\u00f8righet eller prestasjoner. <\/p>\n\t\t\t<\/div>\n\t<\/div>\n\n<div class=\"wp-block-kbm-link-list-item\">\t<svg xmlns=\"http:\/\/www.w3.org\/2000\/svg\" viewBox=\"0 0 48 48\" height=\"24\" width=\"24\" class=\"t2-icon t2-icon-training\" aria-hidden=\"true\" focusable=\"false\"><path d=\"M35.6 4.126c-3.41.481-6.585 1.803-9.071 3.777-.736.584-1.97 1.815-2.582 2.577-.809 1.006-2.803 4.024-3.723 5.636-1.546 2.708-3.41 6.521-4.402 9.003a35.19 35.19 0 0 1-.991 2.178C13.137 30.681 11.222 35.365 9.639 40c-.744 2.18-.784 2.548-.368 3.393.655 1.332 2.212 1.956 3.413 1.368.673-.329.889-.688 1.516-2.517 1.425-4.162 3.96-10.521 4.125-10.348.033.035.553 1.162 1.155 2.504 2.764 6.158 4.24 9.187 4.684 9.612.591.565 1.579.696 2.425.321.555-.245 1.192-.889 1.451-1.467.194-.432.215-.56.183-1.108-.034-.601-.067-.685-1.12-2.889-2.068-4.328-4.619-9.984-4.566-10.124.024-.064.161-.082.41-.055.267.03 1.229-.121 3.373-.528 1.65-.314 3.586-.681 4.303-.816.883-.167 1.383-.301 1.553-.416.421-.287.693-.699.832-1.261.121-.493.121-.577-.004-1.2-.441-2.186-1.46-3.994-3.372-5.982-.675-.702-1.038-1.15-1.198-1.477-.267-.547-.824-1.194-1.709-1.985l-.63-.563.235-.371c.935-1.479 2.502-2.982 4.128-3.96 1.723-1.037 4.062-1.784 6.422-2.051.418-.047.911-.141 1.095-.208 1.19-.432 1.377-2.103.356-3.179-.618-.651-1.234-.779-2.731-.567m-4.248 7.093a3.5 3.5 0 0 0-2.163 2.238c-.133.44-.161.701-.134 1.262.029.616.071.783.33 1.306.513 1.038 1.425 1.708 2.602 1.909 2.253.387 4.329-1.698 3.946-3.96-.197-1.165-.869-2.076-1.911-2.591-.551-.272-.672-.3-1.373-.323-.64-.021-.858.006-1.297.159M27.283 21.88c.481.567 1.159 1.625 1.087 1.697-.042.042-3.566.739-3.752.742-.096.002.823-1.332 1.51-2.192.34-.424.647-.762.682-.749.036.012.248.238.473.502\"\/><\/svg>\t<div class=\"kbm-link-list-item__content\">\n\t\t<p class=\"kbm-link-list-item__title\">En mer aktiv hverdag<\/p>\n\t\t\t\t\t<p class=\"kbm-link-list-item__description\">Vi har en visjon om at alle ungdommer skal ha mulighet til en aktiv hverdag uten en prislapp som ekskluderer fra deltakelse.<\/p>\n\t\t\t<\/div>\n\t<\/div>\n\n<div class=\"wp-block-kbm-link-list-item\">\t<svg xmlns=\"http:\/\/www.w3.org\/2000\/svg\" viewBox=\"0 0 48 48\" height=\"24\" width=\"24\" class=\"t2-icon t2-icon-citiesnetwork\" aria-hidden=\"true\" focusable=\"false\"><path d=\"M8.566 3.127c-.986.193-2.254.801-3.062 1.467-1.357 1.12-2.245 2.768-2.464 4.572-.191 1.574.278 3.37 1.228 4.702.456.638 1.41 1.542 2.019 1.912 1.124.683 2.541 1.056 3.821 1.007l.721-.027 2.821 7.758c1.552 4.266 2.814 7.76 2.806 7.763-.146.05-1.044.814-1.366 1.162-1.208 1.305-1.811 2.871-1.809 4.702.002 3.131 2.144 5.855 5.239 6.661.903.235 2.235.238 3.184.007 3.171-.773 5.341-3.522 5.335-6.76-.003-1.135-.264-2.155-.819-3.199l-.248-.465 4.208-4.209 4.209-4.208.486.259c2.113 1.126 4.746 1.063 6.774-.163 2.257-1.364 3.603-4.046 3.314-6.603-.421-3.719-3.532-6.371-7.225-6.161-1.072.061-1.685.223-2.658.704-1.135.56-2.045 1.34-2.68 2.297l-.12.181-7.753-2.708-7.754-2.707-.013-1.156c-.011-.922-.05-1.284-.193-1.795-.697-2.493-2.753-4.442-5.224-4.953-.664-.137-2.172-.159-2.777-.04M31.235 20.28c.029 1.204.246 2.079.757 3.053l.301.575-4.207 4.197-4.206 4.196-.6-.312c-1.049-.546-2.476-.853-3.52-.756l-.52.049-2.827-7.78-2.827-7.779.184-.122c.435-.285 1.181-.974 1.493-1.379l.337-.437 7.804 2.728 7.805 2.727.026 1.04\"\/><\/svg>\t<div class=\"kbm-link-list-item__content\">\n\t\t<p class=\"kbm-link-list-item__title\">Fellesskap<\/p>\n\t\t\t\t\t<p class=\"kbm-link-list-item__description\">Hos oss kan ungdom finne et fellesskap i trygge omgivelser.<\/p>\n\t\t\t<\/div>\n\t<\/div>\n\t\t<\/div>\n\t<\/div>\n\t","protected":false},"excerpt":{"rendered":"<p>Velkommen til Kudos Velkommen til\u00a0Kudos \u2013 mulighetens hus for ungdom i Kristiansand. Hos oss finner&hellip;<\/p>\n","protected":false},"author":5,"featured_media":0,"parent":0,"menu_order":0,"comment_status":"closed","ping_status":"closed","template":"","meta":{"_relevanssi_hide_post":"","_relevanssi_hide_content":"","_relevanssi_pin_for_all":"","_relevanssi_pin_keywords":"","_relevanssi_unpin_keywords":"","_relevanssi_related_keywords":"","_relevanssi_related_include_ids":"","_relevanssi_related_exclude_ids":"","_relevanssi_related_no_append":"","_relevanssi_related_not_related":"","_relevanssi_related_posts":"1","_relevanssi_noindex_reason":"","editor_notices":[],"footnotes":""},"class_list":["post-3","page","type-page","status-publish","hentry"],"yoast_head":"<!-- This site is optimized with the Yoast SEO Premium plugin v27.2 (Yoast SEO v27.2) - https:\/\/yoast.com\/product\/yoast-seo-premium-wordpress\/ -->\n<title>Kirkens Bymisjon - Kudos<\/title>\n<meta name=\"description\" content=\"M\u00f8teplass med kaf\u00e9 for ungdom i Kristiansand. Vi skaper arenaer som er \u00e5pne og inkluderende for alle, og har en rekke aktiviteter.\" \/>\n<meta name=\"robots\" content=\"index, follow, max-snippet:-1, max-image-preview:large, max-video-preview:-1\" \/>\n<link rel=\"canonical\" href=\"https:\/\/kirkensbymisjon.no\/tilbud-kudos\/\" \/>\n<meta property=\"og:locale\" content=\"nb_NO\" \/>\n<meta property=\"og:type\" content=\"article\" \/>\n<meta property=\"og:title\" content=\"Kirkens Bymisjon - Kudos\" \/>\n<meta property=\"og:description\" content=\"M\u00f8teplass med kaf\u00e9 for ungdom i Kristiansand. Vi skaper arenaer som er \u00e5pne og inkluderende for alle, og har en rekke aktiviteter.\" \/>\n<meta property=\"og:url\" content=\"https:\/\/kirkensbymisjon.no\/tilbud-kudos\/\" \/>\n<meta property=\"og:site_name\" content=\"Kudos\" \/>\n<meta property=\"article:modified_time\" content=\"2026-02-06T10:34:52+00:00\" \/>\n<meta property=\"og:image\" content=\"https:\/\/kirkensbymisjon.no\/content\/uploads\/sites\/98\/2024\/06\/Tilbud_Kudos_01.jpeg\" \/>\n\t<meta property=\"og:image:width\" content=\"1000\" \/>\n\t<meta property=\"og:image:height\" content=\"500\" \/>\n\t<meta property=\"og:image:type\" content=\"image\/jpeg\" \/>\n<meta name=\"twitter:card\" content=\"summary_large_image\" \/>\n<meta name=\"twitter:title\" content=\"Forside\" \/>\n<meta name=\"twitter:label1\" content=\"Ansl. lesetid\" \/>\n\t<meta name=\"twitter:data1\" content=\"1 minutt\" \/>\n<script type=\"application\/ld+json\" class=\"yoast-schema-graph\">{\"@context\":\"https:\/\/schema.org\",\"@graph\":[{\"@type\":\"WebPage\",\"@id\":\"https:\/\/kirkensbymisjon.no\/tilbud-kudos\/\",\"url\":\"https:\/\/kirkensbymisjon.no\/tilbud-kudos\/\",\"name\":\"Kirkens Bymisjon - Kudos\",\"isPartOf\":{\"@id\":\"https:\/\/kirkensbymisjon.no\/tilbud-kudos\/#website\"},\"primaryImageOfPage\":{\"@id\":\"https:\/\/kirkensbymisjon.no\/tilbud-kudos\/#primaryimage\"},\"image\":{\"@id\":\"https:\/\/kirkensbymisjon.no\/tilbud-kudos\/#primaryimage\"},\"thumbnailUrl\":\"https:\/\/kirkensbymisjon.no\/content\/uploads\/sites\/98\/2024\/08\/tilbud_kudos_02-1-1024x682.jpg\",\"datePublished\":\"2024-06-26T21:50:54+00:00\",\"dateModified\":\"2026-02-06T10:34:52+00:00\",\"description\":\"M\u00f8teplass med kaf\u00e9 for ungdom i Kristiansand. Vi skaper arenaer som er \u00e5pne og inkluderende for alle, og har en rekke aktiviteter.\",\"breadcrumb\":{\"@id\":\"https:\/\/kirkensbymisjon.no\/tilbud-kudos\/#breadcrumb\"},\"inLanguage\":\"nb-NO\",\"potentialAction\":[{\"@type\":\"ReadAction\",\"target\":[\"https:\/\/kirkensbymisjon.no\/tilbud-kudos\/\"]}]},{\"@type\":\"ImageObject\",\"inLanguage\":\"nb-NO\",\"@id\":\"https:\/\/kirkensbymisjon.no\/tilbud-kudos\/#primaryimage\",\"url\":\"https:\/\/kirkensbymisjon.no\/content\/uploads\/sites\/98\/2024\/08\/tilbud_kudos_02-1-1024x682.jpg\",\"contentUrl\":\"https:\/\/kirkensbymisjon.no\/content\/uploads\/sites\/98\/2024\/08\/tilbud_kudos_02-1-1024x682.jpg\"},{\"@type\":\"BreadcrumbList\",\"@id\":\"https:\/\/kirkensbymisjon.no\/tilbud-kudos\/#breadcrumb\",\"itemListElement\":[{\"@type\":\"ListItem\",\"position\":1,\"name\":\"Hjem\",\"item\":\"https:\/\/kirkensbymisjon.no\/tilbud-kudos\/\"},{\"@type\":\"ListItem\",\"position\":2,\"name\":\"Forside\"}]},{\"@type\":\"WebSite\",\"@id\":\"https:\/\/kirkensbymisjon.no\/tilbud-kudos\/#website\",\"url\":\"https:\/\/kirkensbymisjon.no\/tilbud-kudos\/\",\"name\":\"Kudos\",\"description\":\"\",\"potentialAction\":[{\"@type\":\"SearchAction\",\"target\":{\"@type\":\"EntryPoint\",\"urlTemplate\":\"https:\/\/kirkensbymisjon.no\/tilbud-kudos\/?s={search_term_string}\"},\"query-input\":{\"@type\":\"PropertyValueSpecification\",\"valueRequired\":true,\"valueName\":\"search_term_string\"}}],\"inLanguage\":\"nb-NO\"}]}<\/script>\n<!-- \/ Yoast SEO Premium plugin. -->","yoast_head_json":{"title":"Kirkens Bymisjon - Kudos","description":"M\u00f8teplass med kaf\u00e9 for ungdom i Kristiansand. Vi skaper arenaer som er \u00e5pne og inkluderende for alle, og har en rekke aktiviteter.","robots":{"index":"index","follow":"follow","max-snippet":"max-snippet:-1","max-image-preview":"max-image-preview:large","max-video-preview":"max-video-preview:-1"},"canonical":"https:\/\/kirkensbymisjon.no\/tilbud-kudos\/","og_locale":"nb_NO","og_type":"article","og_title":"Kirkens Bymisjon - Kudos","og_description":"M\u00f8teplass med kaf\u00e9 for ungdom i Kristiansand. Vi skaper arenaer som er \u00e5pne og inkluderende for alle, og har en rekke aktiviteter.","og_url":"https:\/\/kirkensbymisjon.no\/tilbud-kudos\/","og_site_name":"Kudos","article_modified_time":"2026-02-06T10:34:52+00:00","og_image":[{"width":1000,"height":500,"url":"https:\/\/kirkensbymisjon.no\/content\/uploads\/sites\/98\/2024\/06\/Tilbud_Kudos_01.jpeg","type":"image\/jpeg"}],"twitter_card":"summary_large_image","twitter_title":"Forside","twitter_misc":{"Ansl. lesetid":"1 minutt"},"schema":{"@context":"https:\/\/schema.org","@graph":[{"@type":"WebPage","@id":"https:\/\/kirkensbymisjon.no\/tilbud-kudos\/","url":"https:\/\/kirkensbymisjon.no\/tilbud-kudos\/","name":"Kirkens Bymisjon - Kudos","isPartOf":{"@id":"https:\/\/kirkensbymisjon.no\/tilbud-kudos\/#website"},"primaryImageOfPage":{"@id":"https:\/\/kirkensbymisjon.no\/tilbud-kudos\/#primaryimage"},"image":{"@id":"https:\/\/kirkensbymisjon.no\/tilbud-kudos\/#primaryimage"},"thumbnailUrl":"https:\/\/kirkensbymisjon.no\/content\/uploads\/sites\/98\/2024\/08\/tilbud_kudos_02-1-1024x682.jpg","datePublished":"2024-06-26T21:50:54+00:00","dateModified":"2026-02-06T10:34:52+00:00","description":"M\u00f8teplass med kaf\u00e9 for ungdom i Kristiansand. Vi skaper arenaer som er \u00e5pne og inkluderende for alle, og har en rekke aktiviteter.","breadcrumb":{"@id":"https:\/\/kirkensbymisjon.no\/tilbud-kudos\/#breadcrumb"},"inLanguage":"nb-NO","potentialAction":[{"@type":"ReadAction","target":["https:\/\/kirkensbymisjon.no\/tilbud-kudos\/"]}]},{"@type":"ImageObject","inLanguage":"nb-NO","@id":"https:\/\/kirkensbymisjon.no\/tilbud-kudos\/#primaryimage","url":"https:\/\/kirkensbymisjon.no\/content\/uploads\/sites\/98\/2024\/08\/tilbud_kudos_02-1-1024x682.jpg","contentUrl":"https:\/\/kirkensbymisjon.no\/content\/uploads\/sites\/98\/2024\/08\/tilbud_kudos_02-1-1024x682.jpg"},{"@type":"BreadcrumbList","@id":"https:\/\/kirkensbymisjon.no\/tilbud-kudos\/#breadcrumb","itemListElement":[{"@type":"ListItem","position":1,"name":"Hjem","item":"https:\/\/kirkensbymisjon.no\/tilbud-kudos\/"},{"@type":"ListItem","position":2,"name":"Forside"}]},{"@type":"WebSite","@id":"https:\/\/kirkensbymisjon.no\/tilbud-kudos\/#website","url":"https:\/\/kirkensbymisjon.no\/tilbud-kudos\/","name":"Kudos","description":"","potentialAction":[{"@type":"SearchAction","target":{"@type":"EntryPoint","urlTemplate":"https:\/\/kirkensbymisjon.no\/tilbud-kudos\/?s={search_term_string}"},"query-input":{"@type":"PropertyValueSpecification","valueRequired":true,"valueName":"search_term_string"}}],"inLanguage":"nb-NO"}]}},"_links":{"self":[{"href":"https:\/\/kirkensbymisjon.no\/tilbud-kudos\/wp-json\/wp\/v2\/pages\/3","targetHints":{"allow":["GET"]}}],"collection":[{"href":"https:\/\/kirkensbymisjon.no\/tilbud-kudos\/wp-json\/wp\/v2\/pages"}],"about":[{"href":"https:\/\/kirkensbymisjon.no\/tilbud-kudos\/wp-json\/wp\/v2\/types\/page"}],"author":[{"embeddable":true,"href":"https:\/\/kirkensbymisjon.no\/tilbud-kudos\/wp-json\/wp\/v2\/users\/5"}],"replies":[{"embeddable":true,"href":"https:\/\/kirkensbymisjon.no\/tilbud-kudos\/wp-json\/wp\/v2\/comments?post=3"}],"version-history":[{"count":4,"href":"https:\/\/kirkensbymisjon.no\/tilbud-kudos\/wp-json\/wp\/v2\/pages\/3\/revisions"}],"predecessor-version":[{"id":120,"href":"https:\/\/kirkensbymisjon.no\/tilbud-kudos\/wp-json\/wp\/v2\/pages\/3\/revisions\/120"}],"wp:attachment":[{"href":"https:\/\/kirkensbymisjon.no\/tilbud-kudos\/wp-json\/wp\/v2\/media?parent=3"}],"curies":[{"name":"wp","href":"https:\/\/api.w.org\/{rel}","templated":true}]}}