{"id":10,"date":"2024-07-24T12:16:30","date_gmt":"2024-07-24T10:16:30","guid":{"rendered":"https:\/\/kirkensbymisjon.no\/tilbud-kvartal-xiii\/?page_id=10"},"modified":"2024-09-04T20:42:42","modified_gmt":"2024-09-04T18:42:42","slug":"leilighetene","status":"publish","type":"page","link":"https:\/\/kirkensbymisjon.no\/tilbud-kvartal-xiii\/leilighetene\/","title":{"rendered":"Leilighetene"},"content":{"rendered":"\n<h2 class=\"wp-block-heading\" id=\"h-leilighetene-vare\">Leilighetene v\u00e5re<\/h2>\n\n\n\n<p><strong>Kvartal XIII er en leieg\u00e5rd med to oppganger der vi tilbyr leiligheter i ulike st\u00f8rrelser.&nbsp;<\/strong><\/p>\n\n\n\n<ul class=\"wp-block-list\">\n<li>Vi disponerer 20 boliger, hvorav en er tilpasset rullestolbrukere.<\/li>\n\n\n\n<li>Leilighetene leies ut um\u00f8blert, men alle har kj\u00f8kken med kj\u00f8leskap, komfyr og oppvaskmaskin.<\/li>\n\n\n\n<li>Alle leilighetene i Kvartal XIII er regulert av en vanlig husleiekontrakt. Dette er en avtale mellom deg og Kirkens Bymisjon og forutsetter at beboer mottar tjenester fra tiltaket.<\/li>\n\n\n\n<li>Pris for leie vil variere etter st\u00f8rrelse p\u00e5 boligen.<\/li>\n\n\n\n<li>Husleien inkluderer trappevask og tilgang til internett og TV via Telia.<\/li>\n\n\n\n<li>I tillegg til leilighetene disponerer du egen bod og har tilgang til vaskekjeller.<\/li>\n<\/ul>\n\n\n\t<div class=\"alignfull wp-block-kbm-gallery\" data-scroll=\"1\">\n\t\t<div class=\"kbm-gallery__scroll\">\n\t\t\t<div class=\"kbm-gallery__wrapper\">\n\t\t\t\t\n\n<figure class=\"wp-block-gallery has-nested-images columns-default is-cropped wp-block-gallery-1 is-layout-flex wp-block-gallery-is-layout-flex\">\n<figure class=\"wp-block-image size-large\"><img loading=\"lazy\" decoding=\"async\" width=\"1024\" height=\"683\" data-id=\"22\" src=\"https:\/\/kirkensbymisjon.no\/content\/uploads\/sites\/34\/2024\/08\/Tilbud_Kvartal-XIII_02-1024x683.jpg\" alt=\"Egen leilighet i oppgangen der ansatte kan kontaktes\" class=\"wp-image-22\" srcset=\"https:\/\/kirkensbymisjon.no\/content\/uploads\/sites\/34\/2024\/08\/Tilbud_Kvartal-XIII_02-1024x683.jpg 1024w, https:\/\/kirkensbymisjon.no\/content\/uploads\/sites\/34\/2024\/08\/Tilbud_Kvartal-XIII_02-300x200.jpg 300w, https:\/\/kirkensbymisjon.no\/content\/uploads\/sites\/34\/2024\/08\/Tilbud_Kvartal-XIII_02-768x512.jpg 768w, https:\/\/kirkensbymisjon.no\/content\/uploads\/sites\/34\/2024\/08\/Tilbud_Kvartal-XIII_02.jpg 1440w\" sizes=\"auto, (max-width: 1024px) 100vw, 1024px\" \/><figcaption class=\"wp-element-caption\">I den ene oppgangen har vi en egen leilighet. Her kan ansatte kontaktes, eller du kan komme innom for \u00e5 ta en kopp kaffe, lese aviser eller sl\u00e5 av en prat. <\/figcaption><\/figure>\n\n\n\n<figure class=\"wp-block-image size-large\"><img loading=\"lazy\" decoding=\"async\" width=\"1024\" height=\"683\" data-id=\"24\" src=\"https:\/\/kirkensbymisjon.no\/content\/uploads\/sites\/34\/2024\/08\/Tilbud_Kvartal-XIII_04-1024x683.jpg\" alt=\"Um\u00f8blert leilighet med kj\u00f8kken\" class=\"wp-image-24\" srcset=\"https:\/\/kirkensbymisjon.no\/content\/uploads\/sites\/34\/2024\/08\/Tilbud_Kvartal-XIII_04-1024x683.jpg 1024w, https:\/\/kirkensbymisjon.no\/content\/uploads\/sites\/34\/2024\/08\/Tilbud_Kvartal-XIII_04-300x200.jpg 300w, https:\/\/kirkensbymisjon.no\/content\/uploads\/sites\/34\/2024\/08\/Tilbud_Kvartal-XIII_04-768x512.jpg 768w, https:\/\/kirkensbymisjon.no\/content\/uploads\/sites\/34\/2024\/08\/Tilbud_Kvartal-XIII_04.jpg 1440w\" sizes=\"auto, (max-width: 1024px) 100vw, 1024px\" \/><figcaption class=\"wp-element-caption\">Alle leilighetene er um\u00f8blerte, men har kj\u00f8kken med kj\u00f8leskap, komfyr og oppvaskmaskin.<\/figcaption><\/figure>\n\n\n\n<figure class=\"wp-block-image size-large\"><img loading=\"lazy\" decoding=\"async\" width=\"1024\" height=\"599\" data-id=\"23\" src=\"https:\/\/kirkensbymisjon.no\/content\/uploads\/sites\/34\/2024\/08\/Tilbud_Kvartal-XIII_03-1024x599.jpg\" alt=\"Felles leilighet der beboere kan samles til m\u00e5ltider og samv\u00e6r\" class=\"wp-image-23\" srcset=\"https:\/\/kirkensbymisjon.no\/content\/uploads\/sites\/34\/2024\/08\/Tilbud_Kvartal-XIII_03-1024x599.jpg 1024w, https:\/\/kirkensbymisjon.no\/content\/uploads\/sites\/34\/2024\/08\/Tilbud_Kvartal-XIII_03-300x176.jpg 300w, https:\/\/kirkensbymisjon.no\/content\/uploads\/sites\/34\/2024\/08\/Tilbud_Kvartal-XIII_03-768x450.jpg 768w, https:\/\/kirkensbymisjon.no\/content\/uploads\/sites\/34\/2024\/08\/Tilbud_Kvartal-XIII_03.jpg 1440w\" sizes=\"auto, (max-width: 1024px) 100vw, 1024px\" \/><figcaption class=\"wp-element-caption\">I leiligheten vi disponerer, kan alle beboerne samles til felles m\u00e5ltider, eller m\u00f8tes til annet uformelt samv\u00e6r.<\/figcaption><\/figure>\n\n\n\n<figure class=\"wp-block-image size-large\"><img loading=\"lazy\" decoding=\"async\" width=\"1024\" height=\"683\" data-id=\"25\" src=\"https:\/\/kirkensbymisjon.no\/content\/uploads\/sites\/34\/2024\/08\/Tilbud_Kvartal-XIII_05-1024x683.jpg\" alt=\"Utsiden av bygget.\" class=\"wp-image-25\" srcset=\"https:\/\/kirkensbymisjon.no\/content\/uploads\/sites\/34\/2024\/08\/Tilbud_Kvartal-XIII_05-1024x683.jpg 1024w, https:\/\/kirkensbymisjon.no\/content\/uploads\/sites\/34\/2024\/08\/Tilbud_Kvartal-XIII_05-300x200.jpg 300w, https:\/\/kirkensbymisjon.no\/content\/uploads\/sites\/34\/2024\/08\/Tilbud_Kvartal-XIII_05-768x512.jpg 768w, https:\/\/kirkensbymisjon.no\/content\/uploads\/sites\/34\/2024\/08\/Tilbud_Kvartal-XIII_05.jpg 1440w\" sizes=\"auto, (max-width: 1024px) 100vw, 1024px\" \/><figcaption class=\"wp-element-caption\">Alle leilighetene i Kvartal XIII er regulert av en vanlig husleiekontrakt. M\u00e5let er at du skal f\u00e5 en varig bolig.<\/figcaption><\/figure>\n\n\n\n<figure class=\"wp-block-image size-large\"><img loading=\"lazy\" decoding=\"async\" width=\"1024\" height=\"683\" data-id=\"26\" src=\"https:\/\/kirkensbymisjon.no\/content\/uploads\/sites\/34\/2024\/08\/Tilbud_Kvartal-XIII_06-1024x683.jpg\" alt=\"D\u00f8rskiltet til Kvartal XIII\" class=\"wp-image-26\" srcset=\"https:\/\/kirkensbymisjon.no\/content\/uploads\/sites\/34\/2024\/08\/Tilbud_Kvartal-XIII_06-1024x683.jpg 1024w, https:\/\/kirkensbymisjon.no\/content\/uploads\/sites\/34\/2024\/08\/Tilbud_Kvartal-XIII_06-300x200.jpg 300w, https:\/\/kirkensbymisjon.no\/content\/uploads\/sites\/34\/2024\/08\/Tilbud_Kvartal-XIII_06-768x512.jpg 768w, https:\/\/kirkensbymisjon.no\/content\/uploads\/sites\/34\/2024\/08\/Tilbud_Kvartal-XIII_06.jpg 1440w\" sizes=\"auto, (max-width: 1024px) 100vw, 1024px\" \/><figcaption class=\"wp-element-caption\">Kvartal XIII finner du p\u00e5 Sinsen i Oslo.<\/figcaption><\/figure>\n<\/figure>\n\n\t\t\t<\/div>\n\t\t<\/div>\n\t<\/div>\n\t","protected":false},"excerpt":{"rendered":"<p>Leilighetene v\u00e5re Kvartal XIII er en leieg\u00e5rd med to oppganger der vi tilbyr leiligheter i&hellip;<\/p>\n","protected":false},"author":6,"featured_media":0,"parent":0,"menu_order":0,"comment_status":"closed","ping_status":"closed","template":"","meta":{"_relevanssi_hide_post":"","_relevanssi_hide_content":"","_relevanssi_pin_for_all":"","_relevanssi_pin_keywords":"","_relevanssi_unpin_keywords":"","_relevanssi_related_keywords":"","_relevanssi_related_include_ids":"","_relevanssi_related_exclude_ids":"","_relevanssi_related_no_append":"","_relevanssi_related_not_related":"","_relevanssi_related_posts":"1","_relevanssi_noindex_reason":"","editor_notices":[],"footnotes":""},"class_list":["post-10","page","type-page","status-publish","hentry"],"yoast_head":"<!-- This site is optimized with the Yoast SEO Premium plugin v27.2 (Yoast SEO v27.2) - https:\/\/yoast.com\/product\/yoast-seo-premium-wordpress\/ -->\n<title>Leilighetene - Kvartal XIII<\/title>\n<meta name=\"robots\" content=\"index, follow, max-snippet:-1, max-image-preview:large, max-video-preview:-1\" \/>\n<link rel=\"canonical\" href=\"https:\/\/kirkensbymisjon.no\/tilbud-kvartal-xiii\/leilighetene\/\" \/>\n<meta property=\"og:locale\" content=\"nb_NO\" \/>\n<meta property=\"og:type\" content=\"article\" \/>\n<meta property=\"og:title\" content=\"Leilighetene\" \/>\n<meta property=\"og:description\" content=\"Leilighetene v\u00e5re Kvartal XIII er en leieg\u00e5rd med to oppganger der vi tilbyr leiligheter i&hellip;\" \/>\n<meta property=\"og:url\" content=\"https:\/\/kirkensbymisjon.no\/tilbud-kvartal-xiii\/leilighetene\/\" \/>\n<meta property=\"og:site_name\" content=\"Kvartal XIII\" \/>\n<meta property=\"article:modified_time\" content=\"2024-09-04T18:42:42+00:00\" \/>\n<meta property=\"og:image\" content=\"https:\/\/kirkensbymisjon.no\/content\/uploads\/sites\/34\/2024\/08\/Tilbud_Kvartal-XIII_02-1024x683.jpg\" \/>\n<meta name=\"twitter:card\" content=\"summary_large_image\" \/>\n<meta name=\"twitter:label1\" content=\"Ansl. lesetid\" \/>\n\t<meta name=\"twitter:data1\" content=\"3 minutter\" \/>\n<script type=\"application\/ld+json\" class=\"yoast-schema-graph\">{\"@context\":\"https:\/\/schema.org\",\"@graph\":[{\"@type\":\"WebPage\",\"@id\":\"https:\/\/kirkensbymisjon.no\/tilbud-kvartal-xiii\/leilighetene\/\",\"url\":\"https:\/\/kirkensbymisjon.no\/tilbud-kvartal-xiii\/leilighetene\/\",\"name\":\"Leilighetene - Kvartal XIII\",\"isPartOf\":{\"@id\":\"https:\/\/kirkensbymisjon.no\/tilbud-kvartal-xiii\/#website\"},\"primaryImageOfPage\":{\"@id\":\"https:\/\/kirkensbymisjon.no\/tilbud-kvartal-xiii\/leilighetene\/#primaryimage\"},\"image\":{\"@id\":\"https:\/\/kirkensbymisjon.no\/tilbud-kvartal-xiii\/leilighetene\/#primaryimage\"},\"thumbnailUrl\":\"https:\/\/kirkensbymisjon.no\/content\/uploads\/sites\/34\/2024\/08\/Tilbud_Kvartal-XIII_02-1024x683.jpg\",\"datePublished\":\"2024-07-24T10:16:30+00:00\",\"dateModified\":\"2024-09-04T18:42:42+00:00\",\"breadcrumb\":{\"@id\":\"https:\/\/kirkensbymisjon.no\/tilbud-kvartal-xiii\/leilighetene\/#breadcrumb\"},\"inLanguage\":\"nb-NO\",\"potentialAction\":[{\"@type\":\"ReadAction\",\"target\":[\"https:\/\/kirkensbymisjon.no\/tilbud-kvartal-xiii\/leilighetene\/\"]}]},{\"@type\":\"ImageObject\",\"inLanguage\":\"nb-NO\",\"@id\":\"https:\/\/kirkensbymisjon.no\/tilbud-kvartal-xiii\/leilighetene\/#primaryimage\",\"url\":\"https:\/\/kirkensbymisjon.no\/content\/uploads\/sites\/34\/2024\/08\/Tilbud_Kvartal-XIII_02-1024x683.jpg\",\"contentUrl\":\"https:\/\/kirkensbymisjon.no\/content\/uploads\/sites\/34\/2024\/08\/Tilbud_Kvartal-XIII_02-1024x683.jpg\"},{\"@type\":\"BreadcrumbList\",\"@id\":\"https:\/\/kirkensbymisjon.no\/tilbud-kvartal-xiii\/leilighetene\/#breadcrumb\",\"itemListElement\":[{\"@type\":\"ListItem\",\"position\":1,\"name\":\"Hjem\",\"item\":\"https:\/\/kirkensbymisjon.no\/tilbud-kvartal-xiii\/\"},{\"@type\":\"ListItem\",\"position\":2,\"name\":\"Leilighetene\"}]},{\"@type\":\"WebSite\",\"@id\":\"https:\/\/kirkensbymisjon.no\/tilbud-kvartal-xiii\/#website\",\"url\":\"https:\/\/kirkensbymisjon.no\/tilbud-kvartal-xiii\/\",\"name\":\"Kvartal XIII\",\"description\":\"\",\"potentialAction\":[{\"@type\":\"SearchAction\",\"target\":{\"@type\":\"EntryPoint\",\"urlTemplate\":\"https:\/\/kirkensbymisjon.no\/tilbud-kvartal-xiii\/?s={search_term_string}\"},\"query-input\":{\"@type\":\"PropertyValueSpecification\",\"valueRequired\":true,\"valueName\":\"search_term_string\"}}],\"inLanguage\":\"nb-NO\"}]}<\/script>\n<!-- \/ Yoast SEO Premium plugin. -->","yoast_head_json":{"title":"Leilighetene - Kvartal XIII","robots":{"index":"index","follow":"follow","max-snippet":"max-snippet:-1","max-image-preview":"max-image-preview:large","max-video-preview":"max-video-preview:-1"},"canonical":"https:\/\/kirkensbymisjon.no\/tilbud-kvartal-xiii\/leilighetene\/","og_locale":"nb_NO","og_type":"article","og_title":"Leilighetene","og_description":"Leilighetene v\u00e5re Kvartal XIII er en leieg\u00e5rd med to oppganger der vi tilbyr leiligheter i&hellip;","og_url":"https:\/\/kirkensbymisjon.no\/tilbud-kvartal-xiii\/leilighetene\/","og_site_name":"Kvartal XIII","article_modified_time":"2024-09-04T18:42:42+00:00","og_image":[{"url":"https:\/\/kirkensbymisjon.no\/content\/uploads\/sites\/34\/2024\/08\/Tilbud_Kvartal-XIII_02-1024x683.jpg","type":"","width":"","height":""}],"twitter_card":"summary_large_image","twitter_misc":{"Ansl. lesetid":"3 minutter"},"schema":{"@context":"https:\/\/schema.org","@graph":[{"@type":"WebPage","@id":"https:\/\/kirkensbymisjon.no\/tilbud-kvartal-xiii\/leilighetene\/","url":"https:\/\/kirkensbymisjon.no\/tilbud-kvartal-xiii\/leilighetene\/","name":"Leilighetene - Kvartal XIII","isPartOf":{"@id":"https:\/\/kirkensbymisjon.no\/tilbud-kvartal-xiii\/#website"},"primaryImageOfPage":{"@id":"https:\/\/kirkensbymisjon.no\/tilbud-kvartal-xiii\/leilighetene\/#primaryimage"},"image":{"@id":"https:\/\/kirkensbymisjon.no\/tilbud-kvartal-xiii\/leilighetene\/#primaryimage"},"thumbnailUrl":"https:\/\/kirkensbymisjon.no\/content\/uploads\/sites\/34\/2024\/08\/Tilbud_Kvartal-XIII_02-1024x683.jpg","datePublished":"2024-07-24T10:16:30+00:00","dateModified":"2024-09-04T18:42:42+00:00","breadcrumb":{"@id":"https:\/\/kirkensbymisjon.no\/tilbud-kvartal-xiii\/leilighetene\/#breadcrumb"},"inLanguage":"nb-NO","potentialAction":[{"@type":"ReadAction","target":["https:\/\/kirkensbymisjon.no\/tilbud-kvartal-xiii\/leilighetene\/"]}]},{"@type":"ImageObject","inLanguage":"nb-NO","@id":"https:\/\/kirkensbymisjon.no\/tilbud-kvartal-xiii\/leilighetene\/#primaryimage","url":"https:\/\/kirkensbymisjon.no\/content\/uploads\/sites\/34\/2024\/08\/Tilbud_Kvartal-XIII_02-1024x683.jpg","contentUrl":"https:\/\/kirkensbymisjon.no\/content\/uploads\/sites\/34\/2024\/08\/Tilbud_Kvartal-XIII_02-1024x683.jpg"},{"@type":"BreadcrumbList","@id":"https:\/\/kirkensbymisjon.no\/tilbud-kvartal-xiii\/leilighetene\/#breadcrumb","itemListElement":[{"@type":"ListItem","position":1,"name":"Hjem","item":"https:\/\/kirkensbymisjon.no\/tilbud-kvartal-xiii\/"},{"@type":"ListItem","position":2,"name":"Leilighetene"}]},{"@type":"WebSite","@id":"https:\/\/kirkensbymisjon.no\/tilbud-kvartal-xiii\/#website","url":"https:\/\/kirkensbymisjon.no\/tilbud-kvartal-xiii\/","name":"Kvartal XIII","description":"","potentialAction":[{"@type":"SearchAction","target":{"@type":"EntryPoint","urlTemplate":"https:\/\/kirkensbymisjon.no\/tilbud-kvartal-xiii\/?s={search_term_string}"},"query-input":{"@type":"PropertyValueSpecification","valueRequired":true,"valueName":"search_term_string"}}],"inLanguage":"nb-NO"}]}},"_links":{"self":[{"href":"https:\/\/kirkensbymisjon.no\/tilbud-kvartal-xiii\/wp-json\/wp\/v2\/pages\/10","targetHints":{"allow":["GET"]}}],"collection":[{"href":"https:\/\/kirkensbymisjon.no\/tilbud-kvartal-xiii\/wp-json\/wp\/v2\/pages"}],"about":[{"href":"https:\/\/kirkensbymisjon.no\/tilbud-kvartal-xiii\/wp-json\/wp\/v2\/types\/page"}],"author":[{"embeddable":true,"href":"https:\/\/kirkensbymisjon.no\/tilbud-kvartal-xiii\/wp-json\/wp\/v2\/users\/6"}],"replies":[{"embeddable":true,"href":"https:\/\/kirkensbymisjon.no\/tilbud-kvartal-xiii\/wp-json\/wp\/v2\/comments?post=10"}],"version-history":[{"count":3,"href":"https:\/\/kirkensbymisjon.no\/tilbud-kvartal-xiii\/wp-json\/wp\/v2\/pages\/10\/revisions"}],"predecessor-version":[{"id":61,"href":"https:\/\/kirkensbymisjon.no\/tilbud-kvartal-xiii\/wp-json\/wp\/v2\/pages\/10\/revisions\/61"}],"wp:attachment":[{"href":"https:\/\/kirkensbymisjon.no\/tilbud-kvartal-xiii\/wp-json\/wp\/v2\/media?parent=10"}],"curies":[{"name":"wp","href":"https:\/\/api.w.org\/{rel}","templated":true}]}}