{"id":12,"date":"2024-07-24T12:16:52","date_gmt":"2024-07-24T10:16:52","guid":{"rendered":"https:\/\/kirkensbymisjon.no\/tilbud-kvartal-xiii\/?page_id=12"},"modified":"2024-08-21T23:36:21","modified_gmt":"2024-08-21T21:36:21","slug":"hva-vi-tilbyr","status":"publish","type":"page","link":"https:\/\/kirkensbymisjon.no\/tilbud-kvartal-xiii\/hva-vi-tilbyr\/","title":{"rendered":"Hva vi tilbyr"},"content":{"rendered":"\n<h2 class=\"wp-block-heading\" id=\"h-tilbudet-for-vare-beboere\">Tilbudet for v\u00e5re beboere<\/h2>\n\n\n\n<p><strong>I Kvartal XIII tilbyr vi aktiviteter og fellesskap n\u00e5r du selv \u00f8nsker det.<\/strong><\/p>\n\n\n\n<p>Vi har beboerm\u00f8ter gjennom \u00e5ret. Her tar vi opp aktuelle problemstillinger og planlegger aktiviteter. Aktivitetene vil variere med beboernes \u00f8nsker, og beboere og ansatte planlegger innhold og gjennomf\u00f8ringen av aktivitetene sammen.<\/p>\n\n\n\n<h3 class=\"wp-block-heading\" id=\"h-ferdigheter-fellesskap-og-positive-opplevelser\">Ferdigheter, fellesskap og positive opplevelser<\/h3>\n\n\n\n<p>Noen aktiviteter har som m\u00e5l om \u00e5 bidra til at du som beboer kan tilegne deg ferdigheter som kommer godt med n\u00e5r du bor alene, mens andre legger vekt p\u00e5 positive opplevelser og fellesskap i hverdagen.<\/p>\n\n\n\n<p>Vi er spesielt opptatt av fysisk aktivitet, med flere turer i uka, og har tilbud om trening ved treningssenter i n\u00e6rheten. Vi har en egen aktivitetsansvarlig som har oversikt over aktivitetstilbudet i nabolaget og i bydelene. Vi bist\u00e5r og st\u00f8tter deg til \u00e5 komme i gang med aktiviteter i regi av andre, eller tilrettelegger for tilpasset aktivitet hos oss.<\/p>\n\n\n\n<h3 class=\"wp-block-heading\" id=\"h-tilgjengelighet-og-samarbeid\">Tilgjengelighet og samarbeid<\/h3>\n\n\n\n<p>I den ene oppgangen har vi en egen leilighet. Her kan ansatte kontaktes, eller du kan komme innom for \u00e5 ta en kopp kaffe, lese aviser eller sl\u00e5 av en prat. Her kan vi ogs\u00e5 samles til felles m\u00e5ltider, eller m\u00f8tes til annet uformelt samv\u00e6r.<\/p>\n\n\n\n<h3 class=\"wp-block-heading\" id=\"h-bistand-ut-fra-ditt-behov\">Bistand ut fra ditt behov<\/h3>\n\n\n\n<p>I Kvartal XIII f\u00e5r du din egen prim\u00e6rkontakt. Sammen utarbeider dere en samarbeidsplan basert p\u00e5 dine forventninger og behov. Eksempler p\u00e5 dette kan v\u00e6re \u00f8konomisk veiledning eller bistand til dagligdagse gj\u00f8rem\u00e5l og aktiviteter. Prim\u00e6rkontakten kan ogs\u00e5 ta ansvar for \u00e5 koordinere dine ulike hjelpetilbud.<\/p>\n\n\n\n<p>Ansatte er tilgjengelig for beboerne p\u00e5 dag og kveld, enten ved faste avtaler eller ved behov. Du har ogs\u00e5 mulighet til \u00e5 kontakte oss om natten dersom det er n\u00f8dvendig.<\/p>\n\n\n\n<h3 class=\"wp-block-heading\" id=\"h-rusfrie-boliger\">Rusfrie boliger<\/h3>\n\n\n\n<p>Boligtilbudet hos oss er rusfritt. Du skal oppleve at det er trygt \u00e5 ferdes i fellesomr\u00e5der uten \u00e5 bli eksponert for personer som er rusp\u00e5virket.<\/p>\n\n\n\n<blockquote class=\"wp-block-quote is-layout-flow wp-block-quote-is-layout-flow\">\n<p>Jeg setter pris p\u00e5 \u00e5 bli utfordret p\u00e5 aktivitetene her, s\u00e6rlig turene ute. Det er ogs\u00e5 fint med fellesskapet rundt enkelte m\u00e5ltider. Og s\u00e5 er det veldig bra \u00e5 kunne flytte inn i nyoppusset leilighet med ny komfyr, oppvaskmaskin og kj\u00f8leskap.<\/p>\n<cite>Beboer<\/cite><\/blockquote>\n","protected":false},"excerpt":{"rendered":"<p>Tilbudet for v\u00e5re beboere I Kvartal XIII tilbyr vi aktiviteter og fellesskap n\u00e5r du selv&hellip;<\/p>\n","protected":false},"author":6,"featured_media":0,"parent":0,"menu_order":0,"comment_status":"closed","ping_status":"closed","template":"","meta":{"_relevanssi_hide_post":"","_relevanssi_hide_content":"","_relevanssi_pin_for_all":"","_relevanssi_pin_keywords":"","_relevanssi_unpin_keywords":"","_relevanssi_related_keywords":"","_relevanssi_related_include_ids":"","_relevanssi_related_exclude_ids":"","_relevanssi_related_no_append":"","_relevanssi_related_not_related":"","_relevanssi_related_posts":"1","_relevanssi_noindex_reason":"","editor_notices":[],"footnotes":""},"class_list":["post-12","page","type-page","status-publish","hentry"],"yoast_head":"<!-- This site is optimized with the Yoast SEO Premium plugin v27.2 (Yoast SEO v27.2) - https:\/\/yoast.com\/product\/yoast-seo-premium-wordpress\/ -->\n<title>Hva vi tilbyr - Kvartal XIII<\/title>\n<meta name=\"robots\" content=\"index, follow, max-snippet:-1, max-image-preview:large, max-video-preview:-1\" \/>\n<link rel=\"canonical\" href=\"https:\/\/kirkensbymisjon.no\/tilbud-kvartal-xiii\/hva-vi-tilbyr\/\" \/>\n<meta property=\"og:locale\" content=\"nb_NO\" \/>\n<meta property=\"og:type\" content=\"article\" \/>\n<meta property=\"og:title\" content=\"Hva vi tilbyr\" \/>\n<meta property=\"og:description\" content=\"Tilbudet for v\u00e5re beboere I Kvartal XIII tilbyr vi aktiviteter og fellesskap n\u00e5r du selv&hellip;\" \/>\n<meta property=\"og:url\" content=\"https:\/\/kirkensbymisjon.no\/tilbud-kvartal-xiii\/hva-vi-tilbyr\/\" \/>\n<meta property=\"og:site_name\" content=\"Kvartal XIII\" \/>\n<meta property=\"article:modified_time\" content=\"2024-08-21T21:36:21+00:00\" \/>\n<meta name=\"twitter:card\" content=\"summary_large_image\" \/>\n<meta name=\"twitter:label1\" content=\"Ansl. lesetid\" \/>\n\t<meta name=\"twitter:data1\" content=\"2 minutter\" \/>\n<script type=\"application\/ld+json\" class=\"yoast-schema-graph\">{\"@context\":\"https:\/\/schema.org\",\"@graph\":[{\"@type\":\"WebPage\",\"@id\":\"https:\/\/kirkensbymisjon.no\/tilbud-kvartal-xiii\/hva-vi-tilbyr\/\",\"url\":\"https:\/\/kirkensbymisjon.no\/tilbud-kvartal-xiii\/hva-vi-tilbyr\/\",\"name\":\"Hva vi tilbyr - Kvartal XIII\",\"isPartOf\":{\"@id\":\"https:\/\/kirkensbymisjon.no\/tilbud-kvartal-xiii\/#website\"},\"datePublished\":\"2024-07-24T10:16:52+00:00\",\"dateModified\":\"2024-08-21T21:36:21+00:00\",\"breadcrumb\":{\"@id\":\"https:\/\/kirkensbymisjon.no\/tilbud-kvartal-xiii\/hva-vi-tilbyr\/#breadcrumb\"},\"inLanguage\":\"nb-NO\",\"potentialAction\":[{\"@type\":\"ReadAction\",\"target\":[\"https:\/\/kirkensbymisjon.no\/tilbud-kvartal-xiii\/hva-vi-tilbyr\/\"]}]},{\"@type\":\"BreadcrumbList\",\"@id\":\"https:\/\/kirkensbymisjon.no\/tilbud-kvartal-xiii\/hva-vi-tilbyr\/#breadcrumb\",\"itemListElement\":[{\"@type\":\"ListItem\",\"position\":1,\"name\":\"Hjem\",\"item\":\"https:\/\/kirkensbymisjon.no\/tilbud-kvartal-xiii\/\"},{\"@type\":\"ListItem\",\"position\":2,\"name\":\"Hva vi tilbyr\"}]},{\"@type\":\"WebSite\",\"@id\":\"https:\/\/kirkensbymisjon.no\/tilbud-kvartal-xiii\/#website\",\"url\":\"https:\/\/kirkensbymisjon.no\/tilbud-kvartal-xiii\/\",\"name\":\"Kvartal XIII\",\"description\":\"\",\"potentialAction\":[{\"@type\":\"SearchAction\",\"target\":{\"@type\":\"EntryPoint\",\"urlTemplate\":\"https:\/\/kirkensbymisjon.no\/tilbud-kvartal-xiii\/?s={search_term_string}\"},\"query-input\":{\"@type\":\"PropertyValueSpecification\",\"valueRequired\":true,\"valueName\":\"search_term_string\"}}],\"inLanguage\":\"nb-NO\"}]}<\/script>\n<!-- \/ Yoast SEO Premium plugin. -->","yoast_head_json":{"title":"Hva vi tilbyr - Kvartal XIII","robots":{"index":"index","follow":"follow","max-snippet":"max-snippet:-1","max-image-preview":"max-image-preview:large","max-video-preview":"max-video-preview:-1"},"canonical":"https:\/\/kirkensbymisjon.no\/tilbud-kvartal-xiii\/hva-vi-tilbyr\/","og_locale":"nb_NO","og_type":"article","og_title":"Hva vi tilbyr","og_description":"Tilbudet for v\u00e5re beboere I Kvartal XIII tilbyr vi aktiviteter og fellesskap n\u00e5r du selv&hellip;","og_url":"https:\/\/kirkensbymisjon.no\/tilbud-kvartal-xiii\/hva-vi-tilbyr\/","og_site_name":"Kvartal XIII","article_modified_time":"2024-08-21T21:36:21+00:00","twitter_card":"summary_large_image","twitter_misc":{"Ansl. lesetid":"2 minutter"},"schema":{"@context":"https:\/\/schema.org","@graph":[{"@type":"WebPage","@id":"https:\/\/kirkensbymisjon.no\/tilbud-kvartal-xiii\/hva-vi-tilbyr\/","url":"https:\/\/kirkensbymisjon.no\/tilbud-kvartal-xiii\/hva-vi-tilbyr\/","name":"Hva vi tilbyr - Kvartal XIII","isPartOf":{"@id":"https:\/\/kirkensbymisjon.no\/tilbud-kvartal-xiii\/#website"},"datePublished":"2024-07-24T10:16:52+00:00","dateModified":"2024-08-21T21:36:21+00:00","breadcrumb":{"@id":"https:\/\/kirkensbymisjon.no\/tilbud-kvartal-xiii\/hva-vi-tilbyr\/#breadcrumb"},"inLanguage":"nb-NO","potentialAction":[{"@type":"ReadAction","target":["https:\/\/kirkensbymisjon.no\/tilbud-kvartal-xiii\/hva-vi-tilbyr\/"]}]},{"@type":"BreadcrumbList","@id":"https:\/\/kirkensbymisjon.no\/tilbud-kvartal-xiii\/hva-vi-tilbyr\/#breadcrumb","itemListElement":[{"@type":"ListItem","position":1,"name":"Hjem","item":"https:\/\/kirkensbymisjon.no\/tilbud-kvartal-xiii\/"},{"@type":"ListItem","position":2,"name":"Hva vi tilbyr"}]},{"@type":"WebSite","@id":"https:\/\/kirkensbymisjon.no\/tilbud-kvartal-xiii\/#website","url":"https:\/\/kirkensbymisjon.no\/tilbud-kvartal-xiii\/","name":"Kvartal XIII","description":"","potentialAction":[{"@type":"SearchAction","target":{"@type":"EntryPoint","urlTemplate":"https:\/\/kirkensbymisjon.no\/tilbud-kvartal-xiii\/?s={search_term_string}"},"query-input":{"@type":"PropertyValueSpecification","valueRequired":true,"valueName":"search_term_string"}}],"inLanguage":"nb-NO"}]}},"_links":{"self":[{"href":"https:\/\/kirkensbymisjon.no\/tilbud-kvartal-xiii\/wp-json\/wp\/v2\/pages\/12","targetHints":{"allow":["GET"]}}],"collection":[{"href":"https:\/\/kirkensbymisjon.no\/tilbud-kvartal-xiii\/wp-json\/wp\/v2\/pages"}],"about":[{"href":"https:\/\/kirkensbymisjon.no\/tilbud-kvartal-xiii\/wp-json\/wp\/v2\/types\/page"}],"author":[{"embeddable":true,"href":"https:\/\/kirkensbymisjon.no\/tilbud-kvartal-xiii\/wp-json\/wp\/v2\/users\/6"}],"replies":[{"embeddable":true,"href":"https:\/\/kirkensbymisjon.no\/tilbud-kvartal-xiii\/wp-json\/wp\/v2\/comments?post=12"}],"version-history":[{"count":3,"href":"https:\/\/kirkensbymisjon.no\/tilbud-kvartal-xiii\/wp-json\/wp\/v2\/pages\/12\/revisions"}],"predecessor-version":[{"id":49,"href":"https:\/\/kirkensbymisjon.no\/tilbud-kvartal-xiii\/wp-json\/wp\/v2\/pages\/12\/revisions\/49"}],"wp:attachment":[{"href":"https:\/\/kirkensbymisjon.no\/tilbud-kvartal-xiii\/wp-json\/wp\/v2\/media?parent=12"}],"curies":[{"name":"wp","href":"https:\/\/api.w.org\/{rel}","templated":true}]}}