{"id":14,"date":"2024-07-24T12:17:09","date_gmt":"2024-07-24T10:17:09","guid":{"rendered":"https:\/\/kirkensbymisjon.no\/tilbud-kvartal-xiii\/?page_id=14"},"modified":"2024-10-16T11:45:42","modified_gmt":"2024-10-16T09:45:42","slug":"bli-beboer","status":"publish","type":"page","link":"https:\/\/kirkensbymisjon.no\/tilbud-kvartal-xiii\/bli-beboer\/","title":{"rendered":"Bli beboer"},"content":{"rendered":"\n<h2 class=\"wp-block-heading\" id=\"h-for-deg-som-vil-bli-beboer\">For deg som vil bli beboer<\/h2>\n\n\n\n<p><strong>Vil du bo i en av v\u00e5re leiligheter? Her er prosessen videre.<\/strong><\/p>\n\n\n\n<p>Du og dine p\u00e5r\u00f8rende kan gjerne kontakte oss for \u00e5 f\u00e5 mer informasjon om Kvartal XIII.<\/p>\n\n\n\n<ul class=\"wp-block-list\">\n<li>Alle leilighetene i Kvartal XIII er regulert av en vanlig husleiekontrakt, og du kan bo over lengre tid dersom du har behov for det og mottar tjenester fra oss.<\/li>\n\n\n\n<li>Avtalen om tjenestetilbudet inng\u00e5s mellom Kvartal XIII og bydelen din.<br>Henvendelsesprosessen styres av et samarbeid mellom deg, bydelen din og oss.<\/li>\n\n\n\n<li>N\u00e5r vi har mottatt henvendelsen fra bydelen og vi er enige om at vi kan gi deg et godt tilbud, inviterer vi deg til en samtale og omvisning og du beslutter om du vil takke ja til tilbudet. Personalet fra Kvartal XIII kan bist\u00e5 deg i prosessen fram til innflytting.<\/li>\n<\/ul>\n\n\n\n<h3 class=\"wp-block-heading\" id=\"h-onsker-du-a-soke-deg-til-kvartal-xiii\"><strong>\u00d8nsker du \u00e5 s\u00f8ke deg til Kvartal XIII? <\/strong><\/h3>\n\n\n\n<p>Ta kontakt med inntaksansvarlig, <a href=\"https:\/\/kirkensbymisjon.no\/tilbud-kvartal-xiii\/kontaktinformasjon\/#kontaktpersoner\"><strong>S\u00f8lvi Orvik<\/strong><\/a>.<\/p>\n\n\n\t<div class=\"wp-block-kbm-byline\">\n\t\t\t\t\t<p class=\"kbm-byline__role\">Inntaksansvarlig<\/p>\n\t\t\t\t<p class=\"kbm-byline__name\">S\u00f8lvi Orvik<\/p>\n\t\t\t\t\t<ul>\n\t\t\t\t\t\t\t\t\t<li><a href=\"tel:47757018\">477 57 018<\/a><\/li>\n\t\t\t\t\t\t\t\t\t<li><a href=\"mailto:so&#108;&#118;i.&#111;rv&#105;&#107;&#064;&#098;y&#109;&#105;&#115;&#106;on&#046;&#110;o\">so&#108;&#118;i.&#111;rv&#105;&#107;&#064;&#098;y&#109;&#105;&#115;&#106;on&#046;&#110;o<\/a><\/li>\n\t\t\t\t\t\t\t<\/ul>\n\t\t\t<\/div>\n\t","protected":false},"excerpt":{"rendered":"<p>For deg som vil bli beboer Vil du bo i en av v\u00e5re leiligheter? Her&hellip;<\/p>\n","protected":false},"author":6,"featured_media":0,"parent":0,"menu_order":0,"comment_status":"closed","ping_status":"closed","template":"","meta":{"_relevanssi_hide_post":"","_relevanssi_hide_content":"","_relevanssi_pin_for_all":"","_relevanssi_pin_keywords":"","_relevanssi_unpin_keywords":"","_relevanssi_related_keywords":"","_relevanssi_related_include_ids":"","_relevanssi_related_exclude_ids":"","_relevanssi_related_no_append":"","_relevanssi_related_not_related":"","_relevanssi_related_posts":"1","_relevanssi_noindex_reason":"","editor_notices":[],"footnotes":""},"class_list":["post-14","page","type-page","status-publish","hentry"],"yoast_head":"<!-- This site is optimized with the Yoast SEO Premium plugin v27.2 (Yoast SEO v27.4) - https:\/\/yoast.com\/product\/yoast-seo-premium-wordpress\/ -->\n<title>Bli beboer - Kvartal XIII<\/title>\n<meta name=\"robots\" content=\"index, follow, max-snippet:-1, max-image-preview:large, max-video-preview:-1\" \/>\n<link rel=\"canonical\" href=\"https:\/\/kirkensbymisjon.no\/tilbud-kvartal-xiii\/bli-beboer\/\" \/>\n<meta property=\"og:locale\" content=\"nb_NO\" \/>\n<meta property=\"og:type\" content=\"article\" \/>\n<meta property=\"og:title\" content=\"Bli beboer\" \/>\n<meta property=\"og:description\" content=\"For deg som vil bli beboer Vil du bo i en av v\u00e5re leiligheter? Her&hellip;\" \/>\n<meta property=\"og:url\" content=\"https:\/\/kirkensbymisjon.no\/tilbud-kvartal-xiii\/bli-beboer\/\" \/>\n<meta property=\"og:site_name\" content=\"Kvartal XIII\" \/>\n<meta property=\"article:modified_time\" content=\"2024-10-16T09:45:42+00:00\" \/>\n<meta name=\"twitter:card\" content=\"summary_large_image\" \/>\n<meta name=\"twitter:label1\" content=\"Ansl. lesetid\" \/>\n\t<meta name=\"twitter:data1\" content=\"1 minutt\" \/>\n<script type=\"application\/ld+json\" class=\"yoast-schema-graph\">{\"@context\":\"https:\\\/\\\/schema.org\",\"@graph\":[{\"@type\":\"WebPage\",\"@id\":\"https:\\\/\\\/kirkensbymisjon.no\\\/tilbud-kvartal-xiii\\\/bli-beboer\\\/\",\"url\":\"https:\\\/\\\/kirkensbymisjon.no\\\/tilbud-kvartal-xiii\\\/bli-beboer\\\/\",\"name\":\"Bli beboer - Kvartal XIII\",\"isPartOf\":{\"@id\":\"https:\\\/\\\/kirkensbymisjon.no\\\/tilbud-kvartal-xiii\\\/#website\"},\"datePublished\":\"2024-07-24T10:17:09+00:00\",\"dateModified\":\"2024-10-16T09:45:42+00:00\",\"breadcrumb\":{\"@id\":\"https:\\\/\\\/kirkensbymisjon.no\\\/tilbud-kvartal-xiii\\\/bli-beboer\\\/#breadcrumb\"},\"inLanguage\":\"nb-NO\",\"potentialAction\":[{\"@type\":\"ReadAction\",\"target\":[\"https:\\\/\\\/kirkensbymisjon.no\\\/tilbud-kvartal-xiii\\\/bli-beboer\\\/\"]}]},{\"@type\":\"BreadcrumbList\",\"@id\":\"https:\\\/\\\/kirkensbymisjon.no\\\/tilbud-kvartal-xiii\\\/bli-beboer\\\/#breadcrumb\",\"itemListElement\":[{\"@type\":\"ListItem\",\"position\":1,\"name\":\"Hjem\",\"item\":\"https:\\\/\\\/kirkensbymisjon.no\\\/tilbud-kvartal-xiii\\\/\"},{\"@type\":\"ListItem\",\"position\":2,\"name\":\"Bli beboer\"}]},{\"@type\":\"WebSite\",\"@id\":\"https:\\\/\\\/kirkensbymisjon.no\\\/tilbud-kvartal-xiii\\\/#website\",\"url\":\"https:\\\/\\\/kirkensbymisjon.no\\\/tilbud-kvartal-xiii\\\/\",\"name\":\"Kvartal XIII\",\"description\":\"\",\"potentialAction\":[{\"@type\":\"SearchAction\",\"target\":{\"@type\":\"EntryPoint\",\"urlTemplate\":\"https:\\\/\\\/kirkensbymisjon.no\\\/tilbud-kvartal-xiii\\\/?s={search_term_string}\"},\"query-input\":{\"@type\":\"PropertyValueSpecification\",\"valueRequired\":true,\"valueName\":\"search_term_string\"}}],\"inLanguage\":\"nb-NO\"}]}<\/script>\n<!-- \/ Yoast SEO Premium plugin. -->","yoast_head_json":{"title":"Bli beboer - Kvartal XIII","robots":{"index":"index","follow":"follow","max-snippet":"max-snippet:-1","max-image-preview":"max-image-preview:large","max-video-preview":"max-video-preview:-1"},"canonical":"https:\/\/kirkensbymisjon.no\/tilbud-kvartal-xiii\/bli-beboer\/","og_locale":"nb_NO","og_type":"article","og_title":"Bli beboer","og_description":"For deg som vil bli beboer Vil du bo i en av v\u00e5re leiligheter? Her&hellip;","og_url":"https:\/\/kirkensbymisjon.no\/tilbud-kvartal-xiii\/bli-beboer\/","og_site_name":"Kvartal XIII","article_modified_time":"2024-10-16T09:45:42+00:00","twitter_card":"summary_large_image","twitter_misc":{"Ansl. lesetid":"1 minutt"},"schema":{"@context":"https:\/\/schema.org","@graph":[{"@type":"WebPage","@id":"https:\/\/kirkensbymisjon.no\/tilbud-kvartal-xiii\/bli-beboer\/","url":"https:\/\/kirkensbymisjon.no\/tilbud-kvartal-xiii\/bli-beboer\/","name":"Bli beboer - Kvartal XIII","isPartOf":{"@id":"https:\/\/kirkensbymisjon.no\/tilbud-kvartal-xiii\/#website"},"datePublished":"2024-07-24T10:17:09+00:00","dateModified":"2024-10-16T09:45:42+00:00","breadcrumb":{"@id":"https:\/\/kirkensbymisjon.no\/tilbud-kvartal-xiii\/bli-beboer\/#breadcrumb"},"inLanguage":"nb-NO","potentialAction":[{"@type":"ReadAction","target":["https:\/\/kirkensbymisjon.no\/tilbud-kvartal-xiii\/bli-beboer\/"]}]},{"@type":"BreadcrumbList","@id":"https:\/\/kirkensbymisjon.no\/tilbud-kvartal-xiii\/bli-beboer\/#breadcrumb","itemListElement":[{"@type":"ListItem","position":1,"name":"Hjem","item":"https:\/\/kirkensbymisjon.no\/tilbud-kvartal-xiii\/"},{"@type":"ListItem","position":2,"name":"Bli beboer"}]},{"@type":"WebSite","@id":"https:\/\/kirkensbymisjon.no\/tilbud-kvartal-xiii\/#website","url":"https:\/\/kirkensbymisjon.no\/tilbud-kvartal-xiii\/","name":"Kvartal XIII","description":"","potentialAction":[{"@type":"SearchAction","target":{"@type":"EntryPoint","urlTemplate":"https:\/\/kirkensbymisjon.no\/tilbud-kvartal-xiii\/?s={search_term_string}"},"query-input":{"@type":"PropertyValueSpecification","valueRequired":true,"valueName":"search_term_string"}}],"inLanguage":"nb-NO"}]}},"_links":{"self":[{"href":"https:\/\/kirkensbymisjon.no\/tilbud-kvartal-xiii\/wp-json\/wp\/v2\/pages\/14","targetHints":{"allow":["GET"]}}],"collection":[{"href":"https:\/\/kirkensbymisjon.no\/tilbud-kvartal-xiii\/wp-json\/wp\/v2\/pages"}],"about":[{"href":"https:\/\/kirkensbymisjon.no\/tilbud-kvartal-xiii\/wp-json\/wp\/v2\/types\/page"}],"author":[{"embeddable":true,"href":"https:\/\/kirkensbymisjon.no\/tilbud-kvartal-xiii\/wp-json\/wp\/v2\/users\/6"}],"replies":[{"embeddable":true,"href":"https:\/\/kirkensbymisjon.no\/tilbud-kvartal-xiii\/wp-json\/wp\/v2\/comments?post=14"}],"version-history":[{"count":4,"href":"https:\/\/kirkensbymisjon.no\/tilbud-kvartal-xiii\/wp-json\/wp\/v2\/pages\/14\/revisions"}],"predecessor-version":[{"id":71,"href":"https:\/\/kirkensbymisjon.no\/tilbud-kvartal-xiii\/wp-json\/wp\/v2\/pages\/14\/revisions\/71"}],"wp:attachment":[{"href":"https:\/\/kirkensbymisjon.no\/tilbud-kvartal-xiii\/wp-json\/wp\/v2\/media?parent=14"}],"curies":[{"name":"wp","href":"https:\/\/api.w.org\/{rel}","templated":true}]}}